{"id":228040,"date":"2025-02-19T05:05:13","date_gmt":"2025-02-19T03:05:13","guid":{"rendered":"https:\/\/espak.ee\/epood\/?post_type=product&#038;p=228040"},"modified":"2026-04-09T21:36:54","modified_gmt":"2026-04-09T18:36:54","slug":"toidukoi-feromoonpuunis-feroband-1tk","status":"publish","type":"product","link":"https:\/\/espak.ee\/epood\/toode\/toidukoi-feromoonpuunis-feroband-1tk\/","title":{"rendered":"TOIDUKOI FEROMOONP\u00dc\u00dcNIS FEROBAND 1TK"},"content":{"rendered":"<div class=\"row\"  id=\"row-2051759706\">\n\n\t<div id=\"col-674387752\" class=\"col medium-9 small-12 large-9\"  >\n\t\t\t\t<div class=\"col-inner\"  >\n\t\t\t\n\t\t\t\n<h3>Toidukoi feromoonp\u00fc\u00fcnis Feroband 1tk<\/h3>\n<p>Feromoonist liimiriba toidukoide j\u00e4lgimiseks. \u00dchepoolne kleepriba, mis sisaldab feromooni, mis on eriti t\u00f5hus perekondadesse Ephestia elutella, Ephestia kuehniella, Ephestia cautella ja Plodia interpunctella kuuluvate isaste toidukoide p\u00fc\u00fcdmiseks. Toote eelised: See on lame riba, mille liimis on toidukoide m\u00f5eldud feromoon. Kleepuvat riba on lihtne kasutada. Selle saab riputada konksu v\u00f5i n\u00f6\u00f6ri k\u00fclge, kuhu iganes soovite. Riba on v\u00e4ike ja ruumis\u00e4\u00e4stlik. Feromoonribad on v\u00f5imelised meelitama isaseid koisid ruumides, mille suurus on kuni 500 m3. Toidukoi ribade t\u00f5husust ja m\u00f5juvust on t\u00f5estanud nii laboritestid kui ka praktiline kogemus.<br \/>\nKuna toidukoi feromoonribad t\u00f5mbavad isasliblikaid ligi ja p\u00fc\u00fcavad kinni, peatub sigimine ja toit on kaitstud nende vastsete eest. Riba asetamisel ei h\u00e4vine k\u00f5ik isasliblika t\u00e4iskasvanud loomad korraga, kuid see tagab, et toitu ei satu vastseid. <\/p>\n<p><strong>Kasutamine: <\/strong>Saab riputada konksu v\u00f5i n\u00f6\u00f6ri k\u00fclge, kuhu iganes soovite.<\/p>\n<p><strong>Koostis ja toimeaine: <\/strong>Toode sisaldab koidele ahvatlevaid feromone.<\/p>\n<p><strong>Hoiustamine: <\/strong>Hoida jahedas ja kuivas kohas originaalpakendis ja tihedalt suletud anumas. Hoida lastele ja lemmikloomadele k\u00e4ttesaamatus kohas.<\/p>\n<p><strong>Ohutus: <\/strong>Kui liimpind on kokku puutunud nahaga, pesta nahka sooja vee ja seebiga. Pesta k\u00e4si alati p\u00e4rast kokkupuudet tootega.<\/p>\n\t\t<\/div>\n\t\t\t\t\t<\/div>\n\n\t\n\n\t<div id=\"col-1848784500\" class=\"col medium-3 small-12 large-3\"  >\n\t\t\t\t<div class=\"col-inner\"  >\n\t\t\t\n\t\t\t\n<div class=\"is-divider divider clearfix\" ><\/div>\n<p><strong>\u00dcksikasjalikuma n\u00f5u saamiseks v\u00f5tke \u00fchendust:<br \/><\/strong>Horticom O\u00dc<br \/>Loom\u00e4e tee 11<br \/>75306<br \/>Rae vald<br \/> +372 6011 727<\/p>\n\t\t<\/div>\n\t\t\t\t\t<\/div>\n\n\t\n<\/div>\n","protected":false},"excerpt":{"rendered":"","protected":false},"featured_media":228146,"comment_status":"closed","ping_status":"closed","template":"","meta":[],"product_brand":[],"product_cat":[2789,2788,3618,2884],"product_tag":[],"class_list":{"0":"post-228040","1":"product","2":"type-product","3":"status-publish","4":"has-post-thumbnail","6":"product_cat-aiatarbed","7":"product_cat-aiatarbed-ja-kodukaubad","8":"product_cat-koide-torjevahendid","9":"product_cat-olmekahjurite-torjevahendid","10":"pa_kaubamark-horticom-ou","12":"first","13":"instock","14":"sale","15":"taxable","16":"shipping-taxable","17":"purchasable","18":"product-type-simple"},"yoast_head":"<!-- This site is optimized with the Yoast SEO plugin v26.9 - https:\/\/yoast.com\/product\/yoast-seo-wordpress\/ -->\n<title>TOIDUKOI FEROMOONP\u00dc\u00dcNIS FEROBAND 1TK - Espak E-pood<\/title>\n<meta name=\"robots\" content=\"index, follow, max-snippet:-1, max-image-preview:large, max-video-preview:-1\" \/>\n<link rel=\"canonical\" href=\"https:\/\/espak.ee\/epood\/toode\/toidukoi-feromoonpuunis-feroband-1tk\/\" \/>\n<meta property=\"og:locale\" content=\"et_EE\" \/>\n<meta property=\"og:type\" content=\"article\" \/>\n<meta property=\"og:title\" content=\"TOIDUKOI FEROMOONP\u00dc\u00dcNIS FEROBAND 1TK - Espak E-pood\" \/>\n<meta property=\"og:url\" content=\"https:\/\/espak.ee\/epood\/toode\/toidukoi-feromoonpuunis-feroband-1tk\/\" \/>\n<meta property=\"og:site_name\" content=\"Espak E-pood\" \/>\n<meta property=\"article:modified_time\" content=\"2026-04-09T18:36:54+00:00\" \/>\n<meta property=\"og:image\" content=\"https:\/\/espak.ee\/epood\/wp-content\/uploads\/2025\/02\/product-99806-P0027-480x1200-2.jpg\" \/>\n\t<meta property=\"og:image:width\" content=\"800\" \/>\n\t<meta property=\"og:image:height\" content=\"800\" \/>\n\t<meta property=\"og:image:type\" content=\"image\/jpeg\" \/>\n<meta name=\"twitter:card\" content=\"summary_large_image\" \/>\n<meta name=\"twitter:label1\" content=\"Est. reading time\" \/>\n\t<meta name=\"twitter:data1\" content=\"1 minut\" \/>\n<script type=\"application\/ld+json\" class=\"yoast-schema-graph\">{\"@context\":\"https:\/\/schema.org\",\"@graph\":[{\"@type\":\"WebPage\",\"@id\":\"https:\/\/espak.ee\/epood\/toode\/toidukoi-feromoonpuunis-feroband-1tk\/\",\"url\":\"https:\/\/espak.ee\/epood\/toode\/toidukoi-feromoonpuunis-feroband-1tk\/\",\"name\":\"TOIDUKOI FEROMOONP\u00dc\u00dcNIS FEROBAND 1TK - Espak E-pood\",\"isPartOf\":{\"@id\":\"https:\/\/espak.ee\/epood\/#website\"},\"primaryImageOfPage\":{\"@id\":\"https:\/\/espak.ee\/epood\/toode\/toidukoi-feromoonpuunis-feroband-1tk\/#primaryimage\"},\"image\":{\"@id\":\"https:\/\/espak.ee\/epood\/toode\/toidukoi-feromoonpuunis-feroband-1tk\/#primaryimage\"},\"thumbnailUrl\":\"https:\/\/espak.ee\/epood\/wp-content\/uploads\/2025\/02\/product-99806-P0027-480x1200-2.jpg\",\"datePublished\":\"2025-02-19T03:05:13+00:00\",\"dateModified\":\"2026-04-09T18:36:54+00:00\",\"breadcrumb\":{\"@id\":\"https:\/\/espak.ee\/epood\/toode\/toidukoi-feromoonpuunis-feroband-1tk\/#breadcrumb\"},\"inLanguage\":\"et\",\"potentialAction\":[{\"@type\":\"ReadAction\",\"target\":[\"https:\/\/espak.ee\/epood\/toode\/toidukoi-feromoonpuunis-feroband-1tk\/\"]}]},{\"@type\":\"ImageObject\",\"inLanguage\":\"et\",\"@id\":\"https:\/\/espak.ee\/epood\/toode\/toidukoi-feromoonpuunis-feroband-1tk\/#primaryimage\",\"url\":\"https:\/\/espak.ee\/epood\/wp-content\/uploads\/2025\/02\/product-99806-P0027-480x1200-2.jpg\",\"contentUrl\":\"https:\/\/espak.ee\/epood\/wp-content\/uploads\/2025\/02\/product-99806-P0027-480x1200-2.jpg\",\"width\":800,\"height\":800},{\"@type\":\"BreadcrumbList\",\"@id\":\"https:\/\/espak.ee\/epood\/toode\/toidukoi-feromoonpuunis-feroband-1tk\/#breadcrumb\",\"itemListElement\":[{\"@type\":\"ListItem\",\"position\":1,\"name\":\"Home\",\"item\":\"https:\/\/espak.ee\/epood\/\"},{\"@type\":\"ListItem\",\"position\":2,\"name\":\"Tootevalik\",\"item\":\"https:\/\/espak.ee\/epood\/tootevalik\/\"},{\"@type\":\"ListItem\",\"position\":3,\"name\":\"TOIDUKOI FEROMOONP\u00dc\u00dcNIS FEROBAND 1TK\"}]},{\"@type\":\"WebSite\",\"@id\":\"https:\/\/espak.ee\/epood\/#website\",\"url\":\"https:\/\/espak.ee\/epood\/\",\"name\":\"Espak E-pood\",\"description\":\"\",\"potentialAction\":[{\"@type\":\"SearchAction\",\"target\":{\"@type\":\"EntryPoint\",\"urlTemplate\":\"https:\/\/espak.ee\/epood\/?s={search_term_string}\"},\"query-input\":{\"@type\":\"PropertyValueSpecification\",\"valueRequired\":true,\"valueName\":\"search_term_string\"}}],\"inLanguage\":\"et\"}]}<\/script>\n<!-- \/ Yoast SEO plugin. -->","yoast_head_json":{"title":"TOIDUKOI FEROMOONP\u00dc\u00dcNIS FEROBAND 1TK - Espak E-pood","robots":{"index":"index","follow":"follow","max-snippet":"max-snippet:-1","max-image-preview":"max-image-preview:large","max-video-preview":"max-video-preview:-1"},"canonical":"https:\/\/espak.ee\/epood\/toode\/toidukoi-feromoonpuunis-feroband-1tk\/","og_locale":"et_EE","og_type":"article","og_title":"TOIDUKOI FEROMOONP\u00dc\u00dcNIS FEROBAND 1TK - Espak E-pood","og_url":"https:\/\/espak.ee\/epood\/toode\/toidukoi-feromoonpuunis-feroband-1tk\/","og_site_name":"Espak E-pood","article_modified_time":"2026-04-09T18:36:54+00:00","og_image":[{"width":800,"height":800,"url":"https:\/\/espak.ee\/epood\/wp-content\/uploads\/2025\/02\/product-99806-P0027-480x1200-2.jpg","type":"image\/jpeg"}],"twitter_card":"summary_large_image","twitter_misc":{"Est. reading time":"1 minut"},"schema":{"@context":"https:\/\/schema.org","@graph":[{"@type":"WebPage","@id":"https:\/\/espak.ee\/epood\/toode\/toidukoi-feromoonpuunis-feroband-1tk\/","url":"https:\/\/espak.ee\/epood\/toode\/toidukoi-feromoonpuunis-feroband-1tk\/","name":"TOIDUKOI FEROMOONP\u00dc\u00dcNIS FEROBAND 1TK - Espak E-pood","isPartOf":{"@id":"https:\/\/espak.ee\/epood\/#website"},"primaryImageOfPage":{"@id":"https:\/\/espak.ee\/epood\/toode\/toidukoi-feromoonpuunis-feroband-1tk\/#primaryimage"},"image":{"@id":"https:\/\/espak.ee\/epood\/toode\/toidukoi-feromoonpuunis-feroband-1tk\/#primaryimage"},"thumbnailUrl":"https:\/\/espak.ee\/epood\/wp-content\/uploads\/2025\/02\/product-99806-P0027-480x1200-2.jpg","datePublished":"2025-02-19T03:05:13+00:00","dateModified":"2026-04-09T18:36:54+00:00","breadcrumb":{"@id":"https:\/\/espak.ee\/epood\/toode\/toidukoi-feromoonpuunis-feroband-1tk\/#breadcrumb"},"inLanguage":"et","potentialAction":[{"@type":"ReadAction","target":["https:\/\/espak.ee\/epood\/toode\/toidukoi-feromoonpuunis-feroband-1tk\/"]}]},{"@type":"ImageObject","inLanguage":"et","@id":"https:\/\/espak.ee\/epood\/toode\/toidukoi-feromoonpuunis-feroband-1tk\/#primaryimage","url":"https:\/\/espak.ee\/epood\/wp-content\/uploads\/2025\/02\/product-99806-P0027-480x1200-2.jpg","contentUrl":"https:\/\/espak.ee\/epood\/wp-content\/uploads\/2025\/02\/product-99806-P0027-480x1200-2.jpg","width":800,"height":800},{"@type":"BreadcrumbList","@id":"https:\/\/espak.ee\/epood\/toode\/toidukoi-feromoonpuunis-feroband-1tk\/#breadcrumb","itemListElement":[{"@type":"ListItem","position":1,"name":"Home","item":"https:\/\/espak.ee\/epood\/"},{"@type":"ListItem","position":2,"name":"Tootevalik","item":"https:\/\/espak.ee\/epood\/tootevalik\/"},{"@type":"ListItem","position":3,"name":"TOIDUKOI FEROMOONP\u00dc\u00dcNIS FEROBAND 1TK"}]},{"@type":"WebSite","@id":"https:\/\/espak.ee\/epood\/#website","url":"https:\/\/espak.ee\/epood\/","name":"Espak E-pood","description":"","potentialAction":[{"@type":"SearchAction","target":{"@type":"EntryPoint","urlTemplate":"https:\/\/espak.ee\/epood\/?s={search_term_string}"},"query-input":{"@type":"PropertyValueSpecification","valueRequired":true,"valueName":"search_term_string"}}],"inLanguage":"et"}]}},"_links":{"self":[{"href":"https:\/\/espak.ee\/epood\/wp-json\/wp\/v2\/product\/228040","targetHints":{"allow":["GET"]}}],"collection":[{"href":"https:\/\/espak.ee\/epood\/wp-json\/wp\/v2\/product"}],"about":[{"href":"https:\/\/espak.ee\/epood\/wp-json\/wp\/v2\/types\/product"}],"replies":[{"embeddable":true,"href":"https:\/\/espak.ee\/epood\/wp-json\/wp\/v2\/comments?post=228040"}],"wp:featuredmedia":[{"embeddable":true,"href":"https:\/\/espak.ee\/epood\/wp-json\/wp\/v2\/media\/228146"}],"wp:attachment":[{"href":"https:\/\/espak.ee\/epood\/wp-json\/wp\/v2\/media?parent=228040"}],"wp:term":[{"taxonomy":"product_brand","embeddable":true,"href":"https:\/\/espak.ee\/epood\/wp-json\/wp\/v2\/product_brand?post=228040"},{"taxonomy":"product_cat","embeddable":true,"href":"https:\/\/espak.ee\/epood\/wp-json\/wp\/v2\/product_cat?post=228040"},{"taxonomy":"product_tag","embeddable":true,"href":"https:\/\/espak.ee\/epood\/wp-json\/wp\/v2\/product_tag?post=228040"}],"curies":[{"name":"wp","href":"https:\/\/api.w.org\/{rel}","templated":true}]}}