{"id":227910,"date":"2025-02-18T05:10:01","date_gmt":"2025-02-18T03:10:01","guid":{"rendered":"https:\/\/espak.ee\/epood\/?post_type=product&#038;p=227910"},"modified":"2025-12-09T10:21:39","modified_gmt":"2025-12-09T08:21:39","slug":"survepesur-k2-premium-horizontal-karcher","status":"publish","type":"product","link":"https:\/\/espak.ee\/epood\/toode\/survepesur-k2-premium-horizontal-karcher\/","title":{"rendered":"SURVEPESUR K2 PREMIUM HORIZONTAL K\u00c4RCHER"},"content":{"rendered":"<div class=\"row\"  id=\"row-1863873762\">\n\n\t<div id=\"col-1967234826\" class=\"col medium-9 small-12 large-9\"  >\n\t\t\t\t<div class=\"col-inner\"  >\n\t\t\t\n\t\t\t\n<img decoding=\"async\" src=\"https:\/\/espak.ee\/epood\/wp-content\/uploads\/2023\/03\/KARCHER_1920x300.png\" alt=\"\" width=\"1920\" height=\"300\" class=\"alignnone size-full wp-image-162787\" srcset=\"https:\/\/espak.ee\/epood\/wp-content\/uploads\/2023\/03\/KARCHER_1920x300.png 1920w, https:\/\/espak.ee\/epood\/wp-content\/uploads\/2023\/03\/KARCHER_1920x300-500x78.png 500w, https:\/\/espak.ee\/epood\/wp-content\/uploads\/2023\/03\/KARCHER_1920x300-769x120.png 769w, https:\/\/espak.ee\/epood\/wp-content\/uploads\/2023\/03\/KARCHER_1920x300-300x47.png 300w, https:\/\/espak.ee\/epood\/wp-content\/uploads\/2023\/03\/KARCHER_1920x300-1024x160.png 1024w, https:\/\/espak.ee\/epood\/wp-content\/uploads\/2023\/03\/KARCHER_1920x300-150x23.png 150w, https:\/\/espak.ee\/epood\/wp-content\/uploads\/2023\/03\/KARCHER_1920x300-768x120.png 768w, https:\/\/espak.ee\/epood\/wp-content\/uploads\/2023\/03\/KARCHER_1920x300-1536x240.png 1536w\" sizes=\"(max-width: 1920px) 100vw, 1920px\" \/><\/p>\n<h3>Survepesur K2 Premium Horizontal K\u00e4rcher<\/h3>\n<p>V\u00e4ike K 2 Premium Horizontal on ideaalne survepesur aeg-ajalt kasutamiseks ja kerge mustuse jaoks, nagu v\u00f5ite leida jalgratastelt, aiat\u00f6\u00f6riistadelt ja \u00f5uem\u00f6\u00f6blilt.<\/p>\n<div class=\"message-box relative\" style=\"padding-top:15px;padding-bottom:15px;\"><div class=\"message-box-bg-image bg-fill fill\" ><\/div><div class=\"message-box-bg-overlay bg-fill fill\" ><\/div><div class=\"container relative\"><div class=\"inner last-reset\">\n<div class=\"row align-middle align-center\"  id=\"row-1239267199\">\n\n\t<div id=\"col-375684925\" class=\"col small-12 large-12\"  >\n\t\t\t\t<div class=\"col-inner text-left\"  >\n\t\t\t\n\t\t\t\n<h4>Omadused<\/h4>\n<div class=\"row\"  id=\"row-1094631967\">\n\n\t<div id=\"col-826731008\" class=\"col medium-6 small-12 large-6\"  >\n\t\t\t\t<div class=\"col-inner\"  >\n\t\t\t\n\t\t\t\n<p><i class=\"fa fa-check fa-2x\"><\/i> <strong> V\u00e4ike ja ruumis\u00e4\u00e4stlik<\/strong><\/p>\n<p><i class=\"fa fa-check fa-2x\"><\/i> <strong> Quick Connect kiir\u00fchendusega seade<\/strong><\/p>\n\t\t<\/div>\n\t\t\t\t\n<style>\n#col-826731008 > .col-inner {\n  margin: 0px 0px 15px 0px;\n}\n<\/style>\n\t<\/div>\n\n\t\n\n\t<div id=\"col-1728765126\" class=\"col medium-6 small-12 large-6\"  >\n\t\t\t\t<div class=\"col-inner\"  >\n\t\t\t\n\t\t\t\n<p><i class=\"fa fa-check fa-2x\"><\/i> <strong> Tarvikuid saab hoiustada seadmel<\/strong><\/p>\n\t\t<\/div>\n\t\t\t\t\n<style>\n#col-1728765126 > .col-inner {\n  margin: 0px 0px 15px 0px;\n}\n<\/style>\n\t<\/div>\n\n\t\n<\/div>\n\t\t<\/div>\n\t\t\t\t\t<\/div>\n\n\t\n<\/div>\n<\/div><\/div><\/div>\n\t<div id=\"gap-417681719\" class=\"gap-element clearfix\" style=\"display:block; height:auto;\">\n\t\t\n<style>\n#gap-417681719 {\n  padding-top: 30px;\n}\n<\/style>\n\t<\/div>\n\t\n<p> Kiire kui v\u00e4lk: v\u00e4ike ja ruumis\u00e4\u00e4stlik K 2 Premium Horizontal survepesur koos lehvik ja Dirt Blaster d\u00fc\u00fcsiga eemaldab mustuse v\u00e4ikestelt pindadelt ja s\u00f5idukitelt, aiat\u00f6\u00f6riistadelt ja v\u00e4lim\u00f6\u00f6blilt kiiresti ja t\u00f5husalt. Seade sobib ideaalselt k\u00f5ikideks aeg-ajalt kodu ja aia koristust\u00f6\u00f6deks. Kaasasoleva Single Spray Lance&#8217;i tasapinnaline juga annab kontuuriga pindadele sihip\u00e4raseid puhastustulemusi. Komplektis olev Dirt Blaster&#8217;i p\u00f6\u00f6rlev juga eemaldab isegi k\u00f5ige t\u00f5rksama mustuse. T\u00e4nu v\u00e4ikesele kaalule ja praktilisele integreeritud kandesangale saate K 2 Premium Horizontali h\u00f5lpsasti transportida k\u00f5ikjale, kus seda vajate. Kiir\u00fchenduss\u00fcsteem pakub t\u00e4iendavat mugavust, kuna selle kiir\u00fchendus v\u00f5imaldab nelja meetrise k\u00f5rgsurvevooliku seadmesse ja sealt v\u00e4lja ning p\u00e4\u00e4stikp\u00fcstoli h\u00f5lpsalt sisse ja v\u00e4lja t\u00f5mmata. K\u00f5iki kaasasolevaid tarvikuid saab h\u00f5lpsasti hoida K 2 Premium Horizontalil endal.\n<\/p>\n<div class=\"is-divider divider clearfix\" ><\/div>\n<p>Pikendatud garantiiks registreeri toode <a href=\"https:\/\/www.kaercher.com\/ee\/klienditugi\/kasulik-info\/survepesurite-pikendatud-garantii.html\"><strong>SIIN<\/strong><\/a>.<\/p>\n<p><img decoding=\"async\" src=\"https:\/\/espak.ee\/epood\/wp-content\/uploads\/2023\/03\/karcher-5a-e1686299594673.png\" alt=\"\" width=\"1290\" height=\"1836\" class=\"alignnone size-full wp-image-162788\" srcset=\"https:\/\/espak.ee\/epood\/wp-content\/uploads\/2023\/03\/karcher-5a-e1686299594673.png 1290w, https:\/\/espak.ee\/epood\/wp-content\/uploads\/2023\/03\/karcher-5a-e1686299594673-500x712.png 500w, https:\/\/espak.ee\/epood\/wp-content\/uploads\/2023\/03\/karcher-5a-e1686299594673-769x1094.png 769w, https:\/\/espak.ee\/epood\/wp-content\/uploads\/2023\/03\/karcher-5a-e1686299594673-211x300.png 211w, https:\/\/espak.ee\/epood\/wp-content\/uploads\/2023\/03\/karcher-5a-e1686299594673-719x1024.png 719w, https:\/\/espak.ee\/epood\/wp-content\/uploads\/2023\/03\/karcher-5a-e1686299594673-105x150.png 105w, https:\/\/espak.ee\/epood\/wp-content\/uploads\/2023\/03\/karcher-5a-e1686299594673-768x1093.png 768w, https:\/\/espak.ee\/epood\/wp-content\/uploads\/2023\/03\/karcher-5a-e1686299594673-1079x1536.png 1079w\" sizes=\"(max-width: 1290px) 100vw, 1290px\" \/><\/p>\n\t\t<\/div>\n\t\t\t\t\t<\/div>\n\n\t\n\n\t<div id=\"col-283601801\" class=\"col medium-3 small-12 large-3\"  >\n\t\t\t\t<div class=\"col-inner\"  >\n\t\t\t\n\t\t\t\n<h3>Kasutusjuhend<\/h3>\n<p><a href=\"https:\/\/espak.ee\/epood\/wp-content\/uploads\/2025\/02\/BTA-5911361-000-00.pdf\"target=\"_blank\" rel=\"noopener noreferrer\"><i class=\"far fa-file-pdf\"><\/i> Kasutusjuhend (PDF)<\/a><\/p>\n<h3>Ohutusalane teave<\/h3>\n<p><a href=\"https:\/\/espak.ee\/epood\/wp-content\/uploads\/2025\/02\/BTA-5807706-000-00.pdf\"target=\"_blank\" rel=\"noopener noreferrer\"><i class=\"far fa-file-pdf\"><\/i> Ohutusalane teave (PDF)<\/a><\/p>\n<div class=\"is-divider divider clearfix\" ><\/div>\n<p><strong>\u00dcksikasjalikuma n\u00f5u saamiseks v\u00f5tke \u00fchendust:<br \/><\/strong>Espak AS<br \/>Viadukti 42<br \/>11313<br \/>Tallinn<br \/>+372 6 512333<\/p>\n\t\t<\/div>\n\t\t\t\t\t<\/div>\n\n\t\n<\/div>\n","protected":false},"excerpt":{"rendered":"","protected":false},"featured_media":228342,"comment_status":"closed","ping_status":"closed","template":"","meta":[],"product_brand":[],"product_cat":[2680,2785,2786,2679],"product_tag":[],"class_list":{"0":"post-227910","1":"product","2":"type-product","3":"status-publish","4":"has-post-thumbnail","6":"product_cat-elektritooriistad","7":"product_cat-koristusseadmed","8":"product_cat-survepesurid","9":"product_cat-tooriistad","10":"pa_kaubamark-karcher","12":"first","13":"instock","14":"sale","15":"taxable","16":"shipping-taxable","17":"purchasable","18":"product-type-simple"},"yoast_head":"<!-- This site is optimized with the Yoast SEO plugin v26.9 - https:\/\/yoast.com\/product\/yoast-seo-wordpress\/ -->\n<title>SURVEPESUR K2 PREMIUM HORIZONTAL K\u00c4RCHER - Espak E-pood<\/title>\n<meta name=\"robots\" content=\"index, follow, max-snippet:-1, max-image-preview:large, max-video-preview:-1\" \/>\n<link rel=\"canonical\" href=\"https:\/\/espak.ee\/epood\/toode\/survepesur-k2-premium-horizontal-karcher\/\" \/>\n<meta property=\"og:locale\" content=\"et_EE\" \/>\n<meta property=\"og:type\" content=\"article\" \/>\n<meta property=\"og:title\" content=\"SURVEPESUR K2 PREMIUM HORIZONTAL K\u00c4RCHER - Espak E-pood\" \/>\n<meta property=\"og:url\" content=\"https:\/\/espak.ee\/epood\/toode\/survepesur-k2-premium-horizontal-karcher\/\" \/>\n<meta property=\"og:site_name\" content=\"Espak E-pood\" \/>\n<meta property=\"article:modified_time\" content=\"2025-12-09T08:21:39+00:00\" \/>\n<meta property=\"og:image\" content=\"https:\/\/espak.ee\/epood\/wp-content\/uploads\/2025\/02\/1.600-933.0-300_dpi-scaled.jpg\" \/>\n\t<meta property=\"og:image:width\" content=\"2048\" \/>\n\t<meta property=\"og:image:height\" content=\"2048\" \/>\n\t<meta property=\"og:image:type\" content=\"image\/jpeg\" \/>\n<meta name=\"twitter:card\" content=\"summary_large_image\" \/>\n<meta name=\"twitter:label1\" content=\"Est. reading time\" \/>\n\t<meta name=\"twitter:data1\" content=\"1 minut\" \/>\n<script type=\"application\/ld+json\" class=\"yoast-schema-graph\">{\"@context\":\"https:\/\/schema.org\",\"@graph\":[{\"@type\":\"WebPage\",\"@id\":\"https:\/\/espak.ee\/epood\/toode\/survepesur-k2-premium-horizontal-karcher\/\",\"url\":\"https:\/\/espak.ee\/epood\/toode\/survepesur-k2-premium-horizontal-karcher\/\",\"name\":\"SURVEPESUR K2 PREMIUM HORIZONTAL K\u00c4RCHER - Espak E-pood\",\"isPartOf\":{\"@id\":\"https:\/\/espak.ee\/epood\/#website\"},\"primaryImageOfPage\":{\"@id\":\"https:\/\/espak.ee\/epood\/toode\/survepesur-k2-premium-horizontal-karcher\/#primaryimage\"},\"image\":{\"@id\":\"https:\/\/espak.ee\/epood\/toode\/survepesur-k2-premium-horizontal-karcher\/#primaryimage\"},\"thumbnailUrl\":\"https:\/\/espak.ee\/epood\/wp-content\/uploads\/2025\/02\/1.600-933.0-300_dpi-scaled.jpg\",\"datePublished\":\"2025-02-18T03:10:01+00:00\",\"dateModified\":\"2025-12-09T08:21:39+00:00\",\"breadcrumb\":{\"@id\":\"https:\/\/espak.ee\/epood\/toode\/survepesur-k2-premium-horizontal-karcher\/#breadcrumb\"},\"inLanguage\":\"et\",\"potentialAction\":[{\"@type\":\"ReadAction\",\"target\":[\"https:\/\/espak.ee\/epood\/toode\/survepesur-k2-premium-horizontal-karcher\/\"]}]},{\"@type\":\"ImageObject\",\"inLanguage\":\"et\",\"@id\":\"https:\/\/espak.ee\/epood\/toode\/survepesur-k2-premium-horizontal-karcher\/#primaryimage\",\"url\":\"https:\/\/espak.ee\/epood\/wp-content\/uploads\/2025\/02\/1.600-933.0-300_dpi-scaled.jpg\",\"contentUrl\":\"https:\/\/espak.ee\/epood\/wp-content\/uploads\/2025\/02\/1.600-933.0-300_dpi-scaled.jpg\",\"width\":2048,\"height\":2048},{\"@type\":\"BreadcrumbList\",\"@id\":\"https:\/\/espak.ee\/epood\/toode\/survepesur-k2-premium-horizontal-karcher\/#breadcrumb\",\"itemListElement\":[{\"@type\":\"ListItem\",\"position\":1,\"name\":\"Home\",\"item\":\"https:\/\/espak.ee\/epood\/\"},{\"@type\":\"ListItem\",\"position\":2,\"name\":\"Tootevalik\",\"item\":\"https:\/\/espak.ee\/epood\/tootevalik\/\"},{\"@type\":\"ListItem\",\"position\":3,\"name\":\"SURVEPESUR K2 PREMIUM HORIZONTAL K\u00c4RCHER\"}]},{\"@type\":\"WebSite\",\"@id\":\"https:\/\/espak.ee\/epood\/#website\",\"url\":\"https:\/\/espak.ee\/epood\/\",\"name\":\"Espak E-pood\",\"description\":\"\",\"potentialAction\":[{\"@type\":\"SearchAction\",\"target\":{\"@type\":\"EntryPoint\",\"urlTemplate\":\"https:\/\/espak.ee\/epood\/?s={search_term_string}\"},\"query-input\":{\"@type\":\"PropertyValueSpecification\",\"valueRequired\":true,\"valueName\":\"search_term_string\"}}],\"inLanguage\":\"et\"}]}<\/script>\n<!-- \/ Yoast SEO plugin. -->","yoast_head_json":{"title":"SURVEPESUR K2 PREMIUM HORIZONTAL K\u00c4RCHER - Espak E-pood","robots":{"index":"index","follow":"follow","max-snippet":"max-snippet:-1","max-image-preview":"max-image-preview:large","max-video-preview":"max-video-preview:-1"},"canonical":"https:\/\/espak.ee\/epood\/toode\/survepesur-k2-premium-horizontal-karcher\/","og_locale":"et_EE","og_type":"article","og_title":"SURVEPESUR K2 PREMIUM HORIZONTAL K\u00c4RCHER - Espak E-pood","og_url":"https:\/\/espak.ee\/epood\/toode\/survepesur-k2-premium-horizontal-karcher\/","og_site_name":"Espak E-pood","article_modified_time":"2025-12-09T08:21:39+00:00","og_image":[{"width":2048,"height":2048,"url":"https:\/\/espak.ee\/epood\/wp-content\/uploads\/2025\/02\/1.600-933.0-300_dpi-scaled.jpg","type":"image\/jpeg"}],"twitter_card":"summary_large_image","twitter_misc":{"Est. reading time":"1 minut"},"schema":{"@context":"https:\/\/schema.org","@graph":[{"@type":"WebPage","@id":"https:\/\/espak.ee\/epood\/toode\/survepesur-k2-premium-horizontal-karcher\/","url":"https:\/\/espak.ee\/epood\/toode\/survepesur-k2-premium-horizontal-karcher\/","name":"SURVEPESUR K2 PREMIUM HORIZONTAL K\u00c4RCHER - Espak E-pood","isPartOf":{"@id":"https:\/\/espak.ee\/epood\/#website"},"primaryImageOfPage":{"@id":"https:\/\/espak.ee\/epood\/toode\/survepesur-k2-premium-horizontal-karcher\/#primaryimage"},"image":{"@id":"https:\/\/espak.ee\/epood\/toode\/survepesur-k2-premium-horizontal-karcher\/#primaryimage"},"thumbnailUrl":"https:\/\/espak.ee\/epood\/wp-content\/uploads\/2025\/02\/1.600-933.0-300_dpi-scaled.jpg","datePublished":"2025-02-18T03:10:01+00:00","dateModified":"2025-12-09T08:21:39+00:00","breadcrumb":{"@id":"https:\/\/espak.ee\/epood\/toode\/survepesur-k2-premium-horizontal-karcher\/#breadcrumb"},"inLanguage":"et","potentialAction":[{"@type":"ReadAction","target":["https:\/\/espak.ee\/epood\/toode\/survepesur-k2-premium-horizontal-karcher\/"]}]},{"@type":"ImageObject","inLanguage":"et","@id":"https:\/\/espak.ee\/epood\/toode\/survepesur-k2-premium-horizontal-karcher\/#primaryimage","url":"https:\/\/espak.ee\/epood\/wp-content\/uploads\/2025\/02\/1.600-933.0-300_dpi-scaled.jpg","contentUrl":"https:\/\/espak.ee\/epood\/wp-content\/uploads\/2025\/02\/1.600-933.0-300_dpi-scaled.jpg","width":2048,"height":2048},{"@type":"BreadcrumbList","@id":"https:\/\/espak.ee\/epood\/toode\/survepesur-k2-premium-horizontal-karcher\/#breadcrumb","itemListElement":[{"@type":"ListItem","position":1,"name":"Home","item":"https:\/\/espak.ee\/epood\/"},{"@type":"ListItem","position":2,"name":"Tootevalik","item":"https:\/\/espak.ee\/epood\/tootevalik\/"},{"@type":"ListItem","position":3,"name":"SURVEPESUR K2 PREMIUM HORIZONTAL K\u00c4RCHER"}]},{"@type":"WebSite","@id":"https:\/\/espak.ee\/epood\/#website","url":"https:\/\/espak.ee\/epood\/","name":"Espak E-pood","description":"","potentialAction":[{"@type":"SearchAction","target":{"@type":"EntryPoint","urlTemplate":"https:\/\/espak.ee\/epood\/?s={search_term_string}"},"query-input":{"@type":"PropertyValueSpecification","valueRequired":true,"valueName":"search_term_string"}}],"inLanguage":"et"}]}},"_links":{"self":[{"href":"https:\/\/espak.ee\/epood\/wp-json\/wp\/v2\/product\/227910","targetHints":{"allow":["GET"]}}],"collection":[{"href":"https:\/\/espak.ee\/epood\/wp-json\/wp\/v2\/product"}],"about":[{"href":"https:\/\/espak.ee\/epood\/wp-json\/wp\/v2\/types\/product"}],"replies":[{"embeddable":true,"href":"https:\/\/espak.ee\/epood\/wp-json\/wp\/v2\/comments?post=227910"}],"wp:featuredmedia":[{"embeddable":true,"href":"https:\/\/espak.ee\/epood\/wp-json\/wp\/v2\/media\/228342"}],"wp:attachment":[{"href":"https:\/\/espak.ee\/epood\/wp-json\/wp\/v2\/media?parent=227910"}],"wp:term":[{"taxonomy":"product_brand","embeddable":true,"href":"https:\/\/espak.ee\/epood\/wp-json\/wp\/v2\/product_brand?post=227910"},{"taxonomy":"product_cat","embeddable":true,"href":"https:\/\/espak.ee\/epood\/wp-json\/wp\/v2\/product_cat?post=227910"},{"taxonomy":"product_tag","embeddable":true,"href":"https:\/\/espak.ee\/epood\/wp-json\/wp\/v2\/product_tag?post=227910"}],"curies":[{"name":"wp","href":"https:\/\/api.w.org\/{rel}","templated":true}]}}