{"id":227603,"date":"2025-02-15T05:10:22","date_gmt":"2025-02-15T03:10:22","guid":{"rendered":"https:\/\/espak.ee\/epood\/?post_type=product&#038;p=227603"},"modified":"2025-08-03T09:50:30","modified_gmt":"2025-08-03T06:50:30","slug":"karbsepaber-aknale-vetroband-2tk-pk","status":"publish","type":"product","link":"https:\/\/espak.ee\/epood\/toode\/karbsepaber-aknale-vetroband-2tk-pk\/","title":{"rendered":"K\u00c4RBSEPABER AKNALE VETROBAND 2TK\/PK"},"content":{"rendered":"<div class=\"row\"  id=\"row-1324948133\">\n\n\t<div id=\"col-1649578913\" class=\"col medium-9 small-12 large-9\"  >\n\t\t\t\t<div class=\"col-inner\"  >\n\t\t\t\n\t\t\t\n<h3>K\u00e4rbsepaber aknale Vetroband 2tk\/pakis<\/h3>\n<p>\u00dchepoolne liimteip koos atraktantidega, mis tagab t\u00f5husa k\u00e4rbeste p\u00fc\u00fcdmise. K\u00e4rbsepaberil on tagak\u00fcljel punane liimteip, millega kinnitataks aknaklaasile. Kiire ja lihtne paigaldamine. Aknalt eemaldamisel ei j\u00e4ta see j\u00e4lgi, mida oleks vaja puhastada. Tagak\u00fcljel olev liimiriba j\u00e4\u00e4b endiselt kleepuvaks, seega on v\u00f5imalik k\u00e4rbsep\u00fc\u00fcdjat korduvalt eemaldada ja uuesti aknaklaasile kinnitada. Liimpind ei kuiva ja j\u00e4\u00e4b kleepuvaks, kuni see on t\u00e4idetud p\u00fc\u00fctud putukate v\u00f5i tolmuga (kui seda kasutatakse tolmuses keskkonnas).<\/p>\n<p><strong>Kasutamine: <\/strong><br \/>\n1. Eemaldage riba tagak\u00fcljelt punane kaitseriba.<br \/>\n2. Kinnitage l\u00f5ks klaasi k\u00fclge nii, et kleepuv pind oleks sel viisil n\u00e4htav.<br \/>\n 3. Eemaldage esipinnalt kaitsev pabeririba. L\u00f5ks on n\u00fc\u00fcd putukate p\u00fc\u00fcdmiseks valmis.<\/p>\n<p><strong>Koostis ja toimeaine: <\/strong>Toode koosneb pika toimeajaga liimist, millega saab kinni p\u00fc\u00fcda k\u00e4rbsed ja teised lendavad putukad.<\/p>\n<p><strong>Hoiustamine: <\/strong>Hoida kuivas ja jahedas, eemal otsese p\u00e4ikese eest. Hoida lastele k\u00e4ttesaamatus kohas.<\/p>\n\t\t<\/div>\n\t\t\t\t\t<\/div>\n\n\t\n\n\t<div id=\"col-768142001\" class=\"col medium-3 small-12 large-3\"  >\n\t\t\t\t<div class=\"col-inner\"  >\n\t\t\t\n\t\t\t\n<div class=\"is-divider divider clearfix\" ><\/div>\n<p><strong>\u00dcksikasjalikuma n\u00f5u saamiseks v\u00f5tke \u00fchendust:<br \/><\/strong>Horticom O\u00dc<br \/>Loom\u00e4e tee 11<br \/>75306<br \/>Rae vald<br \/> +372 6011 727<\/p>\n\t\t<\/div>\n\t\t\t\t\t<\/div>\n\n\t\n<\/div>\n","protected":false},"excerpt":{"rendered":"","protected":false},"featured_media":227873,"comment_status":"closed","ping_status":"closed","template":"","meta":[],"product_brand":[],"product_cat":[2789,2788,4748,2884],"product_tag":[],"class_list":{"0":"post-227603","1":"product","2":"type-product","3":"status-publish","4":"has-post-thumbnail","6":"product_cat-aiatarbed","7":"product_cat-aiatarbed-ja-kodukaubad","8":"product_cat-lendavate-putukate-torjevahendid","9":"product_cat-olmekahjurite-torjevahendid","10":"pa_kaubamark-horticom-ou","12":"first","13":"instock","14":"sale","15":"taxable","16":"shipping-taxable","17":"purchasable","18":"product-type-simple"},"yoast_head":"<!-- This site is optimized with the Yoast SEO plugin v26.9 - https:\/\/yoast.com\/product\/yoast-seo-wordpress\/ -->\n<title>K\u00c4RBSEPABER AKNALE VETROBAND 2TK\/PK - Espak E-pood<\/title>\n<meta name=\"robots\" content=\"index, follow, max-snippet:-1, max-image-preview:large, max-video-preview:-1\" \/>\n<link rel=\"canonical\" href=\"https:\/\/espak.ee\/epood\/toode\/karbsepaber-aknale-vetroband-2tk-pk\/\" \/>\n<meta property=\"og:locale\" content=\"et_EE\" \/>\n<meta property=\"og:type\" content=\"article\" \/>\n<meta property=\"og:title\" content=\"K\u00c4RBSEPABER AKNALE VETROBAND 2TK\/PK - Espak E-pood\" \/>\n<meta property=\"og:url\" content=\"https:\/\/espak.ee\/epood\/toode\/karbsepaber-aknale-vetroband-2tk-pk\/\" \/>\n<meta property=\"og:site_name\" content=\"Espak E-pood\" \/>\n<meta property=\"article:modified_time\" content=\"2025-08-03T06:50:30+00:00\" \/>\n<meta property=\"og:image\" content=\"https:\/\/espak.ee\/epood\/wp-content\/uploads\/2025\/02\/product-99809-P0030-2.jpg\" \/>\n\t<meta property=\"og:image:width\" content=\"1000\" \/>\n\t<meta property=\"og:image:height\" content=\"1000\" \/>\n\t<meta property=\"og:image:type\" content=\"image\/jpeg\" \/>\n<meta name=\"twitter:card\" content=\"summary_large_image\" \/>\n<meta name=\"twitter:label1\" content=\"Est. reading time\" \/>\n\t<meta name=\"twitter:data1\" content=\"1 minut\" \/>\n<script type=\"application\/ld+json\" class=\"yoast-schema-graph\">{\"@context\":\"https:\/\/schema.org\",\"@graph\":[{\"@type\":\"WebPage\",\"@id\":\"https:\/\/espak.ee\/epood\/toode\/karbsepaber-aknale-vetroband-2tk-pk\/\",\"url\":\"https:\/\/espak.ee\/epood\/toode\/karbsepaber-aknale-vetroband-2tk-pk\/\",\"name\":\"K\u00c4RBSEPABER AKNALE VETROBAND 2TK\/PK - Espak E-pood\",\"isPartOf\":{\"@id\":\"https:\/\/espak.ee\/epood\/#website\"},\"primaryImageOfPage\":{\"@id\":\"https:\/\/espak.ee\/epood\/toode\/karbsepaber-aknale-vetroband-2tk-pk\/#primaryimage\"},\"image\":{\"@id\":\"https:\/\/espak.ee\/epood\/toode\/karbsepaber-aknale-vetroband-2tk-pk\/#primaryimage\"},\"thumbnailUrl\":\"https:\/\/espak.ee\/epood\/wp-content\/uploads\/2025\/02\/product-99809-P0030-2.jpg\",\"datePublished\":\"2025-02-15T03:10:22+00:00\",\"dateModified\":\"2025-08-03T06:50:30+00:00\",\"breadcrumb\":{\"@id\":\"https:\/\/espak.ee\/epood\/toode\/karbsepaber-aknale-vetroband-2tk-pk\/#breadcrumb\"},\"inLanguage\":\"et\",\"potentialAction\":[{\"@type\":\"ReadAction\",\"target\":[\"https:\/\/espak.ee\/epood\/toode\/karbsepaber-aknale-vetroband-2tk-pk\/\"]}]},{\"@type\":\"ImageObject\",\"inLanguage\":\"et\",\"@id\":\"https:\/\/espak.ee\/epood\/toode\/karbsepaber-aknale-vetroband-2tk-pk\/#primaryimage\",\"url\":\"https:\/\/espak.ee\/epood\/wp-content\/uploads\/2025\/02\/product-99809-P0030-2.jpg\",\"contentUrl\":\"https:\/\/espak.ee\/epood\/wp-content\/uploads\/2025\/02\/product-99809-P0030-2.jpg\",\"width\":1000,\"height\":1000},{\"@type\":\"BreadcrumbList\",\"@id\":\"https:\/\/espak.ee\/epood\/toode\/karbsepaber-aknale-vetroband-2tk-pk\/#breadcrumb\",\"itemListElement\":[{\"@type\":\"ListItem\",\"position\":1,\"name\":\"Home\",\"item\":\"https:\/\/espak.ee\/epood\/\"},{\"@type\":\"ListItem\",\"position\":2,\"name\":\"Tootevalik\",\"item\":\"https:\/\/espak.ee\/epood\/tootevalik\/\"},{\"@type\":\"ListItem\",\"position\":3,\"name\":\"K\u00c4RBSEPABER AKNALE VETROBAND 2TK\/PK\"}]},{\"@type\":\"WebSite\",\"@id\":\"https:\/\/espak.ee\/epood\/#website\",\"url\":\"https:\/\/espak.ee\/epood\/\",\"name\":\"Espak E-pood\",\"description\":\"\",\"potentialAction\":[{\"@type\":\"SearchAction\",\"target\":{\"@type\":\"EntryPoint\",\"urlTemplate\":\"https:\/\/espak.ee\/epood\/?s={search_term_string}\"},\"query-input\":{\"@type\":\"PropertyValueSpecification\",\"valueRequired\":true,\"valueName\":\"search_term_string\"}}],\"inLanguage\":\"et\"}]}<\/script>\n<!-- \/ Yoast SEO plugin. -->","yoast_head_json":{"title":"K\u00c4RBSEPABER AKNALE VETROBAND 2TK\/PK - Espak E-pood","robots":{"index":"index","follow":"follow","max-snippet":"max-snippet:-1","max-image-preview":"max-image-preview:large","max-video-preview":"max-video-preview:-1"},"canonical":"https:\/\/espak.ee\/epood\/toode\/karbsepaber-aknale-vetroband-2tk-pk\/","og_locale":"et_EE","og_type":"article","og_title":"K\u00c4RBSEPABER AKNALE VETROBAND 2TK\/PK - Espak E-pood","og_url":"https:\/\/espak.ee\/epood\/toode\/karbsepaber-aknale-vetroband-2tk-pk\/","og_site_name":"Espak E-pood","article_modified_time":"2025-08-03T06:50:30+00:00","og_image":[{"width":1000,"height":1000,"url":"https:\/\/espak.ee\/epood\/wp-content\/uploads\/2025\/02\/product-99809-P0030-2.jpg","type":"image\/jpeg"}],"twitter_card":"summary_large_image","twitter_misc":{"Est. reading time":"1 minut"},"schema":{"@context":"https:\/\/schema.org","@graph":[{"@type":"WebPage","@id":"https:\/\/espak.ee\/epood\/toode\/karbsepaber-aknale-vetroband-2tk-pk\/","url":"https:\/\/espak.ee\/epood\/toode\/karbsepaber-aknale-vetroband-2tk-pk\/","name":"K\u00c4RBSEPABER AKNALE VETROBAND 2TK\/PK - Espak E-pood","isPartOf":{"@id":"https:\/\/espak.ee\/epood\/#website"},"primaryImageOfPage":{"@id":"https:\/\/espak.ee\/epood\/toode\/karbsepaber-aknale-vetroband-2tk-pk\/#primaryimage"},"image":{"@id":"https:\/\/espak.ee\/epood\/toode\/karbsepaber-aknale-vetroband-2tk-pk\/#primaryimage"},"thumbnailUrl":"https:\/\/espak.ee\/epood\/wp-content\/uploads\/2025\/02\/product-99809-P0030-2.jpg","datePublished":"2025-02-15T03:10:22+00:00","dateModified":"2025-08-03T06:50:30+00:00","breadcrumb":{"@id":"https:\/\/espak.ee\/epood\/toode\/karbsepaber-aknale-vetroband-2tk-pk\/#breadcrumb"},"inLanguage":"et","potentialAction":[{"@type":"ReadAction","target":["https:\/\/espak.ee\/epood\/toode\/karbsepaber-aknale-vetroband-2tk-pk\/"]}]},{"@type":"ImageObject","inLanguage":"et","@id":"https:\/\/espak.ee\/epood\/toode\/karbsepaber-aknale-vetroband-2tk-pk\/#primaryimage","url":"https:\/\/espak.ee\/epood\/wp-content\/uploads\/2025\/02\/product-99809-P0030-2.jpg","contentUrl":"https:\/\/espak.ee\/epood\/wp-content\/uploads\/2025\/02\/product-99809-P0030-2.jpg","width":1000,"height":1000},{"@type":"BreadcrumbList","@id":"https:\/\/espak.ee\/epood\/toode\/karbsepaber-aknale-vetroband-2tk-pk\/#breadcrumb","itemListElement":[{"@type":"ListItem","position":1,"name":"Home","item":"https:\/\/espak.ee\/epood\/"},{"@type":"ListItem","position":2,"name":"Tootevalik","item":"https:\/\/espak.ee\/epood\/tootevalik\/"},{"@type":"ListItem","position":3,"name":"K\u00c4RBSEPABER AKNALE VETROBAND 2TK\/PK"}]},{"@type":"WebSite","@id":"https:\/\/espak.ee\/epood\/#website","url":"https:\/\/espak.ee\/epood\/","name":"Espak E-pood","description":"","potentialAction":[{"@type":"SearchAction","target":{"@type":"EntryPoint","urlTemplate":"https:\/\/espak.ee\/epood\/?s={search_term_string}"},"query-input":{"@type":"PropertyValueSpecification","valueRequired":true,"valueName":"search_term_string"}}],"inLanguage":"et"}]}},"_links":{"self":[{"href":"https:\/\/espak.ee\/epood\/wp-json\/wp\/v2\/product\/227603","targetHints":{"allow":["GET"]}}],"collection":[{"href":"https:\/\/espak.ee\/epood\/wp-json\/wp\/v2\/product"}],"about":[{"href":"https:\/\/espak.ee\/epood\/wp-json\/wp\/v2\/types\/product"}],"replies":[{"embeddable":true,"href":"https:\/\/espak.ee\/epood\/wp-json\/wp\/v2\/comments?post=227603"}],"wp:featuredmedia":[{"embeddable":true,"href":"https:\/\/espak.ee\/epood\/wp-json\/wp\/v2\/media\/227873"}],"wp:attachment":[{"href":"https:\/\/espak.ee\/epood\/wp-json\/wp\/v2\/media?parent=227603"}],"wp:term":[{"taxonomy":"product_brand","embeddable":true,"href":"https:\/\/espak.ee\/epood\/wp-json\/wp\/v2\/product_brand?post=227603"},{"taxonomy":"product_cat","embeddable":true,"href":"https:\/\/espak.ee\/epood\/wp-json\/wp\/v2\/product_cat?post=227603"},{"taxonomy":"product_tag","embeddable":true,"href":"https:\/\/espak.ee\/epood\/wp-json\/wp\/v2\/product_tag?post=227603"}],"curies":[{"name":"wp","href":"https:\/\/api.w.org\/{rel}","templated":true}]}}