{"id":227416,"date":"2025-02-14T05:10:02","date_gmt":"2025-02-14T03:10:02","guid":{"rendered":"https:\/\/espak.ee\/epood\/?post_type=product&#038;p=227416"},"modified":"2025-02-14T09:13:29","modified_gmt":"2025-02-14T07:13:29","slug":"wc-pott-zante-rimoff-seina-softclose-iste-ravak-tellimisel","status":"publish","type":"product","link":"https:\/\/espak.ee\/epood\/toode\/wc-pott-zante-rimoff-seina-softclose-iste-ravak-tellimisel\/","title":{"rendered":"WC-POTT ZANTE RIMOFF SEINA + SOFTCLOSE ISTE RAVAK &#8211; TELLIMISEL"},"content":{"rendered":"<div class=\"row\"  id=\"row-352197661\">\n\n\t<div id=\"col-825325518\" class=\"col medium-9 small-12 large-9\"  >\n\t\t\t\t<div class=\"col-inner\"  >\n\t\t\t\n\t\t\t\n<h2>WC-pott Zante RimOff Ravak &#8211; TELLIMISEL<\/h2>\n<p>WC-pottidel Zante RimOff puudub loputusserv, kuhu v\u00f5ib koguneda mustus. Kuna WC-potil pole sees loputusserva, ei ole sellel mingeid juurdep\u00e4\u00e4smatuid kohti, see on t\u00e4iesti sile ning mustus ei saa kuhugi kinni j\u00e4\u00e4da. WC-poti spetsiaalne konstruktsioon v\u00f5imaldab selle t\u00e4pset loputamist veejoaga, ilma et seda oleks vaja t\u00e4iendavalt puhastada. Ideaalne lahendus neile, kelle jaoks on oluline veatu puhtus ja h\u00fcgieen ning lihtne hooldamine. Kuna WC-pott Uni Chrome RimOff riputatakse seinale, lihtsustab see vannitoa v\u00f5i WC p\u00f5randa koristamist. Poti kinnituskohad on niimoodi varjatud, et need ei rikuks selle puhast ja terviklikku disaini. Ilma servade ja \u00e4\u00e4rteta, kuhu v\u00f5iks koguneda mustus.<\/p>\n<div class=\"is-divider divider clearfix\" ><\/div>\n&#8211; M\u00f5\u00f5tmed 365 x 510 x 315 mm (l\/s\/k)<br \/>\n&#8211; Materjal: keraamika, glasuur ilma t\u00e4iendava pinnaviimistluseta<br \/>\n&#8211; RimOff &#8211; WC-potil puudub loputusserv<br \/>\n&#8211; EasyFix &#8211; n\u00e4htamatu kinnituss\u00fcsteem<br \/>\n&#8211; Garantii: 10 aastat<br \/>\n&#8211; Tarvikud: paigaldusmoodulid, juhtnupud<br \/>\n\t<div id=\"gap-1811202643\" class=\"gap-element clearfix\" style=\"display:block; height:auto;\">\n\t\t\n<style>\n#gap-1811202643 {\n  padding-top: 30px;\n}\n<\/style>\n\t<\/div>\n\t\n<strong>RimOff \u2013 loputustehnoloogia ilma klassikalise servata<\/strong><br \/>\nZante RimOff pott annab teile selge ja h\u00fcgieenilise ruumi. Ilma klassikalise loputusservata, pole mustuse settimiseks kohta. T\u00e4nu kohandatud sisekujule on \u00f5ige tulemus garanteeritud. See on ideaalne lahendus neile, kes p\u00f6\u00f6ravad suurt t\u00e4helepanu t\u00e4iuslikule puhtusele, h\u00fcgieenile ja lihtsale hooldamisele. WC pott on loodud pakkuma teile maksimaalset mugavust ja meelerahu, teades, et see j\u00e4\u00e4b alati puhtaks.<\/p>\n<p><strong>EasyFix &#8211; n\u00e4htamatu kinnituss\u00fcsteem<\/strong><br \/>\nTraditsiooniline WC-poti kinnitusviis j\u00e4tab n\u00e4htavale kinnituselemendid, uuenduslik EasyFix peidetud kinnituss\u00fcsteem, kui tualettpott kinnitatakse \u00fclalt l\u00e4bi aukude m\u00f5eldud istme jaoks. \u00dcks peamisi eeliseid on esteetika, nii et n\u00e4htavad kruvid v\u00f5i kinnitusdetailid ei riku WC \u00fcldilmet.<br \/>\nSamuti ei ole tualeti v\u00e4lisk\u00fcljel raskesti ligip\u00e4\u00e4setavaid kohti, mis v\u00e4hendab mustuse ja bakterite settimise v\u00f5imalust. Samuti muudab tualeti riputuss\u00fcsteem lihtsamaks selle all oleva p\u00f5randa puhastamise.<\/p>\n<p><strong>SoftClose aeglustuss\u00fcsteemiga iste &#8211; WC-prillaud.<\/strong> Prillaud on puhastamiseks kergesti eemaldatav.<\/p>\n<p>Soovitame soetada paigaldusloputusmooduli, juhtnupu.<\/p>\n<p><strong>Ravak soovitab:<\/strong><br \/>\nPaigaldamisel tuleb reguleerida loputuskastist WC-potti juhitava vee maht ja kiirus montaa\u017eimooduli WC RinOff abil.<br \/>\nReguleerimata j\u00e4tmine v\u00f5ib m\u00f5jutada vee \u00e4ravoolu d\u00fcnaamikat loputuskastist, mille tulemusena v\u00f5ib vesi loksuda \u00fcle WC-poti \u00e4\u00e4re.<br \/>\nRimOff tehnoloogiaga WC-potte soovitatakse kasutada koos Ravak v\u00f5i teiste moodulitega, mille WC-potti juhitava vee mahtu on v\u00f5imalik reguleerida kuni 4,5 liitrini.\n<\/p>\n\t<div id=\"gap-42408670\" class=\"gap-element clearfix\" style=\"display:block; height:auto;\">\n\t\t\n<style>\n#gap-42408670 {\n  padding-top: 30px;\n}\n<\/style>\n\t<\/div>\n\t\n\t\t<\/div>\n\t\t\t\t\t<\/div>\n\n\t\n\n\t<div id=\"col-522693611\" class=\"col medium-3 small-12 large-3\"  >\n\t\t\t\t<div class=\"col-inner\"  >\n\t\t\t\n\t\t\t\n<h3>Tootekataloog<\/h3>\n<p><a href=\"https:\/\/espak.ee\/epood\/wp-content\/uploads\/2022\/06\/ravak_collection_2022_ee.pdf\" target=\"_blank\" rel=\"noopener noreferrer\"><i class=\"far fa-file-pdf\"><\/i> Tootekataloog (PDF)<\/a><\/p>\n<div class=\"is-divider divider clearfix\" ><\/div>\n<p><strong>\u00dcksikasjalikuma n\u00f5u saamiseks v\u00f5tke \u00fchendust:<br \/><\/strong> Ravak Baltic UAB<br \/><a href=\"mailto:info@ravak.ee\">info@ravak.ee<\/a><\/p>\n<div class=\"is-divider divider clearfix\" ><\/div>\n\t\t<\/div>\n\t\t\t\t\t<\/div>\n\n\t\n<\/div>\n","protected":false},"excerpt":{"rendered":"","protected":false},"featured_media":227465,"comment_status":"closed","ping_status":"closed","template":"","meta":[],"product_brand":[],"product_cat":[2819,2820,2839,3195],"product_tag":[],"class_list":{"0":"post-227416","1":"product","2":"type-product","3":"status-publish","4":"has-post-thumbnail","6":"product_cat-sanitaartehnika","7":"product_cat-sanitaartehnika-sanitaartehnika","8":"product_cat-wc-potid","9":"product_cat-wc-potid-seinale-paigaldatavad","10":"pa_kaubamark-ravak-baltic-uab","12":"first","13":"onbackorder","14":"sale","15":"taxable","16":"shipping-taxable","17":"purchasable","18":"product-type-simple"},"yoast_head":"<!-- This site is optimized with the Yoast SEO plugin v26.9 - https:\/\/yoast.com\/product\/yoast-seo-wordpress\/ -->\n<title>WC-POTT ZANTE RIMOFF SEINA + SOFTCLOSE ISTE RAVAK - TELLIMISEL - Espak E-pood<\/title>\n<meta name=\"robots\" content=\"index, follow, max-snippet:-1, max-image-preview:large, max-video-preview:-1\" \/>\n<link rel=\"canonical\" href=\"https:\/\/espak.ee\/epood\/toode\/wc-pott-zante-rimoff-seina-softclose-iste-ravak-tellimisel\/\" \/>\n<meta property=\"og:locale\" content=\"et_EE\" \/>\n<meta property=\"og:type\" content=\"article\" \/>\n<meta property=\"og:title\" content=\"WC-POTT ZANTE RIMOFF SEINA + SOFTCLOSE ISTE RAVAK - TELLIMISEL - Espak E-pood\" \/>\n<meta property=\"og:url\" content=\"https:\/\/espak.ee\/epood\/toode\/wc-pott-zante-rimoff-seina-softclose-iste-ravak-tellimisel\/\" \/>\n<meta property=\"og:site_name\" content=\"Espak E-pood\" \/>\n<meta property=\"article:modified_time\" content=\"2025-02-14T07:13:29+00:00\" \/>\n<meta property=\"og:image\" content=\"https:\/\/espak.ee\/epood\/wp-content\/uploads\/2025\/02\/wc-zante.jpg\" \/>\n\t<meta property=\"og:image:width\" content=\"1000\" \/>\n\t<meta property=\"og:image:height\" content=\"1000\" \/>\n\t<meta property=\"og:image:type\" content=\"image\/jpeg\" \/>\n<meta name=\"twitter:card\" content=\"summary_large_image\" \/>\n<meta name=\"twitter:label1\" content=\"Est. reading time\" \/>\n\t<meta name=\"twitter:data1\" content=\"2 minutit\" \/>\n<script type=\"application\/ld+json\" class=\"yoast-schema-graph\">{\"@context\":\"https:\/\/schema.org\",\"@graph\":[{\"@type\":\"WebPage\",\"@id\":\"https:\/\/espak.ee\/epood\/toode\/wc-pott-zante-rimoff-seina-softclose-iste-ravak-tellimisel\/\",\"url\":\"https:\/\/espak.ee\/epood\/toode\/wc-pott-zante-rimoff-seina-softclose-iste-ravak-tellimisel\/\",\"name\":\"WC-POTT ZANTE RIMOFF SEINA + SOFTCLOSE ISTE RAVAK - TELLIMISEL - Espak E-pood\",\"isPartOf\":{\"@id\":\"https:\/\/espak.ee\/epood\/#website\"},\"primaryImageOfPage\":{\"@id\":\"https:\/\/espak.ee\/epood\/toode\/wc-pott-zante-rimoff-seina-softclose-iste-ravak-tellimisel\/#primaryimage\"},\"image\":{\"@id\":\"https:\/\/espak.ee\/epood\/toode\/wc-pott-zante-rimoff-seina-softclose-iste-ravak-tellimisel\/#primaryimage\"},\"thumbnailUrl\":\"https:\/\/espak.ee\/epood\/wp-content\/uploads\/2025\/02\/wc-zante.jpg\",\"datePublished\":\"2025-02-14T03:10:02+00:00\",\"dateModified\":\"2025-02-14T07:13:29+00:00\",\"breadcrumb\":{\"@id\":\"https:\/\/espak.ee\/epood\/toode\/wc-pott-zante-rimoff-seina-softclose-iste-ravak-tellimisel\/#breadcrumb\"},\"inLanguage\":\"et\",\"potentialAction\":[{\"@type\":\"ReadAction\",\"target\":[\"https:\/\/espak.ee\/epood\/toode\/wc-pott-zante-rimoff-seina-softclose-iste-ravak-tellimisel\/\"]}]},{\"@type\":\"ImageObject\",\"inLanguage\":\"et\",\"@id\":\"https:\/\/espak.ee\/epood\/toode\/wc-pott-zante-rimoff-seina-softclose-iste-ravak-tellimisel\/#primaryimage\",\"url\":\"https:\/\/espak.ee\/epood\/wp-content\/uploads\/2025\/02\/wc-zante.jpg\",\"contentUrl\":\"https:\/\/espak.ee\/epood\/wp-content\/uploads\/2025\/02\/wc-zante.jpg\",\"width\":1000,\"height\":1000},{\"@type\":\"BreadcrumbList\",\"@id\":\"https:\/\/espak.ee\/epood\/toode\/wc-pott-zante-rimoff-seina-softclose-iste-ravak-tellimisel\/#breadcrumb\",\"itemListElement\":[{\"@type\":\"ListItem\",\"position\":1,\"name\":\"Home\",\"item\":\"https:\/\/espak.ee\/epood\/\"},{\"@type\":\"ListItem\",\"position\":2,\"name\":\"Tootevalik\",\"item\":\"https:\/\/espak.ee\/epood\/tootevalik\/\"},{\"@type\":\"ListItem\",\"position\":3,\"name\":\"WC-POTT ZANTE RIMOFF SEINA + SOFTCLOSE ISTE RAVAK &#8211; TELLIMISEL\"}]},{\"@type\":\"WebSite\",\"@id\":\"https:\/\/espak.ee\/epood\/#website\",\"url\":\"https:\/\/espak.ee\/epood\/\",\"name\":\"Espak E-pood\",\"description\":\"\",\"potentialAction\":[{\"@type\":\"SearchAction\",\"target\":{\"@type\":\"EntryPoint\",\"urlTemplate\":\"https:\/\/espak.ee\/epood\/?s={search_term_string}\"},\"query-input\":{\"@type\":\"PropertyValueSpecification\",\"valueRequired\":true,\"valueName\":\"search_term_string\"}}],\"inLanguage\":\"et\"}]}<\/script>\n<!-- \/ Yoast SEO plugin. -->","yoast_head_json":{"title":"WC-POTT ZANTE RIMOFF SEINA + SOFTCLOSE ISTE RAVAK - TELLIMISEL - Espak E-pood","robots":{"index":"index","follow":"follow","max-snippet":"max-snippet:-1","max-image-preview":"max-image-preview:large","max-video-preview":"max-video-preview:-1"},"canonical":"https:\/\/espak.ee\/epood\/toode\/wc-pott-zante-rimoff-seina-softclose-iste-ravak-tellimisel\/","og_locale":"et_EE","og_type":"article","og_title":"WC-POTT ZANTE RIMOFF SEINA + SOFTCLOSE ISTE RAVAK - TELLIMISEL - Espak E-pood","og_url":"https:\/\/espak.ee\/epood\/toode\/wc-pott-zante-rimoff-seina-softclose-iste-ravak-tellimisel\/","og_site_name":"Espak E-pood","article_modified_time":"2025-02-14T07:13:29+00:00","og_image":[{"width":1000,"height":1000,"url":"https:\/\/espak.ee\/epood\/wp-content\/uploads\/2025\/02\/wc-zante.jpg","type":"image\/jpeg"}],"twitter_card":"summary_large_image","twitter_misc":{"Est. reading time":"2 minutit"},"schema":{"@context":"https:\/\/schema.org","@graph":[{"@type":"WebPage","@id":"https:\/\/espak.ee\/epood\/toode\/wc-pott-zante-rimoff-seina-softclose-iste-ravak-tellimisel\/","url":"https:\/\/espak.ee\/epood\/toode\/wc-pott-zante-rimoff-seina-softclose-iste-ravak-tellimisel\/","name":"WC-POTT ZANTE RIMOFF SEINA + SOFTCLOSE ISTE RAVAK - TELLIMISEL - Espak E-pood","isPartOf":{"@id":"https:\/\/espak.ee\/epood\/#website"},"primaryImageOfPage":{"@id":"https:\/\/espak.ee\/epood\/toode\/wc-pott-zante-rimoff-seina-softclose-iste-ravak-tellimisel\/#primaryimage"},"image":{"@id":"https:\/\/espak.ee\/epood\/toode\/wc-pott-zante-rimoff-seina-softclose-iste-ravak-tellimisel\/#primaryimage"},"thumbnailUrl":"https:\/\/espak.ee\/epood\/wp-content\/uploads\/2025\/02\/wc-zante.jpg","datePublished":"2025-02-14T03:10:02+00:00","dateModified":"2025-02-14T07:13:29+00:00","breadcrumb":{"@id":"https:\/\/espak.ee\/epood\/toode\/wc-pott-zante-rimoff-seina-softclose-iste-ravak-tellimisel\/#breadcrumb"},"inLanguage":"et","potentialAction":[{"@type":"ReadAction","target":["https:\/\/espak.ee\/epood\/toode\/wc-pott-zante-rimoff-seina-softclose-iste-ravak-tellimisel\/"]}]},{"@type":"ImageObject","inLanguage":"et","@id":"https:\/\/espak.ee\/epood\/toode\/wc-pott-zante-rimoff-seina-softclose-iste-ravak-tellimisel\/#primaryimage","url":"https:\/\/espak.ee\/epood\/wp-content\/uploads\/2025\/02\/wc-zante.jpg","contentUrl":"https:\/\/espak.ee\/epood\/wp-content\/uploads\/2025\/02\/wc-zante.jpg","width":1000,"height":1000},{"@type":"BreadcrumbList","@id":"https:\/\/espak.ee\/epood\/toode\/wc-pott-zante-rimoff-seina-softclose-iste-ravak-tellimisel\/#breadcrumb","itemListElement":[{"@type":"ListItem","position":1,"name":"Home","item":"https:\/\/espak.ee\/epood\/"},{"@type":"ListItem","position":2,"name":"Tootevalik","item":"https:\/\/espak.ee\/epood\/tootevalik\/"},{"@type":"ListItem","position":3,"name":"WC-POTT ZANTE RIMOFF SEINA + SOFTCLOSE ISTE RAVAK &#8211; TELLIMISEL"}]},{"@type":"WebSite","@id":"https:\/\/espak.ee\/epood\/#website","url":"https:\/\/espak.ee\/epood\/","name":"Espak E-pood","description":"","potentialAction":[{"@type":"SearchAction","target":{"@type":"EntryPoint","urlTemplate":"https:\/\/espak.ee\/epood\/?s={search_term_string}"},"query-input":{"@type":"PropertyValueSpecification","valueRequired":true,"valueName":"search_term_string"}}],"inLanguage":"et"}]}},"_links":{"self":[{"href":"https:\/\/espak.ee\/epood\/wp-json\/wp\/v2\/product\/227416","targetHints":{"allow":["GET"]}}],"collection":[{"href":"https:\/\/espak.ee\/epood\/wp-json\/wp\/v2\/product"}],"about":[{"href":"https:\/\/espak.ee\/epood\/wp-json\/wp\/v2\/types\/product"}],"replies":[{"embeddable":true,"href":"https:\/\/espak.ee\/epood\/wp-json\/wp\/v2\/comments?post=227416"}],"wp:featuredmedia":[{"embeddable":true,"href":"https:\/\/espak.ee\/epood\/wp-json\/wp\/v2\/media\/227465"}],"wp:attachment":[{"href":"https:\/\/espak.ee\/epood\/wp-json\/wp\/v2\/media?parent=227416"}],"wp:term":[{"taxonomy":"product_brand","embeddable":true,"href":"https:\/\/espak.ee\/epood\/wp-json\/wp\/v2\/product_brand?post=227416"},{"taxonomy":"product_cat","embeddable":true,"href":"https:\/\/espak.ee\/epood\/wp-json\/wp\/v2\/product_cat?post=227416"},{"taxonomy":"product_tag","embeddable":true,"href":"https:\/\/espak.ee\/epood\/wp-json\/wp\/v2\/product_tag?post=227416"}],"curies":[{"name":"wp","href":"https:\/\/api.w.org\/{rel}","templated":true}]}}