{"id":226507,"date":"2025-02-06T05:10:02","date_gmt":"2025-02-06T03:10:02","guid":{"rendered":"https:\/\/espak.ee\/epood\/?post_type=product&#038;p=226507"},"modified":"2026-04-17T12:18:22","modified_gmt":"2026-04-17T09:18:22","slug":"keraamiline-tellis-kastanjebruin-21510265mm","status":"publish","type":"product","link":"https:\/\/espak.ee\/epood\/toode\/keraamiline-tellis-kastanjebruin-21510265mm\/","title":{"rendered":"KERAAMILINE TELLIS KASTANJEBRUIN 215*102*65MM"},"content":{"rendered":"<div class=\"row\"  id=\"row-1561747581\">\n\n\t<div id=\"col-345685725\" class=\"col medium-9 small-12 large-9\"  >\n\t\t\t\t<div class=\"col-inner\"  >\n\t\t\t\n\t\t\t\n<h3>Kastanjebruin keraamiline tellis Terca 215*102*65mm<\/h3>\n<p>Belgias toodetud punasekirju liivatatud pinnaga tellis.<\/p>\n<p>Kastanjebruin keraamiline tellis on saadaval k\u00e4sivormitelliste WDF formaadis.<br \/>\nWDF formaadis keraamiline tellis sobib:<br \/>\n&#8211; viimistluskivina kandvate ja mittekandvate lisaviimistluseta v\u00e4lisseinte ehitamiseks,<br \/>\n&#8211; siseseinte ja erinevate kujunduselementide ladumiseks,<br \/>\n&#8211; k\u00fcttekollete (ahjud, pliidid, kaminad) v\u00e4lisvoodri ehitamiseks,<br \/>\n&#8211; v\u00e4likaminate, grillide ja suitsuahjude ehitamiseks.<br \/>\n<strong>V\u00e4rvus: <\/strong>Punasekirju<br \/>\n<strong>Pind: <\/strong>Liiva<br \/>\n<strong>M\u00f5\u00f5dud: <\/strong>215x102x65 mm\n<\/p>\n\t\t<\/div>\n\t\t\t\t\t<\/div>\n\n\t\n\n\t<div id=\"col-654160938\" class=\"col medium-3 small-12 large-3\"  >\n\t\t\t\t<div class=\"col-inner\"  >\n\t\t\t\n\t\t\t\n\t<div id=\"gap-744163269\" class=\"gap-element clearfix\" style=\"display:block; height:auto;\">\n\t\t\n<style>\n#gap-744163269 {\n  padding-top: 30px;\n}\n<\/style>\n\t<\/div>\n\t\n<p><strong>\u00dcksikasjalikuma n\u00f5u saamiseks v\u00f5tke \u00fchendust:<br \/><\/strong>Wienerberger AS<br \/>Peterburi tee 46<br \/>11415<br \/>Tallinn<\/p>\n\t\t<\/div>\n\t\t\t\t\t<\/div>\n\n\t\n<\/div>\n","protected":false},"excerpt":{"rendered":"","protected":false},"featured_media":226543,"comment_status":"closed","ping_status":"closed","template":"","meta":[],"product_brand":[],"product_cat":[3338,3203,3337,2697],"product_tag":[],"class_list":{"0":"post-226507","1":"product","2":"type-product","3":"status-publish","4":"has-post-thumbnail","6":"product_cat-keraamiline-tellis","7":"product_cat-muurimaterjalid","8":"product_cat-tellised","9":"product_cat-uldehitus","10":"pa_kaubamark-wienerberger-as","12":"first","13":"instock","14":"sale","15":"taxable","16":"shipping-taxable","17":"purchasable","18":"product-type-simple"},"yoast_head":"<!-- This site is optimized with the Yoast SEO plugin v26.9 - https:\/\/yoast.com\/product\/yoast-seo-wordpress\/ -->\n<title>KERAAMILINE TELLIS KASTANJEBRUIN 215*102*65MM - Espak E-pood<\/title>\n<meta name=\"robots\" content=\"index, follow, max-snippet:-1, max-image-preview:large, max-video-preview:-1\" \/>\n<link rel=\"canonical\" href=\"https:\/\/espak.ee\/epood\/toode\/keraamiline-tellis-kastanjebruin-21510265mm\/\" \/>\n<meta property=\"og:locale\" content=\"et_EE\" \/>\n<meta property=\"og:type\" content=\"article\" \/>\n<meta property=\"og:title\" content=\"KERAAMILINE TELLIS KASTANJEBRUIN 215*102*65MM - Espak E-pood\" \/>\n<meta property=\"og:url\" content=\"https:\/\/espak.ee\/epood\/toode\/keraamiline-tellis-kastanjebruin-21510265mm\/\" \/>\n<meta property=\"og:site_name\" content=\"Espak E-pood\" \/>\n<meta property=\"article:modified_time\" content=\"2026-04-17T09:18:22+00:00\" \/>\n<meta property=\"og:image\" content=\"https:\/\/espak.ee\/epood\/wp-content\/uploads\/2025\/02\/2016_20190312_KVT65_Kastanjebruin-scaled.jpg\" \/>\n\t<meta property=\"og:image:width\" content=\"2048\" \/>\n\t<meta property=\"og:image:height\" content=\"2048\" \/>\n\t<meta property=\"og:image:type\" content=\"image\/jpeg\" \/>\n<meta name=\"twitter:card\" content=\"summary_large_image\" \/>\n<script type=\"application\/ld+json\" class=\"yoast-schema-graph\">{\"@context\":\"https:\/\/schema.org\",\"@graph\":[{\"@type\":\"WebPage\",\"@id\":\"https:\/\/espak.ee\/epood\/toode\/keraamiline-tellis-kastanjebruin-21510265mm\/\",\"url\":\"https:\/\/espak.ee\/epood\/toode\/keraamiline-tellis-kastanjebruin-21510265mm\/\",\"name\":\"KERAAMILINE TELLIS KASTANJEBRUIN 215*102*65MM - Espak E-pood\",\"isPartOf\":{\"@id\":\"https:\/\/espak.ee\/epood\/#website\"},\"primaryImageOfPage\":{\"@id\":\"https:\/\/espak.ee\/epood\/toode\/keraamiline-tellis-kastanjebruin-21510265mm\/#primaryimage\"},\"image\":{\"@id\":\"https:\/\/espak.ee\/epood\/toode\/keraamiline-tellis-kastanjebruin-21510265mm\/#primaryimage\"},\"thumbnailUrl\":\"https:\/\/espak.ee\/epood\/wp-content\/uploads\/2025\/02\/2016_20190312_KVT65_Kastanjebruin-scaled.jpg\",\"datePublished\":\"2025-02-06T03:10:02+00:00\",\"dateModified\":\"2026-04-17T09:18:22+00:00\",\"breadcrumb\":{\"@id\":\"https:\/\/espak.ee\/epood\/toode\/keraamiline-tellis-kastanjebruin-21510265mm\/#breadcrumb\"},\"inLanguage\":\"et\",\"potentialAction\":[{\"@type\":\"ReadAction\",\"target\":[\"https:\/\/espak.ee\/epood\/toode\/keraamiline-tellis-kastanjebruin-21510265mm\/\"]}]},{\"@type\":\"ImageObject\",\"inLanguage\":\"et\",\"@id\":\"https:\/\/espak.ee\/epood\/toode\/keraamiline-tellis-kastanjebruin-21510265mm\/#primaryimage\",\"url\":\"https:\/\/espak.ee\/epood\/wp-content\/uploads\/2025\/02\/2016_20190312_KVT65_Kastanjebruin-scaled.jpg\",\"contentUrl\":\"https:\/\/espak.ee\/epood\/wp-content\/uploads\/2025\/02\/2016_20190312_KVT65_Kastanjebruin-scaled.jpg\",\"width\":2048,\"height\":2048},{\"@type\":\"BreadcrumbList\",\"@id\":\"https:\/\/espak.ee\/epood\/toode\/keraamiline-tellis-kastanjebruin-21510265mm\/#breadcrumb\",\"itemListElement\":[{\"@type\":\"ListItem\",\"position\":1,\"name\":\"Home\",\"item\":\"https:\/\/espak.ee\/epood\/\"},{\"@type\":\"ListItem\",\"position\":2,\"name\":\"Tootevalik\",\"item\":\"https:\/\/espak.ee\/epood\/tootevalik\/\"},{\"@type\":\"ListItem\",\"position\":3,\"name\":\"KERAAMILINE TELLIS KASTANJEBRUIN 215*102*65MM\"}]},{\"@type\":\"WebSite\",\"@id\":\"https:\/\/espak.ee\/epood\/#website\",\"url\":\"https:\/\/espak.ee\/epood\/\",\"name\":\"Espak E-pood\",\"description\":\"\",\"potentialAction\":[{\"@type\":\"SearchAction\",\"target\":{\"@type\":\"EntryPoint\",\"urlTemplate\":\"https:\/\/espak.ee\/epood\/?s={search_term_string}\"},\"query-input\":{\"@type\":\"PropertyValueSpecification\",\"valueRequired\":true,\"valueName\":\"search_term_string\"}}],\"inLanguage\":\"et\"}]}<\/script>\n<!-- \/ Yoast SEO plugin. -->","yoast_head_json":{"title":"KERAAMILINE TELLIS KASTANJEBRUIN 215*102*65MM - Espak E-pood","robots":{"index":"index","follow":"follow","max-snippet":"max-snippet:-1","max-image-preview":"max-image-preview:large","max-video-preview":"max-video-preview:-1"},"canonical":"https:\/\/espak.ee\/epood\/toode\/keraamiline-tellis-kastanjebruin-21510265mm\/","og_locale":"et_EE","og_type":"article","og_title":"KERAAMILINE TELLIS KASTANJEBRUIN 215*102*65MM - Espak E-pood","og_url":"https:\/\/espak.ee\/epood\/toode\/keraamiline-tellis-kastanjebruin-21510265mm\/","og_site_name":"Espak E-pood","article_modified_time":"2026-04-17T09:18:22+00:00","og_image":[{"width":2048,"height":2048,"url":"https:\/\/espak.ee\/epood\/wp-content\/uploads\/2025\/02\/2016_20190312_KVT65_Kastanjebruin-scaled.jpg","type":"image\/jpeg"}],"twitter_card":"summary_large_image","schema":{"@context":"https:\/\/schema.org","@graph":[{"@type":"WebPage","@id":"https:\/\/espak.ee\/epood\/toode\/keraamiline-tellis-kastanjebruin-21510265mm\/","url":"https:\/\/espak.ee\/epood\/toode\/keraamiline-tellis-kastanjebruin-21510265mm\/","name":"KERAAMILINE TELLIS KASTANJEBRUIN 215*102*65MM - Espak E-pood","isPartOf":{"@id":"https:\/\/espak.ee\/epood\/#website"},"primaryImageOfPage":{"@id":"https:\/\/espak.ee\/epood\/toode\/keraamiline-tellis-kastanjebruin-21510265mm\/#primaryimage"},"image":{"@id":"https:\/\/espak.ee\/epood\/toode\/keraamiline-tellis-kastanjebruin-21510265mm\/#primaryimage"},"thumbnailUrl":"https:\/\/espak.ee\/epood\/wp-content\/uploads\/2025\/02\/2016_20190312_KVT65_Kastanjebruin-scaled.jpg","datePublished":"2025-02-06T03:10:02+00:00","dateModified":"2026-04-17T09:18:22+00:00","breadcrumb":{"@id":"https:\/\/espak.ee\/epood\/toode\/keraamiline-tellis-kastanjebruin-21510265mm\/#breadcrumb"},"inLanguage":"et","potentialAction":[{"@type":"ReadAction","target":["https:\/\/espak.ee\/epood\/toode\/keraamiline-tellis-kastanjebruin-21510265mm\/"]}]},{"@type":"ImageObject","inLanguage":"et","@id":"https:\/\/espak.ee\/epood\/toode\/keraamiline-tellis-kastanjebruin-21510265mm\/#primaryimage","url":"https:\/\/espak.ee\/epood\/wp-content\/uploads\/2025\/02\/2016_20190312_KVT65_Kastanjebruin-scaled.jpg","contentUrl":"https:\/\/espak.ee\/epood\/wp-content\/uploads\/2025\/02\/2016_20190312_KVT65_Kastanjebruin-scaled.jpg","width":2048,"height":2048},{"@type":"BreadcrumbList","@id":"https:\/\/espak.ee\/epood\/toode\/keraamiline-tellis-kastanjebruin-21510265mm\/#breadcrumb","itemListElement":[{"@type":"ListItem","position":1,"name":"Home","item":"https:\/\/espak.ee\/epood\/"},{"@type":"ListItem","position":2,"name":"Tootevalik","item":"https:\/\/espak.ee\/epood\/tootevalik\/"},{"@type":"ListItem","position":3,"name":"KERAAMILINE TELLIS KASTANJEBRUIN 215*102*65MM"}]},{"@type":"WebSite","@id":"https:\/\/espak.ee\/epood\/#website","url":"https:\/\/espak.ee\/epood\/","name":"Espak E-pood","description":"","potentialAction":[{"@type":"SearchAction","target":{"@type":"EntryPoint","urlTemplate":"https:\/\/espak.ee\/epood\/?s={search_term_string}"},"query-input":{"@type":"PropertyValueSpecification","valueRequired":true,"valueName":"search_term_string"}}],"inLanguage":"et"}]}},"_links":{"self":[{"href":"https:\/\/espak.ee\/epood\/wp-json\/wp\/v2\/product\/226507","targetHints":{"allow":["GET"]}}],"collection":[{"href":"https:\/\/espak.ee\/epood\/wp-json\/wp\/v2\/product"}],"about":[{"href":"https:\/\/espak.ee\/epood\/wp-json\/wp\/v2\/types\/product"}],"replies":[{"embeddable":true,"href":"https:\/\/espak.ee\/epood\/wp-json\/wp\/v2\/comments?post=226507"}],"wp:featuredmedia":[{"embeddable":true,"href":"https:\/\/espak.ee\/epood\/wp-json\/wp\/v2\/media\/226543"}],"wp:attachment":[{"href":"https:\/\/espak.ee\/epood\/wp-json\/wp\/v2\/media?parent=226507"}],"wp:term":[{"taxonomy":"product_brand","embeddable":true,"href":"https:\/\/espak.ee\/epood\/wp-json\/wp\/v2\/product_brand?post=226507"},{"taxonomy":"product_cat","embeddable":true,"href":"https:\/\/espak.ee\/epood\/wp-json\/wp\/v2\/product_cat?post=226507"},{"taxonomy":"product_tag","embeddable":true,"href":"https:\/\/espak.ee\/epood\/wp-json\/wp\/v2\/product_tag?post=226507"}],"curies":[{"name":"wp","href":"https:\/\/api.w.org\/{rel}","templated":true}]}}