{"id":226153,"date":"2025-02-04T05:10:13","date_gmt":"2025-02-04T03:10:13","guid":{"rendered":"https:\/\/espak.ee\/epood\/?post_type=product&#038;p=226153"},"modified":"2025-02-04T10:46:40","modified_gmt":"2025-02-04T08:46:40","slug":"rasvakustuti-tamrex-3l-fluorivaba","status":"publish","type":"product","link":"https:\/\/espak.ee\/epood\/toode\/rasvakustuti-tamrex-3l-fluorivaba\/","title":{"rendered":"RASVAKUSTUTI TAMREX 3L FLUORIVABA"},"content":{"rendered":"<div class=\"row\"  id=\"row-1096667141\">\n\n\t<div id=\"col-1868124673\" class=\"col medium-9 small-12 large-9\"  >\n\t\t\t\t<div class=\"col-inner\"  >\n\t\t\t\n\t\t\t\n<h2>TAMREX 3 L rasvakustuti, fluorivaba<\/h2>\n<div class=\"message-box relative\" style=\"padding-top:15px;padding-bottom:15px;\"><div class=\"message-box-bg-image bg-fill fill\" ><\/div><div class=\"message-box-bg-overlay bg-fill fill\" ><\/div><div class=\"container relative\"><div class=\"inner last-reset\">\n<div class=\"row align-middle align-center\"  id=\"row-1444745549\">\n\n\t<div id=\"col-840936782\" class=\"col small-12 large-12\"  >\n\t\t\t\t<div class=\"col-inner text-left\"  >\n\t\t\t\n\t\t\t\n<div class=\"row\"  id=\"row-1053710005\">\n\n\t<div id=\"col-307075226\" class=\"col medium-6 small-12 large-6\"  >\n\t\t\t\t<div class=\"col-inner\"  >\n\t\t\t\n\t\t\t\n<p><i class=\"fa fa-check  fa-2x\"><\/i><strong> PFAS\/PFOA -vaba vahuaine vastab uutele normidele<\/strong><\/p>\n<p><i class=\"fa fa-check  fa-2x\"><\/i><strong> Sobib ka tahke aine p\u00f5lengute kustutamiseks<\/strong><\/p>\n<p><i class=\"fa fa-check  fa-2x\"><\/i><strong> Pikk voolik lisab ohutust ja t\u00e4psust<\/strong><\/p>\n\t\t<\/div>\n\t\t\t\t\n<style>\n#col-307075226 > .col-inner {\n  margin: 0px 0px 15px 0px;\n}\n<\/style>\n\t<\/div>\n\n\t\n\n\t<div id=\"col-1581365168\" class=\"col medium-6 small-12 large-6\"  >\n\t\t\t\t<div class=\"col-inner\"  >\n\t\t\t\n\t\t\t\n<p><i class=\"fa fa-check fa-2x\"><\/i><strong> Efektiivsusklassid: 8A \u2013 40F<\/strong><\/p>\n<p><i class=\"fa fa-check fa-2x\"><\/i><strong> Hoiustamine\/ kasutamine: +0 \u00b0C \u2026 +60\u00b0C<\/strong><\/p>\n<p><i class=\"fa fa-check fa-2x\"><\/i><strong> Sertifikaadid: EN 3; MED; CE<\/strong><\/p>\n\t\t<\/div>\n\t\t\t\t\n<style>\n#col-1581365168 > .col-inner {\n  margin: 0px 0px 15px 0px;\n}\n<\/style>\n\t<\/div>\n\n\t\n<\/div>\n\t\t<\/div>\n\t\t\t\t\t<\/div>\n\n\t\n<\/div>\n<\/div><\/div><\/div>\n\t<div id=\"gap-344719419\" class=\"gap-element clearfix\" style=\"display:block; height:auto;\">\n\t\t\n<style>\n#gap-344719419 {\n  padding-top: 30px;\n}\n<\/style>\n\t<\/div>\n\t\n<p><strong>Alates 2025. aasta 4. juulist ei ole enam lubatud kasutada fluori sisaldavaid (PFAS \/ PFOA) tulekustutusvahtusid. TAMREXi uus rasvakustuti vastab uutele normidele.<\/strong><\/p>\n<p><strong>Miks on rasvap\u00f5lengud on ohtlikud ja keerulised kustutada?<\/strong><br \/>\nRasv on ises\u00fcttiv aine ja liigitub F-klassi p\u00f5lengut\u00fc\u00fcbi alla. Rasvained lahvatavad p\u00f5lema, kui on saavutanud piisava temperatuuri ehk ca 360 \u00b0C.<\/p>\n<p>Rasvap\u00f5lengu kustutamine on keeruline ja kustutajale potentsiaalselt ohtlik, sest juhul, kui p\u00f5leva rasva temperauuri alla ei saa, s\u00fctib see \u00fcha uuesti ning v\u00f5ib vigastada kustutajat.<\/p>\n<p><strong>Rasvakustuti v\u00f5i tuletekk?<\/strong><br \/>\nV\u00f5rreldes tuletekiga on rasvakustuti oluliselt ohutum kustutusseade. Spetsiaalne kemikaal TAMREX 3 L rasvakustuti vahuaines seebistab p\u00f5leva rasvaine ega lase sel uuesti s\u00fcttida. Fluorivaba (PFAS \/ PFOA vaba) vahuaine vastab uutele normidele, tagab hea kustutusv\u00f5imekuse ja on keskkonnas\u00f5bralikum.<\/p>\n<p><strong>Pikk voolik ja v\u00e4iksem surve<\/strong><br \/>\nTAMREX rasvakustutil on pikk voolik, mis v\u00f5imaldab kustutajal viibida ohutus kauguses p\u00f5lengust ja suunata t\u00e4psemalt kustutusjuga. Vooliku otsik pihustab kustutusainet v\u00e4iksema survega, et mitte \u00fcmber paisata p\u00f5leva rasvaga anumat.<\/p>\n<p>PS! H\u00e4sti koolitatud ja treenitud kustutaja oskab tuletekki kasutada endale viga tegemata, kuid rasvakustuti on ohutu kustutusseade ka esmakasutajatele.<\/p>\n<p><strong>Efektiivsusklassid: 8A \u2013 40F<\/strong><br \/>\nRasvakustutit saab kasutada p\u00f5leva toidu\u00f5li ja -rasva (F) kustutamiseks, aga ka tahke aine p\u00f5lengute (A) summutamiseks.<br \/>\nA-klass: tahked ja p\u00f5lemisel h\u00f5\u00f5guvad ained (puit, paber, tekstiil, plast, p\u00f5levad kiudained).<br \/>\nF-klass: toidu\u00f5lid ja -rasvad.<\/p>\n<p>TAMREX rasvakustutid sobivad kuni 1000 V pinge all olevate elektriseadmete kustutamiseks.<br \/>\nKustutusklassi t\u00e4histava t\u00e4he ees olev number m\u00e4rgib p\u00f5lengu suurust, mille on konkreetne tulekustuti v\u00f5imeline summutama (katse tulemusest johtuvalt).<\/p>\n<p><strong>Kontroll ja hooldus<\/strong><br \/>\nTooge rasvakustuti kontrolli iga 2 aasta j\u00e4rel ning hooldusesse siis, kui olete seda kasutanud.<\/p>\n\t<div id=\"gap-60803052\" class=\"gap-element clearfix\" style=\"display:block; height:auto;\">\n\t\t\n<style>\n#gap-60803052 {\n  padding-top: 30px;\n}\n<\/style>\n\t<\/div>\n\t\n\t\t<\/div>\n\t\t\t\t\t<\/div>\n\n\t\n\n\t<div id=\"col-1821338677\" class=\"col medium-3 small-12 large-3\"  >\n\t\t\t\t<div class=\"col-inner\"  >\n\t\t\t\n\t\t\t\n\t<div id=\"gap-2079647197\" class=\"gap-element clearfix\" style=\"display:block; height:auto;\">\n\t\t\n<style>\n#gap-2079647197 {\n  padding-top: 30px;\n}\n<\/style>\n\t<\/div>\n\t\n<div class=\"is-divider divider clearfix\" ><\/div>\n<p><strong>\u00dcksikasjalikuma n\u00f5u saamiseks v\u00f5tke \u00fchendust:<br \/><\/strong>Tamrex Ohutuse O\u00dc<br \/>Laki 5<br \/>10621<br \/>Tallinn<br \/>+372 654 9900<\/p>\n<div class=\"is-divider divider clearfix\" ><\/div>\n\t\t<\/div>\n\t\t\t\t\t<\/div>\n\n\t\n<\/div>\n","protected":false},"excerpt":{"rendered":"","protected":false},"featured_media":226222,"comment_status":"closed","ping_status":"closed","template":"","meta":[],"product_brand":[],"product_cat":[2788,2973,3036,2972],"product_tag":[],"class_list":{"0":"post-226153","1":"product","2":"type-product","3":"status-publish","4":"has-post-thumbnail","6":"product_cat-aiatarbed-ja-kodukaubad","7":"product_cat-isikukaitsevahendid","8":"product_cat-muud-isikukaitsevahendid","9":"product_cat-tookaitsevahendid","10":"pa_kaubamark-tamrex-ohutuse-ou","12":"first","13":"instock","14":"sale","15":"taxable","16":"shipping-taxable","17":"purchasable","18":"product-type-simple"},"yoast_head":"<!-- This site is optimized with the Yoast SEO plugin v26.9 - https:\/\/yoast.com\/product\/yoast-seo-wordpress\/ -->\n<title>RASVAKUSTUTI TAMREX 3L FLUORIVABA - Espak E-pood<\/title>\n<meta name=\"robots\" content=\"index, follow, max-snippet:-1, max-image-preview:large, max-video-preview:-1\" \/>\n<link rel=\"canonical\" href=\"https:\/\/espak.ee\/epood\/toode\/rasvakustuti-tamrex-3l-fluorivaba\/\" \/>\n<meta property=\"og:locale\" content=\"et_EE\" \/>\n<meta property=\"og:type\" content=\"article\" \/>\n<meta property=\"og:title\" content=\"RASVAKUSTUTI TAMREX 3L FLUORIVABA - Espak E-pood\" \/>\n<meta property=\"og:url\" content=\"https:\/\/espak.ee\/epood\/toode\/rasvakustuti-tamrex-3l-fluorivaba\/\" \/>\n<meta property=\"og:site_name\" content=\"Espak E-pood\" \/>\n<meta property=\"article:modified_time\" content=\"2025-02-04T08:46:40+00:00\" \/>\n<meta property=\"og:image\" content=\"https:\/\/espak.ee\/epood\/wp-content\/uploads\/2025\/02\/tamrex-3-l-rasvakustuti-fluorivaba-2.jpg\" \/>\n\t<meta property=\"og:image:width\" content=\"1000\" \/>\n\t<meta property=\"og:image:height\" content=\"1000\" \/>\n\t<meta property=\"og:image:type\" content=\"image\/jpeg\" \/>\n<meta name=\"twitter:card\" content=\"summary_large_image\" \/>\n<meta name=\"twitter:label1\" content=\"Est. reading time\" \/>\n\t<meta name=\"twitter:data1\" content=\"2 minutit\" \/>\n<script type=\"application\/ld+json\" class=\"yoast-schema-graph\">{\"@context\":\"https:\/\/schema.org\",\"@graph\":[{\"@type\":\"WebPage\",\"@id\":\"https:\/\/espak.ee\/epood\/toode\/rasvakustuti-tamrex-3l-fluorivaba\/\",\"url\":\"https:\/\/espak.ee\/epood\/toode\/rasvakustuti-tamrex-3l-fluorivaba\/\",\"name\":\"RASVAKUSTUTI TAMREX 3L FLUORIVABA - Espak E-pood\",\"isPartOf\":{\"@id\":\"https:\/\/espak.ee\/epood\/#website\"},\"primaryImageOfPage\":{\"@id\":\"https:\/\/espak.ee\/epood\/toode\/rasvakustuti-tamrex-3l-fluorivaba\/#primaryimage\"},\"image\":{\"@id\":\"https:\/\/espak.ee\/epood\/toode\/rasvakustuti-tamrex-3l-fluorivaba\/#primaryimage\"},\"thumbnailUrl\":\"https:\/\/espak.ee\/epood\/wp-content\/uploads\/2025\/02\/tamrex-3-l-rasvakustuti-fluorivaba-2.jpg\",\"datePublished\":\"2025-02-04T03:10:13+00:00\",\"dateModified\":\"2025-02-04T08:46:40+00:00\",\"breadcrumb\":{\"@id\":\"https:\/\/espak.ee\/epood\/toode\/rasvakustuti-tamrex-3l-fluorivaba\/#breadcrumb\"},\"inLanguage\":\"et\",\"potentialAction\":[{\"@type\":\"ReadAction\",\"target\":[\"https:\/\/espak.ee\/epood\/toode\/rasvakustuti-tamrex-3l-fluorivaba\/\"]}]},{\"@type\":\"ImageObject\",\"inLanguage\":\"et\",\"@id\":\"https:\/\/espak.ee\/epood\/toode\/rasvakustuti-tamrex-3l-fluorivaba\/#primaryimage\",\"url\":\"https:\/\/espak.ee\/epood\/wp-content\/uploads\/2025\/02\/tamrex-3-l-rasvakustuti-fluorivaba-2.jpg\",\"contentUrl\":\"https:\/\/espak.ee\/epood\/wp-content\/uploads\/2025\/02\/tamrex-3-l-rasvakustuti-fluorivaba-2.jpg\",\"width\":1000,\"height\":1000},{\"@type\":\"BreadcrumbList\",\"@id\":\"https:\/\/espak.ee\/epood\/toode\/rasvakustuti-tamrex-3l-fluorivaba\/#breadcrumb\",\"itemListElement\":[{\"@type\":\"ListItem\",\"position\":1,\"name\":\"Home\",\"item\":\"https:\/\/espak.ee\/epood\/\"},{\"@type\":\"ListItem\",\"position\":2,\"name\":\"Tootevalik\",\"item\":\"https:\/\/espak.ee\/epood\/tootevalik\/\"},{\"@type\":\"ListItem\",\"position\":3,\"name\":\"RASVAKUSTUTI TAMREX 3L FLUORIVABA\"}]},{\"@type\":\"WebSite\",\"@id\":\"https:\/\/espak.ee\/epood\/#website\",\"url\":\"https:\/\/espak.ee\/epood\/\",\"name\":\"Espak E-pood\",\"description\":\"\",\"potentialAction\":[{\"@type\":\"SearchAction\",\"target\":{\"@type\":\"EntryPoint\",\"urlTemplate\":\"https:\/\/espak.ee\/epood\/?s={search_term_string}\"},\"query-input\":{\"@type\":\"PropertyValueSpecification\",\"valueRequired\":true,\"valueName\":\"search_term_string\"}}],\"inLanguage\":\"et\"}]}<\/script>\n<!-- \/ Yoast SEO plugin. -->","yoast_head_json":{"title":"RASVAKUSTUTI TAMREX 3L FLUORIVABA - Espak E-pood","robots":{"index":"index","follow":"follow","max-snippet":"max-snippet:-1","max-image-preview":"max-image-preview:large","max-video-preview":"max-video-preview:-1"},"canonical":"https:\/\/espak.ee\/epood\/toode\/rasvakustuti-tamrex-3l-fluorivaba\/","og_locale":"et_EE","og_type":"article","og_title":"RASVAKUSTUTI TAMREX 3L FLUORIVABA - Espak E-pood","og_url":"https:\/\/espak.ee\/epood\/toode\/rasvakustuti-tamrex-3l-fluorivaba\/","og_site_name":"Espak E-pood","article_modified_time":"2025-02-04T08:46:40+00:00","og_image":[{"width":1000,"height":1000,"url":"https:\/\/espak.ee\/epood\/wp-content\/uploads\/2025\/02\/tamrex-3-l-rasvakustuti-fluorivaba-2.jpg","type":"image\/jpeg"}],"twitter_card":"summary_large_image","twitter_misc":{"Est. reading time":"2 minutit"},"schema":{"@context":"https:\/\/schema.org","@graph":[{"@type":"WebPage","@id":"https:\/\/espak.ee\/epood\/toode\/rasvakustuti-tamrex-3l-fluorivaba\/","url":"https:\/\/espak.ee\/epood\/toode\/rasvakustuti-tamrex-3l-fluorivaba\/","name":"RASVAKUSTUTI TAMREX 3L FLUORIVABA - Espak E-pood","isPartOf":{"@id":"https:\/\/espak.ee\/epood\/#website"},"primaryImageOfPage":{"@id":"https:\/\/espak.ee\/epood\/toode\/rasvakustuti-tamrex-3l-fluorivaba\/#primaryimage"},"image":{"@id":"https:\/\/espak.ee\/epood\/toode\/rasvakustuti-tamrex-3l-fluorivaba\/#primaryimage"},"thumbnailUrl":"https:\/\/espak.ee\/epood\/wp-content\/uploads\/2025\/02\/tamrex-3-l-rasvakustuti-fluorivaba-2.jpg","datePublished":"2025-02-04T03:10:13+00:00","dateModified":"2025-02-04T08:46:40+00:00","breadcrumb":{"@id":"https:\/\/espak.ee\/epood\/toode\/rasvakustuti-tamrex-3l-fluorivaba\/#breadcrumb"},"inLanguage":"et","potentialAction":[{"@type":"ReadAction","target":["https:\/\/espak.ee\/epood\/toode\/rasvakustuti-tamrex-3l-fluorivaba\/"]}]},{"@type":"ImageObject","inLanguage":"et","@id":"https:\/\/espak.ee\/epood\/toode\/rasvakustuti-tamrex-3l-fluorivaba\/#primaryimage","url":"https:\/\/espak.ee\/epood\/wp-content\/uploads\/2025\/02\/tamrex-3-l-rasvakustuti-fluorivaba-2.jpg","contentUrl":"https:\/\/espak.ee\/epood\/wp-content\/uploads\/2025\/02\/tamrex-3-l-rasvakustuti-fluorivaba-2.jpg","width":1000,"height":1000},{"@type":"BreadcrumbList","@id":"https:\/\/espak.ee\/epood\/toode\/rasvakustuti-tamrex-3l-fluorivaba\/#breadcrumb","itemListElement":[{"@type":"ListItem","position":1,"name":"Home","item":"https:\/\/espak.ee\/epood\/"},{"@type":"ListItem","position":2,"name":"Tootevalik","item":"https:\/\/espak.ee\/epood\/tootevalik\/"},{"@type":"ListItem","position":3,"name":"RASVAKUSTUTI TAMREX 3L FLUORIVABA"}]},{"@type":"WebSite","@id":"https:\/\/espak.ee\/epood\/#website","url":"https:\/\/espak.ee\/epood\/","name":"Espak E-pood","description":"","potentialAction":[{"@type":"SearchAction","target":{"@type":"EntryPoint","urlTemplate":"https:\/\/espak.ee\/epood\/?s={search_term_string}"},"query-input":{"@type":"PropertyValueSpecification","valueRequired":true,"valueName":"search_term_string"}}],"inLanguage":"et"}]}},"_links":{"self":[{"href":"https:\/\/espak.ee\/epood\/wp-json\/wp\/v2\/product\/226153","targetHints":{"allow":["GET"]}}],"collection":[{"href":"https:\/\/espak.ee\/epood\/wp-json\/wp\/v2\/product"}],"about":[{"href":"https:\/\/espak.ee\/epood\/wp-json\/wp\/v2\/types\/product"}],"replies":[{"embeddable":true,"href":"https:\/\/espak.ee\/epood\/wp-json\/wp\/v2\/comments?post=226153"}],"wp:featuredmedia":[{"embeddable":true,"href":"https:\/\/espak.ee\/epood\/wp-json\/wp\/v2\/media\/226222"}],"wp:attachment":[{"href":"https:\/\/espak.ee\/epood\/wp-json\/wp\/v2\/media?parent=226153"}],"wp:term":[{"taxonomy":"product_brand","embeddable":true,"href":"https:\/\/espak.ee\/epood\/wp-json\/wp\/v2\/product_brand?post=226153"},{"taxonomy":"product_cat","embeddable":true,"href":"https:\/\/espak.ee\/epood\/wp-json\/wp\/v2\/product_cat?post=226153"},{"taxonomy":"product_tag","embeddable":true,"href":"https:\/\/espak.ee\/epood\/wp-json\/wp\/v2\/product_tag?post=226153"}],"curies":[{"name":"wp","href":"https:\/\/api.w.org\/{rel}","templated":true}]}}