{"id":225814,"date":"2025-01-31T05:10:02","date_gmt":"2025-01-31T03:10:02","guid":{"rendered":"https:\/\/espak.ee\/epood\/?post_type=product&#038;p=225814"},"modified":"2025-01-31T13:36:33","modified_gmt":"2025-01-31T11:36:33","slug":"esmaabikohver-xl-compact-tamrex","status":"publish","type":"product","link":"https:\/\/espak.ee\/epood\/toode\/esmaabikohver-xl-compact-tamrex\/","title":{"rendered":"ESMAABIKOHVER XL COMPACT  TAMREX"},"content":{"rendered":"<div class=\"row\"  id=\"row-593426452\">\n\n\t<div id=\"col-1140112179\" class=\"col medium-9 small-12 large-9\"  >\n\t\t\t\t<div class=\"col-inner\"  >\n\t\t\t\n\t\t\t\n<h3>TAMREX esmaabikohver XL Compact<\/h3>\n<p>Esmaabikomplekt ettev\u00f5ttetesse ja asutustesse sisaldab seadusega etten\u00e4htud komponentidele lisaks palju teisi vajalikke tarvikuid lisaturvalisuse tagamiseks. Plastiklahtrid hoiavad kohvrisisu alati korras, nii on k\u00f5ik vajalik kergelt leitav.\n<\/p>\n<p>Sisu loetelu: <\/strong><br \/>\n&#8211; Plaaster, v\u00e4ike 19 x 72 mm 16 tk<br \/>\n&#8211; Plaaster, suur 6 x 9 cm 8 tk<br \/>\n&#8211; Steriilne haavatampoon 5 x 5 cm (5 tk pakis) 3 pk<br \/>\n&#8211; Steriilne haavatampoon 7,5 x 7,5cm (5 tk pakis) 3 pk<br \/>\n&#8211; Steriilne haavapadi 10 x 10 cm (5 tk pakis) 3 pk<br \/>\n&#8211; Steriiline side haavatampooniga 2 tk<br \/>\n&#8211; Haavapuhastuslapp desinfitseeriva ainega 12 tk<br \/>\n&#8211; Elastikside 10 cm 2 rulli<br \/>\n&#8211; Elastikside 15 cm 2 rulli<br \/>\n&#8211; Kinnitusplaaster 1,25 cm x 9,1 m 2 rulli<br \/>\n&#8211; Kaitsekindad\t2 paari<br \/>\n&#8211; Kaitsemask Ambu 1 tk<br \/>\n&#8211; Kolmnurkr\u00e4tik, roheline 2 tk<br \/>\n&#8211; Turval\u00f5ikur 1 tk<br \/>\n&#8211; Soojendustekk\t1 tk<br \/>\n&#8211; Silmaloputussprei, 150 ml 1 tk<br \/>\n&#8211; P\u00f5letusvastane geel (50 ml) 1 tk<br \/>\n&#8211; K\u00fclmkompress 1 tk<br \/>\n&#8211; Isekinnituv elastne tugiside (CO-side) 7,5cm 1 rulli<br \/>\n&#8211; Plastikust kohver, oran\u017e 28 x 18 x 10 cm 1 tk<br \/>\n&#8211; Esmaabi andmise juhend, EPR voldik 1 tk<br \/>\n&#8211; Esmaabivahendite kasutusjuhend 1 tk<br \/>\n\t\t<\/div>\n\t\t\t\t\t<\/div>\n\n\t\n\n\t<div id=\"col-1021190549\" class=\"col medium-3 small-12 large-3\"  >\n\t\t\t\t<div class=\"col-inner\"  >\n\t\t\t\n\t\t\t\n\t<div id=\"gap-941876011\" class=\"gap-element clearfix\" style=\"display:block; height:auto;\">\n\t\t\n<style>\n#gap-941876011 {\n  padding-top: 30px;\n}\n<\/style>\n\t<\/div>\n\t\n<p><strong>\u00dcksikasjalikuma n\u00f5u saamiseks v\u00f5tke \u00fchendust:<br \/><\/strong>Tamrex Ohutuse O\u00dc<br \/>Laki 5<br \/>10621<br \/>Tallinn<br \/>+372 654 9900<\/p>\n\t\t<\/div>\n\t\t\t\t\t<\/div>\n\n\t\n<\/div>\n","protected":false},"excerpt":{"rendered":"","protected":false},"featured_media":225908,"comment_status":"closed","ping_status":"closed","template":"","meta":[],"product_brand":[],"product_cat":[2788,2973,3036,2972],"product_tag":[],"class_list":{"0":"post-225814","1":"product","2":"type-product","3":"status-publish","4":"has-post-thumbnail","6":"product_cat-aiatarbed-ja-kodukaubad","7":"product_cat-isikukaitsevahendid","8":"product_cat-muud-isikukaitsevahendid","9":"product_cat-tookaitsevahendid","10":"pa_kaubamark-tamrex-ohutuse-ou","12":"first","13":"instock","14":"sale","15":"taxable","16":"shipping-taxable","17":"purchasable","18":"product-type-simple"},"yoast_head":"<!-- This site is optimized with the Yoast SEO plugin v26.9 - https:\/\/yoast.com\/product\/yoast-seo-wordpress\/ -->\n<title>ESMAABIKOHVER XL COMPACT TAMREX - Espak E-pood<\/title>\n<meta name=\"robots\" content=\"index, follow, max-snippet:-1, max-image-preview:large, max-video-preview:-1\" \/>\n<link rel=\"canonical\" href=\"https:\/\/espak.ee\/epood\/toode\/esmaabikohver-xl-compact-tamrex\/\" \/>\n<meta property=\"og:locale\" content=\"et_EE\" \/>\n<meta property=\"og:type\" content=\"article\" \/>\n<meta property=\"og:title\" content=\"ESMAABIKOHVER XL COMPACT TAMREX - Espak E-pood\" \/>\n<meta property=\"og:url\" content=\"https:\/\/espak.ee\/epood\/toode\/esmaabikohver-xl-compact-tamrex\/\" \/>\n<meta property=\"og:site_name\" content=\"Espak E-pood\" \/>\n<meta property=\"article:modified_time\" content=\"2025-01-31T11:36:33+00:00\" \/>\n<meta property=\"og:image\" content=\"https:\/\/espak.ee\/epood\/wp-content\/uploads\/2025\/01\/tamrex-esmaabikohver-xl-compact.jpg\" \/>\n\t<meta property=\"og:image:width\" content=\"1000\" \/>\n\t<meta property=\"og:image:height\" content=\"1000\" \/>\n\t<meta property=\"og:image:type\" content=\"image\/jpeg\" \/>\n<meta name=\"twitter:card\" content=\"summary_large_image\" \/>\n<meta name=\"twitter:label1\" content=\"Est. reading time\" \/>\n\t<meta name=\"twitter:data1\" content=\"1 minut\" \/>\n<script type=\"application\/ld+json\" class=\"yoast-schema-graph\">{\"@context\":\"https:\/\/schema.org\",\"@graph\":[{\"@type\":\"WebPage\",\"@id\":\"https:\/\/espak.ee\/epood\/toode\/esmaabikohver-xl-compact-tamrex\/\",\"url\":\"https:\/\/espak.ee\/epood\/toode\/esmaabikohver-xl-compact-tamrex\/\",\"name\":\"ESMAABIKOHVER XL COMPACT TAMREX - Espak E-pood\",\"isPartOf\":{\"@id\":\"https:\/\/espak.ee\/epood\/#website\"},\"primaryImageOfPage\":{\"@id\":\"https:\/\/espak.ee\/epood\/toode\/esmaabikohver-xl-compact-tamrex\/#primaryimage\"},\"image\":{\"@id\":\"https:\/\/espak.ee\/epood\/toode\/esmaabikohver-xl-compact-tamrex\/#primaryimage\"},\"thumbnailUrl\":\"https:\/\/espak.ee\/epood\/wp-content\/uploads\/2025\/01\/tamrex-esmaabikohver-xl-compact.jpg\",\"datePublished\":\"2025-01-31T03:10:02+00:00\",\"dateModified\":\"2025-01-31T11:36:33+00:00\",\"breadcrumb\":{\"@id\":\"https:\/\/espak.ee\/epood\/toode\/esmaabikohver-xl-compact-tamrex\/#breadcrumb\"},\"inLanguage\":\"et\",\"potentialAction\":[{\"@type\":\"ReadAction\",\"target\":[\"https:\/\/espak.ee\/epood\/toode\/esmaabikohver-xl-compact-tamrex\/\"]}]},{\"@type\":\"ImageObject\",\"inLanguage\":\"et\",\"@id\":\"https:\/\/espak.ee\/epood\/toode\/esmaabikohver-xl-compact-tamrex\/#primaryimage\",\"url\":\"https:\/\/espak.ee\/epood\/wp-content\/uploads\/2025\/01\/tamrex-esmaabikohver-xl-compact.jpg\",\"contentUrl\":\"https:\/\/espak.ee\/epood\/wp-content\/uploads\/2025\/01\/tamrex-esmaabikohver-xl-compact.jpg\",\"width\":1000,\"height\":1000},{\"@type\":\"BreadcrumbList\",\"@id\":\"https:\/\/espak.ee\/epood\/toode\/esmaabikohver-xl-compact-tamrex\/#breadcrumb\",\"itemListElement\":[{\"@type\":\"ListItem\",\"position\":1,\"name\":\"Home\",\"item\":\"https:\/\/espak.ee\/epood\/\"},{\"@type\":\"ListItem\",\"position\":2,\"name\":\"Tootevalik\",\"item\":\"https:\/\/espak.ee\/epood\/tootevalik\/\"},{\"@type\":\"ListItem\",\"position\":3,\"name\":\"ESMAABIKOHVER XL COMPACT TAMREX\"}]},{\"@type\":\"WebSite\",\"@id\":\"https:\/\/espak.ee\/epood\/#website\",\"url\":\"https:\/\/espak.ee\/epood\/\",\"name\":\"Espak E-pood\",\"description\":\"\",\"potentialAction\":[{\"@type\":\"SearchAction\",\"target\":{\"@type\":\"EntryPoint\",\"urlTemplate\":\"https:\/\/espak.ee\/epood\/?s={search_term_string}\"},\"query-input\":{\"@type\":\"PropertyValueSpecification\",\"valueRequired\":true,\"valueName\":\"search_term_string\"}}],\"inLanguage\":\"et\"}]}<\/script>\n<!-- \/ Yoast SEO plugin. -->","yoast_head_json":{"title":"ESMAABIKOHVER XL COMPACT TAMREX - Espak E-pood","robots":{"index":"index","follow":"follow","max-snippet":"max-snippet:-1","max-image-preview":"max-image-preview:large","max-video-preview":"max-video-preview:-1"},"canonical":"https:\/\/espak.ee\/epood\/toode\/esmaabikohver-xl-compact-tamrex\/","og_locale":"et_EE","og_type":"article","og_title":"ESMAABIKOHVER XL COMPACT TAMREX - Espak E-pood","og_url":"https:\/\/espak.ee\/epood\/toode\/esmaabikohver-xl-compact-tamrex\/","og_site_name":"Espak E-pood","article_modified_time":"2025-01-31T11:36:33+00:00","og_image":[{"width":1000,"height":1000,"url":"https:\/\/espak.ee\/epood\/wp-content\/uploads\/2025\/01\/tamrex-esmaabikohver-xl-compact.jpg","type":"image\/jpeg"}],"twitter_card":"summary_large_image","twitter_misc":{"Est. reading time":"1 minut"},"schema":{"@context":"https:\/\/schema.org","@graph":[{"@type":"WebPage","@id":"https:\/\/espak.ee\/epood\/toode\/esmaabikohver-xl-compact-tamrex\/","url":"https:\/\/espak.ee\/epood\/toode\/esmaabikohver-xl-compact-tamrex\/","name":"ESMAABIKOHVER XL COMPACT TAMREX - Espak E-pood","isPartOf":{"@id":"https:\/\/espak.ee\/epood\/#website"},"primaryImageOfPage":{"@id":"https:\/\/espak.ee\/epood\/toode\/esmaabikohver-xl-compact-tamrex\/#primaryimage"},"image":{"@id":"https:\/\/espak.ee\/epood\/toode\/esmaabikohver-xl-compact-tamrex\/#primaryimage"},"thumbnailUrl":"https:\/\/espak.ee\/epood\/wp-content\/uploads\/2025\/01\/tamrex-esmaabikohver-xl-compact.jpg","datePublished":"2025-01-31T03:10:02+00:00","dateModified":"2025-01-31T11:36:33+00:00","breadcrumb":{"@id":"https:\/\/espak.ee\/epood\/toode\/esmaabikohver-xl-compact-tamrex\/#breadcrumb"},"inLanguage":"et","potentialAction":[{"@type":"ReadAction","target":["https:\/\/espak.ee\/epood\/toode\/esmaabikohver-xl-compact-tamrex\/"]}]},{"@type":"ImageObject","inLanguage":"et","@id":"https:\/\/espak.ee\/epood\/toode\/esmaabikohver-xl-compact-tamrex\/#primaryimage","url":"https:\/\/espak.ee\/epood\/wp-content\/uploads\/2025\/01\/tamrex-esmaabikohver-xl-compact.jpg","contentUrl":"https:\/\/espak.ee\/epood\/wp-content\/uploads\/2025\/01\/tamrex-esmaabikohver-xl-compact.jpg","width":1000,"height":1000},{"@type":"BreadcrumbList","@id":"https:\/\/espak.ee\/epood\/toode\/esmaabikohver-xl-compact-tamrex\/#breadcrumb","itemListElement":[{"@type":"ListItem","position":1,"name":"Home","item":"https:\/\/espak.ee\/epood\/"},{"@type":"ListItem","position":2,"name":"Tootevalik","item":"https:\/\/espak.ee\/epood\/tootevalik\/"},{"@type":"ListItem","position":3,"name":"ESMAABIKOHVER XL COMPACT TAMREX"}]},{"@type":"WebSite","@id":"https:\/\/espak.ee\/epood\/#website","url":"https:\/\/espak.ee\/epood\/","name":"Espak E-pood","description":"","potentialAction":[{"@type":"SearchAction","target":{"@type":"EntryPoint","urlTemplate":"https:\/\/espak.ee\/epood\/?s={search_term_string}"},"query-input":{"@type":"PropertyValueSpecification","valueRequired":true,"valueName":"search_term_string"}}],"inLanguage":"et"}]}},"_links":{"self":[{"href":"https:\/\/espak.ee\/epood\/wp-json\/wp\/v2\/product\/225814","targetHints":{"allow":["GET"]}}],"collection":[{"href":"https:\/\/espak.ee\/epood\/wp-json\/wp\/v2\/product"}],"about":[{"href":"https:\/\/espak.ee\/epood\/wp-json\/wp\/v2\/types\/product"}],"replies":[{"embeddable":true,"href":"https:\/\/espak.ee\/epood\/wp-json\/wp\/v2\/comments?post=225814"}],"wp:featuredmedia":[{"embeddable":true,"href":"https:\/\/espak.ee\/epood\/wp-json\/wp\/v2\/media\/225908"}],"wp:attachment":[{"href":"https:\/\/espak.ee\/epood\/wp-json\/wp\/v2\/media?parent=225814"}],"wp:term":[{"taxonomy":"product_brand","embeddable":true,"href":"https:\/\/espak.ee\/epood\/wp-json\/wp\/v2\/product_brand?post=225814"},{"taxonomy":"product_cat","embeddable":true,"href":"https:\/\/espak.ee\/epood\/wp-json\/wp\/v2\/product_cat?post=225814"},{"taxonomy":"product_tag","embeddable":true,"href":"https:\/\/espak.ee\/epood\/wp-json\/wp\/v2\/product_tag?post=225814"}],"curies":[{"name":"wp","href":"https:\/\/api.w.org\/{rel}","templated":true}]}}