{"id":225588,"date":"2025-01-29T05:10:01","date_gmt":"2025-01-29T03:10:01","guid":{"rendered":"https:\/\/espak.ee\/epood\/?post_type=product&#038;p=225588"},"modified":"2025-01-29T10:34:15","modified_gmt":"2025-01-29T08:34:15","slug":"talvejope-helly-hansen-kensington-must-s","status":"publish","type":"product","link":"https:\/\/espak.ee\/epood\/toode\/talvejope-helly-hansen-kensington-must-s\/","title":{"rendered":"TALVEJOPE HELLY HANSEN KENSINGTON MUST S"},"content":{"rendered":"<div class=\"row\"  id=\"row-727708375\">\n\n\t<div id=\"col-1932508488\" class=\"col medium-9 small-12 large-9\"  >\n\t\t\t\t<div class=\"col-inner\"  >\n\t\t\t\n\t\t\t\n<h3>Helly Hansen KENSINGTON talvejope must S<\/h3>\n<p>Helly Hansen Kensington talvejope on kombinatsioon parimatest materjalidest (Lifaloft\u2122, Primaloft\u00ae ja Helly Tech\u00ae Professional), et jope oleks hingav, veekindel ning soe.\n<\/p>\n<div class=\"message-box relative\" style=\"padding-top:15px;padding-bottom:15px;\"><div class=\"message-box-bg-image bg-fill fill\" ><\/div><div class=\"message-box-bg-overlay bg-fill fill\" ><\/div><div class=\"container relative\"><div class=\"inner last-reset\">\n<div class=\"row align-middle align-center\"  id=\"row-457959212\">\n\n\t<div id=\"col-790421833\" class=\"col small-12 large-12\"  >\n\t\t\t\t<div class=\"col-inner text-left\"  >\n\t\t\t\n\t\t\t\n<h4>Omadused<\/h4>\n<div class=\"row\"  id=\"row-1024002838\">\n\n\t<div id=\"col-657200796\" class=\"col medium-6 small-12 large-6\"  >\n\t\t\t\t<div class=\"col-inner\"  >\n\t\t\t\n\t\t\t\n<p><i class=\"fa fa-check fa-2x\"><\/i> <strong>Veekidel, tuulekindel ja hingav <\/strong> <\/p>\n<p><i class=\"fa fa-check fa-2x\"><\/i> <strong>Teibitud \u00f5mblused<\/strong> <\/p>\n<p><i class=\"fa fa-check fa-2x\"><\/i> <strong>Kahes suunas (horisontaalselt ja vertikaalselt) reguleeritav kapuuts<\/strong> <\/p>\n\t\t<\/div>\n\t\t\t\t\n<style>\n#col-657200796 > .col-inner {\n  margin: 10px 0px 15px 0px;\n}\n<\/style>\n\t<\/div>\n\n\t\n\n\t<div id=\"col-653752436\" class=\"col medium-6 small-12 large-6\"  >\n\t\t\t\t<div class=\"col-inner\"  >\n\t\t\t\n\t\t\t\n<p><i class=\"fa fa-check fa-2x\"><\/i> <strong> YKK\u00ae lukuga ventilatsiooniavad kaenla all<\/strong><\/p>\n<p><i class=\"fa fa-check fa-2x\"><\/i> <strong>Pikendatud seljaosa<\/strong><\/p>\n\t\t<\/div>\n\t\t\t\t\n<style>\n#col-653752436 > .col-inner {\n  margin: 10px 0px 15px 0px;\n}\n<\/style>\n\t<\/div>\n\n\t\n<\/div>\n\t\t<\/div>\n\t\t\t\t\t<\/div>\n\n\t\n<\/div>\n<\/div><\/div><\/div>\n\t<div id=\"gap-1326019149\" class=\"gap-element clearfix\" style=\"display:block; height:auto;\">\n\t\t\n<style>\n#gap-1326019149 {\n  padding-top: 30px;\n}\n<\/style>\n\t<\/div>\n\t\n<p><strong>Materjal: <\/strong><br \/>\nPeamine: 100% pol\u00fcester &#8211; 215g\/m\u00b2; Vooder : 100% pol\u00fcester (taaskasutatud), Voodri varrukad: 100% pol\u00fcester (taaskasutatud)<br \/>\nVeepidavus: 20.000<br \/>\nHingavus: 15.000<br \/>\nOeko-Tex sertifitseeritud ja Bluesign heakskiidetud materjalid<\/p>\n<p>&#8211; EN 343:2019 klass 4,1<br \/>\n&#8211; EN 14058:2017 klass 3<br \/>\n&#8211; Helly Tech\u00ae Professional membraan<br \/>\n&#8211; LIFALOFT\u2122 soojustus<br \/>\n&#8211; Primaloft\u00ae Black Eco soojustus<br \/>\n&#8211; Eemaldatav kapuuts<br \/>\n&#8211; Elastse pingutusn\u00f6\u00f6riga reguleeritav, vooderdatud ning harjatud pol\u00fcestrist pehme krae<br \/>\n&#8211; Ilma \u00f5la\u00f5mblusteta<br \/>\n&#8211; YKK\u00ae lukk, l\u00f5uakaitse<br \/>\n&#8211; Tormiklapp<br \/>\n&#8211; YKK\u00ae luku ja pehme voodriga k\u00fcljetaskud<br \/>\n&#8211; Life Pocket\u2122<br \/>\n&#8211; Sisetaskud<br \/>\n&#8211; Eelpainutatud varrukad, maksimaalse liikuvuse tagamiseks<br \/>\n&#8211; Reguleeritavad varruka otsad<br \/>\n&#8211; Randmetel tuulet\u00f5ke<br \/>\n&#8211; Elastse npingutusn\u00f6\u00f6riga reguleeritav alumine \u00e4\u00e4r (taskust)<br \/>\n&#8211; Helkurdetailid<\/p>\n\t\t<\/div>\n\t\t\t\t\t<\/div>\n\n\t\n\n\t<div id=\"col-701526495\" class=\"col medium-3 small-12 large-3\"  >\n\t\t\t\t<div class=\"col-inner\"  >\n\t\t\t\n\t\t\t\n<div class=\"is-divider divider clearfix\" ><\/div>\n<p><strong>\u00dcksikasjalikuma n\u00f5u saamiseks v\u00f5tke \u00fchendust:<br \/><\/strong>Tamec Trade O\u00dc<br \/>Kadaka tee 3\/2<br \/>10621<br \/>Tallinn<br \/>+372 5214 218<\/p>\n\t\t<\/div>\n\t\t\t\t\t<\/div>\n\n\t\n<\/div>\n","protected":false},"excerpt":{"rendered":"","protected":false},"featured_media":225641,"comment_status":"closed","ping_status":"closed","template":"","meta":[],"product_brand":[],"product_cat":[2788,3025,2972,3023],"product_tag":[],"class_list":{"0":"post-225588","1":"product","2":"type-product","3":"status-publish","4":"has-post-thumbnail","6":"product_cat-aiatarbed-ja-kodukaubad","7":"product_cat-riided","8":"product_cat-tookaitsevahendid","9":"product_cat-tooroivad","10":"pa_kaubamark-tamec-trade-ou","12":"first","13":"outofstock","14":"sale","15":"taxable","16":"shipping-taxable","17":"purchasable","18":"product-type-simple"},"yoast_head":"<!-- This site is optimized with the Yoast SEO plugin v26.9 - https:\/\/yoast.com\/product\/yoast-seo-wordpress\/ -->\n<title>TALVEJOPE HELLY HANSEN KENSINGTON MUST S - Espak E-pood<\/title>\n<meta name=\"robots\" content=\"index, follow, max-snippet:-1, max-image-preview:large, max-video-preview:-1\" \/>\n<link rel=\"canonical\" href=\"https:\/\/espak.ee\/epood\/toode\/talvejope-helly-hansen-kensington-must-s\/\" \/>\n<meta property=\"og:locale\" content=\"et_EE\" \/>\n<meta property=\"og:type\" content=\"article\" \/>\n<meta property=\"og:title\" content=\"TALVEJOPE HELLY HANSEN KENSINGTON MUST S - Espak E-pood\" \/>\n<meta property=\"og:url\" content=\"https:\/\/espak.ee\/epood\/toode\/talvejope-helly-hansen-kensington-must-s\/\" \/>\n<meta property=\"og:site_name\" content=\"Espak E-pood\" \/>\n<meta property=\"article:modified_time\" content=\"2025-01-29T08:34:15+00:00\" \/>\n<meta property=\"og:image\" content=\"https:\/\/espak.ee\/epood\/wp-content\/uploads\/2025\/01\/1154916198helly-hansen-kensington-telikabat-fekete-s-71345-991-s.jpg\" \/>\n\t<meta property=\"og:image:width\" content=\"1000\" \/>\n\t<meta property=\"og:image:height\" content=\"1000\" \/>\n\t<meta property=\"og:image:type\" content=\"image\/jpeg\" \/>\n<meta name=\"twitter:card\" content=\"summary_large_image\" \/>\n<meta name=\"twitter:label1\" content=\"Est. reading time\" \/>\n\t<meta name=\"twitter:data1\" content=\"1 minut\" \/>\n<script type=\"application\/ld+json\" class=\"yoast-schema-graph\">{\"@context\":\"https:\/\/schema.org\",\"@graph\":[{\"@type\":\"WebPage\",\"@id\":\"https:\/\/espak.ee\/epood\/toode\/talvejope-helly-hansen-kensington-must-s\/\",\"url\":\"https:\/\/espak.ee\/epood\/toode\/talvejope-helly-hansen-kensington-must-s\/\",\"name\":\"TALVEJOPE HELLY HANSEN KENSINGTON MUST S - Espak E-pood\",\"isPartOf\":{\"@id\":\"https:\/\/espak.ee\/epood\/#website\"},\"primaryImageOfPage\":{\"@id\":\"https:\/\/espak.ee\/epood\/toode\/talvejope-helly-hansen-kensington-must-s\/#primaryimage\"},\"image\":{\"@id\":\"https:\/\/espak.ee\/epood\/toode\/talvejope-helly-hansen-kensington-must-s\/#primaryimage\"},\"thumbnailUrl\":\"https:\/\/espak.ee\/epood\/wp-content\/uploads\/2025\/01\/1154916198helly-hansen-kensington-telikabat-fekete-s-71345-991-s.jpg\",\"datePublished\":\"2025-01-29T03:10:01+00:00\",\"dateModified\":\"2025-01-29T08:34:15+00:00\",\"breadcrumb\":{\"@id\":\"https:\/\/espak.ee\/epood\/toode\/talvejope-helly-hansen-kensington-must-s\/#breadcrumb\"},\"inLanguage\":\"et\",\"potentialAction\":[{\"@type\":\"ReadAction\",\"target\":[\"https:\/\/espak.ee\/epood\/toode\/talvejope-helly-hansen-kensington-must-s\/\"]}]},{\"@type\":\"ImageObject\",\"inLanguage\":\"et\",\"@id\":\"https:\/\/espak.ee\/epood\/toode\/talvejope-helly-hansen-kensington-must-s\/#primaryimage\",\"url\":\"https:\/\/espak.ee\/epood\/wp-content\/uploads\/2025\/01\/1154916198helly-hansen-kensington-telikabat-fekete-s-71345-991-s.jpg\",\"contentUrl\":\"https:\/\/espak.ee\/epood\/wp-content\/uploads\/2025\/01\/1154916198helly-hansen-kensington-telikabat-fekete-s-71345-991-s.jpg\",\"width\":1000,\"height\":1000},{\"@type\":\"BreadcrumbList\",\"@id\":\"https:\/\/espak.ee\/epood\/toode\/talvejope-helly-hansen-kensington-must-s\/#breadcrumb\",\"itemListElement\":[{\"@type\":\"ListItem\",\"position\":1,\"name\":\"Home\",\"item\":\"https:\/\/espak.ee\/epood\/\"},{\"@type\":\"ListItem\",\"position\":2,\"name\":\"Tootevalik\",\"item\":\"https:\/\/espak.ee\/epood\/tootevalik\/\"},{\"@type\":\"ListItem\",\"position\":3,\"name\":\"TALVEJOPE HELLY HANSEN KENSINGTON MUST S\"}]},{\"@type\":\"WebSite\",\"@id\":\"https:\/\/espak.ee\/epood\/#website\",\"url\":\"https:\/\/espak.ee\/epood\/\",\"name\":\"Espak E-pood\",\"description\":\"\",\"potentialAction\":[{\"@type\":\"SearchAction\",\"target\":{\"@type\":\"EntryPoint\",\"urlTemplate\":\"https:\/\/espak.ee\/epood\/?s={search_term_string}\"},\"query-input\":{\"@type\":\"PropertyValueSpecification\",\"valueRequired\":true,\"valueName\":\"search_term_string\"}}],\"inLanguage\":\"et\"}]}<\/script>\n<!-- \/ Yoast SEO plugin. -->","yoast_head_json":{"title":"TALVEJOPE HELLY HANSEN KENSINGTON MUST S - Espak E-pood","robots":{"index":"index","follow":"follow","max-snippet":"max-snippet:-1","max-image-preview":"max-image-preview:large","max-video-preview":"max-video-preview:-1"},"canonical":"https:\/\/espak.ee\/epood\/toode\/talvejope-helly-hansen-kensington-must-s\/","og_locale":"et_EE","og_type":"article","og_title":"TALVEJOPE HELLY HANSEN KENSINGTON MUST S - Espak E-pood","og_url":"https:\/\/espak.ee\/epood\/toode\/talvejope-helly-hansen-kensington-must-s\/","og_site_name":"Espak E-pood","article_modified_time":"2025-01-29T08:34:15+00:00","og_image":[{"width":1000,"height":1000,"url":"https:\/\/espak.ee\/epood\/wp-content\/uploads\/2025\/01\/1154916198helly-hansen-kensington-telikabat-fekete-s-71345-991-s.jpg","type":"image\/jpeg"}],"twitter_card":"summary_large_image","twitter_misc":{"Est. reading time":"1 minut"},"schema":{"@context":"https:\/\/schema.org","@graph":[{"@type":"WebPage","@id":"https:\/\/espak.ee\/epood\/toode\/talvejope-helly-hansen-kensington-must-s\/","url":"https:\/\/espak.ee\/epood\/toode\/talvejope-helly-hansen-kensington-must-s\/","name":"TALVEJOPE HELLY HANSEN KENSINGTON MUST S - Espak E-pood","isPartOf":{"@id":"https:\/\/espak.ee\/epood\/#website"},"primaryImageOfPage":{"@id":"https:\/\/espak.ee\/epood\/toode\/talvejope-helly-hansen-kensington-must-s\/#primaryimage"},"image":{"@id":"https:\/\/espak.ee\/epood\/toode\/talvejope-helly-hansen-kensington-must-s\/#primaryimage"},"thumbnailUrl":"https:\/\/espak.ee\/epood\/wp-content\/uploads\/2025\/01\/1154916198helly-hansen-kensington-telikabat-fekete-s-71345-991-s.jpg","datePublished":"2025-01-29T03:10:01+00:00","dateModified":"2025-01-29T08:34:15+00:00","breadcrumb":{"@id":"https:\/\/espak.ee\/epood\/toode\/talvejope-helly-hansen-kensington-must-s\/#breadcrumb"},"inLanguage":"et","potentialAction":[{"@type":"ReadAction","target":["https:\/\/espak.ee\/epood\/toode\/talvejope-helly-hansen-kensington-must-s\/"]}]},{"@type":"ImageObject","inLanguage":"et","@id":"https:\/\/espak.ee\/epood\/toode\/talvejope-helly-hansen-kensington-must-s\/#primaryimage","url":"https:\/\/espak.ee\/epood\/wp-content\/uploads\/2025\/01\/1154916198helly-hansen-kensington-telikabat-fekete-s-71345-991-s.jpg","contentUrl":"https:\/\/espak.ee\/epood\/wp-content\/uploads\/2025\/01\/1154916198helly-hansen-kensington-telikabat-fekete-s-71345-991-s.jpg","width":1000,"height":1000},{"@type":"BreadcrumbList","@id":"https:\/\/espak.ee\/epood\/toode\/talvejope-helly-hansen-kensington-must-s\/#breadcrumb","itemListElement":[{"@type":"ListItem","position":1,"name":"Home","item":"https:\/\/espak.ee\/epood\/"},{"@type":"ListItem","position":2,"name":"Tootevalik","item":"https:\/\/espak.ee\/epood\/tootevalik\/"},{"@type":"ListItem","position":3,"name":"TALVEJOPE HELLY HANSEN KENSINGTON MUST S"}]},{"@type":"WebSite","@id":"https:\/\/espak.ee\/epood\/#website","url":"https:\/\/espak.ee\/epood\/","name":"Espak E-pood","description":"","potentialAction":[{"@type":"SearchAction","target":{"@type":"EntryPoint","urlTemplate":"https:\/\/espak.ee\/epood\/?s={search_term_string}"},"query-input":{"@type":"PropertyValueSpecification","valueRequired":true,"valueName":"search_term_string"}}],"inLanguage":"et"}]}},"_links":{"self":[{"href":"https:\/\/espak.ee\/epood\/wp-json\/wp\/v2\/product\/225588","targetHints":{"allow":["GET"]}}],"collection":[{"href":"https:\/\/espak.ee\/epood\/wp-json\/wp\/v2\/product"}],"about":[{"href":"https:\/\/espak.ee\/epood\/wp-json\/wp\/v2\/types\/product"}],"replies":[{"embeddable":true,"href":"https:\/\/espak.ee\/epood\/wp-json\/wp\/v2\/comments?post=225588"}],"wp:featuredmedia":[{"embeddable":true,"href":"https:\/\/espak.ee\/epood\/wp-json\/wp\/v2\/media\/225641"}],"wp:attachment":[{"href":"https:\/\/espak.ee\/epood\/wp-json\/wp\/v2\/media?parent=225588"}],"wp:term":[{"taxonomy":"product_brand","embeddable":true,"href":"https:\/\/espak.ee\/epood\/wp-json\/wp\/v2\/product_brand?post=225588"},{"taxonomy":"product_cat","embeddable":true,"href":"https:\/\/espak.ee\/epood\/wp-json\/wp\/v2\/product_cat?post=225588"},{"taxonomy":"product_tag","embeddable":true,"href":"https:\/\/espak.ee\/epood\/wp-json\/wp\/v2\/product_tag?post=225588"}],"curies":[{"name":"wp","href":"https:\/\/api.w.org\/{rel}","templated":true}]}}