{"id":225567,"date":"2025-01-29T05:10:01","date_gmt":"2025-01-29T03:10:01","guid":{"rendered":"https:\/\/espak.ee\/epood\/?post_type=product&#038;p=225567"},"modified":"2026-03-17T20:03:29","modified_gmt":"2026-03-17T18:03:29","slug":"tapeediliim-metylan-spezial-200g","status":"publish","type":"product","link":"https:\/\/espak.ee\/epood\/toode\/tapeediliim-metylan-spezial-200g\/","title":{"rendered":"TAPEEDILIIM METYLAN SPEZIAL 200G"},"content":{"rendered":"<div class=\"row\"  id=\"row-893960033\">\n\n\t<div id=\"col-2067721115\" class=\"col medium-9 small-12 large-9\"  >\n\t\t\t\t<div class=\"col-inner\"  >\n\t\t\t\n\t\t\t\n<h3>Tapeediliim Metylan Spezial 200g<\/h3>\n<p>METYLAN Vinyl &#038; Spezial tapeediliim sobib kasutamiseks k\u00f5ikides ruumides, isegi niisketes ruumides, nagu vannituba ja k\u00f6\u00f6k. See spetsiaalne liim sobib ideaalselt vin\u00fc\u00fcltapeedile, spetsiaalsele tapeedile (tekstuur- ja reljeeftapeet, raske pabertapeet, fotoprindiga tapeet) ja puitlaasttapeedile.<\/p>\n<p><strong>Kasutamine: <\/strong><br \/>\n Paberp\u00f5hjal tapeetide puhul kantakse liim tapeedi tagak\u00fcljele harja v\u00f5i liimimisseadme abil. Teavet imendumisaja kohta leiate tapeedi tootja tehnilisest dokumentatsioonist. \u00c4rge laske liimil liiga kaua tapeeti imenduda. Stabiilsete m\u00f5\u00f5tmetega tapeetide (fliisp\u00f5hjal) v\u00f5ib liimi kanda paani laiusest pisut laiemalt, kas rulli v\u00f5i \u00f5huvaba seadmega aluspinnale, kuhu soovitakse tapeeti kleepida. Seej\u00e4rel paigaldage tapeet kuivalt liimikihile. Samuti v\u00f5ib liimi kanda tapeedi tagak\u00fcljele ja paigaldada selle ilma imendumisajata. Tuleb j\u00e4lgida, et liimi kantaks peale piisavas koguses. V\u00f5imalusel peaks tapeetimisel l\u00e4htuma p\u00e4evavalgusest, et liitekohad paistaksid v\u00e4hem silma. Seintele paigaldatakse tapeet enamasti vertikaalselt. Paanid paigaldada serv-serva vastu v\u00f5i tootja juhiste j\u00e4rgi ja vajutage sobiva tapeetimist\u00f6\u00f6riista abil \u00f5humullid v\u00e4lja. Tapeeti tohib edasi viimistleda alles p\u00e4rast piisavat kuivamist (umbes 12 tundi, olenevalt temperatuurist ja keskkonnatingimustest). <\/p>\n\t\t<\/div>\n\t\t\t\t\t<\/div>\n\n\t\n\n\t<div id=\"col-1571248786\" class=\"col medium-3 small-12 large-3\"  >\n\t\t\t\t<div class=\"col-inner\"  >\n\t\t\t\n\t\t\t\n<div class=\"is-divider divider clearfix\" ><\/div>\n<p><strong>\u00dcksikasjalikuma n\u00f5u saamiseks v\u00f5tke \u00fchendust:<br \/><\/strong>Henkel Balti O\u00dc<br \/>S\u00f5bra 61<br \/>51013<br \/>Tartu<br \/>+ 372 7305800<\/p>\n<div class=\"is-divider divider clearfix\" ><\/div>\n\t\t<\/div>\n\t\t\t\t\t<\/div>\n\n\t\n<\/div>\n","protected":false},"excerpt":{"rendered":"","protected":false},"featured_media":225614,"comment_status":"closed","ping_status":"closed","template":"","meta":[],"product_brand":[],"product_cat":[2703,2706,2844,2683],"product_tag":[],"class_list":{"0":"post-225567","1":"product","2":"type-product","3":"status-publish","4":"has-post-thumbnail","6":"product_cat-ehituskeemia","7":"product_cat-liimid","8":"product_cat-tapeediliimid","9":"product_cat-viimistluskaubad","10":"pa_kaubamark-henkel-balti-ou","12":"first","13":"instock","14":"sale","15":"taxable","16":"shipping-taxable","17":"purchasable","18":"product-type-simple"},"yoast_head":"<!-- This site is optimized with the Yoast SEO plugin v26.9 - https:\/\/yoast.com\/product\/yoast-seo-wordpress\/ -->\n<title>TAPEEDILIIM METYLAN SPEZIAL 200G - Espak E-pood<\/title>\n<meta name=\"robots\" content=\"index, follow, max-snippet:-1, max-image-preview:large, max-video-preview:-1\" \/>\n<link rel=\"canonical\" href=\"https:\/\/espak.ee\/epood\/toode\/tapeediliim-metylan-spezial-200g\/\" \/>\n<meta property=\"og:locale\" content=\"et_EE\" \/>\n<meta property=\"og:type\" content=\"article\" \/>\n<meta property=\"og:title\" content=\"TAPEEDILIIM METYLAN SPEZIAL 200G - Espak E-pood\" \/>\n<meta property=\"og:url\" content=\"https:\/\/espak.ee\/epood\/toode\/tapeediliim-metylan-spezial-200g\/\" \/>\n<meta property=\"og:site_name\" content=\"Espak E-pood\" \/>\n<meta property=\"article:modified_time\" content=\"2026-03-17T18:03:29+00:00\" \/>\n<meta property=\"og:image\" content=\"https:\/\/espak.ee\/epood\/wp-content\/uploads\/2025\/01\/Metylan-Spezial-200g.jpg\" \/>\n\t<meta property=\"og:image:width\" content=\"1000\" \/>\n\t<meta property=\"og:image:height\" content=\"1000\" \/>\n\t<meta property=\"og:image:type\" content=\"image\/jpeg\" \/>\n<meta name=\"twitter:card\" content=\"summary_large_image\" \/>\n<meta name=\"twitter:label1\" content=\"Est. reading time\" \/>\n\t<meta name=\"twitter:data1\" content=\"1 minut\" \/>\n<script type=\"application\/ld+json\" class=\"yoast-schema-graph\">{\"@context\":\"https:\/\/schema.org\",\"@graph\":[{\"@type\":\"WebPage\",\"@id\":\"https:\/\/espak.ee\/epood\/toode\/tapeediliim-metylan-spezial-200g\/\",\"url\":\"https:\/\/espak.ee\/epood\/toode\/tapeediliim-metylan-spezial-200g\/\",\"name\":\"TAPEEDILIIM METYLAN SPEZIAL 200G - Espak E-pood\",\"isPartOf\":{\"@id\":\"https:\/\/espak.ee\/epood\/#website\"},\"primaryImageOfPage\":{\"@id\":\"https:\/\/espak.ee\/epood\/toode\/tapeediliim-metylan-spezial-200g\/#primaryimage\"},\"image\":{\"@id\":\"https:\/\/espak.ee\/epood\/toode\/tapeediliim-metylan-spezial-200g\/#primaryimage\"},\"thumbnailUrl\":\"https:\/\/espak.ee\/epood\/wp-content\/uploads\/2025\/01\/Metylan-Spezial-200g.jpg\",\"datePublished\":\"2025-01-29T03:10:01+00:00\",\"dateModified\":\"2026-03-17T18:03:29+00:00\",\"breadcrumb\":{\"@id\":\"https:\/\/espak.ee\/epood\/toode\/tapeediliim-metylan-spezial-200g\/#breadcrumb\"},\"inLanguage\":\"et\",\"potentialAction\":[{\"@type\":\"ReadAction\",\"target\":[\"https:\/\/espak.ee\/epood\/toode\/tapeediliim-metylan-spezial-200g\/\"]}]},{\"@type\":\"ImageObject\",\"inLanguage\":\"et\",\"@id\":\"https:\/\/espak.ee\/epood\/toode\/tapeediliim-metylan-spezial-200g\/#primaryimage\",\"url\":\"https:\/\/espak.ee\/epood\/wp-content\/uploads\/2025\/01\/Metylan-Spezial-200g.jpg\",\"contentUrl\":\"https:\/\/espak.ee\/epood\/wp-content\/uploads\/2025\/01\/Metylan-Spezial-200g.jpg\",\"width\":1000,\"height\":1000},{\"@type\":\"BreadcrumbList\",\"@id\":\"https:\/\/espak.ee\/epood\/toode\/tapeediliim-metylan-spezial-200g\/#breadcrumb\",\"itemListElement\":[{\"@type\":\"ListItem\",\"position\":1,\"name\":\"Home\",\"item\":\"https:\/\/espak.ee\/epood\/\"},{\"@type\":\"ListItem\",\"position\":2,\"name\":\"Tootevalik\",\"item\":\"https:\/\/espak.ee\/epood\/tootevalik\/\"},{\"@type\":\"ListItem\",\"position\":3,\"name\":\"TAPEEDILIIM METYLAN SPEZIAL 200G\"}]},{\"@type\":\"WebSite\",\"@id\":\"https:\/\/espak.ee\/epood\/#website\",\"url\":\"https:\/\/espak.ee\/epood\/\",\"name\":\"Espak E-pood\",\"description\":\"\",\"potentialAction\":[{\"@type\":\"SearchAction\",\"target\":{\"@type\":\"EntryPoint\",\"urlTemplate\":\"https:\/\/espak.ee\/epood\/?s={search_term_string}\"},\"query-input\":{\"@type\":\"PropertyValueSpecification\",\"valueRequired\":true,\"valueName\":\"search_term_string\"}}],\"inLanguage\":\"et\"}]}<\/script>\n<!-- \/ Yoast SEO plugin. -->","yoast_head_json":{"title":"TAPEEDILIIM METYLAN SPEZIAL 200G - Espak E-pood","robots":{"index":"index","follow":"follow","max-snippet":"max-snippet:-1","max-image-preview":"max-image-preview:large","max-video-preview":"max-video-preview:-1"},"canonical":"https:\/\/espak.ee\/epood\/toode\/tapeediliim-metylan-spezial-200g\/","og_locale":"et_EE","og_type":"article","og_title":"TAPEEDILIIM METYLAN SPEZIAL 200G - Espak E-pood","og_url":"https:\/\/espak.ee\/epood\/toode\/tapeediliim-metylan-spezial-200g\/","og_site_name":"Espak E-pood","article_modified_time":"2026-03-17T18:03:29+00:00","og_image":[{"width":1000,"height":1000,"url":"https:\/\/espak.ee\/epood\/wp-content\/uploads\/2025\/01\/Metylan-Spezial-200g.jpg","type":"image\/jpeg"}],"twitter_card":"summary_large_image","twitter_misc":{"Est. reading time":"1 minut"},"schema":{"@context":"https:\/\/schema.org","@graph":[{"@type":"WebPage","@id":"https:\/\/espak.ee\/epood\/toode\/tapeediliim-metylan-spezial-200g\/","url":"https:\/\/espak.ee\/epood\/toode\/tapeediliim-metylan-spezial-200g\/","name":"TAPEEDILIIM METYLAN SPEZIAL 200G - Espak E-pood","isPartOf":{"@id":"https:\/\/espak.ee\/epood\/#website"},"primaryImageOfPage":{"@id":"https:\/\/espak.ee\/epood\/toode\/tapeediliim-metylan-spezial-200g\/#primaryimage"},"image":{"@id":"https:\/\/espak.ee\/epood\/toode\/tapeediliim-metylan-spezial-200g\/#primaryimage"},"thumbnailUrl":"https:\/\/espak.ee\/epood\/wp-content\/uploads\/2025\/01\/Metylan-Spezial-200g.jpg","datePublished":"2025-01-29T03:10:01+00:00","dateModified":"2026-03-17T18:03:29+00:00","breadcrumb":{"@id":"https:\/\/espak.ee\/epood\/toode\/tapeediliim-metylan-spezial-200g\/#breadcrumb"},"inLanguage":"et","potentialAction":[{"@type":"ReadAction","target":["https:\/\/espak.ee\/epood\/toode\/tapeediliim-metylan-spezial-200g\/"]}]},{"@type":"ImageObject","inLanguage":"et","@id":"https:\/\/espak.ee\/epood\/toode\/tapeediliim-metylan-spezial-200g\/#primaryimage","url":"https:\/\/espak.ee\/epood\/wp-content\/uploads\/2025\/01\/Metylan-Spezial-200g.jpg","contentUrl":"https:\/\/espak.ee\/epood\/wp-content\/uploads\/2025\/01\/Metylan-Spezial-200g.jpg","width":1000,"height":1000},{"@type":"BreadcrumbList","@id":"https:\/\/espak.ee\/epood\/toode\/tapeediliim-metylan-spezial-200g\/#breadcrumb","itemListElement":[{"@type":"ListItem","position":1,"name":"Home","item":"https:\/\/espak.ee\/epood\/"},{"@type":"ListItem","position":2,"name":"Tootevalik","item":"https:\/\/espak.ee\/epood\/tootevalik\/"},{"@type":"ListItem","position":3,"name":"TAPEEDILIIM METYLAN SPEZIAL 200G"}]},{"@type":"WebSite","@id":"https:\/\/espak.ee\/epood\/#website","url":"https:\/\/espak.ee\/epood\/","name":"Espak E-pood","description":"","potentialAction":[{"@type":"SearchAction","target":{"@type":"EntryPoint","urlTemplate":"https:\/\/espak.ee\/epood\/?s={search_term_string}"},"query-input":{"@type":"PropertyValueSpecification","valueRequired":true,"valueName":"search_term_string"}}],"inLanguage":"et"}]}},"_links":{"self":[{"href":"https:\/\/espak.ee\/epood\/wp-json\/wp\/v2\/product\/225567","targetHints":{"allow":["GET"]}}],"collection":[{"href":"https:\/\/espak.ee\/epood\/wp-json\/wp\/v2\/product"}],"about":[{"href":"https:\/\/espak.ee\/epood\/wp-json\/wp\/v2\/types\/product"}],"replies":[{"embeddable":true,"href":"https:\/\/espak.ee\/epood\/wp-json\/wp\/v2\/comments?post=225567"}],"wp:featuredmedia":[{"embeddable":true,"href":"https:\/\/espak.ee\/epood\/wp-json\/wp\/v2\/media\/225614"}],"wp:attachment":[{"href":"https:\/\/espak.ee\/epood\/wp-json\/wp\/v2\/media?parent=225567"}],"wp:term":[{"taxonomy":"product_brand","embeddable":true,"href":"https:\/\/espak.ee\/epood\/wp-json\/wp\/v2\/product_brand?post=225567"},{"taxonomy":"product_cat","embeddable":true,"href":"https:\/\/espak.ee\/epood\/wp-json\/wp\/v2\/product_cat?post=225567"},{"taxonomy":"product_tag","embeddable":true,"href":"https:\/\/espak.ee\/epood\/wp-json\/wp\/v2\/product_tag?post=225567"}],"curies":[{"name":"wp","href":"https:\/\/api.w.org\/{rel}","templated":true}]}}