{"id":225564,"date":"2025-01-29T05:10:01","date_gmt":"2025-01-29T03:10:01","guid":{"rendered":"https:\/\/espak.ee\/epood\/?post_type=product&#038;p=225564"},"modified":"2026-01-26T19:35:28","modified_gmt":"2026-01-26T17:35:28","slug":"tapeedieemaldi-metylan-aktiv-500ml","status":"publish","type":"product","link":"https:\/\/espak.ee\/epood\/toode\/tapeedieemaldi-metylan-aktiv-500ml\/","title":{"rendered":"TAPEEDIEEMALDI METYLAN AKTIV 500ML"},"content":{"rendered":"<div class=\"row\"  id=\"row-332776583\">\n\n\t<div id=\"col-912562081\" class=\"col medium-9 small-12 large-9\"  >\n\t\t\t\t<div class=\"col-inner\"  >\n\t\t\t\n\t\t\t\n<h3>Tapeedieemaldi Metylan Aktiv 500ml<\/h3>\n<p>METYLAN Aktiv tapeedieemaldusvahend sobib igat liiki tapeetide eemaldamiseks. METYLAN Aktiv on kontsentraat, millest saab suure koguse valmistoodet. Neutraalse l\u00f5hnaga, ei sisalda lahusteid ega kahjusta aluspinda. Tapeedieemaldi kantakse peale pintsli v\u00f5i pihustiga, s\u00f5ltuvalt eemaldatava tapeedi liigist hakkab toimima 5\u201315 minuti p\u00e4rast.\n<\/p>\n<p><strong>Kasutamine: <\/strong><br \/>\nKandke tapeedieemaldusvahendit pintsli (v\u00f5i rulliga) kogu pinnale, millelt soovitakse tapeet eemaldada (3 \u2013 10 m\u00b2). P\u00e4rast soovituslikku toimeaega (umbes 5 &#8211; 10 minutit) on kerge tapeet eemaldamiseks valmis, raskemaid tapeete tuleks v\u00e4hemalt kaks korda vahendiga t\u00f6\u00f6delda. Vajadusel kandke kiiresti kuivavatesse kohtadesse veel vahendit. Ebasoodsad kliimatingimused (n\u00e4it tuulet\u00f5mbus, madal v\u00f5i k\u00f5rge temperatuur) v\u00f5ivad kuivamist kiirendada. Veekindlaid ja kattega tapeete tuleb vahendi paremaks imbumiseks liivapaberiga t\u00f6\u00f6delda, ogarulli v\u00f5i m\u00f5ne muu sobiva t\u00f6\u00f6riistaga augustada.\n<\/p>\n\t\t<\/div>\n\t\t\t\t\t<\/div>\n\n\t\n\n\t<div id=\"col-1504812468\" class=\"col medium-3 small-12 large-3\"  >\n\t\t\t\t<div class=\"col-inner\"  >\n\t\t\t\n\t\t\t\n<div class=\"is-divider divider clearfix\" ><\/div>\n<p><strong>\u00dcksikasjalikuma n\u00f5u saamiseks v\u00f5tke \u00fchendust:<br \/><\/strong>Henkel Balti O\u00dc<br \/>S\u00f5bra 61<br \/>51013<br \/>Tartu<br \/>+ 372 7305800<\/p>\n<div class=\"is-divider divider clearfix\" ><\/div>\n\t\t<\/div>\n\t\t\t\t\t<\/div>\n\n\t\n<\/div>\n","protected":false},"excerpt":{"rendered":"","protected":false},"featured_media":225610,"comment_status":"closed","ping_status":"closed","template":"","meta":[],"product_brand":[],"product_cat":[2703,2706,2844,2683],"product_tag":[],"class_list":{"0":"post-225564","1":"product","2":"type-product","3":"status-publish","4":"has-post-thumbnail","6":"product_cat-ehituskeemia","7":"product_cat-liimid","8":"product_cat-tapeediliimid","9":"product_cat-viimistluskaubad","10":"pa_kaubamark-henkel-balti-ou","12":"first","13":"instock","14":"sale","15":"taxable","16":"shipping-taxable","17":"purchasable","18":"product-type-simple"},"yoast_head":"<!-- This site is optimized with the Yoast SEO plugin v26.9 - https:\/\/yoast.com\/product\/yoast-seo-wordpress\/ -->\n<title>TAPEEDIEEMALDI METYLAN AKTIV 500ML - Espak E-pood<\/title>\n<meta name=\"robots\" content=\"index, follow, max-snippet:-1, max-image-preview:large, max-video-preview:-1\" \/>\n<link rel=\"canonical\" href=\"https:\/\/espak.ee\/epood\/toode\/tapeedieemaldi-metylan-aktiv-500ml\/\" \/>\n<meta property=\"og:locale\" content=\"et_EE\" \/>\n<meta property=\"og:type\" content=\"article\" \/>\n<meta property=\"og:title\" content=\"TAPEEDIEEMALDI METYLAN AKTIV 500ML - Espak E-pood\" \/>\n<meta property=\"og:url\" content=\"https:\/\/espak.ee\/epood\/toode\/tapeedieemaldi-metylan-aktiv-500ml\/\" \/>\n<meta property=\"og:site_name\" content=\"Espak E-pood\" \/>\n<meta property=\"article:modified_time\" content=\"2026-01-26T17:35:28+00:00\" \/>\n<meta property=\"og:image\" content=\"https:\/\/espak.ee\/epood\/wp-content\/uploads\/2025\/01\/Metylan-Wallpaper-Remover.jpg\" \/>\n\t<meta property=\"og:image:width\" content=\"1000\" \/>\n\t<meta property=\"og:image:height\" content=\"1000\" \/>\n\t<meta property=\"og:image:type\" content=\"image\/jpeg\" \/>\n<meta name=\"twitter:card\" content=\"summary_large_image\" \/>\n<meta name=\"twitter:label1\" content=\"Est. reading time\" \/>\n\t<meta name=\"twitter:data1\" content=\"1 minut\" \/>\n<script type=\"application\/ld+json\" class=\"yoast-schema-graph\">{\"@context\":\"https:\/\/schema.org\",\"@graph\":[{\"@type\":\"WebPage\",\"@id\":\"https:\/\/espak.ee\/epood\/toode\/tapeedieemaldi-metylan-aktiv-500ml\/\",\"url\":\"https:\/\/espak.ee\/epood\/toode\/tapeedieemaldi-metylan-aktiv-500ml\/\",\"name\":\"TAPEEDIEEMALDI METYLAN AKTIV 500ML - Espak E-pood\",\"isPartOf\":{\"@id\":\"https:\/\/espak.ee\/epood\/#website\"},\"primaryImageOfPage\":{\"@id\":\"https:\/\/espak.ee\/epood\/toode\/tapeedieemaldi-metylan-aktiv-500ml\/#primaryimage\"},\"image\":{\"@id\":\"https:\/\/espak.ee\/epood\/toode\/tapeedieemaldi-metylan-aktiv-500ml\/#primaryimage\"},\"thumbnailUrl\":\"https:\/\/espak.ee\/epood\/wp-content\/uploads\/2025\/01\/Metylan-Wallpaper-Remover.jpg\",\"datePublished\":\"2025-01-29T03:10:01+00:00\",\"dateModified\":\"2026-01-26T17:35:28+00:00\",\"breadcrumb\":{\"@id\":\"https:\/\/espak.ee\/epood\/toode\/tapeedieemaldi-metylan-aktiv-500ml\/#breadcrumb\"},\"inLanguage\":\"et\",\"potentialAction\":[{\"@type\":\"ReadAction\",\"target\":[\"https:\/\/espak.ee\/epood\/toode\/tapeedieemaldi-metylan-aktiv-500ml\/\"]}]},{\"@type\":\"ImageObject\",\"inLanguage\":\"et\",\"@id\":\"https:\/\/espak.ee\/epood\/toode\/tapeedieemaldi-metylan-aktiv-500ml\/#primaryimage\",\"url\":\"https:\/\/espak.ee\/epood\/wp-content\/uploads\/2025\/01\/Metylan-Wallpaper-Remover.jpg\",\"contentUrl\":\"https:\/\/espak.ee\/epood\/wp-content\/uploads\/2025\/01\/Metylan-Wallpaper-Remover.jpg\",\"width\":1000,\"height\":1000},{\"@type\":\"BreadcrumbList\",\"@id\":\"https:\/\/espak.ee\/epood\/toode\/tapeedieemaldi-metylan-aktiv-500ml\/#breadcrumb\",\"itemListElement\":[{\"@type\":\"ListItem\",\"position\":1,\"name\":\"Home\",\"item\":\"https:\/\/espak.ee\/epood\/\"},{\"@type\":\"ListItem\",\"position\":2,\"name\":\"Tootevalik\",\"item\":\"https:\/\/espak.ee\/epood\/tootevalik\/\"},{\"@type\":\"ListItem\",\"position\":3,\"name\":\"TAPEEDIEEMALDI METYLAN AKTIV 500ML\"}]},{\"@type\":\"WebSite\",\"@id\":\"https:\/\/espak.ee\/epood\/#website\",\"url\":\"https:\/\/espak.ee\/epood\/\",\"name\":\"Espak E-pood\",\"description\":\"\",\"potentialAction\":[{\"@type\":\"SearchAction\",\"target\":{\"@type\":\"EntryPoint\",\"urlTemplate\":\"https:\/\/espak.ee\/epood\/?s={search_term_string}\"},\"query-input\":{\"@type\":\"PropertyValueSpecification\",\"valueRequired\":true,\"valueName\":\"search_term_string\"}}],\"inLanguage\":\"et\"}]}<\/script>\n<!-- \/ Yoast SEO plugin. -->","yoast_head_json":{"title":"TAPEEDIEEMALDI METYLAN AKTIV 500ML - Espak E-pood","robots":{"index":"index","follow":"follow","max-snippet":"max-snippet:-1","max-image-preview":"max-image-preview:large","max-video-preview":"max-video-preview:-1"},"canonical":"https:\/\/espak.ee\/epood\/toode\/tapeedieemaldi-metylan-aktiv-500ml\/","og_locale":"et_EE","og_type":"article","og_title":"TAPEEDIEEMALDI METYLAN AKTIV 500ML - Espak E-pood","og_url":"https:\/\/espak.ee\/epood\/toode\/tapeedieemaldi-metylan-aktiv-500ml\/","og_site_name":"Espak E-pood","article_modified_time":"2026-01-26T17:35:28+00:00","og_image":[{"width":1000,"height":1000,"url":"https:\/\/espak.ee\/epood\/wp-content\/uploads\/2025\/01\/Metylan-Wallpaper-Remover.jpg","type":"image\/jpeg"}],"twitter_card":"summary_large_image","twitter_misc":{"Est. reading time":"1 minut"},"schema":{"@context":"https:\/\/schema.org","@graph":[{"@type":"WebPage","@id":"https:\/\/espak.ee\/epood\/toode\/tapeedieemaldi-metylan-aktiv-500ml\/","url":"https:\/\/espak.ee\/epood\/toode\/tapeedieemaldi-metylan-aktiv-500ml\/","name":"TAPEEDIEEMALDI METYLAN AKTIV 500ML - Espak E-pood","isPartOf":{"@id":"https:\/\/espak.ee\/epood\/#website"},"primaryImageOfPage":{"@id":"https:\/\/espak.ee\/epood\/toode\/tapeedieemaldi-metylan-aktiv-500ml\/#primaryimage"},"image":{"@id":"https:\/\/espak.ee\/epood\/toode\/tapeedieemaldi-metylan-aktiv-500ml\/#primaryimage"},"thumbnailUrl":"https:\/\/espak.ee\/epood\/wp-content\/uploads\/2025\/01\/Metylan-Wallpaper-Remover.jpg","datePublished":"2025-01-29T03:10:01+00:00","dateModified":"2026-01-26T17:35:28+00:00","breadcrumb":{"@id":"https:\/\/espak.ee\/epood\/toode\/tapeedieemaldi-metylan-aktiv-500ml\/#breadcrumb"},"inLanguage":"et","potentialAction":[{"@type":"ReadAction","target":["https:\/\/espak.ee\/epood\/toode\/tapeedieemaldi-metylan-aktiv-500ml\/"]}]},{"@type":"ImageObject","inLanguage":"et","@id":"https:\/\/espak.ee\/epood\/toode\/tapeedieemaldi-metylan-aktiv-500ml\/#primaryimage","url":"https:\/\/espak.ee\/epood\/wp-content\/uploads\/2025\/01\/Metylan-Wallpaper-Remover.jpg","contentUrl":"https:\/\/espak.ee\/epood\/wp-content\/uploads\/2025\/01\/Metylan-Wallpaper-Remover.jpg","width":1000,"height":1000},{"@type":"BreadcrumbList","@id":"https:\/\/espak.ee\/epood\/toode\/tapeedieemaldi-metylan-aktiv-500ml\/#breadcrumb","itemListElement":[{"@type":"ListItem","position":1,"name":"Home","item":"https:\/\/espak.ee\/epood\/"},{"@type":"ListItem","position":2,"name":"Tootevalik","item":"https:\/\/espak.ee\/epood\/tootevalik\/"},{"@type":"ListItem","position":3,"name":"TAPEEDIEEMALDI METYLAN AKTIV 500ML"}]},{"@type":"WebSite","@id":"https:\/\/espak.ee\/epood\/#website","url":"https:\/\/espak.ee\/epood\/","name":"Espak E-pood","description":"","potentialAction":[{"@type":"SearchAction","target":{"@type":"EntryPoint","urlTemplate":"https:\/\/espak.ee\/epood\/?s={search_term_string}"},"query-input":{"@type":"PropertyValueSpecification","valueRequired":true,"valueName":"search_term_string"}}],"inLanguage":"et"}]}},"_links":{"self":[{"href":"https:\/\/espak.ee\/epood\/wp-json\/wp\/v2\/product\/225564","targetHints":{"allow":["GET"]}}],"collection":[{"href":"https:\/\/espak.ee\/epood\/wp-json\/wp\/v2\/product"}],"about":[{"href":"https:\/\/espak.ee\/epood\/wp-json\/wp\/v2\/types\/product"}],"replies":[{"embeddable":true,"href":"https:\/\/espak.ee\/epood\/wp-json\/wp\/v2\/comments?post=225564"}],"wp:featuredmedia":[{"embeddable":true,"href":"https:\/\/espak.ee\/epood\/wp-json\/wp\/v2\/media\/225610"}],"wp:attachment":[{"href":"https:\/\/espak.ee\/epood\/wp-json\/wp\/v2\/media?parent=225564"}],"wp:term":[{"taxonomy":"product_brand","embeddable":true,"href":"https:\/\/espak.ee\/epood\/wp-json\/wp\/v2\/product_brand?post=225564"},{"taxonomy":"product_cat","embeddable":true,"href":"https:\/\/espak.ee\/epood\/wp-json\/wp\/v2\/product_cat?post=225564"},{"taxonomy":"product_tag","embeddable":true,"href":"https:\/\/espak.ee\/epood\/wp-json\/wp\/v2\/product_tag?post=225564"}],"curies":[{"name":"wp","href":"https:\/\/api.w.org\/{rel}","templated":true}]}}