{"id":225440,"date":"2025-01-28T05:10:02","date_gmt":"2025-01-28T03:10:02","guid":{"rendered":"https:\/\/espak.ee\/epood\/?post_type=product&#038;p=225440"},"modified":"2025-04-20T12:31:52","modified_gmt":"2025-04-20T09:31:52","slug":"alumiinium-nurgakaitseliist-etix-4730-2323mm-karestatud","status":"publish","type":"product","link":"https:\/\/espak.ee\/epood\/toode\/alumiinium-nurgakaitseliist-etix-4730-2323mm-karestatud\/","title":{"rendered":"ALUMIINIUM NURGAKAITSELIIST ETIX 4730 23*23MM, KARESTATUD"},"content":{"rendered":"<div class=\"row\"  id=\"row-325860975\">\n\n\t<div id=\"col-1432475290\" class=\"col medium-9 small-12 large-9\"  >\n\t\t\t\t<div class=\"col-inner\"  >\n\t\t\t\n\t\t\t\n<h3>ETIX 4730 Alumiinium nurgakaitseliist 23x23mm karestatud 3,0m<\/h3>\n<p>Karestatud nurgakaitseliistu kasutatakse pahteldust\u00f6\u00f6del v\u00e4lisnurkade kaitsmiseks mehhaaniliste vigastuste eest.<\/p>\n<div class=\"message-box relative\" style=\"padding-top:15px;padding-bottom:15px;\"><div class=\"message-box-bg-image bg-fill fill\" ><\/div><div class=\"message-box-bg-overlay bg-fill fill\" ><\/div><div class=\"container relative\"><div class=\"inner last-reset\">\n<div class=\"row align-middle align-center\"  id=\"row-1636353417\">\n\n\t<div id=\"col-240283006\" class=\"col small-12 large-12\"  >\n\t\t\t\t<div class=\"col-inner text-left\"  >\n\t\t\t\n\t\t\t\n<h4>Omadused<\/h4>\n<div class=\"row\"  id=\"row-1944788543\">\n\n\t<div id=\"col-1724179664\" class=\"col medium-6 small-12 large-6\"  >\n\t\t\t\t<div class=\"col-inner\"  >\n\t\t\t\n\t\t\t\n<p><i class=\"fa fa-check fa-2x\"><\/i> <strong> Kaitseb ukse ja\/v\u00f5i akna v\u00e4lisnurki mehaaniliste vigastuste eest<\/strong><\/p>\n<p><i class=\"fa fa-check fa-2x\"><\/i> <strong> Kaitseb seina v\u00e4lisnurki mehaaniliste vigastuste eest<\/strong><\/p>\n<p><i class=\"fa fa-check fa-2x\"><\/i> <strong> Karestatud pind tagab parema nakke pahtliga<\/strong><\/p>\n\t\t<\/div>\n\t\t\t\t\n<style>\n#col-1724179664 > .col-inner {\n  margin: 0px 0px 15px 0px;\n}\n<\/style>\n\t<\/div>\n\n\t\n\n\t<div id=\"col-358868115\" class=\"col medium-6 small-12 large-6\"  >\n\t\t\t\t<div class=\"col-inner\"  >\n\t\t\t\n\t\t\t\n<p><i class=\"fa fa-check fa-2x\"><\/i> <strong> Aitab v\u00e4ltida m\u00f5rade tekkimist v\u00e4lisnurkades<\/strong><\/p>\n<p><i class=\"fa fa-check fa-2x\"><\/i> <strong> V\u00f5imaldab luua sirged t\u00e4isnurgad ning esteetilise v\u00e4limuse<\/strong><\/p>\n\t\t<\/div>\n\t\t\t\t\n<style>\n#col-358868115 > .col-inner {\n  margin: 0px 0px 15px 0px;\n}\n<\/style>\n\t<\/div>\n\n\t\n<\/div>\n\t\t<\/div>\n\t\t\t\t\t<\/div>\n\n\t\n<\/div>\n<\/div><\/div><\/div>\n\t<div id=\"gap-595062491\" class=\"gap-element clearfix\" style=\"display:block; height:auto;\">\n\t\t\n<style>\n#gap-595062491 {\n  padding-top: 30px;\n}\n<\/style>\n\t<\/div>\n\t\n<p><strong>Paigaldus: <\/strong>Paigaldage nurgakaitseliist enne seina lauspahteldamist. Paigalduskohas peab aluspind olema sile ja \u00fchtlase tasapinnaga. Kandke pahtlikiht v\u00e4lispinnale, seej\u00e4rel suruge alumiiniumist nurgakaitseliist pahtli sisse. J\u00e4lgige, et nurgakaitseliistu ja p\u00f5randa vahele j\u00e4\u00e4ks v\u00e4ike vahe. Katke nurgakaitseliist j\u00e4rk-j\u00e4rgult pahtliga nii, et tekiks seinaga \u00fchtne tasapind.<\/p>\n<p><strong>Materjal: <\/strong>Alumiinium.<\/p>\n<p><strong>Ladustamine: <\/strong>Ladustada horisontaalses asendis. Hoida kuivas ning kaitsta niiskuse ja mehaanilise koormuse eest.<\/p>\n\t\t<\/div>\n\t\t\t\t\t<\/div>\n\n\t\n\n\t<div id=\"col-2077768393\" class=\"col medium-3 small-12 large-3\"  >\n\t\t\t\t<div class=\"col-inner\"  >\n\t\t\t\n\t\t\t\n<h3>Tooteleht<\/h3>\n<p><a href=\"https:\/\/espak.ee\/epood\/wp-content\/uploads\/2025\/01\/AL-nurgakaitseliist-47254730.pdf\"target=\"_blank\" rel=\"noopener noreferrer\"><i class=\"far fa-file-pdf\"><\/i> Tooteleht (PDF)<\/a><\/p>\n<div class=\"is-divider divider clearfix\" ><\/div>\n<p><strong>\u00dcksikasjalikuma n\u00f5u saamiseks v\u00f5tke \u00fchendust:<br \/><\/strong>EST Profiil O\u00dc<br \/>Turu tn 41a<br \/>50106<br \/>Tartu<br \/>+372 5657 5817<\/p>\n\t\t<\/div>\n\t\t\t\t\t<\/div>\n\n\t\n<\/div>\n","protected":false},"excerpt":{"rendered":"","protected":false},"featured_media":225505,"comment_status":"closed","ping_status":"closed","template":"","meta":[],"product_brand":[],"product_cat":[2913,2958,2907,2683],"product_tag":[],"class_list":{"0":"post-225440","1":"product","2":"type-product","3":"status-publish","4":"has-post-thumbnail","6":"product_cat-armeerimismaterjalid","7":"product_cat-armeerimisnurgad-ja-teibid","8":"product_cat-teibid-ja-armeerimismaterjalid","9":"product_cat-viimistluskaubad","10":"pa_kaubamark-est-profiil-ou","12":"first","13":"instock","14":"sale","15":"taxable","16":"shipping-taxable","17":"purchasable","18":"product-type-simple"},"yoast_head":"<!-- This site is optimized with the Yoast SEO plugin v26.9 - https:\/\/yoast.com\/product\/yoast-seo-wordpress\/ -->\n<title>ALUMIINIUM NURGAKAITSELIIST ETIX 4730 23*23MM, KARESTATUD - Espak E-pood<\/title>\n<meta name=\"robots\" content=\"index, follow, max-snippet:-1, max-image-preview:large, max-video-preview:-1\" \/>\n<link rel=\"canonical\" href=\"https:\/\/espak.ee\/epood\/toode\/alumiinium-nurgakaitseliist-etix-4730-2323mm-karestatud\/\" \/>\n<meta property=\"og:locale\" content=\"et_EE\" \/>\n<meta property=\"og:type\" content=\"article\" \/>\n<meta property=\"og:title\" content=\"ALUMIINIUM NURGAKAITSELIIST ETIX 4730 23*23MM, KARESTATUD - Espak E-pood\" \/>\n<meta property=\"og:url\" content=\"https:\/\/espak.ee\/epood\/toode\/alumiinium-nurgakaitseliist-etix-4730-2323mm-karestatud\/\" \/>\n<meta property=\"og:site_name\" content=\"Espak E-pood\" \/>\n<meta property=\"article:modified_time\" content=\"2025-04-20T09:31:52+00:00\" \/>\n<meta property=\"og:image\" content=\"https:\/\/espak.ee\/epood\/wp-content\/uploads\/2025\/01\/ETIX4725.jpg\" \/>\n\t<meta property=\"og:image:width\" content=\"1000\" \/>\n\t<meta property=\"og:image:height\" content=\"1000\" \/>\n\t<meta property=\"og:image:type\" content=\"image\/jpeg\" \/>\n<meta name=\"twitter:card\" content=\"summary_large_image\" \/>\n<meta name=\"twitter:label1\" content=\"Est. reading time\" \/>\n\t<meta name=\"twitter:data1\" content=\"1 minut\" \/>\n<script type=\"application\/ld+json\" class=\"yoast-schema-graph\">{\"@context\":\"https:\/\/schema.org\",\"@graph\":[{\"@type\":\"WebPage\",\"@id\":\"https:\/\/espak.ee\/epood\/toode\/alumiinium-nurgakaitseliist-etix-4730-2323mm-karestatud\/\",\"url\":\"https:\/\/espak.ee\/epood\/toode\/alumiinium-nurgakaitseliist-etix-4730-2323mm-karestatud\/\",\"name\":\"ALUMIINIUM NURGAKAITSELIIST ETIX 4730 23*23MM, KARESTATUD - Espak E-pood\",\"isPartOf\":{\"@id\":\"https:\/\/espak.ee\/epood\/#website\"},\"primaryImageOfPage\":{\"@id\":\"https:\/\/espak.ee\/epood\/toode\/alumiinium-nurgakaitseliist-etix-4730-2323mm-karestatud\/#primaryimage\"},\"image\":{\"@id\":\"https:\/\/espak.ee\/epood\/toode\/alumiinium-nurgakaitseliist-etix-4730-2323mm-karestatud\/#primaryimage\"},\"thumbnailUrl\":\"https:\/\/espak.ee\/epood\/wp-content\/uploads\/2025\/01\/ETIX4725.jpg\",\"datePublished\":\"2025-01-28T03:10:02+00:00\",\"dateModified\":\"2025-04-20T09:31:52+00:00\",\"breadcrumb\":{\"@id\":\"https:\/\/espak.ee\/epood\/toode\/alumiinium-nurgakaitseliist-etix-4730-2323mm-karestatud\/#breadcrumb\"},\"inLanguage\":\"et\",\"potentialAction\":[{\"@type\":\"ReadAction\",\"target\":[\"https:\/\/espak.ee\/epood\/toode\/alumiinium-nurgakaitseliist-etix-4730-2323mm-karestatud\/\"]}]},{\"@type\":\"ImageObject\",\"inLanguage\":\"et\",\"@id\":\"https:\/\/espak.ee\/epood\/toode\/alumiinium-nurgakaitseliist-etix-4730-2323mm-karestatud\/#primaryimage\",\"url\":\"https:\/\/espak.ee\/epood\/wp-content\/uploads\/2025\/01\/ETIX4725.jpg\",\"contentUrl\":\"https:\/\/espak.ee\/epood\/wp-content\/uploads\/2025\/01\/ETIX4725.jpg\",\"width\":1000,\"height\":1000},{\"@type\":\"BreadcrumbList\",\"@id\":\"https:\/\/espak.ee\/epood\/toode\/alumiinium-nurgakaitseliist-etix-4730-2323mm-karestatud\/#breadcrumb\",\"itemListElement\":[{\"@type\":\"ListItem\",\"position\":1,\"name\":\"Home\",\"item\":\"https:\/\/espak.ee\/epood\/\"},{\"@type\":\"ListItem\",\"position\":2,\"name\":\"Tootevalik\",\"item\":\"https:\/\/espak.ee\/epood\/tootevalik\/\"},{\"@type\":\"ListItem\",\"position\":3,\"name\":\"ALUMIINIUM NURGAKAITSELIIST ETIX 4730 23*23MM, KARESTATUD\"}]},{\"@type\":\"WebSite\",\"@id\":\"https:\/\/espak.ee\/epood\/#website\",\"url\":\"https:\/\/espak.ee\/epood\/\",\"name\":\"Espak E-pood\",\"description\":\"\",\"potentialAction\":[{\"@type\":\"SearchAction\",\"target\":{\"@type\":\"EntryPoint\",\"urlTemplate\":\"https:\/\/espak.ee\/epood\/?s={search_term_string}\"},\"query-input\":{\"@type\":\"PropertyValueSpecification\",\"valueRequired\":true,\"valueName\":\"search_term_string\"}}],\"inLanguage\":\"et\"}]}<\/script>\n<!-- \/ Yoast SEO plugin. -->","yoast_head_json":{"title":"ALUMIINIUM NURGAKAITSELIIST ETIX 4730 23*23MM, KARESTATUD - Espak E-pood","robots":{"index":"index","follow":"follow","max-snippet":"max-snippet:-1","max-image-preview":"max-image-preview:large","max-video-preview":"max-video-preview:-1"},"canonical":"https:\/\/espak.ee\/epood\/toode\/alumiinium-nurgakaitseliist-etix-4730-2323mm-karestatud\/","og_locale":"et_EE","og_type":"article","og_title":"ALUMIINIUM NURGAKAITSELIIST ETIX 4730 23*23MM, KARESTATUD - Espak E-pood","og_url":"https:\/\/espak.ee\/epood\/toode\/alumiinium-nurgakaitseliist-etix-4730-2323mm-karestatud\/","og_site_name":"Espak E-pood","article_modified_time":"2025-04-20T09:31:52+00:00","og_image":[{"width":1000,"height":1000,"url":"https:\/\/espak.ee\/epood\/wp-content\/uploads\/2025\/01\/ETIX4725.jpg","type":"image\/jpeg"}],"twitter_card":"summary_large_image","twitter_misc":{"Est. reading time":"1 minut"},"schema":{"@context":"https:\/\/schema.org","@graph":[{"@type":"WebPage","@id":"https:\/\/espak.ee\/epood\/toode\/alumiinium-nurgakaitseliist-etix-4730-2323mm-karestatud\/","url":"https:\/\/espak.ee\/epood\/toode\/alumiinium-nurgakaitseliist-etix-4730-2323mm-karestatud\/","name":"ALUMIINIUM NURGAKAITSELIIST ETIX 4730 23*23MM, KARESTATUD - Espak E-pood","isPartOf":{"@id":"https:\/\/espak.ee\/epood\/#website"},"primaryImageOfPage":{"@id":"https:\/\/espak.ee\/epood\/toode\/alumiinium-nurgakaitseliist-etix-4730-2323mm-karestatud\/#primaryimage"},"image":{"@id":"https:\/\/espak.ee\/epood\/toode\/alumiinium-nurgakaitseliist-etix-4730-2323mm-karestatud\/#primaryimage"},"thumbnailUrl":"https:\/\/espak.ee\/epood\/wp-content\/uploads\/2025\/01\/ETIX4725.jpg","datePublished":"2025-01-28T03:10:02+00:00","dateModified":"2025-04-20T09:31:52+00:00","breadcrumb":{"@id":"https:\/\/espak.ee\/epood\/toode\/alumiinium-nurgakaitseliist-etix-4730-2323mm-karestatud\/#breadcrumb"},"inLanguage":"et","potentialAction":[{"@type":"ReadAction","target":["https:\/\/espak.ee\/epood\/toode\/alumiinium-nurgakaitseliist-etix-4730-2323mm-karestatud\/"]}]},{"@type":"ImageObject","inLanguage":"et","@id":"https:\/\/espak.ee\/epood\/toode\/alumiinium-nurgakaitseliist-etix-4730-2323mm-karestatud\/#primaryimage","url":"https:\/\/espak.ee\/epood\/wp-content\/uploads\/2025\/01\/ETIX4725.jpg","contentUrl":"https:\/\/espak.ee\/epood\/wp-content\/uploads\/2025\/01\/ETIX4725.jpg","width":1000,"height":1000},{"@type":"BreadcrumbList","@id":"https:\/\/espak.ee\/epood\/toode\/alumiinium-nurgakaitseliist-etix-4730-2323mm-karestatud\/#breadcrumb","itemListElement":[{"@type":"ListItem","position":1,"name":"Home","item":"https:\/\/espak.ee\/epood\/"},{"@type":"ListItem","position":2,"name":"Tootevalik","item":"https:\/\/espak.ee\/epood\/tootevalik\/"},{"@type":"ListItem","position":3,"name":"ALUMIINIUM NURGAKAITSELIIST ETIX 4730 23*23MM, KARESTATUD"}]},{"@type":"WebSite","@id":"https:\/\/espak.ee\/epood\/#website","url":"https:\/\/espak.ee\/epood\/","name":"Espak E-pood","description":"","potentialAction":[{"@type":"SearchAction","target":{"@type":"EntryPoint","urlTemplate":"https:\/\/espak.ee\/epood\/?s={search_term_string}"},"query-input":{"@type":"PropertyValueSpecification","valueRequired":true,"valueName":"search_term_string"}}],"inLanguage":"et"}]}},"_links":{"self":[{"href":"https:\/\/espak.ee\/epood\/wp-json\/wp\/v2\/product\/225440","targetHints":{"allow":["GET"]}}],"collection":[{"href":"https:\/\/espak.ee\/epood\/wp-json\/wp\/v2\/product"}],"about":[{"href":"https:\/\/espak.ee\/epood\/wp-json\/wp\/v2\/types\/product"}],"replies":[{"embeddable":true,"href":"https:\/\/espak.ee\/epood\/wp-json\/wp\/v2\/comments?post=225440"}],"wp:featuredmedia":[{"embeddable":true,"href":"https:\/\/espak.ee\/epood\/wp-json\/wp\/v2\/media\/225505"}],"wp:attachment":[{"href":"https:\/\/espak.ee\/epood\/wp-json\/wp\/v2\/media?parent=225440"}],"wp:term":[{"taxonomy":"product_brand","embeddable":true,"href":"https:\/\/espak.ee\/epood\/wp-json\/wp\/v2\/product_brand?post=225440"},{"taxonomy":"product_cat","embeddable":true,"href":"https:\/\/espak.ee\/epood\/wp-json\/wp\/v2\/product_cat?post=225440"},{"taxonomy":"product_tag","embeddable":true,"href":"https:\/\/espak.ee\/epood\/wp-json\/wp\/v2\/product_tag?post=225440"}],"curies":[{"name":"wp","href":"https:\/\/api.w.org\/{rel}","templated":true}]}}