{"id":224731,"date":"2025-01-22T05:05:01","date_gmt":"2025-01-22T03:05:01","guid":{"rendered":"https:\/\/espak.ee\/epood\/?post_type=product&#038;p=224731"},"modified":"2025-12-21T12:45:11","modified_gmt":"2025-12-21T10:45:11","slug":"sanitaarsilikoon-ceresit-cs-25-107-steel-280ml","status":"publish","type":"product","link":"https:\/\/espak.ee\/epood\/toode\/sanitaarsilikoon-ceresit-cs-25-107-steel-280ml\/","title":{"rendered":"SANITAARSILIKOON CERESIT CS-25 107 STEEL 280ML"},"content":{"rendered":"<div class=\"row\"  id=\"row-1777232981\">\n\n\t<div id=\"col-393205405\" class=\"col medium-9 small-12 large-9\"  >\n\t\t\t\t<div class=\"col-inner\"  >\n\t\t\t\n\t\t\t\n<h3>Sanitaarsilikoon Ceresit CS-25 107 Steel 280ml <\/h3>\n<p>K\u00f5rgkvaliteetne veekindel silikoon sanitaarseadmete \u00fchendus- ja paisumisvuukide tihendamiseks. <\/p>\n<p>Sanitaarsilikooni CERESIT\u00ae CS 25 kasutatakse keraamiliste plaatide vuugivahede t\u00e4itmiseks ruumide nurkades ning seinte ja p\u00f5randa \u00fchenduskohtades. CERESIT CS 25 on \u00fclimalt veekindel ning on saadaval 40 v\u00e4rvitoonis, mis vastavad CERESIT vuugit\u00e4idete toonidele. CERESIT CS 25 on vastupidav ilmastikutingimustele ja UV-kiirgusele ning tagab suurep\u00e4rase nakke erinevat t\u00fc\u00fcpi materjalidega.\n<\/p>\n<div class=\"message-box relative\" style=\"padding-top:15px;padding-bottom:15px;\"><div class=\"message-box-bg-image bg-fill fill\" ><\/div><div class=\"message-box-bg-overlay bg-fill fill\" ><\/div><div class=\"container relative\"><div class=\"inner last-reset\">\n<div class=\"row align-middle align-center\"  id=\"row-1061148284\">\n\n\t<div id=\"col-1272559292\" class=\"col small-12 large-12\"  >\n\t\t\t\t<div class=\"col-inner text-left\"  >\n\t\t\t\n\t\t\t\n<h4>Omadused<\/h4>\n<div class=\"row\"  id=\"row-59617843\">\n\n\t<div id=\"col-193026739\" class=\"col medium-6 small-12 large-6\"  >\n\t\t\t\t<div class=\"col-inner\"  >\n\t\t\t\n\t\t\t\n<p><i class=\"fa fa-check fa-2x\"><\/i> <strong>Trioprotection &#8211; seente- ja hallitusevastane<\/strong><\/p>\n<p><i class=\"fa fa-check fa-2x\"><\/i> <strong>UV-, vananemis- ja ilmastikukindel<\/strong><\/p>\n<p><i class=\"fa fa-check fa-2x\"><\/i> <strong>Veekindel<\/strong><\/p>\n\t\t<\/div>\n\t\t\t\t\n<style>\n#col-193026739 > .col-inner {\n  margin: 0px 0px 15px 0px;\n}\n<\/style>\n\t<\/div>\n\n\t\n\n\t<div id=\"col-227595528\" class=\"col medium-6 small-12 large-6\"  >\n\t\t\t\t<div class=\"col-inner\"  >\n\t\t\t\n\t\t\t\n<p><i class=\"fa fa-check fa-2x\"><\/i> <strong>Sobivad v\u00e4rvitoonid CERESIT vuugit\u00e4idetega<\/strong><\/p>\n<p><i class=\"fa fa-check fa-2x\"><\/i> <strong>Sobib p\u00fcsivalt m\u00e4rgadele pindadele (va basseinid)<\/strong><\/p>\n<p><i class=\"fa fa-check fa-2x\"><\/i> <strong>Sise- ja v\u00e4list\u00f6\u00f6deks<\/strong><\/p>\n\t\t<\/div>\n\t\t\t\t\n<style>\n#col-227595528 > .col-inner {\n  margin: 0px 0px 15px 0px;\n}\n<\/style>\n\t<\/div>\n\n\t\n<\/div>\n\t\t<\/div>\n\t\t\t\t\t<\/div>\n\n\t\n<\/div>\n<\/div><\/div><\/div>\n\t<div id=\"gap-2001304224\" class=\"gap-element clearfix\" style=\"display:block; height:auto;\">\n\t\t\n<style>\n#gap-2001304224 {\n  padding-top: 30px;\n}\n<\/style>\n\t<\/div>\n\t\n<h3>Kasutamise \u00fcksikasjad<\/h3>\n<p><strong>Aluspinna ettevalmistus:<\/strong> CERESIT CS 25 tihendatav aluspind peab olema kuiv ning puhastatud \u00f5lidest, bituumenist, tolmust ja muudest nakkuvust takistavatest ainetest. Mustus ja eelmiste tihendusmaterjalide v\u00f5imalikud j\u00e4\u00e4gid tuleb eemaldada. \u00d5liga m\u00e4\u00e4rdunud pind tuleb puhastada lahustiga. Vuugiservadele v\u00f5ib kleepida iseliimuva teibi, et lihtsustada silikooniga m\u00e4\u00e4rdunud pinna puhastamist.<\/p>\n<p><strong> Pealekandmine: <\/strong>Tuubi ots tuleb maha l\u00f5igata kohe vindi kohalt. K\u00fclge keeratakse doseerimisotsak, mis l\u00f5igatakse t\u00e4idetava vuugi laiuse j\u00e4rgi. CERESIT CS 25 silikoon tuleb tuubist v\u00e4lja pigistada spetsiaalse p\u00fcstoliga. Vuugid tuleb t\u00e4ita katkematult ja \u00fchtlaselt, neisse ei tohi j\u00e4tta t\u00fchimikke. <\/p>\n<p><strong>K\u00e4itlemine p\u00e4rast pealekandmist: <\/strong>5 minuti jooksul tuleb t\u00e4idetud pinnale pritsida seebiveelahust ja siluda pinda niisutatud t\u00f6\u00f6vahendiga, eemaldades \u00fchtlasi liigse materjali. V\u00e4rsked silikooniplekid pestakse maha seebiveelahuse v\u00f5i lakibensiiniga, kivistunud plekke saab eemaldada \u00fcksnes<br \/>\nmehaaniliselt. CERESIT CS 25 peaks saama kuivada v\u00e4hemalt 30 minutit kuni 3 tundi. <\/p>\n\t\t<\/div>\n\t\t\t\t\t<\/div>\n\n\t\n\n\t<div id=\"col-950768353\" class=\"col medium-3 small-12 large-3\"  >\n\t\t\t\t<div class=\"col-inner\"  >\n\t\t\t\n\t\t\t\n\t<div id=\"gap-1912740873\" class=\"gap-element clearfix\" style=\"display:block; height:auto;\">\n\t\t\n<style>\n#gap-1912740873 {\n  padding-top: 30px;\n}\n<\/style>\n\t<\/div>\n\t\n<h3>Tehniline informatsioon<\/h3>\n<p><a href=\"https:\/\/espak.ee\/epood\/wp-content\/uploads\/2025\/01\/CERESIT-CS-25-et_EE.pdf\"target=\"_blank\" rel=\"noopener noreferrer\"><i class=\"far fa-file-pdf\"><\/i> Tehniline info (PDF)<\/a><\/p>\n<h3>Ohutusalane teave<\/h3>\n<p><a href=\"https:\/\/espak.ee\/epood\/wp-content\/uploads\/2025\/01\/000000000002940735_000000428552_MSDS_UT_EE_ET.pdf\"target=\"_blank\" rel=\"noopener noreferrer\"><i class=\"far fa-file-pdf\"><\/i> Ohutuskaart (PDF)<\/a><\/p>\n<div class=\"is-divider divider clearfix\" ><\/div>\n<p><strong>\u00dcksikasjalikuma n\u00f5u saamiseks v\u00f5tke \u00fchendust:<br \/><\/strong>Henkel Balti O\u00dc<br \/>S\u00f5bra 61<br \/>51013<br \/>Tartu<br \/>+ 372 7305800<\/p>\n<div class=\"is-divider divider clearfix\" ><\/div>\n\t\t<\/div>\n\t\t\t\t\t<\/div>\n\n\t\n<\/div>\n","protected":false},"excerpt":{"rendered":"","protected":false},"featured_media":224924,"comment_status":"closed","ping_status":"closed","template":"","meta":[],"product_brand":[],"product_cat":[2703,2708,2714,2683],"product_tag":[],"class_list":{"0":"post-224731","1":"product","2":"type-product","3":"status-publish","4":"has-post-thumbnail","6":"product_cat-ehituskeemia","7":"product_cat-hermeetikud","8":"product_cat-silikoonid","9":"product_cat-viimistluskaubad","10":"pa_kaubamark-henkel-balti-ou","12":"first","13":"instock","14":"sale","15":"taxable","16":"shipping-taxable","17":"purchasable","18":"product-type-simple"},"yoast_head":"<!-- This site is optimized with the Yoast SEO plugin v26.9 - https:\/\/yoast.com\/product\/yoast-seo-wordpress\/ -->\n<title>SANITAARSILIKOON CERESIT CS-25 107 STEEL 280ML - Espak E-pood<\/title>\n<meta name=\"robots\" content=\"index, follow, max-snippet:-1, max-image-preview:large, max-video-preview:-1\" \/>\n<link rel=\"canonical\" href=\"https:\/\/espak.ee\/epood\/toode\/sanitaarsilikoon-ceresit-cs-25-107-steel-280ml\/\" \/>\n<meta property=\"og:locale\" content=\"et_EE\" \/>\n<meta property=\"og:type\" content=\"article\" \/>\n<meta property=\"og:title\" content=\"SANITAARSILIKOON CERESIT CS-25 107 STEEL 280ML - Espak E-pood\" \/>\n<meta property=\"og:url\" content=\"https:\/\/espak.ee\/epood\/toode\/sanitaarsilikoon-ceresit-cs-25-107-steel-280ml\/\" \/>\n<meta property=\"og:site_name\" content=\"Espak E-pood\" \/>\n<meta property=\"article:modified_time\" content=\"2025-12-21T10:45:11+00:00\" \/>\n<meta property=\"og:image\" content=\"https:\/\/espak.ee\/epood\/wp-content\/uploads\/2025\/01\/Ceresit-CS-25-Front-EE-ecommerce.jpg\" \/>\n\t<meta property=\"og:image:width\" content=\"800\" \/>\n\t<meta property=\"og:image:height\" content=\"800\" \/>\n\t<meta property=\"og:image:type\" content=\"image\/jpeg\" \/>\n<meta name=\"twitter:card\" content=\"summary_large_image\" \/>\n<meta name=\"twitter:label1\" content=\"Est. reading time\" \/>\n\t<meta name=\"twitter:data1\" content=\"2 minutit\" \/>\n<script type=\"application\/ld+json\" class=\"yoast-schema-graph\">{\"@context\":\"https:\/\/schema.org\",\"@graph\":[{\"@type\":\"WebPage\",\"@id\":\"https:\/\/espak.ee\/epood\/toode\/sanitaarsilikoon-ceresit-cs-25-107-steel-280ml\/\",\"url\":\"https:\/\/espak.ee\/epood\/toode\/sanitaarsilikoon-ceresit-cs-25-107-steel-280ml\/\",\"name\":\"SANITAARSILIKOON CERESIT CS-25 107 STEEL 280ML - Espak E-pood\",\"isPartOf\":{\"@id\":\"https:\/\/espak.ee\/epood\/#website\"},\"primaryImageOfPage\":{\"@id\":\"https:\/\/espak.ee\/epood\/toode\/sanitaarsilikoon-ceresit-cs-25-107-steel-280ml\/#primaryimage\"},\"image\":{\"@id\":\"https:\/\/espak.ee\/epood\/toode\/sanitaarsilikoon-ceresit-cs-25-107-steel-280ml\/#primaryimage\"},\"thumbnailUrl\":\"https:\/\/espak.ee\/epood\/wp-content\/uploads\/2025\/01\/Ceresit-CS-25-Front-EE-ecommerce.jpg\",\"datePublished\":\"2025-01-22T03:05:01+00:00\",\"dateModified\":\"2025-12-21T10:45:11+00:00\",\"breadcrumb\":{\"@id\":\"https:\/\/espak.ee\/epood\/toode\/sanitaarsilikoon-ceresit-cs-25-107-steel-280ml\/#breadcrumb\"},\"inLanguage\":\"et\",\"potentialAction\":[{\"@type\":\"ReadAction\",\"target\":[\"https:\/\/espak.ee\/epood\/toode\/sanitaarsilikoon-ceresit-cs-25-107-steel-280ml\/\"]}]},{\"@type\":\"ImageObject\",\"inLanguage\":\"et\",\"@id\":\"https:\/\/espak.ee\/epood\/toode\/sanitaarsilikoon-ceresit-cs-25-107-steel-280ml\/#primaryimage\",\"url\":\"https:\/\/espak.ee\/epood\/wp-content\/uploads\/2025\/01\/Ceresit-CS-25-Front-EE-ecommerce.jpg\",\"contentUrl\":\"https:\/\/espak.ee\/epood\/wp-content\/uploads\/2025\/01\/Ceresit-CS-25-Front-EE-ecommerce.jpg\",\"width\":800,\"height\":800},{\"@type\":\"BreadcrumbList\",\"@id\":\"https:\/\/espak.ee\/epood\/toode\/sanitaarsilikoon-ceresit-cs-25-107-steel-280ml\/#breadcrumb\",\"itemListElement\":[{\"@type\":\"ListItem\",\"position\":1,\"name\":\"Home\",\"item\":\"https:\/\/espak.ee\/epood\/\"},{\"@type\":\"ListItem\",\"position\":2,\"name\":\"Tootevalik\",\"item\":\"https:\/\/espak.ee\/epood\/tootevalik\/\"},{\"@type\":\"ListItem\",\"position\":3,\"name\":\"SANITAARSILIKOON CERESIT CS-25 107 STEEL 280ML\"}]},{\"@type\":\"WebSite\",\"@id\":\"https:\/\/espak.ee\/epood\/#website\",\"url\":\"https:\/\/espak.ee\/epood\/\",\"name\":\"Espak E-pood\",\"description\":\"\",\"potentialAction\":[{\"@type\":\"SearchAction\",\"target\":{\"@type\":\"EntryPoint\",\"urlTemplate\":\"https:\/\/espak.ee\/epood\/?s={search_term_string}\"},\"query-input\":{\"@type\":\"PropertyValueSpecification\",\"valueRequired\":true,\"valueName\":\"search_term_string\"}}],\"inLanguage\":\"et\"}]}<\/script>\n<!-- \/ Yoast SEO plugin. -->","yoast_head_json":{"title":"SANITAARSILIKOON CERESIT CS-25 107 STEEL 280ML - Espak E-pood","robots":{"index":"index","follow":"follow","max-snippet":"max-snippet:-1","max-image-preview":"max-image-preview:large","max-video-preview":"max-video-preview:-1"},"canonical":"https:\/\/espak.ee\/epood\/toode\/sanitaarsilikoon-ceresit-cs-25-107-steel-280ml\/","og_locale":"et_EE","og_type":"article","og_title":"SANITAARSILIKOON CERESIT CS-25 107 STEEL 280ML - Espak E-pood","og_url":"https:\/\/espak.ee\/epood\/toode\/sanitaarsilikoon-ceresit-cs-25-107-steel-280ml\/","og_site_name":"Espak E-pood","article_modified_time":"2025-12-21T10:45:11+00:00","og_image":[{"width":800,"height":800,"url":"https:\/\/espak.ee\/epood\/wp-content\/uploads\/2025\/01\/Ceresit-CS-25-Front-EE-ecommerce.jpg","type":"image\/jpeg"}],"twitter_card":"summary_large_image","twitter_misc":{"Est. reading time":"2 minutit"},"schema":{"@context":"https:\/\/schema.org","@graph":[{"@type":"WebPage","@id":"https:\/\/espak.ee\/epood\/toode\/sanitaarsilikoon-ceresit-cs-25-107-steel-280ml\/","url":"https:\/\/espak.ee\/epood\/toode\/sanitaarsilikoon-ceresit-cs-25-107-steel-280ml\/","name":"SANITAARSILIKOON CERESIT CS-25 107 STEEL 280ML - Espak E-pood","isPartOf":{"@id":"https:\/\/espak.ee\/epood\/#website"},"primaryImageOfPage":{"@id":"https:\/\/espak.ee\/epood\/toode\/sanitaarsilikoon-ceresit-cs-25-107-steel-280ml\/#primaryimage"},"image":{"@id":"https:\/\/espak.ee\/epood\/toode\/sanitaarsilikoon-ceresit-cs-25-107-steel-280ml\/#primaryimage"},"thumbnailUrl":"https:\/\/espak.ee\/epood\/wp-content\/uploads\/2025\/01\/Ceresit-CS-25-Front-EE-ecommerce.jpg","datePublished":"2025-01-22T03:05:01+00:00","dateModified":"2025-12-21T10:45:11+00:00","breadcrumb":{"@id":"https:\/\/espak.ee\/epood\/toode\/sanitaarsilikoon-ceresit-cs-25-107-steel-280ml\/#breadcrumb"},"inLanguage":"et","potentialAction":[{"@type":"ReadAction","target":["https:\/\/espak.ee\/epood\/toode\/sanitaarsilikoon-ceresit-cs-25-107-steel-280ml\/"]}]},{"@type":"ImageObject","inLanguage":"et","@id":"https:\/\/espak.ee\/epood\/toode\/sanitaarsilikoon-ceresit-cs-25-107-steel-280ml\/#primaryimage","url":"https:\/\/espak.ee\/epood\/wp-content\/uploads\/2025\/01\/Ceresit-CS-25-Front-EE-ecommerce.jpg","contentUrl":"https:\/\/espak.ee\/epood\/wp-content\/uploads\/2025\/01\/Ceresit-CS-25-Front-EE-ecommerce.jpg","width":800,"height":800},{"@type":"BreadcrumbList","@id":"https:\/\/espak.ee\/epood\/toode\/sanitaarsilikoon-ceresit-cs-25-107-steel-280ml\/#breadcrumb","itemListElement":[{"@type":"ListItem","position":1,"name":"Home","item":"https:\/\/espak.ee\/epood\/"},{"@type":"ListItem","position":2,"name":"Tootevalik","item":"https:\/\/espak.ee\/epood\/tootevalik\/"},{"@type":"ListItem","position":3,"name":"SANITAARSILIKOON CERESIT CS-25 107 STEEL 280ML"}]},{"@type":"WebSite","@id":"https:\/\/espak.ee\/epood\/#website","url":"https:\/\/espak.ee\/epood\/","name":"Espak E-pood","description":"","potentialAction":[{"@type":"SearchAction","target":{"@type":"EntryPoint","urlTemplate":"https:\/\/espak.ee\/epood\/?s={search_term_string}"},"query-input":{"@type":"PropertyValueSpecification","valueRequired":true,"valueName":"search_term_string"}}],"inLanguage":"et"}]}},"_links":{"self":[{"href":"https:\/\/espak.ee\/epood\/wp-json\/wp\/v2\/product\/224731","targetHints":{"allow":["GET"]}}],"collection":[{"href":"https:\/\/espak.ee\/epood\/wp-json\/wp\/v2\/product"}],"about":[{"href":"https:\/\/espak.ee\/epood\/wp-json\/wp\/v2\/types\/product"}],"replies":[{"embeddable":true,"href":"https:\/\/espak.ee\/epood\/wp-json\/wp\/v2\/comments?post=224731"}],"wp:featuredmedia":[{"embeddable":true,"href":"https:\/\/espak.ee\/epood\/wp-json\/wp\/v2\/media\/224924"}],"wp:attachment":[{"href":"https:\/\/espak.ee\/epood\/wp-json\/wp\/v2\/media?parent=224731"}],"wp:term":[{"taxonomy":"product_brand","embeddable":true,"href":"https:\/\/espak.ee\/epood\/wp-json\/wp\/v2\/product_brand?post=224731"},{"taxonomy":"product_cat","embeddable":true,"href":"https:\/\/espak.ee\/epood\/wp-json\/wp\/v2\/product_cat?post=224731"},{"taxonomy":"product_tag","embeddable":true,"href":"https:\/\/espak.ee\/epood\/wp-json\/wp\/v2\/product_tag?post=224731"}],"curies":[{"name":"wp","href":"https:\/\/api.w.org\/{rel}","templated":true}]}}