{"id":224709,"date":"2025-01-22T05:05:01","date_gmt":"2025-01-22T03:05:01","guid":{"rendered":"https:\/\/espak.ee\/epood\/?post_type=product&#038;p=224709"},"modified":"2025-10-17T11:30:11","modified_gmt":"2025-10-17T08:30:11","slug":"viimistluspahtel-weber-lr-3kg","status":"publish","type":"product","link":"https:\/\/espak.ee\/epood\/toode\/viimistluspahtel-weber-lr-3kg\/","title":{"rendered":"VIIMISTLUSPAHTEL WEBER LR+ 3KG"},"content":{"rendered":"<div class=\"row\"  id=\"row-266013320\">\n\n\t<div id=\"col-217141685\" class=\"col medium-9 small-12 large-9\"  >\n\t\t\t\t<div class=\"col-inner\"  >\n\t\t\t\n\t\t\t\n<h3>Viimistluspahtel Weber LR+ 3kg<\/h3>\n<p>Pol\u00fcmeersideainel lagede ja seinte viimistluspahtel kuivadesse ruumidesse. Ei sobi kasutamiseks niisketes ja m\u00e4rgades oludes. Veega segamisel saadakse valmis pahtel. Segukihi paksus pealekandmisel on keskmiselt 1&#8230;3 mm. Pinnale v\u00f5ib kanda nii k\u00e4sitsi kui ka pahtlipumbaga. <\/p>\n<div class=\"message-box relative\" style=\"padding-top:15px;padding-bottom:15px;\"><div class=\"message-box-bg-image bg-fill fill\" ><\/div><div class=\"message-box-bg-overlay bg-fill fill\" ><\/div><div class=\"container relative\"><div class=\"inner last-reset\">\n<div class=\"row align-middle align-center\"  id=\"row-32135220\">\n\n\t<div id=\"col-638164286\" class=\"col small-12 large-12\"  >\n\t\t\t\t<div class=\"col-inner text-left\"  >\n\t\t\t\n\t\t\t\n<h4>Omadused<\/h4>\n<div class=\"row\"  id=\"row-1729628736\">\n\n\t<div id=\"col-156411804\" class=\"col medium-6 small-12 large-6\"  >\n\t\t\t\t<div class=\"col-inner\"  >\n\t\t\t\n\t\t\t\n<p><i class=\"fa fa-check fa-2x\"><\/i> <strong>Tagab sileda pinna v\u00e4rvimiseks ja tapetseerimiseks<\/strong><\/p>\n<p><i class=\"fa fa-check fa-2x\"><\/i> <strong>Kerge lihvida<\/strong><\/p>\n\t\t<\/div>\n\t\t\t\t\n<style>\n#col-156411804 > .col-inner {\n  margin: 0px 0px 15px 0px;\n}\n<\/style>\n\t<\/div>\n\n\t\n\n\t<div id=\"col-1279004147\" class=\"col medium-6 small-12 large-6\"  >\n\t\t\t\t<div class=\"col-inner\"  >\n\t\t\t\n\t\t\t\n<p><i class=\"fa fa-check fa-2x\"><\/i> <strong>Kerge paigaldada<\/strong><\/p>\n<p><i class=\"fa fa-check fa-2x\"><\/i> <strong>Suure nakketugevusega<\/strong><\/p>\n\t\t<\/div>\n\t\t\t\t\n<style>\n#col-1279004147 > .col-inner {\n  margin: 0px 0px 15px 0px;\n}\n<\/style>\n\t<\/div>\n\n\t\n<\/div>\n\t\t<\/div>\n\t\t\t\t\t<\/div>\n\n\t\n<\/div>\n<\/div><\/div><\/div>\n\t<div id=\"gap-1392193627\" class=\"gap-element clearfix\" style=\"display:block; height:auto;\">\n\t\t\n<style>\n#gap-1392193627 {\n  padding-top: 30px;\n}\n<\/style>\n\t<\/div>\n\t\n<p><strong>Kasutamine<\/strong><br \/>\nPahteldatav sein peab olema puhas, tugev ja piisavalt sile. Tolm ning lahtised v\u00f5i lagunevad aluspinnakihid tuleb eemaldada. Kuivades ja soojades oludes on soovitatav enne segu seinale kandmist aluspinda niisutada ja\/v\u00f5i vajadusel kruntida universaalse nakkekrundiga weberprim 811.<\/p>\n<p><strong>T\u00f6\u00f6juhised: <\/strong><br \/>\nSegu valmistamiseks kasutada puhast joogik\u00f5lbulikku vett. Veekulu 6,4&#8230;7,2 l\/20 kg. Segatakse trelli ja vispliga kaks korda \u2013 esimene segamine (u 3 min) tehakse nii, et segu j\u00f5uaks oma \u00f5ige viskoossuseni, seej\u00e4rel lastakse segul seista u 10 minutit, teine kord segatakse veel kergelt l\u00e4bi. Valmissegu temperatuur peab \u00fcletama +10\u00b0C.<br \/>\nweber LR+ kantakse seinale kas k\u00e4sitsi v\u00f5i pahtlipumbaga. Kihipaksus 1&#8230;3 mm. K\u00e4sitsi seinale kandmiseks kasutatakse laia terasliipi. Seinale kantud pahtel tasandatakse kohe, korrigeerimiseks on aega 10&#8230;20 minutit. Mahukamate pahteldamist\u00f6\u00f6de korral sobib segu seinale kandmiseks kruvipump (mitte l\u00e4bivoolusegisti). S\u00f5ltuvalt ruumi temperatuurist ja niiskusest on pahtli kuivamisaeg 12&#8230;24 tundi. Pahtli lihvimiseks on soovitatav kasutada liivapaberit j\u00e4medusega P120, P150 ja P180.<\/p>\n<p><strong>J\u00e4relhooldus: <\/strong><br \/>\nWeber LR+iga viimistletud seina on soovitatav enne tapetseerimist kruntida.<\/p>\n<p><strong>Ohutusteave: <\/strong><br \/>\nEnne segu kasutamist peab tutvuma tootejuhendiga ning teostama t\u00f6\u00f6d vastavalt ettekirjutusele. Kasutaja peab olema valmis t\u00f5estama, et j\u00e4rgis k\u00f5iki toodet puudutavaid juhendeid.<\/p>\n\t\t<\/div>\n\t\t\t\t\t<\/div>\n\n\t\n\n\t<div id=\"col-636451604\" class=\"col medium-3 small-12 large-3\"  >\n\t\t\t\t<div class=\"col-inner\"  >\n\t\t\t\n\t\t\t\n\t<div id=\"gap-1736697708\" class=\"gap-element clearfix\" style=\"display:block; height:auto;\">\n\t\t\n<style>\n#gap-1736697708 {\n  padding-top: 30px;\n}\n<\/style>\n\t<\/div>\n\t\n<h3>Ohutuskaart<\/h3>\n<p><a href=\"https:\/\/espak.ee\/epood\/wp-content\/uploads\/2025\/01\/SDSXXP01000236_-_2_-_weber_LR_-_EE.pdf\"target=\"_blank\" rel=\"noopener noreferrer\"><i class=\"far fa-file-pdf\"><\/i> Ohutuskaart (PDF)<\/a><\/p>\n<h3>DoP<\/h3>\n<p><a href=\"https:\/\/espak.ee\/epood\/wp-content\/uploads\/2025\/01\/weber_LR__01.pdf\"target=\"_blank\" rel=\"noopener noreferrer\"><i class=\"far fa-file-pdf\"><\/i> DoP (PDF)<\/a><\/p>\n<h3>Tooteleht<\/h3>\n<p><a href=\"https:\/\/espak.ee\/epood\/wp-content\/uploads\/2025\/01\/weber_LR__tooteleht_16-02.pdf\"target=\"_blank\" rel=\"noopener noreferrer\"><i class=\"far fa-file-pdf\"><\/i> Tooteleht (PDF)<\/a><\/p>\n<div class=\"is-divider divider clearfix\" ><\/div>\n<p><strong>\u00dcksikasjalikuma n\u00f5u saamiseks v\u00f5tke \u00fchendust:<br \/><\/strong>SAINT-GOBAIN EESTI AS<br \/>Peterburi tee 75<br \/>Tallinn, 11415<br \/>Telefon: +372 6209 510<\/p>\n<div class=\"is-divider divider clearfix\" ><\/div>\n\t\t<\/div>\n\t\t\t\t\t<\/div>\n\n\t\n<\/div>\n","protected":false},"excerpt":{"rendered":"","protected":false},"featured_media":225409,"comment_status":"closed","ping_status":"closed","template":"","meta":[],"product_brand":[],"product_cat":[2698,2816,2697,2842],"product_tag":[],"class_list":{"0":"post-224709","1":"product","2":"type-product","3":"status-publish","4":"has-post-thumbnail","6":"product_cat-pahtlid-ja-kuivsegud","7":"product_cat-seinatasandussegud","8":"product_cat-uldehitus","9":"product_cat-viimistluspahtlid","10":"pa_kaubamark-saint-gobain-ehitustooted-as","12":"first","13":"instock","14":"sale","15":"taxable","16":"shipping-taxable","17":"purchasable","18":"product-type-simple"},"yoast_head":"<!-- This site is optimized with the Yoast SEO plugin v26.9 - https:\/\/yoast.com\/product\/yoast-seo-wordpress\/ -->\n<title>VIIMISTLUSPAHTEL WEBER LR+ 3KG - Espak E-pood<\/title>\n<meta name=\"robots\" content=\"index, follow, max-snippet:-1, max-image-preview:large, max-video-preview:-1\" \/>\n<link rel=\"canonical\" href=\"https:\/\/espak.ee\/epood\/toode\/viimistluspahtel-weber-lr-3kg\/\" \/>\n<meta property=\"og:locale\" content=\"et_EE\" \/>\n<meta property=\"og:type\" content=\"article\" \/>\n<meta property=\"og:title\" content=\"VIIMISTLUSPAHTEL WEBER LR+ 3KG - Espak E-pood\" \/>\n<meta property=\"og:url\" content=\"https:\/\/espak.ee\/epood\/toode\/viimistluspahtel-weber-lr-3kg\/\" \/>\n<meta property=\"og:site_name\" content=\"Espak E-pood\" \/>\n<meta property=\"article:modified_time\" content=\"2025-10-17T08:30:11+00:00\" \/>\n<meta property=\"og:image\" content=\"https:\/\/espak.ee\/epood\/wp-content\/uploads\/2025\/01\/weber-LR-3-kg-copy-2.jpg\" \/>\n\t<meta property=\"og:image:width\" content=\"1000\" \/>\n\t<meta property=\"og:image:height\" content=\"1000\" \/>\n\t<meta property=\"og:image:type\" content=\"image\/jpeg\" \/>\n<meta name=\"twitter:card\" content=\"summary_large_image\" \/>\n<meta name=\"twitter:label1\" content=\"Est. reading time\" \/>\n\t<meta name=\"twitter:data1\" content=\"2 minutit\" \/>\n<script type=\"application\/ld+json\" class=\"yoast-schema-graph\">{\"@context\":\"https:\/\/schema.org\",\"@graph\":[{\"@type\":\"WebPage\",\"@id\":\"https:\/\/espak.ee\/epood\/toode\/viimistluspahtel-weber-lr-3kg\/\",\"url\":\"https:\/\/espak.ee\/epood\/toode\/viimistluspahtel-weber-lr-3kg\/\",\"name\":\"VIIMISTLUSPAHTEL WEBER LR+ 3KG - Espak E-pood\",\"isPartOf\":{\"@id\":\"https:\/\/espak.ee\/epood\/#website\"},\"primaryImageOfPage\":{\"@id\":\"https:\/\/espak.ee\/epood\/toode\/viimistluspahtel-weber-lr-3kg\/#primaryimage\"},\"image\":{\"@id\":\"https:\/\/espak.ee\/epood\/toode\/viimistluspahtel-weber-lr-3kg\/#primaryimage\"},\"thumbnailUrl\":\"https:\/\/espak.ee\/epood\/wp-content\/uploads\/2025\/01\/weber-LR-3-kg-copy-2.jpg\",\"datePublished\":\"2025-01-22T03:05:01+00:00\",\"dateModified\":\"2025-10-17T08:30:11+00:00\",\"breadcrumb\":{\"@id\":\"https:\/\/espak.ee\/epood\/toode\/viimistluspahtel-weber-lr-3kg\/#breadcrumb\"},\"inLanguage\":\"et\",\"potentialAction\":[{\"@type\":\"ReadAction\",\"target\":[\"https:\/\/espak.ee\/epood\/toode\/viimistluspahtel-weber-lr-3kg\/\"]}]},{\"@type\":\"ImageObject\",\"inLanguage\":\"et\",\"@id\":\"https:\/\/espak.ee\/epood\/toode\/viimistluspahtel-weber-lr-3kg\/#primaryimage\",\"url\":\"https:\/\/espak.ee\/epood\/wp-content\/uploads\/2025\/01\/weber-LR-3-kg-copy-2.jpg\",\"contentUrl\":\"https:\/\/espak.ee\/epood\/wp-content\/uploads\/2025\/01\/weber-LR-3-kg-copy-2.jpg\",\"width\":1000,\"height\":1000},{\"@type\":\"BreadcrumbList\",\"@id\":\"https:\/\/espak.ee\/epood\/toode\/viimistluspahtel-weber-lr-3kg\/#breadcrumb\",\"itemListElement\":[{\"@type\":\"ListItem\",\"position\":1,\"name\":\"Home\",\"item\":\"https:\/\/espak.ee\/epood\/\"},{\"@type\":\"ListItem\",\"position\":2,\"name\":\"Tootevalik\",\"item\":\"https:\/\/espak.ee\/epood\/tootevalik\/\"},{\"@type\":\"ListItem\",\"position\":3,\"name\":\"VIIMISTLUSPAHTEL WEBER LR+ 3KG\"}]},{\"@type\":\"WebSite\",\"@id\":\"https:\/\/espak.ee\/epood\/#website\",\"url\":\"https:\/\/espak.ee\/epood\/\",\"name\":\"Espak E-pood\",\"description\":\"\",\"potentialAction\":[{\"@type\":\"SearchAction\",\"target\":{\"@type\":\"EntryPoint\",\"urlTemplate\":\"https:\/\/espak.ee\/epood\/?s={search_term_string}\"},\"query-input\":{\"@type\":\"PropertyValueSpecification\",\"valueRequired\":true,\"valueName\":\"search_term_string\"}}],\"inLanguage\":\"et\"}]}<\/script>\n<!-- \/ Yoast SEO plugin. -->","yoast_head_json":{"title":"VIIMISTLUSPAHTEL WEBER LR+ 3KG - Espak E-pood","robots":{"index":"index","follow":"follow","max-snippet":"max-snippet:-1","max-image-preview":"max-image-preview:large","max-video-preview":"max-video-preview:-1"},"canonical":"https:\/\/espak.ee\/epood\/toode\/viimistluspahtel-weber-lr-3kg\/","og_locale":"et_EE","og_type":"article","og_title":"VIIMISTLUSPAHTEL WEBER LR+ 3KG - Espak E-pood","og_url":"https:\/\/espak.ee\/epood\/toode\/viimistluspahtel-weber-lr-3kg\/","og_site_name":"Espak E-pood","article_modified_time":"2025-10-17T08:30:11+00:00","og_image":[{"width":1000,"height":1000,"url":"https:\/\/espak.ee\/epood\/wp-content\/uploads\/2025\/01\/weber-LR-3-kg-copy-2.jpg","type":"image\/jpeg"}],"twitter_card":"summary_large_image","twitter_misc":{"Est. reading time":"2 minutit"},"schema":{"@context":"https:\/\/schema.org","@graph":[{"@type":"WebPage","@id":"https:\/\/espak.ee\/epood\/toode\/viimistluspahtel-weber-lr-3kg\/","url":"https:\/\/espak.ee\/epood\/toode\/viimistluspahtel-weber-lr-3kg\/","name":"VIIMISTLUSPAHTEL WEBER LR+ 3KG - Espak E-pood","isPartOf":{"@id":"https:\/\/espak.ee\/epood\/#website"},"primaryImageOfPage":{"@id":"https:\/\/espak.ee\/epood\/toode\/viimistluspahtel-weber-lr-3kg\/#primaryimage"},"image":{"@id":"https:\/\/espak.ee\/epood\/toode\/viimistluspahtel-weber-lr-3kg\/#primaryimage"},"thumbnailUrl":"https:\/\/espak.ee\/epood\/wp-content\/uploads\/2025\/01\/weber-LR-3-kg-copy-2.jpg","datePublished":"2025-01-22T03:05:01+00:00","dateModified":"2025-10-17T08:30:11+00:00","breadcrumb":{"@id":"https:\/\/espak.ee\/epood\/toode\/viimistluspahtel-weber-lr-3kg\/#breadcrumb"},"inLanguage":"et","potentialAction":[{"@type":"ReadAction","target":["https:\/\/espak.ee\/epood\/toode\/viimistluspahtel-weber-lr-3kg\/"]}]},{"@type":"ImageObject","inLanguage":"et","@id":"https:\/\/espak.ee\/epood\/toode\/viimistluspahtel-weber-lr-3kg\/#primaryimage","url":"https:\/\/espak.ee\/epood\/wp-content\/uploads\/2025\/01\/weber-LR-3-kg-copy-2.jpg","contentUrl":"https:\/\/espak.ee\/epood\/wp-content\/uploads\/2025\/01\/weber-LR-3-kg-copy-2.jpg","width":1000,"height":1000},{"@type":"BreadcrumbList","@id":"https:\/\/espak.ee\/epood\/toode\/viimistluspahtel-weber-lr-3kg\/#breadcrumb","itemListElement":[{"@type":"ListItem","position":1,"name":"Home","item":"https:\/\/espak.ee\/epood\/"},{"@type":"ListItem","position":2,"name":"Tootevalik","item":"https:\/\/espak.ee\/epood\/tootevalik\/"},{"@type":"ListItem","position":3,"name":"VIIMISTLUSPAHTEL WEBER LR+ 3KG"}]},{"@type":"WebSite","@id":"https:\/\/espak.ee\/epood\/#website","url":"https:\/\/espak.ee\/epood\/","name":"Espak E-pood","description":"","potentialAction":[{"@type":"SearchAction","target":{"@type":"EntryPoint","urlTemplate":"https:\/\/espak.ee\/epood\/?s={search_term_string}"},"query-input":{"@type":"PropertyValueSpecification","valueRequired":true,"valueName":"search_term_string"}}],"inLanguage":"et"}]}},"_links":{"self":[{"href":"https:\/\/espak.ee\/epood\/wp-json\/wp\/v2\/product\/224709","targetHints":{"allow":["GET"]}}],"collection":[{"href":"https:\/\/espak.ee\/epood\/wp-json\/wp\/v2\/product"}],"about":[{"href":"https:\/\/espak.ee\/epood\/wp-json\/wp\/v2\/types\/product"}],"replies":[{"embeddable":true,"href":"https:\/\/espak.ee\/epood\/wp-json\/wp\/v2\/comments?post=224709"}],"wp:featuredmedia":[{"embeddable":true,"href":"https:\/\/espak.ee\/epood\/wp-json\/wp\/v2\/media\/225409"}],"wp:attachment":[{"href":"https:\/\/espak.ee\/epood\/wp-json\/wp\/v2\/media?parent=224709"}],"wp:term":[{"taxonomy":"product_brand","embeddable":true,"href":"https:\/\/espak.ee\/epood\/wp-json\/wp\/v2\/product_brand?post=224709"},{"taxonomy":"product_cat","embeddable":true,"href":"https:\/\/espak.ee\/epood\/wp-json\/wp\/v2\/product_cat?post=224709"},{"taxonomy":"product_tag","embeddable":true,"href":"https:\/\/espak.ee\/epood\/wp-json\/wp\/v2\/product_tag?post=224709"}],"curies":[{"name":"wp","href":"https:\/\/api.w.org\/{rel}","templated":true}]}}