{"id":224617,"date":"2025-01-21T05:10:02","date_gmt":"2025-01-21T03:10:02","guid":{"rendered":"https:\/\/espak.ee\/epood\/?post_type=product&#038;p=224617"},"modified":"2026-05-05T20:06:51","modified_gmt":"2026-05-05T17:06:51","slug":"epoksiidvarv-poolmatt-epofloor-aqua-hall-09l","status":"publish","type":"product","link":"https:\/\/espak.ee\/epood\/toode\/epoksiidvarv-poolmatt-epofloor-aqua-hall-09l\/","title":{"rendered":"EPOKSIIDV\u00c4RV POOLMATT EPOFLOOR AQUA HALL 0,9L"},"content":{"rendered":"<div class=\"row\"  id=\"row-1218329615\">\n\n\t<div id=\"col-35057280\" class=\"col medium-9 small-12 large-9\"  >\n\t\t\t\t<div class=\"col-inner\"  >\n\t\t\t\n\t\t\t\n<h3>Poolmatt epoksiidv\u00e4rv Epofloor Aqua hall 0,9L Rilak<\/h3>\n<p>V\u00e4rv on ette n\u00e4htud keskmise ja suure kasutuskoormusega betoon- ja puitp\u00f5randate ning eelnevalt v\u00e4rvitud siseruumip\u00f5randate v\u00e4rvimiseks (elu-, kontori-, \u00fcld-, laoruumid jne). Moodustab poolmati pealmist betoonkihti tugevdava katte. On suure pesemis- ja niiskuskindlusega. Saab pinnale kanda kergelt ja \u00fchtlaselt, on hea katvusega.<\/p>\n<h3>Kasutamise \u00fcksikasjad<\/h3>\n<p>Enne kasutamist segada. Enne v\u00e4rvimist puhastada pind kriidist, mahakoorunud v\u00e4rvist, \u00f5lij\u00e4lgedest ja muudest saasteainetest. Hallituse v\u00f5i muude seenkahjustuste esinemise korral t\u00f6\u00f6delda pinda lahusega AKVASEPT. Kanda peale pintsli, rulli v\u00f5i \u00f5huvaba pihustiga (otsiku l\u00e4bim\u00f5\u00f5duga 0,013\u20130,015\u2033) kahes kihis \u00f5hu ja v\u00e4rvitava pinna temperatuuril \u00fcle +10 \u00b0C. V\u00e4rvitava pinna maksimaalne niiskus ei tohi betooni ja tsementtasanduskihi korral olla suurem kui 5 massiprotsenti v\u00f5i puidu korral 12 massiprotsenti.<\/p>\n<p>Kuivamisaeg teise kihi pealekandmiseks temperatuuril +20 \u00b0C on v\u00e4hemalt 4 tundi ja mitte \u00fcle 96 tunni. Kasutustugevuseni j\u00f5utakse p\u00e4rast teise kihi pealekandmist 48 tunniga. Maksimaalse mehaanilise tugevuseni j\u00f5utakse 7 p\u00e4evaga. V\u00e4rvikulu \u00fche kihi kohta on 4\u20139 m2\/l. T\u00f6\u00f6riistade pesemiseks kasutada vett. Kasutamise ajal kasutada v\u00e4rvkatte pesemiseks ja puhastamiseks lahustivabasid pesuvahendeid. Erandiks on \u00f5lij\u00e4lgede eemaldamine, misjuhul v\u00f5ib kasutada lakibensiini. Esimest m\u00e4rgpuhastust v\u00f5ib teha v\u00e4hemalt 7 p\u00e4eva m\u00f6\u00f6dumisel v\u00e4rvimisest.<\/p>\n<p>Hoida tihedalt suletud anumas temperatuuril v\u00e4hemalt +5 \u00b0C.<\/p>\n\t\t<\/div>\n\t\t\t\t\t<\/div>\n\n\t\n\n\t<div id=\"col-2060302055\" class=\"col medium-3 small-12 large-3\"  >\n\t\t\t\t<div class=\"col-inner\"  >\n\t\t\t\n\t\t\t\n<div class=\"is-divider divider clearfix\" ><\/div>\n<p><strong>\u00dcksikasjalikuma n\u00f5u saamiseks v\u00f5tke \u00fchendust:<br \/><\/strong>RIIA LAKID O\u00dc<br \/>Kantsi 3<br \/>11415<br \/>Tallinn<br \/>+372 6335439<\/p>\n<div class=\"is-divider divider clearfix\" ><\/div>\n\t\t<\/div>\n\t\t\t\t\t<\/div>\n\n\t\n<\/div>\n","protected":false},"excerpt":{"rendered":"","protected":false},"featured_media":224638,"comment_status":"closed","ping_status":"closed","template":"","meta":[],"product_brand":[],"product_cat":[2689,2685,2684,2683],"product_tag":[],"class_list":{"0":"post-224617","1":"product","2":"type-product","3":"status-publish","4":"has-post-thumbnail","6":"product_cat-sisevarvid","7":"product_cat-varvid","8":"product_cat-varvid-lakid-lahustid-puidukaitsed-olid","9":"product_cat-viimistluskaubad","10":"product_shipping_class-dpd-cold","12":"first","13":"instock","14":"sale","15":"taxable","16":"shipping-taxable","17":"purchasable","18":"product-type-simple"},"yoast_head":"<!-- This site is optimized with the Yoast SEO plugin v26.9 - https:\/\/yoast.com\/product\/yoast-seo-wordpress\/ -->\n<title>EPOKSIIDV\u00c4RV POOLMATT EPOFLOOR AQUA HALL 0,9L - Espak E-pood<\/title>\n<meta name=\"robots\" content=\"index, follow, max-snippet:-1, max-image-preview:large, max-video-preview:-1\" \/>\n<link rel=\"canonical\" href=\"https:\/\/espak.ee\/epood\/toode\/epoksiidvarv-poolmatt-epofloor-aqua-hall-09l\/\" \/>\n<meta property=\"og:locale\" content=\"et_EE\" \/>\n<meta property=\"og:type\" content=\"article\" \/>\n<meta property=\"og:title\" content=\"EPOKSIIDV\u00c4RV POOLMATT EPOFLOOR AQUA HALL 0,9L - Espak E-pood\" \/>\n<meta property=\"og:url\" content=\"https:\/\/espak.ee\/epood\/toode\/epoksiidvarv-poolmatt-epofloor-aqua-hall-09l\/\" \/>\n<meta property=\"og:site_name\" content=\"Espak E-pood\" \/>\n<meta property=\"article:modified_time\" content=\"2026-05-05T17:06:51+00:00\" \/>\n<meta property=\"og:image\" content=\"https:\/\/espak.ee\/epood\/wp-content\/uploads\/2025\/01\/0.9L_EpofloorAqua_NEW_grey.jpg\" \/>\n\t<meta property=\"og:image:width\" content=\"800\" \/>\n\t<meta property=\"og:image:height\" content=\"800\" \/>\n\t<meta property=\"og:image:type\" content=\"image\/jpeg\" \/>\n<meta name=\"twitter:card\" content=\"summary_large_image\" \/>\n<meta name=\"twitter:label1\" content=\"Est. reading time\" \/>\n\t<meta name=\"twitter:data1\" content=\"1 minut\" \/>\n<script type=\"application\/ld+json\" class=\"yoast-schema-graph\">{\"@context\":\"https:\/\/schema.org\",\"@graph\":[{\"@type\":\"WebPage\",\"@id\":\"https:\/\/espak.ee\/epood\/toode\/epoksiidvarv-poolmatt-epofloor-aqua-hall-09l\/\",\"url\":\"https:\/\/espak.ee\/epood\/toode\/epoksiidvarv-poolmatt-epofloor-aqua-hall-09l\/\",\"name\":\"EPOKSIIDV\u00c4RV POOLMATT EPOFLOOR AQUA HALL 0,9L - Espak E-pood\",\"isPartOf\":{\"@id\":\"https:\/\/espak.ee\/epood\/#website\"},\"primaryImageOfPage\":{\"@id\":\"https:\/\/espak.ee\/epood\/toode\/epoksiidvarv-poolmatt-epofloor-aqua-hall-09l\/#primaryimage\"},\"image\":{\"@id\":\"https:\/\/espak.ee\/epood\/toode\/epoksiidvarv-poolmatt-epofloor-aqua-hall-09l\/#primaryimage\"},\"thumbnailUrl\":\"https:\/\/espak.ee\/epood\/wp-content\/uploads\/2025\/01\/0.9L_EpofloorAqua_NEW_grey.jpg\",\"datePublished\":\"2025-01-21T03:10:02+00:00\",\"dateModified\":\"2026-05-05T17:06:51+00:00\",\"breadcrumb\":{\"@id\":\"https:\/\/espak.ee\/epood\/toode\/epoksiidvarv-poolmatt-epofloor-aqua-hall-09l\/#breadcrumb\"},\"inLanguage\":\"et\",\"potentialAction\":[{\"@type\":\"ReadAction\",\"target\":[\"https:\/\/espak.ee\/epood\/toode\/epoksiidvarv-poolmatt-epofloor-aqua-hall-09l\/\"]}]},{\"@type\":\"ImageObject\",\"inLanguage\":\"et\",\"@id\":\"https:\/\/espak.ee\/epood\/toode\/epoksiidvarv-poolmatt-epofloor-aqua-hall-09l\/#primaryimage\",\"url\":\"https:\/\/espak.ee\/epood\/wp-content\/uploads\/2025\/01\/0.9L_EpofloorAqua_NEW_grey.jpg\",\"contentUrl\":\"https:\/\/espak.ee\/epood\/wp-content\/uploads\/2025\/01\/0.9L_EpofloorAqua_NEW_grey.jpg\",\"width\":800,\"height\":800},{\"@type\":\"BreadcrumbList\",\"@id\":\"https:\/\/espak.ee\/epood\/toode\/epoksiidvarv-poolmatt-epofloor-aqua-hall-09l\/#breadcrumb\",\"itemListElement\":[{\"@type\":\"ListItem\",\"position\":1,\"name\":\"Home\",\"item\":\"https:\/\/espak.ee\/epood\/\"},{\"@type\":\"ListItem\",\"position\":2,\"name\":\"Tootevalik\",\"item\":\"https:\/\/espak.ee\/epood\/tootevalik\/\"},{\"@type\":\"ListItem\",\"position\":3,\"name\":\"EPOKSIIDV\u00c4RV POOLMATT EPOFLOOR AQUA HALL 0,9L\"}]},{\"@type\":\"WebSite\",\"@id\":\"https:\/\/espak.ee\/epood\/#website\",\"url\":\"https:\/\/espak.ee\/epood\/\",\"name\":\"Espak E-pood\",\"description\":\"\",\"potentialAction\":[{\"@type\":\"SearchAction\",\"target\":{\"@type\":\"EntryPoint\",\"urlTemplate\":\"https:\/\/espak.ee\/epood\/?s={search_term_string}\"},\"query-input\":{\"@type\":\"PropertyValueSpecification\",\"valueRequired\":true,\"valueName\":\"search_term_string\"}}],\"inLanguage\":\"et\"}]}<\/script>\n<!-- \/ Yoast SEO plugin. -->","yoast_head_json":{"title":"EPOKSIIDV\u00c4RV POOLMATT EPOFLOOR AQUA HALL 0,9L - Espak E-pood","robots":{"index":"index","follow":"follow","max-snippet":"max-snippet:-1","max-image-preview":"max-image-preview:large","max-video-preview":"max-video-preview:-1"},"canonical":"https:\/\/espak.ee\/epood\/toode\/epoksiidvarv-poolmatt-epofloor-aqua-hall-09l\/","og_locale":"et_EE","og_type":"article","og_title":"EPOKSIIDV\u00c4RV POOLMATT EPOFLOOR AQUA HALL 0,9L - Espak E-pood","og_url":"https:\/\/espak.ee\/epood\/toode\/epoksiidvarv-poolmatt-epofloor-aqua-hall-09l\/","og_site_name":"Espak E-pood","article_modified_time":"2026-05-05T17:06:51+00:00","og_image":[{"width":800,"height":800,"url":"https:\/\/espak.ee\/epood\/wp-content\/uploads\/2025\/01\/0.9L_EpofloorAqua_NEW_grey.jpg","type":"image\/jpeg"}],"twitter_card":"summary_large_image","twitter_misc":{"Est. reading time":"1 minut"},"schema":{"@context":"https:\/\/schema.org","@graph":[{"@type":"WebPage","@id":"https:\/\/espak.ee\/epood\/toode\/epoksiidvarv-poolmatt-epofloor-aqua-hall-09l\/","url":"https:\/\/espak.ee\/epood\/toode\/epoksiidvarv-poolmatt-epofloor-aqua-hall-09l\/","name":"EPOKSIIDV\u00c4RV POOLMATT EPOFLOOR AQUA HALL 0,9L - Espak E-pood","isPartOf":{"@id":"https:\/\/espak.ee\/epood\/#website"},"primaryImageOfPage":{"@id":"https:\/\/espak.ee\/epood\/toode\/epoksiidvarv-poolmatt-epofloor-aqua-hall-09l\/#primaryimage"},"image":{"@id":"https:\/\/espak.ee\/epood\/toode\/epoksiidvarv-poolmatt-epofloor-aqua-hall-09l\/#primaryimage"},"thumbnailUrl":"https:\/\/espak.ee\/epood\/wp-content\/uploads\/2025\/01\/0.9L_EpofloorAqua_NEW_grey.jpg","datePublished":"2025-01-21T03:10:02+00:00","dateModified":"2026-05-05T17:06:51+00:00","breadcrumb":{"@id":"https:\/\/espak.ee\/epood\/toode\/epoksiidvarv-poolmatt-epofloor-aqua-hall-09l\/#breadcrumb"},"inLanguage":"et","potentialAction":[{"@type":"ReadAction","target":["https:\/\/espak.ee\/epood\/toode\/epoksiidvarv-poolmatt-epofloor-aqua-hall-09l\/"]}]},{"@type":"ImageObject","inLanguage":"et","@id":"https:\/\/espak.ee\/epood\/toode\/epoksiidvarv-poolmatt-epofloor-aqua-hall-09l\/#primaryimage","url":"https:\/\/espak.ee\/epood\/wp-content\/uploads\/2025\/01\/0.9L_EpofloorAqua_NEW_grey.jpg","contentUrl":"https:\/\/espak.ee\/epood\/wp-content\/uploads\/2025\/01\/0.9L_EpofloorAqua_NEW_grey.jpg","width":800,"height":800},{"@type":"BreadcrumbList","@id":"https:\/\/espak.ee\/epood\/toode\/epoksiidvarv-poolmatt-epofloor-aqua-hall-09l\/#breadcrumb","itemListElement":[{"@type":"ListItem","position":1,"name":"Home","item":"https:\/\/espak.ee\/epood\/"},{"@type":"ListItem","position":2,"name":"Tootevalik","item":"https:\/\/espak.ee\/epood\/tootevalik\/"},{"@type":"ListItem","position":3,"name":"EPOKSIIDV\u00c4RV POOLMATT EPOFLOOR AQUA HALL 0,9L"}]},{"@type":"WebSite","@id":"https:\/\/espak.ee\/epood\/#website","url":"https:\/\/espak.ee\/epood\/","name":"Espak E-pood","description":"","potentialAction":[{"@type":"SearchAction","target":{"@type":"EntryPoint","urlTemplate":"https:\/\/espak.ee\/epood\/?s={search_term_string}"},"query-input":{"@type":"PropertyValueSpecification","valueRequired":true,"valueName":"search_term_string"}}],"inLanguage":"et"}]}},"_links":{"self":[{"href":"https:\/\/espak.ee\/epood\/wp-json\/wp\/v2\/product\/224617","targetHints":{"allow":["GET"]}}],"collection":[{"href":"https:\/\/espak.ee\/epood\/wp-json\/wp\/v2\/product"}],"about":[{"href":"https:\/\/espak.ee\/epood\/wp-json\/wp\/v2\/types\/product"}],"replies":[{"embeddable":true,"href":"https:\/\/espak.ee\/epood\/wp-json\/wp\/v2\/comments?post=224617"}],"wp:featuredmedia":[{"embeddable":true,"href":"https:\/\/espak.ee\/epood\/wp-json\/wp\/v2\/media\/224638"}],"wp:attachment":[{"href":"https:\/\/espak.ee\/epood\/wp-json\/wp\/v2\/media?parent=224617"}],"wp:term":[{"taxonomy":"product_brand","embeddable":true,"href":"https:\/\/espak.ee\/epood\/wp-json\/wp\/v2\/product_brand?post=224617"},{"taxonomy":"product_cat","embeddable":true,"href":"https:\/\/espak.ee\/epood\/wp-json\/wp\/v2\/product_cat?post=224617"},{"taxonomy":"product_tag","embeddable":true,"href":"https:\/\/espak.ee\/epood\/wp-json\/wp\/v2\/product_tag?post=224617"}],"curies":[{"name":"wp","href":"https:\/\/api.w.org\/{rel}","templated":true}]}}