{"id":223835,"date":"2025-01-14T05:10:45","date_gmt":"2025-01-14T03:10:45","guid":{"rendered":"https:\/\/espak.ee\/epood\/?post_type=product&#038;p=223835"},"modified":"2026-03-15T12:37:57","modified_gmt":"2026-03-15T10:37:57","slug":"epoksiidiliim-vedelmetall-300kg-212ml","status":"publish","type":"product","link":"https:\/\/espak.ee\/epood\/toode\/epoksiidiliim-vedelmetall-300kg-212ml\/","title":{"rendered":"EPOKSIIDILIIM \u00b4VEDELMETALL\u00b4 300KG 2*12ML"},"content":{"rendered":"<div class=\"row\"  id=\"row-2048565011\">\n\n\t<div id=\"col-555366151\" class=\"col medium-9 small-12 large-9\"  >\n\t\t\t\t<div class=\"col-inner\"  >\n\t\t\t\n\t\t\t\n<h3>Epoksiidliim &#8220;vedel metall&#8221; 300kg 2x12m<\/h3>\n<p>Spetsiaalne t\u00f6\u00f6stuslik liim korrosiooni, h\u00f5\u00f5rdumise ja kavitatsiooni poolt kahjustatud metallide liimimiseks. Ette n\u00e4htud rasketes oludes t\u00f6\u00f6tavate seadmete osade liimimiseks. 1 cm\u00b2 liimitud pinda kannatab kuni 300kg raskust. T\u00e4nu liimi koostises olevatele modifitseerivatele ainetele (kergmetallide pulbrilised sulamid) v\u00f5imaldab saada suurep\u00e4raste f\u00fc\u00fcsikalis-keemiliste parameetritega liitekohti. Kinnitub k\u00f5ikide metallide ja nende sulamitega. T\u00e4nu suurele tugevusele, v\u00e4ga heale soojusjuhtivusele ja masinaga t\u00f6\u00f6tlemise v\u00f5imalusele nimetatakse liimi ka &#8220;vedelmetalliks&#8221;. Liimi saab kasutada ka klaasi, puidu, kivi, plastide liimimiseks. Liim on vastupidav ilmastikule, temperatuurile, agressiivsetele kemikaalidele (happed, leelised, lahustid, bensiin) ja tehnilistele vedelikele.<\/p>\n<p><strong>Kasutamine:<\/strong><br \/>\n1. \u00dchendatavad pinnad peavad olema puhtad (kasutage nt lihvpaberit), eemaldage p\u00f5hjalikult \u00f5li ja rasv.<br \/>\n2. Pigistage s\u00fcstlast vajalik kogus liimi ja k\u00f5vendit ja segage p\u00f5hjalikult \u00fchtlase v\u00e4rvitooni saavutamiseni (sellest s\u00f5ltub tulemuse efektiivsus).<br \/>\n3. Kandke ettevalmistatud segu \u00fchele liimitavale pinnale, vajadusel pressige \u00fchendatavad pinnad tugevasti kokku.<br \/>\n4. P\u00e4rast liimimist hoidke \u00fchendatud pinnad liikumatuna, vajadusel surve all fikseerituna kuni liimi k\u00f5venemiseni.<br \/>\nV\u00e4rv: hall<br \/>\nKasutusaeg: segatud liim tuleb \u00e4ra kasutada 30 minuti jooksul<br \/>\nEsialgne k\u00f5venemine: 180 minutit (+25\u00b0C juures)<br \/>\nT\u00e4ielik k\u00f5venemine: 24 tundi<br \/>\nVastupidav temperatuuridele: -30\u00b0C kuni +120\u00b0C<br \/>\nS\u00e4ilitada temperatuuril +5\u00b0C kuni +25\u00b0C. Kaitsta niiskuse eest.\n<\/p>\n\t\t<\/div>\n\t\t\t\t\t<\/div>\n\n\t\n\n\t<div id=\"col-1548889993\" class=\"col medium-3 small-12 large-3\"  >\n\t\t\t\t<div class=\"col-inner\"  >\n\t\t\t\n\t\t\t\n\t<div id=\"gap-726049292\" class=\"gap-element clearfix\" style=\"display:block; height:auto;\">\n\t\t\n<style>\n#gap-726049292 {\n  padding-top: 30px;\n}\n<\/style>\n\t<\/div>\n\t\n<p><strong>\u00dcksikasjalikuma n\u00f5u saamiseks v\u00f5tke \u00fchendust:<br \/><\/strong>AS Salome Auto<br \/>Kadaka tee 42a<br \/>12915<br \/>Tallinn<br \/> Telefon +372 6808 801<\/p>\n\t\t<\/div>\n\t\t\t\t\t<\/div>\n\n\t\n<\/div>\n","protected":false},"excerpt":{"rendered":"","protected":false},"featured_media":224057,"comment_status":"closed","ping_status":"closed","template":"","meta":[],"product_brand":[],"product_cat":[2703,2706,2707,2683],"product_tag":[],"class_list":{"0":"post-223835","1":"product","2":"type-product","3":"status-publish","4":"has-post-thumbnail","6":"product_cat-ehituskeemia","7":"product_cat-liimid","8":"product_cat-universaalliimid","9":"product_cat-viimistluskaubad","11":"first","12":"instock","13":"sale","14":"taxable","15":"shipping-taxable","16":"purchasable","17":"product-type-simple"},"yoast_head":"<!-- This site is optimized with the Yoast SEO plugin v26.9 - https:\/\/yoast.com\/product\/yoast-seo-wordpress\/ -->\n<title>EPOKSIIDILIIM \u00b4VEDELMETALL\u00b4 300KG 2*12ML - Espak E-pood<\/title>\n<meta name=\"robots\" content=\"index, follow, max-snippet:-1, max-image-preview:large, max-video-preview:-1\" \/>\n<link rel=\"canonical\" href=\"https:\/\/espak.ee\/epood\/toode\/epoksiidiliim-vedelmetall-300kg-212ml\/\" \/>\n<meta property=\"og:locale\" content=\"et_EE\" \/>\n<meta property=\"og:type\" content=\"article\" \/>\n<meta property=\"og:title\" content=\"EPOKSIIDILIIM \u00b4VEDELMETALL\u00b4 300KG 2*12ML - Espak E-pood\" \/>\n<meta property=\"og:url\" content=\"https:\/\/espak.ee\/epood\/toode\/epoksiidiliim-vedelmetall-300kg-212ml\/\" \/>\n<meta property=\"og:site_name\" content=\"Espak E-pood\" \/>\n<meta property=\"article:modified_time\" content=\"2026-03-15T10:37:57+00:00\" \/>\n<meta property=\"og:image\" content=\"https:\/\/espak.ee\/epood\/wp-content\/uploads\/2025\/01\/S116-E396.jpg\" \/>\n\t<meta property=\"og:image:width\" content=\"800\" \/>\n\t<meta property=\"og:image:height\" content=\"800\" \/>\n\t<meta property=\"og:image:type\" content=\"image\/jpeg\" \/>\n<meta name=\"twitter:card\" content=\"summary_large_image\" \/>\n<meta name=\"twitter:label1\" content=\"Est. reading time\" \/>\n\t<meta name=\"twitter:data1\" content=\"1 minut\" \/>\n<script type=\"application\/ld+json\" class=\"yoast-schema-graph\">{\"@context\":\"https:\/\/schema.org\",\"@graph\":[{\"@type\":\"WebPage\",\"@id\":\"https:\/\/espak.ee\/epood\/toode\/epoksiidiliim-vedelmetall-300kg-212ml\/\",\"url\":\"https:\/\/espak.ee\/epood\/toode\/epoksiidiliim-vedelmetall-300kg-212ml\/\",\"name\":\"EPOKSIIDILIIM \u00b4VEDELMETALL\u00b4 300KG 2*12ML - Espak E-pood\",\"isPartOf\":{\"@id\":\"https:\/\/espak.ee\/epood\/#website\"},\"primaryImageOfPage\":{\"@id\":\"https:\/\/espak.ee\/epood\/toode\/epoksiidiliim-vedelmetall-300kg-212ml\/#primaryimage\"},\"image\":{\"@id\":\"https:\/\/espak.ee\/epood\/toode\/epoksiidiliim-vedelmetall-300kg-212ml\/#primaryimage\"},\"thumbnailUrl\":\"https:\/\/espak.ee\/epood\/wp-content\/uploads\/2025\/01\/S116-E396.jpg\",\"datePublished\":\"2025-01-14T03:10:45+00:00\",\"dateModified\":\"2026-03-15T10:37:57+00:00\",\"breadcrumb\":{\"@id\":\"https:\/\/espak.ee\/epood\/toode\/epoksiidiliim-vedelmetall-300kg-212ml\/#breadcrumb\"},\"inLanguage\":\"et\",\"potentialAction\":[{\"@type\":\"ReadAction\",\"target\":[\"https:\/\/espak.ee\/epood\/toode\/epoksiidiliim-vedelmetall-300kg-212ml\/\"]}]},{\"@type\":\"ImageObject\",\"inLanguage\":\"et\",\"@id\":\"https:\/\/espak.ee\/epood\/toode\/epoksiidiliim-vedelmetall-300kg-212ml\/#primaryimage\",\"url\":\"https:\/\/espak.ee\/epood\/wp-content\/uploads\/2025\/01\/S116-E396.jpg\",\"contentUrl\":\"https:\/\/espak.ee\/epood\/wp-content\/uploads\/2025\/01\/S116-E396.jpg\",\"width\":800,\"height\":800},{\"@type\":\"BreadcrumbList\",\"@id\":\"https:\/\/espak.ee\/epood\/toode\/epoksiidiliim-vedelmetall-300kg-212ml\/#breadcrumb\",\"itemListElement\":[{\"@type\":\"ListItem\",\"position\":1,\"name\":\"Home\",\"item\":\"https:\/\/espak.ee\/epood\/\"},{\"@type\":\"ListItem\",\"position\":2,\"name\":\"Tootevalik\",\"item\":\"https:\/\/espak.ee\/epood\/tootevalik\/\"},{\"@type\":\"ListItem\",\"position\":3,\"name\":\"EPOKSIIDILIIM \u00b4VEDELMETALL\u00b4 300KG 2*12ML\"}]},{\"@type\":\"WebSite\",\"@id\":\"https:\/\/espak.ee\/epood\/#website\",\"url\":\"https:\/\/espak.ee\/epood\/\",\"name\":\"Espak E-pood\",\"description\":\"\",\"potentialAction\":[{\"@type\":\"SearchAction\",\"target\":{\"@type\":\"EntryPoint\",\"urlTemplate\":\"https:\/\/espak.ee\/epood\/?s={search_term_string}\"},\"query-input\":{\"@type\":\"PropertyValueSpecification\",\"valueRequired\":true,\"valueName\":\"search_term_string\"}}],\"inLanguage\":\"et\"}]}<\/script>\n<!-- \/ Yoast SEO plugin. -->","yoast_head_json":{"title":"EPOKSIIDILIIM \u00b4VEDELMETALL\u00b4 300KG 2*12ML - Espak E-pood","robots":{"index":"index","follow":"follow","max-snippet":"max-snippet:-1","max-image-preview":"max-image-preview:large","max-video-preview":"max-video-preview:-1"},"canonical":"https:\/\/espak.ee\/epood\/toode\/epoksiidiliim-vedelmetall-300kg-212ml\/","og_locale":"et_EE","og_type":"article","og_title":"EPOKSIIDILIIM \u00b4VEDELMETALL\u00b4 300KG 2*12ML - Espak E-pood","og_url":"https:\/\/espak.ee\/epood\/toode\/epoksiidiliim-vedelmetall-300kg-212ml\/","og_site_name":"Espak E-pood","article_modified_time":"2026-03-15T10:37:57+00:00","og_image":[{"width":800,"height":800,"url":"https:\/\/espak.ee\/epood\/wp-content\/uploads\/2025\/01\/S116-E396.jpg","type":"image\/jpeg"}],"twitter_card":"summary_large_image","twitter_misc":{"Est. reading time":"1 minut"},"schema":{"@context":"https:\/\/schema.org","@graph":[{"@type":"WebPage","@id":"https:\/\/espak.ee\/epood\/toode\/epoksiidiliim-vedelmetall-300kg-212ml\/","url":"https:\/\/espak.ee\/epood\/toode\/epoksiidiliim-vedelmetall-300kg-212ml\/","name":"EPOKSIIDILIIM \u00b4VEDELMETALL\u00b4 300KG 2*12ML - Espak E-pood","isPartOf":{"@id":"https:\/\/espak.ee\/epood\/#website"},"primaryImageOfPage":{"@id":"https:\/\/espak.ee\/epood\/toode\/epoksiidiliim-vedelmetall-300kg-212ml\/#primaryimage"},"image":{"@id":"https:\/\/espak.ee\/epood\/toode\/epoksiidiliim-vedelmetall-300kg-212ml\/#primaryimage"},"thumbnailUrl":"https:\/\/espak.ee\/epood\/wp-content\/uploads\/2025\/01\/S116-E396.jpg","datePublished":"2025-01-14T03:10:45+00:00","dateModified":"2026-03-15T10:37:57+00:00","breadcrumb":{"@id":"https:\/\/espak.ee\/epood\/toode\/epoksiidiliim-vedelmetall-300kg-212ml\/#breadcrumb"},"inLanguage":"et","potentialAction":[{"@type":"ReadAction","target":["https:\/\/espak.ee\/epood\/toode\/epoksiidiliim-vedelmetall-300kg-212ml\/"]}]},{"@type":"ImageObject","inLanguage":"et","@id":"https:\/\/espak.ee\/epood\/toode\/epoksiidiliim-vedelmetall-300kg-212ml\/#primaryimage","url":"https:\/\/espak.ee\/epood\/wp-content\/uploads\/2025\/01\/S116-E396.jpg","contentUrl":"https:\/\/espak.ee\/epood\/wp-content\/uploads\/2025\/01\/S116-E396.jpg","width":800,"height":800},{"@type":"BreadcrumbList","@id":"https:\/\/espak.ee\/epood\/toode\/epoksiidiliim-vedelmetall-300kg-212ml\/#breadcrumb","itemListElement":[{"@type":"ListItem","position":1,"name":"Home","item":"https:\/\/espak.ee\/epood\/"},{"@type":"ListItem","position":2,"name":"Tootevalik","item":"https:\/\/espak.ee\/epood\/tootevalik\/"},{"@type":"ListItem","position":3,"name":"EPOKSIIDILIIM \u00b4VEDELMETALL\u00b4 300KG 2*12ML"}]},{"@type":"WebSite","@id":"https:\/\/espak.ee\/epood\/#website","url":"https:\/\/espak.ee\/epood\/","name":"Espak E-pood","description":"","potentialAction":[{"@type":"SearchAction","target":{"@type":"EntryPoint","urlTemplate":"https:\/\/espak.ee\/epood\/?s={search_term_string}"},"query-input":{"@type":"PropertyValueSpecification","valueRequired":true,"valueName":"search_term_string"}}],"inLanguage":"et"}]}},"_links":{"self":[{"href":"https:\/\/espak.ee\/epood\/wp-json\/wp\/v2\/product\/223835","targetHints":{"allow":["GET"]}}],"collection":[{"href":"https:\/\/espak.ee\/epood\/wp-json\/wp\/v2\/product"}],"about":[{"href":"https:\/\/espak.ee\/epood\/wp-json\/wp\/v2\/types\/product"}],"replies":[{"embeddable":true,"href":"https:\/\/espak.ee\/epood\/wp-json\/wp\/v2\/comments?post=223835"}],"wp:featuredmedia":[{"embeddable":true,"href":"https:\/\/espak.ee\/epood\/wp-json\/wp\/v2\/media\/224057"}],"wp:attachment":[{"href":"https:\/\/espak.ee\/epood\/wp-json\/wp\/v2\/media?parent=223835"}],"wp:term":[{"taxonomy":"product_brand","embeddable":true,"href":"https:\/\/espak.ee\/epood\/wp-json\/wp\/v2\/product_brand?post=223835"},{"taxonomy":"product_cat","embeddable":true,"href":"https:\/\/espak.ee\/epood\/wp-json\/wp\/v2\/product_cat?post=223835"},{"taxonomy":"product_tag","embeddable":true,"href":"https:\/\/espak.ee\/epood\/wp-json\/wp\/v2\/product_tag?post=223835"}],"curies":[{"name":"wp","href":"https:\/\/api.w.org\/{rel}","templated":true}]}}