{"id":223833,"date":"2025-01-14T05:10:35","date_gmt":"2025-01-14T03:10:35","guid":{"rendered":"https:\/\/espak.ee\/epood\/?post_type=product&#038;p=223833"},"modified":"2026-04-09T16:43:42","modified_gmt":"2026-04-09T13:43:42","slug":"epoksiidiliim-universaalne-220ml","status":"publish","type":"product","link":"https:\/\/espak.ee\/epood\/toode\/epoksiidiliim-universaalne-220ml\/","title":{"rendered":"EPOKSIIDILIIM UNIVERSAALNE 2*20ML"},"content":{"rendered":"<div class=\"row\"  id=\"row-883015681\">\n\n\t<div id=\"col-2130681734\" class=\"col medium-9 small-12 large-9\"  >\n\t\t\t\t<div class=\"col-inner\"  >\n\t\t\t\n\t\t\t\n<h3>Epoksiidliim universaalne 2x20ml<\/h3>\n<p>Kvaliteetne universaalne kahekomponentne liim, mis annab liitekohtadele suurep\u00e4rase vastupidavuse. Kasutatakse erinevate tehnoloogias, t\u00f6\u00f6stuses ja majapidamises kasutatavate materjalide liimimiseks ja parandamiseks. Liimib p\u00fcsiliitega klaasi, metalli, puitu, kivi, portselani, pol\u00fcst\u00fcreeni, marmorit, eboniiti, fajanssi, j\u00e4ika plasti (v.a PP, PE, PTFE). Liimib suurep\u00e4raselt materjalikombinatsioone, nt. klaas &#8211; metall, plastik &#8211; puit. \u00dchendusi iseloomustab v\u00e4ga k\u00f5rge tugevus. Kaitseb korrosiooni eest. P\u00e4rast k\u00f5venemist saab liimi mehaaniliselt t\u00f6\u00f6delda ja v\u00e4rvida. \u00dchendus j\u00e4\u00e4b vee-, bensiini-, \u00f5li-, happe- jne kindlaks. <\/p>\n<p><strong>Kasutamine:<\/strong><br \/>\n1. \u00dchendatavad pinnad peavad olema puhtad (kasutage nt. lihvpaberit), \u00f5li ja mustusevabad.<br \/>\n2. Segage v\u00f5rdne kogus komponent A-d ja B-d omavahel, neid korralikult omavahel segades \u00fchtlase v\u00e4rvitooni saavutamiseni (sellest s\u00f5ltub tulemuse efektiivsus).<br \/>\n3. Kandke ettevalmistatud segu \u00fchele liimitavale pinnale, vajadusel pressige \u00fchendatavad pinnad tugevasti kokku.<br \/>\n4. P\u00e4rast liimimist hoidke \u00fchendatud pinnad liikumatuna, vajadusel surve all fikseerituna kuni liimi k\u00f5venemiseni.<br \/>\nV\u00e4rv: bee\u017e<br \/>\nKasutusaeg p\u00e4rast segamist: 30 minutit<br \/>\nEsialgne k\u00f5venemine: 135 minutit (+20\u00b0C juures)<br \/>\nT\u00e4ielik k\u00f5venemine: 24 tundi<br \/>\nVastupidav temperatuuridele: -30\u00b0C kuni +70\u00b0C\n<\/p>\n\t\t<\/div>\n\t\t\t\t\t<\/div>\n\n\t\n\n\t<div id=\"col-1669269130\" class=\"col medium-3 small-12 large-3\"  >\n\t\t\t\t<div class=\"col-inner\"  >\n\t\t\t\n\t\t\t\n\t<div id=\"gap-1824597893\" class=\"gap-element clearfix\" style=\"display:block; height:auto;\">\n\t\t\n<style>\n#gap-1824597893 {\n  padding-top: 30px;\n}\n<\/style>\n\t<\/div>\n\t\n<p><strong>\u00dcksikasjalikuma n\u00f5u saamiseks v\u00f5tke \u00fchendust:<br \/><\/strong>AS Salome Auto<br \/>Kadaka tee 42a<br \/>12915<br \/>Tallinn<br \/> Telefon +372 6808 801<\/p>\n\t\t<\/div>\n\t\t\t\t\t<\/div>\n\n\t\n<\/div>\n","protected":false},"excerpt":{"rendered":"","protected":false},"featured_media":224083,"comment_status":"closed","ping_status":"closed","template":"","meta":[],"product_brand":[],"product_cat":[2703,2706,2707,2683],"product_tag":[],"class_list":{"0":"post-223833","1":"product","2":"type-product","3":"status-publish","4":"has-post-thumbnail","6":"product_cat-ehituskeemia","7":"product_cat-liimid","8":"product_cat-universaalliimid","9":"product_cat-viimistluskaubad","11":"first","12":"instock","13":"sale","14":"taxable","15":"shipping-taxable","16":"purchasable","17":"product-type-simple"},"yoast_head":"<!-- This site is optimized with the Yoast SEO plugin v26.9 - https:\/\/yoast.com\/product\/yoast-seo-wordpress\/ -->\n<title>EPOKSIIDILIIM UNIVERSAALNE 2*20ML - Espak E-pood<\/title>\n<meta name=\"robots\" content=\"index, follow, max-snippet:-1, max-image-preview:large, max-video-preview:-1\" \/>\n<link rel=\"canonical\" href=\"https:\/\/espak.ee\/epood\/toode\/epoksiidiliim-universaalne-220ml\/\" \/>\n<meta property=\"og:locale\" content=\"et_EE\" \/>\n<meta property=\"og:type\" content=\"article\" \/>\n<meta property=\"og:title\" content=\"EPOKSIIDILIIM UNIVERSAALNE 2*20ML - Espak E-pood\" \/>\n<meta property=\"og:url\" content=\"https:\/\/espak.ee\/epood\/toode\/epoksiidiliim-universaalne-220ml\/\" \/>\n<meta property=\"og:site_name\" content=\"Espak E-pood\" \/>\n<meta property=\"article:modified_time\" content=\"2026-04-09T13:43:42+00:00\" \/>\n<meta property=\"og:image\" content=\"https:\/\/espak.ee\/epood\/wp-content\/uploads\/2025\/01\/S116-E198_1.jpg\" \/>\n\t<meta property=\"og:image:width\" content=\"500\" \/>\n\t<meta property=\"og:image:height\" content=\"500\" \/>\n\t<meta property=\"og:image:type\" content=\"image\/jpeg\" \/>\n<meta name=\"twitter:card\" content=\"summary_large_image\" \/>\n<meta name=\"twitter:label1\" content=\"Est. reading time\" \/>\n\t<meta name=\"twitter:data1\" content=\"1 minut\" \/>\n<script type=\"application\/ld+json\" class=\"yoast-schema-graph\">{\"@context\":\"https:\/\/schema.org\",\"@graph\":[{\"@type\":\"WebPage\",\"@id\":\"https:\/\/espak.ee\/epood\/toode\/epoksiidiliim-universaalne-220ml\/\",\"url\":\"https:\/\/espak.ee\/epood\/toode\/epoksiidiliim-universaalne-220ml\/\",\"name\":\"EPOKSIIDILIIM UNIVERSAALNE 2*20ML - Espak E-pood\",\"isPartOf\":{\"@id\":\"https:\/\/espak.ee\/epood\/#website\"},\"primaryImageOfPage\":{\"@id\":\"https:\/\/espak.ee\/epood\/toode\/epoksiidiliim-universaalne-220ml\/#primaryimage\"},\"image\":{\"@id\":\"https:\/\/espak.ee\/epood\/toode\/epoksiidiliim-universaalne-220ml\/#primaryimage\"},\"thumbnailUrl\":\"https:\/\/espak.ee\/epood\/wp-content\/uploads\/2025\/01\/S116-E198_1.jpg\",\"datePublished\":\"2025-01-14T03:10:35+00:00\",\"dateModified\":\"2026-04-09T13:43:42+00:00\",\"breadcrumb\":{\"@id\":\"https:\/\/espak.ee\/epood\/toode\/epoksiidiliim-universaalne-220ml\/#breadcrumb\"},\"inLanguage\":\"et\",\"potentialAction\":[{\"@type\":\"ReadAction\",\"target\":[\"https:\/\/espak.ee\/epood\/toode\/epoksiidiliim-universaalne-220ml\/\"]}]},{\"@type\":\"ImageObject\",\"inLanguage\":\"et\",\"@id\":\"https:\/\/espak.ee\/epood\/toode\/epoksiidiliim-universaalne-220ml\/#primaryimage\",\"url\":\"https:\/\/espak.ee\/epood\/wp-content\/uploads\/2025\/01\/S116-E198_1.jpg\",\"contentUrl\":\"https:\/\/espak.ee\/epood\/wp-content\/uploads\/2025\/01\/S116-E198_1.jpg\",\"width\":500,\"height\":500},{\"@type\":\"BreadcrumbList\",\"@id\":\"https:\/\/espak.ee\/epood\/toode\/epoksiidiliim-universaalne-220ml\/#breadcrumb\",\"itemListElement\":[{\"@type\":\"ListItem\",\"position\":1,\"name\":\"Home\",\"item\":\"https:\/\/espak.ee\/epood\/\"},{\"@type\":\"ListItem\",\"position\":2,\"name\":\"Tootevalik\",\"item\":\"https:\/\/espak.ee\/epood\/tootevalik\/\"},{\"@type\":\"ListItem\",\"position\":3,\"name\":\"EPOKSIIDILIIM UNIVERSAALNE 2*20ML\"}]},{\"@type\":\"WebSite\",\"@id\":\"https:\/\/espak.ee\/epood\/#website\",\"url\":\"https:\/\/espak.ee\/epood\/\",\"name\":\"Espak E-pood\",\"description\":\"\",\"potentialAction\":[{\"@type\":\"SearchAction\",\"target\":{\"@type\":\"EntryPoint\",\"urlTemplate\":\"https:\/\/espak.ee\/epood\/?s={search_term_string}\"},\"query-input\":{\"@type\":\"PropertyValueSpecification\",\"valueRequired\":true,\"valueName\":\"search_term_string\"}}],\"inLanguage\":\"et\"}]}<\/script>\n<!-- \/ Yoast SEO plugin. -->","yoast_head_json":{"title":"EPOKSIIDILIIM UNIVERSAALNE 2*20ML - Espak E-pood","robots":{"index":"index","follow":"follow","max-snippet":"max-snippet:-1","max-image-preview":"max-image-preview:large","max-video-preview":"max-video-preview:-1"},"canonical":"https:\/\/espak.ee\/epood\/toode\/epoksiidiliim-universaalne-220ml\/","og_locale":"et_EE","og_type":"article","og_title":"EPOKSIIDILIIM UNIVERSAALNE 2*20ML - Espak E-pood","og_url":"https:\/\/espak.ee\/epood\/toode\/epoksiidiliim-universaalne-220ml\/","og_site_name":"Espak E-pood","article_modified_time":"2026-04-09T13:43:42+00:00","og_image":[{"width":500,"height":500,"url":"https:\/\/espak.ee\/epood\/wp-content\/uploads\/2025\/01\/S116-E198_1.jpg","type":"image\/jpeg"}],"twitter_card":"summary_large_image","twitter_misc":{"Est. reading time":"1 minut"},"schema":{"@context":"https:\/\/schema.org","@graph":[{"@type":"WebPage","@id":"https:\/\/espak.ee\/epood\/toode\/epoksiidiliim-universaalne-220ml\/","url":"https:\/\/espak.ee\/epood\/toode\/epoksiidiliim-universaalne-220ml\/","name":"EPOKSIIDILIIM UNIVERSAALNE 2*20ML - Espak E-pood","isPartOf":{"@id":"https:\/\/espak.ee\/epood\/#website"},"primaryImageOfPage":{"@id":"https:\/\/espak.ee\/epood\/toode\/epoksiidiliim-universaalne-220ml\/#primaryimage"},"image":{"@id":"https:\/\/espak.ee\/epood\/toode\/epoksiidiliim-universaalne-220ml\/#primaryimage"},"thumbnailUrl":"https:\/\/espak.ee\/epood\/wp-content\/uploads\/2025\/01\/S116-E198_1.jpg","datePublished":"2025-01-14T03:10:35+00:00","dateModified":"2026-04-09T13:43:42+00:00","breadcrumb":{"@id":"https:\/\/espak.ee\/epood\/toode\/epoksiidiliim-universaalne-220ml\/#breadcrumb"},"inLanguage":"et","potentialAction":[{"@type":"ReadAction","target":["https:\/\/espak.ee\/epood\/toode\/epoksiidiliim-universaalne-220ml\/"]}]},{"@type":"ImageObject","inLanguage":"et","@id":"https:\/\/espak.ee\/epood\/toode\/epoksiidiliim-universaalne-220ml\/#primaryimage","url":"https:\/\/espak.ee\/epood\/wp-content\/uploads\/2025\/01\/S116-E198_1.jpg","contentUrl":"https:\/\/espak.ee\/epood\/wp-content\/uploads\/2025\/01\/S116-E198_1.jpg","width":500,"height":500},{"@type":"BreadcrumbList","@id":"https:\/\/espak.ee\/epood\/toode\/epoksiidiliim-universaalne-220ml\/#breadcrumb","itemListElement":[{"@type":"ListItem","position":1,"name":"Home","item":"https:\/\/espak.ee\/epood\/"},{"@type":"ListItem","position":2,"name":"Tootevalik","item":"https:\/\/espak.ee\/epood\/tootevalik\/"},{"@type":"ListItem","position":3,"name":"EPOKSIIDILIIM UNIVERSAALNE 2*20ML"}]},{"@type":"WebSite","@id":"https:\/\/espak.ee\/epood\/#website","url":"https:\/\/espak.ee\/epood\/","name":"Espak E-pood","description":"","potentialAction":[{"@type":"SearchAction","target":{"@type":"EntryPoint","urlTemplate":"https:\/\/espak.ee\/epood\/?s={search_term_string}"},"query-input":{"@type":"PropertyValueSpecification","valueRequired":true,"valueName":"search_term_string"}}],"inLanguage":"et"}]}},"_links":{"self":[{"href":"https:\/\/espak.ee\/epood\/wp-json\/wp\/v2\/product\/223833","targetHints":{"allow":["GET"]}}],"collection":[{"href":"https:\/\/espak.ee\/epood\/wp-json\/wp\/v2\/product"}],"about":[{"href":"https:\/\/espak.ee\/epood\/wp-json\/wp\/v2\/types\/product"}],"replies":[{"embeddable":true,"href":"https:\/\/espak.ee\/epood\/wp-json\/wp\/v2\/comments?post=223833"}],"wp:featuredmedia":[{"embeddable":true,"href":"https:\/\/espak.ee\/epood\/wp-json\/wp\/v2\/media\/224083"}],"wp:attachment":[{"href":"https:\/\/espak.ee\/epood\/wp-json\/wp\/v2\/media?parent=223833"}],"wp:term":[{"taxonomy":"product_brand","embeddable":true,"href":"https:\/\/espak.ee\/epood\/wp-json\/wp\/v2\/product_brand?post=223833"},{"taxonomy":"product_cat","embeddable":true,"href":"https:\/\/espak.ee\/epood\/wp-json\/wp\/v2\/product_cat?post=223833"},{"taxonomy":"product_tag","embeddable":true,"href":"https:\/\/espak.ee\/epood\/wp-json\/wp\/v2\/product_tag?post=223833"}],"curies":[{"name":"wp","href":"https:\/\/api.w.org\/{rel}","templated":true}]}}