{"id":223818,"date":"2025-01-14T05:10:35","date_gmt":"2025-01-14T03:10:35","guid":{"rendered":"https:\/\/espak.ee\/epood\/?post_type=product&#038;p=223818"},"modified":"2025-08-31T12:13:05","modified_gmt":"2025-08-31T09:13:05","slug":"montaaziliim-tugev-neopreen-100ml","status":"publish","type":"product","link":"https:\/\/espak.ee\/epood\/toode\/montaaziliim-tugev-neopreen-100ml\/","title":{"rendered":"MONTAA\u017dILIIM TUGEV NEOPREEN 100ML"},"content":{"rendered":"<div class=\"row\"  id=\"row-1988670561\">\n\n\t<div id=\"col-240578136\" class=\"col medium-9 small-12 large-9\"  >\n\t\t\t\t<div class=\"col-inner\"  >\n\t\t\t\n\t\t\t\n<h3>Montaa\u017eiliim tugev, neopreen 100ml<\/h3>\n<p>Kasutusvalmis montaa\u017eiliim, mis p\u00f5hineb s\u00fcnteetilistel kummilisanditel. Toode asendab naelte ja kruvide kasutamist paljudes rakendustes. K\u00f5rge algne haare koheseks liimumiseks. Saab paigaldada vertikaalsetele pindadele (ei voola). Eelk\u00f5ige kasutamiseks mitteimavatel materjalidel &#8211; klaas, keraamika, metall, plastik. Liimib looduskivi, ehituskeraamikat, betooni, puitu, OSB plaati, puitlaastplaati, kipsplaati jpm.<\/p>\n<p><strong>Kasutamine:<\/strong><br \/>\nLiimitavad pinnad peavad olema puhtad, tolmu- ja rasvavabad.<br \/>\n1. Kandke liim punktide v\u00f5i triipude kujul \u00fchele liimitavale pinnale.<br \/>\n2. \u00dchendage elemendid kokku, suruge need teineteise vastu; seej\u00e4rel eraldage elemendid ja oodake 10 sekundit (temperatuuril 18\u00baC).<br \/>\n3. \u00dchendage elemendid uuesti omavahel, suruge need teineteisega kokku ja laske t\u00e4ielikult k\u00f5veneda (v\u00e4hemalt 12 tundi).<br \/>\nV\u00e4rv: helepruun<br \/>\nAvatud liim tuleb \u00e4ra kasutada ja pinnad fikseerida 5 minuti jooksul<br \/>\nT\u00e4ielik k\u00f5venemine: 12 tundi<br \/>\nVastupidav temperatuuridele: -30\u00b0C kuni +60\u00b0C<br \/>\nS\u00e4ilitada temperatuuril +5\u00b0C kuni +25\u00b0C h\u00e4sti ventileeritavas ruumis.\n<\/p>\n\t\t<\/div>\n\t\t\t\t\t<\/div>\n\n\t\n\n\t<div id=\"col-473791360\" class=\"col medium-3 small-12 large-3\"  >\n\t\t\t\t<div class=\"col-inner\"  >\n\t\t\t\n\t\t\t\n\t<div id=\"gap-1288852437\" class=\"gap-element clearfix\" style=\"display:block; height:auto;\">\n\t\t\n<style>\n#gap-1288852437 {\n  padding-top: 30px;\n}\n<\/style>\n\t<\/div>\n\t\n<p><strong>\u00dcksikasjalikuma n\u00f5u saamiseks v\u00f5tke \u00fchendust:<br \/><\/strong>AS Salome Auto<br \/>Kadaka tee 42a<br \/>12915<br \/>Tallinn<br \/> Telefon +372 6808 801<\/p>\n\t\t<\/div>\n\t\t\t\t\t<\/div>\n\n\t\n<\/div>\n","protected":false},"excerpt":{"rendered":"","protected":false},"featured_media":224099,"comment_status":"closed","ping_status":"closed","template":"","meta":[],"product_brand":[],"product_cat":[2703,2706,2707,2683],"product_tag":[],"class_list":{"0":"post-223818","1":"product","2":"type-product","3":"status-publish","4":"has-post-thumbnail","6":"product_cat-ehituskeemia","7":"product_cat-liimid","8":"product_cat-universaalliimid","9":"product_cat-viimistluskaubad","11":"first","12":"instock","13":"sale","14":"taxable","15":"shipping-taxable","16":"purchasable","17":"product-type-simple"},"yoast_head":"<!-- This site is optimized with the Yoast SEO plugin v26.9 - https:\/\/yoast.com\/product\/yoast-seo-wordpress\/ -->\n<title>MONTAA\u017dILIIM TUGEV NEOPREEN 100ML - Espak E-pood<\/title>\n<meta name=\"robots\" content=\"index, follow, max-snippet:-1, max-image-preview:large, max-video-preview:-1\" \/>\n<link rel=\"canonical\" href=\"https:\/\/espak.ee\/epood\/toode\/montaaziliim-tugev-neopreen-100ml\/\" \/>\n<meta property=\"og:locale\" content=\"et_EE\" \/>\n<meta property=\"og:type\" content=\"article\" \/>\n<meta property=\"og:title\" content=\"MONTAA\u017dILIIM TUGEV NEOPREEN 100ML - Espak E-pood\" \/>\n<meta property=\"og:url\" content=\"https:\/\/espak.ee\/epood\/toode\/montaaziliim-tugev-neopreen-100ml\/\" \/>\n<meta property=\"og:site_name\" content=\"Espak E-pood\" \/>\n<meta property=\"article:modified_time\" content=\"2025-08-31T09:13:05+00:00\" \/>\n<meta property=\"og:image\" content=\"https:\/\/espak.ee\/epood\/wp-content\/uploads\/2025\/01\/S116-R317.jpg\" \/>\n\t<meta property=\"og:image:width\" content=\"800\" \/>\n\t<meta property=\"og:image:height\" content=\"800\" \/>\n\t<meta property=\"og:image:type\" content=\"image\/jpeg\" \/>\n<meta name=\"twitter:card\" content=\"summary_large_image\" \/>\n<meta name=\"twitter:label1\" content=\"Est. reading time\" \/>\n\t<meta name=\"twitter:data1\" content=\"1 minut\" \/>\n<script type=\"application\/ld+json\" class=\"yoast-schema-graph\">{\"@context\":\"https:\/\/schema.org\",\"@graph\":[{\"@type\":\"WebPage\",\"@id\":\"https:\/\/espak.ee\/epood\/toode\/montaaziliim-tugev-neopreen-100ml\/\",\"url\":\"https:\/\/espak.ee\/epood\/toode\/montaaziliim-tugev-neopreen-100ml\/\",\"name\":\"MONTAA\u017dILIIM TUGEV NEOPREEN 100ML - Espak E-pood\",\"isPartOf\":{\"@id\":\"https:\/\/espak.ee\/epood\/#website\"},\"primaryImageOfPage\":{\"@id\":\"https:\/\/espak.ee\/epood\/toode\/montaaziliim-tugev-neopreen-100ml\/#primaryimage\"},\"image\":{\"@id\":\"https:\/\/espak.ee\/epood\/toode\/montaaziliim-tugev-neopreen-100ml\/#primaryimage\"},\"thumbnailUrl\":\"https:\/\/espak.ee\/epood\/wp-content\/uploads\/2025\/01\/S116-R317.jpg\",\"datePublished\":\"2025-01-14T03:10:35+00:00\",\"dateModified\":\"2025-08-31T09:13:05+00:00\",\"breadcrumb\":{\"@id\":\"https:\/\/espak.ee\/epood\/toode\/montaaziliim-tugev-neopreen-100ml\/#breadcrumb\"},\"inLanguage\":\"et\",\"potentialAction\":[{\"@type\":\"ReadAction\",\"target\":[\"https:\/\/espak.ee\/epood\/toode\/montaaziliim-tugev-neopreen-100ml\/\"]}]},{\"@type\":\"ImageObject\",\"inLanguage\":\"et\",\"@id\":\"https:\/\/espak.ee\/epood\/toode\/montaaziliim-tugev-neopreen-100ml\/#primaryimage\",\"url\":\"https:\/\/espak.ee\/epood\/wp-content\/uploads\/2025\/01\/S116-R317.jpg\",\"contentUrl\":\"https:\/\/espak.ee\/epood\/wp-content\/uploads\/2025\/01\/S116-R317.jpg\",\"width\":800,\"height\":800},{\"@type\":\"BreadcrumbList\",\"@id\":\"https:\/\/espak.ee\/epood\/toode\/montaaziliim-tugev-neopreen-100ml\/#breadcrumb\",\"itemListElement\":[{\"@type\":\"ListItem\",\"position\":1,\"name\":\"Home\",\"item\":\"https:\/\/espak.ee\/epood\/\"},{\"@type\":\"ListItem\",\"position\":2,\"name\":\"Tootevalik\",\"item\":\"https:\/\/espak.ee\/epood\/tootevalik\/\"},{\"@type\":\"ListItem\",\"position\":3,\"name\":\"MONTAA\u017dILIIM TUGEV NEOPREEN 100ML\"}]},{\"@type\":\"WebSite\",\"@id\":\"https:\/\/espak.ee\/epood\/#website\",\"url\":\"https:\/\/espak.ee\/epood\/\",\"name\":\"Espak E-pood\",\"description\":\"\",\"potentialAction\":[{\"@type\":\"SearchAction\",\"target\":{\"@type\":\"EntryPoint\",\"urlTemplate\":\"https:\/\/espak.ee\/epood\/?s={search_term_string}\"},\"query-input\":{\"@type\":\"PropertyValueSpecification\",\"valueRequired\":true,\"valueName\":\"search_term_string\"}}],\"inLanguage\":\"et\"}]}<\/script>\n<!-- \/ Yoast SEO plugin. -->","yoast_head_json":{"title":"MONTAA\u017dILIIM TUGEV NEOPREEN 100ML - Espak E-pood","robots":{"index":"index","follow":"follow","max-snippet":"max-snippet:-1","max-image-preview":"max-image-preview:large","max-video-preview":"max-video-preview:-1"},"canonical":"https:\/\/espak.ee\/epood\/toode\/montaaziliim-tugev-neopreen-100ml\/","og_locale":"et_EE","og_type":"article","og_title":"MONTAA\u017dILIIM TUGEV NEOPREEN 100ML - Espak E-pood","og_url":"https:\/\/espak.ee\/epood\/toode\/montaaziliim-tugev-neopreen-100ml\/","og_site_name":"Espak E-pood","article_modified_time":"2025-08-31T09:13:05+00:00","og_image":[{"width":800,"height":800,"url":"https:\/\/espak.ee\/epood\/wp-content\/uploads\/2025\/01\/S116-R317.jpg","type":"image\/jpeg"}],"twitter_card":"summary_large_image","twitter_misc":{"Est. reading time":"1 minut"},"schema":{"@context":"https:\/\/schema.org","@graph":[{"@type":"WebPage","@id":"https:\/\/espak.ee\/epood\/toode\/montaaziliim-tugev-neopreen-100ml\/","url":"https:\/\/espak.ee\/epood\/toode\/montaaziliim-tugev-neopreen-100ml\/","name":"MONTAA\u017dILIIM TUGEV NEOPREEN 100ML - Espak E-pood","isPartOf":{"@id":"https:\/\/espak.ee\/epood\/#website"},"primaryImageOfPage":{"@id":"https:\/\/espak.ee\/epood\/toode\/montaaziliim-tugev-neopreen-100ml\/#primaryimage"},"image":{"@id":"https:\/\/espak.ee\/epood\/toode\/montaaziliim-tugev-neopreen-100ml\/#primaryimage"},"thumbnailUrl":"https:\/\/espak.ee\/epood\/wp-content\/uploads\/2025\/01\/S116-R317.jpg","datePublished":"2025-01-14T03:10:35+00:00","dateModified":"2025-08-31T09:13:05+00:00","breadcrumb":{"@id":"https:\/\/espak.ee\/epood\/toode\/montaaziliim-tugev-neopreen-100ml\/#breadcrumb"},"inLanguage":"et","potentialAction":[{"@type":"ReadAction","target":["https:\/\/espak.ee\/epood\/toode\/montaaziliim-tugev-neopreen-100ml\/"]}]},{"@type":"ImageObject","inLanguage":"et","@id":"https:\/\/espak.ee\/epood\/toode\/montaaziliim-tugev-neopreen-100ml\/#primaryimage","url":"https:\/\/espak.ee\/epood\/wp-content\/uploads\/2025\/01\/S116-R317.jpg","contentUrl":"https:\/\/espak.ee\/epood\/wp-content\/uploads\/2025\/01\/S116-R317.jpg","width":800,"height":800},{"@type":"BreadcrumbList","@id":"https:\/\/espak.ee\/epood\/toode\/montaaziliim-tugev-neopreen-100ml\/#breadcrumb","itemListElement":[{"@type":"ListItem","position":1,"name":"Home","item":"https:\/\/espak.ee\/epood\/"},{"@type":"ListItem","position":2,"name":"Tootevalik","item":"https:\/\/espak.ee\/epood\/tootevalik\/"},{"@type":"ListItem","position":3,"name":"MONTAA\u017dILIIM TUGEV NEOPREEN 100ML"}]},{"@type":"WebSite","@id":"https:\/\/espak.ee\/epood\/#website","url":"https:\/\/espak.ee\/epood\/","name":"Espak E-pood","description":"","potentialAction":[{"@type":"SearchAction","target":{"@type":"EntryPoint","urlTemplate":"https:\/\/espak.ee\/epood\/?s={search_term_string}"},"query-input":{"@type":"PropertyValueSpecification","valueRequired":true,"valueName":"search_term_string"}}],"inLanguage":"et"}]}},"_links":{"self":[{"href":"https:\/\/espak.ee\/epood\/wp-json\/wp\/v2\/product\/223818","targetHints":{"allow":["GET"]}}],"collection":[{"href":"https:\/\/espak.ee\/epood\/wp-json\/wp\/v2\/product"}],"about":[{"href":"https:\/\/espak.ee\/epood\/wp-json\/wp\/v2\/types\/product"}],"replies":[{"embeddable":true,"href":"https:\/\/espak.ee\/epood\/wp-json\/wp\/v2\/comments?post=223818"}],"wp:featuredmedia":[{"embeddable":true,"href":"https:\/\/espak.ee\/epood\/wp-json\/wp\/v2\/media\/224099"}],"wp:attachment":[{"href":"https:\/\/espak.ee\/epood\/wp-json\/wp\/v2\/media?parent=223818"}],"wp:term":[{"taxonomy":"product_brand","embeddable":true,"href":"https:\/\/espak.ee\/epood\/wp-json\/wp\/v2\/product_brand?post=223818"},{"taxonomy":"product_cat","embeddable":true,"href":"https:\/\/espak.ee\/epood\/wp-json\/wp\/v2\/product_cat?post=223818"},{"taxonomy":"product_tag","embeddable":true,"href":"https:\/\/espak.ee\/epood\/wp-json\/wp\/v2\/product_tag?post=223818"}],"curies":[{"name":"wp","href":"https:\/\/api.w.org\/{rel}","templated":true}]}}