{"id":223740,"date":"2025-01-14T05:10:02","date_gmt":"2025-01-14T03:10:02","guid":{"rendered":"https:\/\/espak.ee\/epood\/?post_type=product&#038;p=223740"},"modified":"2025-10-08T15:08:26","modified_gmt":"2025-10-08T12:08:26","slug":"aerosoolvarv-inox-roostevaba-terase-effektiga-400ml","status":"publish","type":"product","link":"https:\/\/espak.ee\/epood\/toode\/aerosoolvarv-inox-roostevaba-terase-effektiga-400ml\/","title":{"rendered":"AEROSOOLV\u00c4RV INOX ROOSTEVABA TERASE EFFEKTIGA 400ML"},"content":{"rendered":"<div class=\"row\"  id=\"row-2045643078\">\n\n\t<div id=\"col-1730192351\" class=\"col medium-9 small-12 large-9\"  >\n\t\t\t\t<div class=\"col-inner\"  >\n\t\t\t\n\t\t\t\n<h3>Aerosoolv\u00e4rv Inox roostevaba terase effekt 400ml<\/h3>\n<p>V\u00e4rv  roostevaba terase viimistlusteks ja parandust\u00f6\u00f6deks. Lisaks roostevabaterase effekti andmiseks erinevatel pindadel (testige sobivust!).<br \/>\nSobib enamus pindadele s.h  metall, puit, klaas, keraamika, paber, kivi jne.<br \/>\nOptimaalseks nakkumiseks aluspinnaga valige meie sortimendist sobiv krunt.<\/p>\n<p>V\u00e4ga hea katvusega.<br \/>\nSuurep\u00e4rane nakkuvus paljudel pindadel.<br \/>\nHea voolavus, sile pind.<br \/>\nKiiresti kuivav.<br \/>\nSobib kasutamiseks sise- ja v\u00e4listingimustes.<br \/>\nIlmastikukindel, valguskindel, UV-kindel.<br \/>\nKriimustus-, p\u00f5rutus- ja l\u00f6\u00f6gikindel.<br \/>\nVastupidav mootori\u00f5lidele, lahjendatud puhastusvahenditele jne.\n<\/p>\n\t\t<\/div>\n\t\t\t\t\t<\/div>\n\n\t\n\n\t<div id=\"col-1346870486\" class=\"col medium-3 small-12 large-3\"  >\n\t\t\t\t<div class=\"col-inner\"  >\n\t\t\t\n\t\t\t\n\t<div id=\"gap-555058321\" class=\"gap-element clearfix\" style=\"display:block; height:auto;\">\n\t\t\n<style>\n#gap-555058321 {\n  padding-top: 30px;\n}\n<\/style>\n\t<\/div>\n\t\n<p><strong>\u00dcksikasjalikuma n\u00f5u saamiseks v\u00f5tke \u00fchendust:<br \/><\/strong>AS Salome Auto<br \/>Kadaka tee 42a<br \/>12915<br \/>Tallinn<br \/> Telefon +372 6808 801<\/p>\n\t\t<\/div>\n\t\t\t\t\t<\/div>\n\n\t\n<\/div>\n","protected":false},"excerpt":{"rendered":"","protected":false},"featured_media":223950,"comment_status":"closed","ping_status":"closed","template":"","meta":[],"product_brand":[],"product_cat":[2686,2685,2684,2683],"product_tag":[],"class_list":{"0":"post-223740","1":"product","2":"type-product","3":"status-publish","4":"has-post-thumbnail","6":"product_cat-aerosoolvarvid","7":"product_cat-varvid","8":"product_cat-varvid-lakid-lahustid-puidukaitsed-olid","9":"product_cat-viimistluskaubad","10":"product_shipping_class-dpd-cold","11":"pa_kaubamark-salome-auto-as","13":"first","14":"outofstock","15":"sale","16":"taxable","17":"shipping-taxable","18":"purchasable","19":"product-type-simple"},"yoast_head":"<!-- This site is optimized with the Yoast SEO plugin v26.9 - https:\/\/yoast.com\/product\/yoast-seo-wordpress\/ -->\n<title>AEROSOOLV\u00c4RV INOX ROOSTEVABA TERASE EFFEKTIGA 400ML - Espak E-pood<\/title>\n<meta name=\"robots\" content=\"index, follow, max-snippet:-1, max-image-preview:large, max-video-preview:-1\" \/>\n<link rel=\"canonical\" href=\"https:\/\/espak.ee\/epood\/toode\/aerosoolvarv-inox-roostevaba-terase-effektiga-400ml\/\" \/>\n<meta property=\"og:locale\" content=\"et_EE\" \/>\n<meta property=\"og:type\" content=\"article\" \/>\n<meta property=\"og:title\" content=\"AEROSOOLV\u00c4RV INOX ROOSTEVABA TERASE EFFEKTIGA 400ML - Espak E-pood\" \/>\n<meta property=\"og:url\" content=\"https:\/\/espak.ee\/epood\/toode\/aerosoolvarv-inox-roostevaba-terase-effektiga-400ml\/\" \/>\n<meta property=\"og:site_name\" content=\"Espak E-pood\" \/>\n<meta property=\"article:modified_time\" content=\"2025-10-08T12:08:26+00:00\" \/>\n<meta property=\"og:image\" content=\"https:\/\/espak.ee\/epood\/wp-content\/uploads\/2025\/01\/S151-516238_1.jpg\" \/>\n\t<meta property=\"og:image:width\" content=\"500\" \/>\n\t<meta property=\"og:image:height\" content=\"500\" \/>\n\t<meta property=\"og:image:type\" content=\"image\/jpeg\" \/>\n<meta name=\"twitter:card\" content=\"summary_large_image\" \/>\n<meta name=\"twitter:label1\" content=\"Est. reading time\" \/>\n\t<meta name=\"twitter:data1\" content=\"1 minut\" \/>\n<script type=\"application\/ld+json\" class=\"yoast-schema-graph\">{\"@context\":\"https:\/\/schema.org\",\"@graph\":[{\"@type\":\"WebPage\",\"@id\":\"https:\/\/espak.ee\/epood\/toode\/aerosoolvarv-inox-roostevaba-terase-effektiga-400ml\/\",\"url\":\"https:\/\/espak.ee\/epood\/toode\/aerosoolvarv-inox-roostevaba-terase-effektiga-400ml\/\",\"name\":\"AEROSOOLV\u00c4RV INOX ROOSTEVABA TERASE EFFEKTIGA 400ML - Espak E-pood\",\"isPartOf\":{\"@id\":\"https:\/\/espak.ee\/epood\/#website\"},\"primaryImageOfPage\":{\"@id\":\"https:\/\/espak.ee\/epood\/toode\/aerosoolvarv-inox-roostevaba-terase-effektiga-400ml\/#primaryimage\"},\"image\":{\"@id\":\"https:\/\/espak.ee\/epood\/toode\/aerosoolvarv-inox-roostevaba-terase-effektiga-400ml\/#primaryimage\"},\"thumbnailUrl\":\"https:\/\/espak.ee\/epood\/wp-content\/uploads\/2025\/01\/S151-516238_1.jpg\",\"datePublished\":\"2025-01-14T03:10:02+00:00\",\"dateModified\":\"2025-10-08T12:08:26+00:00\",\"breadcrumb\":{\"@id\":\"https:\/\/espak.ee\/epood\/toode\/aerosoolvarv-inox-roostevaba-terase-effektiga-400ml\/#breadcrumb\"},\"inLanguage\":\"et\",\"potentialAction\":[{\"@type\":\"ReadAction\",\"target\":[\"https:\/\/espak.ee\/epood\/toode\/aerosoolvarv-inox-roostevaba-terase-effektiga-400ml\/\"]}]},{\"@type\":\"ImageObject\",\"inLanguage\":\"et\",\"@id\":\"https:\/\/espak.ee\/epood\/toode\/aerosoolvarv-inox-roostevaba-terase-effektiga-400ml\/#primaryimage\",\"url\":\"https:\/\/espak.ee\/epood\/wp-content\/uploads\/2025\/01\/S151-516238_1.jpg\",\"contentUrl\":\"https:\/\/espak.ee\/epood\/wp-content\/uploads\/2025\/01\/S151-516238_1.jpg\",\"width\":500,\"height\":500},{\"@type\":\"BreadcrumbList\",\"@id\":\"https:\/\/espak.ee\/epood\/toode\/aerosoolvarv-inox-roostevaba-terase-effektiga-400ml\/#breadcrumb\",\"itemListElement\":[{\"@type\":\"ListItem\",\"position\":1,\"name\":\"Home\",\"item\":\"https:\/\/espak.ee\/epood\/\"},{\"@type\":\"ListItem\",\"position\":2,\"name\":\"Tootevalik\",\"item\":\"https:\/\/espak.ee\/epood\/tootevalik\/\"},{\"@type\":\"ListItem\",\"position\":3,\"name\":\"AEROSOOLV\u00c4RV INOX ROOSTEVABA TERASE EFFEKTIGA 400ML\"}]},{\"@type\":\"WebSite\",\"@id\":\"https:\/\/espak.ee\/epood\/#website\",\"url\":\"https:\/\/espak.ee\/epood\/\",\"name\":\"Espak E-pood\",\"description\":\"\",\"potentialAction\":[{\"@type\":\"SearchAction\",\"target\":{\"@type\":\"EntryPoint\",\"urlTemplate\":\"https:\/\/espak.ee\/epood\/?s={search_term_string}\"},\"query-input\":{\"@type\":\"PropertyValueSpecification\",\"valueRequired\":true,\"valueName\":\"search_term_string\"}}],\"inLanguage\":\"et\"}]}<\/script>\n<!-- \/ Yoast SEO plugin. -->","yoast_head_json":{"title":"AEROSOOLV\u00c4RV INOX ROOSTEVABA TERASE EFFEKTIGA 400ML - Espak E-pood","robots":{"index":"index","follow":"follow","max-snippet":"max-snippet:-1","max-image-preview":"max-image-preview:large","max-video-preview":"max-video-preview:-1"},"canonical":"https:\/\/espak.ee\/epood\/toode\/aerosoolvarv-inox-roostevaba-terase-effektiga-400ml\/","og_locale":"et_EE","og_type":"article","og_title":"AEROSOOLV\u00c4RV INOX ROOSTEVABA TERASE EFFEKTIGA 400ML - Espak E-pood","og_url":"https:\/\/espak.ee\/epood\/toode\/aerosoolvarv-inox-roostevaba-terase-effektiga-400ml\/","og_site_name":"Espak E-pood","article_modified_time":"2025-10-08T12:08:26+00:00","og_image":[{"width":500,"height":500,"url":"https:\/\/espak.ee\/epood\/wp-content\/uploads\/2025\/01\/S151-516238_1.jpg","type":"image\/jpeg"}],"twitter_card":"summary_large_image","twitter_misc":{"Est. reading time":"1 minut"},"schema":{"@context":"https:\/\/schema.org","@graph":[{"@type":"WebPage","@id":"https:\/\/espak.ee\/epood\/toode\/aerosoolvarv-inox-roostevaba-terase-effektiga-400ml\/","url":"https:\/\/espak.ee\/epood\/toode\/aerosoolvarv-inox-roostevaba-terase-effektiga-400ml\/","name":"AEROSOOLV\u00c4RV INOX ROOSTEVABA TERASE EFFEKTIGA 400ML - Espak E-pood","isPartOf":{"@id":"https:\/\/espak.ee\/epood\/#website"},"primaryImageOfPage":{"@id":"https:\/\/espak.ee\/epood\/toode\/aerosoolvarv-inox-roostevaba-terase-effektiga-400ml\/#primaryimage"},"image":{"@id":"https:\/\/espak.ee\/epood\/toode\/aerosoolvarv-inox-roostevaba-terase-effektiga-400ml\/#primaryimage"},"thumbnailUrl":"https:\/\/espak.ee\/epood\/wp-content\/uploads\/2025\/01\/S151-516238_1.jpg","datePublished":"2025-01-14T03:10:02+00:00","dateModified":"2025-10-08T12:08:26+00:00","breadcrumb":{"@id":"https:\/\/espak.ee\/epood\/toode\/aerosoolvarv-inox-roostevaba-terase-effektiga-400ml\/#breadcrumb"},"inLanguage":"et","potentialAction":[{"@type":"ReadAction","target":["https:\/\/espak.ee\/epood\/toode\/aerosoolvarv-inox-roostevaba-terase-effektiga-400ml\/"]}]},{"@type":"ImageObject","inLanguage":"et","@id":"https:\/\/espak.ee\/epood\/toode\/aerosoolvarv-inox-roostevaba-terase-effektiga-400ml\/#primaryimage","url":"https:\/\/espak.ee\/epood\/wp-content\/uploads\/2025\/01\/S151-516238_1.jpg","contentUrl":"https:\/\/espak.ee\/epood\/wp-content\/uploads\/2025\/01\/S151-516238_1.jpg","width":500,"height":500},{"@type":"BreadcrumbList","@id":"https:\/\/espak.ee\/epood\/toode\/aerosoolvarv-inox-roostevaba-terase-effektiga-400ml\/#breadcrumb","itemListElement":[{"@type":"ListItem","position":1,"name":"Home","item":"https:\/\/espak.ee\/epood\/"},{"@type":"ListItem","position":2,"name":"Tootevalik","item":"https:\/\/espak.ee\/epood\/tootevalik\/"},{"@type":"ListItem","position":3,"name":"AEROSOOLV\u00c4RV INOX ROOSTEVABA TERASE EFFEKTIGA 400ML"}]},{"@type":"WebSite","@id":"https:\/\/espak.ee\/epood\/#website","url":"https:\/\/espak.ee\/epood\/","name":"Espak E-pood","description":"","potentialAction":[{"@type":"SearchAction","target":{"@type":"EntryPoint","urlTemplate":"https:\/\/espak.ee\/epood\/?s={search_term_string}"},"query-input":{"@type":"PropertyValueSpecification","valueRequired":true,"valueName":"search_term_string"}}],"inLanguage":"et"}]}},"_links":{"self":[{"href":"https:\/\/espak.ee\/epood\/wp-json\/wp\/v2\/product\/223740","targetHints":{"allow":["GET"]}}],"collection":[{"href":"https:\/\/espak.ee\/epood\/wp-json\/wp\/v2\/product"}],"about":[{"href":"https:\/\/espak.ee\/epood\/wp-json\/wp\/v2\/types\/product"}],"replies":[{"embeddable":true,"href":"https:\/\/espak.ee\/epood\/wp-json\/wp\/v2\/comments?post=223740"}],"wp:featuredmedia":[{"embeddable":true,"href":"https:\/\/espak.ee\/epood\/wp-json\/wp\/v2\/media\/223950"}],"wp:attachment":[{"href":"https:\/\/espak.ee\/epood\/wp-json\/wp\/v2\/media?parent=223740"}],"wp:term":[{"taxonomy":"product_brand","embeddable":true,"href":"https:\/\/espak.ee\/epood\/wp-json\/wp\/v2\/product_brand?post=223740"},{"taxonomy":"product_cat","embeddable":true,"href":"https:\/\/espak.ee\/epood\/wp-json\/wp\/v2\/product_cat?post=223740"},{"taxonomy":"product_tag","embeddable":true,"href":"https:\/\/espak.ee\/epood\/wp-json\/wp\/v2\/product_tag?post=223740"}],"curies":[{"name":"wp","href":"https:\/\/api.w.org\/{rel}","templated":true}]}}