{"id":223728,"date":"2025-01-14T05:10:02","date_gmt":"2025-01-14T03:10:02","guid":{"rendered":"https:\/\/espak.ee\/epood\/?post_type=product&#038;p=223728"},"modified":"2026-03-21T09:59:16","modified_gmt":"2026-03-21T07:59:16","slug":"aerosoolvarv-rust-stop-kuldne-400ml","status":"publish","type":"product","link":"https:\/\/espak.ee\/epood\/toode\/aerosoolvarv-rust-stop-kuldne-400ml\/","title":{"rendered":"AEROSOOLV\u00c4RV RUST-STOP KULDNE 400ML"},"content":{"rendered":"<div class=\"row\"  id=\"row-204847241\">\n\n\t<div id=\"col-1356252187\" class=\"col medium-9 small-12 large-9\"  >\n\t\t\t\t<div class=\"col-inner\"  >\n\t\t\t\n\t\t\t\n<h3>Aerosoolv\u00e4rv Rust-Stop kuldne 400ml<\/h3>\n<p>Rust Stop 4in1 on parim v\u00e4rv roostes pinna katmiseks, kuna sisaldab (LCI) roostetamist peatavat ainet.<\/p>\n<p> RUST STOP 4in1 &#8211; neli \u00fches:<br \/>\n1. Kruntv\u00e4rv<br \/>\n2. Korrosioonikaitse<br \/>\n3. P\u00f5hiv\u00e4rv<br \/>\n4. Hermeetik<\/p>\n<p>Omadused:<br \/>\n&#8211; Pikaealine roostekaitse<br \/>\n&#8211; Kiirelt kuivav<br \/>\n&#8211; H\u00e4sti kattev<br \/>\n&#8211; V\u00e4ga elastne<br \/>\n&#8211; L\u00f6\u00f6gi- ja vibratsioonikindel<br \/>\n&#8211; Ideaalne nakkuvus<br \/>\n&#8211; UV-kindel, mitte pleekiv<br \/>\n&#8211; Ilmastiku ja veekindel<br \/>\n&#8211; Testitud soolastes oludes \u00fcle 500 tunni<br \/>\n&#8211; Professionaalne seadistatav pihusti (vertikaalnehorisontaalne)<br \/>\n&#8211; Sobib metall-, tsink-, vask-, messing-, alumiinium-, puit-, klaas-, kivipindade katmiseks.\n<\/p>\n\t\t<\/div>\n\t\t\t\t\t<\/div>\n\n\t\n\n\t<div id=\"col-229617178\" class=\"col medium-3 small-12 large-3\"  >\n\t\t\t\t<div class=\"col-inner\"  >\n\t\t\t\n\t\t\t\n\t<div id=\"gap-1287523643\" class=\"gap-element clearfix\" style=\"display:block; height:auto;\">\n\t\t\n<style>\n#gap-1287523643 {\n  padding-top: 30px;\n}\n<\/style>\n\t<\/div>\n\t\n<p><strong>\u00dcksikasjalikuma n\u00f5u saamiseks v\u00f5tke \u00fchendust:<br \/><\/strong>AS Salome Auto<br \/>Kadaka tee 42a<br \/>12915<br \/>Tallinn<br \/> Telefon +372 6808 801<\/p>\n\t\t<\/div>\n\t\t\t\t\t<\/div>\n\n\t\n<\/div>\n","protected":false},"excerpt":{"rendered":"","protected":false},"featured_media":223970,"comment_status":"closed","ping_status":"closed","template":"","meta":[],"product_brand":[],"product_cat":[2686,2685,2684,2683],"product_tag":[],"class_list":{"0":"post-223728","1":"product","2":"type-product","3":"status-publish","4":"has-post-thumbnail","6":"product_cat-aerosoolvarvid","7":"product_cat-varvid","8":"product_cat-varvid-lakid-lahustid-puidukaitsed-olid","9":"product_cat-viimistluskaubad","10":"product_shipping_class-dpd-cold","11":"pa_kaubamark-salome-auto-as","13":"first","14":"instock","15":"sale","16":"taxable","17":"shipping-taxable","18":"purchasable","19":"product-type-simple"},"yoast_head":"<!-- This site is optimized with the Yoast SEO plugin v26.9 - https:\/\/yoast.com\/product\/yoast-seo-wordpress\/ -->\n<title>AEROSOOLV\u00c4RV RUST-STOP KULDNE 400ML - Espak E-pood<\/title>\n<meta name=\"robots\" content=\"index, follow, max-snippet:-1, max-image-preview:large, max-video-preview:-1\" \/>\n<link rel=\"canonical\" href=\"https:\/\/espak.ee\/epood\/toode\/aerosoolvarv-rust-stop-kuldne-400ml\/\" \/>\n<meta property=\"og:locale\" content=\"et_EE\" \/>\n<meta property=\"og:type\" content=\"article\" \/>\n<meta property=\"og:title\" content=\"AEROSOOLV\u00c4RV RUST-STOP KULDNE 400ML - Espak E-pood\" \/>\n<meta property=\"og:url\" content=\"https:\/\/espak.ee\/epood\/toode\/aerosoolvarv-rust-stop-kuldne-400ml\/\" \/>\n<meta property=\"og:site_name\" content=\"Espak E-pood\" \/>\n<meta property=\"article:modified_time\" content=\"2026-03-21T07:59:16+00:00\" \/>\n<meta property=\"og:image\" content=\"https:\/\/espak.ee\/epood\/wp-content\/uploads\/2025\/01\/S151-868450677c247b05198.jpg\" \/>\n\t<meta property=\"og:image:width\" content=\"1000\" \/>\n\t<meta property=\"og:image:height\" content=\"1000\" \/>\n\t<meta property=\"og:image:type\" content=\"image\/jpeg\" \/>\n<meta name=\"twitter:card\" content=\"summary_large_image\" \/>\n<meta name=\"twitter:label1\" content=\"Est. reading time\" \/>\n\t<meta name=\"twitter:data1\" content=\"1 minut\" \/>\n<script type=\"application\/ld+json\" class=\"yoast-schema-graph\">{\"@context\":\"https:\/\/schema.org\",\"@graph\":[{\"@type\":\"WebPage\",\"@id\":\"https:\/\/espak.ee\/epood\/toode\/aerosoolvarv-rust-stop-kuldne-400ml\/\",\"url\":\"https:\/\/espak.ee\/epood\/toode\/aerosoolvarv-rust-stop-kuldne-400ml\/\",\"name\":\"AEROSOOLV\u00c4RV RUST-STOP KULDNE 400ML - Espak E-pood\",\"isPartOf\":{\"@id\":\"https:\/\/espak.ee\/epood\/#website\"},\"primaryImageOfPage\":{\"@id\":\"https:\/\/espak.ee\/epood\/toode\/aerosoolvarv-rust-stop-kuldne-400ml\/#primaryimage\"},\"image\":{\"@id\":\"https:\/\/espak.ee\/epood\/toode\/aerosoolvarv-rust-stop-kuldne-400ml\/#primaryimage\"},\"thumbnailUrl\":\"https:\/\/espak.ee\/epood\/wp-content\/uploads\/2025\/01\/S151-868450677c247b05198.jpg\",\"datePublished\":\"2025-01-14T03:10:02+00:00\",\"dateModified\":\"2026-03-21T07:59:16+00:00\",\"breadcrumb\":{\"@id\":\"https:\/\/espak.ee\/epood\/toode\/aerosoolvarv-rust-stop-kuldne-400ml\/#breadcrumb\"},\"inLanguage\":\"et\",\"potentialAction\":[{\"@type\":\"ReadAction\",\"target\":[\"https:\/\/espak.ee\/epood\/toode\/aerosoolvarv-rust-stop-kuldne-400ml\/\"]}]},{\"@type\":\"ImageObject\",\"inLanguage\":\"et\",\"@id\":\"https:\/\/espak.ee\/epood\/toode\/aerosoolvarv-rust-stop-kuldne-400ml\/#primaryimage\",\"url\":\"https:\/\/espak.ee\/epood\/wp-content\/uploads\/2025\/01\/S151-868450677c247b05198.jpg\",\"contentUrl\":\"https:\/\/espak.ee\/epood\/wp-content\/uploads\/2025\/01\/S151-868450677c247b05198.jpg\",\"width\":1000,\"height\":1000},{\"@type\":\"BreadcrumbList\",\"@id\":\"https:\/\/espak.ee\/epood\/toode\/aerosoolvarv-rust-stop-kuldne-400ml\/#breadcrumb\",\"itemListElement\":[{\"@type\":\"ListItem\",\"position\":1,\"name\":\"Home\",\"item\":\"https:\/\/espak.ee\/epood\/\"},{\"@type\":\"ListItem\",\"position\":2,\"name\":\"Tootevalik\",\"item\":\"https:\/\/espak.ee\/epood\/tootevalik\/\"},{\"@type\":\"ListItem\",\"position\":3,\"name\":\"AEROSOOLV\u00c4RV RUST-STOP KULDNE 400ML\"}]},{\"@type\":\"WebSite\",\"@id\":\"https:\/\/espak.ee\/epood\/#website\",\"url\":\"https:\/\/espak.ee\/epood\/\",\"name\":\"Espak E-pood\",\"description\":\"\",\"potentialAction\":[{\"@type\":\"SearchAction\",\"target\":{\"@type\":\"EntryPoint\",\"urlTemplate\":\"https:\/\/espak.ee\/epood\/?s={search_term_string}\"},\"query-input\":{\"@type\":\"PropertyValueSpecification\",\"valueRequired\":true,\"valueName\":\"search_term_string\"}}],\"inLanguage\":\"et\"}]}<\/script>\n<!-- \/ Yoast SEO plugin. -->","yoast_head_json":{"title":"AEROSOOLV\u00c4RV RUST-STOP KULDNE 400ML - Espak E-pood","robots":{"index":"index","follow":"follow","max-snippet":"max-snippet:-1","max-image-preview":"max-image-preview:large","max-video-preview":"max-video-preview:-1"},"canonical":"https:\/\/espak.ee\/epood\/toode\/aerosoolvarv-rust-stop-kuldne-400ml\/","og_locale":"et_EE","og_type":"article","og_title":"AEROSOOLV\u00c4RV RUST-STOP KULDNE 400ML - Espak E-pood","og_url":"https:\/\/espak.ee\/epood\/toode\/aerosoolvarv-rust-stop-kuldne-400ml\/","og_site_name":"Espak E-pood","article_modified_time":"2026-03-21T07:59:16+00:00","og_image":[{"width":1000,"height":1000,"url":"https:\/\/espak.ee\/epood\/wp-content\/uploads\/2025\/01\/S151-868450677c247b05198.jpg","type":"image\/jpeg"}],"twitter_card":"summary_large_image","twitter_misc":{"Est. reading time":"1 minut"},"schema":{"@context":"https:\/\/schema.org","@graph":[{"@type":"WebPage","@id":"https:\/\/espak.ee\/epood\/toode\/aerosoolvarv-rust-stop-kuldne-400ml\/","url":"https:\/\/espak.ee\/epood\/toode\/aerosoolvarv-rust-stop-kuldne-400ml\/","name":"AEROSOOLV\u00c4RV RUST-STOP KULDNE 400ML - Espak E-pood","isPartOf":{"@id":"https:\/\/espak.ee\/epood\/#website"},"primaryImageOfPage":{"@id":"https:\/\/espak.ee\/epood\/toode\/aerosoolvarv-rust-stop-kuldne-400ml\/#primaryimage"},"image":{"@id":"https:\/\/espak.ee\/epood\/toode\/aerosoolvarv-rust-stop-kuldne-400ml\/#primaryimage"},"thumbnailUrl":"https:\/\/espak.ee\/epood\/wp-content\/uploads\/2025\/01\/S151-868450677c247b05198.jpg","datePublished":"2025-01-14T03:10:02+00:00","dateModified":"2026-03-21T07:59:16+00:00","breadcrumb":{"@id":"https:\/\/espak.ee\/epood\/toode\/aerosoolvarv-rust-stop-kuldne-400ml\/#breadcrumb"},"inLanguage":"et","potentialAction":[{"@type":"ReadAction","target":["https:\/\/espak.ee\/epood\/toode\/aerosoolvarv-rust-stop-kuldne-400ml\/"]}]},{"@type":"ImageObject","inLanguage":"et","@id":"https:\/\/espak.ee\/epood\/toode\/aerosoolvarv-rust-stop-kuldne-400ml\/#primaryimage","url":"https:\/\/espak.ee\/epood\/wp-content\/uploads\/2025\/01\/S151-868450677c247b05198.jpg","contentUrl":"https:\/\/espak.ee\/epood\/wp-content\/uploads\/2025\/01\/S151-868450677c247b05198.jpg","width":1000,"height":1000},{"@type":"BreadcrumbList","@id":"https:\/\/espak.ee\/epood\/toode\/aerosoolvarv-rust-stop-kuldne-400ml\/#breadcrumb","itemListElement":[{"@type":"ListItem","position":1,"name":"Home","item":"https:\/\/espak.ee\/epood\/"},{"@type":"ListItem","position":2,"name":"Tootevalik","item":"https:\/\/espak.ee\/epood\/tootevalik\/"},{"@type":"ListItem","position":3,"name":"AEROSOOLV\u00c4RV RUST-STOP KULDNE 400ML"}]},{"@type":"WebSite","@id":"https:\/\/espak.ee\/epood\/#website","url":"https:\/\/espak.ee\/epood\/","name":"Espak E-pood","description":"","potentialAction":[{"@type":"SearchAction","target":{"@type":"EntryPoint","urlTemplate":"https:\/\/espak.ee\/epood\/?s={search_term_string}"},"query-input":{"@type":"PropertyValueSpecification","valueRequired":true,"valueName":"search_term_string"}}],"inLanguage":"et"}]}},"_links":{"self":[{"href":"https:\/\/espak.ee\/epood\/wp-json\/wp\/v2\/product\/223728","targetHints":{"allow":["GET"]}}],"collection":[{"href":"https:\/\/espak.ee\/epood\/wp-json\/wp\/v2\/product"}],"about":[{"href":"https:\/\/espak.ee\/epood\/wp-json\/wp\/v2\/types\/product"}],"replies":[{"embeddable":true,"href":"https:\/\/espak.ee\/epood\/wp-json\/wp\/v2\/comments?post=223728"}],"wp:featuredmedia":[{"embeddable":true,"href":"https:\/\/espak.ee\/epood\/wp-json\/wp\/v2\/media\/223970"}],"wp:attachment":[{"href":"https:\/\/espak.ee\/epood\/wp-json\/wp\/v2\/media?parent=223728"}],"wp:term":[{"taxonomy":"product_brand","embeddable":true,"href":"https:\/\/espak.ee\/epood\/wp-json\/wp\/v2\/product_brand?post=223728"},{"taxonomy":"product_cat","embeddable":true,"href":"https:\/\/espak.ee\/epood\/wp-json\/wp\/v2\/product_cat?post=223728"},{"taxonomy":"product_tag","embeddable":true,"href":"https:\/\/espak.ee\/epood\/wp-json\/wp\/v2\/product_tag?post=223728"}],"curies":[{"name":"wp","href":"https:\/\/api.w.org\/{rel}","templated":true}]}}