{"id":22353,"date":"2020-04-23T04:40:41","date_gmt":"2020-04-23T01:40:41","guid":{"rendered":"https:\/\/espak.ee\/hinnakiri\/?post_type=product&#038;p=22353"},"modified":"2024-03-22T23:34:39","modified_gmt":"2024-03-22T21:34:39","slug":"tooriistakast-stanley-23-metallist-195614","status":"publish","type":"product","link":"https:\/\/espak.ee\/epood\/toode\/tooriistakast-stanley-23-metallist-195614\/","title":{"rendered":"T\u00d6\u00d6RIISTAKAST STANLEY 23&#8243; METALLIST 195614"},"content":{"rendered":"<div class=\"row\"  id=\"row-4527415\">\n\n\t<div id=\"col-1008786304\" class=\"col medium-9 small-12 large-9\"  >\n\t\t\t\t<div class=\"col-inner\"  >\n\t\t\t\n\t\t\t\n<h2>T\u00f6\u00f6riistakast Stanley 23\u201d metallist<\/h2>\n<div class=\"message-box relative\" style=\"padding-top:15px;padding-bottom:15px;\"><div class=\"message-box-bg-image bg-fill fill\" ><\/div><div class=\"message-box-bg-overlay bg-fill fill\" ><\/div><div class=\"container relative\"><div class=\"inner last-reset\">\n<div class=\"row align-middle align-center\"  id=\"row-1178766040\">\n\n\t<div id=\"col-764218925\" class=\"col small-12 large-12\"  >\n\t\t\t\t<div class=\"col-inner text-left\"  >\n\t\t\t\n\t\t\t\n<h4>Omadused<\/h4>\n<div class=\"row\"  id=\"row-287350690\">\n\n\t<div id=\"col-1114650779\" class=\"col medium-6 small-12 large-6\"  >\n\t\t\t\t<div class=\"col-inner\"  >\n\t\t\t\n\t\t\t\n<p><i class=\"fa fa-check fa-2x\"><\/i> <strong>Suured roostevabast metallist sulgurid koos tabalukkusilmaga<\/strong><\/p>\n<p><i class=\"fa fa-check fa-2x\"><\/i> <strong>Mettalli ja plastiku vastupidav kooslus<\/strong><\/p>\n\t\t<\/div>\n\t\t\t\t\n<style>\n#col-1114650779 > .col-inner {\n  margin: 0px 0px 15px 0px;\n}\n<\/style>\n\t<\/div>\n\n\t\n<\/div>\n\t\t<\/div>\n\t\t\t\t\t<\/div>\n\n\t\n<\/div>\n<\/div><\/div><\/div>\n\t<div id=\"gap-128108128\" class=\"gap-element clearfix\" style=\"display:block; height:auto;\">\n\t\t\n<style>\n#gap-128108128 {\n  padding-top: 30px;\n}\n<\/style>\n\t<\/div>\n\t\n\t\t<\/div>\n\t\t\t\t\t<\/div>\n\n\t\n\n\t<div id=\"col-1423679149\" class=\"col medium-3 small-12 large-3\"  >\n\t\t\t\t<div class=\"col-inner\"  >\n\t\t\t\n\t\t\t\n\t<div id=\"gap-1170366237\" class=\"gap-element clearfix\" style=\"display:block; height:auto;\">\n\t\t\n<style>\n#gap-1170366237 {\n  padding-top: 30px;\n}\n<\/style>\n\t<\/div>\n\t\n<div class=\"is-divider divider clearfix\" ><\/div>\n<p><strong>\u00dcksikasjalikuma n\u00f5u saamiseks v\u00f5tke \u00fchendust:<br \/><\/strong>Espak AS<br \/>Viadukti 42<br \/>11313<br \/>Tallinn<br \/>+372 6 512333<\/p>\n<div class=\"is-divider divider clearfix\" ><\/div>\n\t\t<\/div>\n\t\t\t\t\t<\/div>\n\n\t\n<\/div>\n","protected":false},"excerpt":{"rendered":"","protected":false},"featured_media":33253,"comment_status":"closed","ping_status":"open","template":"","meta":[],"product_brand":[],"product_cat":[2771,2679,3051,3052],"product_tag":[],"class_list":{"0":"post-22353","1":"product","2":"type-product","3":"status-publish","4":"has-post-thumbnail","6":"product_cat-kasitooriistad","7":"product_cat-tooriistad","8":"product_cat-tooriistakastid","9":"product_cat-tooriistakastid-tooriistakastid","10":"pa_kaubamark-stanley","12":"first","13":"instock","14":"sale","15":"taxable","16":"shipping-taxable","17":"purchasable","18":"product-type-simple"},"yoast_head":"<!-- This site is optimized with the Yoast SEO plugin v26.9 - https:\/\/yoast.com\/product\/yoast-seo-wordpress\/ -->\n<title>T\u00d6\u00d6RIISTAKAST STANLEY 23&quot; METALLIST 195614 - Espak E-pood<\/title>\n<meta name=\"robots\" content=\"index, follow, max-snippet:-1, max-image-preview:large, max-video-preview:-1\" \/>\n<link rel=\"canonical\" href=\"https:\/\/espak.ee\/epood\/toode\/tooriistakast-stanley-23-metallist-195614\/\" \/>\n<meta property=\"og:locale\" content=\"et_EE\" \/>\n<meta property=\"og:type\" content=\"article\" \/>\n<meta property=\"og:title\" content=\"T\u00d6\u00d6RIISTAKAST STANLEY 23&quot; METALLIST 195614 - Espak E-pood\" \/>\n<meta property=\"og:url\" content=\"https:\/\/espak.ee\/epood\/toode\/tooriistakast-stanley-23-metallist-195614\/\" \/>\n<meta property=\"og:site_name\" content=\"Espak E-pood\" \/>\n<meta property=\"article:modified_time\" content=\"2024-03-22T21:34:39+00:00\" \/>\n<meta property=\"og:image\" content=\"https:\/\/espak.ee\/epood\/wp-content\/uploads\/1-95-613-STAN.jpg\" \/>\n\t<meta property=\"og:image:width\" content=\"640\" \/>\n\t<meta property=\"og:image:height\" content=\"640\" \/>\n\t<meta property=\"og:image:type\" content=\"image\/jpeg\" \/>\n<meta name=\"twitter:card\" content=\"summary_large_image\" \/>\n<script type=\"application\/ld+json\" class=\"yoast-schema-graph\">{\"@context\":\"https:\/\/schema.org\",\"@graph\":[{\"@type\":\"WebPage\",\"@id\":\"https:\/\/espak.ee\/epood\/toode\/tooriistakast-stanley-23-metallist-195614\/\",\"url\":\"https:\/\/espak.ee\/epood\/toode\/tooriistakast-stanley-23-metallist-195614\/\",\"name\":\"T\u00d6\u00d6RIISTAKAST STANLEY 23\\\" METALLIST 195614 - Espak E-pood\",\"isPartOf\":{\"@id\":\"https:\/\/espak.ee\/epood\/#website\"},\"primaryImageOfPage\":{\"@id\":\"https:\/\/espak.ee\/epood\/toode\/tooriistakast-stanley-23-metallist-195614\/#primaryimage\"},\"image\":{\"@id\":\"https:\/\/espak.ee\/epood\/toode\/tooriistakast-stanley-23-metallist-195614\/#primaryimage\"},\"thumbnailUrl\":\"https:\/\/espak.ee\/epood\/wp-content\/uploads\/1-95-613-STAN.jpg\",\"datePublished\":\"2020-04-23T01:40:41+00:00\",\"dateModified\":\"2024-03-22T21:34:39+00:00\",\"breadcrumb\":{\"@id\":\"https:\/\/espak.ee\/epood\/toode\/tooriistakast-stanley-23-metallist-195614\/#breadcrumb\"},\"inLanguage\":\"et\",\"potentialAction\":[{\"@type\":\"ReadAction\",\"target\":[\"https:\/\/espak.ee\/epood\/toode\/tooriistakast-stanley-23-metallist-195614\/\"]}]},{\"@type\":\"ImageObject\",\"inLanguage\":\"et\",\"@id\":\"https:\/\/espak.ee\/epood\/toode\/tooriistakast-stanley-23-metallist-195614\/#primaryimage\",\"url\":\"https:\/\/espak.ee\/epood\/wp-content\/uploads\/1-95-613-STAN.jpg\",\"contentUrl\":\"https:\/\/espak.ee\/epood\/wp-content\/uploads\/1-95-613-STAN.jpg\",\"width\":640,\"height\":640},{\"@type\":\"BreadcrumbList\",\"@id\":\"https:\/\/espak.ee\/epood\/toode\/tooriistakast-stanley-23-metallist-195614\/#breadcrumb\",\"itemListElement\":[{\"@type\":\"ListItem\",\"position\":1,\"name\":\"Home\",\"item\":\"https:\/\/espak.ee\/epood\/\"},{\"@type\":\"ListItem\",\"position\":2,\"name\":\"Tootevalik\",\"item\":\"https:\/\/espak.ee\/epood\/tootevalik\/\"},{\"@type\":\"ListItem\",\"position\":3,\"name\":\"T\u00d6\u00d6RIISTAKAST STANLEY 23&#8243; METALLIST 195614\"}]},{\"@type\":\"WebSite\",\"@id\":\"https:\/\/espak.ee\/epood\/#website\",\"url\":\"https:\/\/espak.ee\/epood\/\",\"name\":\"Espak E-pood\",\"description\":\"\",\"potentialAction\":[{\"@type\":\"SearchAction\",\"target\":{\"@type\":\"EntryPoint\",\"urlTemplate\":\"https:\/\/espak.ee\/epood\/?s={search_term_string}\"},\"query-input\":{\"@type\":\"PropertyValueSpecification\",\"valueRequired\":true,\"valueName\":\"search_term_string\"}}],\"inLanguage\":\"et\"}]}<\/script>\n<!-- \/ Yoast SEO plugin. -->","yoast_head_json":{"title":"T\u00d6\u00d6RIISTAKAST STANLEY 23\" METALLIST 195614 - Espak E-pood","robots":{"index":"index","follow":"follow","max-snippet":"max-snippet:-1","max-image-preview":"max-image-preview:large","max-video-preview":"max-video-preview:-1"},"canonical":"https:\/\/espak.ee\/epood\/toode\/tooriistakast-stanley-23-metallist-195614\/","og_locale":"et_EE","og_type":"article","og_title":"T\u00d6\u00d6RIISTAKAST STANLEY 23\" METALLIST 195614 - Espak E-pood","og_url":"https:\/\/espak.ee\/epood\/toode\/tooriistakast-stanley-23-metallist-195614\/","og_site_name":"Espak E-pood","article_modified_time":"2024-03-22T21:34:39+00:00","og_image":[{"width":640,"height":640,"url":"https:\/\/espak.ee\/epood\/wp-content\/uploads\/1-95-613-STAN.jpg","type":"image\/jpeg"}],"twitter_card":"summary_large_image","schema":{"@context":"https:\/\/schema.org","@graph":[{"@type":"WebPage","@id":"https:\/\/espak.ee\/epood\/toode\/tooriistakast-stanley-23-metallist-195614\/","url":"https:\/\/espak.ee\/epood\/toode\/tooriistakast-stanley-23-metallist-195614\/","name":"T\u00d6\u00d6RIISTAKAST STANLEY 23\" METALLIST 195614 - Espak E-pood","isPartOf":{"@id":"https:\/\/espak.ee\/epood\/#website"},"primaryImageOfPage":{"@id":"https:\/\/espak.ee\/epood\/toode\/tooriistakast-stanley-23-metallist-195614\/#primaryimage"},"image":{"@id":"https:\/\/espak.ee\/epood\/toode\/tooriistakast-stanley-23-metallist-195614\/#primaryimage"},"thumbnailUrl":"https:\/\/espak.ee\/epood\/wp-content\/uploads\/1-95-613-STAN.jpg","datePublished":"2020-04-23T01:40:41+00:00","dateModified":"2024-03-22T21:34:39+00:00","breadcrumb":{"@id":"https:\/\/espak.ee\/epood\/toode\/tooriistakast-stanley-23-metallist-195614\/#breadcrumb"},"inLanguage":"et","potentialAction":[{"@type":"ReadAction","target":["https:\/\/espak.ee\/epood\/toode\/tooriistakast-stanley-23-metallist-195614\/"]}]},{"@type":"ImageObject","inLanguage":"et","@id":"https:\/\/espak.ee\/epood\/toode\/tooriistakast-stanley-23-metallist-195614\/#primaryimage","url":"https:\/\/espak.ee\/epood\/wp-content\/uploads\/1-95-613-STAN.jpg","contentUrl":"https:\/\/espak.ee\/epood\/wp-content\/uploads\/1-95-613-STAN.jpg","width":640,"height":640},{"@type":"BreadcrumbList","@id":"https:\/\/espak.ee\/epood\/toode\/tooriistakast-stanley-23-metallist-195614\/#breadcrumb","itemListElement":[{"@type":"ListItem","position":1,"name":"Home","item":"https:\/\/espak.ee\/epood\/"},{"@type":"ListItem","position":2,"name":"Tootevalik","item":"https:\/\/espak.ee\/epood\/tootevalik\/"},{"@type":"ListItem","position":3,"name":"T\u00d6\u00d6RIISTAKAST STANLEY 23&#8243; METALLIST 195614"}]},{"@type":"WebSite","@id":"https:\/\/espak.ee\/epood\/#website","url":"https:\/\/espak.ee\/epood\/","name":"Espak E-pood","description":"","potentialAction":[{"@type":"SearchAction","target":{"@type":"EntryPoint","urlTemplate":"https:\/\/espak.ee\/epood\/?s={search_term_string}"},"query-input":{"@type":"PropertyValueSpecification","valueRequired":true,"valueName":"search_term_string"}}],"inLanguage":"et"}]}},"_links":{"self":[{"href":"https:\/\/espak.ee\/epood\/wp-json\/wp\/v2\/product\/22353","targetHints":{"allow":["GET"]}}],"collection":[{"href":"https:\/\/espak.ee\/epood\/wp-json\/wp\/v2\/product"}],"about":[{"href":"https:\/\/espak.ee\/epood\/wp-json\/wp\/v2\/types\/product"}],"replies":[{"embeddable":true,"href":"https:\/\/espak.ee\/epood\/wp-json\/wp\/v2\/comments?post=22353"}],"wp:featuredmedia":[{"embeddable":true,"href":"https:\/\/espak.ee\/epood\/wp-json\/wp\/v2\/media\/33253"}],"wp:attachment":[{"href":"https:\/\/espak.ee\/epood\/wp-json\/wp\/v2\/media?parent=22353"}],"wp:term":[{"taxonomy":"product_brand","embeddable":true,"href":"https:\/\/espak.ee\/epood\/wp-json\/wp\/v2\/product_brand?post=22353"},{"taxonomy":"product_cat","embeddable":true,"href":"https:\/\/espak.ee\/epood\/wp-json\/wp\/v2\/product_cat?post=22353"},{"taxonomy":"product_tag","embeddable":true,"href":"https:\/\/espak.ee\/epood\/wp-json\/wp\/v2\/product_tag?post=22353"}],"curies":[{"name":"wp","href":"https:\/\/api.w.org\/{rel}","templated":true}]}}