{"id":223375,"date":"2025-01-10T05:10:01","date_gmt":"2025-01-10T03:10:01","guid":{"rendered":"https:\/\/espak.ee\/epood\/?post_type=product&#038;p=223375"},"modified":"2025-03-13T10:58:47","modified_gmt":"2025-03-13T08:58:47","slug":"multidetektor-bosch-gms-120-27-professional","status":"publish","type":"product","link":"https:\/\/espak.ee\/epood\/toode\/multidetektor-bosch-gms-120-27-professional\/","title":{"rendered":"MULTIDETEKTOR BOSCH GMS 120-27 PROFESSIONAL"},"content":{"rendered":"<div class=\"row\"  id=\"row-1385044388\">\n\n\t<div id=\"col-1789394390\" class=\"col medium-9 small-12 large-9\"  >\n\t\t\t\t<div class=\"col-inner\"  >\n\t\t\t\n\t\t\t\n<h3>Multidetektor Bosch GMS 120-27 Professional <\/h3>\n<p>GMS 120-27 Professional seinaskanner aitab tuvastada ja lokaliseerida kipsplaadiga kaetud seinas olevad metalldetailid, pinge all olevad juhtmed ja puitkarkassi. Objektide tuvastamine seintes enne puurimist tagab suurema t\u00f6\u00f6ohutuse, seda eriti renoveerimist\u00f6id tegevatele meistrimeestele, kes paigaldavad kappe, k\u00f6\u00f6gim\u00f6\u00f6blit, kraanikausse, katlaid ja k\u00fcttes\u00fcsteeme ning \u00f5hukonditsioneerimis- ja sprinklers\u00fcsteeme.\n <\/p>\n<div class=\"message-box relative\" style=\"padding-top:15px;padding-bottom:15px;\"><div class=\"message-box-bg-image bg-fill fill\" ><\/div><div class=\"message-box-bg-overlay bg-fill fill\" ><\/div><div class=\"container relative\"><div class=\"inner last-reset\">\n<div class=\"row align-middle align-center\"  id=\"row-1250733666\">\n\n\t<div id=\"col-739260464\" class=\"col small-12 large-12\"  >\n\t\t\t\t<div class=\"col-inner text-left\"  >\n\t\t\t\n\t\t\t\n<h4>Omadused<\/h4>\n<div class=\"row\"  id=\"row-607652980\">\n\n\t<div id=\"col-1695406735\" class=\"col medium-6 small-12 large-6\"  >\n\t\t\t\t<div class=\"col-inner\"  >\n\t\t\t\n\t\t\t\n<p><i class=\"far fa-check-circle fa-2x\"><\/i><strong>\u00a0Annab puurimisel kindlust, tuvastades seinas metallid, pingestatud elektrijuthmed ja puitkonstruktsioonid <\/strong><\/p>\n<p><i class=\"far fa-check-circle fa-2x\"><\/i><strong> H\u00f5lpsalt kasutatav t\u00e4nu lihtsale re\u017eiimivalikule ja m\u00e4rgistusavale\u00a0<\/strong><\/p>\n\t\t<\/div>\n\t\t\t\t\n<style>\n#col-1695406735 > .col-inner {\n  margin: 0px 0px 15px 0px;\n}\n<\/style>\n\t<\/div>\n\n\t\n\n\t<div id=\"col-1898739569\" class=\"col medium-6 small-12 large-6\"  >\n\t\t\t\t<div class=\"col-inner\"  >\n\t\t\t\n\t\t\t\n<p><i class=\"far fa-check-circle fa-2x\"><\/i><strong> Loodud rasketes tingimustes kasutamiseks \u2012 l\u00f6\u00f6gikindel kummist kest ja kaitseaste IP54\u00a0<\/strong><\/p>\n\t\t<\/div>\n\t\t\t\t\n<style>\n#col-1898739569 > .col-inner {\n  margin: 0px 0px 15px 0px;\n}\n<\/style>\n\t<\/div>\n\n\t\n<\/div>\n\t\t<\/div>\n\t\t\t\t\t<\/div>\n\n\t\n<\/div>\n<\/div><\/div><\/div>\n\t<div id=\"gap-255806212\" class=\"gap-element clearfix\" style=\"display:block; height:auto;\">\n\t\t\n<style>\n#gap-255806212 {\n  padding-top: 30px;\n}\n<\/style>\n\t<\/div>\n\t\n<p>Kui puurite seina, tahate t\u00f6\u00f6 tehtud saada ilma takistusele p\u00f5rkamata. Meie seinaskanner GMS 120-27 Professional tuvastab objektid lihtsalt ja intuitiivselt. Tulemusi n\u00e4itavad signaalin\u00e4it ekraanil ja v\u00e4rvit\u00e4histusega m\u00e4rgistusava. H\u00f5lpsalt kasutataval lokaliseerimisseadmel on lihtne re\u017eiimivalik ja tuvastatud objektide asukohad saab l\u00e4bi m\u00e4rgistusava t\u00e4pselt \u00e4ra m\u00e4rkida. Vastupidav GMS 120-27 on loodud rasketes tingimustes kasutamiseks \u2012 sellel on tolmu ja veepritsmete vastane kaitse IP54 ning l\u00f6\u00f6gikindel kummist kest.<\/p>\n<p>Meie seinaskanner GMS 120-27 Professional aitab kipsplaadis tuvastada ja lokaliseerida metalle, pingestatud elektrijuthmeid ja puitkonstruktsioone. Objektide lokaliseerimine seintes enne puurimist tagab suurema t\u00f6\u00f6ohutuse, seda eriti renoveerimist\u00f6id tegevatele meistrimeestele, kes paigaldavad kappe, k\u00f6\u00f6gim\u00f6\u00f6blit, kraanikausse, katlaid, k\u00fcttes\u00fcsteeme, kliimaseadmeid ja sprinklers\u00fcsteeme.<\/p>\n<p>Skanner mitte ainult ei tee kindlaks tuvastatud objekti keset, vaid n\u00e4itab ka selle materjaliomadusi \u2012 kas objekt on magnetilisest v\u00f5i mittemagnetilisest metallist, mittemetallist v\u00f5i kas tegemist on pingestatud elektrijuhtmega.\n<\/p>\n\t\t<\/div>\n\t\t\t\t\t<\/div>\n\n\t\n\n\t<div id=\"col-721853936\" class=\"col medium-3 small-12 large-3\"  >\n\t\t\t\t<div class=\"col-inner\"  >\n\t\t\t\n\t\t\t\n<h3>Tooteleht<\/h3>\n<p><a href=\"https:\/\/espak.ee\/epood\/wp-content\/uploads\/2025\/01\/gms-120-27-sheet.pdf\"target=\"_blank\" rel=\"noopener noreferrer\"><i class=\"far fa-file-pdf\"><\/i> Tooteleht (PDF)<\/a><\/p>\n<h3>Kasutusjuhend<\/h3>\n<p><a href=\"https:\/\/espak.ee\/epood\/wp-content\/uploads\/2025\/01\/o474779v21_160992A9PR_202407.pdf\"target=\"_blank\" rel=\"noopener noreferrer\"><i class=\"far fa-file-pdf\"><\/i> Kasutusjuhend (PDF)<\/a><\/p>\n<div class=\"is-divider divider clearfix\" ><\/div>\n<p><strong>\u00dcksikasjalikuma n\u00f5u saamiseks v\u00f5tke \u00fchendust:<br \/><\/strong>Espak AS<br \/>Viadukti 42<br \/>11313<br \/>Tallinn<br \/> T\u00f6\u00f6riista osakond +372 6512 335<br \/><a href=\"mailto:tooriist@espak.ee\">tooriist@espak.ee<\/a><\/p>\n\t\t<\/div>\n\t\t\t\t\t<\/div>\n\n\t\n<\/div>\n","protected":false},"excerpt":{"rendered":"","protected":false},"featured_media":223579,"comment_status":"closed","ping_status":"closed","template":"","meta":[],"product_brand":[],"product_cat":[2771,2772,3182,2679],"product_tag":[],"class_list":{"0":"post-223375","1":"product","2":"type-product","3":"status-publish","4":"has-post-thumbnail","6":"product_cat-kasitooriistad","7":"product_cat-mooteriistad","8":"product_cat-testrid","9":"product_cat-tooriistad","10":"pa_kaubamark-bosch","12":"first","13":"instock","14":"sale","15":"taxable","16":"shipping-taxable","17":"purchasable","18":"product-type-simple"},"yoast_head":"<!-- This site is optimized with the Yoast SEO plugin v26.9 - https:\/\/yoast.com\/product\/yoast-seo-wordpress\/ -->\n<title>MULTIDETEKTOR BOSCH GMS 120-27 PROFESSIONAL - Espak E-pood<\/title>\n<meta name=\"robots\" content=\"index, follow, max-snippet:-1, max-image-preview:large, max-video-preview:-1\" \/>\n<link rel=\"canonical\" href=\"https:\/\/espak.ee\/epood\/toode\/multidetektor-bosch-gms-120-27-professional\/\" \/>\n<meta property=\"og:locale\" content=\"et_EE\" \/>\n<meta property=\"og:type\" content=\"article\" \/>\n<meta property=\"og:title\" content=\"MULTIDETEKTOR BOSCH GMS 120-27 PROFESSIONAL - Espak E-pood\" \/>\n<meta property=\"og:url\" content=\"https:\/\/espak.ee\/epood\/toode\/multidetektor-bosch-gms-120-27-professional\/\" \/>\n<meta property=\"og:site_name\" content=\"Espak E-pood\" \/>\n<meta property=\"article:modified_time\" content=\"2025-03-13T08:58:47+00:00\" \/>\n<meta property=\"og:image\" content=\"https:\/\/espak.ee\/epood\/wp-content\/uploads\/2025\/01\/o407628v54_GMS_120-27_ON_dyn.png.jpg\" \/>\n\t<meta property=\"og:image:width\" content=\"1000\" \/>\n\t<meta property=\"og:image:height\" content=\"1000\" \/>\n\t<meta property=\"og:image:type\" content=\"image\/jpeg\" \/>\n<meta name=\"twitter:card\" content=\"summary_large_image\" \/>\n<meta name=\"twitter:label1\" content=\"Est. reading time\" \/>\n\t<meta name=\"twitter:data1\" content=\"2 minutit\" \/>\n<script type=\"application\/ld+json\" class=\"yoast-schema-graph\">{\"@context\":\"https:\/\/schema.org\",\"@graph\":[{\"@type\":\"WebPage\",\"@id\":\"https:\/\/espak.ee\/epood\/toode\/multidetektor-bosch-gms-120-27-professional\/\",\"url\":\"https:\/\/espak.ee\/epood\/toode\/multidetektor-bosch-gms-120-27-professional\/\",\"name\":\"MULTIDETEKTOR BOSCH GMS 120-27 PROFESSIONAL - Espak E-pood\",\"isPartOf\":{\"@id\":\"https:\/\/espak.ee\/epood\/#website\"},\"primaryImageOfPage\":{\"@id\":\"https:\/\/espak.ee\/epood\/toode\/multidetektor-bosch-gms-120-27-professional\/#primaryimage\"},\"image\":{\"@id\":\"https:\/\/espak.ee\/epood\/toode\/multidetektor-bosch-gms-120-27-professional\/#primaryimage\"},\"thumbnailUrl\":\"https:\/\/espak.ee\/epood\/wp-content\/uploads\/2025\/01\/o407628v54_GMS_120-27_ON_dyn.png.jpg\",\"datePublished\":\"2025-01-10T03:10:01+00:00\",\"dateModified\":\"2025-03-13T08:58:47+00:00\",\"breadcrumb\":{\"@id\":\"https:\/\/espak.ee\/epood\/toode\/multidetektor-bosch-gms-120-27-professional\/#breadcrumb\"},\"inLanguage\":\"et\",\"potentialAction\":[{\"@type\":\"ReadAction\",\"target\":[\"https:\/\/espak.ee\/epood\/toode\/multidetektor-bosch-gms-120-27-professional\/\"]}]},{\"@type\":\"ImageObject\",\"inLanguage\":\"et\",\"@id\":\"https:\/\/espak.ee\/epood\/toode\/multidetektor-bosch-gms-120-27-professional\/#primaryimage\",\"url\":\"https:\/\/espak.ee\/epood\/wp-content\/uploads\/2025\/01\/o407628v54_GMS_120-27_ON_dyn.png.jpg\",\"contentUrl\":\"https:\/\/espak.ee\/epood\/wp-content\/uploads\/2025\/01\/o407628v54_GMS_120-27_ON_dyn.png.jpg\",\"width\":1000,\"height\":1000},{\"@type\":\"BreadcrumbList\",\"@id\":\"https:\/\/espak.ee\/epood\/toode\/multidetektor-bosch-gms-120-27-professional\/#breadcrumb\",\"itemListElement\":[{\"@type\":\"ListItem\",\"position\":1,\"name\":\"Home\",\"item\":\"https:\/\/espak.ee\/epood\/\"},{\"@type\":\"ListItem\",\"position\":2,\"name\":\"Tootevalik\",\"item\":\"https:\/\/espak.ee\/epood\/tootevalik\/\"},{\"@type\":\"ListItem\",\"position\":3,\"name\":\"MULTIDETEKTOR BOSCH GMS 120-27 PROFESSIONAL\"}]},{\"@type\":\"WebSite\",\"@id\":\"https:\/\/espak.ee\/epood\/#website\",\"url\":\"https:\/\/espak.ee\/epood\/\",\"name\":\"Espak E-pood\",\"description\":\"\",\"potentialAction\":[{\"@type\":\"SearchAction\",\"target\":{\"@type\":\"EntryPoint\",\"urlTemplate\":\"https:\/\/espak.ee\/epood\/?s={search_term_string}\"},\"query-input\":{\"@type\":\"PropertyValueSpecification\",\"valueRequired\":true,\"valueName\":\"search_term_string\"}}],\"inLanguage\":\"et\"}]}<\/script>\n<!-- \/ Yoast SEO plugin. -->","yoast_head_json":{"title":"MULTIDETEKTOR BOSCH GMS 120-27 PROFESSIONAL - Espak E-pood","robots":{"index":"index","follow":"follow","max-snippet":"max-snippet:-1","max-image-preview":"max-image-preview:large","max-video-preview":"max-video-preview:-1"},"canonical":"https:\/\/espak.ee\/epood\/toode\/multidetektor-bosch-gms-120-27-professional\/","og_locale":"et_EE","og_type":"article","og_title":"MULTIDETEKTOR BOSCH GMS 120-27 PROFESSIONAL - Espak E-pood","og_url":"https:\/\/espak.ee\/epood\/toode\/multidetektor-bosch-gms-120-27-professional\/","og_site_name":"Espak E-pood","article_modified_time":"2025-03-13T08:58:47+00:00","og_image":[{"width":1000,"height":1000,"url":"https:\/\/espak.ee\/epood\/wp-content\/uploads\/2025\/01\/o407628v54_GMS_120-27_ON_dyn.png.jpg","type":"image\/jpeg"}],"twitter_card":"summary_large_image","twitter_misc":{"Est. reading time":"2 minutit"},"schema":{"@context":"https:\/\/schema.org","@graph":[{"@type":"WebPage","@id":"https:\/\/espak.ee\/epood\/toode\/multidetektor-bosch-gms-120-27-professional\/","url":"https:\/\/espak.ee\/epood\/toode\/multidetektor-bosch-gms-120-27-professional\/","name":"MULTIDETEKTOR BOSCH GMS 120-27 PROFESSIONAL - Espak E-pood","isPartOf":{"@id":"https:\/\/espak.ee\/epood\/#website"},"primaryImageOfPage":{"@id":"https:\/\/espak.ee\/epood\/toode\/multidetektor-bosch-gms-120-27-professional\/#primaryimage"},"image":{"@id":"https:\/\/espak.ee\/epood\/toode\/multidetektor-bosch-gms-120-27-professional\/#primaryimage"},"thumbnailUrl":"https:\/\/espak.ee\/epood\/wp-content\/uploads\/2025\/01\/o407628v54_GMS_120-27_ON_dyn.png.jpg","datePublished":"2025-01-10T03:10:01+00:00","dateModified":"2025-03-13T08:58:47+00:00","breadcrumb":{"@id":"https:\/\/espak.ee\/epood\/toode\/multidetektor-bosch-gms-120-27-professional\/#breadcrumb"},"inLanguage":"et","potentialAction":[{"@type":"ReadAction","target":["https:\/\/espak.ee\/epood\/toode\/multidetektor-bosch-gms-120-27-professional\/"]}]},{"@type":"ImageObject","inLanguage":"et","@id":"https:\/\/espak.ee\/epood\/toode\/multidetektor-bosch-gms-120-27-professional\/#primaryimage","url":"https:\/\/espak.ee\/epood\/wp-content\/uploads\/2025\/01\/o407628v54_GMS_120-27_ON_dyn.png.jpg","contentUrl":"https:\/\/espak.ee\/epood\/wp-content\/uploads\/2025\/01\/o407628v54_GMS_120-27_ON_dyn.png.jpg","width":1000,"height":1000},{"@type":"BreadcrumbList","@id":"https:\/\/espak.ee\/epood\/toode\/multidetektor-bosch-gms-120-27-professional\/#breadcrumb","itemListElement":[{"@type":"ListItem","position":1,"name":"Home","item":"https:\/\/espak.ee\/epood\/"},{"@type":"ListItem","position":2,"name":"Tootevalik","item":"https:\/\/espak.ee\/epood\/tootevalik\/"},{"@type":"ListItem","position":3,"name":"MULTIDETEKTOR BOSCH GMS 120-27 PROFESSIONAL"}]},{"@type":"WebSite","@id":"https:\/\/espak.ee\/epood\/#website","url":"https:\/\/espak.ee\/epood\/","name":"Espak E-pood","description":"","potentialAction":[{"@type":"SearchAction","target":{"@type":"EntryPoint","urlTemplate":"https:\/\/espak.ee\/epood\/?s={search_term_string}"},"query-input":{"@type":"PropertyValueSpecification","valueRequired":true,"valueName":"search_term_string"}}],"inLanguage":"et"}]}},"_links":{"self":[{"href":"https:\/\/espak.ee\/epood\/wp-json\/wp\/v2\/product\/223375","targetHints":{"allow":["GET"]}}],"collection":[{"href":"https:\/\/espak.ee\/epood\/wp-json\/wp\/v2\/product"}],"about":[{"href":"https:\/\/espak.ee\/epood\/wp-json\/wp\/v2\/types\/product"}],"replies":[{"embeddable":true,"href":"https:\/\/espak.ee\/epood\/wp-json\/wp\/v2\/comments?post=223375"}],"wp:featuredmedia":[{"embeddable":true,"href":"https:\/\/espak.ee\/epood\/wp-json\/wp\/v2\/media\/223579"}],"wp:attachment":[{"href":"https:\/\/espak.ee\/epood\/wp-json\/wp\/v2\/media?parent=223375"}],"wp:term":[{"taxonomy":"product_brand","embeddable":true,"href":"https:\/\/espak.ee\/epood\/wp-json\/wp\/v2\/product_brand?post=223375"},{"taxonomy":"product_cat","embeddable":true,"href":"https:\/\/espak.ee\/epood\/wp-json\/wp\/v2\/product_cat?post=223375"},{"taxonomy":"product_tag","embeddable":true,"href":"https:\/\/espak.ee\/epood\/wp-json\/wp\/v2\/product_tag?post=223375"}],"curies":[{"name":"wp","href":"https:\/\/api.w.org\/{rel}","templated":true}]}}