{"id":223348,"date":"2025-01-10T05:10:01","date_gmt":"2025-01-10T03:10:01","guid":{"rendered":"https:\/\/espak.ee\/epood\/?post_type=product&#038;p=223348"},"modified":"2025-01-10T11:11:38","modified_gmt":"2025-01-10T09:11:38","slug":"wc-pott-uni-chrome-rimoff-seina-must-ravak-tellimisel","status":"publish","type":"product","link":"https:\/\/espak.ee\/epood\/toode\/wc-pott-uni-chrome-rimoff-seina-must-ravak-tellimisel\/","title":{"rendered":"WC-POTT UNI CHROME RIMOFF SEINA, MUST RAVAK &#8211; TELLIMISEL"},"content":{"rendered":"<div class=\"row\"  id=\"row-221561539\">\n\n\t<div id=\"col-1074589910\" class=\"col medium-9 small-12 large-9\"  >\n\t\t\t\t<div class=\"col-inner\"  >\n\t\t\t\n\t\t\t\n<h2>WC-pott Uni Chrome RimOff, must Ravak &#8211; TELLIMISEL<\/h2>\n<p>WC-pottidel Uni Chrome RimOff puudub t\u00e4ielikult loputusserv, kuhu v\u00f5ib koguneda mustus. Kuna WC-potil pole sees loputusserva, ei ole sellel mingeid juurdep\u00e4\u00e4smatuid kohti, see on t\u00e4iesti sile ja \u00fclevaatlik ning mustus ei saa kuhugi kinni j\u00e4\u00e4da. WC-poti spetsiaalne konstruktsioon v\u00f5imaldab selle t\u00e4pset loputamist veejoaga, ilma et seda oleks vaja t\u00e4iendavalt puhastada. Ideaalne lahendus neile, kelle jaoks on oluline veatu puhtus ja h\u00fcgieen ning lihtne hooldamine. Nende WC-pottide esteetika on niimoodi l\u00e4bi m\u00f5eldud, et see sobiks ulatusliku vannitoasarjaga Chrome, mis sisaldab vannitoa jaoks kogu sisseseadet. Kuna WC-pott Uni Chrome RimOff riputatakse seinale, lihtsustab see vannitoa v\u00f5i WC p\u00f5randa koristamist. Poti kinnituskohad on niimoodi varjatud, et need ei rikuks selle puhast ja terviklikku disaini. Ilma servade ja \u00e4\u00e4rteta, kuhu v\u00f5iks koguneda mustus.<\/p>\n<div class=\"is-divider divider clearfix\" ><\/div>\n&#8211; M\u00f5\u00f5tmetega 360 x 510 x 350 mm (l\/s\/k)<br \/>\n&#8211; V\u00e4rvitoon: must<br \/>\n&#8211; Klambers\u00fcsteem \u2013 prill-laua eemaldamise v\u00f5imalus<br \/>\n&#8211; Valmistamist\u00e4psus \u2013 glasuur ilma vajaduseta pinda t\u00e4iendavalt t\u00f6\u00f6delda<br \/>\n&#8211; Materjali terviklikkus \u2013 \u00fches t\u00fckis, kergesti hooldatav ja h\u00fcgieeniline materjal<br \/>\n&#8211; Kompaktne v\u00e4limus \u2013 ilma servade ja \u00e4\u00e4rteta, kuhu v\u00f5iks koguneda mustus<br \/>\n&#8211; WC-poti komplekti ei kuulu prill-laud, mis tuleb osta eraldi<br \/>\n&#8211; Garantii: 10 aastat<\/p>\n\t<div id=\"gap-1379985093\" class=\"gap-element clearfix\" style=\"display:block; height:auto;\">\n\t\t\n<style>\n#gap-1379985093 {\n  padding-top: 30px;\n}\n<\/style>\n\t<\/div>\n\t\nKvaliteetne keraamiline materjal v\u00e4rske ja l\u00e4bim\u00f5eldud disainiga igaks p\u00e4evaks.<br \/>\nSoovitame osta WC-poti juurde prill-laua Uni Chrome v\u00f5i Uni Chrome Slim, mis on varustatud aeglase langetamise s\u00fcsteemiga Soft close.<br \/>\nTualettruumi terviklikuks lahendamiseks saab juurde osta sarja Chrome tarvikuid.<\/p>\n<p>RAVAK soovitab:<br \/>\nPaigaldamisel tuleb reguleerida loputuskastist WC-potti juhitava vee maht ja kiirus montaa\u017eimooduli WC RinOFF abil.<br \/>\nReguleerimata j\u00e4tmine v\u00f5ib m\u00f5jutada vee \u00e4ravoolu d\u00fcnaamikat loputuskastist, mille tulemusena v\u00f5ib vesi loksuda \u00fcle WC-poti \u00e4\u00e4re.<br \/>\nRimOff tehnoloogiaga WC-potte soovitatakse kasutada koos RAVAK v\u00f5i teiste moodulitega, mille WC-potti juhitava vee mahtu on v\u00f5imalik reguleerida kuni 4,5 liitrini.\n<\/p>\n\t<div id=\"gap-297758430\" class=\"gap-element clearfix\" style=\"display:block; height:auto;\">\n\t\t\n<style>\n#gap-297758430 {\n  padding-top: 30px;\n}\n<\/style>\n\t<\/div>\n\t\n\t\t<\/div>\n\t\t\t\t\t<\/div>\n\n\t\n\n\t<div id=\"col-602072266\" class=\"col medium-3 small-12 large-3\"  >\n\t\t\t\t<div class=\"col-inner\"  >\n\t\t\t\n\t\t\t\n<h3>Tootekataloog<\/h3>\n<p><a href=\"https:\/\/espak.ee\/epood\/wp-content\/uploads\/2022\/06\/ravak_collection_2022_ee.pdf\" target=\"_blank\" rel=\"noopener noreferrer\"><i class=\"far fa-file-pdf\"><\/i> Tootekataloog (PDF)<\/a><\/p>\n<div class=\"is-divider divider clearfix\" ><\/div>\n<p><strong>\u00dcksikasjalikuma n\u00f5u saamiseks v\u00f5tke \u00fchendust:<br \/><\/strong> Ravak Baltic UAB<br \/><a href=\"mailto:info@ravak.ee\">info@ravak.ee<\/a><\/p>\n<div class=\"is-divider divider clearfix\" ><\/div>\n\t\t<\/div>\n\t\t\t\t\t<\/div>\n\n\t\n<\/div>\n","protected":false},"excerpt":{"rendered":"","protected":false},"featured_media":223470,"comment_status":"closed","ping_status":"closed","template":"","meta":[],"product_brand":[],"product_cat":[2819,2820,2839,3195],"product_tag":[],"class_list":{"0":"post-223348","1":"product","2":"type-product","3":"status-publish","4":"has-post-thumbnail","6":"product_cat-sanitaartehnika","7":"product_cat-sanitaartehnika-sanitaartehnika","8":"product_cat-wc-potid","9":"product_cat-wc-potid-seinale-paigaldatavad","10":"pa_kaubamark-ravak-baltic-uab","12":"first","13":"onbackorder","14":"sale","15":"taxable","16":"shipping-taxable","17":"purchasable","18":"product-type-simple"},"yoast_head":"<!-- This site is optimized with the Yoast SEO plugin v26.9 - https:\/\/yoast.com\/product\/yoast-seo-wordpress\/ -->\n<title>WC-POTT UNI CHROME RIMOFF SEINA, MUST RAVAK - TELLIMISEL - Espak E-pood<\/title>\n<meta name=\"robots\" content=\"index, follow, max-snippet:-1, max-image-preview:large, max-video-preview:-1\" \/>\n<link rel=\"canonical\" href=\"https:\/\/espak.ee\/epood\/toode\/wc-pott-uni-chrome-rimoff-seina-must-ravak-tellimisel\/\" \/>\n<meta property=\"og:locale\" content=\"et_EE\" \/>\n<meta property=\"og:type\" content=\"article\" \/>\n<meta property=\"og:title\" content=\"WC-POTT UNI CHROME RIMOFF SEINA, MUST RAVAK - TELLIMISEL - Espak E-pood\" \/>\n<meta property=\"og:url\" content=\"https:\/\/espak.ee\/epood\/toode\/wc-pott-uni-chrome-rimoff-seina-must-ravak-tellimisel\/\" \/>\n<meta property=\"og:site_name\" content=\"Espak E-pood\" \/>\n<meta property=\"article:modified_time\" content=\"2025-01-10T09:11:38+00:00\" \/>\n<meta property=\"og:image\" content=\"https:\/\/espak.ee\/epood\/wp-content\/uploads\/2025\/01\/wc-uni-chrome-rimoff-black-packshot01.jpg\" \/>\n\t<meta property=\"og:image:width\" content=\"1000\" \/>\n\t<meta property=\"og:image:height\" content=\"1000\" \/>\n\t<meta property=\"og:image:type\" content=\"image\/jpeg\" \/>\n<meta name=\"twitter:card\" content=\"summary_large_image\" \/>\n<meta name=\"twitter:label1\" content=\"Est. reading time\" \/>\n\t<meta name=\"twitter:data1\" content=\"2 minutit\" \/>\n<script type=\"application\/ld+json\" class=\"yoast-schema-graph\">{\"@context\":\"https:\/\/schema.org\",\"@graph\":[{\"@type\":\"WebPage\",\"@id\":\"https:\/\/espak.ee\/epood\/toode\/wc-pott-uni-chrome-rimoff-seina-must-ravak-tellimisel\/\",\"url\":\"https:\/\/espak.ee\/epood\/toode\/wc-pott-uni-chrome-rimoff-seina-must-ravak-tellimisel\/\",\"name\":\"WC-POTT UNI CHROME RIMOFF SEINA, MUST RAVAK - TELLIMISEL - Espak E-pood\",\"isPartOf\":{\"@id\":\"https:\/\/espak.ee\/epood\/#website\"},\"primaryImageOfPage\":{\"@id\":\"https:\/\/espak.ee\/epood\/toode\/wc-pott-uni-chrome-rimoff-seina-must-ravak-tellimisel\/#primaryimage\"},\"image\":{\"@id\":\"https:\/\/espak.ee\/epood\/toode\/wc-pott-uni-chrome-rimoff-seina-must-ravak-tellimisel\/#primaryimage\"},\"thumbnailUrl\":\"https:\/\/espak.ee\/epood\/wp-content\/uploads\/2025\/01\/wc-uni-chrome-rimoff-black-packshot01.jpg\",\"datePublished\":\"2025-01-10T03:10:01+00:00\",\"dateModified\":\"2025-01-10T09:11:38+00:00\",\"breadcrumb\":{\"@id\":\"https:\/\/espak.ee\/epood\/toode\/wc-pott-uni-chrome-rimoff-seina-must-ravak-tellimisel\/#breadcrumb\"},\"inLanguage\":\"et\",\"potentialAction\":[{\"@type\":\"ReadAction\",\"target\":[\"https:\/\/espak.ee\/epood\/toode\/wc-pott-uni-chrome-rimoff-seina-must-ravak-tellimisel\/\"]}]},{\"@type\":\"ImageObject\",\"inLanguage\":\"et\",\"@id\":\"https:\/\/espak.ee\/epood\/toode\/wc-pott-uni-chrome-rimoff-seina-must-ravak-tellimisel\/#primaryimage\",\"url\":\"https:\/\/espak.ee\/epood\/wp-content\/uploads\/2025\/01\/wc-uni-chrome-rimoff-black-packshot01.jpg\",\"contentUrl\":\"https:\/\/espak.ee\/epood\/wp-content\/uploads\/2025\/01\/wc-uni-chrome-rimoff-black-packshot01.jpg\",\"width\":1000,\"height\":1000},{\"@type\":\"BreadcrumbList\",\"@id\":\"https:\/\/espak.ee\/epood\/toode\/wc-pott-uni-chrome-rimoff-seina-must-ravak-tellimisel\/#breadcrumb\",\"itemListElement\":[{\"@type\":\"ListItem\",\"position\":1,\"name\":\"Home\",\"item\":\"https:\/\/espak.ee\/epood\/\"},{\"@type\":\"ListItem\",\"position\":2,\"name\":\"Tootevalik\",\"item\":\"https:\/\/espak.ee\/epood\/tootevalik\/\"},{\"@type\":\"ListItem\",\"position\":3,\"name\":\"WC-POTT UNI CHROME RIMOFF SEINA, MUST RAVAK &#8211; TELLIMISEL\"}]},{\"@type\":\"WebSite\",\"@id\":\"https:\/\/espak.ee\/epood\/#website\",\"url\":\"https:\/\/espak.ee\/epood\/\",\"name\":\"Espak E-pood\",\"description\":\"\",\"potentialAction\":[{\"@type\":\"SearchAction\",\"target\":{\"@type\":\"EntryPoint\",\"urlTemplate\":\"https:\/\/espak.ee\/epood\/?s={search_term_string}\"},\"query-input\":{\"@type\":\"PropertyValueSpecification\",\"valueRequired\":true,\"valueName\":\"search_term_string\"}}],\"inLanguage\":\"et\"}]}<\/script>\n<!-- \/ Yoast SEO plugin. -->","yoast_head_json":{"title":"WC-POTT UNI CHROME RIMOFF SEINA, MUST RAVAK - TELLIMISEL - Espak E-pood","robots":{"index":"index","follow":"follow","max-snippet":"max-snippet:-1","max-image-preview":"max-image-preview:large","max-video-preview":"max-video-preview:-1"},"canonical":"https:\/\/espak.ee\/epood\/toode\/wc-pott-uni-chrome-rimoff-seina-must-ravak-tellimisel\/","og_locale":"et_EE","og_type":"article","og_title":"WC-POTT UNI CHROME RIMOFF SEINA, MUST RAVAK - TELLIMISEL - Espak E-pood","og_url":"https:\/\/espak.ee\/epood\/toode\/wc-pott-uni-chrome-rimoff-seina-must-ravak-tellimisel\/","og_site_name":"Espak E-pood","article_modified_time":"2025-01-10T09:11:38+00:00","og_image":[{"width":1000,"height":1000,"url":"https:\/\/espak.ee\/epood\/wp-content\/uploads\/2025\/01\/wc-uni-chrome-rimoff-black-packshot01.jpg","type":"image\/jpeg"}],"twitter_card":"summary_large_image","twitter_misc":{"Est. reading time":"2 minutit"},"schema":{"@context":"https:\/\/schema.org","@graph":[{"@type":"WebPage","@id":"https:\/\/espak.ee\/epood\/toode\/wc-pott-uni-chrome-rimoff-seina-must-ravak-tellimisel\/","url":"https:\/\/espak.ee\/epood\/toode\/wc-pott-uni-chrome-rimoff-seina-must-ravak-tellimisel\/","name":"WC-POTT UNI CHROME RIMOFF SEINA, MUST RAVAK - TELLIMISEL - Espak E-pood","isPartOf":{"@id":"https:\/\/espak.ee\/epood\/#website"},"primaryImageOfPage":{"@id":"https:\/\/espak.ee\/epood\/toode\/wc-pott-uni-chrome-rimoff-seina-must-ravak-tellimisel\/#primaryimage"},"image":{"@id":"https:\/\/espak.ee\/epood\/toode\/wc-pott-uni-chrome-rimoff-seina-must-ravak-tellimisel\/#primaryimage"},"thumbnailUrl":"https:\/\/espak.ee\/epood\/wp-content\/uploads\/2025\/01\/wc-uni-chrome-rimoff-black-packshot01.jpg","datePublished":"2025-01-10T03:10:01+00:00","dateModified":"2025-01-10T09:11:38+00:00","breadcrumb":{"@id":"https:\/\/espak.ee\/epood\/toode\/wc-pott-uni-chrome-rimoff-seina-must-ravak-tellimisel\/#breadcrumb"},"inLanguage":"et","potentialAction":[{"@type":"ReadAction","target":["https:\/\/espak.ee\/epood\/toode\/wc-pott-uni-chrome-rimoff-seina-must-ravak-tellimisel\/"]}]},{"@type":"ImageObject","inLanguage":"et","@id":"https:\/\/espak.ee\/epood\/toode\/wc-pott-uni-chrome-rimoff-seina-must-ravak-tellimisel\/#primaryimage","url":"https:\/\/espak.ee\/epood\/wp-content\/uploads\/2025\/01\/wc-uni-chrome-rimoff-black-packshot01.jpg","contentUrl":"https:\/\/espak.ee\/epood\/wp-content\/uploads\/2025\/01\/wc-uni-chrome-rimoff-black-packshot01.jpg","width":1000,"height":1000},{"@type":"BreadcrumbList","@id":"https:\/\/espak.ee\/epood\/toode\/wc-pott-uni-chrome-rimoff-seina-must-ravak-tellimisel\/#breadcrumb","itemListElement":[{"@type":"ListItem","position":1,"name":"Home","item":"https:\/\/espak.ee\/epood\/"},{"@type":"ListItem","position":2,"name":"Tootevalik","item":"https:\/\/espak.ee\/epood\/tootevalik\/"},{"@type":"ListItem","position":3,"name":"WC-POTT UNI CHROME RIMOFF SEINA, MUST RAVAK &#8211; TELLIMISEL"}]},{"@type":"WebSite","@id":"https:\/\/espak.ee\/epood\/#website","url":"https:\/\/espak.ee\/epood\/","name":"Espak E-pood","description":"","potentialAction":[{"@type":"SearchAction","target":{"@type":"EntryPoint","urlTemplate":"https:\/\/espak.ee\/epood\/?s={search_term_string}"},"query-input":{"@type":"PropertyValueSpecification","valueRequired":true,"valueName":"search_term_string"}}],"inLanguage":"et"}]}},"_links":{"self":[{"href":"https:\/\/espak.ee\/epood\/wp-json\/wp\/v2\/product\/223348","targetHints":{"allow":["GET"]}}],"collection":[{"href":"https:\/\/espak.ee\/epood\/wp-json\/wp\/v2\/product"}],"about":[{"href":"https:\/\/espak.ee\/epood\/wp-json\/wp\/v2\/types\/product"}],"replies":[{"embeddable":true,"href":"https:\/\/espak.ee\/epood\/wp-json\/wp\/v2\/comments?post=223348"}],"wp:featuredmedia":[{"embeddable":true,"href":"https:\/\/espak.ee\/epood\/wp-json\/wp\/v2\/media\/223470"}],"wp:attachment":[{"href":"https:\/\/espak.ee\/epood\/wp-json\/wp\/v2\/media?parent=223348"}],"wp:term":[{"taxonomy":"product_brand","embeddable":true,"href":"https:\/\/espak.ee\/epood\/wp-json\/wp\/v2\/product_brand?post=223348"},{"taxonomy":"product_cat","embeddable":true,"href":"https:\/\/espak.ee\/epood\/wp-json\/wp\/v2\/product_cat?post=223348"},{"taxonomy":"product_tag","embeddable":true,"href":"https:\/\/espak.ee\/epood\/wp-json\/wp\/v2\/product_tag?post=223348"}],"curies":[{"name":"wp","href":"https:\/\/api.w.org\/{rel}","templated":true}]}}