{"id":222618,"date":"2025-01-04T05:05:01","date_gmt":"2025-01-04T03:05:01","guid":{"rendered":"https:\/\/espak.ee\/epood\/?post_type=product&#038;p=222618"},"modified":"2025-01-06T09:03:31","modified_gmt":"2025-01-06T07:03:31","slug":"lumefrees-alpina-as-56-p","status":"publish","type":"product","link":"https:\/\/espak.ee\/epood\/toode\/lumefrees-alpina-as-56-p\/","title":{"rendered":"LUMEFREES ALPINA AS 56 P"},"content":{"rendered":"<div class=\"row\"  id=\"row-83779542\">\n\n\t<div id=\"col-1786692940\" class=\"col medium-9 small-12 large-9\"  >\n\t\t\t\t<div class=\"col-inner\"  >\n\t\t\t\n\t\t\t\n<h2>Lumefrees Alpina AS 56 P<\/h2>\n<p>Kaheastmeline bensiinimootoriga lumepuhur sobib kodukasutajale k\u00f5nniteede, sise\u00f5uede, sisses\u00f5iduteede, parklate jms puhastamiseks. <\/p>\n<p>Muidu aegan\u00f5udev ja raske t\u00f6\u00f6 on v\u00f5imalik lumepuhuriga \u00e4ra teha m\u00e4rksa kiiremini ja v\u00e4iksema energiakuluga. Kaheastmelise s\u00fcsteemiga Alpina lumepuhur AS 56 P t\u00f6\u00f6tab t\u00f5husalt ka raskemates oludes, n\u00e4iteks kokkupressitud v\u00f5i kergelt k\u00fclmunud lume puhul.   56 cm t\u00f6\u00f6laiusega terashammastega rootor t\u00f5mbab lume korpusesse, kus see tiiviku abil v\u00e4lja puhutakse kuni 10 m kaugusele. Lume v\u00e4ljaviske suunda saab juhtpaneelil oleva v\u00e4nda abil reguleerida.  Optimaalse ja kindla liikuvuse viiel erineval edasiliikumise kiirusel tagavad 13\u2033 Snow Hog rehvid ja \u00fcmberp\u00f6\u00f6ratavad jalased. K\u00e4ivitamiseks on k\u00e4sistarter.  K\u00f5ik l\u00fclitid ja kangid on paigutatud juhtpaneelile, mis asub juhile h\u00e4sti k\u00e4ttesaadavas kohas.<\/p>\n\t\t<\/div>\n\t\t\t\t\t<\/div>\n\n\t\n\n\t<div id=\"col-2125972456\" class=\"col medium-3 small-12 large-3\"  >\n\t\t\t\t<div class=\"col-inner\"  >\n\t\t\t\n\t\t\t\n\t<div id=\"gap-1213799981\" class=\"gap-element clearfix\" style=\"display:block; height:auto;\">\n\t\t\n<style>\n#gap-1213799981 {\n  padding-top: 30px;\n}\n<\/style>\n\t<\/div>\n\t\n<div class=\"is-divider divider clearfix\" ><\/div>\n<p><strong>\u00dcksikasjalikuma n\u00f5u saamiseks v\u00f5tke \u00fchendust:<br \/><\/strong>LOODUS INVEST AS<br \/>Viljandi mnt. 18a<br \/>11216<br \/>Tallinn<br \/>+372 6722144<\/p>\n<div class=\"is-divider divider clearfix\" ><\/div>\n\t\t<\/div>\n\t\t\t\t\t<\/div>\n\n\t\n<\/div>\n","protected":false},"excerpt":{"rendered":"","protected":false},"featured_media":222702,"comment_status":"closed","ping_status":"closed","template":"","meta":[],"product_brand":[],"product_cat":[2789,2788,2790,3564],"product_tag":[],"class_list":{"0":"post-222618","1":"product","2":"type-product","3":"status-publish","4":"has-post-thumbnail","6":"product_cat-aiatarbed","7":"product_cat-aiatarbed-ja-kodukaubad","8":"product_cat-aiatehnika","9":"product_cat-lumefreesid","10":"pa_kaubamark-loodus-invest-as","12":"first","13":"instock","14":"sale","15":"taxable","16":"shipping-taxable","17":"purchasable","18":"product-type-simple"},"yoast_head":"<!-- This site is optimized with the Yoast SEO plugin v26.9 - https:\/\/yoast.com\/product\/yoast-seo-wordpress\/ -->\n<title>LUMEFREES ALPINA AS 56 P - Espak E-pood<\/title>\n<meta name=\"robots\" content=\"index, follow, max-snippet:-1, max-image-preview:large, max-video-preview:-1\" \/>\n<link rel=\"canonical\" href=\"https:\/\/espak.ee\/epood\/toode\/lumefrees-alpina-as-56-p\/\" \/>\n<meta property=\"og:locale\" content=\"et_EE\" \/>\n<meta property=\"og:type\" content=\"article\" \/>\n<meta property=\"og:title\" content=\"LUMEFREES ALPINA AS 56 P - Espak E-pood\" \/>\n<meta property=\"og:url\" content=\"https:\/\/espak.ee\/epood\/toode\/lumefrees-alpina-as-56-p\/\" \/>\n<meta property=\"og:site_name\" content=\"Espak E-pood\" \/>\n<meta property=\"article:modified_time\" content=\"2025-01-06T07:03:31+00:00\" \/>\n<meta property=\"og:image\" content=\"https:\/\/espak.ee\/epood\/wp-content\/uploads\/2025\/01\/AS56P_2S2562410A20_full01.jpg\" \/>\n\t<meta property=\"og:image:width\" content=\"1000\" \/>\n\t<meta property=\"og:image:height\" content=\"1000\" \/>\n\t<meta property=\"og:image:type\" content=\"image\/jpeg\" \/>\n<meta name=\"twitter:card\" content=\"summary_large_image\" \/>\n<meta name=\"twitter:label1\" content=\"Est. reading time\" \/>\n\t<meta name=\"twitter:data1\" content=\"1 minut\" \/>\n<script type=\"application\/ld+json\" class=\"yoast-schema-graph\">{\"@context\":\"https:\/\/schema.org\",\"@graph\":[{\"@type\":\"WebPage\",\"@id\":\"https:\/\/espak.ee\/epood\/toode\/lumefrees-alpina-as-56-p\/\",\"url\":\"https:\/\/espak.ee\/epood\/toode\/lumefrees-alpina-as-56-p\/\",\"name\":\"LUMEFREES ALPINA AS 56 P - Espak E-pood\",\"isPartOf\":{\"@id\":\"https:\/\/espak.ee\/epood\/#website\"},\"primaryImageOfPage\":{\"@id\":\"https:\/\/espak.ee\/epood\/toode\/lumefrees-alpina-as-56-p\/#primaryimage\"},\"image\":{\"@id\":\"https:\/\/espak.ee\/epood\/toode\/lumefrees-alpina-as-56-p\/#primaryimage\"},\"thumbnailUrl\":\"https:\/\/espak.ee\/epood\/wp-content\/uploads\/2025\/01\/AS56P_2S2562410A20_full01.jpg\",\"datePublished\":\"2025-01-04T03:05:01+00:00\",\"dateModified\":\"2025-01-06T07:03:31+00:00\",\"breadcrumb\":{\"@id\":\"https:\/\/espak.ee\/epood\/toode\/lumefrees-alpina-as-56-p\/#breadcrumb\"},\"inLanguage\":\"et\",\"potentialAction\":[{\"@type\":\"ReadAction\",\"target\":[\"https:\/\/espak.ee\/epood\/toode\/lumefrees-alpina-as-56-p\/\"]}]},{\"@type\":\"ImageObject\",\"inLanguage\":\"et\",\"@id\":\"https:\/\/espak.ee\/epood\/toode\/lumefrees-alpina-as-56-p\/#primaryimage\",\"url\":\"https:\/\/espak.ee\/epood\/wp-content\/uploads\/2025\/01\/AS56P_2S2562410A20_full01.jpg\",\"contentUrl\":\"https:\/\/espak.ee\/epood\/wp-content\/uploads\/2025\/01\/AS56P_2S2562410A20_full01.jpg\",\"width\":1000,\"height\":1000},{\"@type\":\"BreadcrumbList\",\"@id\":\"https:\/\/espak.ee\/epood\/toode\/lumefrees-alpina-as-56-p\/#breadcrumb\",\"itemListElement\":[{\"@type\":\"ListItem\",\"position\":1,\"name\":\"Home\",\"item\":\"https:\/\/espak.ee\/epood\/\"},{\"@type\":\"ListItem\",\"position\":2,\"name\":\"Tootevalik\",\"item\":\"https:\/\/espak.ee\/epood\/tootevalik\/\"},{\"@type\":\"ListItem\",\"position\":3,\"name\":\"LUMEFREES ALPINA AS 56 P\"}]},{\"@type\":\"WebSite\",\"@id\":\"https:\/\/espak.ee\/epood\/#website\",\"url\":\"https:\/\/espak.ee\/epood\/\",\"name\":\"Espak E-pood\",\"description\":\"\",\"potentialAction\":[{\"@type\":\"SearchAction\",\"target\":{\"@type\":\"EntryPoint\",\"urlTemplate\":\"https:\/\/espak.ee\/epood\/?s={search_term_string}\"},\"query-input\":{\"@type\":\"PropertyValueSpecification\",\"valueRequired\":true,\"valueName\":\"search_term_string\"}}],\"inLanguage\":\"et\"}]}<\/script>\n<!-- \/ Yoast SEO plugin. -->","yoast_head_json":{"title":"LUMEFREES ALPINA AS 56 P - Espak E-pood","robots":{"index":"index","follow":"follow","max-snippet":"max-snippet:-1","max-image-preview":"max-image-preview:large","max-video-preview":"max-video-preview:-1"},"canonical":"https:\/\/espak.ee\/epood\/toode\/lumefrees-alpina-as-56-p\/","og_locale":"et_EE","og_type":"article","og_title":"LUMEFREES ALPINA AS 56 P - Espak E-pood","og_url":"https:\/\/espak.ee\/epood\/toode\/lumefrees-alpina-as-56-p\/","og_site_name":"Espak E-pood","article_modified_time":"2025-01-06T07:03:31+00:00","og_image":[{"width":1000,"height":1000,"url":"https:\/\/espak.ee\/epood\/wp-content\/uploads\/2025\/01\/AS56P_2S2562410A20_full01.jpg","type":"image\/jpeg"}],"twitter_card":"summary_large_image","twitter_misc":{"Est. reading time":"1 minut"},"schema":{"@context":"https:\/\/schema.org","@graph":[{"@type":"WebPage","@id":"https:\/\/espak.ee\/epood\/toode\/lumefrees-alpina-as-56-p\/","url":"https:\/\/espak.ee\/epood\/toode\/lumefrees-alpina-as-56-p\/","name":"LUMEFREES ALPINA AS 56 P - Espak E-pood","isPartOf":{"@id":"https:\/\/espak.ee\/epood\/#website"},"primaryImageOfPage":{"@id":"https:\/\/espak.ee\/epood\/toode\/lumefrees-alpina-as-56-p\/#primaryimage"},"image":{"@id":"https:\/\/espak.ee\/epood\/toode\/lumefrees-alpina-as-56-p\/#primaryimage"},"thumbnailUrl":"https:\/\/espak.ee\/epood\/wp-content\/uploads\/2025\/01\/AS56P_2S2562410A20_full01.jpg","datePublished":"2025-01-04T03:05:01+00:00","dateModified":"2025-01-06T07:03:31+00:00","breadcrumb":{"@id":"https:\/\/espak.ee\/epood\/toode\/lumefrees-alpina-as-56-p\/#breadcrumb"},"inLanguage":"et","potentialAction":[{"@type":"ReadAction","target":["https:\/\/espak.ee\/epood\/toode\/lumefrees-alpina-as-56-p\/"]}]},{"@type":"ImageObject","inLanguage":"et","@id":"https:\/\/espak.ee\/epood\/toode\/lumefrees-alpina-as-56-p\/#primaryimage","url":"https:\/\/espak.ee\/epood\/wp-content\/uploads\/2025\/01\/AS56P_2S2562410A20_full01.jpg","contentUrl":"https:\/\/espak.ee\/epood\/wp-content\/uploads\/2025\/01\/AS56P_2S2562410A20_full01.jpg","width":1000,"height":1000},{"@type":"BreadcrumbList","@id":"https:\/\/espak.ee\/epood\/toode\/lumefrees-alpina-as-56-p\/#breadcrumb","itemListElement":[{"@type":"ListItem","position":1,"name":"Home","item":"https:\/\/espak.ee\/epood\/"},{"@type":"ListItem","position":2,"name":"Tootevalik","item":"https:\/\/espak.ee\/epood\/tootevalik\/"},{"@type":"ListItem","position":3,"name":"LUMEFREES ALPINA AS 56 P"}]},{"@type":"WebSite","@id":"https:\/\/espak.ee\/epood\/#website","url":"https:\/\/espak.ee\/epood\/","name":"Espak E-pood","description":"","potentialAction":[{"@type":"SearchAction","target":{"@type":"EntryPoint","urlTemplate":"https:\/\/espak.ee\/epood\/?s={search_term_string}"},"query-input":{"@type":"PropertyValueSpecification","valueRequired":true,"valueName":"search_term_string"}}],"inLanguage":"et"}]}},"_links":{"self":[{"href":"https:\/\/espak.ee\/epood\/wp-json\/wp\/v2\/product\/222618","targetHints":{"allow":["GET"]}}],"collection":[{"href":"https:\/\/espak.ee\/epood\/wp-json\/wp\/v2\/product"}],"about":[{"href":"https:\/\/espak.ee\/epood\/wp-json\/wp\/v2\/types\/product"}],"replies":[{"embeddable":true,"href":"https:\/\/espak.ee\/epood\/wp-json\/wp\/v2\/comments?post=222618"}],"wp:featuredmedia":[{"embeddable":true,"href":"https:\/\/espak.ee\/epood\/wp-json\/wp\/v2\/media\/222702"}],"wp:attachment":[{"href":"https:\/\/espak.ee\/epood\/wp-json\/wp\/v2\/media?parent=222618"}],"wp:term":[{"taxonomy":"product_brand","embeddable":true,"href":"https:\/\/espak.ee\/epood\/wp-json\/wp\/v2\/product_brand?post=222618"},{"taxonomy":"product_cat","embeddable":true,"href":"https:\/\/espak.ee\/epood\/wp-json\/wp\/v2\/product_cat?post=222618"},{"taxonomy":"product_tag","embeddable":true,"href":"https:\/\/espak.ee\/epood\/wp-json\/wp\/v2\/product_tag?post=222618"}],"curies":[{"name":"wp","href":"https:\/\/api.w.org\/{rel}","templated":true}]}}