{"id":222597,"date":"2025-01-03T05:05:01","date_gmt":"2025-01-03T03:05:01","guid":{"rendered":"https:\/\/espak.ee\/epood\/?post_type=product&#038;p=222597"},"modified":"2025-11-20T10:31:56","modified_gmt":"2025-11-20T08:31:56","slug":"allvalgusti-emos-nexxo-led-18w-3000-3500-4000k-ip40-20-must","status":"publish","type":"product","link":"https:\/\/espak.ee\/epood\/toode\/allvalgusti-emos-nexxo-led-18w-3000-3500-4000k-ip40-20-must\/","title":{"rendered":"ALLVALGUSTI EMOS NEXXO LED 18W 3000\/3500\/4000K IP40\/20 MUST"},"content":{"rendered":"<div class=\"row\"  id=\"row-26172299\">\n\n\t<div id=\"col-1419515922\" class=\"col medium-9 small-12 large-9\"  >\n\t\t\t\t<div class=\"col-inner\"  >\n\t\t\t\n\t\t\t\n<h3>LED-valgusti NEXXO must 22,5 cm 18 W Emos <\/h3>\n<p>Paigaldamine: lagi<br \/>\nValgusti t\u00fc\u00fcp: klassikaline valgusti<br \/>\nPaigaldusviis: sisseehitatud<br \/>\nKuju: ring<br \/>\nValguse toon: soe valge &#8211; neutraalne valge<br \/>\nV\u00f5imsus: 18 W<br \/>\nIP-reiting: IP40\/IP20<br \/>\nM\u00f5\u00f5tmed: L\u00e4bim\u00f5\u00f5t 225 \u00d7 21 mm<br \/>\nKorpuse v\u00e4rv: must<br \/>\nValgusvoog: 1600 lm<br \/>\nV\u00e4rvustemperatuur: 3 000\/3 500\/4 000 K<br \/>\nPinge: 220\u2013240 V<br \/>\nValgusvoo nurk: 110\u00b0<br \/>\nKinnitusava: 205 mm<br \/>\nValgusallikas: LED<br \/>\nKorpuse materjal: alumiinium<br \/>\nEluaeg: 30 000 tundi<br \/>\nV\u00e4rviesitusindeks (CRI): Ra > 82<br \/>\nHajuti materjal: plast (PS)<br \/>\nValgusviljakus: 83 lm\/W<br \/>\nHajuti t\u00fc\u00fcp: piimjas<\/p>\n\t\t<\/div>\n\t\t\t\t\t<\/div>\n\n\t\n\n\t<div id=\"col-1401971401\" class=\"col medium-3 small-12 large-3\"  >\n\t\t\t\t<div class=\"col-inner\"  >\n\t\t\t\n\t\t\t\n<h3>Kasutusjuhend<\/h3>\n<p><a href=\"https:\/\/espak.ee\/epood\/wp-content\/uploads\/2024\/10\/1540141270_31-ZD1333_00_01_WEB.pdf\"target=\"_blank\" rel=\"noopener noreferrer\"><i class=\"far fa-file-pdf\"><\/i> Kasutusjuhend (PDF)<\/a><\/p>\n\t<div id=\"gap-671462010\" class=\"gap-element clearfix\" style=\"display:block; height:auto;\">\n\t\t\n<style>\n#gap-671462010 {\n  padding-top: 30px;\n}\n<\/style>\n\t<\/div>\n\t\n<p><strong>\u00dcksikasjalikuma n\u00f5u saamiseks v\u00f5tke \u00fchendust:<br \/><\/strong>Espak AS<br \/>Viadukti 42<br \/>11313<br \/>Tallinn<br \/>+372 6 512333<\/p>\n\t\t<\/div>\n\t\t\t\t\t<\/div>\n\n\t\n<\/div>\n","protected":false},"excerpt":{"rendered":"","protected":false},"featured_media":222812,"comment_status":"closed","ping_status":"closed","template":"","meta":[],"product_brand":[],"product_cat":[2934,3211,2959,2960],"product_tag":[],"class_list":{"0":"post-222597","1":"product","2":"type-product","3":"status-publish","4":"has-post-thumbnail","6":"product_cat-elektrikaubad-ja-valgustid","7":"product_cat-ripplaevalgustid","8":"product_cat-valgustid","9":"product_cat-valgustid-valgustid","10":"pa_kaubamark-emos-spol-s-r-o","12":"first","13":"instock","14":"sale","15":"taxable","16":"shipping-taxable","17":"purchasable","18":"product-type-simple"},"yoast_head":"<!-- This site is optimized with the Yoast SEO plugin v26.9 - https:\/\/yoast.com\/product\/yoast-seo-wordpress\/ -->\n<title>ALLVALGUSTI EMOS NEXXO LED 18W 3000\/3500\/4000K IP40\/20 MUST - Espak E-pood<\/title>\n<meta name=\"robots\" content=\"index, follow, max-snippet:-1, max-image-preview:large, max-video-preview:-1\" \/>\n<link rel=\"canonical\" href=\"https:\/\/espak.ee\/epood\/toode\/allvalgusti-emos-nexxo-led-18w-3000-3500-4000k-ip40-20-must\/\" \/>\n<meta property=\"og:locale\" content=\"et_EE\" \/>\n<meta property=\"og:type\" content=\"article\" \/>\n<meta property=\"og:title\" content=\"ALLVALGUSTI EMOS NEXXO LED 18W 3000\/3500\/4000K IP40\/20 MUST - Espak E-pood\" \/>\n<meta property=\"og:url\" content=\"https:\/\/espak.ee\/epood\/toode\/allvalgusti-emos-nexxo-led-18w-3000-3500-4000k-ip40-20-must\/\" \/>\n<meta property=\"og:site_name\" content=\"Espak E-pood\" \/>\n<meta property=\"article:modified_time\" content=\"2025-11-20T08:31:56+00:00\" \/>\n<meta property=\"og:image\" content=\"https:\/\/espak.ee\/epood\/wp-content\/uploads\/2025\/01\/2802405.jpg\" \/>\n\t<meta property=\"og:image:width\" content=\"1000\" \/>\n\t<meta property=\"og:image:height\" content=\"1000\" \/>\n\t<meta property=\"og:image:type\" content=\"image\/jpeg\" \/>\n<meta name=\"twitter:card\" content=\"summary_large_image\" \/>\n<script type=\"application\/ld+json\" class=\"yoast-schema-graph\">{\"@context\":\"https:\/\/schema.org\",\"@graph\":[{\"@type\":\"WebPage\",\"@id\":\"https:\/\/espak.ee\/epood\/toode\/allvalgusti-emos-nexxo-led-18w-3000-3500-4000k-ip40-20-must\/\",\"url\":\"https:\/\/espak.ee\/epood\/toode\/allvalgusti-emos-nexxo-led-18w-3000-3500-4000k-ip40-20-must\/\",\"name\":\"ALLVALGUSTI EMOS NEXXO LED 18W 3000\/3500\/4000K IP40\/20 MUST - Espak E-pood\",\"isPartOf\":{\"@id\":\"https:\/\/espak.ee\/epood\/#website\"},\"primaryImageOfPage\":{\"@id\":\"https:\/\/espak.ee\/epood\/toode\/allvalgusti-emos-nexxo-led-18w-3000-3500-4000k-ip40-20-must\/#primaryimage\"},\"image\":{\"@id\":\"https:\/\/espak.ee\/epood\/toode\/allvalgusti-emos-nexxo-led-18w-3000-3500-4000k-ip40-20-must\/#primaryimage\"},\"thumbnailUrl\":\"https:\/\/espak.ee\/epood\/wp-content\/uploads\/2025\/01\/2802405.jpg\",\"datePublished\":\"2025-01-03T03:05:01+00:00\",\"dateModified\":\"2025-11-20T08:31:56+00:00\",\"breadcrumb\":{\"@id\":\"https:\/\/espak.ee\/epood\/toode\/allvalgusti-emos-nexxo-led-18w-3000-3500-4000k-ip40-20-must\/#breadcrumb\"},\"inLanguage\":\"et\",\"potentialAction\":[{\"@type\":\"ReadAction\",\"target\":[\"https:\/\/espak.ee\/epood\/toode\/allvalgusti-emos-nexxo-led-18w-3000-3500-4000k-ip40-20-must\/\"]}]},{\"@type\":\"ImageObject\",\"inLanguage\":\"et\",\"@id\":\"https:\/\/espak.ee\/epood\/toode\/allvalgusti-emos-nexxo-led-18w-3000-3500-4000k-ip40-20-must\/#primaryimage\",\"url\":\"https:\/\/espak.ee\/epood\/wp-content\/uploads\/2025\/01\/2802405.jpg\",\"contentUrl\":\"https:\/\/espak.ee\/epood\/wp-content\/uploads\/2025\/01\/2802405.jpg\",\"width\":1000,\"height\":1000},{\"@type\":\"BreadcrumbList\",\"@id\":\"https:\/\/espak.ee\/epood\/toode\/allvalgusti-emos-nexxo-led-18w-3000-3500-4000k-ip40-20-must\/#breadcrumb\",\"itemListElement\":[{\"@type\":\"ListItem\",\"position\":1,\"name\":\"Home\",\"item\":\"https:\/\/espak.ee\/epood\/\"},{\"@type\":\"ListItem\",\"position\":2,\"name\":\"Tootevalik\",\"item\":\"https:\/\/espak.ee\/epood\/tootevalik\/\"},{\"@type\":\"ListItem\",\"position\":3,\"name\":\"ALLVALGUSTI EMOS NEXXO LED 18W 3000\/3500\/4000K IP40\/20 MUST\"}]},{\"@type\":\"WebSite\",\"@id\":\"https:\/\/espak.ee\/epood\/#website\",\"url\":\"https:\/\/espak.ee\/epood\/\",\"name\":\"Espak E-pood\",\"description\":\"\",\"potentialAction\":[{\"@type\":\"SearchAction\",\"target\":{\"@type\":\"EntryPoint\",\"urlTemplate\":\"https:\/\/espak.ee\/epood\/?s={search_term_string}\"},\"query-input\":{\"@type\":\"PropertyValueSpecification\",\"valueRequired\":true,\"valueName\":\"search_term_string\"}}],\"inLanguage\":\"et\"}]}<\/script>\n<!-- \/ Yoast SEO plugin. -->","yoast_head_json":{"title":"ALLVALGUSTI EMOS NEXXO LED 18W 3000\/3500\/4000K IP40\/20 MUST - Espak E-pood","robots":{"index":"index","follow":"follow","max-snippet":"max-snippet:-1","max-image-preview":"max-image-preview:large","max-video-preview":"max-video-preview:-1"},"canonical":"https:\/\/espak.ee\/epood\/toode\/allvalgusti-emos-nexxo-led-18w-3000-3500-4000k-ip40-20-must\/","og_locale":"et_EE","og_type":"article","og_title":"ALLVALGUSTI EMOS NEXXO LED 18W 3000\/3500\/4000K IP40\/20 MUST - Espak E-pood","og_url":"https:\/\/espak.ee\/epood\/toode\/allvalgusti-emos-nexxo-led-18w-3000-3500-4000k-ip40-20-must\/","og_site_name":"Espak E-pood","article_modified_time":"2025-11-20T08:31:56+00:00","og_image":[{"width":1000,"height":1000,"url":"https:\/\/espak.ee\/epood\/wp-content\/uploads\/2025\/01\/2802405.jpg","type":"image\/jpeg"}],"twitter_card":"summary_large_image","schema":{"@context":"https:\/\/schema.org","@graph":[{"@type":"WebPage","@id":"https:\/\/espak.ee\/epood\/toode\/allvalgusti-emos-nexxo-led-18w-3000-3500-4000k-ip40-20-must\/","url":"https:\/\/espak.ee\/epood\/toode\/allvalgusti-emos-nexxo-led-18w-3000-3500-4000k-ip40-20-must\/","name":"ALLVALGUSTI EMOS NEXXO LED 18W 3000\/3500\/4000K IP40\/20 MUST - Espak E-pood","isPartOf":{"@id":"https:\/\/espak.ee\/epood\/#website"},"primaryImageOfPage":{"@id":"https:\/\/espak.ee\/epood\/toode\/allvalgusti-emos-nexxo-led-18w-3000-3500-4000k-ip40-20-must\/#primaryimage"},"image":{"@id":"https:\/\/espak.ee\/epood\/toode\/allvalgusti-emos-nexxo-led-18w-3000-3500-4000k-ip40-20-must\/#primaryimage"},"thumbnailUrl":"https:\/\/espak.ee\/epood\/wp-content\/uploads\/2025\/01\/2802405.jpg","datePublished":"2025-01-03T03:05:01+00:00","dateModified":"2025-11-20T08:31:56+00:00","breadcrumb":{"@id":"https:\/\/espak.ee\/epood\/toode\/allvalgusti-emos-nexxo-led-18w-3000-3500-4000k-ip40-20-must\/#breadcrumb"},"inLanguage":"et","potentialAction":[{"@type":"ReadAction","target":["https:\/\/espak.ee\/epood\/toode\/allvalgusti-emos-nexxo-led-18w-3000-3500-4000k-ip40-20-must\/"]}]},{"@type":"ImageObject","inLanguage":"et","@id":"https:\/\/espak.ee\/epood\/toode\/allvalgusti-emos-nexxo-led-18w-3000-3500-4000k-ip40-20-must\/#primaryimage","url":"https:\/\/espak.ee\/epood\/wp-content\/uploads\/2025\/01\/2802405.jpg","contentUrl":"https:\/\/espak.ee\/epood\/wp-content\/uploads\/2025\/01\/2802405.jpg","width":1000,"height":1000},{"@type":"BreadcrumbList","@id":"https:\/\/espak.ee\/epood\/toode\/allvalgusti-emos-nexxo-led-18w-3000-3500-4000k-ip40-20-must\/#breadcrumb","itemListElement":[{"@type":"ListItem","position":1,"name":"Home","item":"https:\/\/espak.ee\/epood\/"},{"@type":"ListItem","position":2,"name":"Tootevalik","item":"https:\/\/espak.ee\/epood\/tootevalik\/"},{"@type":"ListItem","position":3,"name":"ALLVALGUSTI EMOS NEXXO LED 18W 3000\/3500\/4000K IP40\/20 MUST"}]},{"@type":"WebSite","@id":"https:\/\/espak.ee\/epood\/#website","url":"https:\/\/espak.ee\/epood\/","name":"Espak E-pood","description":"","potentialAction":[{"@type":"SearchAction","target":{"@type":"EntryPoint","urlTemplate":"https:\/\/espak.ee\/epood\/?s={search_term_string}"},"query-input":{"@type":"PropertyValueSpecification","valueRequired":true,"valueName":"search_term_string"}}],"inLanguage":"et"}]}},"_links":{"self":[{"href":"https:\/\/espak.ee\/epood\/wp-json\/wp\/v2\/product\/222597","targetHints":{"allow":["GET"]}}],"collection":[{"href":"https:\/\/espak.ee\/epood\/wp-json\/wp\/v2\/product"}],"about":[{"href":"https:\/\/espak.ee\/epood\/wp-json\/wp\/v2\/types\/product"}],"replies":[{"embeddable":true,"href":"https:\/\/espak.ee\/epood\/wp-json\/wp\/v2\/comments?post=222597"}],"wp:featuredmedia":[{"embeddable":true,"href":"https:\/\/espak.ee\/epood\/wp-json\/wp\/v2\/media\/222812"}],"wp:attachment":[{"href":"https:\/\/espak.ee\/epood\/wp-json\/wp\/v2\/media?parent=222597"}],"wp:term":[{"taxonomy":"product_brand","embeddable":true,"href":"https:\/\/espak.ee\/epood\/wp-json\/wp\/v2\/product_brand?post=222597"},{"taxonomy":"product_cat","embeddable":true,"href":"https:\/\/espak.ee\/epood\/wp-json\/wp\/v2\/product_cat?post=222597"},{"taxonomy":"product_tag","embeddable":true,"href":"https:\/\/espak.ee\/epood\/wp-json\/wp\/v2\/product_tag?post=222597"}],"curies":[{"name":"wp","href":"https:\/\/api.w.org\/{rel}","templated":true}]}}