{"id":220488,"date":"2024-12-06T05:10:28","date_gmt":"2024-12-06T03:10:28","guid":{"rendered":"https:\/\/espak.ee\/epood\/?post_type=product&#038;p=220488"},"modified":"2026-03-01T18:18:51","modified_gmt":"2026-03-01T16:18:51","slug":"lintsaag-einhell-tc-sb-200-1-2","status":"publish","type":"product","link":"https:\/\/espak.ee\/epood\/toode\/lintsaag-einhell-tc-sb-200-1-2\/","title":{"rendered":"LINTSAAG EINHELL TC-SB 200\/1"},"content":{"rendered":"<div class=\"row\"  id=\"row-505137737\">\n\n\t<div id=\"col-1429301087\" class=\"col medium-9 small-12 large-9\"  >\n\t\t\t\t<div class=\"col-inner\"  >\n\t\t\t\n\t\t\t\n<h3>Lintsaag Einhell TC-SB 200\/1<\/h3>\n<div class=\"message-box relative\" style=\"padding-top:15px;padding-bottom:15px;\"><div class=\"message-box-bg-image bg-fill fill\" ><\/div><div class=\"message-box-bg-overlay bg-fill fill\" ><\/div><div class=\"container relative\"><div class=\"inner last-reset\">\n<div class=\"row align-middle align-center\"  id=\"row-162870777\">\n\n\t<div id=\"col-624022491\" class=\"col small-12 large-12\"  >\n\t\t\t\t<div class=\"col-inner text-left\"  >\n\t\t\t\n\t\t\t\n<h4>Omadused<\/h4>\n<div class=\"row\"  id=\"row-1307856197\">\n\n\t<div id=\"col-1678662924\" class=\"col medium-6 small-12 large-6\"  >\n\t\t\t\t<div class=\"col-inner\"  >\n\t\t\t\n\t\t\t\n<p><i class=\"far fa-check-circle fa-2x\"><\/i><strong>\u00a0Sujuvalt kallutatav t\u00f6\u00f6laud kaldl\u00f5ikuste tegemiseks <\/strong><\/p>\n<p><i class=\"far fa-check-circle fa-2x\"><\/i><strong> K\u00fcljepiiraja sirgete l\u00f5ikuste tegemiseks\u00a0<\/strong><\/p>\n<p><i class=\"far fa-check-circle fa-2x\"><\/i><strong> Kuullaagertugi t\u00e4pseteks l\u00f5ikusteks <\/strong><\/p>\n<p><i class=\"far fa-check-circle fa-2x\"><\/i><strong> T\u00f5ukevarb ohutuks kasutamiseks\u00a0<\/strong><\/p>\n\t\t<\/div>\n\t\t\t\t\n<style>\n#col-1678662924 > .col-inner {\n  margin: 0px 0px 15px 0px;\n}\n<\/style>\n\t<\/div>\n\n\t\n\n\t<div id=\"col-938258102\" class=\"col medium-6 small-12 large-6\"  >\n\t\t\t\t<div class=\"col-inner\"  >\n\t\t\t\n\t\t\t\n<p><i class=\"far fa-check-circle fa-2x\"><\/i><strong> Ohutu ja t\u00f6\u00f6riistavaba saelindi vahetus <\/strong><\/p>\n<p><i class=\"far fa-check-circle fa-2x\"><\/i><strong> K\u00f5rguse seadistus t\u00e4pseteks l\u00f5ikusteks ja ohutuks kasutamiseks\u00a0<\/strong><\/p>\n<p><i class=\"far fa-check-circle fa-2x\"><\/i><strong> Tolmu\u00e4rastuse otsak \u00d8\u00a036\u00a0mm\u00a0<\/strong><\/p>\n\t\t<\/div>\n\t\t\t\t\n<style>\n#col-938258102 > .col-inner {\n  margin: 0px 0px 15px 0px;\n}\n<\/style>\n\t<\/div>\n\n\t\n<\/div>\n\t\t<\/div>\n\t\t\t\t\t<\/div>\n\n\t\n<\/div>\n<\/div><\/div><\/div>\n\t<div id=\"gap-1960984755\" class=\"gap-element clearfix\" style=\"display:block; height:auto;\">\n\t\t\n<style>\n#gap-1960984755 {\n  padding-top: 30px;\n}\n<\/style>\n\t<\/div>\n\t\n<h2>Tootekirjeldus<\/h2>\n<p> Lintsaag Einhell TC-SB 200\/1 on ideaalne p\u00f5himasin igale meistrile. Paigalseisev, kuid samas paindlik lintsaag on v\u00e4ga kohandatav seatud n\u00f5udmiste t\u00e4itmiseks. Sirged v\u00f5i k\u00f5verad l\u00f5iked, kaldu v\u00f5i p\u00f5iki s\u00fc\u00fcd l\u00f5iked \u2013 lintsaag pakub laias valikus v\u00f5imalusi. T\u00e4nu oma v\u00f5imsale 250\u00a0W mootorile l\u00f5ikab see s\u00f5ltuvalt kasutatavast lindist vaevata puitu, plasti ja muid sarnaseid materjale. Lintsae eeliseks on samuti kitsas saetee, mis l\u00e4heb h\u00f5lpsalt l\u00e4bi materjali ja s\u00e4\u00e4stab energiat. \u00d5igel kasutamisel on TC-SB 200\/1 t\u00e4iesti ohutu. K\u00f5rguse seadistus pole m\u00f5eldud ainult t\u00e4pseks l\u00f5ikamiseks. Kasutaja parimale t\u00f6\u00f6k\u00f5rgusele kohandatud k\u00f5rguse seadistusega saab tagada ka selle, et kasutaja saaks t\u00f6\u00f6tada ohutult ja mugavalt. Mitmeasendiline seadistatav saelindi stabilisaator v\u00e4hendab saelindi vibratsiooni, tagades samas usaldusv\u00e4\u00e4rse j\u00f5udluse ja kitsama l\u00f5ikuse. Lisaks on saelindi kaitse muudetava k\u00f5rgusega ja seda saab kohandada vastavalt l\u00f5igatava materjali paksusele. Komplekti kuuluv t\u00f5ukevarb on lintsae ohutuks t\u00f6\u00f6ks h\u00e4davajalik. Lintsae t\u00f6\u00f6laud on sujuvalt kallutatav, et v\u00f5imaldada veelgi keerukamaid kaldl\u00f5ikusi. R\u00f6\u00f6pjuhik ja kuullaagertugi on harrastusmeisterdajale sirgete ja t\u00e4psete l\u00f5ikuste tegemisel suureks abiks. <\/p>\n\t<div id=\"gap-582565601\" class=\"gap-element clearfix\" style=\"display:block; height:auto;\">\n\t\t\n<style>\n#gap-582565601 {\n  padding-top: 30px;\n}\n<\/style>\n\t<\/div>\n\t\n\t\t<\/div>\n\t\t\t\t\t<\/div>\n\n\t\n\n\t<div id=\"col-1248420360\" class=\"col medium-3 small-12 large-3\"  >\n\t\t\t\t<div class=\"col-inner\"  >\n\t\t\t\n\t\t\t\n\t<div id=\"gap-1460541994\" class=\"gap-element clearfix\" style=\"display:block; height:auto;\">\n\t\t\n<style>\n#gap-1460541994 {\n  padding-top: 30px;\n}\n<\/style>\n\t<\/div>\n\t\n<h3>Kasutusjuhend<\/h3>\n<p><a href=\"https:\/\/espak.ee\/epood\/wp-content\/uploads\/2024\/12\/4308009-et.pdf\"target=\"_blank\" rel=\"noopener noreferrer\"><i class=\"far fa-file-pdf\"><\/i> Kasutusjuhend (PDF)<\/a><\/p>\n<div class=\"is-divider divider clearfix\" ><\/div>\n<p><strong>\u00dcksikasjalikuma n\u00f5u saamiseks v\u00f5tke \u00fchendust:<br \/><\/strong>Espak AS<br \/>Viadukti 42<br \/>11313<br \/>Tallinn<br \/>+372 6 512333<\/p>\n\t\t<\/div>\n\t\t\t\t\t<\/div>\n\n\t\n<\/div>\n","protected":false},"excerpt":{"rendered":"","protected":false},"featured_media":264412,"comment_status":"closed","ping_status":"closed","template":"","meta":[],"product_brand":[],"product_cat":[2680,3451,2681,2679],"product_tag":[],"class_list":{"0":"post-220488","1":"product","2":"type-product","3":"status-publish","4":"has-post-thumbnail","6":"product_cat-elektritooriistad","7":"product_cat-lintsaed","8":"product_cat-masinad-ja-seadmed","9":"product_cat-tooriistad","10":"pa_kaubamark-einhell","12":"first","13":"instock","14":"sale","15":"taxable","16":"shipping-taxable","17":"purchasable","18":"product-type-simple"},"yoast_head":"<!-- This site is optimized with the Yoast SEO plugin v26.9 - https:\/\/yoast.com\/product\/yoast-seo-wordpress\/ -->\n<title>LINTSAAG EINHELL TC-SB 200\/1 - Espak E-pood<\/title>\n<meta name=\"robots\" content=\"index, follow, max-snippet:-1, max-image-preview:large, max-video-preview:-1\" \/>\n<link rel=\"canonical\" href=\"https:\/\/espak.ee\/epood\/toode\/lintsaag-einhell-tc-sb-200-1-2\/\" \/>\n<meta property=\"og:locale\" content=\"et_EE\" \/>\n<meta property=\"og:type\" content=\"article\" \/>\n<meta property=\"og:title\" content=\"LINTSAAG EINHELL TC-SB 200\/1 - Espak E-pood\" \/>\n<meta property=\"og:url\" content=\"https:\/\/espak.ee\/epood\/toode\/lintsaag-einhell-tc-sb-200-1-2\/\" \/>\n<meta property=\"og:site_name\" content=\"Espak E-pood\" \/>\n<meta property=\"article:modified_time\" content=\"2026-03-01T16:18:51+00:00\" \/>\n<meta property=\"og:image\" content=\"https:\/\/espak.ee\/epood\/wp-content\/uploads\/2024\/12\/4308009_21035_001_NEW_TC_SB_200_1_Pic.jpg\" \/>\n\t<meta property=\"og:image:width\" content=\"1000\" \/>\n\t<meta property=\"og:image:height\" content=\"1000\" \/>\n\t<meta property=\"og:image:type\" content=\"image\/jpeg\" \/>\n<meta name=\"twitter:card\" content=\"summary_large_image\" \/>\n<meta name=\"twitter:label1\" content=\"Est. reading time\" \/>\n\t<meta name=\"twitter:data1\" content=\"2 minutit\" \/>\n<script type=\"application\/ld+json\" class=\"yoast-schema-graph\">{\"@context\":\"https:\/\/schema.org\",\"@graph\":[{\"@type\":\"WebPage\",\"@id\":\"https:\/\/espak.ee\/epood\/toode\/lintsaag-einhell-tc-sb-200-1-2\/\",\"url\":\"https:\/\/espak.ee\/epood\/toode\/lintsaag-einhell-tc-sb-200-1-2\/\",\"name\":\"LINTSAAG EINHELL TC-SB 200\/1 - Espak E-pood\",\"isPartOf\":{\"@id\":\"https:\/\/espak.ee\/epood\/#website\"},\"primaryImageOfPage\":{\"@id\":\"https:\/\/espak.ee\/epood\/toode\/lintsaag-einhell-tc-sb-200-1-2\/#primaryimage\"},\"image\":{\"@id\":\"https:\/\/espak.ee\/epood\/toode\/lintsaag-einhell-tc-sb-200-1-2\/#primaryimage\"},\"thumbnailUrl\":\"https:\/\/espak.ee\/epood\/wp-content\/uploads\/2024\/12\/4308009_21035_001_NEW_TC_SB_200_1_Pic.jpg\",\"datePublished\":\"2024-12-06T03:10:28+00:00\",\"dateModified\":\"2026-03-01T16:18:51+00:00\",\"breadcrumb\":{\"@id\":\"https:\/\/espak.ee\/epood\/toode\/lintsaag-einhell-tc-sb-200-1-2\/#breadcrumb\"},\"inLanguage\":\"et\",\"potentialAction\":[{\"@type\":\"ReadAction\",\"target\":[\"https:\/\/espak.ee\/epood\/toode\/lintsaag-einhell-tc-sb-200-1-2\/\"]}]},{\"@type\":\"ImageObject\",\"inLanguage\":\"et\",\"@id\":\"https:\/\/espak.ee\/epood\/toode\/lintsaag-einhell-tc-sb-200-1-2\/#primaryimage\",\"url\":\"https:\/\/espak.ee\/epood\/wp-content\/uploads\/2024\/12\/4308009_21035_001_NEW_TC_SB_200_1_Pic.jpg\",\"contentUrl\":\"https:\/\/espak.ee\/epood\/wp-content\/uploads\/2024\/12\/4308009_21035_001_NEW_TC_SB_200_1_Pic.jpg\",\"width\":1000,\"height\":1000},{\"@type\":\"BreadcrumbList\",\"@id\":\"https:\/\/espak.ee\/epood\/toode\/lintsaag-einhell-tc-sb-200-1-2\/#breadcrumb\",\"itemListElement\":[{\"@type\":\"ListItem\",\"position\":1,\"name\":\"Home\",\"item\":\"https:\/\/espak.ee\/epood\/\"},{\"@type\":\"ListItem\",\"position\":2,\"name\":\"Tootevalik\",\"item\":\"https:\/\/espak.ee\/epood\/tootevalik\/\"},{\"@type\":\"ListItem\",\"position\":3,\"name\":\"LINTSAAG EINHELL TC-SB 200\/1\"}]},{\"@type\":\"WebSite\",\"@id\":\"https:\/\/espak.ee\/epood\/#website\",\"url\":\"https:\/\/espak.ee\/epood\/\",\"name\":\"Espak E-pood\",\"description\":\"\",\"potentialAction\":[{\"@type\":\"SearchAction\",\"target\":{\"@type\":\"EntryPoint\",\"urlTemplate\":\"https:\/\/espak.ee\/epood\/?s={search_term_string}\"},\"query-input\":{\"@type\":\"PropertyValueSpecification\",\"valueRequired\":true,\"valueName\":\"search_term_string\"}}],\"inLanguage\":\"et\"}]}<\/script>\n<!-- \/ Yoast SEO plugin. -->","yoast_head_json":{"title":"LINTSAAG EINHELL TC-SB 200\/1 - Espak E-pood","robots":{"index":"index","follow":"follow","max-snippet":"max-snippet:-1","max-image-preview":"max-image-preview:large","max-video-preview":"max-video-preview:-1"},"canonical":"https:\/\/espak.ee\/epood\/toode\/lintsaag-einhell-tc-sb-200-1-2\/","og_locale":"et_EE","og_type":"article","og_title":"LINTSAAG EINHELL TC-SB 200\/1 - Espak E-pood","og_url":"https:\/\/espak.ee\/epood\/toode\/lintsaag-einhell-tc-sb-200-1-2\/","og_site_name":"Espak E-pood","article_modified_time":"2026-03-01T16:18:51+00:00","og_image":[{"width":1000,"height":1000,"url":"https:\/\/espak.ee\/epood\/wp-content\/uploads\/2024\/12\/4308009_21035_001_NEW_TC_SB_200_1_Pic.jpg","type":"image\/jpeg"}],"twitter_card":"summary_large_image","twitter_misc":{"Est. reading time":"2 minutit"},"schema":{"@context":"https:\/\/schema.org","@graph":[{"@type":"WebPage","@id":"https:\/\/espak.ee\/epood\/toode\/lintsaag-einhell-tc-sb-200-1-2\/","url":"https:\/\/espak.ee\/epood\/toode\/lintsaag-einhell-tc-sb-200-1-2\/","name":"LINTSAAG EINHELL TC-SB 200\/1 - Espak E-pood","isPartOf":{"@id":"https:\/\/espak.ee\/epood\/#website"},"primaryImageOfPage":{"@id":"https:\/\/espak.ee\/epood\/toode\/lintsaag-einhell-tc-sb-200-1-2\/#primaryimage"},"image":{"@id":"https:\/\/espak.ee\/epood\/toode\/lintsaag-einhell-tc-sb-200-1-2\/#primaryimage"},"thumbnailUrl":"https:\/\/espak.ee\/epood\/wp-content\/uploads\/2024\/12\/4308009_21035_001_NEW_TC_SB_200_1_Pic.jpg","datePublished":"2024-12-06T03:10:28+00:00","dateModified":"2026-03-01T16:18:51+00:00","breadcrumb":{"@id":"https:\/\/espak.ee\/epood\/toode\/lintsaag-einhell-tc-sb-200-1-2\/#breadcrumb"},"inLanguage":"et","potentialAction":[{"@type":"ReadAction","target":["https:\/\/espak.ee\/epood\/toode\/lintsaag-einhell-tc-sb-200-1-2\/"]}]},{"@type":"ImageObject","inLanguage":"et","@id":"https:\/\/espak.ee\/epood\/toode\/lintsaag-einhell-tc-sb-200-1-2\/#primaryimage","url":"https:\/\/espak.ee\/epood\/wp-content\/uploads\/2024\/12\/4308009_21035_001_NEW_TC_SB_200_1_Pic.jpg","contentUrl":"https:\/\/espak.ee\/epood\/wp-content\/uploads\/2024\/12\/4308009_21035_001_NEW_TC_SB_200_1_Pic.jpg","width":1000,"height":1000},{"@type":"BreadcrumbList","@id":"https:\/\/espak.ee\/epood\/toode\/lintsaag-einhell-tc-sb-200-1-2\/#breadcrumb","itemListElement":[{"@type":"ListItem","position":1,"name":"Home","item":"https:\/\/espak.ee\/epood\/"},{"@type":"ListItem","position":2,"name":"Tootevalik","item":"https:\/\/espak.ee\/epood\/tootevalik\/"},{"@type":"ListItem","position":3,"name":"LINTSAAG EINHELL TC-SB 200\/1"}]},{"@type":"WebSite","@id":"https:\/\/espak.ee\/epood\/#website","url":"https:\/\/espak.ee\/epood\/","name":"Espak E-pood","description":"","potentialAction":[{"@type":"SearchAction","target":{"@type":"EntryPoint","urlTemplate":"https:\/\/espak.ee\/epood\/?s={search_term_string}"},"query-input":{"@type":"PropertyValueSpecification","valueRequired":true,"valueName":"search_term_string"}}],"inLanguage":"et"}]}},"_links":{"self":[{"href":"https:\/\/espak.ee\/epood\/wp-json\/wp\/v2\/product\/220488","targetHints":{"allow":["GET"]}}],"collection":[{"href":"https:\/\/espak.ee\/epood\/wp-json\/wp\/v2\/product"}],"about":[{"href":"https:\/\/espak.ee\/epood\/wp-json\/wp\/v2\/types\/product"}],"replies":[{"embeddable":true,"href":"https:\/\/espak.ee\/epood\/wp-json\/wp\/v2\/comments?post=220488"}],"wp:featuredmedia":[{"embeddable":true,"href":"https:\/\/espak.ee\/epood\/wp-json\/wp\/v2\/media\/264412"}],"wp:attachment":[{"href":"https:\/\/espak.ee\/epood\/wp-json\/wp\/v2\/media?parent=220488"}],"wp:term":[{"taxonomy":"product_brand","embeddable":true,"href":"https:\/\/espak.ee\/epood\/wp-json\/wp\/v2\/product_brand?post=220488"},{"taxonomy":"product_cat","embeddable":true,"href":"https:\/\/espak.ee\/epood\/wp-json\/wp\/v2\/product_cat?post=220488"},{"taxonomy":"product_tag","embeddable":true,"href":"https:\/\/espak.ee\/epood\/wp-json\/wp\/v2\/product_tag?post=220488"}],"curies":[{"name":"wp","href":"https:\/\/api.w.org\/{rel}","templated":true}]}}