{"id":220226,"date":"2024-12-04T05:10:02","date_gmt":"2024-12-04T03:10:02","guid":{"rendered":"https:\/\/espak.ee\/epood\/?post_type=product&#038;p=220226"},"modified":"2024-12-27T14:18:04","modified_gmt":"2024-12-27T12:18:04","slug":"linoleum-graboflex-terrana-01-eco-3m-4263-261","status":"publish","type":"product","link":"https:\/\/espak.ee\/epood\/toode\/linoleum-graboflex-terrana-01-eco-3m-4263-261\/","title":{"rendered":"LINOLEUM GRABOFLEX TERRANA 01\/ECO 3M 4263-261"},"content":{"rendered":"<div class=\"row\"  id=\"row-217865943\">\n\n\t<div id=\"col-1762680240\" class=\"col medium-9 small-12 large-9\"  >\n\t\t\t\t<div class=\"col-inner\"  >\n\t\t\t\n\t\t\t\n<h3>Linoleum Graboflex Terrana 01\/ECO 3m<\/h3>\n<p>Terrana ECO linoleump\u00f5randad sobivad iga keskmise kasutusega ruumi katmiseks kodus. T\u00e4nu heale heliisolatsioonile ja h\u00fcgieenile on see kindlasti soovitatav v\u00e4ikeste lastega peredele ja kodudesse, kus elab koos mitu p\u00f5lvkonda.<br \/>\nLaius: 3 m.<br \/>\nPaksus: 2,6 mm. <\/p>\n<p><strong>T\u00e4helepanu! Minimaalne kogus\/samm 0,5 jm (1,5 m2). <\/strong>\n <\/p>\n\t\t<\/div>\n\t\t\t\t\t<\/div>\n\n\t\n\n\t<div id=\"col-1325237459\" class=\"col medium-3 small-12 large-3\"  >\n\t\t\t\t<div class=\"col-inner\"  >\n\t\t\t\n\t\t\t\n<div class=\"is-divider divider clearfix\" ><\/div>\n<p><strong>\u00dcksikasjalikuma n\u00f5u saamiseks v\u00f5tke \u00fchendust:<br \/><\/strong>Espak AS<br \/>Viadukti 42<br \/>11313<br \/>Tallinn<br \/>+372 6 512333<\/p>\n\t\t<\/div>\n\t\t\t\t\t<\/div>\n\n\t\n<\/div>\n","protected":false},"excerpt":{"rendered":"","protected":false},"featured_media":220325,"comment_status":"closed","ping_status":"closed","template":"","meta":[],"product_brand":[],"product_cat":[4884,4882,4883,2683],"product_tag":[],"class_list":{"0":"post-220226","1":"product","2":"type-product","3":"status-publish","4":"has-post-thumbnail","6":"product_cat-pvc-porandakatted-pvc-porandakatted-pvc-porandakatted","7":"product_cat-pvc-porandakatted","8":"product_cat-pvc-porandakatted-pvc-porandakatted","9":"product_cat-viimistluskaubad","10":"pa_kaubamark-graboplast-ltd","12":"first","13":"instock","14":"sale","15":"taxable","16":"shipping-taxable","17":"purchasable","18":"product-type-simple"},"yoast_head":"<!-- This site is optimized with the Yoast SEO plugin v26.9 - https:\/\/yoast.com\/product\/yoast-seo-wordpress\/ -->\n<title>LINOLEUM GRABOFLEX TERRANA 01\/ECO 3M 4263-261 - Espak E-pood<\/title>\n<meta name=\"robots\" content=\"index, follow, max-snippet:-1, max-image-preview:large, max-video-preview:-1\" \/>\n<link rel=\"canonical\" href=\"https:\/\/espak.ee\/epood\/toode\/linoleum-graboflex-terrana-01-eco-3m-4263-261\/\" \/>\n<meta property=\"og:locale\" content=\"et_EE\" \/>\n<meta property=\"og:type\" content=\"article\" \/>\n<meta property=\"og:title\" content=\"LINOLEUM GRABOFLEX TERRANA 01\/ECO 3M 4263-261 - Espak E-pood\" \/>\n<meta property=\"og:url\" content=\"https:\/\/espak.ee\/epood\/toode\/linoleum-graboflex-terrana-01-eco-3m-4263-261\/\" \/>\n<meta property=\"og:site_name\" content=\"Espak E-pood\" \/>\n<meta property=\"article:modified_time\" content=\"2024-12-27T12:18:04+00:00\" \/>\n<meta property=\"og:image\" content=\"https:\/\/espak.ee\/epood\/wp-content\/uploads\/2024\/12\/4263-261.jpg\" \/>\n\t<meta property=\"og:image:width\" content=\"650\" \/>\n\t<meta property=\"og:image:height\" content=\"650\" \/>\n\t<meta property=\"og:image:type\" content=\"image\/jpeg\" \/>\n<meta name=\"twitter:card\" content=\"summary_large_image\" \/>\n<script type=\"application\/ld+json\" class=\"yoast-schema-graph\">{\"@context\":\"https:\/\/schema.org\",\"@graph\":[{\"@type\":\"WebPage\",\"@id\":\"https:\/\/espak.ee\/epood\/toode\/linoleum-graboflex-terrana-01-eco-3m-4263-261\/\",\"url\":\"https:\/\/espak.ee\/epood\/toode\/linoleum-graboflex-terrana-01-eco-3m-4263-261\/\",\"name\":\"LINOLEUM GRABOFLEX TERRANA 01\/ECO 3M 4263-261 - Espak E-pood\",\"isPartOf\":{\"@id\":\"https:\/\/espak.ee\/epood\/#website\"},\"primaryImageOfPage\":{\"@id\":\"https:\/\/espak.ee\/epood\/toode\/linoleum-graboflex-terrana-01-eco-3m-4263-261\/#primaryimage\"},\"image\":{\"@id\":\"https:\/\/espak.ee\/epood\/toode\/linoleum-graboflex-terrana-01-eco-3m-4263-261\/#primaryimage\"},\"thumbnailUrl\":\"https:\/\/espak.ee\/epood\/wp-content\/uploads\/2024\/12\/4263-261.jpg\",\"datePublished\":\"2024-12-04T03:10:02+00:00\",\"dateModified\":\"2024-12-27T12:18:04+00:00\",\"breadcrumb\":{\"@id\":\"https:\/\/espak.ee\/epood\/toode\/linoleum-graboflex-terrana-01-eco-3m-4263-261\/#breadcrumb\"},\"inLanguage\":\"et\",\"potentialAction\":[{\"@type\":\"ReadAction\",\"target\":[\"https:\/\/espak.ee\/epood\/toode\/linoleum-graboflex-terrana-01-eco-3m-4263-261\/\"]}]},{\"@type\":\"ImageObject\",\"inLanguage\":\"et\",\"@id\":\"https:\/\/espak.ee\/epood\/toode\/linoleum-graboflex-terrana-01-eco-3m-4263-261\/#primaryimage\",\"url\":\"https:\/\/espak.ee\/epood\/wp-content\/uploads\/2024\/12\/4263-261.jpg\",\"contentUrl\":\"https:\/\/espak.ee\/epood\/wp-content\/uploads\/2024\/12\/4263-261.jpg\",\"width\":650,\"height\":650},{\"@type\":\"BreadcrumbList\",\"@id\":\"https:\/\/espak.ee\/epood\/toode\/linoleum-graboflex-terrana-01-eco-3m-4263-261\/#breadcrumb\",\"itemListElement\":[{\"@type\":\"ListItem\",\"position\":1,\"name\":\"Home\",\"item\":\"https:\/\/espak.ee\/epood\/\"},{\"@type\":\"ListItem\",\"position\":2,\"name\":\"Tootevalik\",\"item\":\"https:\/\/espak.ee\/epood\/tootevalik\/\"},{\"@type\":\"ListItem\",\"position\":3,\"name\":\"LINOLEUM GRABOFLEX TERRANA 01\/ECO 3M 4263-261\"}]},{\"@type\":\"WebSite\",\"@id\":\"https:\/\/espak.ee\/epood\/#website\",\"url\":\"https:\/\/espak.ee\/epood\/\",\"name\":\"Espak E-pood\",\"description\":\"\",\"potentialAction\":[{\"@type\":\"SearchAction\",\"target\":{\"@type\":\"EntryPoint\",\"urlTemplate\":\"https:\/\/espak.ee\/epood\/?s={search_term_string}\"},\"query-input\":{\"@type\":\"PropertyValueSpecification\",\"valueRequired\":true,\"valueName\":\"search_term_string\"}}],\"inLanguage\":\"et\"}]}<\/script>\n<!-- \/ Yoast SEO plugin. -->","yoast_head_json":{"title":"LINOLEUM GRABOFLEX TERRANA 01\/ECO 3M 4263-261 - Espak E-pood","robots":{"index":"index","follow":"follow","max-snippet":"max-snippet:-1","max-image-preview":"max-image-preview:large","max-video-preview":"max-video-preview:-1"},"canonical":"https:\/\/espak.ee\/epood\/toode\/linoleum-graboflex-terrana-01-eco-3m-4263-261\/","og_locale":"et_EE","og_type":"article","og_title":"LINOLEUM GRABOFLEX TERRANA 01\/ECO 3M 4263-261 - Espak E-pood","og_url":"https:\/\/espak.ee\/epood\/toode\/linoleum-graboflex-terrana-01-eco-3m-4263-261\/","og_site_name":"Espak E-pood","article_modified_time":"2024-12-27T12:18:04+00:00","og_image":[{"width":650,"height":650,"url":"https:\/\/espak.ee\/epood\/wp-content\/uploads\/2024\/12\/4263-261.jpg","type":"image\/jpeg"}],"twitter_card":"summary_large_image","schema":{"@context":"https:\/\/schema.org","@graph":[{"@type":"WebPage","@id":"https:\/\/espak.ee\/epood\/toode\/linoleum-graboflex-terrana-01-eco-3m-4263-261\/","url":"https:\/\/espak.ee\/epood\/toode\/linoleum-graboflex-terrana-01-eco-3m-4263-261\/","name":"LINOLEUM GRABOFLEX TERRANA 01\/ECO 3M 4263-261 - Espak E-pood","isPartOf":{"@id":"https:\/\/espak.ee\/epood\/#website"},"primaryImageOfPage":{"@id":"https:\/\/espak.ee\/epood\/toode\/linoleum-graboflex-terrana-01-eco-3m-4263-261\/#primaryimage"},"image":{"@id":"https:\/\/espak.ee\/epood\/toode\/linoleum-graboflex-terrana-01-eco-3m-4263-261\/#primaryimage"},"thumbnailUrl":"https:\/\/espak.ee\/epood\/wp-content\/uploads\/2024\/12\/4263-261.jpg","datePublished":"2024-12-04T03:10:02+00:00","dateModified":"2024-12-27T12:18:04+00:00","breadcrumb":{"@id":"https:\/\/espak.ee\/epood\/toode\/linoleum-graboflex-terrana-01-eco-3m-4263-261\/#breadcrumb"},"inLanguage":"et","potentialAction":[{"@type":"ReadAction","target":["https:\/\/espak.ee\/epood\/toode\/linoleum-graboflex-terrana-01-eco-3m-4263-261\/"]}]},{"@type":"ImageObject","inLanguage":"et","@id":"https:\/\/espak.ee\/epood\/toode\/linoleum-graboflex-terrana-01-eco-3m-4263-261\/#primaryimage","url":"https:\/\/espak.ee\/epood\/wp-content\/uploads\/2024\/12\/4263-261.jpg","contentUrl":"https:\/\/espak.ee\/epood\/wp-content\/uploads\/2024\/12\/4263-261.jpg","width":650,"height":650},{"@type":"BreadcrumbList","@id":"https:\/\/espak.ee\/epood\/toode\/linoleum-graboflex-terrana-01-eco-3m-4263-261\/#breadcrumb","itemListElement":[{"@type":"ListItem","position":1,"name":"Home","item":"https:\/\/espak.ee\/epood\/"},{"@type":"ListItem","position":2,"name":"Tootevalik","item":"https:\/\/espak.ee\/epood\/tootevalik\/"},{"@type":"ListItem","position":3,"name":"LINOLEUM GRABOFLEX TERRANA 01\/ECO 3M 4263-261"}]},{"@type":"WebSite","@id":"https:\/\/espak.ee\/epood\/#website","url":"https:\/\/espak.ee\/epood\/","name":"Espak E-pood","description":"","potentialAction":[{"@type":"SearchAction","target":{"@type":"EntryPoint","urlTemplate":"https:\/\/espak.ee\/epood\/?s={search_term_string}"},"query-input":{"@type":"PropertyValueSpecification","valueRequired":true,"valueName":"search_term_string"}}],"inLanguage":"et"}]}},"_links":{"self":[{"href":"https:\/\/espak.ee\/epood\/wp-json\/wp\/v2\/product\/220226","targetHints":{"allow":["GET"]}}],"collection":[{"href":"https:\/\/espak.ee\/epood\/wp-json\/wp\/v2\/product"}],"about":[{"href":"https:\/\/espak.ee\/epood\/wp-json\/wp\/v2\/types\/product"}],"replies":[{"embeddable":true,"href":"https:\/\/espak.ee\/epood\/wp-json\/wp\/v2\/comments?post=220226"}],"wp:featuredmedia":[{"embeddable":true,"href":"https:\/\/espak.ee\/epood\/wp-json\/wp\/v2\/media\/220325"}],"wp:attachment":[{"href":"https:\/\/espak.ee\/epood\/wp-json\/wp\/v2\/media?parent=220226"}],"wp:term":[{"taxonomy":"product_brand","embeddable":true,"href":"https:\/\/espak.ee\/epood\/wp-json\/wp\/v2\/product_brand?post=220226"},{"taxonomy":"product_cat","embeddable":true,"href":"https:\/\/espak.ee\/epood\/wp-json\/wp\/v2\/product_cat?post=220226"},{"taxonomy":"product_tag","embeddable":true,"href":"https:\/\/espak.ee\/epood\/wp-json\/wp\/v2\/product_tag?post=220226"}],"curies":[{"name":"wp","href":"https:\/\/api.w.org\/{rel}","templated":true}]}}