{"id":218975,"date":"2024-11-21T05:05:03","date_gmt":"2024-11-21T03:05:03","guid":{"rendered":"https:\/\/espak.ee\/epood\/?post_type=product&#038;p=218975"},"modified":"2026-03-21T09:25:27","modified_gmt":"2026-03-21T07:25:27","slug":"sisevarv-bindo-3-bw-09l-uus","status":"publish","type":"product","link":"https:\/\/espak.ee\/epood\/toode\/sisevarv-bindo-3-bw-09l-uus\/","title":{"rendered":"SISEV\u00c4RV BINDO 3 BW  0,9L UUS"},"content":{"rendered":"<div class=\"row\"  id=\"row-1095163015\">\n\n\t<div id=\"col-1938175678\" class=\"col medium-9 small-12 large-9\"  >\n\t\t\t\t<div class=\"col-inner\"  >\n\t\t\t\n\t\t\t\n<h2>Sisev\u00e4rv BINDO 3 BW s\u00fcgavmatt 0,9L<\/h2>\n<p>S\u00fcgavmatt, \u00fchtlase konsistentsiga emulsioonv\u00e4rv lagedele ja seintele. S\u00fcgavmatt v\u00e4rv peidab pinna puudused ja tagab laitmatu v\u00e4limuse. Kiiresti kuivav ja kergesti v\u00e4rvitav, mist\u00f5ttu \u00f5nnestub saavutada professionaalse v\u00e4limusega tulemuse suurema vaevata. V\u00f5imalik toonida heledate v\u00e4rvitoonidega. V\u00e4rv Bindo 3 on n\u00f5rga l\u00f5hnaga ja sisaldab v\u00e4ga v\u00e4he lenduvaid orgaanilisi \u00fchendeid (LO\u00dcd). Lisaks on talle omistatud P\u00f5hjamaade Luigem\u00e4rgi (Nordic Swan) sertifi kaat, mis tagab vastavuse rangetele keskkonnastandarditele, V\u00e4rv on m\u00f5eldud elumajade ja \u00fchiskondlike ruumide lagede ja seinte (kus ei ole kehtestatud k\u00f5rgeid kulumiskindluse n\u00f5udeid) v\u00e4rvimiseks. Sobib uutele ja varem v\u00e4rvitud krohvitud, betoon- ja pahteldatud pindadele ning kipsplaatide v\u00e4rvimiseks.<\/p>\n<div class=\"message-box relative\" style=\"padding-top:15px;padding-bottom:15px;\"><div class=\"message-box-bg-image bg-fill fill\" ><\/div><div class=\"message-box-bg-overlay bg-fill fill\" ><\/div><div class=\"container relative\"><div class=\"inner last-reset\">\n<div class=\"row align-middle align-center\"  id=\"row-1982754280\">\n\n\t<div id=\"col-2043574645\" class=\"col small-12 large-12\"  >\n\t\t\t\t<div class=\"col-inner text-left\"  >\n\t\t\t\n\t\t\t\n<h4>Omadused<\/h4>\n<div class=\"row\"  id=\"row-1430563333\">\n\n\t<div id=\"col-1123348513\" class=\"col medium-6 small-12 large-6\"  >\n\t\t\t\t<div class=\"col-inner\"  >\n\t\t\t\n\t\t\t\n<p><i class=\"fa fa-check fa-2x\"><\/i> <strong> Mugav pinnale kanda<\/strong><\/p>\n<p><i class=\"fa fa-check fa-2x\"><\/i> <strong> V\u00e4hese l\u00f5hnaga<\/strong><\/p>\n\t\t<\/div>\n\t\t\t\t\n<style>\n#col-1123348513 > .col-inner {\n  margin: 10px 0px 15px 0px;\n}\n<\/style>\n\t<\/div>\n\n\t\n\n\t<div id=\"col-1807675032\" class=\"col medium-6 small-12 large-6\"  >\n\t\t\t\t<div class=\"col-inner\"  >\n\t\t\t\n\t\t\t\n<p><i class=\"fa fa-check fa-2x\"><\/i> <strong> Kiiresti kuivav<\/strong><\/p>\n<p><i class=\"fa fa-check fa-2x\"><\/i> <strong> Ecolabel<\/strong><\/p>\n\t\t<\/div>\n\t\t\t\t\n<style>\n#col-1807675032 > .col-inner {\n  margin: 0px 0px 15px 0px;\n}\n<\/style>\n\t<\/div>\n\n\t\n<\/div>\n\t\t<\/div>\n\t\t\t\t\t<\/div>\n\n\t\n<\/div>\n<\/div><\/div><\/div>\n\t<div id=\"gap-2058901525\" class=\"gap-element clearfix\" style=\"display:block; height:auto;\">\n\t\t\n<style>\n#gap-2058901525 {\n  padding-top: 30px;\n}\n<\/style>\n\t<\/div>\n\t\n<p><strong>Kasutusjuhend:<\/strong> Enne kasutamist segage v\u00e4rv h\u00e4sti l\u00e4bi.Kandke pinnale 2 v\u00e4rvikihti rulli, pintsli v\u00f5i pihusti abil, lastes pinnal kahe kihi vahel t\u00e4ielikult kuivada. Eelmine v\u00e4rvikihi peab olema t\u00e4ielikult kuivanud enne j\u00e4rgmise kihi pealekandmist. Suured pinnad tuleb v\u00e4rvida ilma katkestusteta; katkestused on lubatud ainult nurkades. V\u00e4rvimisel tuleb j\u00e4lgida, et rullile j\u00e4\u00e4ks alati piisavalt v\u00e4rvi. V\u00e4rvi tuleb kanda ohtralt, et v\u00e4rvitud pind s\u00e4ilitaks kauem niiskust, sest nii on seda lihtsam siluda. V\u00e4rvimise ajal peaks \u00f5hu ja pinna temperatuur olema +10&#8230;25\u00b0C (soovitatav +18\u00b12\u00b0C), suhteline \u00f5huniiskus 40&#8230;80% (soovitatav 65%). Kui temperatuur on soovituslikust k\u00f5rgem v\u00f5i madalam v\u00f5i kui esineb tuulet\u00f5mbus, v\u00f5ib tekkida halva kvaliteediga v\u00e4rvikile. V\u00e4rv on kasutusvalmis ja seda ei ole vaja lahjendada. V\u00e4rvi lahjendamine v\u00f5i soovituslikust lahjema kihi pealekandmine v\u00f5ib kahjustada toote omadusi. T\u00e4psema info leiad toote tehnilise info lehelt, mis asub veebilehel pdf failina.\n<\/p>\n\t\t<\/div>\n\t\t\t\t\t<\/div>\n\n\t\n\n\t<div id=\"col-727335754\" class=\"col medium-3 small-12 large-3\"  >\n\t\t\t\t<div class=\"col-inner\"  >\n\t\t\t\n\t\t\t\n\t<div id=\"gap-476835385\" class=\"gap-element clearfix\" style=\"display:block; height:auto;\">\n\t\t\n<style>\n#gap-476835385 {\n  padding-top: 30px;\n}\n<\/style>\n\t<\/div>\n\t\n<h3>Tehniline informatsioon<\/h3>\n<p><a href=\"https:\/\/espak.ee\/epood\/wp-content\/uploads\/2024\/11\/bindo3_tds_2024_est.pdf\"target=\"_blank\" rel=\"noopener noreferrer\"><i class=\"far fa-file-pdf\"><\/i> Tehniline info (PDF)<\/a><\/p>\n<h3>Ohutusalane teave<\/h3>\n<p><a href=\"https:\/\/espak.ee\/epood\/wp-content\/uploads\/2024\/11\/os_ee_et_bindo_3_bw.pdf\"target=\"_blank\" rel=\"noopener noreferrer\"><i class=\"far fa-file-pdf\"><\/i> Ohutuskaart (PDF)<\/a><\/p>\n<div class=\"is-divider divider clearfix\" ><\/div>\n<p><strong>\u00dcksikasjalikuma n\u00f5u saamiseks v\u00f5tke \u00fchendust:<br \/><\/strong>Akzo Nobel Baltics,<br \/> R. Tobiase 8,<br \/> 10147 Tallinn,<br \/> Telefon: + 372 630 5299<\/p>\n<div class=\"is-divider divider clearfix\" ><\/div>\n<h3>Sadolin Visualizer<\/h3>\n<div class=\"video video-fit mb\" style=\"padding-top:56.25%;\"><div style=\"width: 640px;\" class=\"wp-video\"><video class=\"wp-video-shortcode\" id=\"video-218975-1\" width=\"640\" height=\"360\" preload=\"metadata\" controls=\"controls\"><source type=\"video\/mp4\" src=\"http:\/\/espak.ee\/epood\/wp-content\/uploads\/Sadolin-Visualizer.mp4?_=1\" \/><a href=\"http:\/\/espak.ee\/epood\/wp-content\/uploads\/Sadolin-Visualizer.mp4\">http:\/\/espak.ee\/epood\/wp-content\/uploads\/Sadolin-Visualizer.mp4<\/a><\/video><\/div>\n<\/div>\n\t\t<\/div>\n\t\t\t\t\t<\/div>\n\n\t\n<\/div>\n","protected":false},"excerpt":{"rendered":"","protected":false},"featured_media":218909,"comment_status":"closed","ping_status":"closed","template":"","meta":[],"product_brand":[],"product_cat":[2689,2685,2684,2683],"product_tag":[],"class_list":{"0":"post-218975","1":"product","2":"type-product","3":"status-publish","4":"has-post-thumbnail","6":"product_cat-sisevarvid","7":"product_cat-varvid","8":"product_cat-varvid-lakid-lahustid-puidukaitsed-olid","9":"product_cat-viimistluskaubad","10":"product_shipping_class-dpd-cold","11":"pa_kaubamark-akzo-nobel-baltics-as","13":"first","14":"instock","15":"sale","16":"taxable","17":"shipping-taxable","18":"purchasable","19":"product-type-simple"},"yoast_head":"<!-- This site is optimized with the Yoast SEO plugin v26.9 - https:\/\/yoast.com\/product\/yoast-seo-wordpress\/ -->\n<title>SISEV\u00c4RV BINDO 3 BW 0,9L UUS - Espak E-pood<\/title>\n<meta name=\"robots\" content=\"index, follow, max-snippet:-1, max-image-preview:large, max-video-preview:-1\" \/>\n<link rel=\"canonical\" href=\"https:\/\/espak.ee\/epood\/toode\/sisevarv-bindo-3-bw-09l-uus\/\" \/>\n<meta property=\"og:locale\" content=\"et_EE\" \/>\n<meta property=\"og:type\" content=\"article\" \/>\n<meta property=\"og:title\" content=\"SISEV\u00c4RV BINDO 3 BW 0,9L UUS - Espak E-pood\" \/>\n<meta property=\"og:url\" content=\"https:\/\/espak.ee\/epood\/toode\/sisevarv-bindo-3-bw-09l-uus\/\" \/>\n<meta property=\"og:site_name\" content=\"Espak E-pood\" \/>\n<meta property=\"article:modified_time\" content=\"2026-03-21T07:25:27+00:00\" \/>\n<meta property=\"og:image\" content=\"https:\/\/espak.ee\/epood\/wp-content\/uploads\/2024\/11\/Sadolin_Bindo3_0_9L.jpg\" \/>\n\t<meta property=\"og:image:width\" content=\"1000\" \/>\n\t<meta property=\"og:image:height\" content=\"1000\" \/>\n\t<meta property=\"og:image:type\" content=\"image\/jpeg\" \/>\n<meta name=\"twitter:card\" content=\"summary_large_image\" \/>\n<meta name=\"twitter:label1\" content=\"Est. reading time\" \/>\n\t<meta name=\"twitter:data1\" content=\"2 minutit\" \/>\n<script type=\"application\/ld+json\" class=\"yoast-schema-graph\">{\"@context\":\"https:\/\/schema.org\",\"@graph\":[{\"@type\":\"WebPage\",\"@id\":\"https:\/\/espak.ee\/epood\/toode\/sisevarv-bindo-3-bw-09l-uus\/\",\"url\":\"https:\/\/espak.ee\/epood\/toode\/sisevarv-bindo-3-bw-09l-uus\/\",\"name\":\"SISEV\u00c4RV BINDO 3 BW 0,9L UUS - Espak E-pood\",\"isPartOf\":{\"@id\":\"https:\/\/espak.ee\/epood\/#website\"},\"primaryImageOfPage\":{\"@id\":\"https:\/\/espak.ee\/epood\/toode\/sisevarv-bindo-3-bw-09l-uus\/#primaryimage\"},\"image\":{\"@id\":\"https:\/\/espak.ee\/epood\/toode\/sisevarv-bindo-3-bw-09l-uus\/#primaryimage\"},\"thumbnailUrl\":\"https:\/\/espak.ee\/epood\/wp-content\/uploads\/2024\/11\/Sadolin_Bindo3_0_9L.jpg\",\"datePublished\":\"2024-11-21T03:05:03+00:00\",\"dateModified\":\"2026-03-21T07:25:27+00:00\",\"breadcrumb\":{\"@id\":\"https:\/\/espak.ee\/epood\/toode\/sisevarv-bindo-3-bw-09l-uus\/#breadcrumb\"},\"inLanguage\":\"et\",\"potentialAction\":[{\"@type\":\"ReadAction\",\"target\":[\"https:\/\/espak.ee\/epood\/toode\/sisevarv-bindo-3-bw-09l-uus\/\"]}]},{\"@type\":\"ImageObject\",\"inLanguage\":\"et\",\"@id\":\"https:\/\/espak.ee\/epood\/toode\/sisevarv-bindo-3-bw-09l-uus\/#primaryimage\",\"url\":\"https:\/\/espak.ee\/epood\/wp-content\/uploads\/2024\/11\/Sadolin_Bindo3_0_9L.jpg\",\"contentUrl\":\"https:\/\/espak.ee\/epood\/wp-content\/uploads\/2024\/11\/Sadolin_Bindo3_0_9L.jpg\",\"width\":1000,\"height\":1000},{\"@type\":\"BreadcrumbList\",\"@id\":\"https:\/\/espak.ee\/epood\/toode\/sisevarv-bindo-3-bw-09l-uus\/#breadcrumb\",\"itemListElement\":[{\"@type\":\"ListItem\",\"position\":1,\"name\":\"Home\",\"item\":\"https:\/\/espak.ee\/epood\/\"},{\"@type\":\"ListItem\",\"position\":2,\"name\":\"Tootevalik\",\"item\":\"https:\/\/espak.ee\/epood\/tootevalik\/\"},{\"@type\":\"ListItem\",\"position\":3,\"name\":\"SISEV\u00c4RV BINDO 3 BW 0,9L UUS\"}]},{\"@type\":\"WebSite\",\"@id\":\"https:\/\/espak.ee\/epood\/#website\",\"url\":\"https:\/\/espak.ee\/epood\/\",\"name\":\"Espak E-pood\",\"description\":\"\",\"potentialAction\":[{\"@type\":\"SearchAction\",\"target\":{\"@type\":\"EntryPoint\",\"urlTemplate\":\"https:\/\/espak.ee\/epood\/?s={search_term_string}\"},\"query-input\":{\"@type\":\"PropertyValueSpecification\",\"valueRequired\":true,\"valueName\":\"search_term_string\"}}],\"inLanguage\":\"et\"}]}<\/script>\n<!-- \/ Yoast SEO plugin. -->","yoast_head_json":{"title":"SISEV\u00c4RV BINDO 3 BW 0,9L UUS - Espak E-pood","robots":{"index":"index","follow":"follow","max-snippet":"max-snippet:-1","max-image-preview":"max-image-preview:large","max-video-preview":"max-video-preview:-1"},"canonical":"https:\/\/espak.ee\/epood\/toode\/sisevarv-bindo-3-bw-09l-uus\/","og_locale":"et_EE","og_type":"article","og_title":"SISEV\u00c4RV BINDO 3 BW 0,9L UUS - Espak E-pood","og_url":"https:\/\/espak.ee\/epood\/toode\/sisevarv-bindo-3-bw-09l-uus\/","og_site_name":"Espak E-pood","article_modified_time":"2026-03-21T07:25:27+00:00","og_image":[{"width":1000,"height":1000,"url":"https:\/\/espak.ee\/epood\/wp-content\/uploads\/2024\/11\/Sadolin_Bindo3_0_9L.jpg","type":"image\/jpeg"}],"twitter_card":"summary_large_image","twitter_misc":{"Est. reading time":"2 minutit"},"schema":{"@context":"https:\/\/schema.org","@graph":[{"@type":"WebPage","@id":"https:\/\/espak.ee\/epood\/toode\/sisevarv-bindo-3-bw-09l-uus\/","url":"https:\/\/espak.ee\/epood\/toode\/sisevarv-bindo-3-bw-09l-uus\/","name":"SISEV\u00c4RV BINDO 3 BW 0,9L UUS - Espak E-pood","isPartOf":{"@id":"https:\/\/espak.ee\/epood\/#website"},"primaryImageOfPage":{"@id":"https:\/\/espak.ee\/epood\/toode\/sisevarv-bindo-3-bw-09l-uus\/#primaryimage"},"image":{"@id":"https:\/\/espak.ee\/epood\/toode\/sisevarv-bindo-3-bw-09l-uus\/#primaryimage"},"thumbnailUrl":"https:\/\/espak.ee\/epood\/wp-content\/uploads\/2024\/11\/Sadolin_Bindo3_0_9L.jpg","datePublished":"2024-11-21T03:05:03+00:00","dateModified":"2026-03-21T07:25:27+00:00","breadcrumb":{"@id":"https:\/\/espak.ee\/epood\/toode\/sisevarv-bindo-3-bw-09l-uus\/#breadcrumb"},"inLanguage":"et","potentialAction":[{"@type":"ReadAction","target":["https:\/\/espak.ee\/epood\/toode\/sisevarv-bindo-3-bw-09l-uus\/"]}]},{"@type":"ImageObject","inLanguage":"et","@id":"https:\/\/espak.ee\/epood\/toode\/sisevarv-bindo-3-bw-09l-uus\/#primaryimage","url":"https:\/\/espak.ee\/epood\/wp-content\/uploads\/2024\/11\/Sadolin_Bindo3_0_9L.jpg","contentUrl":"https:\/\/espak.ee\/epood\/wp-content\/uploads\/2024\/11\/Sadolin_Bindo3_0_9L.jpg","width":1000,"height":1000},{"@type":"BreadcrumbList","@id":"https:\/\/espak.ee\/epood\/toode\/sisevarv-bindo-3-bw-09l-uus\/#breadcrumb","itemListElement":[{"@type":"ListItem","position":1,"name":"Home","item":"https:\/\/espak.ee\/epood\/"},{"@type":"ListItem","position":2,"name":"Tootevalik","item":"https:\/\/espak.ee\/epood\/tootevalik\/"},{"@type":"ListItem","position":3,"name":"SISEV\u00c4RV BINDO 3 BW 0,9L UUS"}]},{"@type":"WebSite","@id":"https:\/\/espak.ee\/epood\/#website","url":"https:\/\/espak.ee\/epood\/","name":"Espak E-pood","description":"","potentialAction":[{"@type":"SearchAction","target":{"@type":"EntryPoint","urlTemplate":"https:\/\/espak.ee\/epood\/?s={search_term_string}"},"query-input":{"@type":"PropertyValueSpecification","valueRequired":true,"valueName":"search_term_string"}}],"inLanguage":"et"}]}},"_links":{"self":[{"href":"https:\/\/espak.ee\/epood\/wp-json\/wp\/v2\/product\/218975","targetHints":{"allow":["GET"]}}],"collection":[{"href":"https:\/\/espak.ee\/epood\/wp-json\/wp\/v2\/product"}],"about":[{"href":"https:\/\/espak.ee\/epood\/wp-json\/wp\/v2\/types\/product"}],"replies":[{"embeddable":true,"href":"https:\/\/espak.ee\/epood\/wp-json\/wp\/v2\/comments?post=218975"}],"wp:featuredmedia":[{"embeddable":true,"href":"https:\/\/espak.ee\/epood\/wp-json\/wp\/v2\/media\/218909"}],"wp:attachment":[{"href":"https:\/\/espak.ee\/epood\/wp-json\/wp\/v2\/media?parent=218975"}],"wp:term":[{"taxonomy":"product_brand","embeddable":true,"href":"https:\/\/espak.ee\/epood\/wp-json\/wp\/v2\/product_brand?post=218975"},{"taxonomy":"product_cat","embeddable":true,"href":"https:\/\/espak.ee\/epood\/wp-json\/wp\/v2\/product_cat?post=218975"},{"taxonomy":"product_tag","embeddable":true,"href":"https:\/\/espak.ee\/epood\/wp-json\/wp\/v2\/product_tag?post=218975"}],"curies":[{"name":"wp","href":"https:\/\/api.w.org\/{rel}","templated":true}]}}