{"id":218834,"date":"2024-11-20T05:05:22","date_gmt":"2024-11-20T03:05:22","guid":{"rendered":"https:\/\/espak.ee\/epood\/?post_type=product&#038;p=218834"},"modified":"2026-03-21T10:20:33","modified_gmt":"2026-03-21T08:20:33","slug":"kruntvarv-grund-9l-sadolin-uus","status":"publish","type":"product","link":"https:\/\/espak.ee\/epood\/toode\/kruntvarv-grund-9l-sadolin-uus\/","title":{"rendered":"KRUNTV\u00c4RV GRUND 9L SADOLIN UUS"},"content":{"rendered":"<div class=\"row\"  id=\"row-244776593\">\n\n\t<div id=\"col-1031453376\" class=\"col medium-9 small-12 large-9\"  >\n\t\t\t\t<div class=\"col-inner\"  >\n\t\t\t\n\t\t\t\n<h2>Kruntv\u00e4rv GRUND 9L<\/h2>\n<p>Kruntv\u00e4rv siseruumide seintele ja lagedele, mis katab ja t\u00e4idab pinnad ideaalselt. T\u00e4idab kergesti v\u00e4ikesed praod, defektid ja ebatasased pinnad, moodustades v\u00e4rvimiseks sileda pinna. \u00dchtlaselt ja lihtsalt peale kantav h\u00f5lpsalt kasutatav kruntimisvahend aitab ilma suurema pingutuseta saavutada professionaalse v\u00e4limusega tulemuse. Seda kruntv\u00e4rvi saab toonida heledate v\u00e4rvidega. Kruntv\u00e4rv on n\u00f5rga l\u00f5hnaga, sisaldab v\u00e4ga v\u00e4he lenduvaid orgaanilisi \u00fchendeid (LO\u00dcd). Kruntv\u00e4rvil on ka P\u00f5hjamaade Luigem\u00e4rgi (Nordic Swan) sertifi kaat, mis tagab vastavuse rangetele keskkonnastandarditele. Toode sobib poorsete pindade kruntimiseks enne nende v\u00e4rvimist, nt kips-, krohvi- ja betoonpindadele, samuti varem v\u00e4rvimata kipsplaatidele.<\/p>\n<div class=\"message-box relative\" style=\"padding-top:15px;padding-bottom:15px;\"><div class=\"message-box-bg-image bg-fill fill\" ><\/div><div class=\"message-box-bg-overlay bg-fill fill\" ><\/div><div class=\"container relative\"><div class=\"inner last-reset\">\n<div class=\"row align-middle align-center\"  id=\"row-1607146025\">\n\n\t<div id=\"col-1101720521\" class=\"col small-12 large-12\"  >\n\t\t\t\t<div class=\"col-inner text-left\"  >\n\t\t\t\n\t\t\t\n<h4>Omadused<\/h4>\n<div class=\"row\"  id=\"row-1534069423\">\n\n\t<div id=\"col-1515547434\" class=\"col medium-6 small-12 large-6\"  >\n\t\t\t\t<div class=\"col-inner\"  >\n\t\t\t\n\t\t\t\n<p><i class=\"fa fa-check fa-2x\"><\/i> <strong> T\u00e4idab suurep\u00e4raselt v\u00e4ikesed praod, defektid ja eba- tasasused ning seda on lihtne peale kanda<\/strong><\/p>\n\t\t<\/div>\n\t\t\t\t\n<style>\n#col-1515547434 > .col-inner {\n  margin: 10px 0px 15px 0px;\n}\n<\/style>\n\t<\/div>\n\n\t\n\n\t<div id=\"col-1405029175\" class=\"col medium-6 small-12 large-6\"  >\n\t\t\t\t<div class=\"col-inner\"  >\n\t\t\t\n\t\t\t\n<p><i class=\"fa fa-check fa-2x\"><\/i> <strong> Kiiresti kuivav<\/strong><\/p>\n\t\t<\/div>\n\t\t\t\t\n<style>\n#col-1405029175 > .col-inner {\n  margin: 0px 0px 15px 0px;\n}\n<\/style>\n\t<\/div>\n\n\t\n<\/div>\n\t\t<\/div>\n\t\t\t\t\t<\/div>\n\n\t\n<\/div>\n<\/div><\/div><\/div>\n\t<div id=\"gap-1690751351\" class=\"gap-element clearfix\" style=\"display:block; height:auto;\">\n\t\t\n<style>\n#gap-1690751351 {\n  padding-top: 30px;\n}\n<\/style>\n\t<\/div>\n\t\n<p><strong>Kasutusjuhend:<\/strong> Enne kasutamist veendu, et aluspind on sile, puhas ja kuiv, ning vaba tolmust. Kruntimisvahend Grund on kasutusvalmis, kuid vajaduse korral v\u00f5ib seda lahjendada puhta veega kuni 10% mahust. Pealekandmiseks kasutada rulli, pintslit v\u00f5i pihustit. Enne v\u00e4rvimist peab eelmine kiht olema t\u00e4iesti kuiv. \u00d5hu ja pinna temperatuur kruntimise\/v\u00e4rvimise ajal peab olema +10&#8230;25 \u00b0C (soovitatav +18\u00b12 \u00b0C), suhteline \u00f5huniiskus 40&#8230;80% (soovitatav 65%). Soovitatust k\u00f5rgem v\u00f5i madalam temperatuur v\u00f5i tuulet\u00f5mbus v\u00f5ib p\u00f5hjustada ebakvaliteetse krundikihi moodustumise. Lihvida krunditud pind \u00f5rnalt peeneteralise liivapaberiga ja eemaldada tolm. Erksav\u00e4rviliste v\u00e4rvide (punane, kollane, oran\u017e) kasutamisel on soovitatav pind kruntida kruntv\u00e4rviga, mille v\u00e4rvus on v\u00f5imalikult l\u00e4hedane viimistlusv\u00e4rvi v\u00e4rvusele. Peale kruntimist ja kuivamist v\u00e4rvi pind Sadolini v\u00e4rvivalikust valitud v\u00e4rviga.T\u00e4psemalt loe toote tehniliselt lehelt, mis asub veebilehel.\n<\/p>\n\t\t<\/div>\n\t\t\t\t\t<\/div>\n\n\t\n\n\t<div id=\"col-1128932215\" class=\"col medium-3 small-12 large-3\"  >\n\t\t\t\t<div class=\"col-inner\"  >\n\t\t\t\n\t\t\t\n\t<div id=\"gap-1688799858\" class=\"gap-element clearfix\" style=\"display:block; height:auto;\">\n\t\t\n<style>\n#gap-1688799858 {\n  padding-top: 30px;\n}\n<\/style>\n\t<\/div>\n\t\n<h3>Tehniline informatsioon<\/h3>\n<p><a href=\"https:\/\/espak.ee\/epood\/wp-content\/uploads\/2024\/11\/sadolin_grund_tds_2024_est.pdf\"target=\"_blank\" rel=\"noopener noreferrer\"><i class=\"far fa-file-pdf\"><\/i> Tehniline info (PDF)<\/a><\/p>\n<h3>Ohutusalane teave<\/h3>\n<p><a href=\"https:\/\/espak.ee\/epood\/wp-content\/uploads\/2024\/11\/os_ee_et_grund.pdf\"target=\"_blank\" rel=\"noopener noreferrer\"><i class=\"far fa-file-pdf\"><\/i> Ohutuskaart (PDF)<\/a><\/p>\n<div class=\"is-divider divider clearfix\" ><\/div>\n<p><strong>\u00dcksikasjalikuma n\u00f5u saamiseks v\u00f5tke \u00fchendust:<br \/><\/strong>Akzo Nobel Baltics,<br \/> R. Tobiase 8,<br \/> 10147 Tallinn,<br \/> Telefon: + 372 630 5299<\/p>\n<div class=\"is-divider divider clearfix\" ><\/div>\n<h3>Sadolin Visualizer<\/h3>\n<div class=\"video video-fit mb\" style=\"padding-top:56.25%;\"><div style=\"width: 640px;\" class=\"wp-video\"><video class=\"wp-video-shortcode\" id=\"video-218834-1\" width=\"640\" height=\"360\" preload=\"metadata\" controls=\"controls\"><source type=\"video\/mp4\" src=\"http:\/\/espak.ee\/epood\/wp-content\/uploads\/Sadolin-Visualizer.mp4?_=1\" \/><a href=\"http:\/\/espak.ee\/epood\/wp-content\/uploads\/Sadolin-Visualizer.mp4\">http:\/\/espak.ee\/epood\/wp-content\/uploads\/Sadolin-Visualizer.mp4<\/a><\/video><\/div>\n<\/div>\n\t\t<\/div>\n\t\t\t\t\t<\/div>\n\n\t\n<\/div>\n","protected":false},"excerpt":{"rendered":"","protected":false},"featured_media":218943,"comment_status":"closed","ping_status":"closed","template":"","meta":[],"product_brand":[],"product_cat":[2683],"product_tag":[],"class_list":{"0":"post-218834","1":"product","2":"type-product","3":"status-publish","4":"has-post-thumbnail","6":"product_cat-viimistluskaubad","8":"first","9":"instock","10":"sale","11":"taxable","12":"shipping-taxable","13":"purchasable","14":"product-type-simple"},"yoast_head":"<!-- This site is optimized with the Yoast SEO plugin v26.9 - https:\/\/yoast.com\/product\/yoast-seo-wordpress\/ -->\n<title>KRUNTV\u00c4RV GRUND 9L SADOLIN UUS - Espak E-pood<\/title>\n<meta name=\"robots\" content=\"index, follow, max-snippet:-1, max-image-preview:large, max-video-preview:-1\" \/>\n<link rel=\"canonical\" href=\"https:\/\/espak.ee\/epood\/toode\/kruntvarv-grund-9l-sadolin-uus\/\" \/>\n<meta property=\"og:locale\" content=\"et_EE\" \/>\n<meta property=\"og:type\" content=\"article\" \/>\n<meta property=\"og:title\" content=\"KRUNTV\u00c4RV GRUND 9L SADOLIN UUS - Espak E-pood\" \/>\n<meta property=\"og:url\" content=\"https:\/\/espak.ee\/epood\/toode\/kruntvarv-grund-9l-sadolin-uus\/\" \/>\n<meta property=\"og:site_name\" content=\"Espak E-pood\" \/>\n<meta property=\"article:modified_time\" content=\"2026-03-21T08:20:33+00:00\" \/>\n<meta property=\"og:image\" content=\"https:\/\/espak.ee\/epood\/wp-content\/uploads\/2024\/11\/Sadolin_Grund_9L.jpg\" \/>\n\t<meta property=\"og:image:width\" content=\"1000\" \/>\n\t<meta property=\"og:image:height\" content=\"1000\" \/>\n\t<meta property=\"og:image:type\" content=\"image\/jpeg\" \/>\n<meta name=\"twitter:card\" content=\"summary_large_image\" \/>\n<meta name=\"twitter:label1\" content=\"Est. reading time\" \/>\n\t<meta name=\"twitter:data1\" content=\"2 minutit\" \/>\n<script type=\"application\/ld+json\" class=\"yoast-schema-graph\">{\"@context\":\"https:\/\/schema.org\",\"@graph\":[{\"@type\":\"WebPage\",\"@id\":\"https:\/\/espak.ee\/epood\/toode\/kruntvarv-grund-9l-sadolin-uus\/\",\"url\":\"https:\/\/espak.ee\/epood\/toode\/kruntvarv-grund-9l-sadolin-uus\/\",\"name\":\"KRUNTV\u00c4RV GRUND 9L SADOLIN UUS - Espak E-pood\",\"isPartOf\":{\"@id\":\"https:\/\/espak.ee\/epood\/#website\"},\"primaryImageOfPage\":{\"@id\":\"https:\/\/espak.ee\/epood\/toode\/kruntvarv-grund-9l-sadolin-uus\/#primaryimage\"},\"image\":{\"@id\":\"https:\/\/espak.ee\/epood\/toode\/kruntvarv-grund-9l-sadolin-uus\/#primaryimage\"},\"thumbnailUrl\":\"https:\/\/espak.ee\/epood\/wp-content\/uploads\/2024\/11\/Sadolin_Grund_9L.jpg\",\"datePublished\":\"2024-11-20T03:05:22+00:00\",\"dateModified\":\"2026-03-21T08:20:33+00:00\",\"breadcrumb\":{\"@id\":\"https:\/\/espak.ee\/epood\/toode\/kruntvarv-grund-9l-sadolin-uus\/#breadcrumb\"},\"inLanguage\":\"et\",\"potentialAction\":[{\"@type\":\"ReadAction\",\"target\":[\"https:\/\/espak.ee\/epood\/toode\/kruntvarv-grund-9l-sadolin-uus\/\"]}]},{\"@type\":\"ImageObject\",\"inLanguage\":\"et\",\"@id\":\"https:\/\/espak.ee\/epood\/toode\/kruntvarv-grund-9l-sadolin-uus\/#primaryimage\",\"url\":\"https:\/\/espak.ee\/epood\/wp-content\/uploads\/2024\/11\/Sadolin_Grund_9L.jpg\",\"contentUrl\":\"https:\/\/espak.ee\/epood\/wp-content\/uploads\/2024\/11\/Sadolin_Grund_9L.jpg\",\"width\":1000,\"height\":1000},{\"@type\":\"BreadcrumbList\",\"@id\":\"https:\/\/espak.ee\/epood\/toode\/kruntvarv-grund-9l-sadolin-uus\/#breadcrumb\",\"itemListElement\":[{\"@type\":\"ListItem\",\"position\":1,\"name\":\"Home\",\"item\":\"https:\/\/espak.ee\/epood\/\"},{\"@type\":\"ListItem\",\"position\":2,\"name\":\"Tootevalik\",\"item\":\"https:\/\/espak.ee\/epood\/tootevalik\/\"},{\"@type\":\"ListItem\",\"position\":3,\"name\":\"KRUNTV\u00c4RV GRUND 9L SADOLIN UUS\"}]},{\"@type\":\"WebSite\",\"@id\":\"https:\/\/espak.ee\/epood\/#website\",\"url\":\"https:\/\/espak.ee\/epood\/\",\"name\":\"Espak E-pood\",\"description\":\"\",\"potentialAction\":[{\"@type\":\"SearchAction\",\"target\":{\"@type\":\"EntryPoint\",\"urlTemplate\":\"https:\/\/espak.ee\/epood\/?s={search_term_string}\"},\"query-input\":{\"@type\":\"PropertyValueSpecification\",\"valueRequired\":true,\"valueName\":\"search_term_string\"}}],\"inLanguage\":\"et\"}]}<\/script>\n<!-- \/ Yoast SEO plugin. -->","yoast_head_json":{"title":"KRUNTV\u00c4RV GRUND 9L SADOLIN UUS - Espak E-pood","robots":{"index":"index","follow":"follow","max-snippet":"max-snippet:-1","max-image-preview":"max-image-preview:large","max-video-preview":"max-video-preview:-1"},"canonical":"https:\/\/espak.ee\/epood\/toode\/kruntvarv-grund-9l-sadolin-uus\/","og_locale":"et_EE","og_type":"article","og_title":"KRUNTV\u00c4RV GRUND 9L SADOLIN UUS - Espak E-pood","og_url":"https:\/\/espak.ee\/epood\/toode\/kruntvarv-grund-9l-sadolin-uus\/","og_site_name":"Espak E-pood","article_modified_time":"2026-03-21T08:20:33+00:00","og_image":[{"width":1000,"height":1000,"url":"https:\/\/espak.ee\/epood\/wp-content\/uploads\/2024\/11\/Sadolin_Grund_9L.jpg","type":"image\/jpeg"}],"twitter_card":"summary_large_image","twitter_misc":{"Est. reading time":"2 minutit"},"schema":{"@context":"https:\/\/schema.org","@graph":[{"@type":"WebPage","@id":"https:\/\/espak.ee\/epood\/toode\/kruntvarv-grund-9l-sadolin-uus\/","url":"https:\/\/espak.ee\/epood\/toode\/kruntvarv-grund-9l-sadolin-uus\/","name":"KRUNTV\u00c4RV GRUND 9L SADOLIN UUS - Espak E-pood","isPartOf":{"@id":"https:\/\/espak.ee\/epood\/#website"},"primaryImageOfPage":{"@id":"https:\/\/espak.ee\/epood\/toode\/kruntvarv-grund-9l-sadolin-uus\/#primaryimage"},"image":{"@id":"https:\/\/espak.ee\/epood\/toode\/kruntvarv-grund-9l-sadolin-uus\/#primaryimage"},"thumbnailUrl":"https:\/\/espak.ee\/epood\/wp-content\/uploads\/2024\/11\/Sadolin_Grund_9L.jpg","datePublished":"2024-11-20T03:05:22+00:00","dateModified":"2026-03-21T08:20:33+00:00","breadcrumb":{"@id":"https:\/\/espak.ee\/epood\/toode\/kruntvarv-grund-9l-sadolin-uus\/#breadcrumb"},"inLanguage":"et","potentialAction":[{"@type":"ReadAction","target":["https:\/\/espak.ee\/epood\/toode\/kruntvarv-grund-9l-sadolin-uus\/"]}]},{"@type":"ImageObject","inLanguage":"et","@id":"https:\/\/espak.ee\/epood\/toode\/kruntvarv-grund-9l-sadolin-uus\/#primaryimage","url":"https:\/\/espak.ee\/epood\/wp-content\/uploads\/2024\/11\/Sadolin_Grund_9L.jpg","contentUrl":"https:\/\/espak.ee\/epood\/wp-content\/uploads\/2024\/11\/Sadolin_Grund_9L.jpg","width":1000,"height":1000},{"@type":"BreadcrumbList","@id":"https:\/\/espak.ee\/epood\/toode\/kruntvarv-grund-9l-sadolin-uus\/#breadcrumb","itemListElement":[{"@type":"ListItem","position":1,"name":"Home","item":"https:\/\/espak.ee\/epood\/"},{"@type":"ListItem","position":2,"name":"Tootevalik","item":"https:\/\/espak.ee\/epood\/tootevalik\/"},{"@type":"ListItem","position":3,"name":"KRUNTV\u00c4RV GRUND 9L SADOLIN UUS"}]},{"@type":"WebSite","@id":"https:\/\/espak.ee\/epood\/#website","url":"https:\/\/espak.ee\/epood\/","name":"Espak E-pood","description":"","potentialAction":[{"@type":"SearchAction","target":{"@type":"EntryPoint","urlTemplate":"https:\/\/espak.ee\/epood\/?s={search_term_string}"},"query-input":{"@type":"PropertyValueSpecification","valueRequired":true,"valueName":"search_term_string"}}],"inLanguage":"et"}]}},"_links":{"self":[{"href":"https:\/\/espak.ee\/epood\/wp-json\/wp\/v2\/product\/218834","targetHints":{"allow":["GET"]}}],"collection":[{"href":"https:\/\/espak.ee\/epood\/wp-json\/wp\/v2\/product"}],"about":[{"href":"https:\/\/espak.ee\/epood\/wp-json\/wp\/v2\/types\/product"}],"replies":[{"embeddable":true,"href":"https:\/\/espak.ee\/epood\/wp-json\/wp\/v2\/comments?post=218834"}],"wp:featuredmedia":[{"embeddable":true,"href":"https:\/\/espak.ee\/epood\/wp-json\/wp\/v2\/media\/218943"}],"wp:attachment":[{"href":"https:\/\/espak.ee\/epood\/wp-json\/wp\/v2\/media?parent=218834"}],"wp:term":[{"taxonomy":"product_brand","embeddable":true,"href":"https:\/\/espak.ee\/epood\/wp-json\/wp\/v2\/product_brand?post=218834"},{"taxonomy":"product_cat","embeddable":true,"href":"https:\/\/espak.ee\/epood\/wp-json\/wp\/v2\/product_cat?post=218834"},{"taxonomy":"product_tag","embeddable":true,"href":"https:\/\/espak.ee\/epood\/wp-json\/wp\/v2\/product_tag?post=218834"}],"curies":[{"name":"wp","href":"https:\/\/api.w.org\/{rel}","templated":true}]}}