{"id":218832,"date":"2024-11-20T05:05:22","date_gmt":"2024-11-20T03:05:22","guid":{"rendered":"https:\/\/espak.ee\/epood\/?post_type=product&#038;p=218832"},"modified":"2026-03-21T10:20:32","modified_gmt":"2026-03-21T08:20:32","slug":"kruntvarv-keerulistele-pindadele-super-grund-9l-sadolin","status":"publish","type":"product","link":"https:\/\/espak.ee\/epood\/toode\/kruntvarv-keerulistele-pindadele-super-grund-9l-sadolin\/","title":{"rendered":"KRUNTV\u00c4RV KEERULISTELE PINDADELE SUPER GRUND 9L SADOLIN"},"content":{"rendered":"<div class=\"row\"  id=\"row-551393326\">\n\n\t<div id=\"col-861738911\" class=\"col medium-9 small-12 large-9\"  >\n\t\t\t\t<div class=\"col-inner\"  >\n\t\t\t\n\t\t\t\n<h2>Kruntv\u00e4rv SUPER GRUND 9L<\/h2>\n<p>Usaldusv\u00e4\u00e4rne kruntimislahendus, mis v\u00f5imaldab lihtsasti t\u00f6\u00f6delda keerulisi pindu. See krunt nakkub h\u00e4sti k\u00f5ige keerulisemate pindadega, mille tulemuseks on veatu ja kauakestev v\u00e4rvikiht. Olenemata sellest, kas t\u00f6\u00f6tlete puitlaastplaate, plaate, j\u00e4ika PVCd v\u00f5i muid pindu, nakkub see krunt h\u00e4sti ja tagab v\u00e4rvi nakke keerulise pinnaga. Kiiresti kuivav ja kergesti pealekantav kruntv\u00e4rv, mist\u00f5ttu \u00f5nnestub v\u00e4rvimist\u00f6\u00f6d teostada kiiresti ja lihtsalt. Krunt on m\u00f5eldud siset\u00f6\u00f6deks, sobib m\u00f6\u00f6bli, plaatide, uste, aknalaudade, liistude ja muude keerukate pindade kruntimiseks. Enne lateksv\u00e4rviga v\u00e4rvimist on v\u00f5imalik kruntida ka seinad ja laed.Sobib uute ja varem v\u00e4rvitud puit-, krohvi-, betoon- ja telliskivipindade, kips-, puitkiud-, puitlaast- ja glasuurplaatide kruntimiseks.<\/p>\n<div class=\"message-box relative\" style=\"padding-top:15px;padding-bottom:15px;\"><div class=\"message-box-bg-image bg-fill fill\" ><\/div><div class=\"message-box-bg-overlay bg-fill fill\" ><\/div><div class=\"container relative\"><div class=\"inner last-reset\">\n<div class=\"row align-middle align-center\"  id=\"row-260635033\">\n\n\t<div id=\"col-173275063\" class=\"col small-12 large-12\"  >\n\t\t\t\t<div class=\"col-inner text-left\"  >\n\t\t\t\n\t\t\t\n<h4>Omadused<\/h4>\n<div class=\"row\"  id=\"row-1644176299\">\n\n\t<div id=\"col-193407507\" class=\"col medium-6 small-12 large-6\"  >\n\t\t\t\t<div class=\"col-inner\"  >\n\t\t\t\n\t\t\t\n<p><i class=\"fa fa-check fa-2x\"><\/i> <strong> Suurep\u00e4rane nakkuvus erinevate keeruliste pindadega \u2013 MDF, plaadid, UPVC jne<\/strong><\/p>\n\t\t<\/div>\n\t\t\t\t\n<style>\n#col-193407507 > .col-inner {\n  margin: 10px 0px 15px 0px;\n}\n<\/style>\n\t<\/div>\n\n\t\n\n\t<div id=\"col-875747607\" class=\"col medium-6 small-12 large-6\"  >\n\t\t\t\t<div class=\"col-inner\"  >\n\t\t\t\n\t\t\t\n<p><i class=\"fa fa-check fa-2x\"><\/i> <strong> Kiiresti kuivav ja kergesti pealekantav<\/strong><\/p>\n\t\t<\/div>\n\t\t\t\t\n<style>\n#col-875747607 > .col-inner {\n  margin: 0px 0px 15px 0px;\n}\n<\/style>\n\t<\/div>\n\n\t\n<\/div>\n\t\t<\/div>\n\t\t\t\t\t<\/div>\n\n\t\n<\/div>\n<\/div><\/div><\/div>\n\t<div id=\"gap-993004100\" class=\"gap-element clearfix\" style=\"display:block; height:auto;\">\n\t\t\n<style>\n#gap-993004100 {\n  padding-top: 30px;\n}\n<\/style>\n\t<\/div>\n\t\n<p><strong>Kasutusjuhend:<\/strong> Enne kasutamist veendu, et aluspind on sile, puhas ja kuiv, ning vaba tolmust. Enne kasutamist kruntv\u00e4rv korralikult segada. Kanda pinnale \u00fcks kiht Super Grundi. Krunt on kasutusvalmis, kuid vajaduse korral v\u00f5ib seda lahjendada puhta veega (kuni 10% mahust). Pealekandmiseks kasutada rulli, pintslit v\u00f5i pihustit. Enne v\u00e4rvimist peab eelmine kiht olema t\u00e4iesti kuiv. \u00d5hu ja pinna temperatuur kruntimise ja\/ v\u00f5i v\u00e4rvimise ajal peab olema +10&#8230;25 \u00b0C (soovitatav +18\u00b12 \u00b0C), suhteline \u00f5huniiskus 40&#8230;80% (soovitatav 65%). Soovitatust k\u00f5rgem v\u00f5i madalam temperatuur v\u00f5i tuulet\u00f5mbus v\u00f5ib p\u00f5hjustada ebakvaliteetse krundi\/ v\u00e4rvikile moodustumise. Lihvida kuivanud krunditud pind \u00f5rnalt peeneteralise liivapaberiga ja eemaldada tolm. Erksav\u00e4rviliste v\u00e4rvide (punane, kollane, oran\u017e) kasutamisel on soovitatav pind kruntida kruntv\u00e4rviga, mille v\u00e4rvus on v\u00f5imalikult l\u00e4hedane viimistlusv\u00e4rvi v\u00e4rvusele. Peale kruntimist ja kuivamist v\u00e4rvi pind Sadolini v\u00e4rvivalikust valitud v\u00e4rviga.T\u00e4psemalt loe toote tehniliselt lehelt.\n<\/p>\n\t\t<\/div>\n\t\t\t\t\t<\/div>\n\n\t\n\n\t<div id=\"col-732163462\" class=\"col medium-3 small-12 large-3\"  >\n\t\t\t\t<div class=\"col-inner\"  >\n\t\t\t\n\t\t\t\n\t<div id=\"gap-751001888\" class=\"gap-element clearfix\" style=\"display:block; height:auto;\">\n\t\t\n<style>\n#gap-751001888 {\n  padding-top: 30px;\n}\n<\/style>\n\t<\/div>\n\t\n<h3>Tehniline informatsioon<\/h3>\n<p><a href=\"https:\/\/espak.ee\/epood\/wp-content\/uploads\/2024\/11\/sadolin_super_grund_tds_2024_est.pdf\"target=\"_blank\" rel=\"noopener noreferrer\"><i class=\"far fa-file-pdf\"><\/i> Tehniline info (PDF)<\/a><\/p>\n<h3>Ohutusalane teave<\/h3>\n<p><a href=\"https:\/\/espak.ee\/epood\/wp-content\/uploads\/2024\/11\/os_ee_et_super_grund.pdf\"target=\"_blank\" rel=\"noopener noreferrer\"><i class=\"far fa-file-pdf\"><\/i> Ohutuskaart (PDF)<\/a><\/p>\n<div class=\"is-divider divider clearfix\" ><\/div>\n<p><strong>\u00dcksikasjalikuma n\u00f5u saamiseks v\u00f5tke \u00fchendust:<br \/><\/strong>Akzo Nobel Baltics,<br \/> R. Tobiase 8,<br \/> 10147 Tallinn,<br \/> Telefon: + 372 630 5299<\/p>\n<div class=\"is-divider divider clearfix\" ><\/div>\n<h3>Sadolin Visualizer<\/h3>\n<div class=\"video video-fit mb\" style=\"padding-top:56.25%;\"><div style=\"width: 640px;\" class=\"wp-video\"><video class=\"wp-video-shortcode\" id=\"video-218832-1\" width=\"640\" height=\"360\" preload=\"metadata\" controls=\"controls\"><source type=\"video\/mp4\" src=\"http:\/\/espak.ee\/epood\/wp-content\/uploads\/Sadolin-Visualizer.mp4?_=1\" \/><a href=\"http:\/\/espak.ee\/epood\/wp-content\/uploads\/Sadolin-Visualizer.mp4\">http:\/\/espak.ee\/epood\/wp-content\/uploads\/Sadolin-Visualizer.mp4<\/a><\/video><\/div>\n<\/div>\n\t\t<\/div>\n\t\t\t\t\t<\/div>\n\n\t\n<\/div>\n","protected":false},"excerpt":{"rendered":"","protected":false},"featured_media":218946,"comment_status":"closed","ping_status":"closed","template":"","meta":[],"product_brand":[],"product_cat":[2683],"product_tag":[],"class_list":{"0":"post-218832","1":"product","2":"type-product","3":"status-publish","4":"has-post-thumbnail","6":"product_cat-viimistluskaubad","8":"first","9":"instock","10":"sale","11":"taxable","12":"shipping-taxable","13":"purchasable","14":"product-type-simple"},"yoast_head":"<!-- This site is optimized with the Yoast SEO plugin v26.9 - https:\/\/yoast.com\/product\/yoast-seo-wordpress\/ -->\n<title>KRUNTV\u00c4RV KEERULISTELE PINDADELE SUPER GRUND 9L SADOLIN - Espak E-pood<\/title>\n<meta name=\"robots\" content=\"index, follow, max-snippet:-1, max-image-preview:large, max-video-preview:-1\" \/>\n<link rel=\"canonical\" href=\"https:\/\/espak.ee\/epood\/toode\/kruntvarv-keerulistele-pindadele-super-grund-9l-sadolin\/\" \/>\n<meta property=\"og:locale\" content=\"et_EE\" \/>\n<meta property=\"og:type\" content=\"article\" \/>\n<meta property=\"og:title\" content=\"KRUNTV\u00c4RV KEERULISTELE PINDADELE SUPER GRUND 9L SADOLIN - Espak E-pood\" \/>\n<meta property=\"og:url\" content=\"https:\/\/espak.ee\/epood\/toode\/kruntvarv-keerulistele-pindadele-super-grund-9l-sadolin\/\" \/>\n<meta property=\"og:site_name\" content=\"Espak E-pood\" \/>\n<meta property=\"article:modified_time\" content=\"2026-03-21T08:20:32+00:00\" \/>\n<meta property=\"og:image\" content=\"https:\/\/espak.ee\/epood\/wp-content\/uploads\/2024\/11\/Sadolin_SuperGrund_9L.jpg\" \/>\n\t<meta property=\"og:image:width\" content=\"1000\" \/>\n\t<meta property=\"og:image:height\" content=\"1000\" \/>\n\t<meta property=\"og:image:type\" content=\"image\/jpeg\" \/>\n<meta name=\"twitter:card\" content=\"summary_large_image\" \/>\n<meta name=\"twitter:label1\" content=\"Est. reading time\" \/>\n\t<meta name=\"twitter:data1\" content=\"2 minutit\" \/>\n<script type=\"application\/ld+json\" class=\"yoast-schema-graph\">{\"@context\":\"https:\/\/schema.org\",\"@graph\":[{\"@type\":\"WebPage\",\"@id\":\"https:\/\/espak.ee\/epood\/toode\/kruntvarv-keerulistele-pindadele-super-grund-9l-sadolin\/\",\"url\":\"https:\/\/espak.ee\/epood\/toode\/kruntvarv-keerulistele-pindadele-super-grund-9l-sadolin\/\",\"name\":\"KRUNTV\u00c4RV KEERULISTELE PINDADELE SUPER GRUND 9L SADOLIN - Espak E-pood\",\"isPartOf\":{\"@id\":\"https:\/\/espak.ee\/epood\/#website\"},\"primaryImageOfPage\":{\"@id\":\"https:\/\/espak.ee\/epood\/toode\/kruntvarv-keerulistele-pindadele-super-grund-9l-sadolin\/#primaryimage\"},\"image\":{\"@id\":\"https:\/\/espak.ee\/epood\/toode\/kruntvarv-keerulistele-pindadele-super-grund-9l-sadolin\/#primaryimage\"},\"thumbnailUrl\":\"https:\/\/espak.ee\/epood\/wp-content\/uploads\/2024\/11\/Sadolin_SuperGrund_9L.jpg\",\"datePublished\":\"2024-11-20T03:05:22+00:00\",\"dateModified\":\"2026-03-21T08:20:32+00:00\",\"breadcrumb\":{\"@id\":\"https:\/\/espak.ee\/epood\/toode\/kruntvarv-keerulistele-pindadele-super-grund-9l-sadolin\/#breadcrumb\"},\"inLanguage\":\"et\",\"potentialAction\":[{\"@type\":\"ReadAction\",\"target\":[\"https:\/\/espak.ee\/epood\/toode\/kruntvarv-keerulistele-pindadele-super-grund-9l-sadolin\/\"]}]},{\"@type\":\"ImageObject\",\"inLanguage\":\"et\",\"@id\":\"https:\/\/espak.ee\/epood\/toode\/kruntvarv-keerulistele-pindadele-super-grund-9l-sadolin\/#primaryimage\",\"url\":\"https:\/\/espak.ee\/epood\/wp-content\/uploads\/2024\/11\/Sadolin_SuperGrund_9L.jpg\",\"contentUrl\":\"https:\/\/espak.ee\/epood\/wp-content\/uploads\/2024\/11\/Sadolin_SuperGrund_9L.jpg\",\"width\":1000,\"height\":1000},{\"@type\":\"BreadcrumbList\",\"@id\":\"https:\/\/espak.ee\/epood\/toode\/kruntvarv-keerulistele-pindadele-super-grund-9l-sadolin\/#breadcrumb\",\"itemListElement\":[{\"@type\":\"ListItem\",\"position\":1,\"name\":\"Home\",\"item\":\"https:\/\/espak.ee\/epood\/\"},{\"@type\":\"ListItem\",\"position\":2,\"name\":\"Tootevalik\",\"item\":\"https:\/\/espak.ee\/epood\/tootevalik\/\"},{\"@type\":\"ListItem\",\"position\":3,\"name\":\"KRUNTV\u00c4RV KEERULISTELE PINDADELE SUPER GRUND 9L SADOLIN\"}]},{\"@type\":\"WebSite\",\"@id\":\"https:\/\/espak.ee\/epood\/#website\",\"url\":\"https:\/\/espak.ee\/epood\/\",\"name\":\"Espak E-pood\",\"description\":\"\",\"potentialAction\":[{\"@type\":\"SearchAction\",\"target\":{\"@type\":\"EntryPoint\",\"urlTemplate\":\"https:\/\/espak.ee\/epood\/?s={search_term_string}\"},\"query-input\":{\"@type\":\"PropertyValueSpecification\",\"valueRequired\":true,\"valueName\":\"search_term_string\"}}],\"inLanguage\":\"et\"}]}<\/script>\n<!-- \/ Yoast SEO plugin. -->","yoast_head_json":{"title":"KRUNTV\u00c4RV KEERULISTELE PINDADELE SUPER GRUND 9L SADOLIN - Espak E-pood","robots":{"index":"index","follow":"follow","max-snippet":"max-snippet:-1","max-image-preview":"max-image-preview:large","max-video-preview":"max-video-preview:-1"},"canonical":"https:\/\/espak.ee\/epood\/toode\/kruntvarv-keerulistele-pindadele-super-grund-9l-sadolin\/","og_locale":"et_EE","og_type":"article","og_title":"KRUNTV\u00c4RV KEERULISTELE PINDADELE SUPER GRUND 9L SADOLIN - Espak E-pood","og_url":"https:\/\/espak.ee\/epood\/toode\/kruntvarv-keerulistele-pindadele-super-grund-9l-sadolin\/","og_site_name":"Espak E-pood","article_modified_time":"2026-03-21T08:20:32+00:00","og_image":[{"width":1000,"height":1000,"url":"https:\/\/espak.ee\/epood\/wp-content\/uploads\/2024\/11\/Sadolin_SuperGrund_9L.jpg","type":"image\/jpeg"}],"twitter_card":"summary_large_image","twitter_misc":{"Est. reading time":"2 minutit"},"schema":{"@context":"https:\/\/schema.org","@graph":[{"@type":"WebPage","@id":"https:\/\/espak.ee\/epood\/toode\/kruntvarv-keerulistele-pindadele-super-grund-9l-sadolin\/","url":"https:\/\/espak.ee\/epood\/toode\/kruntvarv-keerulistele-pindadele-super-grund-9l-sadolin\/","name":"KRUNTV\u00c4RV KEERULISTELE PINDADELE SUPER GRUND 9L SADOLIN - Espak E-pood","isPartOf":{"@id":"https:\/\/espak.ee\/epood\/#website"},"primaryImageOfPage":{"@id":"https:\/\/espak.ee\/epood\/toode\/kruntvarv-keerulistele-pindadele-super-grund-9l-sadolin\/#primaryimage"},"image":{"@id":"https:\/\/espak.ee\/epood\/toode\/kruntvarv-keerulistele-pindadele-super-grund-9l-sadolin\/#primaryimage"},"thumbnailUrl":"https:\/\/espak.ee\/epood\/wp-content\/uploads\/2024\/11\/Sadolin_SuperGrund_9L.jpg","datePublished":"2024-11-20T03:05:22+00:00","dateModified":"2026-03-21T08:20:32+00:00","breadcrumb":{"@id":"https:\/\/espak.ee\/epood\/toode\/kruntvarv-keerulistele-pindadele-super-grund-9l-sadolin\/#breadcrumb"},"inLanguage":"et","potentialAction":[{"@type":"ReadAction","target":["https:\/\/espak.ee\/epood\/toode\/kruntvarv-keerulistele-pindadele-super-grund-9l-sadolin\/"]}]},{"@type":"ImageObject","inLanguage":"et","@id":"https:\/\/espak.ee\/epood\/toode\/kruntvarv-keerulistele-pindadele-super-grund-9l-sadolin\/#primaryimage","url":"https:\/\/espak.ee\/epood\/wp-content\/uploads\/2024\/11\/Sadolin_SuperGrund_9L.jpg","contentUrl":"https:\/\/espak.ee\/epood\/wp-content\/uploads\/2024\/11\/Sadolin_SuperGrund_9L.jpg","width":1000,"height":1000},{"@type":"BreadcrumbList","@id":"https:\/\/espak.ee\/epood\/toode\/kruntvarv-keerulistele-pindadele-super-grund-9l-sadolin\/#breadcrumb","itemListElement":[{"@type":"ListItem","position":1,"name":"Home","item":"https:\/\/espak.ee\/epood\/"},{"@type":"ListItem","position":2,"name":"Tootevalik","item":"https:\/\/espak.ee\/epood\/tootevalik\/"},{"@type":"ListItem","position":3,"name":"KRUNTV\u00c4RV KEERULISTELE PINDADELE SUPER GRUND 9L SADOLIN"}]},{"@type":"WebSite","@id":"https:\/\/espak.ee\/epood\/#website","url":"https:\/\/espak.ee\/epood\/","name":"Espak E-pood","description":"","potentialAction":[{"@type":"SearchAction","target":{"@type":"EntryPoint","urlTemplate":"https:\/\/espak.ee\/epood\/?s={search_term_string}"},"query-input":{"@type":"PropertyValueSpecification","valueRequired":true,"valueName":"search_term_string"}}],"inLanguage":"et"}]}},"_links":{"self":[{"href":"https:\/\/espak.ee\/epood\/wp-json\/wp\/v2\/product\/218832","targetHints":{"allow":["GET"]}}],"collection":[{"href":"https:\/\/espak.ee\/epood\/wp-json\/wp\/v2\/product"}],"about":[{"href":"https:\/\/espak.ee\/epood\/wp-json\/wp\/v2\/types\/product"}],"replies":[{"embeddable":true,"href":"https:\/\/espak.ee\/epood\/wp-json\/wp\/v2\/comments?post=218832"}],"wp:featuredmedia":[{"embeddable":true,"href":"https:\/\/espak.ee\/epood\/wp-json\/wp\/v2\/media\/218946"}],"wp:attachment":[{"href":"https:\/\/espak.ee\/epood\/wp-json\/wp\/v2\/media?parent=218832"}],"wp:term":[{"taxonomy":"product_brand","embeddable":true,"href":"https:\/\/espak.ee\/epood\/wp-json\/wp\/v2\/product_brand?post=218832"},{"taxonomy":"product_cat","embeddable":true,"href":"https:\/\/espak.ee\/epood\/wp-json\/wp\/v2\/product_cat?post=218832"},{"taxonomy":"product_tag","embeddable":true,"href":"https:\/\/espak.ee\/epood\/wp-json\/wp\/v2\/product_tag?post=218832"}],"curies":[{"name":"wp","href":"https:\/\/api.w.org\/{rel}","templated":true}]}}