{"id":218809,"date":"2024-11-20T05:05:02","date_gmt":"2024-11-20T03:05:02","guid":{"rendered":"https:\/\/espak.ee\/epood\/?post_type=product&#038;p=218809"},"modified":"2026-03-21T09:24:57","modified_gmt":"2026-03-21T07:24:57","slug":"lakk-pontti-floor-lacquer-5-ep-sugavmatt-09l","status":"publish","type":"product","link":"https:\/\/espak.ee\/epood\/toode\/lakk-pontti-floor-lacquer-5-ep-sugavmatt-09l\/","title":{"rendered":"LAKK PONTTI FLOOR LACQUER 5 EP S\u00dcGAVMATT 0,9L"},"content":{"rendered":"<div class=\"row\"  id=\"row-1514806593\">\n\n\t<div id=\"col-1011807448\" class=\"col medium-9 small-12 large-9\"  >\n\t\t\t\t<div class=\"col-inner\"  >\n\t\t\t\n\t\t\t\n<h3>Pontti Floor Lacquer 5 s\u00fcgavmatt 0,9L <\/h3>\n<p>S\u00fcgavmatt toonitav veep\u00f5hine pol\u00fcuretaan-akr\u00fclaatlakk sisetingimustesse.\n<\/p>\n<div class=\"message-box relative\" style=\"padding-top:15px;padding-bottom:15px;\"><div class=\"message-box-bg-image bg-fill fill\" ><\/div><div class=\"message-box-bg-overlay bg-fill fill\" ><\/div><div class=\"container relative\"><div class=\"inner last-reset\">\n<div class=\"row align-middle align-center\"  id=\"row-1889854092\">\n\n\t<div id=\"col-1168185818\" class=\"col small-12 large-12\"  >\n\t\t\t\t<div class=\"col-inner text-left\"  >\n\t\t\t\n\t\t\t\n<h4>Omadused<\/h4>\n<div class=\"row\"  id=\"row-663991989\">\n\n\t<div id=\"col-811897843\" class=\"col medium-6 small-12 large-6\"  >\n\t\t\t\t<div class=\"col-inner\"  >\n\t\t\t\n\t\t\t\n<p><i class=\"fa fa-check fa-2x\"><\/i> <strong>Mehaaniliselt vastupidav<\/strong><\/p>\n<p><i class=\"fa fa-check fa-2x\"><\/i> <strong>Naturaalne puidupind<\/strong><\/p>\n\t\t<\/div>\n\t\t\t\t\n<style>\n#col-811897843 > .col-inner {\n  margin: 10px 0px 15px 0px;\n}\n<\/style>\n\t<\/div>\n\n\t\n\n\t<div id=\"col-2021371403\" class=\"col medium-6 small-12 large-6\"  >\n\t\t\t\t<div class=\"col-inner\"  >\n\t\t\t\n\t\t\t\n<p><i class=\"fa fa-check fa-2x\"><\/i> <strong>Lakitud pind ei kolletu<\/strong><\/p>\n\t\t<\/div>\n\t\t\t\t\n<style>\n#col-2021371403 > .col-inner {\n  margin: 10px 0px 15px 0px;\n}\n<\/style>\n\t<\/div>\n\n\t\n<\/div>\n\t\t<\/div>\n\t\t\t\t\t<\/div>\n\n\t\n<\/div>\n<\/div><\/div><\/div>\n\t<div id=\"gap-1419610203\" class=\"gap-element clearfix\" style=\"display:block; height:auto;\">\n\t\t\n<style>\n#gap-1419610203 {\n  padding-top: 30px;\n}\n<\/style>\n\t<\/div>\n\t\n<p>Sobib puitp\u00f5randatele ja muudele puidust sisepindadele eluruumides, mis on kerge mehaanilise ja keemilise koormuse all. J\u00e4tab naturaalse puidupinna. Lakitud pind ei kolletu.<br \/>\n<strong>Kasutuskohad:<\/strong> T\u00f6\u00f6tlemata ja peitsitud puitpindadele v\u00f5i hoolduslakkimiseks nt: laud- ja parkettp\u00f5rand, trepid eluruumides. Enne t\u00f6\u00f6tlemist veendu, kas toode sobib antud puitpinnale, selleks tee proovit\u00f6\u00f6tlus v\u00e4ikesel pinnal.\n <\/p>\n\t\t<\/div>\n\t\t\t\t\t<\/div>\n\n\t\n\n\t<div id=\"col-713990104\" class=\"col medium-3 small-12 large-3\"  >\n\t\t\t\t<div class=\"col-inner\"  >\n\t\t\t\n\t\t\t\n\t<div id=\"gap-1674763611\" class=\"gap-element clearfix\" style=\"display:block; height:auto;\">\n\t\t\n<style>\n#gap-1674763611 {\n  padding-top: 30px;\n}\n<\/style>\n\t<\/div>\n\t\n<h3>Tehniline informatsioon<\/h3>\n<p><a href=\"https:\/\/espak.ee\/epood\/wp-content\/uploads\/2024\/11\/Pontti_Floor_Lacquer_5_ET_PDS_Tikkurila.pdf_0.pdf\"target=\"_blank\" rel=\"noopener noreferrer\"><i class=\"far fa-file-pdf\"><\/i> Tehniline info (PDF)<\/a><\/p>\n<h3>Ohutuskaart<\/h3>\n<p><a href=\"https:\/\/espak.ee\/epood\/wp-content\/uploads\/2024\/11\/FI1099_Estonia_EE_Tikkurila.pdf.pdf\"target=\"_blank\" rel=\"noopener noreferrer\"><i class=\"far fa-file-pdf\"><\/i> Ohutuskaart (PDF)<\/a><\/p>\n<div class=\"is-divider divider clearfix\" ><\/div>\n<h3>K\u00fcsi v\u00e4rvimisalast n\u00f5u:<\/h3>\n<p><a href=\"https:\/\/www.tikkurila.ee\/\" target=\"_blank\" rel=\"noopener noreferrer\"><img decoding=\"async\" class=\"alignnone size-full\" src=\"https:\/\/espak.ee\/epood\/wp-content\/uploads\/2023\/05\/TIK_Color_Line_EST2022_vert_BG_turqoise.jpg\" alt=\"\" width=\"158\" height=\"234\" \/><\/a><\/p>\n\t\t<\/div>\n\t\t\t\t\t<\/div>\n\n\t\n<\/div>\n","protected":false},"excerpt":{"rendered":"","protected":false},"featured_media":218888,"comment_status":"closed","ping_status":"closed","template":"","meta":[],"product_brand":[],"product_cat":[2693,2695,2684,2683],"product_tag":[],"class_list":{"0":"post-218809","1":"product","2":"type-product","3":"status-publish","4":"has-post-thumbnail","6":"product_cat-lakid-peitsid-olid-puidukaitse","7":"product_cat-porandalakid","8":"product_cat-varvid-lakid-lahustid-puidukaitsed-olid","9":"product_cat-viimistluskaubad","10":"product_shipping_class-dpd-cold","11":"pa_kaubamark-tikkurila","13":"first","14":"instock","15":"sale","16":"taxable","17":"shipping-taxable","18":"purchasable","19":"product-type-simple"},"yoast_head":"<!-- This site is optimized with the Yoast SEO plugin v26.9 - https:\/\/yoast.com\/product\/yoast-seo-wordpress\/ -->\n<title>LAKK PONTTI FLOOR LACQUER 5 EP S\u00dcGAVMATT 0,9L - Espak E-pood<\/title>\n<meta name=\"robots\" content=\"index, follow, max-snippet:-1, max-image-preview:large, max-video-preview:-1\" \/>\n<link rel=\"canonical\" href=\"https:\/\/espak.ee\/epood\/toode\/lakk-pontti-floor-lacquer-5-ep-sugavmatt-09l\/\" \/>\n<meta property=\"og:locale\" content=\"et_EE\" \/>\n<meta property=\"og:type\" content=\"article\" \/>\n<meta property=\"og:title\" content=\"LAKK PONTTI FLOOR LACQUER 5 EP S\u00dcGAVMATT 0,9L - Espak E-pood\" \/>\n<meta property=\"og:url\" content=\"https:\/\/espak.ee\/epood\/toode\/lakk-pontti-floor-lacquer-5-ep-sugavmatt-09l\/\" \/>\n<meta property=\"og:site_name\" content=\"Espak E-pood\" \/>\n<meta property=\"article:modified_time\" content=\"2026-03-21T07:24:57+00:00\" \/>\n<meta property=\"og:image\" content=\"https:\/\/espak.ee\/epood\/wp-content\/uploads\/2024\/11\/tikkurila_pontti_floor_lacquer5_09L.jpg\" \/>\n\t<meta property=\"og:image:width\" content=\"1600\" \/>\n\t<meta property=\"og:image:height\" content=\"1600\" \/>\n\t<meta property=\"og:image:type\" content=\"image\/jpeg\" \/>\n<meta name=\"twitter:card\" content=\"summary_large_image\" \/>\n<meta name=\"twitter:label1\" content=\"Est. reading time\" \/>\n\t<meta name=\"twitter:data1\" content=\"1 minut\" \/>\n<script type=\"application\/ld+json\" class=\"yoast-schema-graph\">{\"@context\":\"https:\/\/schema.org\",\"@graph\":[{\"@type\":\"WebPage\",\"@id\":\"https:\/\/espak.ee\/epood\/toode\/lakk-pontti-floor-lacquer-5-ep-sugavmatt-09l\/\",\"url\":\"https:\/\/espak.ee\/epood\/toode\/lakk-pontti-floor-lacquer-5-ep-sugavmatt-09l\/\",\"name\":\"LAKK PONTTI FLOOR LACQUER 5 EP S\u00dcGAVMATT 0,9L - Espak E-pood\",\"isPartOf\":{\"@id\":\"https:\/\/espak.ee\/epood\/#website\"},\"primaryImageOfPage\":{\"@id\":\"https:\/\/espak.ee\/epood\/toode\/lakk-pontti-floor-lacquer-5-ep-sugavmatt-09l\/#primaryimage\"},\"image\":{\"@id\":\"https:\/\/espak.ee\/epood\/toode\/lakk-pontti-floor-lacquer-5-ep-sugavmatt-09l\/#primaryimage\"},\"thumbnailUrl\":\"https:\/\/espak.ee\/epood\/wp-content\/uploads\/2024\/11\/tikkurila_pontti_floor_lacquer5_09L.jpg\",\"datePublished\":\"2024-11-20T03:05:02+00:00\",\"dateModified\":\"2026-03-21T07:24:57+00:00\",\"breadcrumb\":{\"@id\":\"https:\/\/espak.ee\/epood\/toode\/lakk-pontti-floor-lacquer-5-ep-sugavmatt-09l\/#breadcrumb\"},\"inLanguage\":\"et\",\"potentialAction\":[{\"@type\":\"ReadAction\",\"target\":[\"https:\/\/espak.ee\/epood\/toode\/lakk-pontti-floor-lacquer-5-ep-sugavmatt-09l\/\"]}]},{\"@type\":\"ImageObject\",\"inLanguage\":\"et\",\"@id\":\"https:\/\/espak.ee\/epood\/toode\/lakk-pontti-floor-lacquer-5-ep-sugavmatt-09l\/#primaryimage\",\"url\":\"https:\/\/espak.ee\/epood\/wp-content\/uploads\/2024\/11\/tikkurila_pontti_floor_lacquer5_09L.jpg\",\"contentUrl\":\"https:\/\/espak.ee\/epood\/wp-content\/uploads\/2024\/11\/tikkurila_pontti_floor_lacquer5_09L.jpg\",\"width\":1600,\"height\":1600},{\"@type\":\"BreadcrumbList\",\"@id\":\"https:\/\/espak.ee\/epood\/toode\/lakk-pontti-floor-lacquer-5-ep-sugavmatt-09l\/#breadcrumb\",\"itemListElement\":[{\"@type\":\"ListItem\",\"position\":1,\"name\":\"Home\",\"item\":\"https:\/\/espak.ee\/epood\/\"},{\"@type\":\"ListItem\",\"position\":2,\"name\":\"Tootevalik\",\"item\":\"https:\/\/espak.ee\/epood\/tootevalik\/\"},{\"@type\":\"ListItem\",\"position\":3,\"name\":\"LAKK PONTTI FLOOR LACQUER 5 EP S\u00dcGAVMATT 0,9L\"}]},{\"@type\":\"WebSite\",\"@id\":\"https:\/\/espak.ee\/epood\/#website\",\"url\":\"https:\/\/espak.ee\/epood\/\",\"name\":\"Espak E-pood\",\"description\":\"\",\"potentialAction\":[{\"@type\":\"SearchAction\",\"target\":{\"@type\":\"EntryPoint\",\"urlTemplate\":\"https:\/\/espak.ee\/epood\/?s={search_term_string}\"},\"query-input\":{\"@type\":\"PropertyValueSpecification\",\"valueRequired\":true,\"valueName\":\"search_term_string\"}}],\"inLanguage\":\"et\"}]}<\/script>\n<!-- \/ Yoast SEO plugin. -->","yoast_head_json":{"title":"LAKK PONTTI FLOOR LACQUER 5 EP S\u00dcGAVMATT 0,9L - Espak E-pood","robots":{"index":"index","follow":"follow","max-snippet":"max-snippet:-1","max-image-preview":"max-image-preview:large","max-video-preview":"max-video-preview:-1"},"canonical":"https:\/\/espak.ee\/epood\/toode\/lakk-pontti-floor-lacquer-5-ep-sugavmatt-09l\/","og_locale":"et_EE","og_type":"article","og_title":"LAKK PONTTI FLOOR LACQUER 5 EP S\u00dcGAVMATT 0,9L - Espak E-pood","og_url":"https:\/\/espak.ee\/epood\/toode\/lakk-pontti-floor-lacquer-5-ep-sugavmatt-09l\/","og_site_name":"Espak E-pood","article_modified_time":"2026-03-21T07:24:57+00:00","og_image":[{"width":1600,"height":1600,"url":"https:\/\/espak.ee\/epood\/wp-content\/uploads\/2024\/11\/tikkurila_pontti_floor_lacquer5_09L.jpg","type":"image\/jpeg"}],"twitter_card":"summary_large_image","twitter_misc":{"Est. reading time":"1 minut"},"schema":{"@context":"https:\/\/schema.org","@graph":[{"@type":"WebPage","@id":"https:\/\/espak.ee\/epood\/toode\/lakk-pontti-floor-lacquer-5-ep-sugavmatt-09l\/","url":"https:\/\/espak.ee\/epood\/toode\/lakk-pontti-floor-lacquer-5-ep-sugavmatt-09l\/","name":"LAKK PONTTI FLOOR LACQUER 5 EP S\u00dcGAVMATT 0,9L - Espak E-pood","isPartOf":{"@id":"https:\/\/espak.ee\/epood\/#website"},"primaryImageOfPage":{"@id":"https:\/\/espak.ee\/epood\/toode\/lakk-pontti-floor-lacquer-5-ep-sugavmatt-09l\/#primaryimage"},"image":{"@id":"https:\/\/espak.ee\/epood\/toode\/lakk-pontti-floor-lacquer-5-ep-sugavmatt-09l\/#primaryimage"},"thumbnailUrl":"https:\/\/espak.ee\/epood\/wp-content\/uploads\/2024\/11\/tikkurila_pontti_floor_lacquer5_09L.jpg","datePublished":"2024-11-20T03:05:02+00:00","dateModified":"2026-03-21T07:24:57+00:00","breadcrumb":{"@id":"https:\/\/espak.ee\/epood\/toode\/lakk-pontti-floor-lacquer-5-ep-sugavmatt-09l\/#breadcrumb"},"inLanguage":"et","potentialAction":[{"@type":"ReadAction","target":["https:\/\/espak.ee\/epood\/toode\/lakk-pontti-floor-lacquer-5-ep-sugavmatt-09l\/"]}]},{"@type":"ImageObject","inLanguage":"et","@id":"https:\/\/espak.ee\/epood\/toode\/lakk-pontti-floor-lacquer-5-ep-sugavmatt-09l\/#primaryimage","url":"https:\/\/espak.ee\/epood\/wp-content\/uploads\/2024\/11\/tikkurila_pontti_floor_lacquer5_09L.jpg","contentUrl":"https:\/\/espak.ee\/epood\/wp-content\/uploads\/2024\/11\/tikkurila_pontti_floor_lacquer5_09L.jpg","width":1600,"height":1600},{"@type":"BreadcrumbList","@id":"https:\/\/espak.ee\/epood\/toode\/lakk-pontti-floor-lacquer-5-ep-sugavmatt-09l\/#breadcrumb","itemListElement":[{"@type":"ListItem","position":1,"name":"Home","item":"https:\/\/espak.ee\/epood\/"},{"@type":"ListItem","position":2,"name":"Tootevalik","item":"https:\/\/espak.ee\/epood\/tootevalik\/"},{"@type":"ListItem","position":3,"name":"LAKK PONTTI FLOOR LACQUER 5 EP S\u00dcGAVMATT 0,9L"}]},{"@type":"WebSite","@id":"https:\/\/espak.ee\/epood\/#website","url":"https:\/\/espak.ee\/epood\/","name":"Espak E-pood","description":"","potentialAction":[{"@type":"SearchAction","target":{"@type":"EntryPoint","urlTemplate":"https:\/\/espak.ee\/epood\/?s={search_term_string}"},"query-input":{"@type":"PropertyValueSpecification","valueRequired":true,"valueName":"search_term_string"}}],"inLanguage":"et"}]}},"_links":{"self":[{"href":"https:\/\/espak.ee\/epood\/wp-json\/wp\/v2\/product\/218809","targetHints":{"allow":["GET"]}}],"collection":[{"href":"https:\/\/espak.ee\/epood\/wp-json\/wp\/v2\/product"}],"about":[{"href":"https:\/\/espak.ee\/epood\/wp-json\/wp\/v2\/types\/product"}],"replies":[{"embeddable":true,"href":"https:\/\/espak.ee\/epood\/wp-json\/wp\/v2\/comments?post=218809"}],"wp:featuredmedia":[{"embeddable":true,"href":"https:\/\/espak.ee\/epood\/wp-json\/wp\/v2\/media\/218888"}],"wp:attachment":[{"href":"https:\/\/espak.ee\/epood\/wp-json\/wp\/v2\/media?parent=218809"}],"wp:term":[{"taxonomy":"product_brand","embeddable":true,"href":"https:\/\/espak.ee\/epood\/wp-json\/wp\/v2\/product_brand?post=218809"},{"taxonomy":"product_cat","embeddable":true,"href":"https:\/\/espak.ee\/epood\/wp-json\/wp\/v2\/product_cat?post=218809"},{"taxonomy":"product_tag","embeddable":true,"href":"https:\/\/espak.ee\/epood\/wp-json\/wp\/v2\/product_tag?post=218809"}],"curies":[{"name":"wp","href":"https:\/\/api.w.org\/{rel}","templated":true}]}}