{"id":218802,"date":"2024-11-20T05:05:02","date_gmt":"2024-11-20T03:05:02","guid":{"rendered":"https:\/\/espak.ee\/epood\/?post_type=product&#038;p=218802"},"modified":"2026-04-14T18:46:14","modified_gmt":"2026-04-14T15:46:14","slug":"abrasiivsed-puhastuslapid-pro-power-scrub-ultragrime-80tk","status":"publish","type":"product","link":"https:\/\/espak.ee\/epood\/toode\/abrasiivsed-puhastuslapid-pro-power-scrub-ultragrime-80tk\/","title":{"rendered":"ABRASIIVSED PUHASTUSLAPID PRO POWER SCRUB ULTRAGRIME 80TK"},"content":{"rendered":"<div class=\"row\"  id=\"row-75255280\">\n\n\t<div id=\"col-143825311\" class=\"col medium-9 small-12 large-9\"  >\n\t\t\t\t<div class=\"col-inner\"  >\n\t\t\t\n\t\t\t\n<h3>Abrasiivsed puhastuslapid Ultragrime Pro Power Scrub 80tk<\/h3>\n<p>UltraGrime\u00ae Power Scrub on t\u00f5eliselt v\u00f5imas puhastuslapp. Eemaldab kergesti t\u00f5rksa mustuse, kuna nendel puhastuslappidel on tekstuurne k\u00fclg, mis tagab t\u00e4iendava puhastusj\u00f5u. Ohutu k\u00e4tele, t\u00f5hus mustusele. Olenemata sellest, kas peate puhastama \u00f5li, rasva, tinti, v\u00e4rvi, silikoone v\u00f5i k\u00f5vastumata PU-vahtu, saavad UltraGrime\u00ae Pro Power Scrub puhastuslapid sellega vaevata hakkama. Spetsiaalselt disainitud \u00fclitugev kangas, millel on kare abrasiivne k\u00fclg ja v\u00f5imas rasva eraldav puhastusaine, need on k\u00f5ige t\u00f5husamad mustuse eemaldamise puhastuslapid. Eemaldavad rasva ja mustuse, olles samal ajal k\u00e4tele ja nahale ohutud. Lisaks p\u00fcsivad need puhastuslapid kaua m\u00e4rjad ja on kasutatavad kauem kui \u00fckski teine puhastuslapp.<\/p>\n<div class=\"message-box relative\" style=\"padding-top:15px;padding-bottom:15px;\"><div class=\"message-box-bg-image bg-fill fill\" ><\/div><div class=\"message-box-bg-overlay bg-fill fill\" ><\/div><div class=\"container relative\"><div class=\"inner last-reset\">\n<div class=\"row align-middle align-center\"  id=\"row-1885992693\">\n\n\t<div id=\"col-324167612\" class=\"col small-12 large-12\"  >\n\t\t\t\t<div class=\"col-inner text-left\"  >\n\t\t\t\n\t\t\t\n<h4>Omadused<\/h4>\n<div class=\"row\"  id=\"row-778788790\">\n\n\t<div id=\"col-1502098298\" class=\"col medium-6 small-12 large-6\"  >\n\t\t\t\t<div class=\"col-inner\"  >\n\t\t\t\n\t\t\t\n<p><i class=\"fa fa-check fa-2x\"><\/i> <strong> XXL suuruses &#8211; 38*25cm<\/strong><\/p>\n<p><i class=\"fa fa-check fa-2x\"><\/i> <strong> \u00dclitugev ja pehme riidetaoline kangas<\/strong><\/p>\n<p><i class=\"fa fa-check fa-2x\"><\/i> <strong> Tugev, elastne, taaskasutatav pakend. \u00dcle 77% v\u00e4hem plastikut kui tavalistes pakendites<\/strong><\/p>\n\t\t<\/div>\n\t\t\t\t\n<style>\n#col-1502098298 > .col-inner {\n  margin: 0px 0px 15px 0px;\n}\n<\/style>\n\t<\/div>\n\n\t\n\n\t<div id=\"col-648405092\" class=\"col medium-6 small-12 large-6\"  >\n\t\t\t\t<div class=\"col-inner\"  >\n\t\t\t\n\t\t\t\n<p><i class=\"fa fa-check fa-2x\"><\/i> <strong> Eemaldab rasva, v\u00e4rvi, silikooni, k\u00f5venemata PU-vahu ja liimid<\/strong><\/p>\n<p><i class=\"fa fa-check fa-2x\"><\/i> <strong> Suur imamisv\u00f5ime <\/strong><\/p>\n<p><i class=\"fa fa-check fa-2x\"><\/i> <strong>Ei kuiva \u00e4ra ka siis, kui kaas on mitu p\u00e4eva lahti<\/strong><\/p>\n\t\t<\/div>\n\t\t\t\t\n<style>\n#col-648405092 > .col-inner {\n  margin: 0px 0px 15px 0px;\n}\n<\/style>\n\t<\/div>\n\n\t\n<\/div>\n\t\t<\/div>\n\t\t\t\t\t<\/div>\n\n\t\n<\/div>\n<\/div><\/div><\/div>\n\t<div id=\"gap-823645751\" class=\"gap-element clearfix\" style=\"display:block; height:auto;\">\n\t\t\n<style>\n#gap-823645751 {\n  padding-top: 30px;\n}\n<\/style>\n\t<\/div>\n\t\n\t\t<\/div>\n\t\t\t\t\t<\/div>\n\n\t\n\n\t<div id=\"col-997392432\" class=\"col medium-3 small-12 large-3\"  >\n\t\t\t\t<div class=\"col-inner\"  >\n\t\t\t\n\t\t\t\n\t<div id=\"gap-646376577\" class=\"gap-element clearfix\" style=\"display:block; height:auto;\">\n\t\t\n<style>\n#gap-646376577 {\n  padding-top: 30px;\n}\n<\/style>\n\t<\/div>\n\t\n<p><strong>\u00dcksikasjalikuma n\u00f5u saamiseks v\u00f5tke \u00fchendust:<br \/><\/strong>MOTORAL EESTI AS<br \/>Tala 6<br \/>11415<br \/>Tallinn<br \/> Telefon +372 620 1464<\/p>\n\t\t<\/div>\n\t\t\t\t\t<\/div>\n\n\t\n<\/div>\n","protected":false},"excerpt":{"rendered":"","protected":false},"featured_media":219098,"comment_status":"closed","ping_status":"closed","template":"","meta":[],"product_brand":[],"product_cat":[2691,3441,2684,2683],"product_tag":[],"class_list":{"0":"post-218802","1":"product","2":"type-product","3":"status-publish","4":"has-post-thumbnail","6":"product_cat-lahustid","7":"product_cat-lahustid-ja-pesuained","8":"product_cat-varvid-lakid-lahustid-puidukaitsed-olid","9":"product_cat-viimistluskaubad","11":"first","12":"instock","13":"sale","14":"taxable","15":"shipping-taxable","16":"purchasable","17":"product-type-simple"},"yoast_head":"<!-- This site is optimized with the Yoast SEO plugin v26.9 - https:\/\/yoast.com\/product\/yoast-seo-wordpress\/ -->\n<title>ABRASIIVSED PUHASTUSLAPID PRO POWER SCRUB ULTRAGRIME 80TK - Espak E-pood<\/title>\n<meta name=\"robots\" content=\"index, follow, max-snippet:-1, max-image-preview:large, max-video-preview:-1\" \/>\n<link rel=\"canonical\" href=\"https:\/\/espak.ee\/epood\/toode\/abrasiivsed-puhastuslapid-pro-power-scrub-ultragrime-80tk\/\" \/>\n<meta property=\"og:locale\" content=\"et_EE\" \/>\n<meta property=\"og:type\" content=\"article\" \/>\n<meta property=\"og:title\" content=\"ABRASIIVSED PUHASTUSLAPID PRO POWER SCRUB ULTRAGRIME 80TK - Espak E-pood\" \/>\n<meta property=\"og:url\" content=\"https:\/\/espak.ee\/epood\/toode\/abrasiivsed-puhastuslapid-pro-power-scrub-ultragrime-80tk\/\" \/>\n<meta property=\"og:site_name\" content=\"Espak E-pood\" \/>\n<meta property=\"article:modified_time\" content=\"2026-04-14T15:46:14+00:00\" \/>\n<meta property=\"og:image\" content=\"https:\/\/espak.ee\/epood\/wp-content\/uploads\/2024\/11\/5920UG-3.jpg\" \/>\n\t<meta property=\"og:image:width\" content=\"1000\" \/>\n\t<meta property=\"og:image:height\" content=\"1000\" \/>\n\t<meta property=\"og:image:type\" content=\"image\/jpeg\" \/>\n<meta name=\"twitter:card\" content=\"summary_large_image\" \/>\n<meta name=\"twitter:label1\" content=\"Est. reading time\" \/>\n\t<meta name=\"twitter:data1\" content=\"1 minut\" \/>\n<script type=\"application\/ld+json\" class=\"yoast-schema-graph\">{\"@context\":\"https:\/\/schema.org\",\"@graph\":[{\"@type\":\"WebPage\",\"@id\":\"https:\/\/espak.ee\/epood\/toode\/abrasiivsed-puhastuslapid-pro-power-scrub-ultragrime-80tk\/\",\"url\":\"https:\/\/espak.ee\/epood\/toode\/abrasiivsed-puhastuslapid-pro-power-scrub-ultragrime-80tk\/\",\"name\":\"ABRASIIVSED PUHASTUSLAPID PRO POWER SCRUB ULTRAGRIME 80TK - Espak E-pood\",\"isPartOf\":{\"@id\":\"https:\/\/espak.ee\/epood\/#website\"},\"primaryImageOfPage\":{\"@id\":\"https:\/\/espak.ee\/epood\/toode\/abrasiivsed-puhastuslapid-pro-power-scrub-ultragrime-80tk\/#primaryimage\"},\"image\":{\"@id\":\"https:\/\/espak.ee\/epood\/toode\/abrasiivsed-puhastuslapid-pro-power-scrub-ultragrime-80tk\/#primaryimage\"},\"thumbnailUrl\":\"https:\/\/espak.ee\/epood\/wp-content\/uploads\/2024\/11\/5920UG-3.jpg\",\"datePublished\":\"2024-11-20T03:05:02+00:00\",\"dateModified\":\"2026-04-14T15:46:14+00:00\",\"breadcrumb\":{\"@id\":\"https:\/\/espak.ee\/epood\/toode\/abrasiivsed-puhastuslapid-pro-power-scrub-ultragrime-80tk\/#breadcrumb\"},\"inLanguage\":\"et\",\"potentialAction\":[{\"@type\":\"ReadAction\",\"target\":[\"https:\/\/espak.ee\/epood\/toode\/abrasiivsed-puhastuslapid-pro-power-scrub-ultragrime-80tk\/\"]}]},{\"@type\":\"ImageObject\",\"inLanguage\":\"et\",\"@id\":\"https:\/\/espak.ee\/epood\/toode\/abrasiivsed-puhastuslapid-pro-power-scrub-ultragrime-80tk\/#primaryimage\",\"url\":\"https:\/\/espak.ee\/epood\/wp-content\/uploads\/2024\/11\/5920UG-3.jpg\",\"contentUrl\":\"https:\/\/espak.ee\/epood\/wp-content\/uploads\/2024\/11\/5920UG-3.jpg\",\"width\":1000,\"height\":1000},{\"@type\":\"BreadcrumbList\",\"@id\":\"https:\/\/espak.ee\/epood\/toode\/abrasiivsed-puhastuslapid-pro-power-scrub-ultragrime-80tk\/#breadcrumb\",\"itemListElement\":[{\"@type\":\"ListItem\",\"position\":1,\"name\":\"Home\",\"item\":\"https:\/\/espak.ee\/epood\/\"},{\"@type\":\"ListItem\",\"position\":2,\"name\":\"Tootevalik\",\"item\":\"https:\/\/espak.ee\/epood\/tootevalik\/\"},{\"@type\":\"ListItem\",\"position\":3,\"name\":\"ABRASIIVSED PUHASTUSLAPID PRO POWER SCRUB ULTRAGRIME 80TK\"}]},{\"@type\":\"WebSite\",\"@id\":\"https:\/\/espak.ee\/epood\/#website\",\"url\":\"https:\/\/espak.ee\/epood\/\",\"name\":\"Espak E-pood\",\"description\":\"\",\"potentialAction\":[{\"@type\":\"SearchAction\",\"target\":{\"@type\":\"EntryPoint\",\"urlTemplate\":\"https:\/\/espak.ee\/epood\/?s={search_term_string}\"},\"query-input\":{\"@type\":\"PropertyValueSpecification\",\"valueRequired\":true,\"valueName\":\"search_term_string\"}}],\"inLanguage\":\"et\"}]}<\/script>\n<!-- \/ Yoast SEO plugin. -->","yoast_head_json":{"title":"ABRASIIVSED PUHASTUSLAPID PRO POWER SCRUB ULTRAGRIME 80TK - Espak E-pood","robots":{"index":"index","follow":"follow","max-snippet":"max-snippet:-1","max-image-preview":"max-image-preview:large","max-video-preview":"max-video-preview:-1"},"canonical":"https:\/\/espak.ee\/epood\/toode\/abrasiivsed-puhastuslapid-pro-power-scrub-ultragrime-80tk\/","og_locale":"et_EE","og_type":"article","og_title":"ABRASIIVSED PUHASTUSLAPID PRO POWER SCRUB ULTRAGRIME 80TK - Espak E-pood","og_url":"https:\/\/espak.ee\/epood\/toode\/abrasiivsed-puhastuslapid-pro-power-scrub-ultragrime-80tk\/","og_site_name":"Espak E-pood","article_modified_time":"2026-04-14T15:46:14+00:00","og_image":[{"width":1000,"height":1000,"url":"https:\/\/espak.ee\/epood\/wp-content\/uploads\/2024\/11\/5920UG-3.jpg","type":"image\/jpeg"}],"twitter_card":"summary_large_image","twitter_misc":{"Est. reading time":"1 minut"},"schema":{"@context":"https:\/\/schema.org","@graph":[{"@type":"WebPage","@id":"https:\/\/espak.ee\/epood\/toode\/abrasiivsed-puhastuslapid-pro-power-scrub-ultragrime-80tk\/","url":"https:\/\/espak.ee\/epood\/toode\/abrasiivsed-puhastuslapid-pro-power-scrub-ultragrime-80tk\/","name":"ABRASIIVSED PUHASTUSLAPID PRO POWER SCRUB ULTRAGRIME 80TK - Espak E-pood","isPartOf":{"@id":"https:\/\/espak.ee\/epood\/#website"},"primaryImageOfPage":{"@id":"https:\/\/espak.ee\/epood\/toode\/abrasiivsed-puhastuslapid-pro-power-scrub-ultragrime-80tk\/#primaryimage"},"image":{"@id":"https:\/\/espak.ee\/epood\/toode\/abrasiivsed-puhastuslapid-pro-power-scrub-ultragrime-80tk\/#primaryimage"},"thumbnailUrl":"https:\/\/espak.ee\/epood\/wp-content\/uploads\/2024\/11\/5920UG-3.jpg","datePublished":"2024-11-20T03:05:02+00:00","dateModified":"2026-04-14T15:46:14+00:00","breadcrumb":{"@id":"https:\/\/espak.ee\/epood\/toode\/abrasiivsed-puhastuslapid-pro-power-scrub-ultragrime-80tk\/#breadcrumb"},"inLanguage":"et","potentialAction":[{"@type":"ReadAction","target":["https:\/\/espak.ee\/epood\/toode\/abrasiivsed-puhastuslapid-pro-power-scrub-ultragrime-80tk\/"]}]},{"@type":"ImageObject","inLanguage":"et","@id":"https:\/\/espak.ee\/epood\/toode\/abrasiivsed-puhastuslapid-pro-power-scrub-ultragrime-80tk\/#primaryimage","url":"https:\/\/espak.ee\/epood\/wp-content\/uploads\/2024\/11\/5920UG-3.jpg","contentUrl":"https:\/\/espak.ee\/epood\/wp-content\/uploads\/2024\/11\/5920UG-3.jpg","width":1000,"height":1000},{"@type":"BreadcrumbList","@id":"https:\/\/espak.ee\/epood\/toode\/abrasiivsed-puhastuslapid-pro-power-scrub-ultragrime-80tk\/#breadcrumb","itemListElement":[{"@type":"ListItem","position":1,"name":"Home","item":"https:\/\/espak.ee\/epood\/"},{"@type":"ListItem","position":2,"name":"Tootevalik","item":"https:\/\/espak.ee\/epood\/tootevalik\/"},{"@type":"ListItem","position":3,"name":"ABRASIIVSED PUHASTUSLAPID PRO POWER SCRUB ULTRAGRIME 80TK"}]},{"@type":"WebSite","@id":"https:\/\/espak.ee\/epood\/#website","url":"https:\/\/espak.ee\/epood\/","name":"Espak E-pood","description":"","potentialAction":[{"@type":"SearchAction","target":{"@type":"EntryPoint","urlTemplate":"https:\/\/espak.ee\/epood\/?s={search_term_string}"},"query-input":{"@type":"PropertyValueSpecification","valueRequired":true,"valueName":"search_term_string"}}],"inLanguage":"et"}]}},"_links":{"self":[{"href":"https:\/\/espak.ee\/epood\/wp-json\/wp\/v2\/product\/218802","targetHints":{"allow":["GET"]}}],"collection":[{"href":"https:\/\/espak.ee\/epood\/wp-json\/wp\/v2\/product"}],"about":[{"href":"https:\/\/espak.ee\/epood\/wp-json\/wp\/v2\/types\/product"}],"replies":[{"embeddable":true,"href":"https:\/\/espak.ee\/epood\/wp-json\/wp\/v2\/comments?post=218802"}],"wp:featuredmedia":[{"embeddable":true,"href":"https:\/\/espak.ee\/epood\/wp-json\/wp\/v2\/media\/219098"}],"wp:attachment":[{"href":"https:\/\/espak.ee\/epood\/wp-json\/wp\/v2\/media?parent=218802"}],"wp:term":[{"taxonomy":"product_brand","embeddable":true,"href":"https:\/\/espak.ee\/epood\/wp-json\/wp\/v2\/product_brand?post=218802"},{"taxonomy":"product_cat","embeddable":true,"href":"https:\/\/espak.ee\/epood\/wp-json\/wp\/v2\/product_cat?post=218802"},{"taxonomy":"product_tag","embeddable":true,"href":"https:\/\/espak.ee\/epood\/wp-json\/wp\/v2\/product_tag?post=218802"}],"curies":[{"name":"wp","href":"https:\/\/api.w.org\/{rel}","templated":true}]}}