{"id":218486,"date":"2024-11-16T05:10:03","date_gmt":"2024-11-16T03:10:03","guid":{"rendered":"https:\/\/espak.ee\/epood\/?post_type=product&#038;p=218486"},"modified":"2025-11-05T14:19:19","modified_gmt":"2025-11-05T12:19:19","slug":"vuugitaidis-kiilto-46-hobehall-1kg","status":"publish","type":"product","link":"https:\/\/espak.ee\/epood\/toode\/vuugitaidis-kiilto-46-hobehall-1kg\/","title":{"rendered":"VUUGIT\u00c4IDIS KIILTO 46 H\u00d5BEHALL 1KG"},"content":{"rendered":"<div class=\"row\"  id=\"row-1737999838\">\n\n\t<div id=\"col-2017937670\" class=\"col medium-9 small-12 large-9\"  >\n\t\t\t\t<div class=\"col-inner\"  >\n\t\t\t\n\t\t\t\n<h2>Kiilto Vuugit\u00e4idis<\/h2>\n<p>Veekindel, CG2-klassi vuugit\u00e4idis keraamilistele ja klinkerplaatidele seintele ja p\u00f5randatele. Sobib ka v\u00e4listingimustes kasutamiseks. Vuugi laius 1\u20136 mm. Tsemendialusel.<\/p>\n<div class=\"message-box relative\" style=\"padding-top:15px;padding-bottom:15px;\"><div class=\"message-box-bg-image bg-fill fill\" ><\/div><div class=\"message-box-bg-overlay bg-fill fill\" ><\/div><div class=\"container relative\"><div class=\"inner last-reset\">\n<div class=\"row align-middle align-center\"  id=\"row-1286139584\">\n\n\t<div id=\"col-241686255\" class=\"col small-12 large-12\"  >\n\t\t\t\t<div class=\"col-inner text-left\"  >\n\t\t\t\n\t\t\t\n<h4>Omadused<\/h4>\n<div class=\"row\"  id=\"row-1429292259\">\n\n\t<div id=\"col-1167924829\" class=\"col medium-6 small-12 large-6\"  >\n\t\t\t\t<div class=\"col-inner\"  >\n\t\t\t\n\t\t\t\n<p><i class=\"fa fa-check fa-2x\"><\/i> <strong>Vuugi laius 1\u20136 mm<\/strong><\/p>\n<p><i class=\"fa fa-check fa-2x\"><\/i> <strong>Sobib k\u00fcttega p\u00f5randatele<\/strong><\/p>\n\t\t<\/div>\n\t\t\t\t\n<style>\n#col-1167924829 > .col-inner {\n  margin: 0px 0px 15px 0px;\n}\n<\/style>\n\t<\/div>\n\n\t\n<\/div>\n\t\t<\/div>\n\t\t\t\t\t<\/div>\n\n\t\n<\/div>\n<\/div><\/div><\/div>\n\t<div id=\"gap-204982295\" class=\"gap-element clearfix\" style=\"display:block; height:auto;\">\n\t\t\n<style>\n#gap-204982295 {\n  padding-top: 30px;\n}\n<\/style>\n\t<\/div>\n\t\n<h3>Kasutamise \u00fcksikasjad<\/h3>\n<p><strong>Kasutusalad:<\/strong> Kiilto Vuugit\u00e4idis on heitkoguste kategooria M1 vuugit\u00e4idis keraamilistele ja klinkerplaatidele ning muudele keraamilistele materjalidele. Vuugi laius 1\u20136 mm. Vuugi s\u00fcgavus v\u00e4hemalt 3 mm.<\/p>\n<p><strong>Kasutusjuhis:<\/strong> Vuukida saab 5 h kuni 3 p\u00e4eva p\u00e4rast plaatimist olenevalt plaadisegust, aluspinnast ja keskkonna tingimustest.<br \/>\nVuukimise ajal peab aluspinna, vuugit\u00e4idise ja plaatide temperatuur olema \u00fcle 5 \u00b0C. P\u00f5randak\u00fcte tuleb l\u00fclitada v\u00e4lja u 24 h enne plaatimise alustamist ja selle v\u00f5ib uuesti sisse l\u00fclitada u 1 n\u00e4dal p\u00e4rast plaatimist. Enne ruumi\/ala kasutuselev\u00f5tmist tuleb lasta vuugit\u00e4idisel kuivada v\u00e4hemalt 24 h. Ei sobi alaliselt vee all olevate alade jaoks (nt basseinid).<br \/>\nSegamine: valage 10 kg vuugit\u00e4idist Kiilto Saumalaasti k\u00fclma, puhtasse vette ja segage elektrilise segumiksriga. Laske 10\u201315 min vees lahustuda ja segage uuesti. Segu tuleb kasutada \u00e4ra 2\u20133 tunni jooksul.<br \/>\nVuukide t\u00e4itmine: kandke segu kummilabidaga diagonaalselt vuukidele, t\u00e4ites need tugevalt vajutades seguga. Laske kuivada, kuni segu ei kleepu enam s\u00f5rmede k\u00fclge (seinaplaatide puhul 15\u201330 min, p\u00f5randaplaatide puhul 30\u201360 min) ja seej\u00e4rel puhastage niiske svammiga. Liiga varajane puhastamine v\u00f5i liigse vee kasutamine v\u00f5ib muuta vuukide v\u00e4rvi. Asendage must pesuvesi regulaarselt puhtaga, et saada \u00fchtlasemad vuugid ja v\u00e4hendada lubjaj\u00e4\u00e4kide kogunemist. Vuuke on puhastamise ajal lihtne viimistleda ja tihendada n\u00e4iteks puupulgaga. Kui segu on kuivanud, puhastage pind kuiva lapi v\u00f5i puuvillatombuga. P\u00e4rast viimast puhastamist niisutage vuuke 24 tunni jooksul 1\u20133 korda puhta veega (nt pihustiga).<br \/>\nNihkevuukide, eri materjalide liitekohtade (nt nurgad ja l\u00e4biviigud) ning plaatide ja muude pinnamaterjalide liigekohtade tihendamiseks kasutage silikooni Kiilto Saniteettisilikoni. NB! Glasuurimata plaate on soovitatav on enne vuukimist niisutada.<br \/>\nPoorseid plaate paigaldades kontrollige eelnevalt, kui lihtne on segu plaadi pinnalt maha pesta.<br \/>\nV\u00e4ltige v\u00e4rve, mis erinevad palju plaatide v\u00e4rvist. Poorset kivi v\u00f5i muid poorseid materjale vuukides j\u00e4rgige t\u00e4helepanelikult plaadi tootja juhiseid.<br \/>\nMadalates ja kitsastes vuukides (klaasmosaiik v\u00f5i vuugiimitatsiooniga seinaplaat ) vuukimiseks v\u00f5ib kasutada vuugit\u00e4idist Kiilto Saumalaasti, mida on tugevdatud lisandiga Kiilto Strong, tingimusel, et vuukide laius ja s\u00fcgavus on v\u00e4hemalt 1 mm. Valige hele v\u00e4rv, sest tumedad v\u00e4rvid v\u00f5ivad eri s\u00fcgavusega vuukides erineda. Me ei soovita vuukida vuugiimitatsiooniga p\u00f5randaplaate, sest segu v\u00f5ib praguneda. <\/p>\n<p><strong>Keskkond ja ohutus:<\/strong> V\u00e4ltige kuivamata toote kokkupuudet nahaga, kasutage kaitsekindaid. Tutvuge tooteohutuskaardiga.<\/p>\n\t\t<\/div>\n\t\t\t\t\t<\/div>\n\n\t\n\n\t<div id=\"col-1906474716\" class=\"col medium-3 small-12 large-3\"  >\n\t\t\t\t<div class=\"col-inner\"  >\n\t\t\t\n\t\t\t\n\t<div id=\"gap-948579875\" class=\"gap-element clearfix\" style=\"display:block; height:auto;\">\n\t\t\n<style>\n#gap-948579875 {\n  padding-top: 30px;\n}\n<\/style>\n\t<\/div>\n\t\n<h3>Tehniline informatsioon<\/h3>\n<p><a href=\"https:\/\/espak.ee\/epood\/wp-content\/uploads\/vuugit\u00e4idis-tooteleht.pdf\" target=\"_blank\" rel=\"noopener noreferrer\"><i class=\"far fa-file-pdf\"><\/i> Tehniline info (PDF)<\/a><\/p>\n<h3>Ohutusalane teave<\/h3>\n<p><a href=\"https:\/\/espak.ee\/epood\/wp-content\/uploads\/vuugit\u00e4ide-ohutuskaart.pdf\" target=\"_blank\" rel=\"noopener noreferrer\"><i class=\"far fa-file-pdf\"><\/i> Ohutusalane teave (PDF)<\/a><\/p>\n<div class=\"is-divider divider clearfix\" ><\/div>\n<p><strong>\u00dcksikasjalikuma n\u00f5u saamiseks v\u00f5tke \u00fchendust:<br \/><\/strong>Kiilto Eesti O\u00dc<br \/>L\u00e4ike tee 4<br \/>75312<br \/>Rae vald<br \/>(+372) 60 31 900<\/p>\n<div class=\"is-divider divider clearfix\" ><\/div>\n\t\t<\/div>\n\t\t\t\t\t<\/div>\n\n\t\n<\/div>\n","protected":false},"excerpt":{"rendered":"","protected":false},"featured_media":218626,"comment_status":"closed","ping_status":"closed","template":"","meta":[],"product_brand":[],"product_cat":[2698,2805,2697,2807],"product_tag":[],"class_list":{"0":"post-218486","1":"product","2":"type-product","3":"status-publish","4":"has-post-thumbnail","6":"product_cat-pahtlid-ja-kuivsegud","7":"product_cat-plaatimissegud","8":"product_cat-uldehitus","9":"product_cat-vuugisegud","10":"pa_kaubamark-kiilto-eesti-ou","12":"first","13":"instock","14":"sale","15":"taxable","16":"shipping-taxable","17":"purchasable","18":"product-type-simple"},"yoast_head":"<!-- This site is optimized with the Yoast SEO plugin v26.9 - https:\/\/yoast.com\/product\/yoast-seo-wordpress\/ -->\n<title>VUUGIT\u00c4IDIS KIILTO 46 H\u00d5BEHALL 1KG - Espak E-pood<\/title>\n<meta name=\"robots\" content=\"index, follow, max-snippet:-1, max-image-preview:large, max-video-preview:-1\" \/>\n<link rel=\"canonical\" href=\"https:\/\/espak.ee\/epood\/toode\/vuugitaidis-kiilto-46-hobehall-1kg\/\" \/>\n<meta property=\"og:locale\" content=\"et_EE\" \/>\n<meta property=\"og:type\" content=\"article\" \/>\n<meta property=\"og:title\" content=\"VUUGIT\u00c4IDIS KIILTO 46 H\u00d5BEHALL 1KG - Espak E-pood\" \/>\n<meta property=\"og:url\" content=\"https:\/\/espak.ee\/epood\/toode\/vuugitaidis-kiilto-46-hobehall-1kg\/\" \/>\n<meta property=\"og:site_name\" content=\"Espak E-pood\" \/>\n<meta property=\"article:modified_time\" content=\"2025-11-05T12:19:19+00:00\" \/>\n<meta property=\"og:image\" content=\"https:\/\/espak.ee\/epood\/wp-content\/uploads\/2024\/11\/vuugitaide-kiilto-2.jpg\" \/>\n\t<meta property=\"og:image:width\" content=\"1000\" \/>\n\t<meta property=\"og:image:height\" content=\"1000\" \/>\n\t<meta property=\"og:image:type\" content=\"image\/jpeg\" \/>\n<meta name=\"twitter:card\" content=\"summary_large_image\" \/>\n<meta name=\"twitter:label1\" content=\"Est. reading time\" \/>\n\t<meta name=\"twitter:data1\" content=\"2 minutit\" \/>\n<script type=\"application\/ld+json\" class=\"yoast-schema-graph\">{\"@context\":\"https:\/\/schema.org\",\"@graph\":[{\"@type\":\"WebPage\",\"@id\":\"https:\/\/espak.ee\/epood\/toode\/vuugitaidis-kiilto-46-hobehall-1kg\/\",\"url\":\"https:\/\/espak.ee\/epood\/toode\/vuugitaidis-kiilto-46-hobehall-1kg\/\",\"name\":\"VUUGIT\u00c4IDIS KIILTO 46 H\u00d5BEHALL 1KG - Espak E-pood\",\"isPartOf\":{\"@id\":\"https:\/\/espak.ee\/epood\/#website\"},\"primaryImageOfPage\":{\"@id\":\"https:\/\/espak.ee\/epood\/toode\/vuugitaidis-kiilto-46-hobehall-1kg\/#primaryimage\"},\"image\":{\"@id\":\"https:\/\/espak.ee\/epood\/toode\/vuugitaidis-kiilto-46-hobehall-1kg\/#primaryimage\"},\"thumbnailUrl\":\"https:\/\/espak.ee\/epood\/wp-content\/uploads\/2024\/11\/vuugitaide-kiilto-2.jpg\",\"datePublished\":\"2024-11-16T03:10:03+00:00\",\"dateModified\":\"2025-11-05T12:19:19+00:00\",\"breadcrumb\":{\"@id\":\"https:\/\/espak.ee\/epood\/toode\/vuugitaidis-kiilto-46-hobehall-1kg\/#breadcrumb\"},\"inLanguage\":\"et\",\"potentialAction\":[{\"@type\":\"ReadAction\",\"target\":[\"https:\/\/espak.ee\/epood\/toode\/vuugitaidis-kiilto-46-hobehall-1kg\/\"]}]},{\"@type\":\"ImageObject\",\"inLanguage\":\"et\",\"@id\":\"https:\/\/espak.ee\/epood\/toode\/vuugitaidis-kiilto-46-hobehall-1kg\/#primaryimage\",\"url\":\"https:\/\/espak.ee\/epood\/wp-content\/uploads\/2024\/11\/vuugitaide-kiilto-2.jpg\",\"contentUrl\":\"https:\/\/espak.ee\/epood\/wp-content\/uploads\/2024\/11\/vuugitaide-kiilto-2.jpg\",\"width\":1000,\"height\":1000},{\"@type\":\"BreadcrumbList\",\"@id\":\"https:\/\/espak.ee\/epood\/toode\/vuugitaidis-kiilto-46-hobehall-1kg\/#breadcrumb\",\"itemListElement\":[{\"@type\":\"ListItem\",\"position\":1,\"name\":\"Home\",\"item\":\"https:\/\/espak.ee\/epood\/\"},{\"@type\":\"ListItem\",\"position\":2,\"name\":\"Tootevalik\",\"item\":\"https:\/\/espak.ee\/epood\/tootevalik\/\"},{\"@type\":\"ListItem\",\"position\":3,\"name\":\"VUUGIT\u00c4IDIS KIILTO 46 H\u00d5BEHALL 1KG\"}]},{\"@type\":\"WebSite\",\"@id\":\"https:\/\/espak.ee\/epood\/#website\",\"url\":\"https:\/\/espak.ee\/epood\/\",\"name\":\"Espak E-pood\",\"description\":\"\",\"potentialAction\":[{\"@type\":\"SearchAction\",\"target\":{\"@type\":\"EntryPoint\",\"urlTemplate\":\"https:\/\/espak.ee\/epood\/?s={search_term_string}\"},\"query-input\":{\"@type\":\"PropertyValueSpecification\",\"valueRequired\":true,\"valueName\":\"search_term_string\"}}],\"inLanguage\":\"et\"}]}<\/script>\n<!-- \/ Yoast SEO plugin. -->","yoast_head_json":{"title":"VUUGIT\u00c4IDIS KIILTO 46 H\u00d5BEHALL 1KG - Espak E-pood","robots":{"index":"index","follow":"follow","max-snippet":"max-snippet:-1","max-image-preview":"max-image-preview:large","max-video-preview":"max-video-preview:-1"},"canonical":"https:\/\/espak.ee\/epood\/toode\/vuugitaidis-kiilto-46-hobehall-1kg\/","og_locale":"et_EE","og_type":"article","og_title":"VUUGIT\u00c4IDIS KIILTO 46 H\u00d5BEHALL 1KG - Espak E-pood","og_url":"https:\/\/espak.ee\/epood\/toode\/vuugitaidis-kiilto-46-hobehall-1kg\/","og_site_name":"Espak E-pood","article_modified_time":"2025-11-05T12:19:19+00:00","og_image":[{"width":1000,"height":1000,"url":"https:\/\/espak.ee\/epood\/wp-content\/uploads\/2024\/11\/vuugitaide-kiilto-2.jpg","type":"image\/jpeg"}],"twitter_card":"summary_large_image","twitter_misc":{"Est. reading time":"2 minutit"},"schema":{"@context":"https:\/\/schema.org","@graph":[{"@type":"WebPage","@id":"https:\/\/espak.ee\/epood\/toode\/vuugitaidis-kiilto-46-hobehall-1kg\/","url":"https:\/\/espak.ee\/epood\/toode\/vuugitaidis-kiilto-46-hobehall-1kg\/","name":"VUUGIT\u00c4IDIS KIILTO 46 H\u00d5BEHALL 1KG - Espak E-pood","isPartOf":{"@id":"https:\/\/espak.ee\/epood\/#website"},"primaryImageOfPage":{"@id":"https:\/\/espak.ee\/epood\/toode\/vuugitaidis-kiilto-46-hobehall-1kg\/#primaryimage"},"image":{"@id":"https:\/\/espak.ee\/epood\/toode\/vuugitaidis-kiilto-46-hobehall-1kg\/#primaryimage"},"thumbnailUrl":"https:\/\/espak.ee\/epood\/wp-content\/uploads\/2024\/11\/vuugitaide-kiilto-2.jpg","datePublished":"2024-11-16T03:10:03+00:00","dateModified":"2025-11-05T12:19:19+00:00","breadcrumb":{"@id":"https:\/\/espak.ee\/epood\/toode\/vuugitaidis-kiilto-46-hobehall-1kg\/#breadcrumb"},"inLanguage":"et","potentialAction":[{"@type":"ReadAction","target":["https:\/\/espak.ee\/epood\/toode\/vuugitaidis-kiilto-46-hobehall-1kg\/"]}]},{"@type":"ImageObject","inLanguage":"et","@id":"https:\/\/espak.ee\/epood\/toode\/vuugitaidis-kiilto-46-hobehall-1kg\/#primaryimage","url":"https:\/\/espak.ee\/epood\/wp-content\/uploads\/2024\/11\/vuugitaide-kiilto-2.jpg","contentUrl":"https:\/\/espak.ee\/epood\/wp-content\/uploads\/2024\/11\/vuugitaide-kiilto-2.jpg","width":1000,"height":1000},{"@type":"BreadcrumbList","@id":"https:\/\/espak.ee\/epood\/toode\/vuugitaidis-kiilto-46-hobehall-1kg\/#breadcrumb","itemListElement":[{"@type":"ListItem","position":1,"name":"Home","item":"https:\/\/espak.ee\/epood\/"},{"@type":"ListItem","position":2,"name":"Tootevalik","item":"https:\/\/espak.ee\/epood\/tootevalik\/"},{"@type":"ListItem","position":3,"name":"VUUGIT\u00c4IDIS KIILTO 46 H\u00d5BEHALL 1KG"}]},{"@type":"WebSite","@id":"https:\/\/espak.ee\/epood\/#website","url":"https:\/\/espak.ee\/epood\/","name":"Espak E-pood","description":"","potentialAction":[{"@type":"SearchAction","target":{"@type":"EntryPoint","urlTemplate":"https:\/\/espak.ee\/epood\/?s={search_term_string}"},"query-input":{"@type":"PropertyValueSpecification","valueRequired":true,"valueName":"search_term_string"}}],"inLanguage":"et"}]}},"_links":{"self":[{"href":"https:\/\/espak.ee\/epood\/wp-json\/wp\/v2\/product\/218486","targetHints":{"allow":["GET"]}}],"collection":[{"href":"https:\/\/espak.ee\/epood\/wp-json\/wp\/v2\/product"}],"about":[{"href":"https:\/\/espak.ee\/epood\/wp-json\/wp\/v2\/types\/product"}],"replies":[{"embeddable":true,"href":"https:\/\/espak.ee\/epood\/wp-json\/wp\/v2\/comments?post=218486"}],"wp:featuredmedia":[{"embeddable":true,"href":"https:\/\/espak.ee\/epood\/wp-json\/wp\/v2\/media\/218626"}],"wp:attachment":[{"href":"https:\/\/espak.ee\/epood\/wp-json\/wp\/v2\/media?parent=218486"}],"wp:term":[{"taxonomy":"product_brand","embeddable":true,"href":"https:\/\/espak.ee\/epood\/wp-json\/wp\/v2\/product_brand?post=218486"},{"taxonomy":"product_cat","embeddable":true,"href":"https:\/\/espak.ee\/epood\/wp-json\/wp\/v2\/product_cat?post=218486"},{"taxonomy":"product_tag","embeddable":true,"href":"https:\/\/espak.ee\/epood\/wp-json\/wp\/v2\/product_tag?post=218486"}],"curies":[{"name":"wp","href":"https:\/\/api.w.org\/{rel}","templated":true}]}}