{"id":218366,"date":"2024-11-15T05:05:03","date_gmt":"2024-11-15T03:05:03","guid":{"rendered":"https:\/\/espak.ee\/epood\/?post_type=product&#038;p=218366"},"modified":"2026-03-21T09:14:40","modified_gmt":"2026-03-21T07:14:40","slug":"aknapesusprei-kiilto-ikkuna-06l","status":"publish","type":"product","link":"https:\/\/espak.ee\/epood\/toode\/aknapesusprei-kiilto-ikkuna-06l\/","title":{"rendered":"AKNAPESUSPREI KIILTO IKKUNA 0,6L"},"content":{"rendered":"<div class=\"row\"  id=\"row-95265537\">\n\n\t<div id=\"col-1724659828\" class=\"col medium-9 small-12 large-9\"  >\n\t\t\t\t<div class=\"col-inner\"  >\n\t\t\t\n\t\t\t\n<h2>Kiilto aknapuhastusvahend Ikkuna 0,6L<\/h2>\n<p>Kiilto Ikkuna biolagunev puhastussprei on v\u00e4rskel\u00f5hnaline puhastusvahend, mis ei j\u00e4ta pinnale triipe. Sobib nt akendele, peeglitele, ukseklaasidele ja klaaslaudadele. Toote tootmisel on kasutatud p\u00e4ikeseenergiat ning see on pakendatud 100% taaskasutatud plastikust valmistatud pudelisse. Pudelil on ohutust suurendav vahtpihusti, mis v\u00e4hendab \u00f5hku eralduvaid aerosoole ja aine sissehingamise ohtu.Tootele on omistatud Luigem\u00e4rgis, mis garanteerib, et toote keskkonnam\u00f5jud on on hinnatud ja toode on kasutajale ohutu ja selle t\u00f5husust on testitud.<\/p>\n<div class=\"message-box relative\" style=\"padding-top:15px;padding-bottom:15px;\"><div class=\"message-box-bg-image bg-fill fill\" ><\/div><div class=\"message-box-bg-overlay bg-fill fill\" ><\/div><div class=\"container relative\"><div class=\"inner last-reset\">\n<div class=\"row align-middle align-center\"  id=\"row-678006456\">\n\n\t<div id=\"col-1023727548\" class=\"col small-12 large-12\"  >\n\t\t\t\t<div class=\"col-inner text-left\"  >\n\t\t\t\n\t\t\t\n<h4>Omadused<\/h4>\n<div class=\"row\"  id=\"row-1711648861\">\n\n\t<div id=\"col-2071447917\" class=\"col medium-6 small-12 large-6\"  >\n\t\t\t\t<div class=\"col-inner\"  >\n\t\t\t\n\t\t\t\n<p><i class=\"fa fa-check fa-2x\"><\/i> <strong>N\u00f5rgalt leeliseline klaaspindade puhastusvahend<\/strong><\/p>\n<p><i class=\"fa fa-check fa-2x\"><\/i> <strong>Ei j\u00e4ta triipe<\/strong><\/p>\n\t\t<\/div>\n\t\t\t\t\n<style>\n#col-2071447917 > .col-inner {\n  margin: 0px 0px 15px 0px;\n}\n<\/style>\n\t<\/div>\n\n\t\n\n\t<div id=\"col-655093023\" class=\"col medium-6 small-12 large-6\"  >\n\t\t\t\t<div class=\"col-inner\"  >\n\t\t\t\n\t\t\t\n<p><i class=\"fa fa-check fa-2x\"><\/i> <strong>Eemaldab t\u00f5husalt rasva ja mustuse<\/strong><\/p>\n\t\t<\/div>\n\t\t\t\t\n<style>\n#col-655093023 > .col-inner {\n  margin: 0px 0px 15px 0px;\n}\n<\/style>\n\t<\/div>\n\n\t\n<\/div>\n\t\t<\/div>\n\t\t\t\t\t<\/div>\n\n\t\n<\/div>\n<\/div><\/div><\/div>\n\t<div id=\"gap-316488585\" class=\"gap-element clearfix\" style=\"display:block; height:auto;\">\n\t\t\n<style>\n#gap-316488585 {\n  padding-top: 30px;\n}\n<\/style>\n\t<\/div>\n\t\n\t\t<\/div>\n\t\t\t\t\t<\/div>\n\n\t\n\n\t<div id=\"col-632291063\" class=\"col medium-3 small-12 large-3\"  >\n\t\t\t\t<div class=\"col-inner\"  >\n\t\t\t\n\t\t\t\n\t<div id=\"gap-1307583578\" class=\"gap-element clearfix\" style=\"display:block; height:auto;\">\n\t\t\n<style>\n#gap-1307583578 {\n  padding-top: 30px;\n}\n<\/style>\n\t<\/div>\n\t\n<h3>Tehniline informatsioon<\/h3>\n<p><a href=\"https:\/\/espak.ee\/epood\/wp-content\/uploads\/2024\/11\/product_brochure_57986_2023-08-14_et_EE.pdf\"target=\"_blank\" rel=\"noopener noreferrer\"><i class=\"far fa-file-pdf\"><\/i> Tehniline info (PDF)<\/a><\/p>\n<h3>Ohutuskaart<\/h3>\n<p><a href=\"https:\/\/espak.ee\/epood\/wp-content\/uploads\/2024\/11\/57986kiiltocleanoy-kiiltoikkunabiohajoavapuhdistussuihke-579863105225-579861et-EE.pdf\"target=\"_blank\" rel=\"noopener noreferrer\"><i class=\"far fa-file-pdf\"><\/i> Ohutuskaart (PDF)<\/a><\/p>\n<div class=\"is-divider divider clearfix\" ><\/div>\n<p><strong>\u00dcksikasjalikuma n\u00f5u saamiseks v\u00f5tke \u00fchendust:<br \/><\/strong>Kiilto Eesti O\u00dc<br \/>L\u00e4ike tee 4<br \/>75312<br \/>Rae vald<br \/>(+372) 60 31 900<\/p>\n<div class=\"is-divider divider clearfix\" ><\/div>\n\t\t<\/div>\n\t\t\t\t\t<\/div>\n\n\t\n<\/div>\n","protected":false},"excerpt":{"rendered":"","protected":false},"featured_media":218439,"comment_status":"closed","ping_status":"closed","template":"","meta":[],"product_brand":[],"product_cat":[2691,3441,2684,2683],"product_tag":[],"class_list":{"0":"post-218366","1":"product","2":"type-product","3":"status-publish","4":"has-post-thumbnail","6":"product_cat-lahustid","7":"product_cat-lahustid-ja-pesuained","8":"product_cat-varvid-lakid-lahustid-puidukaitsed-olid","9":"product_cat-viimistluskaubad","10":"product_shipping_class-dpd-cold","11":"pa_kaubamark-kiilto-eesti-ou","13":"first","14":"instock","15":"sale","16":"taxable","17":"shipping-taxable","18":"purchasable","19":"product-type-simple"},"yoast_head":"<!-- This site is optimized with the Yoast SEO plugin v26.9 - https:\/\/yoast.com\/product\/yoast-seo-wordpress\/ -->\n<title>AKNAPESUSPREI KIILTO IKKUNA 0,6L - Espak E-pood<\/title>\n<meta name=\"robots\" content=\"index, follow, max-snippet:-1, max-image-preview:large, max-video-preview:-1\" \/>\n<link rel=\"canonical\" href=\"https:\/\/espak.ee\/epood\/toode\/aknapesusprei-kiilto-ikkuna-06l\/\" \/>\n<meta property=\"og:locale\" content=\"et_EE\" \/>\n<meta property=\"og:type\" content=\"article\" \/>\n<meta property=\"og:title\" content=\"AKNAPESUSPREI KIILTO IKKUNA 0,6L - Espak E-pood\" \/>\n<meta property=\"og:url\" content=\"https:\/\/espak.ee\/epood\/toode\/aknapesusprei-kiilto-ikkuna-06l\/\" \/>\n<meta property=\"og:site_name\" content=\"Espak E-pood\" \/>\n<meta property=\"article:modified_time\" content=\"2026-03-21T07:14:40+00:00\" \/>\n<meta property=\"og:image\" content=\"https:\/\/espak.ee\/epood\/wp-content\/uploads\/2024\/11\/57986_Kiilto_Ikkuna_Puhdistussuihke-600ml.jpg\" \/>\n\t<meta property=\"og:image:width\" content=\"1000\" \/>\n\t<meta property=\"og:image:height\" content=\"1000\" \/>\n\t<meta property=\"og:image:type\" content=\"image\/jpeg\" \/>\n<meta name=\"twitter:card\" content=\"summary_large_image\" \/>\n<meta name=\"twitter:label1\" content=\"Est. reading time\" \/>\n\t<meta name=\"twitter:data1\" content=\"1 minut\" \/>\n<script type=\"application\/ld+json\" class=\"yoast-schema-graph\">{\"@context\":\"https:\/\/schema.org\",\"@graph\":[{\"@type\":\"WebPage\",\"@id\":\"https:\/\/espak.ee\/epood\/toode\/aknapesusprei-kiilto-ikkuna-06l\/\",\"url\":\"https:\/\/espak.ee\/epood\/toode\/aknapesusprei-kiilto-ikkuna-06l\/\",\"name\":\"AKNAPESUSPREI KIILTO IKKUNA 0,6L - Espak E-pood\",\"isPartOf\":{\"@id\":\"https:\/\/espak.ee\/epood\/#website\"},\"primaryImageOfPage\":{\"@id\":\"https:\/\/espak.ee\/epood\/toode\/aknapesusprei-kiilto-ikkuna-06l\/#primaryimage\"},\"image\":{\"@id\":\"https:\/\/espak.ee\/epood\/toode\/aknapesusprei-kiilto-ikkuna-06l\/#primaryimage\"},\"thumbnailUrl\":\"https:\/\/espak.ee\/epood\/wp-content\/uploads\/2024\/11\/57986_Kiilto_Ikkuna_Puhdistussuihke-600ml.jpg\",\"datePublished\":\"2024-11-15T03:05:03+00:00\",\"dateModified\":\"2026-03-21T07:14:40+00:00\",\"breadcrumb\":{\"@id\":\"https:\/\/espak.ee\/epood\/toode\/aknapesusprei-kiilto-ikkuna-06l\/#breadcrumb\"},\"inLanguage\":\"et\",\"potentialAction\":[{\"@type\":\"ReadAction\",\"target\":[\"https:\/\/espak.ee\/epood\/toode\/aknapesusprei-kiilto-ikkuna-06l\/\"]}]},{\"@type\":\"ImageObject\",\"inLanguage\":\"et\",\"@id\":\"https:\/\/espak.ee\/epood\/toode\/aknapesusprei-kiilto-ikkuna-06l\/#primaryimage\",\"url\":\"https:\/\/espak.ee\/epood\/wp-content\/uploads\/2024\/11\/57986_Kiilto_Ikkuna_Puhdistussuihke-600ml.jpg\",\"contentUrl\":\"https:\/\/espak.ee\/epood\/wp-content\/uploads\/2024\/11\/57986_Kiilto_Ikkuna_Puhdistussuihke-600ml.jpg\",\"width\":1000,\"height\":1000},{\"@type\":\"BreadcrumbList\",\"@id\":\"https:\/\/espak.ee\/epood\/toode\/aknapesusprei-kiilto-ikkuna-06l\/#breadcrumb\",\"itemListElement\":[{\"@type\":\"ListItem\",\"position\":1,\"name\":\"Home\",\"item\":\"https:\/\/espak.ee\/epood\/\"},{\"@type\":\"ListItem\",\"position\":2,\"name\":\"Tootevalik\",\"item\":\"https:\/\/espak.ee\/epood\/tootevalik\/\"},{\"@type\":\"ListItem\",\"position\":3,\"name\":\"AKNAPESUSPREI KIILTO IKKUNA 0,6L\"}]},{\"@type\":\"WebSite\",\"@id\":\"https:\/\/espak.ee\/epood\/#website\",\"url\":\"https:\/\/espak.ee\/epood\/\",\"name\":\"Espak E-pood\",\"description\":\"\",\"potentialAction\":[{\"@type\":\"SearchAction\",\"target\":{\"@type\":\"EntryPoint\",\"urlTemplate\":\"https:\/\/espak.ee\/epood\/?s={search_term_string}\"},\"query-input\":{\"@type\":\"PropertyValueSpecification\",\"valueRequired\":true,\"valueName\":\"search_term_string\"}}],\"inLanguage\":\"et\"}]}<\/script>\n<!-- \/ Yoast SEO plugin. -->","yoast_head_json":{"title":"AKNAPESUSPREI KIILTO IKKUNA 0,6L - Espak E-pood","robots":{"index":"index","follow":"follow","max-snippet":"max-snippet:-1","max-image-preview":"max-image-preview:large","max-video-preview":"max-video-preview:-1"},"canonical":"https:\/\/espak.ee\/epood\/toode\/aknapesusprei-kiilto-ikkuna-06l\/","og_locale":"et_EE","og_type":"article","og_title":"AKNAPESUSPREI KIILTO IKKUNA 0,6L - Espak E-pood","og_url":"https:\/\/espak.ee\/epood\/toode\/aknapesusprei-kiilto-ikkuna-06l\/","og_site_name":"Espak E-pood","article_modified_time":"2026-03-21T07:14:40+00:00","og_image":[{"width":1000,"height":1000,"url":"https:\/\/espak.ee\/epood\/wp-content\/uploads\/2024\/11\/57986_Kiilto_Ikkuna_Puhdistussuihke-600ml.jpg","type":"image\/jpeg"}],"twitter_card":"summary_large_image","twitter_misc":{"Est. reading time":"1 minut"},"schema":{"@context":"https:\/\/schema.org","@graph":[{"@type":"WebPage","@id":"https:\/\/espak.ee\/epood\/toode\/aknapesusprei-kiilto-ikkuna-06l\/","url":"https:\/\/espak.ee\/epood\/toode\/aknapesusprei-kiilto-ikkuna-06l\/","name":"AKNAPESUSPREI KIILTO IKKUNA 0,6L - Espak E-pood","isPartOf":{"@id":"https:\/\/espak.ee\/epood\/#website"},"primaryImageOfPage":{"@id":"https:\/\/espak.ee\/epood\/toode\/aknapesusprei-kiilto-ikkuna-06l\/#primaryimage"},"image":{"@id":"https:\/\/espak.ee\/epood\/toode\/aknapesusprei-kiilto-ikkuna-06l\/#primaryimage"},"thumbnailUrl":"https:\/\/espak.ee\/epood\/wp-content\/uploads\/2024\/11\/57986_Kiilto_Ikkuna_Puhdistussuihke-600ml.jpg","datePublished":"2024-11-15T03:05:03+00:00","dateModified":"2026-03-21T07:14:40+00:00","breadcrumb":{"@id":"https:\/\/espak.ee\/epood\/toode\/aknapesusprei-kiilto-ikkuna-06l\/#breadcrumb"},"inLanguage":"et","potentialAction":[{"@type":"ReadAction","target":["https:\/\/espak.ee\/epood\/toode\/aknapesusprei-kiilto-ikkuna-06l\/"]}]},{"@type":"ImageObject","inLanguage":"et","@id":"https:\/\/espak.ee\/epood\/toode\/aknapesusprei-kiilto-ikkuna-06l\/#primaryimage","url":"https:\/\/espak.ee\/epood\/wp-content\/uploads\/2024\/11\/57986_Kiilto_Ikkuna_Puhdistussuihke-600ml.jpg","contentUrl":"https:\/\/espak.ee\/epood\/wp-content\/uploads\/2024\/11\/57986_Kiilto_Ikkuna_Puhdistussuihke-600ml.jpg","width":1000,"height":1000},{"@type":"BreadcrumbList","@id":"https:\/\/espak.ee\/epood\/toode\/aknapesusprei-kiilto-ikkuna-06l\/#breadcrumb","itemListElement":[{"@type":"ListItem","position":1,"name":"Home","item":"https:\/\/espak.ee\/epood\/"},{"@type":"ListItem","position":2,"name":"Tootevalik","item":"https:\/\/espak.ee\/epood\/tootevalik\/"},{"@type":"ListItem","position":3,"name":"AKNAPESUSPREI KIILTO IKKUNA 0,6L"}]},{"@type":"WebSite","@id":"https:\/\/espak.ee\/epood\/#website","url":"https:\/\/espak.ee\/epood\/","name":"Espak E-pood","description":"","potentialAction":[{"@type":"SearchAction","target":{"@type":"EntryPoint","urlTemplate":"https:\/\/espak.ee\/epood\/?s={search_term_string}"},"query-input":{"@type":"PropertyValueSpecification","valueRequired":true,"valueName":"search_term_string"}}],"inLanguage":"et"}]}},"_links":{"self":[{"href":"https:\/\/espak.ee\/epood\/wp-json\/wp\/v2\/product\/218366","targetHints":{"allow":["GET"]}}],"collection":[{"href":"https:\/\/espak.ee\/epood\/wp-json\/wp\/v2\/product"}],"about":[{"href":"https:\/\/espak.ee\/epood\/wp-json\/wp\/v2\/types\/product"}],"replies":[{"embeddable":true,"href":"https:\/\/espak.ee\/epood\/wp-json\/wp\/v2\/comments?post=218366"}],"wp:featuredmedia":[{"embeddable":true,"href":"https:\/\/espak.ee\/epood\/wp-json\/wp\/v2\/media\/218439"}],"wp:attachment":[{"href":"https:\/\/espak.ee\/epood\/wp-json\/wp\/v2\/media?parent=218366"}],"wp:term":[{"taxonomy":"product_brand","embeddable":true,"href":"https:\/\/espak.ee\/epood\/wp-json\/wp\/v2\/product_brand?post=218366"},{"taxonomy":"product_cat","embeddable":true,"href":"https:\/\/espak.ee\/epood\/wp-json\/wp\/v2\/product_cat?post=218366"},{"taxonomy":"product_tag","embeddable":true,"href":"https:\/\/espak.ee\/epood\/wp-json\/wp\/v2\/product_tag?post=218366"}],"curies":[{"name":"wp","href":"https:\/\/api.w.org\/{rel}","templated":true}]}}