{"id":218355,"date":"2024-11-15T05:05:03","date_gmt":"2024-11-15T03:05:03","guid":{"rendered":"https:\/\/espak.ee\/epood\/?post_type=product&#038;p=218355"},"modified":"2025-04-06T00:53:22","modified_gmt":"2025-04-05T21:53:22","slug":"kurkide-vaetis-substral-miracle-gro-350g","status":"publish","type":"product","link":"https:\/\/espak.ee\/epood\/toode\/kurkide-vaetis-substral-miracle-gro-350g\/","title":{"rendered":"KURKIDE V\u00c4ETIS SUBSTRAL MIRACLE-GRO 350G"},"content":{"rendered":"<div class=\"row\"  id=\"row-165487918\">\n\n\t<div id=\"col-1509434076\" class=\"col medium-9 small-12 large-9\"  >\n\t\t\t\t<div class=\"col-inner\"  >\n\t\t\t\n\t\t\t\n<h2>Kurkide v\u00e4etis Miracle-Gro\u00ae Substral 350g<\/h2>\n<p>100% vees lahustuv pulbriline mineraalv\u00e4etis kurkide jt k\u00f5rvitsaliste (arbuus, melon) juurte ja lehtede kaudu v\u00e4etamiseks pottides, avamaal, kiletunnelis, kasvuhoones. Kasutamine alates taimede ettekasvatamisest. Soodustab kasvamist, \u00f5itsemist ja viljade k\u00fcpsemist, muudab nende maitse ja aroomi intensiivsemaks. Taimede poolt kergelt omastatav juurte ja lehtede kaudu. \u00d5igel kasutamisel puudub oht nitraatidega \u00fclev\u00e4etamiseks.<\/p>\n<p>Kontsentraat: 350-700 L v\u00e4etislahuse valmistamiseks.<\/p>\n<p><strong>Kasutamine:<\/strong><br \/>\nAprillist kuni septembrini igakordsel kastmisel.<br \/>\nJuure kaudu v\u00e4etamine: 2 tl \/ 10 L vee kohta v\u00f5i 1 g \/ 1 L vee kohta.<br \/>\nLehtede piserdamine: 1 tl \/ 10 L vee kohta v\u00f5i \u00bd g \/ 1 L vee kohta 1 X n\u00e4dalas.<br \/>\nSeemikute kasvatamine: \u00bd g \/ 1 L vee kohta 2 X n\u00e4dalas kuni 4 p\u00e4rislehe paari ilmnemiseni, seej\u00e4rel 3 X n\u00e4dalas.<\/p>\n<p>NB! Lehtedele v\u00f5ib j\u00e4\u00e4da kerge sade. Mitte pritsida ereda p\u00e4ikesega. V\u00e4ltida v\u00e4etise sattumist \u00f5itele.<\/p>\n<p>Kasutamiseks hobiaianduses ainult kinnitatud vajaduse korral. Mitte \u00fcletada kasutusm\u00e4\u00e4ra.<\/p>\n<p>1 tl.= 5 g<\/p>\n<p><p><strong>Koostis:<\/strong><br \/>\nMineraalv\u00e4etis PFC 1(C)(I)(a)(ii), NPK v\u00e4etis 20-20-20 +mikroelemendid.<br \/>\n\u00dcldl\u00e4mmastik (N) 20%, millest 4,5% nitraatl\u00e4mmastik, 2,4% ammooniuml\u00e4mmastik, 13,1% uurea l\u00e4mmastik; Fosforpentoksiid (P2O5) vees lahustuv 20%, 20% lahustub neutraalses ammooniumtsitraadis; Kaaliumoksiid (K2O) 20% vees lahustuv. Mikroelemendid on t\u00e4ielikult vees lahustuvad: 0,02% boor (B) happena; 0,015 % vask (Cu)*; 0,12% DTPA-ga kelaaditud rauda (Fe); 0,06% mangaani (Mn)*; 0,01% mol\u00fcbdeen (Mo) naatriummol\u00fcbdeenina; 0,015% tsinki (Zn)*. *EDTA poolt kelaaditud. \/ pH vahemik, mis tagab kelaaditud mikroelementide vastuv\u00f5etava stabiilsuse: Cu-\/Mn-\/Zn-EDTA: 3-10; Fe-DTPA: 1,5-7,5. Granulomeetria: Pulberi ja graanulite kombinatsioon, 85% tootest l\u00e4bib 1 mm s\u00f5ela, 98% l\u00e4bib 5 mm s\u00f5ela. Koostis: Kaaliumnitraat1 (CAS nr 7757-79-1), uurea1 (CAS nr 57-13-6), monoammooniumfosfaat1 (CAS nr 7722-76-1), kaaliummonofosfaat1 (CAS nr 7778-77-0). 1) Algmaterjalidest ained ja segud. Madal Kaadmiumi (Cd) sisaldus. V\u00e4hese kloorisisaldusega. Sisaldab 0,8% veeslahustuvat magneesiumoksiidi (MgO).<\/p>\n<p><strong>Hoidmine ja s\u00e4ilitamine: <\/strong>Hoida lastele ja koduloomadele k\u00e4ttesaamatus kohas. S\u00e4ilitada originaalpakendis suletuna temperatuuril +5-+30\u00b0C, otsese p\u00e4ikese eest varjatud kuivas kohas. S\u00e4ilivusaeg mitte alla 60 kuu. Valmistamise aeg vaata pakendilt. Kasutusaeg ei ole piiratud.<\/p>\n\t\t<\/div>\n\t\t\t\t\t<\/div>\n\n\t\n\n\t<div id=\"col-762620556\" class=\"col medium-3 small-12 large-3\"  >\n\t\t\t\t<div class=\"col-inner\"  >\n\t\t\t\n\t\t\t\n\t<div id=\"gap-907792942\" class=\"gap-element clearfix\" style=\"display:block; height:auto;\">\n\t\t\n<style>\n#gap-907792942 {\n  padding-top: 30px;\n}\n<\/style>\n\t<\/div>\n\t\n<h3>Ohutuskaart<\/h3>\n<p><a href=\"https:\/\/espak.ee\/epood\/wp-content\/uploads\/2024\/11\/10127T_1326101_80627_ALLROUND-20-20-20_DERIVED-SDS_EE_300000011641_EE_ET_1.0.pdf\"target=\"_blank\" rel=\"noopener noreferrer\"><i class=\"far fa-file-pdf\"><\/i> Ohutuskaart (PDF)<\/a><\/p>\n<div class=\"is-divider divider clearfix\" ><\/div>\n<p><strong>\u00dcksikasjalikuma n\u00f5u saamiseks v\u00f5tke \u00fchendust:<br \/><\/strong>Innotrade Group O\u00dc<br \/>Kanali tee 6<br \/>10112<br \/>Tallinn<br \/>+372 5047793<\/p>\n<div class=\"is-divider divider clearfix\" ><\/div>\n\t\t<\/div>\n\t\t\t\t\t<\/div>\n\n\t\n<\/div>\n","protected":false},"excerpt":{"rendered":"","protected":false},"featured_media":218417,"comment_status":"closed","ping_status":"closed","template":"","meta":[],"product_brand":[],"product_cat":[2789,2788,2878,2877],"product_tag":[],"class_list":{"0":"post-218355","1":"product","2":"type-product","3":"status-publish","4":"has-post-thumbnail","6":"product_cat-aiatarbed","7":"product_cat-aiatarbed-ja-kodukaubad","8":"product_cat-aiavaetised","9":"product_cat-vaetised","10":"pa_kaubamark-innotrade-group-ou","12":"first","13":"instock","14":"sale","15":"taxable","16":"shipping-taxable","17":"purchasable","18":"product-type-simple"},"yoast_head":"<!-- This site is optimized with the Yoast SEO plugin v26.9 - https:\/\/yoast.com\/product\/yoast-seo-wordpress\/ -->\n<title>KURKIDE V\u00c4ETIS SUBSTRAL MIRACLE-GRO 350G - Espak E-pood<\/title>\n<meta name=\"robots\" content=\"index, follow, max-snippet:-1, max-image-preview:large, max-video-preview:-1\" \/>\n<link rel=\"canonical\" href=\"https:\/\/espak.ee\/epood\/toode\/kurkide-vaetis-substral-miracle-gro-350g\/\" \/>\n<meta property=\"og:locale\" content=\"et_EE\" \/>\n<meta property=\"og:type\" content=\"article\" \/>\n<meta property=\"og:title\" content=\"KURKIDE V\u00c4ETIS SUBSTRAL MIRACLE-GRO 350G - Espak E-pood\" \/>\n<meta property=\"og:url\" content=\"https:\/\/espak.ee\/epood\/toode\/kurkide-vaetis-substral-miracle-gro-350g\/\" \/>\n<meta property=\"og:site_name\" content=\"Espak E-pood\" \/>\n<meta property=\"article:modified_time\" content=\"2025-04-05T21:53:22+00:00\" \/>\n<meta property=\"og:image\" content=\"https:\/\/espak.ee\/epood\/wp-content\/uploads\/2024\/11\/MG-Kurgi-vaetis-350-g-5907487101273-1.jpg\" \/>\n\t<meta property=\"og:image:width\" content=\"1000\" \/>\n\t<meta property=\"og:image:height\" content=\"1000\" \/>\n\t<meta property=\"og:image:type\" content=\"image\/jpeg\" \/>\n<meta name=\"twitter:card\" content=\"summary_large_image\" \/>\n<meta name=\"twitter:label1\" content=\"Est. reading time\" \/>\n\t<meta name=\"twitter:data1\" content=\"2 minutit\" \/>\n<script type=\"application\/ld+json\" class=\"yoast-schema-graph\">{\"@context\":\"https:\/\/schema.org\",\"@graph\":[{\"@type\":\"WebPage\",\"@id\":\"https:\/\/espak.ee\/epood\/toode\/kurkide-vaetis-substral-miracle-gro-350g\/\",\"url\":\"https:\/\/espak.ee\/epood\/toode\/kurkide-vaetis-substral-miracle-gro-350g\/\",\"name\":\"KURKIDE V\u00c4ETIS SUBSTRAL MIRACLE-GRO 350G - Espak E-pood\",\"isPartOf\":{\"@id\":\"https:\/\/espak.ee\/epood\/#website\"},\"primaryImageOfPage\":{\"@id\":\"https:\/\/espak.ee\/epood\/toode\/kurkide-vaetis-substral-miracle-gro-350g\/#primaryimage\"},\"image\":{\"@id\":\"https:\/\/espak.ee\/epood\/toode\/kurkide-vaetis-substral-miracle-gro-350g\/#primaryimage\"},\"thumbnailUrl\":\"https:\/\/espak.ee\/epood\/wp-content\/uploads\/2024\/11\/MG-Kurgi-vaetis-350-g-5907487101273-1.jpg\",\"datePublished\":\"2024-11-15T03:05:03+00:00\",\"dateModified\":\"2025-04-05T21:53:22+00:00\",\"breadcrumb\":{\"@id\":\"https:\/\/espak.ee\/epood\/toode\/kurkide-vaetis-substral-miracle-gro-350g\/#breadcrumb\"},\"inLanguage\":\"et\",\"potentialAction\":[{\"@type\":\"ReadAction\",\"target\":[\"https:\/\/espak.ee\/epood\/toode\/kurkide-vaetis-substral-miracle-gro-350g\/\"]}]},{\"@type\":\"ImageObject\",\"inLanguage\":\"et\",\"@id\":\"https:\/\/espak.ee\/epood\/toode\/kurkide-vaetis-substral-miracle-gro-350g\/#primaryimage\",\"url\":\"https:\/\/espak.ee\/epood\/wp-content\/uploads\/2024\/11\/MG-Kurgi-vaetis-350-g-5907487101273-1.jpg\",\"contentUrl\":\"https:\/\/espak.ee\/epood\/wp-content\/uploads\/2024\/11\/MG-Kurgi-vaetis-350-g-5907487101273-1.jpg\",\"width\":1000,\"height\":1000},{\"@type\":\"BreadcrumbList\",\"@id\":\"https:\/\/espak.ee\/epood\/toode\/kurkide-vaetis-substral-miracle-gro-350g\/#breadcrumb\",\"itemListElement\":[{\"@type\":\"ListItem\",\"position\":1,\"name\":\"Home\",\"item\":\"https:\/\/espak.ee\/epood\/\"},{\"@type\":\"ListItem\",\"position\":2,\"name\":\"Tootevalik\",\"item\":\"https:\/\/espak.ee\/epood\/tootevalik\/\"},{\"@type\":\"ListItem\",\"position\":3,\"name\":\"KURKIDE V\u00c4ETIS SUBSTRAL MIRACLE-GRO 350G\"}]},{\"@type\":\"WebSite\",\"@id\":\"https:\/\/espak.ee\/epood\/#website\",\"url\":\"https:\/\/espak.ee\/epood\/\",\"name\":\"Espak E-pood\",\"description\":\"\",\"potentialAction\":[{\"@type\":\"SearchAction\",\"target\":{\"@type\":\"EntryPoint\",\"urlTemplate\":\"https:\/\/espak.ee\/epood\/?s={search_term_string}\"},\"query-input\":{\"@type\":\"PropertyValueSpecification\",\"valueRequired\":true,\"valueName\":\"search_term_string\"}}],\"inLanguage\":\"et\"}]}<\/script>\n<!-- \/ Yoast SEO plugin. -->","yoast_head_json":{"title":"KURKIDE V\u00c4ETIS SUBSTRAL MIRACLE-GRO 350G - Espak E-pood","robots":{"index":"index","follow":"follow","max-snippet":"max-snippet:-1","max-image-preview":"max-image-preview:large","max-video-preview":"max-video-preview:-1"},"canonical":"https:\/\/espak.ee\/epood\/toode\/kurkide-vaetis-substral-miracle-gro-350g\/","og_locale":"et_EE","og_type":"article","og_title":"KURKIDE V\u00c4ETIS SUBSTRAL MIRACLE-GRO 350G - Espak E-pood","og_url":"https:\/\/espak.ee\/epood\/toode\/kurkide-vaetis-substral-miracle-gro-350g\/","og_site_name":"Espak E-pood","article_modified_time":"2025-04-05T21:53:22+00:00","og_image":[{"width":1000,"height":1000,"url":"https:\/\/espak.ee\/epood\/wp-content\/uploads\/2024\/11\/MG-Kurgi-vaetis-350-g-5907487101273-1.jpg","type":"image\/jpeg"}],"twitter_card":"summary_large_image","twitter_misc":{"Est. reading time":"2 minutit"},"schema":{"@context":"https:\/\/schema.org","@graph":[{"@type":"WebPage","@id":"https:\/\/espak.ee\/epood\/toode\/kurkide-vaetis-substral-miracle-gro-350g\/","url":"https:\/\/espak.ee\/epood\/toode\/kurkide-vaetis-substral-miracle-gro-350g\/","name":"KURKIDE V\u00c4ETIS SUBSTRAL MIRACLE-GRO 350G - Espak E-pood","isPartOf":{"@id":"https:\/\/espak.ee\/epood\/#website"},"primaryImageOfPage":{"@id":"https:\/\/espak.ee\/epood\/toode\/kurkide-vaetis-substral-miracle-gro-350g\/#primaryimage"},"image":{"@id":"https:\/\/espak.ee\/epood\/toode\/kurkide-vaetis-substral-miracle-gro-350g\/#primaryimage"},"thumbnailUrl":"https:\/\/espak.ee\/epood\/wp-content\/uploads\/2024\/11\/MG-Kurgi-vaetis-350-g-5907487101273-1.jpg","datePublished":"2024-11-15T03:05:03+00:00","dateModified":"2025-04-05T21:53:22+00:00","breadcrumb":{"@id":"https:\/\/espak.ee\/epood\/toode\/kurkide-vaetis-substral-miracle-gro-350g\/#breadcrumb"},"inLanguage":"et","potentialAction":[{"@type":"ReadAction","target":["https:\/\/espak.ee\/epood\/toode\/kurkide-vaetis-substral-miracle-gro-350g\/"]}]},{"@type":"ImageObject","inLanguage":"et","@id":"https:\/\/espak.ee\/epood\/toode\/kurkide-vaetis-substral-miracle-gro-350g\/#primaryimage","url":"https:\/\/espak.ee\/epood\/wp-content\/uploads\/2024\/11\/MG-Kurgi-vaetis-350-g-5907487101273-1.jpg","contentUrl":"https:\/\/espak.ee\/epood\/wp-content\/uploads\/2024\/11\/MG-Kurgi-vaetis-350-g-5907487101273-1.jpg","width":1000,"height":1000},{"@type":"BreadcrumbList","@id":"https:\/\/espak.ee\/epood\/toode\/kurkide-vaetis-substral-miracle-gro-350g\/#breadcrumb","itemListElement":[{"@type":"ListItem","position":1,"name":"Home","item":"https:\/\/espak.ee\/epood\/"},{"@type":"ListItem","position":2,"name":"Tootevalik","item":"https:\/\/espak.ee\/epood\/tootevalik\/"},{"@type":"ListItem","position":3,"name":"KURKIDE V\u00c4ETIS SUBSTRAL MIRACLE-GRO 350G"}]},{"@type":"WebSite","@id":"https:\/\/espak.ee\/epood\/#website","url":"https:\/\/espak.ee\/epood\/","name":"Espak E-pood","description":"","potentialAction":[{"@type":"SearchAction","target":{"@type":"EntryPoint","urlTemplate":"https:\/\/espak.ee\/epood\/?s={search_term_string}"},"query-input":{"@type":"PropertyValueSpecification","valueRequired":true,"valueName":"search_term_string"}}],"inLanguage":"et"}]}},"_links":{"self":[{"href":"https:\/\/espak.ee\/epood\/wp-json\/wp\/v2\/product\/218355","targetHints":{"allow":["GET"]}}],"collection":[{"href":"https:\/\/espak.ee\/epood\/wp-json\/wp\/v2\/product"}],"about":[{"href":"https:\/\/espak.ee\/epood\/wp-json\/wp\/v2\/types\/product"}],"replies":[{"embeddable":true,"href":"https:\/\/espak.ee\/epood\/wp-json\/wp\/v2\/comments?post=218355"}],"wp:featuredmedia":[{"embeddable":true,"href":"https:\/\/espak.ee\/epood\/wp-json\/wp\/v2\/media\/218417"}],"wp:attachment":[{"href":"https:\/\/espak.ee\/epood\/wp-json\/wp\/v2\/media?parent=218355"}],"wp:term":[{"taxonomy":"product_brand","embeddable":true,"href":"https:\/\/espak.ee\/epood\/wp-json\/wp\/v2\/product_brand?post=218355"},{"taxonomy":"product_cat","embeddable":true,"href":"https:\/\/espak.ee\/epood\/wp-json\/wp\/v2\/product_cat?post=218355"},{"taxonomy":"product_tag","embeddable":true,"href":"https:\/\/espak.ee\/epood\/wp-json\/wp\/v2\/product_tag?post=218355"}],"curies":[{"name":"wp","href":"https:\/\/api.w.org\/{rel}","templated":true}]}}