{"id":218062,"date":"2024-11-13T05:10:24","date_gmt":"2024-11-13T03:10:24","guid":{"rendered":"https:\/\/espak.ee\/epood\/?post_type=product&#038;p=218062"},"modified":"2024-11-18T14:26:25","modified_gmt":"2024-11-18T12:26:25","slug":"hudroisolatsioonimembraan-sikalastic-260-stop-aqua-22kg","status":"publish","type":"product","link":"https:\/\/espak.ee\/epood\/toode\/hudroisolatsioonimembraan-sikalastic-260-stop-aqua-22kg\/","title":{"rendered":"H\u00dcDROISOLATSIOONIMEMBRAAN SIKALASTIC 260 STOP AQUA 22KG"},"content":{"rendered":"<div class=\"row\"  id=\"row-644389493\">\n\n\t<div id=\"col-1569399532\" class=\"col medium-9 small-12 large-9\"  >\n\t\t\t\t<div class=\"col-inner\"  >\n\t\t\t\n\t\t\t\n<h2>H\u00fcdroisolatsioonimembraan Sikalastic 260 Stop Aqua 22kg<\/h2>\n<p>Sikalastic\u00ae-260 Stop Aqua on kasutusvalmis \u00fchekomponentne veep\u00f5histest vaikudest valmistatud vedel h\u00fcdroisolatsioonimembraan m\u00e4rgruumide jaoks. Toode moodustab t\u00e4ielikult nakkunud veekindla viimistluskihi, mis on valmis plaatide paigaldamiseks.\n<\/p>\n<div class=\"is-divider divider clearfix\" ><\/div>\n<p><strong>Kasutuskohad:<\/strong><br \/>\n&#8211; du\u0161iruumide h\u00fcdroisolatsioon<br \/>\n&#8211; vannitubade h\u00fcdroisolatsioon<\/p>\n<p><strong>Toode on ette n\u00e4htud kasutamiseks j\u00e4rgmistel aluspindadel: <\/strong><br \/>\n&#8211; betoon- ja tsemendip\u00f5hised pinnad<br \/>\n&#8211; p\u00f5randakipsplaadid<br \/>\n&#8211; kipsplaadid<br \/>\n&#8211; kipstellised<br \/>\n&#8211; kipskrohv<br \/>\n&#8211; keraamilised plaadid<\/p>\n<p><strong>T\u00e4helepanu! Toode on ette n\u00e4htud ainult sisetingimustes kasutamiseks.<\/strong><\/p>\n<p><strong>Toote omadused\/eelised:<\/strong><br \/>\n&#8211; liitekohtadeta<br \/>\n&#8211; moodustab tervikliku s\u00fcsteemi koos tihenduslintidega Sika\u00ae SealTapes, kruntidega ja plaadiliimidega<br \/>\n&#8211; \u00fchekomponentne, kasutusvalmis<br \/>\n&#8211; veep\u00f5hine<br \/>\n&#8211; kiiresti kuivav<br \/>\n&#8211; vedelikke mittel\u00e4bilaskev<br \/>\n&#8211; hea pragude sildamise v\u00f5ime<br \/>\n&#8211; sobib kellu ja rulliga pealekandmiseks<\/p>\n<p><strong>S\u00e4ilitamine: <\/strong> Toodet tuleb hoida avamata ja kahjustamata, suletud originaalpakendis ning kuivades tingimustes temperatuuril +5 \u00b0C kuni +30 \u00b0C. Kaitsta otsese p\u00e4ikesekiirguse eest. Lugege alati pakendit.<\/p>\n\t\t<\/div>\n\t\t\t\t\t<\/div>\n\n\t\n\n\t<div id=\"col-1162454319\" class=\"col medium-3 small-12 large-3\"  >\n\t\t\t\t<div class=\"col-inner\"  >\n\t\t\t\n\t\t\t\n\t<div id=\"gap-1127777707\" class=\"gap-element clearfix\" style=\"display:block; height:auto;\">\n\t\t\n<style>\n#gap-1127777707 {\n  padding-top: 30px;\n}\n<\/style>\n\t<\/div>\n\t\n<h3>Tehniline informatsioon<\/h3>\n<p><a href=\"https:\/\/espak.ee\/epood\/wp-content\/uploads\/2024\/11\/sikalastic-260-stopaqua.pdf\"target=\"_blank\" rel=\"noopener noreferrer\"><i class=\"far fa-file-pdf\"><\/i> Tehniline info (PDF)<\/a><\/p>\n<h3>Ohutusalane teave<\/h3>\n<p><a href=\"https:\/\/espak.ee\/epood\/wp-content\/uploads\/2024\/11\/Sikalastic-260-Stop-Aqua-SDS-1.1-etEE.pdf\"target=\"_blank\" rel=\"noopener noreferrer\"><i class=\"far fa-file-pdf\"><\/i> Ohutuskaart (PDF)<\/a><\/p>\n<div class=\"is-divider divider clearfix\" ><\/div>\n<p><strong>\u00dcksikasjalikuma n\u00f5u saamiseks v\u00f5tke \u00fchendust:<br \/><\/strong>SIKA ESTONIA O\u00dc<br \/>Tuleviku tee 2<br \/>75312<br \/>Peetri k\u00fcla, Rae vald<br \/>+372 605 4000<\/p>\n<div class=\"is-divider divider clearfix\" ><\/div>\n\t\t<\/div>\n\t\t\t\t\t<\/div>\n\n\t\n<\/div>\n","protected":false},"excerpt":{"rendered":"","protected":false},"featured_media":218126,"comment_status":"closed","ping_status":"closed","template":"","meta":[],"product_brand":[],"product_cat":[2703,2708,4847,2683],"product_tag":[],"class_list":{"0":"post-218062","1":"product","2":"type-product","3":"status-publish","4":"has-post-thumbnail","6":"product_cat-ehituskeemia","7":"product_cat-hermeetikud","8":"product_cat-niikustoke-ja-hudroisolatsioon","9":"product_cat-viimistluskaubad","11":"first","12":"instock","13":"sale","14":"taxable","15":"shipping-taxable","16":"purchasable","17":"product-type-simple"},"yoast_head":"<!-- This site is optimized with the Yoast SEO plugin v26.9 - https:\/\/yoast.com\/product\/yoast-seo-wordpress\/ -->\n<title>H\u00dcDROISOLATSIOONIMEMBRAAN SIKALASTIC 260 STOP AQUA 22KG - Espak E-pood<\/title>\n<meta name=\"robots\" content=\"index, follow, max-snippet:-1, max-image-preview:large, max-video-preview:-1\" \/>\n<link rel=\"canonical\" href=\"https:\/\/espak.ee\/epood\/toode\/hudroisolatsioonimembraan-sikalastic-260-stop-aqua-22kg\/\" \/>\n<meta property=\"og:locale\" content=\"et_EE\" \/>\n<meta property=\"og:type\" content=\"article\" \/>\n<meta property=\"og:title\" content=\"H\u00dcDROISOLATSIOONIMEMBRAAN SIKALASTIC 260 STOP AQUA 22KG - Espak E-pood\" \/>\n<meta property=\"og:url\" content=\"https:\/\/espak.ee\/epood\/toode\/hudroisolatsioonimembraan-sikalastic-260-stop-aqua-22kg\/\" \/>\n<meta property=\"og:site_name\" content=\"Espak E-pood\" \/>\n<meta property=\"article:modified_time\" content=\"2024-11-18T12:26:25+00:00\" \/>\n<meta property=\"og:image\" content=\"https:\/\/espak.ee\/epood\/wp-content\/uploads\/2024\/11\/Sikalastic-260-Stop-Aqua-22kg.jpg\" \/>\n\t<meta property=\"og:image:width\" content=\"1000\" \/>\n\t<meta property=\"og:image:height\" content=\"1000\" \/>\n\t<meta property=\"og:image:type\" content=\"image\/jpeg\" \/>\n<meta name=\"twitter:card\" content=\"summary_large_image\" \/>\n<meta name=\"twitter:label1\" content=\"Est. reading time\" \/>\n\t<meta name=\"twitter:data1\" content=\"1 minut\" \/>\n<script type=\"application\/ld+json\" class=\"yoast-schema-graph\">{\"@context\":\"https:\/\/schema.org\",\"@graph\":[{\"@type\":\"WebPage\",\"@id\":\"https:\/\/espak.ee\/epood\/toode\/hudroisolatsioonimembraan-sikalastic-260-stop-aqua-22kg\/\",\"url\":\"https:\/\/espak.ee\/epood\/toode\/hudroisolatsioonimembraan-sikalastic-260-stop-aqua-22kg\/\",\"name\":\"H\u00dcDROISOLATSIOONIMEMBRAAN SIKALASTIC 260 STOP AQUA 22KG - Espak E-pood\",\"isPartOf\":{\"@id\":\"https:\/\/espak.ee\/epood\/#website\"},\"primaryImageOfPage\":{\"@id\":\"https:\/\/espak.ee\/epood\/toode\/hudroisolatsioonimembraan-sikalastic-260-stop-aqua-22kg\/#primaryimage\"},\"image\":{\"@id\":\"https:\/\/espak.ee\/epood\/toode\/hudroisolatsioonimembraan-sikalastic-260-stop-aqua-22kg\/#primaryimage\"},\"thumbnailUrl\":\"https:\/\/espak.ee\/epood\/wp-content\/uploads\/2024\/11\/Sikalastic-260-Stop-Aqua-22kg.jpg\",\"datePublished\":\"2024-11-13T03:10:24+00:00\",\"dateModified\":\"2024-11-18T12:26:25+00:00\",\"breadcrumb\":{\"@id\":\"https:\/\/espak.ee\/epood\/toode\/hudroisolatsioonimembraan-sikalastic-260-stop-aqua-22kg\/#breadcrumb\"},\"inLanguage\":\"et\",\"potentialAction\":[{\"@type\":\"ReadAction\",\"target\":[\"https:\/\/espak.ee\/epood\/toode\/hudroisolatsioonimembraan-sikalastic-260-stop-aqua-22kg\/\"]}]},{\"@type\":\"ImageObject\",\"inLanguage\":\"et\",\"@id\":\"https:\/\/espak.ee\/epood\/toode\/hudroisolatsioonimembraan-sikalastic-260-stop-aqua-22kg\/#primaryimage\",\"url\":\"https:\/\/espak.ee\/epood\/wp-content\/uploads\/2024\/11\/Sikalastic-260-Stop-Aqua-22kg.jpg\",\"contentUrl\":\"https:\/\/espak.ee\/epood\/wp-content\/uploads\/2024\/11\/Sikalastic-260-Stop-Aqua-22kg.jpg\",\"width\":1000,\"height\":1000},{\"@type\":\"BreadcrumbList\",\"@id\":\"https:\/\/espak.ee\/epood\/toode\/hudroisolatsioonimembraan-sikalastic-260-stop-aqua-22kg\/#breadcrumb\",\"itemListElement\":[{\"@type\":\"ListItem\",\"position\":1,\"name\":\"Home\",\"item\":\"https:\/\/espak.ee\/epood\/\"},{\"@type\":\"ListItem\",\"position\":2,\"name\":\"Tootevalik\",\"item\":\"https:\/\/espak.ee\/epood\/tootevalik\/\"},{\"@type\":\"ListItem\",\"position\":3,\"name\":\"H\u00dcDROISOLATSIOONIMEMBRAAN SIKALASTIC 260 STOP AQUA 22KG\"}]},{\"@type\":\"WebSite\",\"@id\":\"https:\/\/espak.ee\/epood\/#website\",\"url\":\"https:\/\/espak.ee\/epood\/\",\"name\":\"Espak E-pood\",\"description\":\"\",\"potentialAction\":[{\"@type\":\"SearchAction\",\"target\":{\"@type\":\"EntryPoint\",\"urlTemplate\":\"https:\/\/espak.ee\/epood\/?s={search_term_string}\"},\"query-input\":{\"@type\":\"PropertyValueSpecification\",\"valueRequired\":true,\"valueName\":\"search_term_string\"}}],\"inLanguage\":\"et\"}]}<\/script>\n<!-- \/ Yoast SEO plugin. -->","yoast_head_json":{"title":"H\u00dcDROISOLATSIOONIMEMBRAAN SIKALASTIC 260 STOP AQUA 22KG - Espak E-pood","robots":{"index":"index","follow":"follow","max-snippet":"max-snippet:-1","max-image-preview":"max-image-preview:large","max-video-preview":"max-video-preview:-1"},"canonical":"https:\/\/espak.ee\/epood\/toode\/hudroisolatsioonimembraan-sikalastic-260-stop-aqua-22kg\/","og_locale":"et_EE","og_type":"article","og_title":"H\u00dcDROISOLATSIOONIMEMBRAAN SIKALASTIC 260 STOP AQUA 22KG - Espak E-pood","og_url":"https:\/\/espak.ee\/epood\/toode\/hudroisolatsioonimembraan-sikalastic-260-stop-aqua-22kg\/","og_site_name":"Espak E-pood","article_modified_time":"2024-11-18T12:26:25+00:00","og_image":[{"width":1000,"height":1000,"url":"https:\/\/espak.ee\/epood\/wp-content\/uploads\/2024\/11\/Sikalastic-260-Stop-Aqua-22kg.jpg","type":"image\/jpeg"}],"twitter_card":"summary_large_image","twitter_misc":{"Est. reading time":"1 minut"},"schema":{"@context":"https:\/\/schema.org","@graph":[{"@type":"WebPage","@id":"https:\/\/espak.ee\/epood\/toode\/hudroisolatsioonimembraan-sikalastic-260-stop-aqua-22kg\/","url":"https:\/\/espak.ee\/epood\/toode\/hudroisolatsioonimembraan-sikalastic-260-stop-aqua-22kg\/","name":"H\u00dcDROISOLATSIOONIMEMBRAAN SIKALASTIC 260 STOP AQUA 22KG - Espak E-pood","isPartOf":{"@id":"https:\/\/espak.ee\/epood\/#website"},"primaryImageOfPage":{"@id":"https:\/\/espak.ee\/epood\/toode\/hudroisolatsioonimembraan-sikalastic-260-stop-aqua-22kg\/#primaryimage"},"image":{"@id":"https:\/\/espak.ee\/epood\/toode\/hudroisolatsioonimembraan-sikalastic-260-stop-aqua-22kg\/#primaryimage"},"thumbnailUrl":"https:\/\/espak.ee\/epood\/wp-content\/uploads\/2024\/11\/Sikalastic-260-Stop-Aqua-22kg.jpg","datePublished":"2024-11-13T03:10:24+00:00","dateModified":"2024-11-18T12:26:25+00:00","breadcrumb":{"@id":"https:\/\/espak.ee\/epood\/toode\/hudroisolatsioonimembraan-sikalastic-260-stop-aqua-22kg\/#breadcrumb"},"inLanguage":"et","potentialAction":[{"@type":"ReadAction","target":["https:\/\/espak.ee\/epood\/toode\/hudroisolatsioonimembraan-sikalastic-260-stop-aqua-22kg\/"]}]},{"@type":"ImageObject","inLanguage":"et","@id":"https:\/\/espak.ee\/epood\/toode\/hudroisolatsioonimembraan-sikalastic-260-stop-aqua-22kg\/#primaryimage","url":"https:\/\/espak.ee\/epood\/wp-content\/uploads\/2024\/11\/Sikalastic-260-Stop-Aqua-22kg.jpg","contentUrl":"https:\/\/espak.ee\/epood\/wp-content\/uploads\/2024\/11\/Sikalastic-260-Stop-Aqua-22kg.jpg","width":1000,"height":1000},{"@type":"BreadcrumbList","@id":"https:\/\/espak.ee\/epood\/toode\/hudroisolatsioonimembraan-sikalastic-260-stop-aqua-22kg\/#breadcrumb","itemListElement":[{"@type":"ListItem","position":1,"name":"Home","item":"https:\/\/espak.ee\/epood\/"},{"@type":"ListItem","position":2,"name":"Tootevalik","item":"https:\/\/espak.ee\/epood\/tootevalik\/"},{"@type":"ListItem","position":3,"name":"H\u00dcDROISOLATSIOONIMEMBRAAN SIKALASTIC 260 STOP AQUA 22KG"}]},{"@type":"WebSite","@id":"https:\/\/espak.ee\/epood\/#website","url":"https:\/\/espak.ee\/epood\/","name":"Espak E-pood","description":"","potentialAction":[{"@type":"SearchAction","target":{"@type":"EntryPoint","urlTemplate":"https:\/\/espak.ee\/epood\/?s={search_term_string}"},"query-input":{"@type":"PropertyValueSpecification","valueRequired":true,"valueName":"search_term_string"}}],"inLanguage":"et"}]}},"_links":{"self":[{"href":"https:\/\/espak.ee\/epood\/wp-json\/wp\/v2\/product\/218062","targetHints":{"allow":["GET"]}}],"collection":[{"href":"https:\/\/espak.ee\/epood\/wp-json\/wp\/v2\/product"}],"about":[{"href":"https:\/\/espak.ee\/epood\/wp-json\/wp\/v2\/types\/product"}],"replies":[{"embeddable":true,"href":"https:\/\/espak.ee\/epood\/wp-json\/wp\/v2\/comments?post=218062"}],"wp:featuredmedia":[{"embeddable":true,"href":"https:\/\/espak.ee\/epood\/wp-json\/wp\/v2\/media\/218126"}],"wp:attachment":[{"href":"https:\/\/espak.ee\/epood\/wp-json\/wp\/v2\/media?parent=218062"}],"wp:term":[{"taxonomy":"product_brand","embeddable":true,"href":"https:\/\/espak.ee\/epood\/wp-json\/wp\/v2\/product_brand?post=218062"},{"taxonomy":"product_cat","embeddable":true,"href":"https:\/\/espak.ee\/epood\/wp-json\/wp\/v2\/product_cat?post=218062"},{"taxonomy":"product_tag","embeddable":true,"href":"https:\/\/espak.ee\/epood\/wp-json\/wp\/v2\/product_tag?post=218062"}],"curies":[{"name":"wp","href":"https:\/\/api.w.org\/{rel}","templated":true}]}}