{"id":217656,"date":"2024-11-09T05:10:14","date_gmt":"2024-11-09T03:10:14","guid":{"rendered":"https:\/\/espak.ee\/epood\/?post_type=product&#038;p=217656"},"modified":"2025-11-27T13:59:49","modified_gmt":"2025-11-27T11:59:49","slug":"hoovel-einhell-te-pl-920","status":"publish","type":"product","link":"https:\/\/espak.ee\/epood\/toode\/hoovel-einhell-te-pl-920\/","title":{"rendered":"H\u00d6\u00d6VEL EINHELL TE-PL 920"},"content":{"rendered":"<div class=\"row\"  id=\"row-1973317228\">\n\n\t<div id=\"col-765677815\" class=\"col medium-9 small-12 large-9\"  >\n\t\t\t\t<div class=\"col-inner\"  >\n\t\t\t\n\t\t\t\n<h3>H\u00f6\u00f6vel Einhell TE-PL 920<\/h3>\n<div class=\"message-box relative\" style=\"padding-top:15px;padding-bottom:15px;\"><div class=\"message-box-bg-image bg-fill fill\" ><\/div><div class=\"message-box-bg-overlay bg-fill fill\" ><\/div><div class=\"container relative\"><div class=\"inner last-reset\">\n<div class=\"row align-middle align-center\"  id=\"row-1057397015\">\n\n\t<div id=\"col-526449531\" class=\"col small-12 large-12\"  >\n\t\t\t\t<div class=\"col-inner text-left\"  >\n\t\t\t\n\t\t\t\n<h4>Omadused<\/h4>\n<div class=\"row\"  id=\"row-1909735053\">\n\n\t<div id=\"col-333673793\" class=\"col medium-6 small-12 large-6\"  >\n\t\t\t\t<div class=\"col-inner\"  >\n\t\t\t\n\t\t\t\n<p><i class=\"far fa-check-circle fa-2x\"><\/i><strong>\u00a0H\u00f6\u00f6vlitera laius 82 mm<\/strong><\/p>\n<p><i class=\"far fa-check-circle fa-2x\"><\/i><strong> Suur h\u00f6\u00f6vliv\u00f5ll parimate tulemuste saavutamiseks\u00a0<\/strong><\/p>\n<p><i class=\"far fa-check-circle fa-2x\"><\/i><strong> Automaatne hoiutugi h\u00f6\u00f6vlitera ja materjali kaitseks <\/strong><\/p>\n<p><i class=\"far fa-check-circle fa-2x\"><\/i><strong> Tald kolme V-kujulise soonega servade h\u00f5lpsaks faasimiseks\u00a0<\/strong><\/p>\n<p><i class=\"far fa-check-circle fa-2x\"><\/i><strong> Kaasas 2x TCT h\u00f6\u00f6vlitera (p\u00f6\u00f6ratav)\u00a0<\/strong><\/p>\n\t\t<\/div>\n\t\t\t\t\n<style>\n#col-333673793 > .col-inner {\n  margin: 0px 0px 15px 0px;\n}\n<\/style>\n\t<\/div>\n\n\t\n\n\t<div id=\"col-1781357427\" class=\"col medium-6 small-12 large-6\"  >\n\t\t\t\t<div class=\"col-inner\"  >\n\t\t\t\n\t\t\t\n<p><i class=\"far fa-check-circle fa-2x\"><\/i><strong> V\u00f5imekas k\u00e4sih\u00f6\u00f6vel kuni 3,5\u00a0mm laastupaksusega h\u00f6\u00f6veldamiseks <\/strong><\/p>\n<p><i class=\"far fa-check-circle fa-2x\"><\/i><strong> Lihtne visuaalne laastu s\u00fcgavuse reguleerimine<\/strong><\/p>\n<p><i class=\"far fa-check-circle fa-2x\"><\/i><strong> Paindlikuks t\u00f6\u00f6tamiseks kummalegi k\u00fcljele seatav laastusuunaja\u00a0<\/strong><\/p>\n<p><i class=\"far fa-check-circle fa-2x\"><\/i><strong> T\u00e4isalumiiniumist tallad tasase pinna saavutamiseks\u00a0<\/strong><\/p>\n<p><i class=\"far fa-check-circle fa-2x\"><\/i><strong> Kaasas k\u00fcljepiiraja sirgeks ja t\u00e4pseks h\u00f6\u00f6veldamiseks\u00a0<\/strong><\/p>\n\t\t<\/div>\n\t\t\t\t\n<style>\n#col-1781357427 > .col-inner {\n  margin: 0px 0px 15px 0px;\n}\n<\/style>\n\t<\/div>\n\n\t\n<\/div>\n\t\t<\/div>\n\t\t\t\t\t<\/div>\n\n\t\n<\/div>\n<\/div><\/div><\/div>\n\t<div id=\"gap-1393270097\" class=\"gap-element clearfix\" style=\"display:block; height:auto;\">\n\t\t\n<style>\n#gap-1393270097 {\n  padding-top: 30px;\n}\n<\/style>\n\t<\/div>\n\t\n<h2>Tootekirjeldus<\/h2>\n<p> H\u00f6\u00f6vel Einhell TE-PL 920 on v\u00f5imas k\u00e4sih\u00f6\u00f6vel kuni 3,5\u00a0mm laastupaksusega h\u00f6\u00f6veldamiseks. Suur h\u00f6\u00f6vliv\u00f5ll ja 920\u00a0W v\u00f5imsust tagavad optimaalsed h\u00f6\u00f6veldustulemused. Laastusuunuri saab seada kummalegi k\u00fcljele, mis tagab t\u00f6\u00f6tamise paindlikkuse, samas saab selle \u00fchendada ka 36mm l\u00e4bim\u00f5\u00f5duga imemisadapteriga, mis \u00fchildub Einhelli m\u00e4rg-ja kuivtolmuimejaga.<br \/>\nAlumiiniumist tallad tagavad sujuva t\u00f6\u00f6 ja t\u00e4psed t\u00f6\u00f6tulemused. Lisaks on tallas kolm V-kujulist soont servade h\u00f5lpsaks faasimiseks. Automaatne hoiutugi kaitseb toorikut ja h\u00f6\u00f6vlitera kahjustuste eest. Ergonoomiline k\u00e4epide tagab kindla ja turvalise hoidmise v\u00e4simatuks t\u00f6\u00f6tamiseks ka pikkadel t\u00f6\u00f6seanssidel ning pehme k\u00e4epide tagab mugava k\u00e4sitsemise. Tootel on sirgete ja t\u00e4psete h\u00f6\u00f6veldamistulemuste saavutamiseks paralleelsuunaja.<br \/>\nKaasas kaks vastupidavat TCT h\u00f6\u00f6vlitera (p\u00f6\u00f6ratav).  <\/p>\n\t<div id=\"gap-1930878475\" class=\"gap-element clearfix\" style=\"display:block; height:auto;\">\n\t\t\n<style>\n#gap-1930878475 {\n  padding-top: 30px;\n}\n<\/style>\n\t<\/div>\n\t\n\t\t<\/div>\n\t\t\t\t\t<\/div>\n\n\t\n\n\t<div id=\"col-1087144029\" class=\"col medium-3 small-12 large-3\"  >\n\t\t\t\t<div class=\"col-inner\"  >\n\t\t\t\n\t\t\t\n\t<div id=\"gap-695597041\" class=\"gap-element clearfix\" style=\"display:block; height:auto;\">\n\t\t\n<style>\n#gap-695597041 {\n  padding-top: 30px;\n}\n<\/style>\n\t<\/div>\n\t\n<h3>Kasutusjuhend<\/h3>\n<p><a href=\"https:\/\/espak.ee\/epood\/wp-content\/uploads\/2024\/11\/Hoovel-Einhell-TE-PL-920-4345325.pdf\"target=\"_blank\" rel=\"noopener noreferrer\"><i class=\"far fa-file-pdf\"><\/i> Kasutusjuhend (PDF)<\/a><\/p>\n<div class=\"is-divider divider clearfix\" ><\/div>\n<p><strong>\u00dcksikasjalikuma n\u00f5u saamiseks v\u00f5tke \u00fchendust:<br \/><\/strong>Espak AS<br \/>Viadukti 42<br \/>11313<br \/>Tallinn<br \/>+372 6 512333<\/p>\n\t\t<\/div>\n\t\t\t\t\t<\/div>\n\n\t\n<\/div>\n","protected":false},"excerpt":{"rendered":"","protected":false},"featured_media":217943,"comment_status":"closed","ping_status":"closed","template":"","meta":[],"product_brand":[],"product_cat":[2739,2680,2762,2679],"product_tag":[],"class_list":{"0":"post-217656","1":"product","2":"type-product","3":"status-publish","4":"has-post-thumbnail","6":"product_cat-elektrikasitooriistad","7":"product_cat-elektritooriistad","8":"product_cat-hoovlid","9":"product_cat-tooriistad","10":"pa_kaubamark-einhell","12":"first","13":"instock","14":"sale","15":"taxable","16":"shipping-taxable","17":"purchasable","18":"product-type-simple"},"yoast_head":"<!-- This site is optimized with the Yoast SEO plugin v26.9 - https:\/\/yoast.com\/product\/yoast-seo-wordpress\/ -->\n<title>H\u00d6\u00d6VEL EINHELL TE-PL 920 - Espak E-pood<\/title>\n<meta name=\"robots\" content=\"index, follow, max-snippet:-1, max-image-preview:large, max-video-preview:-1\" \/>\n<link rel=\"canonical\" href=\"https:\/\/espak.ee\/epood\/toode\/hoovel-einhell-te-pl-920\/\" \/>\n<meta property=\"og:locale\" content=\"et_EE\" \/>\n<meta property=\"og:type\" content=\"article\" \/>\n<meta property=\"og:title\" content=\"H\u00d6\u00d6VEL EINHELL TE-PL 920 - Espak E-pood\" \/>\n<meta property=\"og:url\" content=\"https:\/\/espak.ee\/epood\/toode\/hoovel-einhell-te-pl-920\/\" \/>\n<meta property=\"og:site_name\" content=\"Espak E-pood\" \/>\n<meta property=\"article:modified_time\" content=\"2025-11-27T11:59:49+00:00\" \/>\n<meta property=\"og:image\" content=\"https:\/\/espak.ee\/epood\/wp-content\/uploads\/2024\/11\/4345325_21013_001_TE_PL_920_Pic.jpg\" \/>\n\t<meta property=\"og:image:width\" content=\"1000\" \/>\n\t<meta property=\"og:image:height\" content=\"1000\" \/>\n\t<meta property=\"og:image:type\" content=\"image\/jpeg\" \/>\n<meta name=\"twitter:card\" content=\"summary_large_image\" \/>\n<meta name=\"twitter:label1\" content=\"Est. reading time\" \/>\n\t<meta name=\"twitter:data1\" content=\"1 minut\" \/>\n<script type=\"application\/ld+json\" class=\"yoast-schema-graph\">{\"@context\":\"https:\/\/schema.org\",\"@graph\":[{\"@type\":\"WebPage\",\"@id\":\"https:\/\/espak.ee\/epood\/toode\/hoovel-einhell-te-pl-920\/\",\"url\":\"https:\/\/espak.ee\/epood\/toode\/hoovel-einhell-te-pl-920\/\",\"name\":\"H\u00d6\u00d6VEL EINHELL TE-PL 920 - Espak E-pood\",\"isPartOf\":{\"@id\":\"https:\/\/espak.ee\/epood\/#website\"},\"primaryImageOfPage\":{\"@id\":\"https:\/\/espak.ee\/epood\/toode\/hoovel-einhell-te-pl-920\/#primaryimage\"},\"image\":{\"@id\":\"https:\/\/espak.ee\/epood\/toode\/hoovel-einhell-te-pl-920\/#primaryimage\"},\"thumbnailUrl\":\"https:\/\/espak.ee\/epood\/wp-content\/uploads\/2024\/11\/4345325_21013_001_TE_PL_920_Pic.jpg\",\"datePublished\":\"2024-11-09T03:10:14+00:00\",\"dateModified\":\"2025-11-27T11:59:49+00:00\",\"breadcrumb\":{\"@id\":\"https:\/\/espak.ee\/epood\/toode\/hoovel-einhell-te-pl-920\/#breadcrumb\"},\"inLanguage\":\"et\",\"potentialAction\":[{\"@type\":\"ReadAction\",\"target\":[\"https:\/\/espak.ee\/epood\/toode\/hoovel-einhell-te-pl-920\/\"]}]},{\"@type\":\"ImageObject\",\"inLanguage\":\"et\",\"@id\":\"https:\/\/espak.ee\/epood\/toode\/hoovel-einhell-te-pl-920\/#primaryimage\",\"url\":\"https:\/\/espak.ee\/epood\/wp-content\/uploads\/2024\/11\/4345325_21013_001_TE_PL_920_Pic.jpg\",\"contentUrl\":\"https:\/\/espak.ee\/epood\/wp-content\/uploads\/2024\/11\/4345325_21013_001_TE_PL_920_Pic.jpg\",\"width\":1000,\"height\":1000},{\"@type\":\"BreadcrumbList\",\"@id\":\"https:\/\/espak.ee\/epood\/toode\/hoovel-einhell-te-pl-920\/#breadcrumb\",\"itemListElement\":[{\"@type\":\"ListItem\",\"position\":1,\"name\":\"Home\",\"item\":\"https:\/\/espak.ee\/epood\/\"},{\"@type\":\"ListItem\",\"position\":2,\"name\":\"Tootevalik\",\"item\":\"https:\/\/espak.ee\/epood\/tootevalik\/\"},{\"@type\":\"ListItem\",\"position\":3,\"name\":\"H\u00d6\u00d6VEL EINHELL TE-PL 920\"}]},{\"@type\":\"WebSite\",\"@id\":\"https:\/\/espak.ee\/epood\/#website\",\"url\":\"https:\/\/espak.ee\/epood\/\",\"name\":\"Espak E-pood\",\"description\":\"\",\"potentialAction\":[{\"@type\":\"SearchAction\",\"target\":{\"@type\":\"EntryPoint\",\"urlTemplate\":\"https:\/\/espak.ee\/epood\/?s={search_term_string}\"},\"query-input\":{\"@type\":\"PropertyValueSpecification\",\"valueRequired\":true,\"valueName\":\"search_term_string\"}}],\"inLanguage\":\"et\"}]}<\/script>\n<!-- \/ Yoast SEO plugin. -->","yoast_head_json":{"title":"H\u00d6\u00d6VEL EINHELL TE-PL 920 - Espak E-pood","robots":{"index":"index","follow":"follow","max-snippet":"max-snippet:-1","max-image-preview":"max-image-preview:large","max-video-preview":"max-video-preview:-1"},"canonical":"https:\/\/espak.ee\/epood\/toode\/hoovel-einhell-te-pl-920\/","og_locale":"et_EE","og_type":"article","og_title":"H\u00d6\u00d6VEL EINHELL TE-PL 920 - Espak E-pood","og_url":"https:\/\/espak.ee\/epood\/toode\/hoovel-einhell-te-pl-920\/","og_site_name":"Espak E-pood","article_modified_time":"2025-11-27T11:59:49+00:00","og_image":[{"width":1000,"height":1000,"url":"https:\/\/espak.ee\/epood\/wp-content\/uploads\/2024\/11\/4345325_21013_001_TE_PL_920_Pic.jpg","type":"image\/jpeg"}],"twitter_card":"summary_large_image","twitter_misc":{"Est. reading time":"1 minut"},"schema":{"@context":"https:\/\/schema.org","@graph":[{"@type":"WebPage","@id":"https:\/\/espak.ee\/epood\/toode\/hoovel-einhell-te-pl-920\/","url":"https:\/\/espak.ee\/epood\/toode\/hoovel-einhell-te-pl-920\/","name":"H\u00d6\u00d6VEL EINHELL TE-PL 920 - Espak E-pood","isPartOf":{"@id":"https:\/\/espak.ee\/epood\/#website"},"primaryImageOfPage":{"@id":"https:\/\/espak.ee\/epood\/toode\/hoovel-einhell-te-pl-920\/#primaryimage"},"image":{"@id":"https:\/\/espak.ee\/epood\/toode\/hoovel-einhell-te-pl-920\/#primaryimage"},"thumbnailUrl":"https:\/\/espak.ee\/epood\/wp-content\/uploads\/2024\/11\/4345325_21013_001_TE_PL_920_Pic.jpg","datePublished":"2024-11-09T03:10:14+00:00","dateModified":"2025-11-27T11:59:49+00:00","breadcrumb":{"@id":"https:\/\/espak.ee\/epood\/toode\/hoovel-einhell-te-pl-920\/#breadcrumb"},"inLanguage":"et","potentialAction":[{"@type":"ReadAction","target":["https:\/\/espak.ee\/epood\/toode\/hoovel-einhell-te-pl-920\/"]}]},{"@type":"ImageObject","inLanguage":"et","@id":"https:\/\/espak.ee\/epood\/toode\/hoovel-einhell-te-pl-920\/#primaryimage","url":"https:\/\/espak.ee\/epood\/wp-content\/uploads\/2024\/11\/4345325_21013_001_TE_PL_920_Pic.jpg","contentUrl":"https:\/\/espak.ee\/epood\/wp-content\/uploads\/2024\/11\/4345325_21013_001_TE_PL_920_Pic.jpg","width":1000,"height":1000},{"@type":"BreadcrumbList","@id":"https:\/\/espak.ee\/epood\/toode\/hoovel-einhell-te-pl-920\/#breadcrumb","itemListElement":[{"@type":"ListItem","position":1,"name":"Home","item":"https:\/\/espak.ee\/epood\/"},{"@type":"ListItem","position":2,"name":"Tootevalik","item":"https:\/\/espak.ee\/epood\/tootevalik\/"},{"@type":"ListItem","position":3,"name":"H\u00d6\u00d6VEL EINHELL TE-PL 920"}]},{"@type":"WebSite","@id":"https:\/\/espak.ee\/epood\/#website","url":"https:\/\/espak.ee\/epood\/","name":"Espak E-pood","description":"","potentialAction":[{"@type":"SearchAction","target":{"@type":"EntryPoint","urlTemplate":"https:\/\/espak.ee\/epood\/?s={search_term_string}"},"query-input":{"@type":"PropertyValueSpecification","valueRequired":true,"valueName":"search_term_string"}}],"inLanguage":"et"}]}},"_links":{"self":[{"href":"https:\/\/espak.ee\/epood\/wp-json\/wp\/v2\/product\/217656","targetHints":{"allow":["GET"]}}],"collection":[{"href":"https:\/\/espak.ee\/epood\/wp-json\/wp\/v2\/product"}],"about":[{"href":"https:\/\/espak.ee\/epood\/wp-json\/wp\/v2\/types\/product"}],"replies":[{"embeddable":true,"href":"https:\/\/espak.ee\/epood\/wp-json\/wp\/v2\/comments?post=217656"}],"wp:featuredmedia":[{"embeddable":true,"href":"https:\/\/espak.ee\/epood\/wp-json\/wp\/v2\/media\/217943"}],"wp:attachment":[{"href":"https:\/\/espak.ee\/epood\/wp-json\/wp\/v2\/media?parent=217656"}],"wp:term":[{"taxonomy":"product_brand","embeddable":true,"href":"https:\/\/espak.ee\/epood\/wp-json\/wp\/v2\/product_brand?post=217656"},{"taxonomy":"product_cat","embeddable":true,"href":"https:\/\/espak.ee\/epood\/wp-json\/wp\/v2\/product_cat?post=217656"},{"taxonomy":"product_tag","embeddable":true,"href":"https:\/\/espak.ee\/epood\/wp-json\/wp\/v2\/product_tag?post=217656"}],"curies":[{"name":"wp","href":"https:\/\/api.w.org\/{rel}","templated":true}]}}