{"id":217655,"date":"2024-11-09T05:10:14","date_gmt":"2024-11-09T03:10:14","guid":{"rendered":"https:\/\/espak.ee\/epood\/?post_type=product&#038;p=217655"},"modified":"2025-09-26T12:03:25","modified_gmt":"2025-09-26T09:03:25","slug":"johvsaag-einhell-tc-ss-406-e","status":"publish","type":"product","link":"https:\/\/espak.ee\/epood\/toode\/johvsaag-einhell-tc-ss-406-e\/","title":{"rendered":"J\u00d5HVSAAG EINHELL TC-SS 406 E"},"content":{"rendered":"<div class=\"row\"  id=\"row-1811894333\">\n\n\t<div id=\"col-391980840\" class=\"col medium-9 small-12 large-9\"  >\n\t\t\t\t<div class=\"col-inner\"  >\n\t\t\t\n\t\t\t\n<h3>J\u00f5hvsaag Einhell TC-SS 406 E<\/h3>\n<div class=\"message-box relative\" style=\"padding-top:15px;padding-bottom:15px;\"><div class=\"message-box-bg-image bg-fill fill\" ><\/div><div class=\"message-box-bg-overlay bg-fill fill\" ><\/div><div class=\"container relative\"><div class=\"inner last-reset\">\n<div class=\"row align-middle align-center\"  id=\"row-1454998436\">\n\n\t<div id=\"col-908658628\" class=\"col small-12 large-12\"  >\n\t\t\t\t<div class=\"col-inner text-left\"  >\n\t\t\t\n\t\t\t\n<h4>Omadused<\/h4>\n<div class=\"row\"  id=\"row-2044107777\">\n\n\t<div id=\"col-1705625880\" class=\"col medium-6 small-12 large-6\"  >\n\t\t\t\t<div class=\"col-inner\"  >\n\t\t\t\n\t\t\t\n<p><i class=\"far fa-check-circle fa-2x\"><\/i><strong>\u00a0Tugev aluskonstruktsioon tagab kindla asetuse isegi t\u00f6\u00f6tamise ajal<\/strong><\/p>\n<p><i class=\"far fa-check-circle fa-2x\"><\/i><strong> Reguleeritav kiirus erinevate materjalide saagimiseks\u00a0<\/strong><\/p>\n<p><i class=\"far fa-check-circle fa-2x\"><\/i><strong> Tolmu\u00e4rastuse otsak t\u00f6\u00f6koja puhtuse hoidmiseks <\/strong><\/p>\n<p><i class=\"far fa-check-circle fa-2x\"><\/i><strong> Seadme saab poltidega kinnitada t\u00f6\u00f6tasapinnale<\/strong><\/p>\n\t\t<\/div>\n\t\t\t\t\n<style>\n#col-1705625880 > .col-inner {\n  margin: 0px 0px 15px 0px;\n}\n<\/style>\n\t<\/div>\n\n\t\n\n\t<div id=\"col-511617633\" class=\"col medium-6 small-12 large-6\"  >\n\t\t\t\t<div class=\"col-inner\"  >\n\t\t\t\n\t\t\t\n<p><i class=\"far fa-check-circle fa-2x\"><\/i><strong> Metallist t\u00f6\u00f6lauda saab kallutada 47\u00b0 <\/strong><\/p>\n<p><i class=\"far fa-check-circle fa-2x\"><\/i><strong> Sobib nii tihvtiga kui tihvtita saelehe jaoks<\/strong><\/p>\n<p><i class=\"far fa-check-circle fa-2x\"><\/i><strong> Kaasas 2 varu saetera\u00a0<\/strong><\/p>\n<p><i class=\"far fa-check-circle fa-2x\"><\/i><strong> Laitmatu vaade materjalile t\u00e4nu puhumisomadusele\u00a0<\/strong><\/p>\n\t\t<\/div>\n\t\t\t\t\n<style>\n#col-511617633 > .col-inner {\n  margin: 0px 0px 15px 0px;\n}\n<\/style>\n\t<\/div>\n\n\t\n<\/div>\n\t\t<\/div>\n\t\t\t\t\t<\/div>\n\n\t\n<\/div>\n<\/div><\/div><\/div>\n\t<div id=\"gap-1100027866\" class=\"gap-element clearfix\" style=\"display:block; height:auto;\">\n\t\t\n<style>\n#gap-1100027866 {\n  padding-top: 30px;\n}\n<\/style>\n\t<\/div>\n\t\n<h2>Tootekirjeldus<\/h2>\n<p> J\u00f5hvsaag TC-SS 406 E on ideaalne t\u00f6\u00f6riist mudelite ehitamisel ja keeruliste l\u00f5igete tegemisel.<br \/>\nSae v\u00f5imsus on 120 W ja maksimaalne l\u00f5ikek\u00f5rgus on 50 mm.<br \/>\nKiiruse reguleerimine v\u00f5imaldab optimaalselt kohandada j\u00f5udlust vastavalt materjalile. Tugev aluskonstruktsioon tagab kindla paigal p\u00fcsimise, samas<br \/>\nv\u00f5imaldab sae kompaktne disain seda ka kaasas kanda.<br \/>\nTerasest t\u00f6\u00f6laud, mida saab kallutada kuni 47\u00b0, v\u00f5imaldab kiiresti ja h\u00f5lpsasti teha ka nurgel\u00f5ikeid. Praktiline toorikuklamber tagab detaili ohutu ja t\u00e4pse juhtimise ning hoiab seda kindlalt saelaua peal.<br \/>\n Kinnitushoob muudab saeterade vahetamise kiireks ja lihtsaks.<br \/>\nJ\u00f5hvsae TC-SS 406 E praktiline puhumisseade hoiab t\u00f6\u00f6deldava detaili puhtana, t\u00e4nu millele on h\u00f5lpsam t\u00e4histatud kontuuri t\u00e4pselt l\u00f5igata. Lisaks saab t\u00f6\u00f6koha m\u00f5nusalt puhtana hoidmiseks kasutada 36mm tolmu\u00e4rastusadapterit, \u00fchendades sea Einhelli m\u00e4rg- ja kuivtolmuimejaga.<br \/>\nStatsionaarseks kasutamiseks saab j\u00f5hvsae poltidega ka t\u00f6\u00f6laua k\u00fclge kinnitada.<br \/>\nKomplektis 2 saetera. <\/p>\n\t<div id=\"gap-1749769298\" class=\"gap-element clearfix\" style=\"display:block; height:auto;\">\n\t\t\n<style>\n#gap-1749769298 {\n  padding-top: 30px;\n}\n<\/style>\n\t<\/div>\n\t\n\t\t<\/div>\n\t\t\t\t\t<\/div>\n\n\t\n\n\t<div id=\"col-1165939958\" class=\"col medium-3 small-12 large-3\"  >\n\t\t\t\t<div class=\"col-inner\"  >\n\t\t\t\n\t\t\t\n\t<div id=\"gap-1893065680\" class=\"gap-element clearfix\" style=\"display:block; height:auto;\">\n\t\t\n<style>\n#gap-1893065680 {\n  padding-top: 30px;\n}\n<\/style>\n\t<\/div>\n\t\n<h3>Kasutusjuhend<\/h3>\n<p><a href=\"https:\/\/espak.ee\/epood\/wp-content\/uploads\/2024\/11\/Johvsaag-Einhell-TC-SS-406-E-4309047.pdf\"target=\"_blank\" rel=\"noopener noreferrer\"><i class=\"far fa-file-pdf\"><\/i> Kasutusjuhend (PDF)<\/a><\/p>\n<div class=\"is-divider divider clearfix\" ><\/div>\n<p><strong>\u00dcksikasjalikuma n\u00f5u saamiseks v\u00f5tke \u00fchendust:<br \/><\/strong>Espak AS<br \/>Viadukti 42<br \/>11313<br \/>Tallinn<br \/>+372 6 512333<\/p>\n\t\t<\/div>\n\t\t\t\t\t<\/div>\n\n\t\n<\/div>\n","protected":false},"excerpt":{"rendered":"","protected":false},"featured_media":217930,"comment_status":"closed","ping_status":"closed","template":"","meta":[],"product_brand":[],"product_cat":[2680,2681,2764,2679],"product_tag":[],"class_list":{"0":"post-217655","1":"product","2":"type-product","3":"status-publish","4":"has-post-thumbnail","6":"product_cat-elektritooriistad","7":"product_cat-masinad-ja-seadmed","8":"product_cat-puidutootlusmasinad","9":"product_cat-tooriistad","10":"pa_kaubamark-einhell","12":"first","13":"instock","14":"sale","15":"taxable","16":"shipping-taxable","17":"purchasable","18":"product-type-simple"},"yoast_head":"<!-- This site is optimized with the Yoast SEO plugin v26.9 - https:\/\/yoast.com\/product\/yoast-seo-wordpress\/ -->\n<title>J\u00d5HVSAAG EINHELL TC-SS 406 E - Espak E-pood<\/title>\n<meta name=\"robots\" content=\"index, follow, max-snippet:-1, max-image-preview:large, max-video-preview:-1\" \/>\n<link rel=\"canonical\" href=\"https:\/\/espak.ee\/epood\/toode\/johvsaag-einhell-tc-ss-406-e\/\" \/>\n<meta property=\"og:locale\" content=\"et_EE\" \/>\n<meta property=\"og:type\" content=\"article\" \/>\n<meta property=\"og:title\" content=\"J\u00d5HVSAAG EINHELL TC-SS 406 E - Espak E-pood\" \/>\n<meta property=\"og:url\" content=\"https:\/\/espak.ee\/epood\/toode\/johvsaag-einhell-tc-ss-406-e\/\" \/>\n<meta property=\"og:site_name\" content=\"Espak E-pood\" \/>\n<meta property=\"article:modified_time\" content=\"2025-09-26T09:03:25+00:00\" \/>\n<meta property=\"og:image\" content=\"https:\/\/espak.ee\/epood\/wp-content\/uploads\/2024\/11\/4309047_21012_001_TC_SS_406_E_Pic.jpg\" \/>\n\t<meta property=\"og:image:width\" content=\"1000\" \/>\n\t<meta property=\"og:image:height\" content=\"1000\" \/>\n\t<meta property=\"og:image:type\" content=\"image\/jpeg\" \/>\n<meta name=\"twitter:card\" content=\"summary_large_image\" \/>\n<meta name=\"twitter:label1\" content=\"Est. reading time\" \/>\n\t<meta name=\"twitter:data1\" content=\"1 minut\" \/>\n<script type=\"application\/ld+json\" class=\"yoast-schema-graph\">{\"@context\":\"https:\/\/schema.org\",\"@graph\":[{\"@type\":\"WebPage\",\"@id\":\"https:\/\/espak.ee\/epood\/toode\/johvsaag-einhell-tc-ss-406-e\/\",\"url\":\"https:\/\/espak.ee\/epood\/toode\/johvsaag-einhell-tc-ss-406-e\/\",\"name\":\"J\u00d5HVSAAG EINHELL TC-SS 406 E - Espak E-pood\",\"isPartOf\":{\"@id\":\"https:\/\/espak.ee\/epood\/#website\"},\"primaryImageOfPage\":{\"@id\":\"https:\/\/espak.ee\/epood\/toode\/johvsaag-einhell-tc-ss-406-e\/#primaryimage\"},\"image\":{\"@id\":\"https:\/\/espak.ee\/epood\/toode\/johvsaag-einhell-tc-ss-406-e\/#primaryimage\"},\"thumbnailUrl\":\"https:\/\/espak.ee\/epood\/wp-content\/uploads\/2024\/11\/4309047_21012_001_TC_SS_406_E_Pic.jpg\",\"datePublished\":\"2024-11-09T03:10:14+00:00\",\"dateModified\":\"2025-09-26T09:03:25+00:00\",\"breadcrumb\":{\"@id\":\"https:\/\/espak.ee\/epood\/toode\/johvsaag-einhell-tc-ss-406-e\/#breadcrumb\"},\"inLanguage\":\"et\",\"potentialAction\":[{\"@type\":\"ReadAction\",\"target\":[\"https:\/\/espak.ee\/epood\/toode\/johvsaag-einhell-tc-ss-406-e\/\"]}]},{\"@type\":\"ImageObject\",\"inLanguage\":\"et\",\"@id\":\"https:\/\/espak.ee\/epood\/toode\/johvsaag-einhell-tc-ss-406-e\/#primaryimage\",\"url\":\"https:\/\/espak.ee\/epood\/wp-content\/uploads\/2024\/11\/4309047_21012_001_TC_SS_406_E_Pic.jpg\",\"contentUrl\":\"https:\/\/espak.ee\/epood\/wp-content\/uploads\/2024\/11\/4309047_21012_001_TC_SS_406_E_Pic.jpg\",\"width\":1000,\"height\":1000},{\"@type\":\"BreadcrumbList\",\"@id\":\"https:\/\/espak.ee\/epood\/toode\/johvsaag-einhell-tc-ss-406-e\/#breadcrumb\",\"itemListElement\":[{\"@type\":\"ListItem\",\"position\":1,\"name\":\"Home\",\"item\":\"https:\/\/espak.ee\/epood\/\"},{\"@type\":\"ListItem\",\"position\":2,\"name\":\"Tootevalik\",\"item\":\"https:\/\/espak.ee\/epood\/tootevalik\/\"},{\"@type\":\"ListItem\",\"position\":3,\"name\":\"J\u00d5HVSAAG EINHELL TC-SS 406 E\"}]},{\"@type\":\"WebSite\",\"@id\":\"https:\/\/espak.ee\/epood\/#website\",\"url\":\"https:\/\/espak.ee\/epood\/\",\"name\":\"Espak E-pood\",\"description\":\"\",\"potentialAction\":[{\"@type\":\"SearchAction\",\"target\":{\"@type\":\"EntryPoint\",\"urlTemplate\":\"https:\/\/espak.ee\/epood\/?s={search_term_string}\"},\"query-input\":{\"@type\":\"PropertyValueSpecification\",\"valueRequired\":true,\"valueName\":\"search_term_string\"}}],\"inLanguage\":\"et\"}]}<\/script>\n<!-- \/ Yoast SEO plugin. -->","yoast_head_json":{"title":"J\u00d5HVSAAG EINHELL TC-SS 406 E - Espak E-pood","robots":{"index":"index","follow":"follow","max-snippet":"max-snippet:-1","max-image-preview":"max-image-preview:large","max-video-preview":"max-video-preview:-1"},"canonical":"https:\/\/espak.ee\/epood\/toode\/johvsaag-einhell-tc-ss-406-e\/","og_locale":"et_EE","og_type":"article","og_title":"J\u00d5HVSAAG EINHELL TC-SS 406 E - Espak E-pood","og_url":"https:\/\/espak.ee\/epood\/toode\/johvsaag-einhell-tc-ss-406-e\/","og_site_name":"Espak E-pood","article_modified_time":"2025-09-26T09:03:25+00:00","og_image":[{"width":1000,"height":1000,"url":"https:\/\/espak.ee\/epood\/wp-content\/uploads\/2024\/11\/4309047_21012_001_TC_SS_406_E_Pic.jpg","type":"image\/jpeg"}],"twitter_card":"summary_large_image","twitter_misc":{"Est. reading time":"1 minut"},"schema":{"@context":"https:\/\/schema.org","@graph":[{"@type":"WebPage","@id":"https:\/\/espak.ee\/epood\/toode\/johvsaag-einhell-tc-ss-406-e\/","url":"https:\/\/espak.ee\/epood\/toode\/johvsaag-einhell-tc-ss-406-e\/","name":"J\u00d5HVSAAG EINHELL TC-SS 406 E - Espak E-pood","isPartOf":{"@id":"https:\/\/espak.ee\/epood\/#website"},"primaryImageOfPage":{"@id":"https:\/\/espak.ee\/epood\/toode\/johvsaag-einhell-tc-ss-406-e\/#primaryimage"},"image":{"@id":"https:\/\/espak.ee\/epood\/toode\/johvsaag-einhell-tc-ss-406-e\/#primaryimage"},"thumbnailUrl":"https:\/\/espak.ee\/epood\/wp-content\/uploads\/2024\/11\/4309047_21012_001_TC_SS_406_E_Pic.jpg","datePublished":"2024-11-09T03:10:14+00:00","dateModified":"2025-09-26T09:03:25+00:00","breadcrumb":{"@id":"https:\/\/espak.ee\/epood\/toode\/johvsaag-einhell-tc-ss-406-e\/#breadcrumb"},"inLanguage":"et","potentialAction":[{"@type":"ReadAction","target":["https:\/\/espak.ee\/epood\/toode\/johvsaag-einhell-tc-ss-406-e\/"]}]},{"@type":"ImageObject","inLanguage":"et","@id":"https:\/\/espak.ee\/epood\/toode\/johvsaag-einhell-tc-ss-406-e\/#primaryimage","url":"https:\/\/espak.ee\/epood\/wp-content\/uploads\/2024\/11\/4309047_21012_001_TC_SS_406_E_Pic.jpg","contentUrl":"https:\/\/espak.ee\/epood\/wp-content\/uploads\/2024\/11\/4309047_21012_001_TC_SS_406_E_Pic.jpg","width":1000,"height":1000},{"@type":"BreadcrumbList","@id":"https:\/\/espak.ee\/epood\/toode\/johvsaag-einhell-tc-ss-406-e\/#breadcrumb","itemListElement":[{"@type":"ListItem","position":1,"name":"Home","item":"https:\/\/espak.ee\/epood\/"},{"@type":"ListItem","position":2,"name":"Tootevalik","item":"https:\/\/espak.ee\/epood\/tootevalik\/"},{"@type":"ListItem","position":3,"name":"J\u00d5HVSAAG EINHELL TC-SS 406 E"}]},{"@type":"WebSite","@id":"https:\/\/espak.ee\/epood\/#website","url":"https:\/\/espak.ee\/epood\/","name":"Espak E-pood","description":"","potentialAction":[{"@type":"SearchAction","target":{"@type":"EntryPoint","urlTemplate":"https:\/\/espak.ee\/epood\/?s={search_term_string}"},"query-input":{"@type":"PropertyValueSpecification","valueRequired":true,"valueName":"search_term_string"}}],"inLanguage":"et"}]}},"_links":{"self":[{"href":"https:\/\/espak.ee\/epood\/wp-json\/wp\/v2\/product\/217655","targetHints":{"allow":["GET"]}}],"collection":[{"href":"https:\/\/espak.ee\/epood\/wp-json\/wp\/v2\/product"}],"about":[{"href":"https:\/\/espak.ee\/epood\/wp-json\/wp\/v2\/types\/product"}],"replies":[{"embeddable":true,"href":"https:\/\/espak.ee\/epood\/wp-json\/wp\/v2\/comments?post=217655"}],"wp:featuredmedia":[{"embeddable":true,"href":"https:\/\/espak.ee\/epood\/wp-json\/wp\/v2\/media\/217930"}],"wp:attachment":[{"href":"https:\/\/espak.ee\/epood\/wp-json\/wp\/v2\/media?parent=217655"}],"wp:term":[{"taxonomy":"product_brand","embeddable":true,"href":"https:\/\/espak.ee\/epood\/wp-json\/wp\/v2\/product_brand?post=217655"},{"taxonomy":"product_cat","embeddable":true,"href":"https:\/\/espak.ee\/epood\/wp-json\/wp\/v2\/product_cat?post=217655"},{"taxonomy":"product_tag","embeddable":true,"href":"https:\/\/espak.ee\/epood\/wp-json\/wp\/v2\/product_tag?post=217655"}],"curies":[{"name":"wp","href":"https:\/\/api.w.org\/{rel}","templated":true}]}}