{"id":217616,"date":"2024-11-09T05:10:02","date_gmt":"2024-11-09T03:10:02","guid":{"rendered":"https:\/\/espak.ee\/epood\/?post_type=product&#038;p=217616"},"modified":"2025-12-19T20:41:35","modified_gmt":"2025-12-19T18:41:35","slug":"kuusk-puitkilp-286002500mm-tk-b-c-px","status":"publish","type":"product","link":"https:\/\/espak.ee\/epood\/toode\/kuusk-puitkilp-286002500mm-tk-b-c-px\/","title":{"rendered":"KUUSK PUITKILP 28*600*2500MM TK B\/C (PX)"},"content":{"rendered":"<div class=\"row\"  id=\"row-2061993268\">\n\n\t<div id=\"col-469926562\" class=\"col medium-9 small-12 large-9\"  >\n\t\t\t\t<div class=\"col-inner\"  >\n\t\t\t\n\t\t\t\n<h3>Puitkilp kuusk 28x600x2500mm B\/C<\/h3>\n<p>Kuuse liimpuitplaadid pakuvad mitmek\u00fclgseid ja vastupidavaid lahendusi ehitus- ja tislerit\u00f6\u00f6de jaoks. Sobib ideaalselt sisustusm\u00f6\u00f6bli ja erinevate sisustuslahenduste jaoks.<\/p>\n<p>Liimpuitpaneele on lihtne t\u00f6\u00f6delda. Pind on tehases eelnevalt lihvitud, mist\u00f5ttu seda on lihtne viimistleda v\u00e4rvi, laki, peitsi, \u00f5li v\u00f5i vahaga. Pinnat\u00f6\u00f6tlus kaitseb mustuse, niiskuse, otsese p\u00e4ikesevalguse ja kulumise eest.<\/p>\n<div class=\"is-divider divider clearfix\" ><\/div>\n<p><strong>Liim:<\/strong> D3. Sobib kasutamiseks siseruumides, kus on sagedane l\u00fchiajaline kokkupuude veega v\u00f5i k\u00f5rge niiskusega. Sobib kasutamiseks v\u00e4litingimustes ilma otsese kokkupuuteta veega.<\/p>\n<p><strong>Pind:<\/strong> lihvitud, t\u00f6\u00f6tlemata. T\u00e4iendav \u00f5litamine r\u00f5hutab puidu loomulikku iseloomu. \u00d5litamisel on peamiselt kaitsev funktsioon. Nagu \u00f5litatud puittoodete puhul tavaks, ei ole see pinnat\u00f6\u00f6tlus siiski p\u00fcsiv ja seda tuleb vajaduse korral korrata. \u00d5litamine v\u00f5imaldab puidul &#8220;hingata&#8221;. \u00d5litatud pind on siidiselt matt, vastupidav ja hingav.<\/p>\n<p><strong>Sertifikaat:<\/strong> 70% PEFC<\/p>\n<p><strong>Puidu niiskus:<\/strong> 10 \u00b12 %<\/p>\n<p><strong>Pakend:<\/strong> Kile<\/p>\n\t\t<\/div>\n\t\t\t\t\t<\/div>\n\n\t\n\n\t<div id=\"col-1968746520\" class=\"col medium-3 small-12 large-3\"  >\n\t\t\t\t<div class=\"col-inner\"  >\n\t\t\t\n\t\t\t\n<div class=\"is-divider divider clearfix\" ><\/div>\n<p><strong>\u00dcksikasjalikuma n\u00f5u saamiseks v\u00f5tke \u00fchendust:<br \/><\/strong>Espak AS<br \/>Viadukti 42<br \/>11313<br \/>Tallinn<br \/>+372 6 512333<\/p>\n\t\t<\/div>\n\t\t\t\t\t<\/div>\n\n\t\n<\/div>\n","protected":false},"excerpt":{"rendered":"","protected":false},"featured_media":217765,"comment_status":"closed","ping_status":"closed","template":"","meta":[],"product_brand":[],"product_cat":[4664,4662,4663,2683],"product_tag":[],"class_list":{"0":"post-217616","1":"product","2":"type-product","3":"status-publish","4":"has-post-thumbnail","6":"product_cat-liimpuit","7":"product_cat-moobliplaat","8":"product_cat-riiuliplaadid","9":"product_cat-viimistluskaubad","10":"pa_kaubamark-produx-concepts-services-ag","12":"first","13":"instock","14":"sale","15":"taxable","16":"shipping-taxable","17":"purchasable","18":"product-type-simple"},"yoast_head":"<!-- This site is optimized with the Yoast SEO plugin v26.9 - https:\/\/yoast.com\/product\/yoast-seo-wordpress\/ -->\n<title>KUUSK PUITKILP 28*600*2500MM TK B\/C (PX) - Espak E-pood<\/title>\n<meta name=\"robots\" content=\"index, follow, max-snippet:-1, max-image-preview:large, max-video-preview:-1\" \/>\n<link rel=\"canonical\" href=\"https:\/\/espak.ee\/epood\/toode\/kuusk-puitkilp-286002500mm-tk-b-c-px\/\" \/>\n<meta property=\"og:locale\" content=\"et_EE\" \/>\n<meta property=\"og:type\" content=\"article\" \/>\n<meta property=\"og:title\" content=\"KUUSK PUITKILP 28*600*2500MM TK B\/C (PX) - Espak E-pood\" \/>\n<meta property=\"og:url\" content=\"https:\/\/espak.ee\/epood\/toode\/kuusk-puitkilp-286002500mm-tk-b-c-px\/\" \/>\n<meta property=\"og:site_name\" content=\"Espak E-pood\" \/>\n<meta property=\"article:modified_time\" content=\"2025-12-19T18:41:35+00:00\" \/>\n<meta property=\"og:image\" content=\"https:\/\/espak.ee\/epood\/wp-content\/uploads\/2024\/11\/Kuusk-3.jpg\" \/>\n\t<meta property=\"og:image:width\" content=\"1000\" \/>\n\t<meta property=\"og:image:height\" content=\"1000\" \/>\n\t<meta property=\"og:image:type\" content=\"image\/jpeg\" \/>\n<meta name=\"twitter:card\" content=\"summary_large_image\" \/>\n<meta name=\"twitter:label1\" content=\"Est. reading time\" \/>\n\t<meta name=\"twitter:data1\" content=\"1 minut\" \/>\n<script type=\"application\/ld+json\" class=\"yoast-schema-graph\">{\"@context\":\"https:\/\/schema.org\",\"@graph\":[{\"@type\":\"WebPage\",\"@id\":\"https:\/\/espak.ee\/epood\/toode\/kuusk-puitkilp-286002500mm-tk-b-c-px\/\",\"url\":\"https:\/\/espak.ee\/epood\/toode\/kuusk-puitkilp-286002500mm-tk-b-c-px\/\",\"name\":\"KUUSK PUITKILP 28*600*2500MM TK B\/C (PX) - Espak E-pood\",\"isPartOf\":{\"@id\":\"https:\/\/espak.ee\/epood\/#website\"},\"primaryImageOfPage\":{\"@id\":\"https:\/\/espak.ee\/epood\/toode\/kuusk-puitkilp-286002500mm-tk-b-c-px\/#primaryimage\"},\"image\":{\"@id\":\"https:\/\/espak.ee\/epood\/toode\/kuusk-puitkilp-286002500mm-tk-b-c-px\/#primaryimage\"},\"thumbnailUrl\":\"https:\/\/espak.ee\/epood\/wp-content\/uploads\/2024\/11\/Kuusk-3.jpg\",\"datePublished\":\"2024-11-09T03:10:02+00:00\",\"dateModified\":\"2025-12-19T18:41:35+00:00\",\"breadcrumb\":{\"@id\":\"https:\/\/espak.ee\/epood\/toode\/kuusk-puitkilp-286002500mm-tk-b-c-px\/#breadcrumb\"},\"inLanguage\":\"et\",\"potentialAction\":[{\"@type\":\"ReadAction\",\"target\":[\"https:\/\/espak.ee\/epood\/toode\/kuusk-puitkilp-286002500mm-tk-b-c-px\/\"]}]},{\"@type\":\"ImageObject\",\"inLanguage\":\"et\",\"@id\":\"https:\/\/espak.ee\/epood\/toode\/kuusk-puitkilp-286002500mm-tk-b-c-px\/#primaryimage\",\"url\":\"https:\/\/espak.ee\/epood\/wp-content\/uploads\/2024\/11\/Kuusk-3.jpg\",\"contentUrl\":\"https:\/\/espak.ee\/epood\/wp-content\/uploads\/2024\/11\/Kuusk-3.jpg\",\"width\":1000,\"height\":1000},{\"@type\":\"BreadcrumbList\",\"@id\":\"https:\/\/espak.ee\/epood\/toode\/kuusk-puitkilp-286002500mm-tk-b-c-px\/#breadcrumb\",\"itemListElement\":[{\"@type\":\"ListItem\",\"position\":1,\"name\":\"Home\",\"item\":\"https:\/\/espak.ee\/epood\/\"},{\"@type\":\"ListItem\",\"position\":2,\"name\":\"Tootevalik\",\"item\":\"https:\/\/espak.ee\/epood\/tootevalik\/\"},{\"@type\":\"ListItem\",\"position\":3,\"name\":\"KUUSK PUITKILP 28*600*2500MM TK B\/C (PX)\"}]},{\"@type\":\"WebSite\",\"@id\":\"https:\/\/espak.ee\/epood\/#website\",\"url\":\"https:\/\/espak.ee\/epood\/\",\"name\":\"Espak E-pood\",\"description\":\"\",\"potentialAction\":[{\"@type\":\"SearchAction\",\"target\":{\"@type\":\"EntryPoint\",\"urlTemplate\":\"https:\/\/espak.ee\/epood\/?s={search_term_string}\"},\"query-input\":{\"@type\":\"PropertyValueSpecification\",\"valueRequired\":true,\"valueName\":\"search_term_string\"}}],\"inLanguage\":\"et\"}]}<\/script>\n<!-- \/ Yoast SEO plugin. -->","yoast_head_json":{"title":"KUUSK PUITKILP 28*600*2500MM TK B\/C (PX) - Espak E-pood","robots":{"index":"index","follow":"follow","max-snippet":"max-snippet:-1","max-image-preview":"max-image-preview:large","max-video-preview":"max-video-preview:-1"},"canonical":"https:\/\/espak.ee\/epood\/toode\/kuusk-puitkilp-286002500mm-tk-b-c-px\/","og_locale":"et_EE","og_type":"article","og_title":"KUUSK PUITKILP 28*600*2500MM TK B\/C (PX) - Espak E-pood","og_url":"https:\/\/espak.ee\/epood\/toode\/kuusk-puitkilp-286002500mm-tk-b-c-px\/","og_site_name":"Espak E-pood","article_modified_time":"2025-12-19T18:41:35+00:00","og_image":[{"width":1000,"height":1000,"url":"https:\/\/espak.ee\/epood\/wp-content\/uploads\/2024\/11\/Kuusk-3.jpg","type":"image\/jpeg"}],"twitter_card":"summary_large_image","twitter_misc":{"Est. reading time":"1 minut"},"schema":{"@context":"https:\/\/schema.org","@graph":[{"@type":"WebPage","@id":"https:\/\/espak.ee\/epood\/toode\/kuusk-puitkilp-286002500mm-tk-b-c-px\/","url":"https:\/\/espak.ee\/epood\/toode\/kuusk-puitkilp-286002500mm-tk-b-c-px\/","name":"KUUSK PUITKILP 28*600*2500MM TK B\/C (PX) - Espak E-pood","isPartOf":{"@id":"https:\/\/espak.ee\/epood\/#website"},"primaryImageOfPage":{"@id":"https:\/\/espak.ee\/epood\/toode\/kuusk-puitkilp-286002500mm-tk-b-c-px\/#primaryimage"},"image":{"@id":"https:\/\/espak.ee\/epood\/toode\/kuusk-puitkilp-286002500mm-tk-b-c-px\/#primaryimage"},"thumbnailUrl":"https:\/\/espak.ee\/epood\/wp-content\/uploads\/2024\/11\/Kuusk-3.jpg","datePublished":"2024-11-09T03:10:02+00:00","dateModified":"2025-12-19T18:41:35+00:00","breadcrumb":{"@id":"https:\/\/espak.ee\/epood\/toode\/kuusk-puitkilp-286002500mm-tk-b-c-px\/#breadcrumb"},"inLanguage":"et","potentialAction":[{"@type":"ReadAction","target":["https:\/\/espak.ee\/epood\/toode\/kuusk-puitkilp-286002500mm-tk-b-c-px\/"]}]},{"@type":"ImageObject","inLanguage":"et","@id":"https:\/\/espak.ee\/epood\/toode\/kuusk-puitkilp-286002500mm-tk-b-c-px\/#primaryimage","url":"https:\/\/espak.ee\/epood\/wp-content\/uploads\/2024\/11\/Kuusk-3.jpg","contentUrl":"https:\/\/espak.ee\/epood\/wp-content\/uploads\/2024\/11\/Kuusk-3.jpg","width":1000,"height":1000},{"@type":"BreadcrumbList","@id":"https:\/\/espak.ee\/epood\/toode\/kuusk-puitkilp-286002500mm-tk-b-c-px\/#breadcrumb","itemListElement":[{"@type":"ListItem","position":1,"name":"Home","item":"https:\/\/espak.ee\/epood\/"},{"@type":"ListItem","position":2,"name":"Tootevalik","item":"https:\/\/espak.ee\/epood\/tootevalik\/"},{"@type":"ListItem","position":3,"name":"KUUSK PUITKILP 28*600*2500MM TK B\/C (PX)"}]},{"@type":"WebSite","@id":"https:\/\/espak.ee\/epood\/#website","url":"https:\/\/espak.ee\/epood\/","name":"Espak E-pood","description":"","potentialAction":[{"@type":"SearchAction","target":{"@type":"EntryPoint","urlTemplate":"https:\/\/espak.ee\/epood\/?s={search_term_string}"},"query-input":{"@type":"PropertyValueSpecification","valueRequired":true,"valueName":"search_term_string"}}],"inLanguage":"et"}]}},"_links":{"self":[{"href":"https:\/\/espak.ee\/epood\/wp-json\/wp\/v2\/product\/217616","targetHints":{"allow":["GET"]}}],"collection":[{"href":"https:\/\/espak.ee\/epood\/wp-json\/wp\/v2\/product"}],"about":[{"href":"https:\/\/espak.ee\/epood\/wp-json\/wp\/v2\/types\/product"}],"replies":[{"embeddable":true,"href":"https:\/\/espak.ee\/epood\/wp-json\/wp\/v2\/comments?post=217616"}],"wp:featuredmedia":[{"embeddable":true,"href":"https:\/\/espak.ee\/epood\/wp-json\/wp\/v2\/media\/217765"}],"wp:attachment":[{"href":"https:\/\/espak.ee\/epood\/wp-json\/wp\/v2\/media?parent=217616"}],"wp:term":[{"taxonomy":"product_brand","embeddable":true,"href":"https:\/\/espak.ee\/epood\/wp-json\/wp\/v2\/product_brand?post=217616"},{"taxonomy":"product_cat","embeddable":true,"href":"https:\/\/espak.ee\/epood\/wp-json\/wp\/v2\/product_cat?post=217616"},{"taxonomy":"product_tag","embeddable":true,"href":"https:\/\/espak.ee\/epood\/wp-json\/wp\/v2\/product_tag?post=217616"}],"curies":[{"name":"wp","href":"https:\/\/api.w.org\/{rel}","templated":true}]}}