{"id":217433,"date":"2024-11-08T05:05:03","date_gmt":"2024-11-08T03:05:03","guid":{"rendered":"https:\/\/espak.ee\/epood\/?post_type=product&#038;p=217433"},"modified":"2024-12-30T12:38:19","modified_gmt":"2024-12-30T10:38:19","slug":"kuusk-ristkihtliimpuit-19x625x1250-b-c","status":"publish","type":"product","link":"https:\/\/espak.ee\/epood\/toode\/kuusk-ristkihtliimpuit-19x625x1250-b-c\/","title":{"rendered":"KUUSK RISTKIHTLIIMPUIT 19x625x1250 B\/C+"},"content":{"rendered":"<div class=\"row\"  id=\"row-144341398\">\n\n\t<div id=\"col-199835452\" class=\"col medium-9 small-12 large-9\"  >\n\t\t\t\t<div class=\"col-inner\"  >\n\t\t\t\n\t\t\t\n<h3>Ristkihtliimpuit kuusk 19x625x1250mm B\/C+<\/h3>\n<p>Liimpuit on trend. Kui k\u00f5ik r\u00e4\u00e4givad s\u00fcsinikujalaj\u00e4lje v\u00e4hendamisest, siis vajame rohkem keskkonda s\u00e4\u00e4stvaid tooteid. Liimpuittooted sobivad selleks suurep\u00e4raselt.<br \/>\nKolmekihiline ristkihtliimpuit on stabiilne, seda ei ohusta pragunemine, v\u00e4\u00e4ndumine ja kokkut\u00f5mbumine, sest puidukiud kulgevad eri suundades.   <\/p>\n<div class=\"is-divider divider clearfix\" ><\/div>\n<p><strong>Materjal:<\/strong> Kuusk, ristkihtliimpuit, niiskust h\u00fclgav<br \/>\n<strong>Pind:<\/strong> Lihvitud ja valmis l\u00f5ppt\u00f6\u00f6tluseks<br \/>\n<strong>Sertifikaat:<\/strong> 100% PEFC<br \/>\n<strong>Kasutuskohad:<\/strong> P\u00f5randad, seinad, laed, siseehitus ja konstruktsiooniliselt kaitstud v\u00e4lispinnad<br \/>\n<strong>Serv:<\/strong> Faasitud<br \/>\n<strong>Pakend:<\/strong> Kile<\/p>\n\t\t<\/div>\n\t\t\t\t\t<\/div>\n\n\t\n\n\t<div id=\"col-1161353727\" class=\"col medium-3 small-12 large-3\"  >\n\t\t\t\t<div class=\"col-inner\"  >\n\t\t\t\n\t\t\t\n<h3>Infoleht<\/h3>\n<p><a href=\"https:\/\/espak.ee\/epood\/wp-content\/uploads\/2024\/11\/PX-Solid-Schild-Massivholz-Ausbauplatte-60x120cm-EE-Print.pdf\"target=\"_blank\" rel=\"noopener noreferrer\"><i class=\"far fa-file-pdf\"><\/i> Infoleht (PDF)<\/a><\/p>\n<div class=\"is-divider divider clearfix\" ><\/div>\n<p><strong>\u00dcksikasjalikuma n\u00f5u saamiseks v\u00f5tke \u00fchendust:<br \/><\/strong>Espak AS<br \/>Viadukti 42<br \/>11313<br \/>Tallinn<br \/>+372 6 512333<\/p>\n\t\t<\/div>\n\t\t\t\t\t<\/div>\n\n\t\n<\/div>\n","protected":false},"excerpt":{"rendered":"","protected":false},"featured_media":217472,"comment_status":"closed","ping_status":"closed","template":"","meta":[],"product_brand":[],"product_cat":[4664,4662,4663,2683],"product_tag":[],"class_list":{"0":"post-217433","1":"product","2":"type-product","3":"status-publish","4":"has-post-thumbnail","6":"product_cat-liimpuit","7":"product_cat-moobliplaat","8":"product_cat-riiuliplaadid","9":"product_cat-viimistluskaubad","10":"pa_kaubamark-produx-concepts-services-ag","12":"first","13":"instock","14":"sale","15":"taxable","16":"shipping-taxable","17":"purchasable","18":"product-type-simple"},"yoast_head":"<!-- This site is optimized with the Yoast SEO plugin v26.9 - https:\/\/yoast.com\/product\/yoast-seo-wordpress\/ -->\n<title>KUUSK RISTKIHTLIIMPUIT 19x625x1250 B\/C+ - Espak E-pood<\/title>\n<meta name=\"robots\" content=\"index, follow, max-snippet:-1, max-image-preview:large, max-video-preview:-1\" \/>\n<link rel=\"canonical\" href=\"https:\/\/espak.ee\/epood\/toode\/kuusk-ristkihtliimpuit-19x625x1250-b-c\/\" \/>\n<meta property=\"og:locale\" content=\"et_EE\" \/>\n<meta property=\"og:type\" content=\"article\" \/>\n<meta property=\"og:title\" content=\"KUUSK RISTKIHTLIIMPUIT 19x625x1250 B\/C+ - Espak E-pood\" \/>\n<meta property=\"og:url\" content=\"https:\/\/espak.ee\/epood\/toode\/kuusk-ristkihtliimpuit-19x625x1250-b-c\/\" \/>\n<meta property=\"og:site_name\" content=\"Espak E-pood\" \/>\n<meta property=\"article:modified_time\" content=\"2024-12-30T10:38:19+00:00\" \/>\n<meta property=\"og:image\" content=\"https:\/\/espak.ee\/epood\/wp-content\/uploads\/2024\/11\/Fichte-3-S-mit-NK-liegend_-1.jpg\" \/>\n\t<meta property=\"og:image:width\" content=\"1000\" \/>\n\t<meta property=\"og:image:height\" content=\"1000\" \/>\n\t<meta property=\"og:image:type\" content=\"image\/jpeg\" \/>\n<meta name=\"twitter:card\" content=\"summary_large_image\" \/>\n<meta name=\"twitter:label1\" content=\"Est. reading time\" \/>\n\t<meta name=\"twitter:data1\" content=\"1 minut\" \/>\n<script type=\"application\/ld+json\" class=\"yoast-schema-graph\">{\"@context\":\"https:\/\/schema.org\",\"@graph\":[{\"@type\":\"WebPage\",\"@id\":\"https:\/\/espak.ee\/epood\/toode\/kuusk-ristkihtliimpuit-19x625x1250-b-c\/\",\"url\":\"https:\/\/espak.ee\/epood\/toode\/kuusk-ristkihtliimpuit-19x625x1250-b-c\/\",\"name\":\"KUUSK RISTKIHTLIIMPUIT 19x625x1250 B\/C+ - Espak E-pood\",\"isPartOf\":{\"@id\":\"https:\/\/espak.ee\/epood\/#website\"},\"primaryImageOfPage\":{\"@id\":\"https:\/\/espak.ee\/epood\/toode\/kuusk-ristkihtliimpuit-19x625x1250-b-c\/#primaryimage\"},\"image\":{\"@id\":\"https:\/\/espak.ee\/epood\/toode\/kuusk-ristkihtliimpuit-19x625x1250-b-c\/#primaryimage\"},\"thumbnailUrl\":\"https:\/\/espak.ee\/epood\/wp-content\/uploads\/2024\/11\/Fichte-3-S-mit-NK-liegend_-1.jpg\",\"datePublished\":\"2024-11-08T03:05:03+00:00\",\"dateModified\":\"2024-12-30T10:38:19+00:00\",\"breadcrumb\":{\"@id\":\"https:\/\/espak.ee\/epood\/toode\/kuusk-ristkihtliimpuit-19x625x1250-b-c\/#breadcrumb\"},\"inLanguage\":\"et\",\"potentialAction\":[{\"@type\":\"ReadAction\",\"target\":[\"https:\/\/espak.ee\/epood\/toode\/kuusk-ristkihtliimpuit-19x625x1250-b-c\/\"]}]},{\"@type\":\"ImageObject\",\"inLanguage\":\"et\",\"@id\":\"https:\/\/espak.ee\/epood\/toode\/kuusk-ristkihtliimpuit-19x625x1250-b-c\/#primaryimage\",\"url\":\"https:\/\/espak.ee\/epood\/wp-content\/uploads\/2024\/11\/Fichte-3-S-mit-NK-liegend_-1.jpg\",\"contentUrl\":\"https:\/\/espak.ee\/epood\/wp-content\/uploads\/2024\/11\/Fichte-3-S-mit-NK-liegend_-1.jpg\",\"width\":1000,\"height\":1000},{\"@type\":\"BreadcrumbList\",\"@id\":\"https:\/\/espak.ee\/epood\/toode\/kuusk-ristkihtliimpuit-19x625x1250-b-c\/#breadcrumb\",\"itemListElement\":[{\"@type\":\"ListItem\",\"position\":1,\"name\":\"Home\",\"item\":\"https:\/\/espak.ee\/epood\/\"},{\"@type\":\"ListItem\",\"position\":2,\"name\":\"Tootevalik\",\"item\":\"https:\/\/espak.ee\/epood\/tootevalik\/\"},{\"@type\":\"ListItem\",\"position\":3,\"name\":\"KUUSK RISTKIHTLIIMPUIT 19x625x1250 B\/C+\"}]},{\"@type\":\"WebSite\",\"@id\":\"https:\/\/espak.ee\/epood\/#website\",\"url\":\"https:\/\/espak.ee\/epood\/\",\"name\":\"Espak E-pood\",\"description\":\"\",\"potentialAction\":[{\"@type\":\"SearchAction\",\"target\":{\"@type\":\"EntryPoint\",\"urlTemplate\":\"https:\/\/espak.ee\/epood\/?s={search_term_string}\"},\"query-input\":{\"@type\":\"PropertyValueSpecification\",\"valueRequired\":true,\"valueName\":\"search_term_string\"}}],\"inLanguage\":\"et\"}]}<\/script>\n<!-- \/ Yoast SEO plugin. -->","yoast_head_json":{"title":"KUUSK RISTKIHTLIIMPUIT 19x625x1250 B\/C+ - Espak E-pood","robots":{"index":"index","follow":"follow","max-snippet":"max-snippet:-1","max-image-preview":"max-image-preview:large","max-video-preview":"max-video-preview:-1"},"canonical":"https:\/\/espak.ee\/epood\/toode\/kuusk-ristkihtliimpuit-19x625x1250-b-c\/","og_locale":"et_EE","og_type":"article","og_title":"KUUSK RISTKIHTLIIMPUIT 19x625x1250 B\/C+ - Espak E-pood","og_url":"https:\/\/espak.ee\/epood\/toode\/kuusk-ristkihtliimpuit-19x625x1250-b-c\/","og_site_name":"Espak E-pood","article_modified_time":"2024-12-30T10:38:19+00:00","og_image":[{"width":1000,"height":1000,"url":"https:\/\/espak.ee\/epood\/wp-content\/uploads\/2024\/11\/Fichte-3-S-mit-NK-liegend_-1.jpg","type":"image\/jpeg"}],"twitter_card":"summary_large_image","twitter_misc":{"Est. reading time":"1 minut"},"schema":{"@context":"https:\/\/schema.org","@graph":[{"@type":"WebPage","@id":"https:\/\/espak.ee\/epood\/toode\/kuusk-ristkihtliimpuit-19x625x1250-b-c\/","url":"https:\/\/espak.ee\/epood\/toode\/kuusk-ristkihtliimpuit-19x625x1250-b-c\/","name":"KUUSK RISTKIHTLIIMPUIT 19x625x1250 B\/C+ - Espak E-pood","isPartOf":{"@id":"https:\/\/espak.ee\/epood\/#website"},"primaryImageOfPage":{"@id":"https:\/\/espak.ee\/epood\/toode\/kuusk-ristkihtliimpuit-19x625x1250-b-c\/#primaryimage"},"image":{"@id":"https:\/\/espak.ee\/epood\/toode\/kuusk-ristkihtliimpuit-19x625x1250-b-c\/#primaryimage"},"thumbnailUrl":"https:\/\/espak.ee\/epood\/wp-content\/uploads\/2024\/11\/Fichte-3-S-mit-NK-liegend_-1.jpg","datePublished":"2024-11-08T03:05:03+00:00","dateModified":"2024-12-30T10:38:19+00:00","breadcrumb":{"@id":"https:\/\/espak.ee\/epood\/toode\/kuusk-ristkihtliimpuit-19x625x1250-b-c\/#breadcrumb"},"inLanguage":"et","potentialAction":[{"@type":"ReadAction","target":["https:\/\/espak.ee\/epood\/toode\/kuusk-ristkihtliimpuit-19x625x1250-b-c\/"]}]},{"@type":"ImageObject","inLanguage":"et","@id":"https:\/\/espak.ee\/epood\/toode\/kuusk-ristkihtliimpuit-19x625x1250-b-c\/#primaryimage","url":"https:\/\/espak.ee\/epood\/wp-content\/uploads\/2024\/11\/Fichte-3-S-mit-NK-liegend_-1.jpg","contentUrl":"https:\/\/espak.ee\/epood\/wp-content\/uploads\/2024\/11\/Fichte-3-S-mit-NK-liegend_-1.jpg","width":1000,"height":1000},{"@type":"BreadcrumbList","@id":"https:\/\/espak.ee\/epood\/toode\/kuusk-ristkihtliimpuit-19x625x1250-b-c\/#breadcrumb","itemListElement":[{"@type":"ListItem","position":1,"name":"Home","item":"https:\/\/espak.ee\/epood\/"},{"@type":"ListItem","position":2,"name":"Tootevalik","item":"https:\/\/espak.ee\/epood\/tootevalik\/"},{"@type":"ListItem","position":3,"name":"KUUSK RISTKIHTLIIMPUIT 19x625x1250 B\/C+"}]},{"@type":"WebSite","@id":"https:\/\/espak.ee\/epood\/#website","url":"https:\/\/espak.ee\/epood\/","name":"Espak E-pood","description":"","potentialAction":[{"@type":"SearchAction","target":{"@type":"EntryPoint","urlTemplate":"https:\/\/espak.ee\/epood\/?s={search_term_string}"},"query-input":{"@type":"PropertyValueSpecification","valueRequired":true,"valueName":"search_term_string"}}],"inLanguage":"et"}]}},"_links":{"self":[{"href":"https:\/\/espak.ee\/epood\/wp-json\/wp\/v2\/product\/217433","targetHints":{"allow":["GET"]}}],"collection":[{"href":"https:\/\/espak.ee\/epood\/wp-json\/wp\/v2\/product"}],"about":[{"href":"https:\/\/espak.ee\/epood\/wp-json\/wp\/v2\/types\/product"}],"replies":[{"embeddable":true,"href":"https:\/\/espak.ee\/epood\/wp-json\/wp\/v2\/comments?post=217433"}],"wp:featuredmedia":[{"embeddable":true,"href":"https:\/\/espak.ee\/epood\/wp-json\/wp\/v2\/media\/217472"}],"wp:attachment":[{"href":"https:\/\/espak.ee\/epood\/wp-json\/wp\/v2\/media?parent=217433"}],"wp:term":[{"taxonomy":"product_brand","embeddable":true,"href":"https:\/\/espak.ee\/epood\/wp-json\/wp\/v2\/product_brand?post=217433"},{"taxonomy":"product_cat","embeddable":true,"href":"https:\/\/espak.ee\/epood\/wp-json\/wp\/v2\/product_cat?post=217433"},{"taxonomy":"product_tag","embeddable":true,"href":"https:\/\/espak.ee\/epood\/wp-json\/wp\/v2\/product_tag?post=217433"}],"curies":[{"name":"wp","href":"https:\/\/api.w.org\/{rel}","templated":true}]}}