{"id":21695,"date":"2020-04-18T04:21:27","date_gmt":"2020-04-18T01:21:27","guid":{"rendered":"https:\/\/espak.ee\/hinnakiri\/?post_type=product&#038;p=21695"},"modified":"2024-03-22T23:37:34","modified_gmt":"2024-03-22T21:37:34","slug":"akutrell-einhell-4513660-th-cd-12-2-li","status":"publish","type":"product","link":"https:\/\/espak.ee\/epood\/toode\/akutrell-einhell-4513660-th-cd-12-2-li\/","title":{"rendered":"AKUTRELL EINHELL TH-CD 12-2 LI"},"content":{"rendered":"<div class=\"row\"  id=\"row-1531244168\">\n\n\t<div id=\"col-331503043\" class=\"col medium-9 small-12 large-9\"  >\n\t\t\t\t<div class=\"col-inner\"  >\n\t\t\t\n\t\t\t\n<div class=\"message-box relative\" style=\"padding-top:15px;padding-bottom:15px;\"><div class=\"message-box-bg-image bg-fill fill\" ><\/div><div class=\"message-box-bg-overlay bg-fill fill\" ><\/div><div class=\"container relative\"><div class=\"inner last-reset\">\n<div class=\"row align-middle align-center\"  id=\"row-661040785\">\n\n\t<div id=\"col-1719549187\" class=\"col small-12 large-12\"  >\n\t\t\t\t<div class=\"col-inner text-left\"  >\n\t\t\t\n\t\t\t\n<h4>Omadused<\/h4>\n<div class=\"row\"  id=\"row-807706173\">\n\n\t<div id=\"col-210554095\" class=\"col medium-6 small-12 large-6\"  >\n\t\t\t\t<div class=\"col-inner\"  >\n\t\t\t\n\t\t\t\n<p><i class=\"far fa-check-circle fa-2x\"><\/i><strong>\u00a0Liitiumioonaku: v\u00e4ike, kerge, lihtne k\u00e4sitseda ega t\u00fchjene iseenesest <\/strong><\/p>\n<p><i class=\"far fa-check-circle fa-2x\"><\/i><strong> V\u00f5imas mootor ja metallist hammas\u00fclekanne suure p\u00f6\u00f6rdemomendi edastamiseks\u00a0<\/strong><\/p>\n<p><i class=\"far fa-check-circle fa-2x\"><\/i><strong> Mitmeastmeline sidur <\/strong><\/p>\n\t\t<\/div>\n\t\t\t\t\n<style>\n#col-210554095 > .col-inner {\n  margin: 0px 0px 15px 0px;\n}\n<\/style>\n\t<\/div>\n\n\t\n\n\t<div id=\"col-369639964\" class=\"col medium-6 small-12 large-6\"  >\n\t\t\t\t<div class=\"col-inner\"  >\n\t\t\t\n\t\t\t\n<p><i class=\"far fa-check-circle fa-2x\"><\/i><strong> 2-k\u00e4iguline reduktor j\u00f5uliseks kruvimiseks ja kiireks puurimiseks <\/strong><\/p>\n<p><i class=\"far fa-check-circle fa-2x\"><\/i><strong> Kiirvahetusega padrun\u00a0<\/strong><\/p>\n<p><i class=\"far fa-check-circle fa-2x\"><\/i><strong> Komplekt otstarbekas kohvris\u00a0<\/strong><\/p>\n\t\t<\/div>\n\t\t\t\t\n<style>\n#col-369639964 > .col-inner {\n  margin: 0px 0px 15px 0px;\n}\n<\/style>\n\t<\/div>\n\n\t\n<\/div>\n\t\t<\/div>\n\t\t\t\t\t<\/div>\n\n\t\n<\/div>\n<\/div><\/div><\/div>\n\t<div id=\"gap-1988249438\" class=\"gap-element clearfix\" style=\"display:block; height:auto;\">\n\t\t\n<style>\n#gap-1988249438 {\n  padding-top: 30px;\n}\n<\/style>\n\t<\/div>\n\t\n<h2>Tootekirjeldus<\/h2>\n<p> Akutrelli\/akukruvitsa TH-CD 12-2 Li n\u00e4ol saavad isetegijad endale k\u00e4ep\u00e4rase t\u00f6\u00f6riista, mis pakub head j\u00f5udlust ja kasutajas\u00f5bralikkust arvukateks puurimis- ja kruvikeeramist\u00f6\u00f6deks kodus, aias ja t\u00f6\u00f6kojas. Selle tugev kahe kiirusega metall\u00fclekanne tagab suure p\u00f6\u00f6rdemomendi jaoks kohase j\u00f5u\u00fclekande. Suure j\u00f5udlusega mootori toiteks kasutatakse v\u00f5imekat liitiumioonakut. Akutrellil\/akukruvitsal TH-CD 12-2 on \u00fcheh\u00fclsiline kiirvahetuspadrun, mille kiirseiskamise omadus ja automaatne spindlilukusti v\u00f5imaldavad otsakut vahetada kiiresti, ilma t\u00f6\u00f6riista k\u00e4est panemata. P\u00f6\u00f6rdemomendi h\u00f5\u00f5rdsidur v\u00e4ldib kruvide \u00fclepingutamist. K\u00e4epidemesse sisestatud vahetatavat akut saab kasutada koos paljude teiste sama tootepere 12\u00a0V toodetega. Ergonoomilised pehmendusega k\u00e4epidemed teevad t\u00f6\u00f6riista hoidmise mugavaks ja samas ohutuks. P\u00e4rast t\u00f6\u00f6de l\u00f5petamist saab akutrelli\/akukruvitsa otsatarbekasse teisaldus- ja hoiukohvrisse hoiule panna. <\/p>\n\t<div id=\"gap-1133289205\" class=\"gap-element clearfix\" style=\"display:block; height:auto;\">\n\t\t\n<style>\n#gap-1133289205 {\n  padding-top: 30px;\n}\n<\/style>\n\t<\/div>\n\t\n\t\t<\/div>\n\t\t\t\t\t<\/div>\n\n\t\n\n\t<div id=\"col-58028788\" class=\"col medium-3 small-12 large-3\"  >\n\t\t\t\t<div class=\"col-inner\"  >\n\t\t\t\n\t\t\t\n\t<div id=\"gap-1353822451\" class=\"gap-element clearfix\" style=\"display:block; height:auto;\">\n\t\t\n<style>\n#gap-1353822451 {\n  padding-top: 30px;\n}\n<\/style>\n\t<\/div>\n\t\n<h3>Kasutusjuhend<\/h3>\n<p><a href=\"https:\/\/espak.ee\/epood\/wp-content\/uploads\/Akutrell-TH-CD-12-2-Li-4513660.pdf\" target=\"_blank\" rel=\"noopener noreferrer\"><i class=\"far fa-file-pdf\"><\/i> Kasutusjuhend (PDF)<\/a><\/p>\n<div class=\"is-divider divider clearfix\" ><\/div>\n<p><strong>\u00dcksikasjalikuma n\u00f5u saamiseks v\u00f5tke \u00fchendust:<br \/><\/strong>Espak AS<br \/>Viadukti 42<br \/>11313<br \/>Tallinn<br \/>+372 6 512333<\/p>\n\t\t<\/div>\n\t\t\t\t\t<\/div>\n\n\t\n<\/div>\n","protected":false},"excerpt":{"rendered":"","protected":false},"featured_media":33705,"comment_status":"closed","ping_status":"open","template":"","meta":[],"product_brand":[],"product_cat":[2733,2744,2680,2679],"product_tag":[],"class_list":{"0":"post-21695","1":"product","2":"type-product","3":"status-publish","4":"has-post-thumbnail","6":"product_cat-akutooriistad","7":"product_cat-akutrellid","8":"product_cat-elektritooriistad","9":"product_cat-tooriistad","10":"pa_kaubamark-einhell","12":"first","13":"outofstock","14":"sale","15":"taxable","16":"shipping-taxable","17":"purchasable","18":"product-type-simple"},"yoast_head":"<!-- This site is optimized with the Yoast SEO plugin v26.9 - https:\/\/yoast.com\/product\/yoast-seo-wordpress\/ -->\n<title>AKUTRELL EINHELL TH-CD 12-2 LI - Espak E-pood<\/title>\n<meta name=\"description\" content=\"Akutrelli\/akukruvitsa TH-CD 12-2 Li n\u00e4ol saavad isetegijad endale k\u00e4ep\u00e4rase t\u00f6\u00f6riista, mis pakub head j\u00f5udlust ja kasutajas\u00f5bralikkust arvukateks puurimis- ja kruvikeeramist\u00f6\u00f6deks kodus, aias ja t\u00f6\u00f6kojas.\" \/>\n<meta name=\"robots\" content=\"index, follow, max-snippet:-1, max-image-preview:large, max-video-preview:-1\" \/>\n<link rel=\"canonical\" href=\"https:\/\/espak.ee\/epood\/toode\/akutrell-einhell-4513660-th-cd-12-2-li\/\" \/>\n<meta property=\"og:locale\" content=\"et_EE\" \/>\n<meta property=\"og:type\" content=\"article\" \/>\n<meta property=\"og:title\" content=\"AKUTRELL EINHELL TH-CD 12-2 LI - Espak E-pood\" \/>\n<meta property=\"og:description\" content=\"Akutrelli\/akukruvitsa TH-CD 12-2 Li n\u00e4ol saavad isetegijad endale k\u00e4ep\u00e4rase t\u00f6\u00f6riista, mis pakub head j\u00f5udlust ja kasutajas\u00f5bralikkust arvukateks puurimis- ja kruvikeeramist\u00f6\u00f6deks kodus, aias ja t\u00f6\u00f6kojas.\" \/>\n<meta property=\"og:url\" content=\"https:\/\/espak.ee\/epood\/toode\/akutrell-einhell-4513660-th-cd-12-2-li\/\" \/>\n<meta property=\"og:site_name\" content=\"Espak E-pood\" \/>\n<meta property=\"article:modified_time\" content=\"2024-03-22T21:37:34+00:00\" \/>\n<meta property=\"og:image\" content=\"https:\/\/espak.ee\/epood\/wp-content\/uploads\/4513660_11012_001_TH_CD_12_2_Li_RAL3002_Pic-923x1024.jpg\" \/>\n\t<meta property=\"og:image:width\" content=\"923\" \/>\n\t<meta property=\"og:image:height\" content=\"1024\" \/>\n\t<meta property=\"og:image:type\" content=\"image\/jpeg\" \/>\n<meta name=\"twitter:card\" content=\"summary_large_image\" \/>\n<meta name=\"twitter:label1\" content=\"Est. reading time\" \/>\n\t<meta name=\"twitter:data1\" content=\"1 minut\" \/>\n<script type=\"application\/ld+json\" class=\"yoast-schema-graph\">{\"@context\":\"https:\/\/schema.org\",\"@graph\":[{\"@type\":\"WebPage\",\"@id\":\"https:\/\/espak.ee\/epood\/toode\/akutrell-einhell-4513660-th-cd-12-2-li\/\",\"url\":\"https:\/\/espak.ee\/epood\/toode\/akutrell-einhell-4513660-th-cd-12-2-li\/\",\"name\":\"AKUTRELL EINHELL TH-CD 12-2 LI - Espak E-pood\",\"isPartOf\":{\"@id\":\"https:\/\/espak.ee\/epood\/#website\"},\"primaryImageOfPage\":{\"@id\":\"https:\/\/espak.ee\/epood\/toode\/akutrell-einhell-4513660-th-cd-12-2-li\/#primaryimage\"},\"image\":{\"@id\":\"https:\/\/espak.ee\/epood\/toode\/akutrell-einhell-4513660-th-cd-12-2-li\/#primaryimage\"},\"thumbnailUrl\":\"https:\/\/espak.ee\/epood\/wp-content\/uploads\/4513660_11012_001_TH_CD_12_2_Li_RAL3002_Pic.jpg\",\"datePublished\":\"2020-04-18T01:21:27+00:00\",\"dateModified\":\"2024-03-22T21:37:34+00:00\",\"description\":\"Akutrelli\/akukruvitsa TH-CD 12-2 Li n\u00e4ol saavad isetegijad endale k\u00e4ep\u00e4rase t\u00f6\u00f6riista, mis pakub head j\u00f5udlust ja kasutajas\u00f5bralikkust arvukateks puurimis- ja kruvikeeramist\u00f6\u00f6deks kodus, aias ja t\u00f6\u00f6kojas.\",\"breadcrumb\":{\"@id\":\"https:\/\/espak.ee\/epood\/toode\/akutrell-einhell-4513660-th-cd-12-2-li\/#breadcrumb\"},\"inLanguage\":\"et\",\"potentialAction\":[{\"@type\":\"ReadAction\",\"target\":[\"https:\/\/espak.ee\/epood\/toode\/akutrell-einhell-4513660-th-cd-12-2-li\/\"]}]},{\"@type\":\"ImageObject\",\"inLanguage\":\"et\",\"@id\":\"https:\/\/espak.ee\/epood\/toode\/akutrell-einhell-4513660-th-cd-12-2-li\/#primaryimage\",\"url\":\"https:\/\/espak.ee\/epood\/wp-content\/uploads\/4513660_11012_001_TH_CD_12_2_Li_RAL3002_Pic.jpg\",\"contentUrl\":\"https:\/\/espak.ee\/epood\/wp-content\/uploads\/4513660_11012_001_TH_CD_12_2_Li_RAL3002_Pic.jpg\",\"width\":1598,\"height\":1772},{\"@type\":\"BreadcrumbList\",\"@id\":\"https:\/\/espak.ee\/epood\/toode\/akutrell-einhell-4513660-th-cd-12-2-li\/#breadcrumb\",\"itemListElement\":[{\"@type\":\"ListItem\",\"position\":1,\"name\":\"Home\",\"item\":\"https:\/\/espak.ee\/epood\/\"},{\"@type\":\"ListItem\",\"position\":2,\"name\":\"Tootevalik\",\"item\":\"https:\/\/espak.ee\/epood\/tootevalik\/\"},{\"@type\":\"ListItem\",\"position\":3,\"name\":\"AKUTRELL EINHELL TH-CD 12-2 LI\"}]},{\"@type\":\"WebSite\",\"@id\":\"https:\/\/espak.ee\/epood\/#website\",\"url\":\"https:\/\/espak.ee\/epood\/\",\"name\":\"Espak E-pood\",\"description\":\"\",\"potentialAction\":[{\"@type\":\"SearchAction\",\"target\":{\"@type\":\"EntryPoint\",\"urlTemplate\":\"https:\/\/espak.ee\/epood\/?s={search_term_string}\"},\"query-input\":{\"@type\":\"PropertyValueSpecification\",\"valueRequired\":true,\"valueName\":\"search_term_string\"}}],\"inLanguage\":\"et\"}]}<\/script>\n<!-- \/ Yoast SEO plugin. -->","yoast_head_json":{"title":"AKUTRELL EINHELL TH-CD 12-2 LI - Espak E-pood","description":"Akutrelli\/akukruvitsa TH-CD 12-2 Li n\u00e4ol saavad isetegijad endale k\u00e4ep\u00e4rase t\u00f6\u00f6riista, mis pakub head j\u00f5udlust ja kasutajas\u00f5bralikkust arvukateks puurimis- ja kruvikeeramist\u00f6\u00f6deks kodus, aias ja t\u00f6\u00f6kojas.","robots":{"index":"index","follow":"follow","max-snippet":"max-snippet:-1","max-image-preview":"max-image-preview:large","max-video-preview":"max-video-preview:-1"},"canonical":"https:\/\/espak.ee\/epood\/toode\/akutrell-einhell-4513660-th-cd-12-2-li\/","og_locale":"et_EE","og_type":"article","og_title":"AKUTRELL EINHELL TH-CD 12-2 LI - Espak E-pood","og_description":"Akutrelli\/akukruvitsa TH-CD 12-2 Li n\u00e4ol saavad isetegijad endale k\u00e4ep\u00e4rase t\u00f6\u00f6riista, mis pakub head j\u00f5udlust ja kasutajas\u00f5bralikkust arvukateks puurimis- ja kruvikeeramist\u00f6\u00f6deks kodus, aias ja t\u00f6\u00f6kojas.","og_url":"https:\/\/espak.ee\/epood\/toode\/akutrell-einhell-4513660-th-cd-12-2-li\/","og_site_name":"Espak E-pood","article_modified_time":"2024-03-22T21:37:34+00:00","og_image":[{"width":923,"height":1024,"url":"https:\/\/espak.ee\/epood\/wp-content\/uploads\/4513660_11012_001_TH_CD_12_2_Li_RAL3002_Pic-923x1024.jpg","type":"image\/jpeg"}],"twitter_card":"summary_large_image","twitter_misc":{"Est. reading time":"1 minut"},"schema":{"@context":"https:\/\/schema.org","@graph":[{"@type":"WebPage","@id":"https:\/\/espak.ee\/epood\/toode\/akutrell-einhell-4513660-th-cd-12-2-li\/","url":"https:\/\/espak.ee\/epood\/toode\/akutrell-einhell-4513660-th-cd-12-2-li\/","name":"AKUTRELL EINHELL TH-CD 12-2 LI - Espak E-pood","isPartOf":{"@id":"https:\/\/espak.ee\/epood\/#website"},"primaryImageOfPage":{"@id":"https:\/\/espak.ee\/epood\/toode\/akutrell-einhell-4513660-th-cd-12-2-li\/#primaryimage"},"image":{"@id":"https:\/\/espak.ee\/epood\/toode\/akutrell-einhell-4513660-th-cd-12-2-li\/#primaryimage"},"thumbnailUrl":"https:\/\/espak.ee\/epood\/wp-content\/uploads\/4513660_11012_001_TH_CD_12_2_Li_RAL3002_Pic.jpg","datePublished":"2020-04-18T01:21:27+00:00","dateModified":"2024-03-22T21:37:34+00:00","description":"Akutrelli\/akukruvitsa TH-CD 12-2 Li n\u00e4ol saavad isetegijad endale k\u00e4ep\u00e4rase t\u00f6\u00f6riista, mis pakub head j\u00f5udlust ja kasutajas\u00f5bralikkust arvukateks puurimis- ja kruvikeeramist\u00f6\u00f6deks kodus, aias ja t\u00f6\u00f6kojas.","breadcrumb":{"@id":"https:\/\/espak.ee\/epood\/toode\/akutrell-einhell-4513660-th-cd-12-2-li\/#breadcrumb"},"inLanguage":"et","potentialAction":[{"@type":"ReadAction","target":["https:\/\/espak.ee\/epood\/toode\/akutrell-einhell-4513660-th-cd-12-2-li\/"]}]},{"@type":"ImageObject","inLanguage":"et","@id":"https:\/\/espak.ee\/epood\/toode\/akutrell-einhell-4513660-th-cd-12-2-li\/#primaryimage","url":"https:\/\/espak.ee\/epood\/wp-content\/uploads\/4513660_11012_001_TH_CD_12_2_Li_RAL3002_Pic.jpg","contentUrl":"https:\/\/espak.ee\/epood\/wp-content\/uploads\/4513660_11012_001_TH_CD_12_2_Li_RAL3002_Pic.jpg","width":1598,"height":1772},{"@type":"BreadcrumbList","@id":"https:\/\/espak.ee\/epood\/toode\/akutrell-einhell-4513660-th-cd-12-2-li\/#breadcrumb","itemListElement":[{"@type":"ListItem","position":1,"name":"Home","item":"https:\/\/espak.ee\/epood\/"},{"@type":"ListItem","position":2,"name":"Tootevalik","item":"https:\/\/espak.ee\/epood\/tootevalik\/"},{"@type":"ListItem","position":3,"name":"AKUTRELL EINHELL TH-CD 12-2 LI"}]},{"@type":"WebSite","@id":"https:\/\/espak.ee\/epood\/#website","url":"https:\/\/espak.ee\/epood\/","name":"Espak E-pood","description":"","potentialAction":[{"@type":"SearchAction","target":{"@type":"EntryPoint","urlTemplate":"https:\/\/espak.ee\/epood\/?s={search_term_string}"},"query-input":{"@type":"PropertyValueSpecification","valueRequired":true,"valueName":"search_term_string"}}],"inLanguage":"et"}]}},"_links":{"self":[{"href":"https:\/\/espak.ee\/epood\/wp-json\/wp\/v2\/product\/21695","targetHints":{"allow":["GET"]}}],"collection":[{"href":"https:\/\/espak.ee\/epood\/wp-json\/wp\/v2\/product"}],"about":[{"href":"https:\/\/espak.ee\/epood\/wp-json\/wp\/v2\/types\/product"}],"replies":[{"embeddable":true,"href":"https:\/\/espak.ee\/epood\/wp-json\/wp\/v2\/comments?post=21695"}],"wp:featuredmedia":[{"embeddable":true,"href":"https:\/\/espak.ee\/epood\/wp-json\/wp\/v2\/media\/33705"}],"wp:attachment":[{"href":"https:\/\/espak.ee\/epood\/wp-json\/wp\/v2\/media?parent=21695"}],"wp:term":[{"taxonomy":"product_brand","embeddable":true,"href":"https:\/\/espak.ee\/epood\/wp-json\/wp\/v2\/product_brand?post=21695"},{"taxonomy":"product_cat","embeddable":true,"href":"https:\/\/espak.ee\/epood\/wp-json\/wp\/v2\/product_cat?post=21695"},{"taxonomy":"product_tag","embeddable":true,"href":"https:\/\/espak.ee\/epood\/wp-json\/wp\/v2\/product_tag?post=21695"}],"curies":[{"name":"wp","href":"https:\/\/api.w.org\/{rel}","templated":true}]}}