{"id":21689,"date":"2020-04-18T04:21:23","date_gmt":"2020-04-18T01:21:23","guid":{"rendered":"https:\/\/espak.ee\/hinnakiri\/?post_type=product&#038;p=21689"},"modified":"2026-04-03T20:12:24","modified_gmt":"2026-04-03T17:12:24","slug":"akulaadija-einhell-18v-kahe-pesaga-4512069","status":"publish","type":"product","link":"https:\/\/espak.ee\/epood\/toode\/akulaadija-einhell-18v-kahe-pesaga-4512069\/","title":{"rendered":"AKULAADIJA EINHELL 18V KAHE PESAGA 4512069"},"content":{"rendered":"<div class=\"row\"  id=\"row-1916912122\">\n\n\t<div id=\"col-1659527701\" class=\"col medium-9 small-12 large-9\"  >\n\t\t\t\t<div class=\"col-inner\"  >\n\t\t\t\n\t\t\t\n<h2>Akulaadija<\/h2>\n<p>Akulaadur Einhell PXC Power X-Twincharger 3 A v\u00f5imaldab korraga t\u00e4is laadida kaks akut: kahte Einhelli suure j\u00f5udlusega Power X-Change\u00b4i s\u00fcsteemisarja laetavat liitiumioonakut saab laadida samaaegselt. Power X-Change\u00b4i sarja aku t\u00e4hendab \u00fchte k\u00f5ikidele toodetele sobivat akut. Laetavaid Power X-Change\u00b4i akusid saab kasutada k\u00f5igis Einhelli suure j\u00f5udlusega s\u00fcsteemisarja t\u00f6\u00f6riistades ja aiandusmasinates. Power X-Change\u00b4i s\u00fcsteemi tootepere t\u00f6\u00f6riistad ja aiamasinad saavad t\u00e4nu kahe 18\u00a0V aku korraga laadimisele palju kiiremini kasutusvalmis. Laadimists\u00fcklid kohandatakse vastavalt tegelikule olukorrale, nii et akude kasutusaeg on pikem. Nutikas laadimishaldus tagab t\u00e4ieliku ohutuse. Akusid seiratakse kogu laadimise kestel parima laadimise tagamiseks. T\u00e4nu 6-astmelisele laadimiss\u00fcsteemile saab laadimise ajal vaadata aku laetuse hetketaset. Kasutajas\u00f5bralikuks seinale kinnitamiseks on akulaaduril Power X-Twincharger 3 A sisseehitatud riputusaasad. Akulaadurit saab kasutada universaalselt iga laetava Power X-Change\u00b4i akuga.<\/p>\n<div class=\"message-box relative\" style=\"padding-top:15px;padding-bottom:15px;\"><div class=\"message-box-bg-image bg-fill fill\" ><\/div><div class=\"message-box-bg-overlay bg-fill fill\" ><\/div><div class=\"container relative\"><div class=\"inner last-reset\">\n<div class=\"row align-middle align-center\"  id=\"row-285695511\">\n\n\t<div id=\"col-1818777187\" class=\"col small-12 large-12\"  >\n\t\t\t\t<div class=\"col-inner text-left\"  >\n\t\t\t\n\t\t\t\n<h4>Omadused<\/h4>\n<div class=\"row\"  id=\"row-824301209\">\n\n\t<div id=\"col-185476976\" class=\"col medium-6 small-12 large-6\"  >\n\t\t\t\t<div class=\"col-inner\"  >\n\t\t\t\n\t\t\t\n<p><i class=\"fa fa-check fa-2x\"><\/i> <strong>Kasutusvalmis palju kiiremini t\u00e4nu kahe aku korraga laadimisele: 2\u00a0\u00d7\u00a018\u00a0V<\/strong><\/p>\n<p><i class=\"fa fa-check fa-2x\"><\/i> <strong>Aku pikem kasutusaeg t\u00e4nu olukorraspetsiifilistele laadimists\u00fcklitele<\/strong><\/p>\n\t\t<\/div>\n\t\t\t\t\n<style>\n#col-185476976 > .col-inner {\n  margin: 0px 0px 15px 0px;\n}\n<\/style>\n\t<\/div>\n\n\t\n\n\t<div id=\"col-250244682\" class=\"col medium-6 small-12 large-6\"  >\n\t\t\t\t<div class=\"col-inner\"  >\n\t\t\t\n\t\t\t\n<p><i class=\"fa fa-check fa-2x\"><\/i> <strong>T\u00e4ielik ohutus t\u00e4nu nutikale laadimishaldusele<\/strong><\/p>\n<p><i class=\"fa fa-check fa-2x\"><\/i> <strong>Alaline aku seire soodsaimaks laadimiseks<\/strong><\/p>\n\t\t<\/div>\n\t\t\t\t\n<style>\n#col-250244682 > .col-inner {\n  margin: 0px 0px 15px 0px;\n}\n<\/style>\n\t<\/div>\n\n\t\n<\/div>\n\t\t<\/div>\n\t\t\t\t\t<\/div>\n\n\t\n<\/div>\n<\/div><\/div><\/div>\n\t<div id=\"gap-1550393031\" class=\"gap-element clearfix\" style=\"display:block; height:auto;\">\n\t\t\n<style>\n#gap-1550393031 {\n  padding-top: 30px;\n}\n<\/style>\n\t<\/div>\n\t\n\t\t<\/div>\n\t\t\t\t\t<\/div>\n\n\t\n\n\t<div id=\"col-1540460052\" class=\"col medium-3 small-12 large-3\"  >\n\t\t\t\t<div class=\"col-inner\"  >\n\t\t\t\n\t\t\t\n\t<div id=\"gap-1649155677\" class=\"gap-element clearfix\" style=\"display:block; height:auto;\">\n\t\t\n<style>\n#gap-1649155677 {\n  padding-top: 30px;\n}\n<\/style>\n\t<\/div>\n\t\n<div class=\"is-divider divider clearfix\" ><\/div>\n<p><strong>\u00dcksikasjalikuma n\u00f5u saamiseks v\u00f5tke \u00fchendust:<br \/><\/strong>Espak AS<br \/>Viadukti 42<br \/>11313<br \/>Tallinn<br \/>+372 6 512333<\/p>\n<div class=\"is-divider divider clearfix\" ><\/div>\n\t\t<\/div>\n\t\t\t\t\t<\/div>\n\n\t\n<\/div>\n","protected":false},"excerpt":{"rendered":"","protected":false},"featured_media":43645,"comment_status":"closed","ping_status":"open","template":"","meta":[],"product_brand":[],"product_cat":[2734,2733,2680,2679],"product_tag":[],"class_list":{"0":"post-21689","1":"product","2":"type-product","3":"status-publish","4":"has-post-thumbnail","6":"product_cat-akud-ja-laadijad","7":"product_cat-akutooriistad","8":"product_cat-elektritooriistad","9":"product_cat-tooriistad","10":"pa_kaubamark-einhell","12":"first","13":"outofstock","14":"sale","15":"taxable","16":"shipping-taxable","17":"purchasable","18":"product-type-simple"},"yoast_head":"<!-- This site is optimized with the Yoast SEO plugin v26.9 - https:\/\/yoast.com\/product\/yoast-seo-wordpress\/ -->\n<title>AKULAADIJA EINHELL 18V KAHE PESAGA 4512069 - Espak E-pood<\/title>\n<meta name=\"robots\" content=\"index, follow, max-snippet:-1, max-image-preview:large, max-video-preview:-1\" \/>\n<link rel=\"canonical\" href=\"https:\/\/espak.ee\/epood\/toode\/akulaadija-einhell-18v-kahe-pesaga-4512069\/\" \/>\n<meta property=\"og:locale\" content=\"et_EE\" \/>\n<meta property=\"og:type\" content=\"article\" \/>\n<meta property=\"og:title\" content=\"AKULAADIJA EINHELL 18V KAHE PESAGA 4512069 - Espak E-pood\" \/>\n<meta property=\"og:url\" content=\"https:\/\/espak.ee\/epood\/toode\/akulaadija-einhell-18v-kahe-pesaga-4512069\/\" \/>\n<meta property=\"og:site_name\" content=\"Espak E-pood\" \/>\n<meta property=\"article:modified_time\" content=\"2026-04-03T17:12:24+00:00\" \/>\n<meta property=\"og:image\" content=\"https:\/\/espak.ee\/epood\/wp-content\/uploads\/4512069-EINH.jpg\" \/>\n\t<meta property=\"og:image:width\" content=\"1772\" \/>\n\t<meta property=\"og:image:height\" content=\"1772\" \/>\n\t<meta property=\"og:image:type\" content=\"image\/jpeg\" \/>\n<meta name=\"twitter:card\" content=\"summary_large_image\" \/>\n<meta name=\"twitter:label1\" content=\"Est. reading time\" \/>\n\t<meta name=\"twitter:data1\" content=\"1 minut\" \/>\n<script type=\"application\/ld+json\" class=\"yoast-schema-graph\">{\"@context\":\"https:\/\/schema.org\",\"@graph\":[{\"@type\":\"WebPage\",\"@id\":\"https:\/\/espak.ee\/epood\/toode\/akulaadija-einhell-18v-kahe-pesaga-4512069\/\",\"url\":\"https:\/\/espak.ee\/epood\/toode\/akulaadija-einhell-18v-kahe-pesaga-4512069\/\",\"name\":\"AKULAADIJA EINHELL 18V KAHE PESAGA 4512069 - Espak E-pood\",\"isPartOf\":{\"@id\":\"https:\/\/espak.ee\/epood\/#website\"},\"primaryImageOfPage\":{\"@id\":\"https:\/\/espak.ee\/epood\/toode\/akulaadija-einhell-18v-kahe-pesaga-4512069\/#primaryimage\"},\"image\":{\"@id\":\"https:\/\/espak.ee\/epood\/toode\/akulaadija-einhell-18v-kahe-pesaga-4512069\/#primaryimage\"},\"thumbnailUrl\":\"https:\/\/espak.ee\/epood\/wp-content\/uploads\/4512069-EINH.jpg\",\"datePublished\":\"2020-04-18T01:21:23+00:00\",\"dateModified\":\"2026-04-03T17:12:24+00:00\",\"breadcrumb\":{\"@id\":\"https:\/\/espak.ee\/epood\/toode\/akulaadija-einhell-18v-kahe-pesaga-4512069\/#breadcrumb\"},\"inLanguage\":\"et\",\"potentialAction\":[{\"@type\":\"ReadAction\",\"target\":[\"https:\/\/espak.ee\/epood\/toode\/akulaadija-einhell-18v-kahe-pesaga-4512069\/\"]}]},{\"@type\":\"ImageObject\",\"inLanguage\":\"et\",\"@id\":\"https:\/\/espak.ee\/epood\/toode\/akulaadija-einhell-18v-kahe-pesaga-4512069\/#primaryimage\",\"url\":\"https:\/\/espak.ee\/epood\/wp-content\/uploads\/4512069-EINH.jpg\",\"contentUrl\":\"https:\/\/espak.ee\/epood\/wp-content\/uploads\/4512069-EINH.jpg\",\"width\":1772,\"height\":1772},{\"@type\":\"BreadcrumbList\",\"@id\":\"https:\/\/espak.ee\/epood\/toode\/akulaadija-einhell-18v-kahe-pesaga-4512069\/#breadcrumb\",\"itemListElement\":[{\"@type\":\"ListItem\",\"position\":1,\"name\":\"Home\",\"item\":\"https:\/\/espak.ee\/epood\/\"},{\"@type\":\"ListItem\",\"position\":2,\"name\":\"Tootevalik\",\"item\":\"https:\/\/espak.ee\/epood\/tootevalik\/\"},{\"@type\":\"ListItem\",\"position\":3,\"name\":\"AKULAADIJA EINHELL 18V KAHE PESAGA 4512069\"}]},{\"@type\":\"WebSite\",\"@id\":\"https:\/\/espak.ee\/epood\/#website\",\"url\":\"https:\/\/espak.ee\/epood\/\",\"name\":\"Espak E-pood\",\"description\":\"\",\"potentialAction\":[{\"@type\":\"SearchAction\",\"target\":{\"@type\":\"EntryPoint\",\"urlTemplate\":\"https:\/\/espak.ee\/epood\/?s={search_term_string}\"},\"query-input\":{\"@type\":\"PropertyValueSpecification\",\"valueRequired\":true,\"valueName\":\"search_term_string\"}}],\"inLanguage\":\"et\"}]}<\/script>\n<!-- \/ Yoast SEO plugin. -->","yoast_head_json":{"title":"AKULAADIJA EINHELL 18V KAHE PESAGA 4512069 - Espak E-pood","robots":{"index":"index","follow":"follow","max-snippet":"max-snippet:-1","max-image-preview":"max-image-preview:large","max-video-preview":"max-video-preview:-1"},"canonical":"https:\/\/espak.ee\/epood\/toode\/akulaadija-einhell-18v-kahe-pesaga-4512069\/","og_locale":"et_EE","og_type":"article","og_title":"AKULAADIJA EINHELL 18V KAHE PESAGA 4512069 - Espak E-pood","og_url":"https:\/\/espak.ee\/epood\/toode\/akulaadija-einhell-18v-kahe-pesaga-4512069\/","og_site_name":"Espak E-pood","article_modified_time":"2026-04-03T17:12:24+00:00","og_image":[{"width":1772,"height":1772,"url":"https:\/\/espak.ee\/epood\/wp-content\/uploads\/4512069-EINH.jpg","type":"image\/jpeg"}],"twitter_card":"summary_large_image","twitter_misc":{"Est. reading time":"1 minut"},"schema":{"@context":"https:\/\/schema.org","@graph":[{"@type":"WebPage","@id":"https:\/\/espak.ee\/epood\/toode\/akulaadija-einhell-18v-kahe-pesaga-4512069\/","url":"https:\/\/espak.ee\/epood\/toode\/akulaadija-einhell-18v-kahe-pesaga-4512069\/","name":"AKULAADIJA EINHELL 18V KAHE PESAGA 4512069 - Espak E-pood","isPartOf":{"@id":"https:\/\/espak.ee\/epood\/#website"},"primaryImageOfPage":{"@id":"https:\/\/espak.ee\/epood\/toode\/akulaadija-einhell-18v-kahe-pesaga-4512069\/#primaryimage"},"image":{"@id":"https:\/\/espak.ee\/epood\/toode\/akulaadija-einhell-18v-kahe-pesaga-4512069\/#primaryimage"},"thumbnailUrl":"https:\/\/espak.ee\/epood\/wp-content\/uploads\/4512069-EINH.jpg","datePublished":"2020-04-18T01:21:23+00:00","dateModified":"2026-04-03T17:12:24+00:00","breadcrumb":{"@id":"https:\/\/espak.ee\/epood\/toode\/akulaadija-einhell-18v-kahe-pesaga-4512069\/#breadcrumb"},"inLanguage":"et","potentialAction":[{"@type":"ReadAction","target":["https:\/\/espak.ee\/epood\/toode\/akulaadija-einhell-18v-kahe-pesaga-4512069\/"]}]},{"@type":"ImageObject","inLanguage":"et","@id":"https:\/\/espak.ee\/epood\/toode\/akulaadija-einhell-18v-kahe-pesaga-4512069\/#primaryimage","url":"https:\/\/espak.ee\/epood\/wp-content\/uploads\/4512069-EINH.jpg","contentUrl":"https:\/\/espak.ee\/epood\/wp-content\/uploads\/4512069-EINH.jpg","width":1772,"height":1772},{"@type":"BreadcrumbList","@id":"https:\/\/espak.ee\/epood\/toode\/akulaadija-einhell-18v-kahe-pesaga-4512069\/#breadcrumb","itemListElement":[{"@type":"ListItem","position":1,"name":"Home","item":"https:\/\/espak.ee\/epood\/"},{"@type":"ListItem","position":2,"name":"Tootevalik","item":"https:\/\/espak.ee\/epood\/tootevalik\/"},{"@type":"ListItem","position":3,"name":"AKULAADIJA EINHELL 18V KAHE PESAGA 4512069"}]},{"@type":"WebSite","@id":"https:\/\/espak.ee\/epood\/#website","url":"https:\/\/espak.ee\/epood\/","name":"Espak E-pood","description":"","potentialAction":[{"@type":"SearchAction","target":{"@type":"EntryPoint","urlTemplate":"https:\/\/espak.ee\/epood\/?s={search_term_string}"},"query-input":{"@type":"PropertyValueSpecification","valueRequired":true,"valueName":"search_term_string"}}],"inLanguage":"et"}]}},"_links":{"self":[{"href":"https:\/\/espak.ee\/epood\/wp-json\/wp\/v2\/product\/21689","targetHints":{"allow":["GET"]}}],"collection":[{"href":"https:\/\/espak.ee\/epood\/wp-json\/wp\/v2\/product"}],"about":[{"href":"https:\/\/espak.ee\/epood\/wp-json\/wp\/v2\/types\/product"}],"replies":[{"embeddable":true,"href":"https:\/\/espak.ee\/epood\/wp-json\/wp\/v2\/comments?post=21689"}],"wp:featuredmedia":[{"embeddable":true,"href":"https:\/\/espak.ee\/epood\/wp-json\/wp\/v2\/media\/43645"}],"wp:attachment":[{"href":"https:\/\/espak.ee\/epood\/wp-json\/wp\/v2\/media?parent=21689"}],"wp:term":[{"taxonomy":"product_brand","embeddable":true,"href":"https:\/\/espak.ee\/epood\/wp-json\/wp\/v2\/product_brand?post=21689"},{"taxonomy":"product_cat","embeddable":true,"href":"https:\/\/espak.ee\/epood\/wp-json\/wp\/v2\/product_cat?post=21689"},{"taxonomy":"product_tag","embeddable":true,"href":"https:\/\/espak.ee\/epood\/wp-json\/wp\/v2\/product_tag?post=21689"}],"curies":[{"name":"wp","href":"https:\/\/api.w.org\/{rel}","templated":true}]}}