{"id":21688,"date":"2020-04-18T04:21:23","date_gmt":"2020-04-18T01:21:23","guid":{"rendered":"https:\/\/espak.ee\/hinnakiri\/?post_type=product&#038;p=21688"},"modified":"2024-10-06T12:49:58","modified_gmt":"2024-10-06T09:49:58","slug":"akulaadija-einhell-18v-4512064-boost","status":"publish","type":"product","link":"https:\/\/espak.ee\/epood\/toode\/akulaadija-einhell-18v-4512064-boost\/","title":{"rendered":"AKULAADIJA EINHELL 18V 4512064 BOOST"},"content":{"rendered":"<div class=\"row\"  id=\"row-514294407\">\n\n\t<div id=\"col-113753322\" class=\"col medium-9 small-12 large-9\"  >\n\t\t\t\t<div class=\"col-inner\"  >\n\t\t\t\n\t\t\t\n<h2>Akulaadija<\/h2>\n<p>Akulaadur Einhell PXC Power X-Boostcharger 6 A laeb Power X-Change s\u00fcsteemsarja akusid kiiremini kui kunagi varem. Sama aku k\u00f5ikidele t\u00f6\u00f6riistadele. Laetavaid Power X-Change\u00b4i akusid saab kasutada k\u00f5igis Einhelli suure j\u00f5udlusega s\u00fcsteemisarja t\u00f6\u00f6riistades ja aiandusmasinates. Nende laetavate akude laadimiskestuse oluliseks l\u00fchendamiseks on olemas valitav kiirlaadimisre\u017eiim. Power X-Change\u00b4i t\u00f6\u00f6riistad ja seadmed saab kiiresti kasutusvalmis ning need annavad v\u00f5imsuse ja j\u00f5udluse, millega kasutajad on harjunud. Laadimists\u00fcklid kohandatakse vastavalt tegelikule olukorrale, nii et akude kasutusaeg on palju pikem. Nutikas laadimishaldus tagab aga k\u00f5rgel tasemel ohutuse. Akut seiratakse kogu laadimise kestel parima laadimise tagamiseks. T\u00e4nu 6-astmelisele laadimiss\u00fcsteemile saab laadimise ajal vaadata aku laetuse hetketaset. Kasutajas\u00f5bralikuks seinale kinnitamiseks on olemas sisseehitatud riputusaasad. Akulaadurit Power X-Boostcharger 6\u00a0A saab kasutada universaalselt iga laetava Power X-Change\u00b4i akuga.<\/p>\n<div class=\"message-box relative\" style=\"padding-top:15px;padding-bottom:15px;\"><div class=\"message-box-bg-image bg-fill fill\" ><\/div><div class=\"message-box-bg-overlay bg-fill fill\" ><\/div><div class=\"container relative\"><div class=\"inner last-reset\">\n<div class=\"row align-middle align-center\"  id=\"row-1032970440\">\n\n\t<div id=\"col-1863485205\" class=\"col small-12 large-12\"  >\n\t\t\t\t<div class=\"col-inner text-left\"  >\n\t\t\t\n\t\t\t\n<h4>Omadused<\/h4>\n<div class=\"row\"  id=\"row-170771256\">\n\n\t<div id=\"col-2102315147\" class=\"col medium-6 small-12 large-6\"  >\n\t\t\t\t<div class=\"col-inner\"  >\n\t\t\t\n\t\t\t\n<p><i class=\"fa fa-check fa-2x\"><\/i> <strong>M\u00e4rkimisv\u00e4\u00e4rselt l\u00fchemad laadimiskestused t\u00e4nu l\u00fclitatavale laadimisre\u017eiimile Boostmode<\/strong><\/p>\n<p><i class=\"fa fa-check fa-2x\"><\/i> <strong>Aku pikem kasutusaeg t\u00e4nu olukorraspetsiifilistele laadimists\u00fcklitele<\/strong><\/p>\n\t\t<\/div>\n\t\t\t\t\n<style>\n#col-2102315147 > .col-inner {\n  margin: 0px 0px 15px 0px;\n}\n<\/style>\n\t<\/div>\n\n\t\n\n\t<div id=\"col-555276646\" class=\"col medium-6 small-12 large-6\"  >\n\t\t\t\t<div class=\"col-inner\"  >\n\t\t\t\n\t\t\t\n<p><i class=\"fa fa-check fa-2x\"><\/i> <strong>T\u00e4ielik ohutus t\u00e4nu nutikale laadimishaldusele<\/strong><\/p>\n<p><i class=\"fa fa-check fa-2x\"><\/i> <strong>Alaline aku seire soodsaimaks laadimiseks<\/strong><\/p>\n\t\t<\/div>\n\t\t\t\t\n<style>\n#col-555276646 > .col-inner {\n  margin: 0px 0px 15px 0px;\n}\n<\/style>\n\t<\/div>\n\n\t\n<\/div>\n\t\t<\/div>\n\t\t\t\t\t<\/div>\n\n\t\n<\/div>\n<\/div><\/div><\/div>\n\t<div id=\"gap-2120076717\" class=\"gap-element clearfix\" style=\"display:block; height:auto;\">\n\t\t\n<style>\n#gap-2120076717 {\n  padding-top: 30px;\n}\n<\/style>\n\t<\/div>\n\t\n\t\t<\/div>\n\t\t\t\t\t<\/div>\n\n\t\n\n\t<div id=\"col-1138280933\" class=\"col medium-3 small-12 large-3\"  >\n\t\t\t\t<div class=\"col-inner\"  >\n\t\t\t\n\t\t\t\n\t<div id=\"gap-2139084216\" class=\"gap-element clearfix\" style=\"display:block; height:auto;\">\n\t\t\n<style>\n#gap-2139084216 {\n  padding-top: 30px;\n}\n<\/style>\n\t<\/div>\n\t\n<div class=\"is-divider divider clearfix\" ><\/div>\n<p><strong>\u00dcksikasjalikuma n\u00f5u saamiseks v\u00f5tke \u00fchendust:<br \/><\/strong>Espak AS<br \/>Viadukti 42<br \/>11313<br \/>Tallinn<br \/>+372 6 512333<\/p>\n<div class=\"is-divider divider clearfix\" ><\/div>\n\t\t<\/div>\n\t\t\t\t\t<\/div>\n\n\t\n<\/div>\n","protected":false},"excerpt":{"rendered":"","protected":false},"featured_media":43643,"comment_status":"closed","ping_status":"open","template":"","meta":[],"product_brand":[],"product_cat":[2734,2733,2680,2679],"product_tag":[],"class_list":{"0":"post-21688","1":"product","2":"type-product","3":"status-publish","4":"has-post-thumbnail","6":"product_cat-akud-ja-laadijad","7":"product_cat-akutooriistad","8":"product_cat-elektritooriistad","9":"product_cat-tooriistad","10":"pa_kaubamark-einhell","12":"first","13":"instock","14":"sale","15":"taxable","16":"shipping-taxable","17":"purchasable","18":"product-type-simple"},"yoast_head":"<!-- This site is optimized with the Yoast SEO plugin v26.9 - https:\/\/yoast.com\/product\/yoast-seo-wordpress\/ -->\n<title>AKULAADIJA EINHELL 18V 4512064 BOOST - Espak E-pood<\/title>\n<meta name=\"robots\" content=\"index, follow, max-snippet:-1, max-image-preview:large, max-video-preview:-1\" \/>\n<link rel=\"canonical\" href=\"https:\/\/espak.ee\/epood\/toode\/akulaadija-einhell-18v-4512064-boost\/\" \/>\n<meta property=\"og:locale\" content=\"et_EE\" \/>\n<meta property=\"og:type\" content=\"article\" \/>\n<meta property=\"og:title\" content=\"AKULAADIJA EINHELL 18V 4512064 BOOST - Espak E-pood\" \/>\n<meta property=\"og:url\" content=\"https:\/\/espak.ee\/epood\/toode\/akulaadija-einhell-18v-4512064-boost\/\" \/>\n<meta property=\"og:site_name\" content=\"Espak E-pood\" \/>\n<meta property=\"article:modified_time\" content=\"2024-10-06T09:49:58+00:00\" \/>\n<meta property=\"og:image\" content=\"https:\/\/espak.ee\/epood\/wp-content\/uploads\/4512064-EINH.jpg\" \/>\n\t<meta property=\"og:image:width\" content=\"1772\" \/>\n\t<meta property=\"og:image:height\" content=\"1772\" \/>\n\t<meta property=\"og:image:type\" content=\"image\/jpeg\" \/>\n<meta name=\"twitter:card\" content=\"summary_large_image\" \/>\n<meta name=\"twitter:label1\" content=\"Est. reading time\" \/>\n\t<meta name=\"twitter:data1\" content=\"1 minut\" \/>\n<script type=\"application\/ld+json\" class=\"yoast-schema-graph\">{\"@context\":\"https:\/\/schema.org\",\"@graph\":[{\"@type\":\"WebPage\",\"@id\":\"https:\/\/espak.ee\/epood\/toode\/akulaadija-einhell-18v-4512064-boost\/\",\"url\":\"https:\/\/espak.ee\/epood\/toode\/akulaadija-einhell-18v-4512064-boost\/\",\"name\":\"AKULAADIJA EINHELL 18V 4512064 BOOST - Espak E-pood\",\"isPartOf\":{\"@id\":\"https:\/\/espak.ee\/epood\/#website\"},\"primaryImageOfPage\":{\"@id\":\"https:\/\/espak.ee\/epood\/toode\/akulaadija-einhell-18v-4512064-boost\/#primaryimage\"},\"image\":{\"@id\":\"https:\/\/espak.ee\/epood\/toode\/akulaadija-einhell-18v-4512064-boost\/#primaryimage\"},\"thumbnailUrl\":\"https:\/\/espak.ee\/epood\/wp-content\/uploads\/4512064-EINH.jpg\",\"datePublished\":\"2020-04-18T01:21:23+00:00\",\"dateModified\":\"2024-10-06T09:49:58+00:00\",\"breadcrumb\":{\"@id\":\"https:\/\/espak.ee\/epood\/toode\/akulaadija-einhell-18v-4512064-boost\/#breadcrumb\"},\"inLanguage\":\"et\",\"potentialAction\":[{\"@type\":\"ReadAction\",\"target\":[\"https:\/\/espak.ee\/epood\/toode\/akulaadija-einhell-18v-4512064-boost\/\"]}]},{\"@type\":\"ImageObject\",\"inLanguage\":\"et\",\"@id\":\"https:\/\/espak.ee\/epood\/toode\/akulaadija-einhell-18v-4512064-boost\/#primaryimage\",\"url\":\"https:\/\/espak.ee\/epood\/wp-content\/uploads\/4512064-EINH.jpg\",\"contentUrl\":\"https:\/\/espak.ee\/epood\/wp-content\/uploads\/4512064-EINH.jpg\",\"width\":1772,\"height\":1772},{\"@type\":\"BreadcrumbList\",\"@id\":\"https:\/\/espak.ee\/epood\/toode\/akulaadija-einhell-18v-4512064-boost\/#breadcrumb\",\"itemListElement\":[{\"@type\":\"ListItem\",\"position\":1,\"name\":\"Home\",\"item\":\"https:\/\/espak.ee\/epood\/\"},{\"@type\":\"ListItem\",\"position\":2,\"name\":\"Tootevalik\",\"item\":\"https:\/\/espak.ee\/epood\/tootevalik\/\"},{\"@type\":\"ListItem\",\"position\":3,\"name\":\"AKULAADIJA EINHELL 18V 4512064 BOOST\"}]},{\"@type\":\"WebSite\",\"@id\":\"https:\/\/espak.ee\/epood\/#website\",\"url\":\"https:\/\/espak.ee\/epood\/\",\"name\":\"Espak E-pood\",\"description\":\"\",\"potentialAction\":[{\"@type\":\"SearchAction\",\"target\":{\"@type\":\"EntryPoint\",\"urlTemplate\":\"https:\/\/espak.ee\/epood\/?s={search_term_string}\"},\"query-input\":{\"@type\":\"PropertyValueSpecification\",\"valueRequired\":true,\"valueName\":\"search_term_string\"}}],\"inLanguage\":\"et\"}]}<\/script>\n<!-- \/ Yoast SEO plugin. -->","yoast_head_json":{"title":"AKULAADIJA EINHELL 18V 4512064 BOOST - Espak E-pood","robots":{"index":"index","follow":"follow","max-snippet":"max-snippet:-1","max-image-preview":"max-image-preview:large","max-video-preview":"max-video-preview:-1"},"canonical":"https:\/\/espak.ee\/epood\/toode\/akulaadija-einhell-18v-4512064-boost\/","og_locale":"et_EE","og_type":"article","og_title":"AKULAADIJA EINHELL 18V 4512064 BOOST - Espak E-pood","og_url":"https:\/\/espak.ee\/epood\/toode\/akulaadija-einhell-18v-4512064-boost\/","og_site_name":"Espak E-pood","article_modified_time":"2024-10-06T09:49:58+00:00","og_image":[{"width":1772,"height":1772,"url":"https:\/\/espak.ee\/epood\/wp-content\/uploads\/4512064-EINH.jpg","type":"image\/jpeg"}],"twitter_card":"summary_large_image","twitter_misc":{"Est. reading time":"1 minut"},"schema":{"@context":"https:\/\/schema.org","@graph":[{"@type":"WebPage","@id":"https:\/\/espak.ee\/epood\/toode\/akulaadija-einhell-18v-4512064-boost\/","url":"https:\/\/espak.ee\/epood\/toode\/akulaadija-einhell-18v-4512064-boost\/","name":"AKULAADIJA EINHELL 18V 4512064 BOOST - Espak E-pood","isPartOf":{"@id":"https:\/\/espak.ee\/epood\/#website"},"primaryImageOfPage":{"@id":"https:\/\/espak.ee\/epood\/toode\/akulaadija-einhell-18v-4512064-boost\/#primaryimage"},"image":{"@id":"https:\/\/espak.ee\/epood\/toode\/akulaadija-einhell-18v-4512064-boost\/#primaryimage"},"thumbnailUrl":"https:\/\/espak.ee\/epood\/wp-content\/uploads\/4512064-EINH.jpg","datePublished":"2020-04-18T01:21:23+00:00","dateModified":"2024-10-06T09:49:58+00:00","breadcrumb":{"@id":"https:\/\/espak.ee\/epood\/toode\/akulaadija-einhell-18v-4512064-boost\/#breadcrumb"},"inLanguage":"et","potentialAction":[{"@type":"ReadAction","target":["https:\/\/espak.ee\/epood\/toode\/akulaadija-einhell-18v-4512064-boost\/"]}]},{"@type":"ImageObject","inLanguage":"et","@id":"https:\/\/espak.ee\/epood\/toode\/akulaadija-einhell-18v-4512064-boost\/#primaryimage","url":"https:\/\/espak.ee\/epood\/wp-content\/uploads\/4512064-EINH.jpg","contentUrl":"https:\/\/espak.ee\/epood\/wp-content\/uploads\/4512064-EINH.jpg","width":1772,"height":1772},{"@type":"BreadcrumbList","@id":"https:\/\/espak.ee\/epood\/toode\/akulaadija-einhell-18v-4512064-boost\/#breadcrumb","itemListElement":[{"@type":"ListItem","position":1,"name":"Home","item":"https:\/\/espak.ee\/epood\/"},{"@type":"ListItem","position":2,"name":"Tootevalik","item":"https:\/\/espak.ee\/epood\/tootevalik\/"},{"@type":"ListItem","position":3,"name":"AKULAADIJA EINHELL 18V 4512064 BOOST"}]},{"@type":"WebSite","@id":"https:\/\/espak.ee\/epood\/#website","url":"https:\/\/espak.ee\/epood\/","name":"Espak E-pood","description":"","potentialAction":[{"@type":"SearchAction","target":{"@type":"EntryPoint","urlTemplate":"https:\/\/espak.ee\/epood\/?s={search_term_string}"},"query-input":{"@type":"PropertyValueSpecification","valueRequired":true,"valueName":"search_term_string"}}],"inLanguage":"et"}]}},"_links":{"self":[{"href":"https:\/\/espak.ee\/epood\/wp-json\/wp\/v2\/product\/21688","targetHints":{"allow":["GET"]}}],"collection":[{"href":"https:\/\/espak.ee\/epood\/wp-json\/wp\/v2\/product"}],"about":[{"href":"https:\/\/espak.ee\/epood\/wp-json\/wp\/v2\/types\/product"}],"replies":[{"embeddable":true,"href":"https:\/\/espak.ee\/epood\/wp-json\/wp\/v2\/comments?post=21688"}],"wp:featuredmedia":[{"embeddable":true,"href":"https:\/\/espak.ee\/epood\/wp-json\/wp\/v2\/media\/43643"}],"wp:attachment":[{"href":"https:\/\/espak.ee\/epood\/wp-json\/wp\/v2\/media?parent=21688"}],"wp:term":[{"taxonomy":"product_brand","embeddable":true,"href":"https:\/\/espak.ee\/epood\/wp-json\/wp\/v2\/product_brand?post=21688"},{"taxonomy":"product_cat","embeddable":true,"href":"https:\/\/espak.ee\/epood\/wp-json\/wp\/v2\/product_cat?post=21688"},{"taxonomy":"product_tag","embeddable":true,"href":"https:\/\/espak.ee\/epood\/wp-json\/wp\/v2\/product_tag?post=21688"}],"curies":[{"name":"wp","href":"https:\/\/api.w.org\/{rel}","templated":true}]}}