{"id":21687,"date":"2020-04-18T04:21:23","date_gmt":"2020-04-18T01:21:23","guid":{"rendered":"https:\/\/espak.ee\/hinnakiri\/?post_type=product&#038;p=21687"},"modified":"2026-03-30T18:26:47","modified_gmt":"2026-03-30T15:26:47","slug":"aku-ja-laadija-komplekt-einhell-40ah-akuga","status":"publish","type":"product","link":"https:\/\/espak.ee\/epood\/toode\/aku-ja-laadija-komplekt-einhell-40ah-akuga\/","title":{"rendered":"AKU JA LAADIJA KOMPLEKT EINHELL 4,0AH AKUGA"},"content":{"rendered":"<div class=\"row\"  id=\"row-872399981\">\n\n\t<div id=\"col-1187186816\" class=\"col medium-9 small-12 large-9\"  >\n\t\t\t\t<div class=\"col-inner\"  >\n\t\t\t\n\t\t\t\n<h2>Aku ja laadija komplekt<\/h2>\n<p>Akukomplekt Einhell 18\u00a0V 4,0\u00a0Ah PXC on ideaalne koduse Power X-Change\u00b4i sarja alustamiseks v\u00f5i laiendamiseks. Akukomplekti Einhell 18\u00a0V 4,0 Ah Power X-Change PLUS laetav aku ja kiirlaadur kuuluvad mitmeotstarbeliste ja t\u00e4ielikult vastastikku vahetatavate laetavate Einhelli Power X-Change\u00b4i akude s\u00fcsteemi. Laetavaid Power X-Change\u00b4i akusid saab kasutada k\u00f5ikide sama tootepere aia ja t\u00f6\u00f6koja akut\u00f6\u00f6riistade toiteallikana. Sarja akulaaduriga saab laadida universaalselt iga PXC sarja laetavat akut. Kliendi kasud on ilmselged. \u00dcks laetav aku ja \u00fcks akulaadur mitte ainult ei s\u00e4\u00e4sta oluliselt soetuskulusid, vaid selle universaalne kasutus aitab s\u00e4\u00e4sta keskkonda ning pakub kodus ja aias ka suurt paindlikkust. See v\u00e4listab iga eraldi t\u00f6\u00f6riista erinevatest akudest ja akulaaduritest tuleneva t\u00fcdimuse ja kaose. Kvaliteetsel laetaval akul puudub m\u00e4luefekt ja harilike akudega seonduv iset\u00fchjenemine ning neile on tagatud pidev suur v\u00f5imsus. Aku 18\u00a0V 4,0\u00a0Ah Power X-Change on ideaalne Power X-Change\u00b4i tootepere p\u00f5hiaku, mida sobib kasutada ka TWIN-PACK 36\u00a0V rakenduste jaoks. ABS-protsessiga juhitaval aktiivsel akuhalduss\u00fcsteemil on mikroprotsessor aku parameetrite p\u00fcsivaks j\u00e4lgimiseks. See tagab parima ohutuse, t\u00f6\u00f6riista optimaalse j\u00f5udluse, pikima t\u00f6\u00f6aja ja kauakestvuse. Laetuse hetketaset saab vaadata 3-astmelise valgusdioodn\u00e4idiku j\u00e4rgi. Kest on kavandatud tolmu- ja korrosioonikindlaks ning vastupidavaks mehaanilistele m\u00f5judele. Akul on tugev k\u00e4epide, et seda oleks igast t\u00f6\u00f6riistast mugav eemaldada. Kiirlaadur on disainilt kompaktne ja v\u00f5tab seet\u00f5ttu v\u00e4he ruumi ning sellel on seinale riputamiseks sisseehitatud riputusaasad. Kiirlaadimine t\u00e4hendab l\u00fchemat laadimiskestust ning soodsaima laadimise ja t\u00e4ieliku ohutuse tagamiseks seiratakse akut pidevalt nutika laadimise halduss\u00fcsteemi abil. S\u00fcvat\u00fchjendatud akude taask\u00e4ivitamiseks on olemas eraldi v\u00e4rskendusre\u017eiim. Laetuse hetketaset saab vaadata 6-astmelise laadimistaseme LED-n\u00e4idiku abil.<\/p>\n<div class=\"message-box relative\" style=\"padding-top:15px;padding-bottom:15px;\"><div class=\"message-box-bg-image bg-fill fill\" ><\/div><div class=\"message-box-bg-overlay bg-fill fill\" ><\/div><div class=\"container relative\"><div class=\"inner last-reset\">\n<div class=\"row align-middle align-center\"  id=\"row-1562082628\">\n\n\t<div id=\"col-1036184964\" class=\"col small-12 large-12\"  >\n\t\t\t\t<div class=\"col-inner text-left\"  >\n\t\t\t\n\t\t\t\n<h4>Omadused<\/h4>\n<div class=\"row\"  id=\"row-1314686476\">\n\n\t<div id=\"col-1059225085\" class=\"col medium-6 small-12 large-6\"  >\n\t\t\t\t<div class=\"col-inner\"  >\n\t\t\t\n\t\t\t\n<p><i class=\"fa fa-check fa-2x\"><\/i> <strong>Universaalsel kasutatavusel Power X-Change\u00b4i sarja seadmetega on palju eeliseid<\/strong><\/p>\n<p><i class=\"fa fa-check fa-2x\"><\/i> <strong>S\u00e4\u00e4stab raha ja keskkonda, pakub paindlikkust<\/strong><\/p>\n\t\t<\/div>\n\t\t\t\t\n<style>\n#col-1059225085 > .col-inner {\n  margin: 0px 0px 15px 0px;\n}\n<\/style>\n\t<\/div>\n\n\t\n\n\t<div id=\"col-1790176958\" class=\"col medium-6 small-12 large-6\"  >\n\t\t\t\t<div class=\"col-inner\"  >\n\t\t\t\n\t\t\t\n<p><i class=\"fa fa-check fa-2x\"><\/i> <strong>Laetuse hetketaset n\u00e4idatakse 3-astmelise valgusdioodn\u00e4idikuga<\/strong><\/p>\n<p><i class=\"fa fa-check fa-2x\"><\/i> <strong>Kest kaitseb tolmu, korrosiooni ja mehaaniliste kahjustuste eest<\/strong><\/p>\n\t\t<\/div>\n\t\t\t\t\n<style>\n#col-1790176958 > .col-inner {\n  margin: 0px 0px 15px 0px;\n}\n<\/style>\n\t<\/div>\n\n\t\n<\/div>\n\t\t<\/div>\n\t\t\t\t\t<\/div>\n\n\t\n<\/div>\n<\/div><\/div><\/div>\n\t<div id=\"gap-984160159\" class=\"gap-element clearfix\" style=\"display:block; height:auto;\">\n\t\t\n<style>\n#gap-984160159 {\n  padding-top: 30px;\n}\n<\/style>\n\t<\/div>\n\t\n\t\t<\/div>\n\t\t\t\t\t<\/div>\n\n\t\n\n\t<div id=\"col-1297993971\" class=\"col medium-3 small-12 large-3\"  >\n\t\t\t\t<div class=\"col-inner\"  >\n\t\t\t\n\t\t\t\n<h3>Kasutusjuhend<\/h3>\n<p><a href=\"https:\/\/espak.ee\/epood\/wp-content\/uploads\/2020\/04\/Akulaadija-Einhelli-4512011.pdf\"target=\"_blank\" rel=\"noopener noreferrer\"><i class=\"far fa-file-pdf\"><\/i> Kasutusjuhend (PDF)<\/a><\/p>\n<div class=\"is-divider divider clearfix\" ><\/div>\n<p><strong>\u00dcksikasjalikuma n\u00f5u saamiseks v\u00f5tke \u00fchendust:<br \/><\/strong>Espak AS<br \/>Viadukti 42<br \/>11313<br \/>Tallinn<br \/>+372 6 512333<\/p>\n<div class=\"is-divider divider clearfix\" ><\/div>\n\t\t<\/div>\n\t\t\t\t\t<\/div>\n\n\t\n<\/div>\n","protected":false},"excerpt":{"rendered":"","protected":false},"featured_media":43648,"comment_status":"closed","ping_status":"closed","template":"","meta":[],"product_brand":[],"product_cat":[2734,2733,2680,2679],"product_tag":[],"class_list":{"0":"post-21687","1":"product","2":"type-product","3":"status-publish","4":"has-post-thumbnail","6":"product_cat-akud-ja-laadijad","7":"product_cat-akutooriistad","8":"product_cat-elektritooriistad","9":"product_cat-tooriistad","10":"pa_kaubamark-einhell","12":"first","13":"instock","14":"sale","15":"taxable","16":"shipping-taxable","17":"purchasable","18":"product-type-simple"},"yoast_head":"<!-- This site is optimized with the Yoast SEO plugin v26.9 - https:\/\/yoast.com\/product\/yoast-seo-wordpress\/ -->\n<title>AKU JA LAADIJA KOMPLEKT EINHELL 4,0AH AKUGA - Espak E-pood<\/title>\n<meta name=\"robots\" content=\"index, follow, max-snippet:-1, max-image-preview:large, max-video-preview:-1\" \/>\n<link rel=\"canonical\" href=\"https:\/\/espak.ee\/epood\/toode\/aku-ja-laadija-komplekt-einhell-40ah-akuga\/\" \/>\n<meta property=\"og:locale\" content=\"et_EE\" \/>\n<meta property=\"og:type\" content=\"article\" \/>\n<meta property=\"og:title\" content=\"AKU JA LAADIJA KOMPLEKT EINHELL 4,0AH AKUGA - Espak E-pood\" \/>\n<meta property=\"og:url\" content=\"https:\/\/espak.ee\/epood\/toode\/aku-ja-laadija-komplekt-einhell-40ah-akuga\/\" \/>\n<meta property=\"og:site_name\" content=\"Espak E-pood\" \/>\n<meta property=\"article:modified_time\" content=\"2026-03-30T15:26:47+00:00\" \/>\n<meta property=\"og:image\" content=\"https:\/\/espak.ee\/epood\/wp-content\/uploads\/4512042-EINH.jpg\" \/>\n\t<meta property=\"og:image:width\" content=\"1772\" \/>\n\t<meta property=\"og:image:height\" content=\"1772\" \/>\n\t<meta property=\"og:image:type\" content=\"image\/jpeg\" \/>\n<meta name=\"twitter:card\" content=\"summary_large_image\" \/>\n<meta name=\"twitter:label1\" content=\"Est. reading time\" \/>\n\t<meta name=\"twitter:data1\" content=\"2 minutit\" \/>\n<script type=\"application\/ld+json\" class=\"yoast-schema-graph\">{\"@context\":\"https:\/\/schema.org\",\"@graph\":[{\"@type\":\"WebPage\",\"@id\":\"https:\/\/espak.ee\/epood\/toode\/aku-ja-laadija-komplekt-einhell-40ah-akuga\/\",\"url\":\"https:\/\/espak.ee\/epood\/toode\/aku-ja-laadija-komplekt-einhell-40ah-akuga\/\",\"name\":\"AKU JA LAADIJA KOMPLEKT EINHELL 4,0AH AKUGA - Espak E-pood\",\"isPartOf\":{\"@id\":\"https:\/\/espak.ee\/epood\/#website\"},\"primaryImageOfPage\":{\"@id\":\"https:\/\/espak.ee\/epood\/toode\/aku-ja-laadija-komplekt-einhell-40ah-akuga\/#primaryimage\"},\"image\":{\"@id\":\"https:\/\/espak.ee\/epood\/toode\/aku-ja-laadija-komplekt-einhell-40ah-akuga\/#primaryimage\"},\"thumbnailUrl\":\"https:\/\/espak.ee\/epood\/wp-content\/uploads\/4512042-EINH.jpg\",\"datePublished\":\"2020-04-18T01:21:23+00:00\",\"dateModified\":\"2026-03-30T15:26:47+00:00\",\"breadcrumb\":{\"@id\":\"https:\/\/espak.ee\/epood\/toode\/aku-ja-laadija-komplekt-einhell-40ah-akuga\/#breadcrumb\"},\"inLanguage\":\"et\",\"potentialAction\":[{\"@type\":\"ReadAction\",\"target\":[\"https:\/\/espak.ee\/epood\/toode\/aku-ja-laadija-komplekt-einhell-40ah-akuga\/\"]}]},{\"@type\":\"ImageObject\",\"inLanguage\":\"et\",\"@id\":\"https:\/\/espak.ee\/epood\/toode\/aku-ja-laadija-komplekt-einhell-40ah-akuga\/#primaryimage\",\"url\":\"https:\/\/espak.ee\/epood\/wp-content\/uploads\/4512042-EINH.jpg\",\"contentUrl\":\"https:\/\/espak.ee\/epood\/wp-content\/uploads\/4512042-EINH.jpg\",\"width\":1772,\"height\":1772},{\"@type\":\"BreadcrumbList\",\"@id\":\"https:\/\/espak.ee\/epood\/toode\/aku-ja-laadija-komplekt-einhell-40ah-akuga\/#breadcrumb\",\"itemListElement\":[{\"@type\":\"ListItem\",\"position\":1,\"name\":\"Home\",\"item\":\"https:\/\/espak.ee\/epood\/\"},{\"@type\":\"ListItem\",\"position\":2,\"name\":\"Tootevalik\",\"item\":\"https:\/\/espak.ee\/epood\/tootevalik\/\"},{\"@type\":\"ListItem\",\"position\":3,\"name\":\"AKU JA LAADIJA KOMPLEKT EINHELL 4,0AH AKUGA\"}]},{\"@type\":\"WebSite\",\"@id\":\"https:\/\/espak.ee\/epood\/#website\",\"url\":\"https:\/\/espak.ee\/epood\/\",\"name\":\"Espak E-pood\",\"description\":\"\",\"potentialAction\":[{\"@type\":\"SearchAction\",\"target\":{\"@type\":\"EntryPoint\",\"urlTemplate\":\"https:\/\/espak.ee\/epood\/?s={search_term_string}\"},\"query-input\":{\"@type\":\"PropertyValueSpecification\",\"valueRequired\":true,\"valueName\":\"search_term_string\"}}],\"inLanguage\":\"et\"}]}<\/script>\n<!-- \/ Yoast SEO plugin. -->","yoast_head_json":{"title":"AKU JA LAADIJA KOMPLEKT EINHELL 4,0AH AKUGA - Espak E-pood","robots":{"index":"index","follow":"follow","max-snippet":"max-snippet:-1","max-image-preview":"max-image-preview:large","max-video-preview":"max-video-preview:-1"},"canonical":"https:\/\/espak.ee\/epood\/toode\/aku-ja-laadija-komplekt-einhell-40ah-akuga\/","og_locale":"et_EE","og_type":"article","og_title":"AKU JA LAADIJA KOMPLEKT EINHELL 4,0AH AKUGA - Espak E-pood","og_url":"https:\/\/espak.ee\/epood\/toode\/aku-ja-laadija-komplekt-einhell-40ah-akuga\/","og_site_name":"Espak E-pood","article_modified_time":"2026-03-30T15:26:47+00:00","og_image":[{"width":1772,"height":1772,"url":"https:\/\/espak.ee\/epood\/wp-content\/uploads\/4512042-EINH.jpg","type":"image\/jpeg"}],"twitter_card":"summary_large_image","twitter_misc":{"Est. reading time":"2 minutit"},"schema":{"@context":"https:\/\/schema.org","@graph":[{"@type":"WebPage","@id":"https:\/\/espak.ee\/epood\/toode\/aku-ja-laadija-komplekt-einhell-40ah-akuga\/","url":"https:\/\/espak.ee\/epood\/toode\/aku-ja-laadija-komplekt-einhell-40ah-akuga\/","name":"AKU JA LAADIJA KOMPLEKT EINHELL 4,0AH AKUGA - Espak E-pood","isPartOf":{"@id":"https:\/\/espak.ee\/epood\/#website"},"primaryImageOfPage":{"@id":"https:\/\/espak.ee\/epood\/toode\/aku-ja-laadija-komplekt-einhell-40ah-akuga\/#primaryimage"},"image":{"@id":"https:\/\/espak.ee\/epood\/toode\/aku-ja-laadija-komplekt-einhell-40ah-akuga\/#primaryimage"},"thumbnailUrl":"https:\/\/espak.ee\/epood\/wp-content\/uploads\/4512042-EINH.jpg","datePublished":"2020-04-18T01:21:23+00:00","dateModified":"2026-03-30T15:26:47+00:00","breadcrumb":{"@id":"https:\/\/espak.ee\/epood\/toode\/aku-ja-laadija-komplekt-einhell-40ah-akuga\/#breadcrumb"},"inLanguage":"et","potentialAction":[{"@type":"ReadAction","target":["https:\/\/espak.ee\/epood\/toode\/aku-ja-laadija-komplekt-einhell-40ah-akuga\/"]}]},{"@type":"ImageObject","inLanguage":"et","@id":"https:\/\/espak.ee\/epood\/toode\/aku-ja-laadija-komplekt-einhell-40ah-akuga\/#primaryimage","url":"https:\/\/espak.ee\/epood\/wp-content\/uploads\/4512042-EINH.jpg","contentUrl":"https:\/\/espak.ee\/epood\/wp-content\/uploads\/4512042-EINH.jpg","width":1772,"height":1772},{"@type":"BreadcrumbList","@id":"https:\/\/espak.ee\/epood\/toode\/aku-ja-laadija-komplekt-einhell-40ah-akuga\/#breadcrumb","itemListElement":[{"@type":"ListItem","position":1,"name":"Home","item":"https:\/\/espak.ee\/epood\/"},{"@type":"ListItem","position":2,"name":"Tootevalik","item":"https:\/\/espak.ee\/epood\/tootevalik\/"},{"@type":"ListItem","position":3,"name":"AKU JA LAADIJA KOMPLEKT EINHELL 4,0AH AKUGA"}]},{"@type":"WebSite","@id":"https:\/\/espak.ee\/epood\/#website","url":"https:\/\/espak.ee\/epood\/","name":"Espak E-pood","description":"","potentialAction":[{"@type":"SearchAction","target":{"@type":"EntryPoint","urlTemplate":"https:\/\/espak.ee\/epood\/?s={search_term_string}"},"query-input":{"@type":"PropertyValueSpecification","valueRequired":true,"valueName":"search_term_string"}}],"inLanguage":"et"}]}},"_links":{"self":[{"href":"https:\/\/espak.ee\/epood\/wp-json\/wp\/v2\/product\/21687","targetHints":{"allow":["GET"]}}],"collection":[{"href":"https:\/\/espak.ee\/epood\/wp-json\/wp\/v2\/product"}],"about":[{"href":"https:\/\/espak.ee\/epood\/wp-json\/wp\/v2\/types\/product"}],"replies":[{"embeddable":true,"href":"https:\/\/espak.ee\/epood\/wp-json\/wp\/v2\/comments?post=21687"}],"wp:featuredmedia":[{"embeddable":true,"href":"https:\/\/espak.ee\/epood\/wp-json\/wp\/v2\/media\/43648"}],"wp:attachment":[{"href":"https:\/\/espak.ee\/epood\/wp-json\/wp\/v2\/media?parent=21687"}],"wp:term":[{"taxonomy":"product_brand","embeddable":true,"href":"https:\/\/espak.ee\/epood\/wp-json\/wp\/v2\/product_brand?post=21687"},{"taxonomy":"product_cat","embeddable":true,"href":"https:\/\/espak.ee\/epood\/wp-json\/wp\/v2\/product_cat?post=21687"},{"taxonomy":"product_tag","embeddable":true,"href":"https:\/\/espak.ee\/epood\/wp-json\/wp\/v2\/product_tag?post=21687"}],"curies":[{"name":"wp","href":"https:\/\/api.w.org\/{rel}","templated":true}]}}