{"id":21681,"date":"2020-04-18T04:21:17","date_gmt":"2020-04-18T01:21:17","guid":{"rendered":"https:\/\/espak.ee\/hinnakiri\/?post_type=product&#038;p=21681"},"modified":"2025-11-11T10:37:04","modified_gmt":"2025-11-11T08:37:04","slug":"tooriistakaru-einhell-tc-tw-100","status":"publish","type":"product","link":"https:\/\/espak.ee\/epood\/toode\/tooriistakaru-einhell-tc-tw-100\/","title":{"rendered":"T\u00d6\u00d6RIISTAK\u00c4RU EINHELL TC-TW 100"},"content":{"rendered":"<div class=\"row\"  id=\"row-209642021\">\n\n\t<div id=\"col-1426866348\" class=\"col medium-9 small-12 large-9\"  >\n\t\t\t\t<div class=\"col-inner\"  >\n\t\t\t\n\t\t\t\n<h2>T\u00f6\u00f6riistak\u00e4ru<\/h2>\n<p>T\u00f6\u00f6riistak\u00e4ru Einhell TC-TW 100 on tugev ja t\u00f6\u00f6kindel abiline t\u00f6\u00f6kojast \u00fclevaate s\u00e4ilitamisel ja korras hoidmisel. T\u00f6\u00f6riistak\u00e4ru k\u00e4sitsemine t\u00f6\u00f6kojas on lihtne. Nelja koormust taluvast plastist suunda muutva tugiratta ja t\u00f5ukerauaga t\u00f6\u00f6riistak\u00e4ru saab kasutada just seal, kus parasjagu vaja. K\u00e4ep\u00e4rane t\u00f6\u00f6riistak\u00e4ru on asendamatu igas v\u00e4ikeses t\u00f6\u00f6kojas ja seda saab hoida alaliselt iga nurgas, nagu soovite. Kahe suunda muutva tugiratta seisupidurid tagavad t\u00f6\u00f6riistak\u00e4ru paigalseisu t\u00e4pselt seal, kus kasutaja seda soovib. T\u00f6\u00f6riistak\u00e4rul TC-TW 100 on neli sujuvalt liikuvat blokis\u00fcsteemiga sahtlit ja suuremate t\u00f6\u00f6riistade jaoks m\u00f5eldud katteluugiga hoiuruum. Tundlike t\u00f6\u00f6riistade jaoks on olemas matiga kaetud liud. Liud on asendamatu ka pliiatsite, kruvitsate ja kruvide jaoks; mati suurendatud veeretakistus hoiab iga t\u00f6\u00f6riista just seal, kuhu kasutaja selle paneb. Einhelli t\u00f6\u00f6riistak\u00e4ru suurim lubatud koormus on 75 kg.<\/p>\n<div class=\"message-box relative\" style=\"padding-top:15px;padding-bottom:15px;\"><div class=\"message-box-bg-image bg-fill fill\" ><\/div><div class=\"message-box-bg-overlay bg-fill fill\" ><\/div><div class=\"container relative\"><div class=\"inner last-reset\">\n<div class=\"row align-middle align-center\"  id=\"row-1338262107\">\n\n\t<div id=\"col-781420141\" class=\"col small-12 large-12\"  >\n\t\t\t\t<div class=\"col-inner text-left\"  >\n\t\t\t\n\t\t\t\n<h4>Omadused<\/h4>\n<div class=\"row\"  id=\"row-1389657980\">\n\n\t<div id=\"col-513885589\" class=\"col medium-6 small-12 large-6\"  >\n\t\t\t\t<div class=\"col-inner\"  >\n\t\t\t\n\t\t\t\n<p><i class=\"fa fa-check fa-2x\"><\/i> <strong>4 sujuvalt liikuvat blokis\u00fcsteemiga sahtlit<\/strong><\/p>\n<p><i class=\"fa fa-check fa-2x\"><\/i> <strong>Katteluugiga hoiuruum suuremate t\u00f6\u00f6riistade jaoks<\/strong><\/p>\n\t\t<\/div>\n\t\t\t\t\n<style>\n#col-513885589 > .col-inner {\n  margin: 0px 0px 15px 0px;\n}\n<\/style>\n\t<\/div>\n\n\t\n\n\t<div id=\"col-1406218886\" class=\"col medium-6 small-12 large-6\"  >\n\t\t\t\t<div class=\"col-inner\"  >\n\t\t\t\n\t\t\t\n<p><i class=\"fa fa-check fa-2x\"><\/i> <strong>4 plastist p\u00f6\u00f6rdratast, millest 2 seisupiduriga<\/strong><\/p>\n<p><i class=\"fa fa-check fa-2x\"><\/i> <strong>Matiga hoiuliud<\/strong><\/p>\n\t\t<\/div>\n\t\t\t\t\n<style>\n#col-1406218886 > .col-inner {\n  margin: 0px 0px 15px 0px;\n}\n<\/style>\n\t<\/div>\n\n\t\n<\/div>\n\t\t<\/div>\n\t\t\t\t\t<\/div>\n\n\t\n<\/div>\n<\/div><\/div><\/div>\n\t<div id=\"gap-1258997799\" class=\"gap-element clearfix\" style=\"display:block; height:auto;\">\n\t\t\n<style>\n#gap-1258997799 {\n  padding-top: 30px;\n}\n<\/style>\n\t<\/div>\n\t\n\t\t<\/div>\n\t\t\t\t\t<\/div>\n\n\t\n\n\t<div id=\"col-389304731\" class=\"col medium-3 small-12 large-3\"  >\n\t\t\t\t<div class=\"col-inner\"  >\n\t\t\t\n\t\t\t\n\t<div id=\"gap-396723331\" class=\"gap-element clearfix\" style=\"display:block; height:auto;\">\n\t\t\n<style>\n#gap-396723331 {\n  padding-top: 30px;\n}\n<\/style>\n\t<\/div>\n\t\n<div class=\"is-divider divider clearfix\" ><\/div>\n<p><strong>\u00dcksikasjalikuma n\u00f5u saamiseks v\u00f5tke \u00fchendust:<br \/><\/strong>Espak AS<br \/>Viadukti 42<br \/>11313<br \/>Tallinn<br \/>+372 6 512333<\/p>\n<div class=\"is-divider divider clearfix\" ><\/div>\n\t\t<\/div>\n\t\t\t\t\t<\/div>\n\n\t\n<\/div>\n","protected":false},"excerpt":{"rendered":"","protected":false},"featured_media":36127,"comment_status":"closed","ping_status":"closed","template":"","meta":[],"product_brand":[],"product_cat":[2771,2781,2679,4922],"product_tag":[],"class_list":{"0":"post-21681","1":"product","2":"type-product","3":"status-publish","4":"has-post-thumbnail","6":"product_cat-kasitooriistad","7":"product_cat-toopingid-ja-lauad","8":"product_cat-tooriistad","9":"product_cat-tooriistakarud","10":"pa_kaubamark-einhell","12":"first","13":"outofstock","14":"sale","15":"taxable","16":"shipping-taxable","17":"purchasable","18":"product-type-simple"},"yoast_head":"<!-- This site is optimized with the Yoast SEO plugin v26.9 - https:\/\/yoast.com\/product\/yoast-seo-wordpress\/ -->\n<title>T\u00d6\u00d6RIISTAK\u00c4RU EINHELL TC-TW 100 - Espak E-pood<\/title>\n<meta name=\"robots\" content=\"index, follow, max-snippet:-1, max-image-preview:large, max-video-preview:-1\" \/>\n<link rel=\"canonical\" href=\"https:\/\/espak.ee\/epood\/toode\/tooriistakaru-einhell-tc-tw-100\/\" \/>\n<meta property=\"og:locale\" content=\"et_EE\" \/>\n<meta property=\"og:type\" content=\"article\" \/>\n<meta property=\"og:title\" content=\"T\u00d6\u00d6RIISTAK\u00c4RU EINHELL TC-TW 100 - Espak E-pood\" \/>\n<meta property=\"og:url\" content=\"https:\/\/espak.ee\/epood\/toode\/tooriistakaru-einhell-tc-tw-100\/\" \/>\n<meta property=\"og:site_name\" content=\"Espak E-pood\" \/>\n<meta property=\"article:modified_time\" content=\"2025-11-11T08:37:04+00:00\" \/>\n<meta property=\"og:image\" content=\"https:\/\/espak.ee\/epood\/wp-content\/uploads\/4510170-EINH-2-1024x1024.jpg\" \/>\n\t<meta property=\"og:image:width\" content=\"1024\" \/>\n\t<meta property=\"og:image:height\" content=\"1024\" \/>\n\t<meta property=\"og:image:type\" content=\"image\/jpeg\" \/>\n<meta name=\"twitter:card\" content=\"summary_large_image\" \/>\n<meta name=\"twitter:label1\" content=\"Est. reading time\" \/>\n\t<meta name=\"twitter:data1\" content=\"1 minut\" \/>\n<script type=\"application\/ld+json\" class=\"yoast-schema-graph\">{\"@context\":\"https:\/\/schema.org\",\"@graph\":[{\"@type\":\"WebPage\",\"@id\":\"https:\/\/espak.ee\/epood\/toode\/tooriistakaru-einhell-tc-tw-100\/\",\"url\":\"https:\/\/espak.ee\/epood\/toode\/tooriistakaru-einhell-tc-tw-100\/\",\"name\":\"T\u00d6\u00d6RIISTAK\u00c4RU EINHELL TC-TW 100 - Espak E-pood\",\"isPartOf\":{\"@id\":\"https:\/\/espak.ee\/epood\/#website\"},\"primaryImageOfPage\":{\"@id\":\"https:\/\/espak.ee\/epood\/toode\/tooriistakaru-einhell-tc-tw-100\/#primaryimage\"},\"image\":{\"@id\":\"https:\/\/espak.ee\/epood\/toode\/tooriistakaru-einhell-tc-tw-100\/#primaryimage\"},\"thumbnailUrl\":\"https:\/\/espak.ee\/epood\/wp-content\/uploads\/4510170-EINH-2.jpg\",\"datePublished\":\"2020-04-18T01:21:17+00:00\",\"dateModified\":\"2025-11-11T08:37:04+00:00\",\"breadcrumb\":{\"@id\":\"https:\/\/espak.ee\/epood\/toode\/tooriistakaru-einhell-tc-tw-100\/#breadcrumb\"},\"inLanguage\":\"et\",\"potentialAction\":[{\"@type\":\"ReadAction\",\"target\":[\"https:\/\/espak.ee\/epood\/toode\/tooriistakaru-einhell-tc-tw-100\/\"]}]},{\"@type\":\"ImageObject\",\"inLanguage\":\"et\",\"@id\":\"https:\/\/espak.ee\/epood\/toode\/tooriistakaru-einhell-tc-tw-100\/#primaryimage\",\"url\":\"https:\/\/espak.ee\/epood\/wp-content\/uploads\/4510170-EINH-2.jpg\",\"contentUrl\":\"https:\/\/espak.ee\/epood\/wp-content\/uploads\/4510170-EINH-2.jpg\",\"width\":1772,\"height\":1772},{\"@type\":\"BreadcrumbList\",\"@id\":\"https:\/\/espak.ee\/epood\/toode\/tooriistakaru-einhell-tc-tw-100\/#breadcrumb\",\"itemListElement\":[{\"@type\":\"ListItem\",\"position\":1,\"name\":\"Home\",\"item\":\"https:\/\/espak.ee\/epood\/\"},{\"@type\":\"ListItem\",\"position\":2,\"name\":\"Tootevalik\",\"item\":\"https:\/\/espak.ee\/epood\/tootevalik\/\"},{\"@type\":\"ListItem\",\"position\":3,\"name\":\"T\u00d6\u00d6RIISTAK\u00c4RU EINHELL TC-TW 100\"}]},{\"@type\":\"WebSite\",\"@id\":\"https:\/\/espak.ee\/epood\/#website\",\"url\":\"https:\/\/espak.ee\/epood\/\",\"name\":\"Espak E-pood\",\"description\":\"\",\"potentialAction\":[{\"@type\":\"SearchAction\",\"target\":{\"@type\":\"EntryPoint\",\"urlTemplate\":\"https:\/\/espak.ee\/epood\/?s={search_term_string}\"},\"query-input\":{\"@type\":\"PropertyValueSpecification\",\"valueRequired\":true,\"valueName\":\"search_term_string\"}}],\"inLanguage\":\"et\"}]}<\/script>\n<!-- \/ Yoast SEO plugin. -->","yoast_head_json":{"title":"T\u00d6\u00d6RIISTAK\u00c4RU EINHELL TC-TW 100 - Espak E-pood","robots":{"index":"index","follow":"follow","max-snippet":"max-snippet:-1","max-image-preview":"max-image-preview:large","max-video-preview":"max-video-preview:-1"},"canonical":"https:\/\/espak.ee\/epood\/toode\/tooriistakaru-einhell-tc-tw-100\/","og_locale":"et_EE","og_type":"article","og_title":"T\u00d6\u00d6RIISTAK\u00c4RU EINHELL TC-TW 100 - Espak E-pood","og_url":"https:\/\/espak.ee\/epood\/toode\/tooriistakaru-einhell-tc-tw-100\/","og_site_name":"Espak E-pood","article_modified_time":"2025-11-11T08:37:04+00:00","og_image":[{"width":1024,"height":1024,"url":"https:\/\/espak.ee\/epood\/wp-content\/uploads\/4510170-EINH-2-1024x1024.jpg","type":"image\/jpeg"}],"twitter_card":"summary_large_image","twitter_misc":{"Est. reading time":"1 minut"},"schema":{"@context":"https:\/\/schema.org","@graph":[{"@type":"WebPage","@id":"https:\/\/espak.ee\/epood\/toode\/tooriistakaru-einhell-tc-tw-100\/","url":"https:\/\/espak.ee\/epood\/toode\/tooriistakaru-einhell-tc-tw-100\/","name":"T\u00d6\u00d6RIISTAK\u00c4RU EINHELL TC-TW 100 - Espak E-pood","isPartOf":{"@id":"https:\/\/espak.ee\/epood\/#website"},"primaryImageOfPage":{"@id":"https:\/\/espak.ee\/epood\/toode\/tooriistakaru-einhell-tc-tw-100\/#primaryimage"},"image":{"@id":"https:\/\/espak.ee\/epood\/toode\/tooriistakaru-einhell-tc-tw-100\/#primaryimage"},"thumbnailUrl":"https:\/\/espak.ee\/epood\/wp-content\/uploads\/4510170-EINH-2.jpg","datePublished":"2020-04-18T01:21:17+00:00","dateModified":"2025-11-11T08:37:04+00:00","breadcrumb":{"@id":"https:\/\/espak.ee\/epood\/toode\/tooriistakaru-einhell-tc-tw-100\/#breadcrumb"},"inLanguage":"et","potentialAction":[{"@type":"ReadAction","target":["https:\/\/espak.ee\/epood\/toode\/tooriistakaru-einhell-tc-tw-100\/"]}]},{"@type":"ImageObject","inLanguage":"et","@id":"https:\/\/espak.ee\/epood\/toode\/tooriistakaru-einhell-tc-tw-100\/#primaryimage","url":"https:\/\/espak.ee\/epood\/wp-content\/uploads\/4510170-EINH-2.jpg","contentUrl":"https:\/\/espak.ee\/epood\/wp-content\/uploads\/4510170-EINH-2.jpg","width":1772,"height":1772},{"@type":"BreadcrumbList","@id":"https:\/\/espak.ee\/epood\/toode\/tooriistakaru-einhell-tc-tw-100\/#breadcrumb","itemListElement":[{"@type":"ListItem","position":1,"name":"Home","item":"https:\/\/espak.ee\/epood\/"},{"@type":"ListItem","position":2,"name":"Tootevalik","item":"https:\/\/espak.ee\/epood\/tootevalik\/"},{"@type":"ListItem","position":3,"name":"T\u00d6\u00d6RIISTAK\u00c4RU EINHELL TC-TW 100"}]},{"@type":"WebSite","@id":"https:\/\/espak.ee\/epood\/#website","url":"https:\/\/espak.ee\/epood\/","name":"Espak E-pood","description":"","potentialAction":[{"@type":"SearchAction","target":{"@type":"EntryPoint","urlTemplate":"https:\/\/espak.ee\/epood\/?s={search_term_string}"},"query-input":{"@type":"PropertyValueSpecification","valueRequired":true,"valueName":"search_term_string"}}],"inLanguage":"et"}]}},"_links":{"self":[{"href":"https:\/\/espak.ee\/epood\/wp-json\/wp\/v2\/product\/21681","targetHints":{"allow":["GET"]}}],"collection":[{"href":"https:\/\/espak.ee\/epood\/wp-json\/wp\/v2\/product"}],"about":[{"href":"https:\/\/espak.ee\/epood\/wp-json\/wp\/v2\/types\/product"}],"replies":[{"embeddable":true,"href":"https:\/\/espak.ee\/epood\/wp-json\/wp\/v2\/comments?post=21681"}],"wp:featuredmedia":[{"embeddable":true,"href":"https:\/\/espak.ee\/epood\/wp-json\/wp\/v2\/media\/36127"}],"wp:attachment":[{"href":"https:\/\/espak.ee\/epood\/wp-json\/wp\/v2\/media?parent=21681"}],"wp:term":[{"taxonomy":"product_brand","embeddable":true,"href":"https:\/\/espak.ee\/epood\/wp-json\/wp\/v2\/product_brand?post=21681"},{"taxonomy":"product_cat","embeddable":true,"href":"https:\/\/espak.ee\/epood\/wp-json\/wp\/v2\/product_cat?post=21681"},{"taxonomy":"product_tag","embeddable":true,"href":"https:\/\/espak.ee\/epood\/wp-json\/wp\/v2\/product_tag?post=21681"}],"curies":[{"name":"wp","href":"https:\/\/api.w.org\/{rel}","templated":true}]}}