{"id":21674,"date":"2020-04-18T04:21:17","date_gmt":"2020-04-18T01:21:17","guid":{"rendered":"https:\/\/espak.ee\/hinnakiri\/?post_type=product&#038;p=21674"},"modified":"2026-01-23T09:06:25","modified_gmt":"2026-01-23T07:06:25","slug":"juhtsiin-einhell-ketassaele-2x1000mm","status":"publish","type":"product","link":"https:\/\/espak.ee\/epood\/toode\/juhtsiin-einhell-ketassaele-2x1000mm\/","title":{"rendered":"JUHTSIIN EINHELL KETASSAELE 2X1000MM"},"content":{"rendered":"<div class=\"row\"  id=\"row-461563001\">\n\n\t<div id=\"col-447352086\" class=\"col medium-9 small-12 large-9\"  >\n\t\t\t\t<div class=\"col-inner\"  >\n\t\t\t\n\t\t\t\n<h2>Juhtsiin<\/h2>\n<p>Alumiiniumist juhtr\u00f6\u00f6bas Einhell 2\u00a0\u00d7\u00a01000\u00a0mm on suurep\u00e4rane t\u00e4iendus k\u00e4es hoitavatele ketassaagidele. See on \u00fchilduv sukelsaega ja Einhell Expert sarja ketassaagidega. Alumiiniumist juhtr\u00f6\u00f6bas lihtsustab t\u00e4psete ja sirgete l\u00f5ikuste tegemist ja tagab lisaohutuse. Juhtr\u00f6\u00f6pa abil on v\u00f5imalikud isegi kaldl\u00f5ikused. Liugvooder toetab kasutatavate masinate sujuvat t\u00f6\u00f6d. Puhaste l\u00f5igete tegemiseks on lisaks olemas laastukaitse. R\u00f6\u00f6pa kahe osa laitmatu sirguse tagamiseks on olemas \u00fchenduselement. Mittelibiseval alusk\u00fcljel on haarderibad. T\u00e4nu alumiiniumist juhtr\u00f6\u00f6pale Einhell 2\u00a0\u00d7\u00a01000\u00a0mm saab teha puhtaid ja kvaliteetseid l\u00f5ikeid, j\u00e4rgides kasutaja ohutusn\u00f5udeid.<\/p>\n<div class=\"message-box relative\" style=\"padding-top:15px;padding-bottom:15px;\"><div class=\"message-box-bg-image bg-fill fill\" ><\/div><div class=\"message-box-bg-overlay bg-fill fill\" ><\/div><div class=\"container relative\"><div class=\"inner last-reset\">\n<div class=\"row align-middle align-center\"  id=\"row-685307420\">\n\n\t<div id=\"col-1543327473\" class=\"col small-12 large-12\"  >\n\t\t\t\t<div class=\"col-inner text-left\"  >\n\t\t\t\n\t\t\t\n<h4>Omadused<\/h4>\n<div class=\"row\"  id=\"row-93806137\">\n\n\t<div id=\"col-974293039\" class=\"col medium-6 small-12 large-6\"  >\n\t\t\t\t<div class=\"col-inner\"  >\n\t\t\t\n\t\t\t\n<p><i class=\"fa fa-check fa-2x\"><\/i> <strong>Sirgeteks ja t\u00e4pseteks l\u00f5ikusteks, sh nurkl\u00f5ikusteks<\/strong><\/p>\n<p><i class=\"fa fa-check fa-2x\"><\/i> <strong>Liugvooder masinate sujuvaks t\u00f6\u00f6ks<\/strong><\/p>\n\t\t<\/div>\n\t\t\t\t\n<style>\n#col-974293039 > .col-inner {\n  margin: 0px 0px 15px 0px;\n}\n<\/style>\n\t<\/div>\n\n\t\n\n\t<div id=\"col-28413413\" class=\"col medium-6 small-12 large-6\"  >\n\t\t\t\t<div class=\"col-inner\"  >\n\t\t\t\n\t\t\t\n<p><i class=\"fa fa-check fa-2x\"><\/i> <strong>Laastukaitse puhasteks l\u00f5ikusteks<\/strong><\/p>\n<p><i class=\"fa fa-check fa-2x\"><\/i> <strong>\u00dchenduselement tagab r\u00f6\u00f6baste laitmatu sirguse<\/strong><\/p>\n\t\t<\/div>\n\t\t\t\t\n<style>\n#col-28413413 > .col-inner {\n  margin: 0px 0px 15px 0px;\n}\n<\/style>\n\t<\/div>\n\n\t\n<\/div>\n\t\t<\/div>\n\t\t\t\t\t<\/div>\n\n\t\n<\/div>\n<\/div><\/div><\/div>\n\t<div id=\"gap-1401191924\" class=\"gap-element clearfix\" style=\"display:block; height:auto;\">\n\t\t\n<style>\n#gap-1401191924 {\n  padding-top: 30px;\n}\n<\/style>\n\t<\/div>\n\t\n\t\t<\/div>\n\t\t\t\t\t<\/div>\n\n\t\n\n\t<div id=\"col-1359999816\" class=\"col medium-3 small-12 large-3\"  >\n\t\t\t\t<div class=\"col-inner\"  >\n\t\t\t\n\t\t\t\n\t<div id=\"gap-1713347411\" class=\"gap-element clearfix\" style=\"display:block; height:auto;\">\n\t\t\n<style>\n#gap-1713347411 {\n  padding-top: 30px;\n}\n<\/style>\n\t<\/div>\n\t\n<div class=\"is-divider divider clearfix\" ><\/div>\n<p><strong>\u00dcksikasjalikuma n\u00f5u saamiseks v\u00f5tke \u00fchendust:<br \/><\/strong>Espak AS<br \/>Viadukti 42<br \/>11313<br \/>Tallinn<br \/>+372 6 512333<\/p>\n<div class=\"is-divider divider clearfix\" ><\/div>\n\t\t<\/div>\n\t\t\t\t\t<\/div>\n\n\t\n<\/div>\n","protected":false},"excerpt":{"rendered":"","protected":false},"featured_media":43660,"comment_status":"closed","ping_status":"closed","template":"","meta":[],"product_brand":[],"product_cat":[2739,2680,2763,2679],"product_tag":[],"class_list":{"0":"post-21674","1":"product","2":"type-product","3":"status-publish","4":"has-post-thumbnail","6":"product_cat-elektrikasitooriistad","7":"product_cat-elektritooriistad","8":"product_cat-elektritooriistade-tarvikud","9":"product_cat-tooriistad","10":"pa_kaubamark-einhell","12":"first","13":"instock","14":"sale","15":"taxable","16":"shipping-taxable","17":"purchasable","18":"product-type-simple"},"yoast_head":"<!-- This site is optimized with the Yoast SEO plugin v26.9 - https:\/\/yoast.com\/product\/yoast-seo-wordpress\/ -->\n<title>JUHTSIIN EINHELL KETASSAELE 2X1000MM - Espak E-pood<\/title>\n<meta name=\"robots\" content=\"index, follow, max-snippet:-1, max-image-preview:large, max-video-preview:-1\" \/>\n<link rel=\"canonical\" href=\"https:\/\/espak.ee\/epood\/toode\/juhtsiin-einhell-ketassaele-2x1000mm\/\" \/>\n<meta property=\"og:locale\" content=\"et_EE\" \/>\n<meta property=\"og:type\" content=\"article\" \/>\n<meta property=\"og:title\" content=\"JUHTSIIN EINHELL KETASSAELE 2X1000MM - Espak E-pood\" \/>\n<meta property=\"og:url\" content=\"https:\/\/espak.ee\/epood\/toode\/juhtsiin-einhell-ketassaele-2x1000mm\/\" \/>\n<meta property=\"og:site_name\" content=\"Espak E-pood\" \/>\n<meta property=\"article:modified_time\" content=\"2026-01-23T07:06:25+00:00\" \/>\n<meta property=\"og:image\" content=\"https:\/\/espak.ee\/epood\/wp-content\/uploads\/4502118-EINH.jpg\" \/>\n\t<meta property=\"og:image:width\" content=\"1772\" \/>\n\t<meta property=\"og:image:height\" content=\"1772\" \/>\n\t<meta property=\"og:image:type\" content=\"image\/jpeg\" \/>\n<meta name=\"twitter:card\" content=\"summary_large_image\" \/>\n<meta name=\"twitter:label1\" content=\"Est. reading time\" \/>\n\t<meta name=\"twitter:data1\" content=\"1 minut\" \/>\n<script type=\"application\/ld+json\" class=\"yoast-schema-graph\">{\"@context\":\"https:\/\/schema.org\",\"@graph\":[{\"@type\":\"WebPage\",\"@id\":\"https:\/\/espak.ee\/epood\/toode\/juhtsiin-einhell-ketassaele-2x1000mm\/\",\"url\":\"https:\/\/espak.ee\/epood\/toode\/juhtsiin-einhell-ketassaele-2x1000mm\/\",\"name\":\"JUHTSIIN EINHELL KETASSAELE 2X1000MM - Espak E-pood\",\"isPartOf\":{\"@id\":\"https:\/\/espak.ee\/epood\/#website\"},\"primaryImageOfPage\":{\"@id\":\"https:\/\/espak.ee\/epood\/toode\/juhtsiin-einhell-ketassaele-2x1000mm\/#primaryimage\"},\"image\":{\"@id\":\"https:\/\/espak.ee\/epood\/toode\/juhtsiin-einhell-ketassaele-2x1000mm\/#primaryimage\"},\"thumbnailUrl\":\"https:\/\/espak.ee\/epood\/wp-content\/uploads\/4502118-EINH.jpg\",\"datePublished\":\"2020-04-18T01:21:17+00:00\",\"dateModified\":\"2026-01-23T07:06:25+00:00\",\"breadcrumb\":{\"@id\":\"https:\/\/espak.ee\/epood\/toode\/juhtsiin-einhell-ketassaele-2x1000mm\/#breadcrumb\"},\"inLanguage\":\"et\",\"potentialAction\":[{\"@type\":\"ReadAction\",\"target\":[\"https:\/\/espak.ee\/epood\/toode\/juhtsiin-einhell-ketassaele-2x1000mm\/\"]}]},{\"@type\":\"ImageObject\",\"inLanguage\":\"et\",\"@id\":\"https:\/\/espak.ee\/epood\/toode\/juhtsiin-einhell-ketassaele-2x1000mm\/#primaryimage\",\"url\":\"https:\/\/espak.ee\/epood\/wp-content\/uploads\/4502118-EINH.jpg\",\"contentUrl\":\"https:\/\/espak.ee\/epood\/wp-content\/uploads\/4502118-EINH.jpg\",\"width\":1772,\"height\":1772},{\"@type\":\"BreadcrumbList\",\"@id\":\"https:\/\/espak.ee\/epood\/toode\/juhtsiin-einhell-ketassaele-2x1000mm\/#breadcrumb\",\"itemListElement\":[{\"@type\":\"ListItem\",\"position\":1,\"name\":\"Home\",\"item\":\"https:\/\/espak.ee\/epood\/\"},{\"@type\":\"ListItem\",\"position\":2,\"name\":\"Tootevalik\",\"item\":\"https:\/\/espak.ee\/epood\/tootevalik\/\"},{\"@type\":\"ListItem\",\"position\":3,\"name\":\"JUHTSIIN EINHELL KETASSAELE 2X1000MM\"}]},{\"@type\":\"WebSite\",\"@id\":\"https:\/\/espak.ee\/epood\/#website\",\"url\":\"https:\/\/espak.ee\/epood\/\",\"name\":\"Espak E-pood\",\"description\":\"\",\"potentialAction\":[{\"@type\":\"SearchAction\",\"target\":{\"@type\":\"EntryPoint\",\"urlTemplate\":\"https:\/\/espak.ee\/epood\/?s={search_term_string}\"},\"query-input\":{\"@type\":\"PropertyValueSpecification\",\"valueRequired\":true,\"valueName\":\"search_term_string\"}}],\"inLanguage\":\"et\"}]}<\/script>\n<!-- \/ Yoast SEO plugin. -->","yoast_head_json":{"title":"JUHTSIIN EINHELL KETASSAELE 2X1000MM - Espak E-pood","robots":{"index":"index","follow":"follow","max-snippet":"max-snippet:-1","max-image-preview":"max-image-preview:large","max-video-preview":"max-video-preview:-1"},"canonical":"https:\/\/espak.ee\/epood\/toode\/juhtsiin-einhell-ketassaele-2x1000mm\/","og_locale":"et_EE","og_type":"article","og_title":"JUHTSIIN EINHELL KETASSAELE 2X1000MM - Espak E-pood","og_url":"https:\/\/espak.ee\/epood\/toode\/juhtsiin-einhell-ketassaele-2x1000mm\/","og_site_name":"Espak E-pood","article_modified_time":"2026-01-23T07:06:25+00:00","og_image":[{"width":1772,"height":1772,"url":"https:\/\/espak.ee\/epood\/wp-content\/uploads\/4502118-EINH.jpg","type":"image\/jpeg"}],"twitter_card":"summary_large_image","twitter_misc":{"Est. reading time":"1 minut"},"schema":{"@context":"https:\/\/schema.org","@graph":[{"@type":"WebPage","@id":"https:\/\/espak.ee\/epood\/toode\/juhtsiin-einhell-ketassaele-2x1000mm\/","url":"https:\/\/espak.ee\/epood\/toode\/juhtsiin-einhell-ketassaele-2x1000mm\/","name":"JUHTSIIN EINHELL KETASSAELE 2X1000MM - Espak E-pood","isPartOf":{"@id":"https:\/\/espak.ee\/epood\/#website"},"primaryImageOfPage":{"@id":"https:\/\/espak.ee\/epood\/toode\/juhtsiin-einhell-ketassaele-2x1000mm\/#primaryimage"},"image":{"@id":"https:\/\/espak.ee\/epood\/toode\/juhtsiin-einhell-ketassaele-2x1000mm\/#primaryimage"},"thumbnailUrl":"https:\/\/espak.ee\/epood\/wp-content\/uploads\/4502118-EINH.jpg","datePublished":"2020-04-18T01:21:17+00:00","dateModified":"2026-01-23T07:06:25+00:00","breadcrumb":{"@id":"https:\/\/espak.ee\/epood\/toode\/juhtsiin-einhell-ketassaele-2x1000mm\/#breadcrumb"},"inLanguage":"et","potentialAction":[{"@type":"ReadAction","target":["https:\/\/espak.ee\/epood\/toode\/juhtsiin-einhell-ketassaele-2x1000mm\/"]}]},{"@type":"ImageObject","inLanguage":"et","@id":"https:\/\/espak.ee\/epood\/toode\/juhtsiin-einhell-ketassaele-2x1000mm\/#primaryimage","url":"https:\/\/espak.ee\/epood\/wp-content\/uploads\/4502118-EINH.jpg","contentUrl":"https:\/\/espak.ee\/epood\/wp-content\/uploads\/4502118-EINH.jpg","width":1772,"height":1772},{"@type":"BreadcrumbList","@id":"https:\/\/espak.ee\/epood\/toode\/juhtsiin-einhell-ketassaele-2x1000mm\/#breadcrumb","itemListElement":[{"@type":"ListItem","position":1,"name":"Home","item":"https:\/\/espak.ee\/epood\/"},{"@type":"ListItem","position":2,"name":"Tootevalik","item":"https:\/\/espak.ee\/epood\/tootevalik\/"},{"@type":"ListItem","position":3,"name":"JUHTSIIN EINHELL KETASSAELE 2X1000MM"}]},{"@type":"WebSite","@id":"https:\/\/espak.ee\/epood\/#website","url":"https:\/\/espak.ee\/epood\/","name":"Espak E-pood","description":"","potentialAction":[{"@type":"SearchAction","target":{"@type":"EntryPoint","urlTemplate":"https:\/\/espak.ee\/epood\/?s={search_term_string}"},"query-input":{"@type":"PropertyValueSpecification","valueRequired":true,"valueName":"search_term_string"}}],"inLanguage":"et"}]}},"_links":{"self":[{"href":"https:\/\/espak.ee\/epood\/wp-json\/wp\/v2\/product\/21674","targetHints":{"allow":["GET"]}}],"collection":[{"href":"https:\/\/espak.ee\/epood\/wp-json\/wp\/v2\/product"}],"about":[{"href":"https:\/\/espak.ee\/epood\/wp-json\/wp\/v2\/types\/product"}],"replies":[{"embeddable":true,"href":"https:\/\/espak.ee\/epood\/wp-json\/wp\/v2\/comments?post=21674"}],"wp:featuredmedia":[{"embeddable":true,"href":"https:\/\/espak.ee\/epood\/wp-json\/wp\/v2\/media\/43660"}],"wp:attachment":[{"href":"https:\/\/espak.ee\/epood\/wp-json\/wp\/v2\/media?parent=21674"}],"wp:term":[{"taxonomy":"product_brand","embeddable":true,"href":"https:\/\/espak.ee\/epood\/wp-json\/wp\/v2\/product_brand?post=21674"},{"taxonomy":"product_cat","embeddable":true,"href":"https:\/\/espak.ee\/epood\/wp-json\/wp\/v2\/product_cat?post=21674"},{"taxonomy":"product_tag","embeddable":true,"href":"https:\/\/espak.ee\/epood\/wp-json\/wp\/v2\/product_tag?post=21674"}],"curies":[{"name":"wp","href":"https:\/\/api.w.org\/{rel}","templated":true}]}}