{"id":21671,"date":"2020-04-18T04:21:12","date_gmt":"2020-04-18T01:21:12","guid":{"rendered":"https:\/\/espak.ee\/hinnakiri\/?post_type=product&#038;p=21671"},"modified":"2025-11-25T17:07:02","modified_gmt":"2025-11-25T15:07:02","slug":"akukettsaag-einhell-ge-lc-18-li-solo","status":"publish","type":"product","link":"https:\/\/espak.ee\/epood\/toode\/akukettsaag-einhell-ge-lc-18-li-solo\/","title":{"rendered":"AKUKETTSAAG EINHELL GE-LC 18 LI SOLO"},"content":{"rendered":"<div class=\"row\"  id=\"row-1305821013\">\n\n\t<div id=\"col-67892462\" class=\"col medium-9 small-12 large-9\"  >\n\t\t\t\t<div class=\"col-inner\"  >\n\t\t\t\n\t\t\t\n<h2>Akukettsaag<\/h2>\n<p>Akukettsae Einhell GE-LC 18 Li SOLO n\u00e4ol saate Einhelli toote silmapaistva kvaliteedi koos Oregoni l\u00f5ikamistulemustega. Kvaliteetse Oregoni juhtplaadi ja ketiga akukettsaag on kasutajas\u00f5bralik, vastupidav ja ohutu t\u00f6\u00f6riist. See t\u00f6\u00f6kindel ja k\u00e4ep\u00e4rane kettsaag sobib ideaalselt v\u00e4ikeste ja keskmise suurusega puude p\u00fcgamiseks v\u00f5i langetamiseks, k\u00fcttepuude valmistamiseks ja ehituspuidu m\u00f5\u00f5tu l\u00f5ikamiseks v\u00f5i t\u00fckeldamiseks. Einhelli akukettsaag on ohutu ja aiat\u00f6\u00f6del lihtsalt kasutatav. Kettsaega t\u00f6\u00f6tamise ajal kaitsevad teid tagasil\u00f6\u00f6gikaitse ja kiire reageerimisega mehaaniline ketipidur. Tagasil\u00f6\u00f6gi korral peatub kett hetkega. Piirdes\u00f5rm hoiab ketti juhtlati soonest v\u00e4lja h\u00fcppamise korral. Tugevad metallk\u00fc\u00fcnised hoiavad saagi paigal, et tagada teile ohutus ja t\u00f6\u00f6mugavus. Ergonoomiline k\u00e4epide tagab Einhelli akukettsae kindla ja mugava haarde. Keti vahetamiseks v\u00f5i pinguse seadmiseks pole vaja mingeid t\u00f6\u00f6riistu. Ketti m\u00e4\u00e4ritakse automaatselt. Suure t\u00e4iteavaga \u00f5lipaaki saab tankida ilma lehtrita. Toode tarnitakse akuta ja akulaadurita.<\/p>\n<div class=\"message-box relative\" style=\"padding-top:15px;padding-bottom:15px;\"><div class=\"message-box-bg-image bg-fill fill\" ><\/div><div class=\"message-box-bg-overlay bg-fill fill\" ><\/div><div class=\"container relative\"><div class=\"inner last-reset\">\n<div class=\"row align-middle align-center\"  id=\"row-1540627201\">\n\n\t<div id=\"col-172204632\" class=\"col small-12 large-12\"  >\n\t\t\t\t<div class=\"col-inner text-left\"  >\n\t\t\t\n\t\t\t\n<h4>Omadused<\/h4>\n<div class=\"row\"  id=\"row-71774158\">\n\n\t<div id=\"col-798520707\" class=\"col medium-6 small-12 large-6\"  >\n\t\t\t\t<div class=\"col-inner\"  >\n\t\t\t\n\t\t\t\n<p><i class=\"fa fa-check fa-2x\"><\/i> <strong>Kvaliteetsed Oregoni saekett ja juhtlatt<\/strong><\/p>\n<p><i class=\"fa fa-check fa-2x\"><\/i> <strong>T\u00f6\u00f6riistavaba ketipingutus ja -vahetus<\/strong><\/p>\n\t\t<\/div>\n\t\t\t\t\n<style>\n#col-798520707 > .col-inner {\n  margin: 0px 0px 15px 0px;\n}\n<\/style>\n\t<\/div>\n\n\t\n\n\t<div id=\"col-1230612722\" class=\"col medium-6 small-12 large-6\"  >\n\t\t\t\t<div class=\"col-inner\"  >\n\t\t\t\n\t\t\t\n<p><i class=\"fa fa-check fa-2x\"><\/i> <strong>Ergonoomiline k\u00e4epide<\/strong><\/p>\n<p><i class=\"fa fa-check fa-2x\"><\/i> <strong>Tugevad metallist t\u00f5kisk\u00fc\u00fcnised<\/strong><\/p>\n\t\t<\/div>\n\t\t\t\t\n<style>\n#col-1230612722 > .col-inner {\n  margin: 0px 0px 15px 0px;\n}\n<\/style>\n\t<\/div>\n\n\t\n<\/div>\n\t\t<\/div>\n\t\t\t\t\t<\/div>\n\n\t\n<\/div>\n<\/div><\/div><\/div>\n\t<div id=\"gap-958341058\" class=\"gap-element clearfix\" style=\"display:block; height:auto;\">\n\t\t\n<style>\n#gap-958341058 {\n  padding-top: 30px;\n}\n<\/style>\n\t<\/div>\n\t\n\t\t<\/div>\n\t\t\t\t\t<\/div>\n\n\t\n\n\t<div id=\"col-149073811\" class=\"col medium-3 small-12 large-3\"  >\n\t\t\t\t<div class=\"col-inner\"  >\n\t\t\t\n\t\t\t\n<img decoding=\"async\" src=\"https:\/\/espak.ee\/epood\/wp-content\/uploads\/2020\/04\/Power-x-change-logo.jpg\" alt=\"\" width=\"1772\" height=\"343\" class=\"alignnone size-full wp-image-97311\" srcset=\"https:\/\/espak.ee\/epood\/wp-content\/uploads\/2020\/04\/Power-x-change-logo.jpg 1772w, https:\/\/espak.ee\/epood\/wp-content\/uploads\/2020\/04\/Power-x-change-logo-500x97.jpg 500w, https:\/\/espak.ee\/epood\/wp-content\/uploads\/2020\/04\/Power-x-change-logo-769x149.jpg 769w, https:\/\/espak.ee\/epood\/wp-content\/uploads\/2020\/04\/Power-x-change-logo-300x58.jpg 300w, https:\/\/espak.ee\/epood\/wp-content\/uploads\/2020\/04\/Power-x-change-logo-1024x198.jpg 1024w, https:\/\/espak.ee\/epood\/wp-content\/uploads\/2020\/04\/Power-x-change-logo-150x29.jpg 150w, https:\/\/espak.ee\/epood\/wp-content\/uploads\/2020\/04\/Power-x-change-logo-768x149.jpg 768w, https:\/\/espak.ee\/epood\/wp-content\/uploads\/2020\/04\/Power-x-change-logo-1536x297.jpg 1536w\" sizes=\"(max-width: 1772px) 100vw, 1772px\" \/><br \/>\n<div class=\"is-divider divider clearfix\" ><\/div>\n<h3>Kasutusjuhend<\/h3>\n<p><a href=\"https:\/\/espak.ee\/epood\/wp-content\/uploads\/Akukettsaag-ge-lc-18-li-solo-4501761.pdf\" target=\"_blank\" rel=\"noopener noreferrer\"><i class=\"far fa-file-pdf\"><\/i> Kasutusjuhend (PDF)<\/a><\/p>\n<div class=\"is-divider divider clearfix\" ><\/div>\n<p><strong>\u00dcksikasjalikuma n\u00f5u saamiseks v\u00f5tke \u00fchendust:<br \/><\/strong>Espak AS<br \/>Viadukti 42<br \/>11313<br \/>Tallinn<br \/>+372 6 512333<\/p>\n<div class=\"is-divider divider clearfix\" ><\/div>\n\t\t<\/div>\n\t\t\t\t\t<\/div>\n\n\t\n<\/div>\n","protected":false},"excerpt":{"rendered":"","protected":false},"featured_media":36070,"comment_status":"closed","ping_status":"closed","template":"","meta":[],"product_brand":[],"product_cat":[2789,2788,2790,2791],"product_tag":[],"class_list":{"0":"post-21671","1":"product","2":"type-product","3":"status-publish","4":"has-post-thumbnail","6":"product_cat-aiatarbed","7":"product_cat-aiatarbed-ja-kodukaubad","8":"product_cat-aiatehnika","9":"product_cat-akutooriistad-aiaosakonnas","10":"pa_kaubamark-einhell","12":"first","13":"outofstock","14":"sale","15":"taxable","16":"shipping-taxable","17":"purchasable","18":"product-type-simple"},"yoast_head":"<!-- This site is optimized with the Yoast SEO plugin v26.9 - https:\/\/yoast.com\/product\/yoast-seo-wordpress\/ -->\n<title>AKUKETTSAAG EINHELL GE-LC 18 LI SOLO - Espak E-pood<\/title>\n<meta name=\"robots\" content=\"index, follow, max-snippet:-1, max-image-preview:large, max-video-preview:-1\" \/>\n<link rel=\"canonical\" href=\"https:\/\/espak.ee\/epood\/toode\/akukettsaag-einhell-ge-lc-18-li-solo\/\" \/>\n<meta property=\"og:locale\" content=\"et_EE\" \/>\n<meta property=\"og:type\" content=\"article\" \/>\n<meta property=\"og:title\" content=\"AKUKETTSAAG EINHELL GE-LC 18 LI SOLO - Espak E-pood\" \/>\n<meta property=\"og:url\" content=\"https:\/\/espak.ee\/epood\/toode\/akukettsaag-einhell-ge-lc-18-li-solo\/\" \/>\n<meta property=\"og:site_name\" content=\"Espak E-pood\" \/>\n<meta property=\"article:modified_time\" content=\"2025-11-25T15:07:02+00:00\" \/>\n<meta property=\"og:image\" content=\"https:\/\/espak.ee\/epood\/wp-content\/uploads\/4501761-EINH-5.jpg\" \/>\n\t<meta property=\"og:image:width\" content=\"1772\" \/>\n\t<meta property=\"og:image:height\" content=\"1772\" \/>\n\t<meta property=\"og:image:type\" content=\"image\/jpeg\" \/>\n<meta name=\"twitter:card\" content=\"summary_large_image\" \/>\n<meta name=\"twitter:label1\" content=\"Est. reading time\" \/>\n\t<meta name=\"twitter:data1\" content=\"1 minut\" \/>\n<script type=\"application\/ld+json\" class=\"yoast-schema-graph\">{\"@context\":\"https:\/\/schema.org\",\"@graph\":[{\"@type\":\"WebPage\",\"@id\":\"https:\/\/espak.ee\/epood\/toode\/akukettsaag-einhell-ge-lc-18-li-solo\/\",\"url\":\"https:\/\/espak.ee\/epood\/toode\/akukettsaag-einhell-ge-lc-18-li-solo\/\",\"name\":\"AKUKETTSAAG EINHELL GE-LC 18 LI SOLO - Espak E-pood\",\"isPartOf\":{\"@id\":\"https:\/\/espak.ee\/epood\/#website\"},\"primaryImageOfPage\":{\"@id\":\"https:\/\/espak.ee\/epood\/toode\/akukettsaag-einhell-ge-lc-18-li-solo\/#primaryimage\"},\"image\":{\"@id\":\"https:\/\/espak.ee\/epood\/toode\/akukettsaag-einhell-ge-lc-18-li-solo\/#primaryimage\"},\"thumbnailUrl\":\"https:\/\/espak.ee\/epood\/wp-content\/uploads\/4501761-EINH-5.jpg\",\"datePublished\":\"2020-04-18T01:21:12+00:00\",\"dateModified\":\"2025-11-25T15:07:02+00:00\",\"breadcrumb\":{\"@id\":\"https:\/\/espak.ee\/epood\/toode\/akukettsaag-einhell-ge-lc-18-li-solo\/#breadcrumb\"},\"inLanguage\":\"et\",\"potentialAction\":[{\"@type\":\"ReadAction\",\"target\":[\"https:\/\/espak.ee\/epood\/toode\/akukettsaag-einhell-ge-lc-18-li-solo\/\"]}]},{\"@type\":\"ImageObject\",\"inLanguage\":\"et\",\"@id\":\"https:\/\/espak.ee\/epood\/toode\/akukettsaag-einhell-ge-lc-18-li-solo\/#primaryimage\",\"url\":\"https:\/\/espak.ee\/epood\/wp-content\/uploads\/4501761-EINH-5.jpg\",\"contentUrl\":\"https:\/\/espak.ee\/epood\/wp-content\/uploads\/4501761-EINH-5.jpg\",\"width\":1772,\"height\":1772},{\"@type\":\"BreadcrumbList\",\"@id\":\"https:\/\/espak.ee\/epood\/toode\/akukettsaag-einhell-ge-lc-18-li-solo\/#breadcrumb\",\"itemListElement\":[{\"@type\":\"ListItem\",\"position\":1,\"name\":\"Home\",\"item\":\"https:\/\/espak.ee\/epood\/\"},{\"@type\":\"ListItem\",\"position\":2,\"name\":\"Tootevalik\",\"item\":\"https:\/\/espak.ee\/epood\/tootevalik\/\"},{\"@type\":\"ListItem\",\"position\":3,\"name\":\"AKUKETTSAAG EINHELL GE-LC 18 LI SOLO\"}]},{\"@type\":\"WebSite\",\"@id\":\"https:\/\/espak.ee\/epood\/#website\",\"url\":\"https:\/\/espak.ee\/epood\/\",\"name\":\"Espak E-pood\",\"description\":\"\",\"potentialAction\":[{\"@type\":\"SearchAction\",\"target\":{\"@type\":\"EntryPoint\",\"urlTemplate\":\"https:\/\/espak.ee\/epood\/?s={search_term_string}\"},\"query-input\":{\"@type\":\"PropertyValueSpecification\",\"valueRequired\":true,\"valueName\":\"search_term_string\"}}],\"inLanguage\":\"et\"}]}<\/script>\n<!-- \/ Yoast SEO plugin. -->","yoast_head_json":{"title":"AKUKETTSAAG EINHELL GE-LC 18 LI SOLO - Espak E-pood","robots":{"index":"index","follow":"follow","max-snippet":"max-snippet:-1","max-image-preview":"max-image-preview:large","max-video-preview":"max-video-preview:-1"},"canonical":"https:\/\/espak.ee\/epood\/toode\/akukettsaag-einhell-ge-lc-18-li-solo\/","og_locale":"et_EE","og_type":"article","og_title":"AKUKETTSAAG EINHELL GE-LC 18 LI SOLO - Espak E-pood","og_url":"https:\/\/espak.ee\/epood\/toode\/akukettsaag-einhell-ge-lc-18-li-solo\/","og_site_name":"Espak E-pood","article_modified_time":"2025-11-25T15:07:02+00:00","og_image":[{"width":1772,"height":1772,"url":"https:\/\/espak.ee\/epood\/wp-content\/uploads\/4501761-EINH-5.jpg","type":"image\/jpeg"}],"twitter_card":"summary_large_image","twitter_misc":{"Est. reading time":"1 minut"},"schema":{"@context":"https:\/\/schema.org","@graph":[{"@type":"WebPage","@id":"https:\/\/espak.ee\/epood\/toode\/akukettsaag-einhell-ge-lc-18-li-solo\/","url":"https:\/\/espak.ee\/epood\/toode\/akukettsaag-einhell-ge-lc-18-li-solo\/","name":"AKUKETTSAAG EINHELL GE-LC 18 LI SOLO - Espak E-pood","isPartOf":{"@id":"https:\/\/espak.ee\/epood\/#website"},"primaryImageOfPage":{"@id":"https:\/\/espak.ee\/epood\/toode\/akukettsaag-einhell-ge-lc-18-li-solo\/#primaryimage"},"image":{"@id":"https:\/\/espak.ee\/epood\/toode\/akukettsaag-einhell-ge-lc-18-li-solo\/#primaryimage"},"thumbnailUrl":"https:\/\/espak.ee\/epood\/wp-content\/uploads\/4501761-EINH-5.jpg","datePublished":"2020-04-18T01:21:12+00:00","dateModified":"2025-11-25T15:07:02+00:00","breadcrumb":{"@id":"https:\/\/espak.ee\/epood\/toode\/akukettsaag-einhell-ge-lc-18-li-solo\/#breadcrumb"},"inLanguage":"et","potentialAction":[{"@type":"ReadAction","target":["https:\/\/espak.ee\/epood\/toode\/akukettsaag-einhell-ge-lc-18-li-solo\/"]}]},{"@type":"ImageObject","inLanguage":"et","@id":"https:\/\/espak.ee\/epood\/toode\/akukettsaag-einhell-ge-lc-18-li-solo\/#primaryimage","url":"https:\/\/espak.ee\/epood\/wp-content\/uploads\/4501761-EINH-5.jpg","contentUrl":"https:\/\/espak.ee\/epood\/wp-content\/uploads\/4501761-EINH-5.jpg","width":1772,"height":1772},{"@type":"BreadcrumbList","@id":"https:\/\/espak.ee\/epood\/toode\/akukettsaag-einhell-ge-lc-18-li-solo\/#breadcrumb","itemListElement":[{"@type":"ListItem","position":1,"name":"Home","item":"https:\/\/espak.ee\/epood\/"},{"@type":"ListItem","position":2,"name":"Tootevalik","item":"https:\/\/espak.ee\/epood\/tootevalik\/"},{"@type":"ListItem","position":3,"name":"AKUKETTSAAG EINHELL GE-LC 18 LI SOLO"}]},{"@type":"WebSite","@id":"https:\/\/espak.ee\/epood\/#website","url":"https:\/\/espak.ee\/epood\/","name":"Espak E-pood","description":"","potentialAction":[{"@type":"SearchAction","target":{"@type":"EntryPoint","urlTemplate":"https:\/\/espak.ee\/epood\/?s={search_term_string}"},"query-input":{"@type":"PropertyValueSpecification","valueRequired":true,"valueName":"search_term_string"}}],"inLanguage":"et"}]}},"_links":{"self":[{"href":"https:\/\/espak.ee\/epood\/wp-json\/wp\/v2\/product\/21671","targetHints":{"allow":["GET"]}}],"collection":[{"href":"https:\/\/espak.ee\/epood\/wp-json\/wp\/v2\/product"}],"about":[{"href":"https:\/\/espak.ee\/epood\/wp-json\/wp\/v2\/types\/product"}],"replies":[{"embeddable":true,"href":"https:\/\/espak.ee\/epood\/wp-json\/wp\/v2\/comments?post=21671"}],"wp:featuredmedia":[{"embeddable":true,"href":"https:\/\/espak.ee\/epood\/wp-json\/wp\/v2\/media\/36070"}],"wp:attachment":[{"href":"https:\/\/espak.ee\/epood\/wp-json\/wp\/v2\/media?parent=21671"}],"wp:term":[{"taxonomy":"product_brand","embeddable":true,"href":"https:\/\/espak.ee\/epood\/wp-json\/wp\/v2\/product_brand?post=21671"},{"taxonomy":"product_cat","embeddable":true,"href":"https:\/\/espak.ee\/epood\/wp-json\/wp\/v2\/product_cat?post=21671"},{"taxonomy":"product_tag","embeddable":true,"href":"https:\/\/espak.ee\/epood\/wp-json\/wp\/v2\/product_tag?post=21671"}],"curies":[{"name":"wp","href":"https:\/\/api.w.org\/{rel}","templated":true}]}}