{"id":21660,"date":"2020-04-18T04:21:07","date_gmt":"2020-04-18T01:21:07","guid":{"rendered":"https:\/\/espak.ee\/hinnakiri\/?post_type=product&#038;p=21660"},"modified":"2026-03-29T20:09:12","modified_gmt":"2026-03-29T17:09:12","slug":"lintlihvija-einhell-4466260-tc-bs-8038","status":"publish","type":"product","link":"https:\/\/espak.ee\/epood\/toode\/lintlihvija-einhell-4466260-tc-bs-8038\/","title":{"rendered":"LINTLIHVIJA EINHELL TC-BS 8038"},"content":{"rendered":"<div class=\"row\"  id=\"row-1564264363\">\n\n\t<div id=\"col-290872432\" class=\"col medium-9 small-12 large-9\"  >\n\t\t\t\t<div class=\"col-inner\"  >\n\t\t\t\n\t\t\t\n<div class=\"message-box relative\" style=\"padding-top:15px;padding-bottom:15px;\"><div class=\"message-box-bg-image bg-fill fill\" ><\/div><div class=\"message-box-bg-overlay bg-fill fill\" ><\/div><div class=\"container relative\"><div class=\"inner last-reset\">\n<div class=\"row align-middle align-center\"  id=\"row-441127137\">\n\n\t<div id=\"col-2111920630\" class=\"col small-12 large-12\"  >\n\t\t\t\t<div class=\"col-inner text-left\"  >\n\t\t\t\n\t\t\t\n<h4>Omadused<\/h4>\n<div class=\"row\"  id=\"row-558453186\">\n\n\t<div id=\"col-1911341717\" class=\"col medium-6 small-12 large-6\"  >\n\t\t\t\t<div class=\"col-inner\"  >\n\t\t\t\n\t\t\t\n<p><i class=\"far fa-check-circle fa-2x\"><\/i><strong>\u00a0Suur lihvimisj\u00f5udlusega v\u00f5imas lintlihvija <\/strong><\/p>\n<p><i class=\"far fa-check-circle fa-2x\"><\/i><strong> Lihvlindi t\u00e4pne paigutus t\u00e4ppisseadistuse abil\u00a0<\/strong><\/p>\n<p><i class=\"far fa-check-circle fa-2x\"><\/i><strong> Sisseehitatud tolmu\u00e4rastusseadise ja tolmukotiga <\/strong><\/p>\n\t\t<\/div>\n\t\t\t\t\n<style>\n#col-1911341717 > .col-inner {\n  margin: 0px 0px 15px 0px;\n}\n<\/style>\n\t<\/div>\n\n\t\n\n\t<div id=\"col-53229281\" class=\"col medium-6 small-12 large-6\"  >\n\t\t\t\t<div class=\"col-inner\"  >\n\t\t\t\n\t\t\t\n<p><i class=\"far fa-check-circle fa-2x\"><\/i><strong> Kiire ja lihtne lihvlindi vahetus <\/strong><\/p>\n<p><i class=\"far fa-check-circle fa-2x\"><\/i><strong> Lisak\u00e4epide t\u00f6\u00f6tamise h\u00f5lbustamiseks\u00a0<\/strong><\/p>\n<p><i class=\"far fa-check-circle fa-2x\"><\/i><strong> Kaasas 1 lihvlint\u00a0<\/strong><\/p>\n\t\t<\/div>\n\t\t\t\t\n<style>\n#col-53229281 > .col-inner {\n  margin: 0px 0px 15px 0px;\n}\n<\/style>\n\t<\/div>\n\n\t\n<\/div>\n\t\t<\/div>\n\t\t\t\t\t<\/div>\n\n\t\n<\/div>\n<\/div><\/div><\/div>\n\t<div id=\"gap-196653322\" class=\"gap-element clearfix\" style=\"display:block; height:auto;\">\n\t\t\n<style>\n#gap-196653322 {\n  padding-top: 30px;\n}\n<\/style>\n\t<\/div>\n\t\n<h2>Tootekirjeldus<\/h2>\n<p> Lintlihvija Einhell TC-BS 8038 on suure materjalide eemaldamiskiirusega 800\u00a0W lintlihvmasin. Kiire ja lihtne lihvlindi vahetamise v\u00f5imalus h\u00f5lbustab t\u00f6\u00f6riista kasutamist. T\u00f6\u00f6dega kohe alustamiseks on lintlihvijaga kaasas \u00fcks lihvlint. T\u00e4ppisseadistuse v\u00f5imalus tagab lihvlindi t\u00e4pse paigutuse ja parimad lihvimistulemused. Lisak\u00e4epide tagab mugava k\u00e4sitsemise ja v\u00f5imaldab lihvija t\u00e4pset juhtimist m\u00f6\u00f6da puidu pinda. T\u00e4iendav keraamiline kaitse pakub kaitset juhuks, kui lihvlindi asend pole \u00f5igesti seadistatud. Sisseehitatud tolmu\u00e4rastusseadis ja tolmukott tagavad puhta t\u00f6\u00f6koha vaatamata lihvimist\u00f6\u00f6 olemusele. <\/p>\n\t<div id=\"gap-793006613\" class=\"gap-element clearfix\" style=\"display:block; height:auto;\">\n\t\t\n<style>\n#gap-793006613 {\n  padding-top: 30px;\n}\n<\/style>\n\t<\/div>\n\t\n\t\t<\/div>\n\t\t\t\t\t<\/div>\n\n\t\n\n\t<div id=\"col-2072209827\" class=\"col medium-3 small-12 large-3\"  >\n\t\t\t\t<div class=\"col-inner\"  >\n\t\t\t\n\t\t\t\n\t<div id=\"gap-245634390\" class=\"gap-element clearfix\" style=\"display:block; height:auto;\">\n\t\t\n<style>\n#gap-245634390 {\n  padding-top: 30px;\n}\n<\/style>\n\t<\/div>\n\t\n<h3>Kasutusjuhend<\/h3>\n<p><a href=\"https:\/\/espak.ee\/epood\/wp-content\/uploads\/Lintlihvija-TC-BS-8038-4466260.pdf\" target=\"_blank\" rel=\"noopener noreferrer\"><i class=\"far fa-file-pdf\"><\/i> Kasutusjuhend (PDF)<\/a><\/p>\n<div class=\"is-divider divider clearfix\" ><\/div>\n<p><strong>\u00dcksikasjalikuma n\u00f5u saamiseks v\u00f5tke \u00fchendust:<br \/><\/strong>Espak AS<br \/>Viadukti 42<br \/>11313<br \/>Tallinn<br \/>+372 6 512333<\/p>\n\t\t<\/div>\n\t\t\t\t\t<\/div>\n\n\t\n<\/div>\n","protected":false},"excerpt":{"rendered":"","protected":false},"featured_media":33628,"comment_status":"closed","ping_status":"open","template":"","meta":[],"product_brand":[],"product_cat":[2739,2680,2759,2679],"product_tag":[],"class_list":{"0":"post-21660","1":"product","2":"type-product","3":"status-publish","4":"has-post-thumbnail","6":"product_cat-elektrikasitooriistad","7":"product_cat-elektritooriistad","8":"product_cat-lihvmasinad","9":"product_cat-tooriistad","10":"pa_kaubamark-einhell","12":"first","13":"instock","14":"sale","15":"taxable","16":"shipping-taxable","17":"purchasable","18":"product-type-simple"},"yoast_head":"<!-- This site is optimized with the Yoast SEO plugin v26.9 - https:\/\/yoast.com\/product\/yoast-seo-wordpress\/ -->\n<title>LINTLIHVIJA EINHELL TC-BS 8038 - Espak E-pood<\/title>\n<meta name=\"robots\" content=\"index, follow, max-snippet:-1, max-image-preview:large, max-video-preview:-1\" \/>\n<link rel=\"canonical\" href=\"https:\/\/espak.ee\/epood\/toode\/lintlihvija-einhell-4466260-tc-bs-8038\/\" \/>\n<meta property=\"og:locale\" content=\"et_EE\" \/>\n<meta property=\"og:type\" content=\"article\" \/>\n<meta property=\"og:title\" content=\"LINTLIHVIJA EINHELL TC-BS 8038 - Espak E-pood\" \/>\n<meta property=\"og:url\" content=\"https:\/\/espak.ee\/epood\/toode\/lintlihvija-einhell-4466260-tc-bs-8038\/\" \/>\n<meta property=\"og:site_name\" content=\"Espak E-pood\" \/>\n<meta property=\"article:modified_time\" content=\"2026-03-29T17:09:12+00:00\" \/>\n<meta property=\"og:image\" content=\"https:\/\/espak.ee\/epood\/wp-content\/uploads\/4466260_11029_001_TC_BS_8038_RAL3002_Pic.jpg\" \/>\n\t<meta property=\"og:image:width\" content=\"1772\" \/>\n\t<meta property=\"og:image:height\" content=\"1157\" \/>\n\t<meta property=\"og:image:type\" content=\"image\/jpeg\" \/>\n<meta name=\"twitter:card\" content=\"summary_large_image\" \/>\n<meta name=\"twitter:label1\" content=\"Est. reading time\" \/>\n\t<meta name=\"twitter:data1\" content=\"1 minut\" \/>\n<script type=\"application\/ld+json\" class=\"yoast-schema-graph\">{\"@context\":\"https:\/\/schema.org\",\"@graph\":[{\"@type\":\"WebPage\",\"@id\":\"https:\/\/espak.ee\/epood\/toode\/lintlihvija-einhell-4466260-tc-bs-8038\/\",\"url\":\"https:\/\/espak.ee\/epood\/toode\/lintlihvija-einhell-4466260-tc-bs-8038\/\",\"name\":\"LINTLIHVIJA EINHELL TC-BS 8038 - Espak E-pood\",\"isPartOf\":{\"@id\":\"https:\/\/espak.ee\/epood\/#website\"},\"primaryImageOfPage\":{\"@id\":\"https:\/\/espak.ee\/epood\/toode\/lintlihvija-einhell-4466260-tc-bs-8038\/#primaryimage\"},\"image\":{\"@id\":\"https:\/\/espak.ee\/epood\/toode\/lintlihvija-einhell-4466260-tc-bs-8038\/#primaryimage\"},\"thumbnailUrl\":\"https:\/\/espak.ee\/epood\/wp-content\/uploads\/4466260_11029_001_TC_BS_8038_RAL3002_Pic.jpg\",\"datePublished\":\"2020-04-18T01:21:07+00:00\",\"dateModified\":\"2026-03-29T17:09:12+00:00\",\"breadcrumb\":{\"@id\":\"https:\/\/espak.ee\/epood\/toode\/lintlihvija-einhell-4466260-tc-bs-8038\/#breadcrumb\"},\"inLanguage\":\"et\",\"potentialAction\":[{\"@type\":\"ReadAction\",\"target\":[\"https:\/\/espak.ee\/epood\/toode\/lintlihvija-einhell-4466260-tc-bs-8038\/\"]}]},{\"@type\":\"ImageObject\",\"inLanguage\":\"et\",\"@id\":\"https:\/\/espak.ee\/epood\/toode\/lintlihvija-einhell-4466260-tc-bs-8038\/#primaryimage\",\"url\":\"https:\/\/espak.ee\/epood\/wp-content\/uploads\/4466260_11029_001_TC_BS_8038_RAL3002_Pic.jpg\",\"contentUrl\":\"https:\/\/espak.ee\/epood\/wp-content\/uploads\/4466260_11029_001_TC_BS_8038_RAL3002_Pic.jpg\",\"width\":1772,\"height\":1157},{\"@type\":\"BreadcrumbList\",\"@id\":\"https:\/\/espak.ee\/epood\/toode\/lintlihvija-einhell-4466260-tc-bs-8038\/#breadcrumb\",\"itemListElement\":[{\"@type\":\"ListItem\",\"position\":1,\"name\":\"Home\",\"item\":\"https:\/\/espak.ee\/epood\/\"},{\"@type\":\"ListItem\",\"position\":2,\"name\":\"Tootevalik\",\"item\":\"https:\/\/espak.ee\/epood\/tootevalik\/\"},{\"@type\":\"ListItem\",\"position\":3,\"name\":\"LINTLIHVIJA EINHELL TC-BS 8038\"}]},{\"@type\":\"WebSite\",\"@id\":\"https:\/\/espak.ee\/epood\/#website\",\"url\":\"https:\/\/espak.ee\/epood\/\",\"name\":\"Espak E-pood\",\"description\":\"\",\"potentialAction\":[{\"@type\":\"SearchAction\",\"target\":{\"@type\":\"EntryPoint\",\"urlTemplate\":\"https:\/\/espak.ee\/epood\/?s={search_term_string}\"},\"query-input\":{\"@type\":\"PropertyValueSpecification\",\"valueRequired\":true,\"valueName\":\"search_term_string\"}}],\"inLanguage\":\"et\"}]}<\/script>\n<!-- \/ Yoast SEO plugin. -->","yoast_head_json":{"title":"LINTLIHVIJA EINHELL TC-BS 8038 - Espak E-pood","robots":{"index":"index","follow":"follow","max-snippet":"max-snippet:-1","max-image-preview":"max-image-preview:large","max-video-preview":"max-video-preview:-1"},"canonical":"https:\/\/espak.ee\/epood\/toode\/lintlihvija-einhell-4466260-tc-bs-8038\/","og_locale":"et_EE","og_type":"article","og_title":"LINTLIHVIJA EINHELL TC-BS 8038 - Espak E-pood","og_url":"https:\/\/espak.ee\/epood\/toode\/lintlihvija-einhell-4466260-tc-bs-8038\/","og_site_name":"Espak E-pood","article_modified_time":"2026-03-29T17:09:12+00:00","og_image":[{"width":1772,"height":1157,"url":"https:\/\/espak.ee\/epood\/wp-content\/uploads\/4466260_11029_001_TC_BS_8038_RAL3002_Pic.jpg","type":"image\/jpeg"}],"twitter_card":"summary_large_image","twitter_misc":{"Est. reading time":"1 minut"},"schema":{"@context":"https:\/\/schema.org","@graph":[{"@type":"WebPage","@id":"https:\/\/espak.ee\/epood\/toode\/lintlihvija-einhell-4466260-tc-bs-8038\/","url":"https:\/\/espak.ee\/epood\/toode\/lintlihvija-einhell-4466260-tc-bs-8038\/","name":"LINTLIHVIJA EINHELL TC-BS 8038 - Espak E-pood","isPartOf":{"@id":"https:\/\/espak.ee\/epood\/#website"},"primaryImageOfPage":{"@id":"https:\/\/espak.ee\/epood\/toode\/lintlihvija-einhell-4466260-tc-bs-8038\/#primaryimage"},"image":{"@id":"https:\/\/espak.ee\/epood\/toode\/lintlihvija-einhell-4466260-tc-bs-8038\/#primaryimage"},"thumbnailUrl":"https:\/\/espak.ee\/epood\/wp-content\/uploads\/4466260_11029_001_TC_BS_8038_RAL3002_Pic.jpg","datePublished":"2020-04-18T01:21:07+00:00","dateModified":"2026-03-29T17:09:12+00:00","breadcrumb":{"@id":"https:\/\/espak.ee\/epood\/toode\/lintlihvija-einhell-4466260-tc-bs-8038\/#breadcrumb"},"inLanguage":"et","potentialAction":[{"@type":"ReadAction","target":["https:\/\/espak.ee\/epood\/toode\/lintlihvija-einhell-4466260-tc-bs-8038\/"]}]},{"@type":"ImageObject","inLanguage":"et","@id":"https:\/\/espak.ee\/epood\/toode\/lintlihvija-einhell-4466260-tc-bs-8038\/#primaryimage","url":"https:\/\/espak.ee\/epood\/wp-content\/uploads\/4466260_11029_001_TC_BS_8038_RAL3002_Pic.jpg","contentUrl":"https:\/\/espak.ee\/epood\/wp-content\/uploads\/4466260_11029_001_TC_BS_8038_RAL3002_Pic.jpg","width":1772,"height":1157},{"@type":"BreadcrumbList","@id":"https:\/\/espak.ee\/epood\/toode\/lintlihvija-einhell-4466260-tc-bs-8038\/#breadcrumb","itemListElement":[{"@type":"ListItem","position":1,"name":"Home","item":"https:\/\/espak.ee\/epood\/"},{"@type":"ListItem","position":2,"name":"Tootevalik","item":"https:\/\/espak.ee\/epood\/tootevalik\/"},{"@type":"ListItem","position":3,"name":"LINTLIHVIJA EINHELL TC-BS 8038"}]},{"@type":"WebSite","@id":"https:\/\/espak.ee\/epood\/#website","url":"https:\/\/espak.ee\/epood\/","name":"Espak E-pood","description":"","potentialAction":[{"@type":"SearchAction","target":{"@type":"EntryPoint","urlTemplate":"https:\/\/espak.ee\/epood\/?s={search_term_string}"},"query-input":{"@type":"PropertyValueSpecification","valueRequired":true,"valueName":"search_term_string"}}],"inLanguage":"et"}]}},"_links":{"self":[{"href":"https:\/\/espak.ee\/epood\/wp-json\/wp\/v2\/product\/21660","targetHints":{"allow":["GET"]}}],"collection":[{"href":"https:\/\/espak.ee\/epood\/wp-json\/wp\/v2\/product"}],"about":[{"href":"https:\/\/espak.ee\/epood\/wp-json\/wp\/v2\/types\/product"}],"replies":[{"embeddable":true,"href":"https:\/\/espak.ee\/epood\/wp-json\/wp\/v2\/comments?post=21660"}],"wp:featuredmedia":[{"embeddable":true,"href":"https:\/\/espak.ee\/epood\/wp-json\/wp\/v2\/media\/33628"}],"wp:attachment":[{"href":"https:\/\/espak.ee\/epood\/wp-json\/wp\/v2\/media?parent=21660"}],"wp:term":[{"taxonomy":"product_brand","embeddable":true,"href":"https:\/\/espak.ee\/epood\/wp-json\/wp\/v2\/product_brand?post=21660"},{"taxonomy":"product_cat","embeddable":true,"href":"https:\/\/espak.ee\/epood\/wp-json\/wp\/v2\/product_cat?post=21660"},{"taxonomy":"product_tag","embeddable":true,"href":"https:\/\/espak.ee\/epood\/wp-json\/wp\/v2\/product_tag?post=21660"}],"curies":[{"name":"wp","href":"https:\/\/api.w.org\/{rel}","templated":true}]}}