{"id":21639,"date":"2020-04-18T04:20:58","date_gmt":"2020-04-18T01:20:58","guid":{"rendered":"https:\/\/espak.ee\/hinnakiri\/?post_type=product&#038;p=21639"},"modified":"2025-07-14T13:56:04","modified_gmt":"2025-07-14T10:56:04","slug":"ketasloikur-einhell-te-ag-230","status":"publish","type":"product","link":"https:\/\/espak.ee\/epood\/toode\/ketasloikur-einhell-te-ag-230\/","title":{"rendered":"KETASL\u00d5IKUR EINHELL TE-AG 230"},"content":{"rendered":"<div class=\"row\"  id=\"row-48119720\">\n\n\t<div id=\"col-2075714962\" class=\"col medium-9 small-12 large-9\"  >\n\t\t\t\t<div class=\"col-inner\"  >\n\t\t\t\n\t\t\t\n<div class=\"message-box relative\" style=\"padding-top:15px;padding-bottom:15px;\"><div class=\"message-box-bg-image bg-fill fill\" ><\/div><div class=\"message-box-bg-overlay bg-fill fill\" ><\/div><div class=\"container relative\"><div class=\"inner last-reset\">\n<div class=\"row align-middle align-center\"  id=\"row-1048508006\">\n\n\t<div id=\"col-307753128\" class=\"col small-12 large-12\"  >\n\t\t\t\t<div class=\"col-inner text-left\"  >\n\t\t\t\n\t\t\t\n<h4>Omadused<\/h4>\n<div class=\"row\"  id=\"row-1403591649\">\n\n\t<div id=\"col-402524609\" class=\"col medium-6 small-12 large-6\"  >\n\t\t\t\t<div class=\"col-inner\"  >\n\t\t\t\n\t\t\t\n<p><i class=\"far fa-check-circle fa-2x\"><\/i><strong>\u00a0Sujuvk\u00e4ivitus<\/strong><\/p>\n<p><i class=\"far fa-check-circle fa-2x\"><\/i><strong> Vibratsiooni summutav p\u00f5hik\u00e4epide\u00a0<\/strong><\/p>\n<p><i class=\"far fa-check-circle fa-2x\"><\/i><strong> Spindlilukusti <\/strong><\/p>\n<p><i class=\"far fa-check-circle fa-2x\"><\/i><strong> L\u00f5ikeketas ei kuulu komplekti\u00a0<\/strong><\/p>\n\t\t<\/div>\n\t\t\t\t\n<style>\n#col-402524609 > .col-inner {\n  margin: 0px 0px 15px 0px;\n}\n<\/style>\n\t<\/div>\n\n\t\n\n\t<div id=\"col-684814824\" class=\"col medium-6 small-12 large-6\"  >\n\t\t\t\t<div class=\"col-inner\"  >\n\t\t\t\n\t\t\t\n<p><i class=\"far fa-check-circle fa-2x\"><\/i><strong> P\u00f6\u00f6ratav k\u00e4epide <\/strong><\/p>\n<p><i class=\"far fa-check-circle fa-2x\"><\/i><strong> Kiirseadistusega kettakaitse\u00a0<\/strong><\/p>\n<p><i class=\"far fa-check-circle fa-2x\"><\/i><strong> Flantsi v\u00f5ti komplektis\u00a0<\/strong><\/p>\n\t\t<\/div>\n\t\t\t\t\n<style>\n#col-684814824 > .col-inner {\n  margin: 0px 0px 15px 0px;\n}\n<\/style>\n\t<\/div>\n\n\t\n<\/div>\n\t\t<\/div>\n\t\t\t\t\t<\/div>\n\n\t\n<\/div>\n<\/div><\/div><\/div>\n\t<div id=\"gap-994933195\" class=\"gap-element clearfix\" style=\"display:block; height:auto;\">\n\t\t\n<style>\n#gap-994933195 {\n  padding-top: 30px;\n}\n<\/style>\n\t<\/div>\n\t\n<h2>Tootekirjeldus<\/h2>\n<p> Ketasl\u00f5ikur TE-AG 230 on tugev ja v\u00f5imas t\u00f6\u00f6riist t\u00f5elistele suurte n\u00f5udmistega asjatundjatele. See pakub silmapaistvat j\u00f5udlust keeruliste l\u00f5ikamis-, lihvimis- ja karestust\u00f6\u00f6de tegemisel nii kodus, t\u00f6\u00f6kojas kui ka garaa\u017eis. P\u00f6\u00f6ratav p\u00f5hik\u00e4epide tagab t\u00f6\u00f6tamiseks suurima paindlikkuse. P\u00f5hik\u00e4epideme vibratsioonisummuti v\u00e4hendab vibratsioone, v\u00f5imaldades seel\u00e4bi kauem v\u00e4simuseta t\u00f6\u00f6tada. Kettakaitsmel on kiirseadistuse v\u00f5imalus, millega saab seda vaid \u00fche k\u00e4ega keerates igaks \u00fclesandeks kohandada. Spindlilukusti abil saab tarvikut kiirelt ja lihtsalt vahetada. Sujuvk\u00e4ivituse omadus tagab t\u00f6\u00f6riista sujuva ja ohutu k\u00e4ivituse. Ketasl\u00f5ikuril TE-AG 230 on lame ja tugev metallist reduktoripea suurep\u00e4raseks j\u00f5u\u00fclekandeks ja v\u00e4heseks t\u00f6\u00f6vibratsiooniks \u2013 see h\u00f5lbustab kitsastes tingimustes t\u00f6\u00f6tamist. T\u00e4nu pehmendustele ja vibratsiooni summutavale p\u00f6\u00f6ratavale p\u00f5hik\u00e4epidemele on ketasl\u00f5ikur vaatamata oma tohutule v\u00f5imsusele ikkagi lihtsalt k\u00e4sitsetav. Kuna lisak\u00e4epidet saab seada t\u00f6\u00f6tingimustega kohandamiseks kolme asendisse, tagab see kiireks ja ohutuks t\u00f6\u00f6tamiseks kindla haarde. Kokkukeritud kaabli vaid k\u00e4ep\u00f6\u00f6rde ja kaabliklambriga kinnitamine v\u00f5imaldab ketaslihvija TE-AG 230 kindlalt ja turvaliselt hoiule panna. Ketasl\u00f5ikur TE-AG 230 tarnitakse koos tarvikumutri otsv\u00f5tmega, kuid ilma l\u00f5ikekettata. <\/p>\n\t<div id=\"gap-639323531\" class=\"gap-element clearfix\" style=\"display:block; height:auto;\">\n\t\t\n<style>\n#gap-639323531 {\n  padding-top: 30px;\n}\n<\/style>\n\t<\/div>\n\t\n\t\t<\/div>\n\t\t\t\t\t<\/div>\n\n\t\n\n\t<div id=\"col-1862108350\" class=\"col medium-3 small-12 large-3\"  >\n\t\t\t\t<div class=\"col-inner\"  >\n\t\t\t\n\t\t\t\n\t<div id=\"gap-788404657\" class=\"gap-element clearfix\" style=\"display:block; height:auto;\">\n\t\t\n<style>\n#gap-788404657 {\n  padding-top: 30px;\n}\n<\/style>\n\t<\/div>\n\t\n<h3>Kasutusjuhend<\/h3>\n<p><a href=\"https:\/\/espak.ee\/epood\/wp-content\/uploads\/Ketasl\u00f5ikur-TE-AG230-4430870.pdf\" target=\"_blank\" rel=\"noopener noreferrer\"><i class=\"far fa-file-pdf\"><\/i> Kasutusjuhend (PDF)<\/a><\/p>\n<div class=\"is-divider divider clearfix\" ><\/div>\n<p><strong>\u00dcksikasjalikuma n\u00f5u saamiseks v\u00f5tke \u00fchendust:<br \/><\/strong>Espak AS<br \/>Viadukti 42<br \/>11313<br \/>Tallinn<br \/>+372 6 512333<\/p>\n\t\t<\/div>\n\t\t\t\t\t<\/div>\n\n\t\n<\/div>\n","protected":false},"excerpt":{"rendered":"","protected":false},"featured_media":32623,"comment_status":"closed","ping_status":"open","template":"","meta":[],"product_brand":[],"product_cat":[2739,2680,2765,2679],"product_tag":[],"class_list":{"0":"post-21639","1":"product","2":"type-product","3":"status-publish","4":"has-post-thumbnail","6":"product_cat-elektrikasitooriistad","7":"product_cat-elektritooriistad","8":"product_cat-ketasloikurid","9":"product_cat-tooriistad","10":"pa_kaubamark-einhell","12":"first","13":"instock","14":"sale","15":"taxable","16":"shipping-taxable","17":"purchasable","18":"product-type-simple"},"yoast_head":"<!-- This site is optimized with the Yoast SEO plugin v26.9 - https:\/\/yoast.com\/product\/yoast-seo-wordpress\/ -->\n<title>KETASL\u00d5IKUR EINHELL TE-AG 230 - Espak E-pood<\/title>\n<meta name=\"description\" content=\"Ketasl\u00f5ikur TE-AG 230 on tugev ja v\u00f5imas t\u00f6\u00f6riist t\u00f5elistele suurte n\u00f5udmistega asjatundjatele. See pakub silmapaistvat j\u00f5udlust keeruliste l\u00f5ikamis-, lihvimis- ja karestust\u00f6\u00f6de tegemisel nii kodus, t\u00f6\u00f6kojas kui ka garaa\u017eis.\" \/>\n<meta name=\"robots\" content=\"index, follow, max-snippet:-1, max-image-preview:large, max-video-preview:-1\" \/>\n<link rel=\"canonical\" href=\"https:\/\/espak.ee\/epood\/toode\/ketasloikur-einhell-te-ag-230\/\" \/>\n<meta property=\"og:locale\" content=\"et_EE\" \/>\n<meta property=\"og:type\" content=\"article\" \/>\n<meta property=\"og:title\" content=\"KETASL\u00d5IKUR EINHELL TE-AG 230 - Espak E-pood\" \/>\n<meta property=\"og:description\" content=\"Ketasl\u00f5ikur TE-AG 230 on tugev ja v\u00f5imas t\u00f6\u00f6riist t\u00f5elistele suurte n\u00f5udmistega asjatundjatele. See pakub silmapaistvat j\u00f5udlust keeruliste l\u00f5ikamis-, lihvimis- ja karestust\u00f6\u00f6de tegemisel nii kodus, t\u00f6\u00f6kojas kui ka garaa\u017eis.\" \/>\n<meta property=\"og:url\" content=\"https:\/\/espak.ee\/epood\/toode\/ketasloikur-einhell-te-ag-230\/\" \/>\n<meta property=\"og:site_name\" content=\"Espak E-pood\" \/>\n<meta property=\"article:modified_time\" content=\"2025-07-14T10:56:04+00:00\" \/>\n<meta property=\"og:image\" content=\"https:\/\/espak.ee\/epood\/wp-content\/uploads\/4430870_11037_001_TE_AG_230_RAL3002_Pic-1024x671.jpg\" \/>\n\t<meta property=\"og:image:width\" content=\"1024\" \/>\n\t<meta property=\"og:image:height\" content=\"671\" \/>\n\t<meta property=\"og:image:type\" content=\"image\/jpeg\" \/>\n<meta name=\"twitter:card\" content=\"summary_large_image\" \/>\n<meta name=\"twitter:label1\" content=\"Est. reading time\" \/>\n\t<meta name=\"twitter:data1\" content=\"2 minutit\" \/>\n<script type=\"application\/ld+json\" class=\"yoast-schema-graph\">{\"@context\":\"https:\/\/schema.org\",\"@graph\":[{\"@type\":\"WebPage\",\"@id\":\"https:\/\/espak.ee\/epood\/toode\/ketasloikur-einhell-te-ag-230\/\",\"url\":\"https:\/\/espak.ee\/epood\/toode\/ketasloikur-einhell-te-ag-230\/\",\"name\":\"KETASL\u00d5IKUR EINHELL TE-AG 230 - Espak E-pood\",\"isPartOf\":{\"@id\":\"https:\/\/espak.ee\/epood\/#website\"},\"primaryImageOfPage\":{\"@id\":\"https:\/\/espak.ee\/epood\/toode\/ketasloikur-einhell-te-ag-230\/#primaryimage\"},\"image\":{\"@id\":\"https:\/\/espak.ee\/epood\/toode\/ketasloikur-einhell-te-ag-230\/#primaryimage\"},\"thumbnailUrl\":\"https:\/\/espak.ee\/epood\/wp-content\/uploads\/4430870_11037_001_TE_AG_230_RAL3002_Pic.jpg\",\"datePublished\":\"2020-04-18T01:20:58+00:00\",\"dateModified\":\"2025-07-14T10:56:04+00:00\",\"description\":\"Ketasl\u00f5ikur TE-AG 230 on tugev ja v\u00f5imas t\u00f6\u00f6riist t\u00f5elistele suurte n\u00f5udmistega asjatundjatele. See pakub silmapaistvat j\u00f5udlust keeruliste l\u00f5ikamis-, lihvimis- ja karestust\u00f6\u00f6de tegemisel nii kodus, t\u00f6\u00f6kojas kui ka garaa\u017eis.\",\"breadcrumb\":{\"@id\":\"https:\/\/espak.ee\/epood\/toode\/ketasloikur-einhell-te-ag-230\/#breadcrumb\"},\"inLanguage\":\"et\",\"potentialAction\":[{\"@type\":\"ReadAction\",\"target\":[\"https:\/\/espak.ee\/epood\/toode\/ketasloikur-einhell-te-ag-230\/\"]}]},{\"@type\":\"ImageObject\",\"inLanguage\":\"et\",\"@id\":\"https:\/\/espak.ee\/epood\/toode\/ketasloikur-einhell-te-ag-230\/#primaryimage\",\"url\":\"https:\/\/espak.ee\/epood\/wp-content\/uploads\/4430870_11037_001_TE_AG_230_RAL3002_Pic.jpg\",\"contentUrl\":\"https:\/\/espak.ee\/epood\/wp-content\/uploads\/4430870_11037_001_TE_AG_230_RAL3002_Pic.jpg\",\"width\":1772,\"height\":1162},{\"@type\":\"BreadcrumbList\",\"@id\":\"https:\/\/espak.ee\/epood\/toode\/ketasloikur-einhell-te-ag-230\/#breadcrumb\",\"itemListElement\":[{\"@type\":\"ListItem\",\"position\":1,\"name\":\"Home\",\"item\":\"https:\/\/espak.ee\/epood\/\"},{\"@type\":\"ListItem\",\"position\":2,\"name\":\"Tootevalik\",\"item\":\"https:\/\/espak.ee\/epood\/tootevalik\/\"},{\"@type\":\"ListItem\",\"position\":3,\"name\":\"KETASL\u00d5IKUR EINHELL TE-AG 230\"}]},{\"@type\":\"WebSite\",\"@id\":\"https:\/\/espak.ee\/epood\/#website\",\"url\":\"https:\/\/espak.ee\/epood\/\",\"name\":\"Espak E-pood\",\"description\":\"\",\"potentialAction\":[{\"@type\":\"SearchAction\",\"target\":{\"@type\":\"EntryPoint\",\"urlTemplate\":\"https:\/\/espak.ee\/epood\/?s={search_term_string}\"},\"query-input\":{\"@type\":\"PropertyValueSpecification\",\"valueRequired\":true,\"valueName\":\"search_term_string\"}}],\"inLanguage\":\"et\"}]}<\/script>\n<!-- \/ Yoast SEO plugin. -->","yoast_head_json":{"title":"KETASL\u00d5IKUR EINHELL TE-AG 230 - Espak E-pood","description":"Ketasl\u00f5ikur TE-AG 230 on tugev ja v\u00f5imas t\u00f6\u00f6riist t\u00f5elistele suurte n\u00f5udmistega asjatundjatele. See pakub silmapaistvat j\u00f5udlust keeruliste l\u00f5ikamis-, lihvimis- ja karestust\u00f6\u00f6de tegemisel nii kodus, t\u00f6\u00f6kojas kui ka garaa\u017eis.","robots":{"index":"index","follow":"follow","max-snippet":"max-snippet:-1","max-image-preview":"max-image-preview:large","max-video-preview":"max-video-preview:-1"},"canonical":"https:\/\/espak.ee\/epood\/toode\/ketasloikur-einhell-te-ag-230\/","og_locale":"et_EE","og_type":"article","og_title":"KETASL\u00d5IKUR EINHELL TE-AG 230 - Espak E-pood","og_description":"Ketasl\u00f5ikur TE-AG 230 on tugev ja v\u00f5imas t\u00f6\u00f6riist t\u00f5elistele suurte n\u00f5udmistega asjatundjatele. See pakub silmapaistvat j\u00f5udlust keeruliste l\u00f5ikamis-, lihvimis- ja karestust\u00f6\u00f6de tegemisel nii kodus, t\u00f6\u00f6kojas kui ka garaa\u017eis.","og_url":"https:\/\/espak.ee\/epood\/toode\/ketasloikur-einhell-te-ag-230\/","og_site_name":"Espak E-pood","article_modified_time":"2025-07-14T10:56:04+00:00","og_image":[{"width":1024,"height":671,"url":"https:\/\/espak.ee\/epood\/wp-content\/uploads\/4430870_11037_001_TE_AG_230_RAL3002_Pic-1024x671.jpg","type":"image\/jpeg"}],"twitter_card":"summary_large_image","twitter_misc":{"Est. reading time":"2 minutit"},"schema":{"@context":"https:\/\/schema.org","@graph":[{"@type":"WebPage","@id":"https:\/\/espak.ee\/epood\/toode\/ketasloikur-einhell-te-ag-230\/","url":"https:\/\/espak.ee\/epood\/toode\/ketasloikur-einhell-te-ag-230\/","name":"KETASL\u00d5IKUR EINHELL TE-AG 230 - Espak E-pood","isPartOf":{"@id":"https:\/\/espak.ee\/epood\/#website"},"primaryImageOfPage":{"@id":"https:\/\/espak.ee\/epood\/toode\/ketasloikur-einhell-te-ag-230\/#primaryimage"},"image":{"@id":"https:\/\/espak.ee\/epood\/toode\/ketasloikur-einhell-te-ag-230\/#primaryimage"},"thumbnailUrl":"https:\/\/espak.ee\/epood\/wp-content\/uploads\/4430870_11037_001_TE_AG_230_RAL3002_Pic.jpg","datePublished":"2020-04-18T01:20:58+00:00","dateModified":"2025-07-14T10:56:04+00:00","description":"Ketasl\u00f5ikur TE-AG 230 on tugev ja v\u00f5imas t\u00f6\u00f6riist t\u00f5elistele suurte n\u00f5udmistega asjatundjatele. See pakub silmapaistvat j\u00f5udlust keeruliste l\u00f5ikamis-, lihvimis- ja karestust\u00f6\u00f6de tegemisel nii kodus, t\u00f6\u00f6kojas kui ka garaa\u017eis.","breadcrumb":{"@id":"https:\/\/espak.ee\/epood\/toode\/ketasloikur-einhell-te-ag-230\/#breadcrumb"},"inLanguage":"et","potentialAction":[{"@type":"ReadAction","target":["https:\/\/espak.ee\/epood\/toode\/ketasloikur-einhell-te-ag-230\/"]}]},{"@type":"ImageObject","inLanguage":"et","@id":"https:\/\/espak.ee\/epood\/toode\/ketasloikur-einhell-te-ag-230\/#primaryimage","url":"https:\/\/espak.ee\/epood\/wp-content\/uploads\/4430870_11037_001_TE_AG_230_RAL3002_Pic.jpg","contentUrl":"https:\/\/espak.ee\/epood\/wp-content\/uploads\/4430870_11037_001_TE_AG_230_RAL3002_Pic.jpg","width":1772,"height":1162},{"@type":"BreadcrumbList","@id":"https:\/\/espak.ee\/epood\/toode\/ketasloikur-einhell-te-ag-230\/#breadcrumb","itemListElement":[{"@type":"ListItem","position":1,"name":"Home","item":"https:\/\/espak.ee\/epood\/"},{"@type":"ListItem","position":2,"name":"Tootevalik","item":"https:\/\/espak.ee\/epood\/tootevalik\/"},{"@type":"ListItem","position":3,"name":"KETASL\u00d5IKUR EINHELL TE-AG 230"}]},{"@type":"WebSite","@id":"https:\/\/espak.ee\/epood\/#website","url":"https:\/\/espak.ee\/epood\/","name":"Espak E-pood","description":"","potentialAction":[{"@type":"SearchAction","target":{"@type":"EntryPoint","urlTemplate":"https:\/\/espak.ee\/epood\/?s={search_term_string}"},"query-input":{"@type":"PropertyValueSpecification","valueRequired":true,"valueName":"search_term_string"}}],"inLanguage":"et"}]}},"_links":{"self":[{"href":"https:\/\/espak.ee\/epood\/wp-json\/wp\/v2\/product\/21639","targetHints":{"allow":["GET"]}}],"collection":[{"href":"https:\/\/espak.ee\/epood\/wp-json\/wp\/v2\/product"}],"about":[{"href":"https:\/\/espak.ee\/epood\/wp-json\/wp\/v2\/types\/product"}],"replies":[{"embeddable":true,"href":"https:\/\/espak.ee\/epood\/wp-json\/wp\/v2\/comments?post=21639"}],"wp:featuredmedia":[{"embeddable":true,"href":"https:\/\/espak.ee\/epood\/wp-json\/wp\/v2\/media\/32623"}],"wp:attachment":[{"href":"https:\/\/espak.ee\/epood\/wp-json\/wp\/v2\/media?parent=21639"}],"wp:term":[{"taxonomy":"product_brand","embeddable":true,"href":"https:\/\/espak.ee\/epood\/wp-json\/wp\/v2\/product_brand?post=21639"},{"taxonomy":"product_cat","embeddable":true,"href":"https:\/\/espak.ee\/epood\/wp-json\/wp\/v2\/product_cat?post=21639"},{"taxonomy":"product_tag","embeddable":true,"href":"https:\/\/espak.ee\/epood\/wp-json\/wp\/v2\/product_tag?post=21639"}],"curies":[{"name":"wp","href":"https:\/\/api.w.org\/{rel}","templated":true}]}}