{"id":21620,"date":"2020-04-18T04:20:48","date_gmt":"2020-04-18T01:20:48","guid":{"rendered":"https:\/\/espak.ee\/hinnakiri\/?post_type=product&#038;p=21620"},"modified":"2026-01-13T15:33:26","modified_gmt":"2026-01-13T13:33:26","slug":"soonefrees-einhell-tc-ma-1300","status":"publish","type":"product","link":"https:\/\/espak.ee\/epood\/toode\/soonefrees-einhell-tc-ma-1300\/","title":{"rendered":"SOONEFREES EINHELL TC-MA 1300"},"content":{"rendered":"<div class=\"row\"  id=\"row-1453947684\">\n\n\t<div id=\"col-688921831\" class=\"col medium-9 small-12 large-9\"  >\n\t\t\t\t<div class=\"col-inner\"  >\n\t\t\t\n\t\t\t\n<div class=\"message-box relative\" style=\"padding-top:15px;padding-bottom:15px;\"><div class=\"message-box-bg-image bg-fill fill\" ><\/div><div class=\"message-box-bg-overlay bg-fill fill\" ><\/div><div class=\"container relative\"><div class=\"inner last-reset\">\n<div class=\"row align-middle align-center\"  id=\"row-2130159619\">\n\n\t<div id=\"col-1586188265\" class=\"col small-12 large-12\"  >\n\t\t\t\t<div class=\"col-inner text-left\"  >\n\t\t\t\n\t\t\t\n<h4>Omadused<\/h4>\n<div class=\"row\"  id=\"row-2106470264\">\n\n\t<div id=\"col-2048726283\" class=\"col medium-6 small-12 large-6\"  >\n\t\t\t\t<div class=\"col-inner\"  >\n\t\t\t\n\t\t\t\n<p><i class=\"far fa-check-circle fa-2x\"><\/i><strong>\u00a0M\u00fc\u00fcritisse v\u00f5i sarnastesse materjalidesse t\u00e4psete sissel\u00f5igete ja kanalite tegemiseks<\/strong><\/p>\n<p><i class=\"far fa-check-circle fa-2x\"><\/i><strong> V\u00e4hendatud tolmususega t\u00f6\u00f6tamine tolmu\u00e4rastuss\u00fcsteemi kasutamisel\u00a0<\/strong><\/p>\n<p><i class=\"far fa-check-circle fa-2x\"><\/i><strong> Spindlilukusti l\u00f5ikeketta h\u00f5lpsaks vahetamiseks <\/strong><\/p>\n<p><i class=\"far fa-check-circle fa-2x\"><\/i><strong> \u00dclekoormuskaitse pika kasutusea tagamiseks\u00a0<\/strong><\/p>\n\t\t<\/div>\n\t\t\t\t\n<style>\n#col-2048726283 > .col-inner {\n  margin: 0px 0px 15px 0px;\n}\n<\/style>\n\t<\/div>\n\n\t\n\n\t<div id=\"col-23232136\" class=\"col medium-6 small-12 large-6\"  >\n\t\t\t\t<div class=\"col-inner\"  >\n\t\t\t\n\t\t\t\n<p><i class=\"far fa-check-circle fa-2x\"><\/i><strong> Kerge ja ohutu t\u00f6\u00f6tamine t\u00e4nu suurele k\u00e4epidemele <\/strong><\/p>\n<p><i class=\"far fa-check-circle fa-2x\"><\/i><strong> Ohutu t\u00f6\u00f6tamine t\u00e4nu sujuvk\u00e4ivitusele ja t\u00f5mbega l\u00f5ikamisele <\/strong><\/p>\n<p><i class=\"far fa-check-circle fa-2x\"><\/i><strong> Sujuvalt muudetav l\u00f5ikes\u00fcgavuse seadistus\u00a0<\/strong><\/p>\n<p><i class=\"far fa-check-circle fa-2x\"><\/i><strong> Kaasas 2 teemantl\u00f5ikeketast t\u00f6\u00f6 kohe alustamiseks\u00a0<\/strong><\/p>\n\t\t<\/div>\n\t\t\t\t\n<style>\n#col-23232136 > .col-inner {\n  margin: 0px 0px 15px 0px;\n}\n<\/style>\n\t<\/div>\n\n\t\n<\/div>\n\t\t<\/div>\n\t\t\t\t\t<\/div>\n\n\t\n<\/div>\n<\/div><\/div><\/div>\n\t<div id=\"gap-1491915792\" class=\"gap-element clearfix\" style=\"display:block; height:auto;\">\n\t\t\n<style>\n#gap-1491915792 {\n  padding-top: 30px;\n}\n<\/style>\n\t<\/div>\n\t\n<h2>Tootekirjeldus<\/h2>\n<p> Soonefrees Einhell TC-MA 1300 on v\u00f5imas ja tugev t\u00f6\u00f6riist, millega saab kiiresti ja pingevabalt tellise, krohvi ja sarnaste materjalide sisse sooni ja sissel\u00f5ikeid teha. P\u00fchendunud meistrid hindavad seda asendamatut t\u00f6\u00f6riista gaasitorude, veetorude ja kaablik\u00f5ride paigaldamisel. Sujuvk\u00e4ivitus, l\u00f5ikuri kelk ja suur k\u00e4epide tagavad sujuva alustamise ja ohutu t\u00f6\u00f6tamise. Sujuvalt muudetav l\u00f5ikes\u00fcgavus v\u00f5imaldab l\u00f5igata soonefreesiga TC-MA 1300 \u00fchtlasi 8 kuni 33\u00a0mm s\u00fcgavusi ning 8 kuni 26\u00a0mm laiusi sooni ja kanaleid ilma t\u00fc\u00fctu j\u00e4relt\u00f6\u00f6tluseta. \u00dclekoormuskaitse kaitseb mootorit pikkade t\u00f6\u00f6sessioonide ajal \u00fclekuumenemise eest. Spindlilukusti h\u00f5lbustab teemantl\u00f5ikeketaste vahetamist. T\u00e4nu tolmu\u00e4rastusseadme tolmukindlale bajonett\u00fchendusele on isegi kanali freesimise ajal selge, tolmuvaba \u00fclevaade t\u00f6\u00f6alale. Kaasas kaks teemantl\u00f5ikeketast t\u00f6\u00f6 koheseks alustamiseks.<br \/>\nTarnitav komplekt on pakendatud pappkarpi. <\/p>\n\t<div id=\"gap-1478921446\" class=\"gap-element clearfix\" style=\"display:block; height:auto;\">\n\t\t\n<style>\n#gap-1478921446 {\n  padding-top: 30px;\n}\n<\/style>\n\t<\/div>\n\t\n\t\t<\/div>\n\t\t\t\t\t<\/div>\n\n\t\n\n\t<div id=\"col-1919433446\" class=\"col medium-3 small-12 large-3\"  >\n\t\t\t\t<div class=\"col-inner\"  >\n\t\t\t\n\t\t\t\n\t<div id=\"gap-2106199147\" class=\"gap-element clearfix\" style=\"display:block; height:auto;\">\n\t\t\n<style>\n#gap-2106199147 {\n  padding-top: 30px;\n}\n<\/style>\n\t<\/div>\n\t\n<h3>Kasutusjuhend<\/h3>\n<p><a href=\"https:\/\/espak.ee\/epood\/wp-content\/uploads\/Soonefrees-Einhell-tc-ma-1300-4350730.pdf\" target=\"_blank\" rel=\"noopener noreferrer\"><i class=\"far fa-file-pdf\"><\/i> Kasutusjuhend (PDF)<\/a><\/p>\n<div class=\"is-divider divider clearfix\" ><\/div>\n<p><strong>\u00dcksikasjalikuma n\u00f5u saamiseks v\u00f5tke \u00fchendust:<br \/><\/strong>Espak AS<br \/>Viadukti 42<br \/>11313<br \/>Tallinn<br \/>+372 6 512333<\/p>\n\t\t<\/div>\n\t\t\t\t\t<\/div>\n\n\t\n<\/div>\n","protected":false},"excerpt":{"rendered":"","protected":false},"featured_media":32550,"comment_status":"closed","ping_status":"closed","template":"","meta":[],"product_brand":[],"product_cat":[2739,2680,2775,2679],"product_tag":[],"class_list":{"0":"post-21620","1":"product","2":"type-product","3":"status-publish","4":"has-post-thumbnail","6":"product_cat-elektrikasitooriistad","7":"product_cat-elektritooriistad","8":"product_cat-freesid","9":"product_cat-tooriistad","10":"pa_kaubamark-einhell","12":"first","13":"instock","14":"sale","15":"taxable","16":"shipping-taxable","17":"purchasable","18":"product-type-simple"},"yoast_head":"<!-- This site is optimized with the Yoast SEO plugin v26.9 - https:\/\/yoast.com\/product\/yoast-seo-wordpress\/ -->\n<title>SOONEFREES EINHELL TC-MA 1300 - Espak E-pood<\/title>\n<meta name=\"description\" content=\"Soonefrees Einhell TC-MA 1300 on v\u00f5imas ja tugev t\u00f6\u00f6riist, millega saab kiiresti ja pingevabalt tellise, krohvi ja sarnaste materjalide sisse sooni ja sissel\u00f5ikeid teha.\" \/>\n<meta name=\"robots\" content=\"index, follow, max-snippet:-1, max-image-preview:large, max-video-preview:-1\" \/>\n<link rel=\"canonical\" href=\"https:\/\/espak.ee\/epood\/toode\/soonefrees-einhell-tc-ma-1300\/\" \/>\n<meta property=\"og:locale\" content=\"et_EE\" \/>\n<meta property=\"og:type\" content=\"article\" \/>\n<meta property=\"og:title\" content=\"SOONEFREES EINHELL TC-MA 1300 - Espak E-pood\" \/>\n<meta property=\"og:description\" content=\"Soonefrees Einhell TC-MA 1300 on v\u00f5imas ja tugev t\u00f6\u00f6riist, millega saab kiiresti ja pingevabalt tellise, krohvi ja sarnaste materjalide sisse sooni ja sissel\u00f5ikeid teha.\" \/>\n<meta property=\"og:url\" content=\"https:\/\/espak.ee\/epood\/toode\/soonefrees-einhell-tc-ma-1300\/\" \/>\n<meta property=\"og:site_name\" content=\"Espak E-pood\" \/>\n<meta property=\"article:modified_time\" content=\"2026-01-13T13:33:26+00:00\" \/>\n<meta property=\"og:image\" content=\"https:\/\/espak.ee\/epood\/wp-content\/uploads\/4350730_11048_001_TC_MA_1300_RAL3002_Pic-1024x1024.jpg\" \/>\n\t<meta property=\"og:image:width\" content=\"1024\" \/>\n\t<meta property=\"og:image:height\" content=\"1024\" \/>\n\t<meta property=\"og:image:type\" content=\"image\/jpeg\" \/>\n<meta name=\"twitter:card\" content=\"summary_large_image\" \/>\n<meta name=\"twitter:label1\" content=\"Est. reading time\" \/>\n\t<meta name=\"twitter:data1\" content=\"1 minut\" \/>\n<script type=\"application\/ld+json\" class=\"yoast-schema-graph\">{\"@context\":\"https:\/\/schema.org\",\"@graph\":[{\"@type\":\"WebPage\",\"@id\":\"https:\/\/espak.ee\/epood\/toode\/soonefrees-einhell-tc-ma-1300\/\",\"url\":\"https:\/\/espak.ee\/epood\/toode\/soonefrees-einhell-tc-ma-1300\/\",\"name\":\"SOONEFREES EINHELL TC-MA 1300 - Espak E-pood\",\"isPartOf\":{\"@id\":\"https:\/\/espak.ee\/epood\/#website\"},\"primaryImageOfPage\":{\"@id\":\"https:\/\/espak.ee\/epood\/toode\/soonefrees-einhell-tc-ma-1300\/#primaryimage\"},\"image\":{\"@id\":\"https:\/\/espak.ee\/epood\/toode\/soonefrees-einhell-tc-ma-1300\/#primaryimage\"},\"thumbnailUrl\":\"https:\/\/espak.ee\/epood\/wp-content\/uploads\/4350730_11048_001_TC_MA_1300_RAL3002_Pic.jpg\",\"datePublished\":\"2020-04-18T01:20:48+00:00\",\"dateModified\":\"2026-01-13T13:33:26+00:00\",\"description\":\"Soonefrees Einhell TC-MA 1300 on v\u00f5imas ja tugev t\u00f6\u00f6riist, millega saab kiiresti ja pingevabalt tellise, krohvi ja sarnaste materjalide sisse sooni ja sissel\u00f5ikeid teha.\",\"breadcrumb\":{\"@id\":\"https:\/\/espak.ee\/epood\/toode\/soonefrees-einhell-tc-ma-1300\/#breadcrumb\"},\"inLanguage\":\"et\",\"potentialAction\":[{\"@type\":\"ReadAction\",\"target\":[\"https:\/\/espak.ee\/epood\/toode\/soonefrees-einhell-tc-ma-1300\/\"]}]},{\"@type\":\"ImageObject\",\"inLanguage\":\"et\",\"@id\":\"https:\/\/espak.ee\/epood\/toode\/soonefrees-einhell-tc-ma-1300\/#primaryimage\",\"url\":\"https:\/\/espak.ee\/epood\/wp-content\/uploads\/4350730_11048_001_TC_MA_1300_RAL3002_Pic.jpg\",\"contentUrl\":\"https:\/\/espak.ee\/epood\/wp-content\/uploads\/4350730_11048_001_TC_MA_1300_RAL3002_Pic.jpg\",\"width\":1772,\"height\":1772},{\"@type\":\"BreadcrumbList\",\"@id\":\"https:\/\/espak.ee\/epood\/toode\/soonefrees-einhell-tc-ma-1300\/#breadcrumb\",\"itemListElement\":[{\"@type\":\"ListItem\",\"position\":1,\"name\":\"Home\",\"item\":\"https:\/\/espak.ee\/epood\/\"},{\"@type\":\"ListItem\",\"position\":2,\"name\":\"Tootevalik\",\"item\":\"https:\/\/espak.ee\/epood\/tootevalik\/\"},{\"@type\":\"ListItem\",\"position\":3,\"name\":\"SOONEFREES EINHELL TC-MA 1300\"}]},{\"@type\":\"WebSite\",\"@id\":\"https:\/\/espak.ee\/epood\/#website\",\"url\":\"https:\/\/espak.ee\/epood\/\",\"name\":\"Espak E-pood\",\"description\":\"\",\"potentialAction\":[{\"@type\":\"SearchAction\",\"target\":{\"@type\":\"EntryPoint\",\"urlTemplate\":\"https:\/\/espak.ee\/epood\/?s={search_term_string}\"},\"query-input\":{\"@type\":\"PropertyValueSpecification\",\"valueRequired\":true,\"valueName\":\"search_term_string\"}}],\"inLanguage\":\"et\"}]}<\/script>\n<!-- \/ Yoast SEO plugin. -->","yoast_head_json":{"title":"SOONEFREES EINHELL TC-MA 1300 - Espak E-pood","description":"Soonefrees Einhell TC-MA 1300 on v\u00f5imas ja tugev t\u00f6\u00f6riist, millega saab kiiresti ja pingevabalt tellise, krohvi ja sarnaste materjalide sisse sooni ja sissel\u00f5ikeid teha.","robots":{"index":"index","follow":"follow","max-snippet":"max-snippet:-1","max-image-preview":"max-image-preview:large","max-video-preview":"max-video-preview:-1"},"canonical":"https:\/\/espak.ee\/epood\/toode\/soonefrees-einhell-tc-ma-1300\/","og_locale":"et_EE","og_type":"article","og_title":"SOONEFREES EINHELL TC-MA 1300 - Espak E-pood","og_description":"Soonefrees Einhell TC-MA 1300 on v\u00f5imas ja tugev t\u00f6\u00f6riist, millega saab kiiresti ja pingevabalt tellise, krohvi ja sarnaste materjalide sisse sooni ja sissel\u00f5ikeid teha.","og_url":"https:\/\/espak.ee\/epood\/toode\/soonefrees-einhell-tc-ma-1300\/","og_site_name":"Espak E-pood","article_modified_time":"2026-01-13T13:33:26+00:00","og_image":[{"width":1024,"height":1024,"url":"https:\/\/espak.ee\/epood\/wp-content\/uploads\/4350730_11048_001_TC_MA_1300_RAL3002_Pic-1024x1024.jpg","type":"image\/jpeg"}],"twitter_card":"summary_large_image","twitter_misc":{"Est. reading time":"1 minut"},"schema":{"@context":"https:\/\/schema.org","@graph":[{"@type":"WebPage","@id":"https:\/\/espak.ee\/epood\/toode\/soonefrees-einhell-tc-ma-1300\/","url":"https:\/\/espak.ee\/epood\/toode\/soonefrees-einhell-tc-ma-1300\/","name":"SOONEFREES EINHELL TC-MA 1300 - Espak E-pood","isPartOf":{"@id":"https:\/\/espak.ee\/epood\/#website"},"primaryImageOfPage":{"@id":"https:\/\/espak.ee\/epood\/toode\/soonefrees-einhell-tc-ma-1300\/#primaryimage"},"image":{"@id":"https:\/\/espak.ee\/epood\/toode\/soonefrees-einhell-tc-ma-1300\/#primaryimage"},"thumbnailUrl":"https:\/\/espak.ee\/epood\/wp-content\/uploads\/4350730_11048_001_TC_MA_1300_RAL3002_Pic.jpg","datePublished":"2020-04-18T01:20:48+00:00","dateModified":"2026-01-13T13:33:26+00:00","description":"Soonefrees Einhell TC-MA 1300 on v\u00f5imas ja tugev t\u00f6\u00f6riist, millega saab kiiresti ja pingevabalt tellise, krohvi ja sarnaste materjalide sisse sooni ja sissel\u00f5ikeid teha.","breadcrumb":{"@id":"https:\/\/espak.ee\/epood\/toode\/soonefrees-einhell-tc-ma-1300\/#breadcrumb"},"inLanguage":"et","potentialAction":[{"@type":"ReadAction","target":["https:\/\/espak.ee\/epood\/toode\/soonefrees-einhell-tc-ma-1300\/"]}]},{"@type":"ImageObject","inLanguage":"et","@id":"https:\/\/espak.ee\/epood\/toode\/soonefrees-einhell-tc-ma-1300\/#primaryimage","url":"https:\/\/espak.ee\/epood\/wp-content\/uploads\/4350730_11048_001_TC_MA_1300_RAL3002_Pic.jpg","contentUrl":"https:\/\/espak.ee\/epood\/wp-content\/uploads\/4350730_11048_001_TC_MA_1300_RAL3002_Pic.jpg","width":1772,"height":1772},{"@type":"BreadcrumbList","@id":"https:\/\/espak.ee\/epood\/toode\/soonefrees-einhell-tc-ma-1300\/#breadcrumb","itemListElement":[{"@type":"ListItem","position":1,"name":"Home","item":"https:\/\/espak.ee\/epood\/"},{"@type":"ListItem","position":2,"name":"Tootevalik","item":"https:\/\/espak.ee\/epood\/tootevalik\/"},{"@type":"ListItem","position":3,"name":"SOONEFREES EINHELL TC-MA 1300"}]},{"@type":"WebSite","@id":"https:\/\/espak.ee\/epood\/#website","url":"https:\/\/espak.ee\/epood\/","name":"Espak E-pood","description":"","potentialAction":[{"@type":"SearchAction","target":{"@type":"EntryPoint","urlTemplate":"https:\/\/espak.ee\/epood\/?s={search_term_string}"},"query-input":{"@type":"PropertyValueSpecification","valueRequired":true,"valueName":"search_term_string"}}],"inLanguage":"et"}]}},"_links":{"self":[{"href":"https:\/\/espak.ee\/epood\/wp-json\/wp\/v2\/product\/21620","targetHints":{"allow":["GET"]}}],"collection":[{"href":"https:\/\/espak.ee\/epood\/wp-json\/wp\/v2\/product"}],"about":[{"href":"https:\/\/espak.ee\/epood\/wp-json\/wp\/v2\/types\/product"}],"replies":[{"embeddable":true,"href":"https:\/\/espak.ee\/epood\/wp-json\/wp\/v2\/comments?post=21620"}],"wp:featuredmedia":[{"embeddable":true,"href":"https:\/\/espak.ee\/epood\/wp-json\/wp\/v2\/media\/32550"}],"wp:attachment":[{"href":"https:\/\/espak.ee\/epood\/wp-json\/wp\/v2\/media?parent=21620"}],"wp:term":[{"taxonomy":"product_brand","embeddable":true,"href":"https:\/\/espak.ee\/epood\/wp-json\/wp\/v2\/product_brand?post=21620"},{"taxonomy":"product_cat","embeddable":true,"href":"https:\/\/espak.ee\/epood\/wp-json\/wp\/v2\/product_cat?post=21620"},{"taxonomy":"product_tag","embeddable":true,"href":"https:\/\/espak.ee\/epood\/wp-json\/wp\/v2\/product_tag?post=21620"}],"curies":[{"name":"wp","href":"https:\/\/api.w.org\/{rel}","templated":true}]}}