{"id":21614,"date":"2020-04-18T04:20:48","date_gmt":"2020-04-18T01:20:48","guid":{"rendered":"https:\/\/espak.ee\/hinnakiri\/?post_type=product&#038;p=21614"},"modified":"2026-03-06T19:19:30","modified_gmt":"2026-03-06T17:19:30","slug":"hoovel-einhell-tc-pl750","status":"publish","type":"product","link":"https:\/\/espak.ee\/epood\/toode\/hoovel-einhell-tc-pl750\/","title":{"rendered":"H\u00d6\u00d6VEL EINHELL TC-PL750"},"content":{"rendered":"<div class=\"row\"  id=\"row-877062121\">\n\n\t<div id=\"col-2032519010\" class=\"col medium-9 small-12 large-9\"  >\n\t\t\t\t<div class=\"col-inner\"  >\n\t\t\t\n\t\t\t\n<div class=\"message-box relative\" style=\"padding-top:15px;padding-bottom:15px;\"><div class=\"message-box-bg-image bg-fill fill\" ><\/div><div class=\"message-box-bg-overlay bg-fill fill\" ><\/div><div class=\"container relative\"><div class=\"inner last-reset\">\n<div class=\"row align-middle align-center\"  id=\"row-1133302502\">\n\n\t<div id=\"col-965383672\" class=\"col small-12 large-12\"  >\n\t\t\t\t<div class=\"col-inner text-left\"  >\n\t\t\t\n\t\t\t\n<h4>Omadused<\/h4>\n<div class=\"row\"  id=\"row-1405831343\">\n\n\t<div id=\"col-1887923159\" class=\"col medium-6 small-12 large-6\"  >\n\t\t\t\t<div class=\"col-inner\"  >\n\t\t\t\n\t\t\t\n<p><i class=\"far fa-check-circle fa-2x\"><\/i><strong> H\u00f6\u00f6vlitera laius 82 mm\u00a0<\/strong><\/p>\n<p><i class=\"far fa-check-circle fa-2x\"><\/i><strong>\u00a0V\u00f5imekas k\u00e4sih\u00f6\u00f6vel kuni 2\u00a0mm laastupaksusega h\u00f6\u00f6veldamiseks <\/strong><\/p>\n<p><i class=\"far fa-check-circle fa-2x\"><\/i><strong> H\u00f6\u00f6vli ohutu k\u00e4estpanek t\u00e4nu automaatsele hoiutoele\u00a0<\/strong><\/p>\n<p><i class=\"far fa-check-circle fa-2x\"><\/i><strong> Kaasas k\u00fcljepiiraja <\/strong><\/p>\n\t\t<\/div>\n\t\t\t\t\n<style>\n#col-1887923159 > .col-inner {\n  margin: 0px 0px 15px 0px;\n}\n<\/style>\n\t<\/div>\n\n\t\n\n\t<div id=\"col-1828657312\" class=\"col medium-6 small-12 large-6\"  >\n\t\t\t\t<div class=\"col-inner\"  >\n\t\t\t\n\t\t\t\n<p><i class=\"far fa-check-circle fa-2x\"><\/i><strong> Suur h\u00f6\u00f6vliv\u00f5ll parimate tulemuste saavutamiseks <\/strong><\/p>\n<p><i class=\"far fa-check-circle fa-2x\"><\/i><strong> T\u00e4isalumiiniumist tallad tasase pinna saavutamiseks\u00a0<\/strong><\/p>\n<p><i class=\"far fa-check-circle fa-2x\"><\/i><strong> Kaasas astme s\u00fcgavuse piirik\u00a0<\/strong><\/p>\n<p><i class=\"far fa-check-circle fa-2x\"><\/i><strong> Kaasas 1 karbiidist h\u00f6\u00f6vlitera (\u00fcmberp\u00f6\u00f6ratav)\u00a0<\/strong><\/p>\n\t\t<\/div>\n\t\t\t\t\n<style>\n#col-1828657312 > .col-inner {\n  margin: 0px 0px 15px 0px;\n}\n<\/style>\n\t<\/div>\n\n\t\n<\/div>\n\t\t<\/div>\n\t\t\t\t\t<\/div>\n\n\t\n<\/div>\n<\/div><\/div><\/div>\n\t<div id=\"gap-603327546\" class=\"gap-element clearfix\" style=\"display:block; height:auto;\">\n\t\t\n<style>\n#gap-603327546 {\n  padding-top: 30px;\n}\n<\/style>\n\t<\/div>\n\t\n<h2>Tootekirjeldus<\/h2>\n<p> Elektriline h\u00f6\u00f6vel TC-PL 750 on v\u00f5imekas k\u00e4sih\u00f6\u00f6vel kuni kahemillimeetrise laastupaksusega h\u00f6\u00f6veldamiseks. H\u00f6\u00f6vel TC-PL 750 j\u00f5uab oma 750\u00a0W v\u00f5imsuse ja 16\u00a0000\u00a0p\/min p\u00f6\u00f6rlemissagedusega t\u00f5husalt puitpindu t\u00f6\u00f6delda ja v\u00f5imaldab v\u00e4ga t\u00e4pset t\u00f6\u00f6d teha. \u00dche t\u00f6\u00f6k\u00e4iguga parimate tulemuste saavutamiseks on h\u00f6\u00f6vlil suur h\u00f6\u00f6vliv\u00f5ll. Sisseehitatud automaatne hoiutugi tagab ohutu paigalseisu ja kaitseb toorikut tahtmatute kahjustuste eest. T\u00e4isalumiiniumist tald aitab tasast tulemust saavutada. Ergonoomiline k\u00e4epide sobib kindlalt k\u00e4tte ja v\u00f5imaldab isegi n\u00f5udlike projektide korral k\u00e4sih\u00f6\u00f6vliga v\u00e4simatult t\u00f6\u00f6tada. Pehmendusega k\u00e4epide tagab ohutu ja mugava k\u00e4sitsemise. Tarnekomplektis on r\u00f6\u00f6pjuhik ja astme s\u00fcgavuse piirik, aga ka karbiidist h\u00f6\u00f6vlitera (\u00fcmberp\u00f6\u00f6ratav). <\/p>\n\t<div id=\"gap-1586854196\" class=\"gap-element clearfix\" style=\"display:block; height:auto;\">\n\t\t\n<style>\n#gap-1586854196 {\n  padding-top: 30px;\n}\n<\/style>\n\t<\/div>\n\t\n\t\t<\/div>\n\t\t\t\t\t<\/div>\n\n\t\n\n\t<div id=\"col-943907880\" class=\"col medium-3 small-12 large-3\"  >\n\t\t\t\t<div class=\"col-inner\"  >\n\t\t\t\n\t\t\t\n\t<div id=\"gap-2091386467\" class=\"gap-element clearfix\" style=\"display:block; height:auto;\">\n\t\t\n<style>\n#gap-2091386467 {\n  padding-top: 30px;\n}\n<\/style>\n\t<\/div>\n\t\n<h3>Kasutusjuhend<\/h3>\n<p><a href=\"https:\/\/espak.ee\/epood\/wp-content\/uploads\/Elektrih\u00f6\u00f6vel-TC-PL750-4345310.pdf\" target=\"_blank\" rel=\"noopener noreferrer\"><i class=\"far fa-file-pdf\"><\/i> Kasutusjuhend (PDF)<\/a><\/p>\n<div class=\"is-divider divider clearfix\" ><\/div>\n<p><strong>\u00dcksikasjalikuma n\u00f5u saamiseks v\u00f5tke \u00fchendust:<br \/><\/strong>Espak AS<br \/>Viadukti 42<br \/>11313<br \/>Tallinn<br \/>+372 6 512333<\/p>\n\t\t<\/div>\n\t\t\t\t\t<\/div>\n\n\t\n<\/div>\n","protected":false},"excerpt":{"rendered":"","protected":false},"featured_media":32522,"comment_status":"closed","ping_status":"open","template":"","meta":[],"product_brand":[],"product_cat":[2739,2680,2762,2679],"product_tag":[],"class_list":{"0":"post-21614","1":"product","2":"type-product","3":"status-publish","4":"has-post-thumbnail","6":"product_cat-elektrikasitooriistad","7":"product_cat-elektritooriistad","8":"product_cat-hoovlid","9":"product_cat-tooriistad","10":"pa_kaubamark-einhell","12":"first","13":"instock","14":"sale","15":"taxable","16":"shipping-taxable","17":"purchasable","18":"product-type-simple"},"yoast_head":"<!-- This site is optimized with the Yoast SEO plugin v26.9 - https:\/\/yoast.com\/product\/yoast-seo-wordpress\/ -->\n<title>H\u00d6\u00d6VEL EINHELL TC-PL750 - Espak E-pood<\/title>\n<meta name=\"description\" content=\"Elektriline h\u00f6\u00f6vel TC-PL 750 on v\u00f5imekas k\u00e4sih\u00f6\u00f6vel kuni kahemillimeetrise laastupaksusega h\u00f6\u00f6veldamiseks.\" \/>\n<meta name=\"robots\" content=\"index, follow, max-snippet:-1, max-image-preview:large, max-video-preview:-1\" \/>\n<link rel=\"canonical\" href=\"https:\/\/espak.ee\/epood\/toode\/hoovel-einhell-tc-pl750\/\" \/>\n<meta property=\"og:locale\" content=\"et_EE\" \/>\n<meta property=\"og:type\" content=\"article\" \/>\n<meta property=\"og:title\" content=\"H\u00d6\u00d6VEL EINHELL TC-PL750 - Espak E-pood\" \/>\n<meta property=\"og:description\" content=\"Elektriline h\u00f6\u00f6vel TC-PL 750 on v\u00f5imekas k\u00e4sih\u00f6\u00f6vel kuni kahemillimeetrise laastupaksusega h\u00f6\u00f6veldamiseks.\" \/>\n<meta property=\"og:url\" content=\"https:\/\/espak.ee\/epood\/toode\/hoovel-einhell-tc-pl750\/\" \/>\n<meta property=\"og:site_name\" content=\"Espak E-pood\" \/>\n<meta property=\"article:modified_time\" content=\"2026-03-06T17:19:30+00:00\" \/>\n<meta property=\"og:image\" content=\"https:\/\/espak.ee\/epood\/wp-content\/uploads\/4345310_11016_001_TC_PL_750_RAL3002_Pic-1024x805.jpg\" \/>\n\t<meta property=\"og:image:width\" content=\"1024\" \/>\n\t<meta property=\"og:image:height\" content=\"805\" \/>\n\t<meta property=\"og:image:type\" content=\"image\/jpeg\" \/>\n<meta name=\"twitter:card\" content=\"summary_large_image\" \/>\n<meta name=\"twitter:label1\" content=\"Est. reading time\" \/>\n\t<meta name=\"twitter:data1\" content=\"1 minut\" \/>\n<script type=\"application\/ld+json\" class=\"yoast-schema-graph\">{\"@context\":\"https:\/\/schema.org\",\"@graph\":[{\"@type\":\"WebPage\",\"@id\":\"https:\/\/espak.ee\/epood\/toode\/hoovel-einhell-tc-pl750\/\",\"url\":\"https:\/\/espak.ee\/epood\/toode\/hoovel-einhell-tc-pl750\/\",\"name\":\"H\u00d6\u00d6VEL EINHELL TC-PL750 - Espak E-pood\",\"isPartOf\":{\"@id\":\"https:\/\/espak.ee\/epood\/#website\"},\"primaryImageOfPage\":{\"@id\":\"https:\/\/espak.ee\/epood\/toode\/hoovel-einhell-tc-pl750\/#primaryimage\"},\"image\":{\"@id\":\"https:\/\/espak.ee\/epood\/toode\/hoovel-einhell-tc-pl750\/#primaryimage\"},\"thumbnailUrl\":\"https:\/\/espak.ee\/epood\/wp-content\/uploads\/4345310_11016_001_TC_PL_750_RAL3002_Pic.jpg\",\"datePublished\":\"2020-04-18T01:20:48+00:00\",\"dateModified\":\"2026-03-06T17:19:30+00:00\",\"description\":\"Elektriline h\u00f6\u00f6vel TC-PL 750 on v\u00f5imekas k\u00e4sih\u00f6\u00f6vel kuni kahemillimeetrise laastupaksusega h\u00f6\u00f6veldamiseks.\",\"breadcrumb\":{\"@id\":\"https:\/\/espak.ee\/epood\/toode\/hoovel-einhell-tc-pl750\/#breadcrumb\"},\"inLanguage\":\"et\",\"potentialAction\":[{\"@type\":\"ReadAction\",\"target\":[\"https:\/\/espak.ee\/epood\/toode\/hoovel-einhell-tc-pl750\/\"]}]},{\"@type\":\"ImageObject\",\"inLanguage\":\"et\",\"@id\":\"https:\/\/espak.ee\/epood\/toode\/hoovel-einhell-tc-pl750\/#primaryimage\",\"url\":\"https:\/\/espak.ee\/epood\/wp-content\/uploads\/4345310_11016_001_TC_PL_750_RAL3002_Pic.jpg\",\"contentUrl\":\"https:\/\/espak.ee\/epood\/wp-content\/uploads\/4345310_11016_001_TC_PL_750_RAL3002_Pic.jpg\",\"width\":1772,\"height\":1393},{\"@type\":\"BreadcrumbList\",\"@id\":\"https:\/\/espak.ee\/epood\/toode\/hoovel-einhell-tc-pl750\/#breadcrumb\",\"itemListElement\":[{\"@type\":\"ListItem\",\"position\":1,\"name\":\"Home\",\"item\":\"https:\/\/espak.ee\/epood\/\"},{\"@type\":\"ListItem\",\"position\":2,\"name\":\"Tootevalik\",\"item\":\"https:\/\/espak.ee\/epood\/tootevalik\/\"},{\"@type\":\"ListItem\",\"position\":3,\"name\":\"H\u00d6\u00d6VEL EINHELL TC-PL750\"}]},{\"@type\":\"WebSite\",\"@id\":\"https:\/\/espak.ee\/epood\/#website\",\"url\":\"https:\/\/espak.ee\/epood\/\",\"name\":\"Espak E-pood\",\"description\":\"\",\"potentialAction\":[{\"@type\":\"SearchAction\",\"target\":{\"@type\":\"EntryPoint\",\"urlTemplate\":\"https:\/\/espak.ee\/epood\/?s={search_term_string}\"},\"query-input\":{\"@type\":\"PropertyValueSpecification\",\"valueRequired\":true,\"valueName\":\"search_term_string\"}}],\"inLanguage\":\"et\"}]}<\/script>\n<!-- \/ Yoast SEO plugin. -->","yoast_head_json":{"title":"H\u00d6\u00d6VEL EINHELL TC-PL750 - Espak E-pood","description":"Elektriline h\u00f6\u00f6vel TC-PL 750 on v\u00f5imekas k\u00e4sih\u00f6\u00f6vel kuni kahemillimeetrise laastupaksusega h\u00f6\u00f6veldamiseks.","robots":{"index":"index","follow":"follow","max-snippet":"max-snippet:-1","max-image-preview":"max-image-preview:large","max-video-preview":"max-video-preview:-1"},"canonical":"https:\/\/espak.ee\/epood\/toode\/hoovel-einhell-tc-pl750\/","og_locale":"et_EE","og_type":"article","og_title":"H\u00d6\u00d6VEL EINHELL TC-PL750 - Espak E-pood","og_description":"Elektriline h\u00f6\u00f6vel TC-PL 750 on v\u00f5imekas k\u00e4sih\u00f6\u00f6vel kuni kahemillimeetrise laastupaksusega h\u00f6\u00f6veldamiseks.","og_url":"https:\/\/espak.ee\/epood\/toode\/hoovel-einhell-tc-pl750\/","og_site_name":"Espak E-pood","article_modified_time":"2026-03-06T17:19:30+00:00","og_image":[{"width":1024,"height":805,"url":"https:\/\/espak.ee\/epood\/wp-content\/uploads\/4345310_11016_001_TC_PL_750_RAL3002_Pic-1024x805.jpg","type":"image\/jpeg"}],"twitter_card":"summary_large_image","twitter_misc":{"Est. reading time":"1 minut"},"schema":{"@context":"https:\/\/schema.org","@graph":[{"@type":"WebPage","@id":"https:\/\/espak.ee\/epood\/toode\/hoovel-einhell-tc-pl750\/","url":"https:\/\/espak.ee\/epood\/toode\/hoovel-einhell-tc-pl750\/","name":"H\u00d6\u00d6VEL EINHELL TC-PL750 - Espak E-pood","isPartOf":{"@id":"https:\/\/espak.ee\/epood\/#website"},"primaryImageOfPage":{"@id":"https:\/\/espak.ee\/epood\/toode\/hoovel-einhell-tc-pl750\/#primaryimage"},"image":{"@id":"https:\/\/espak.ee\/epood\/toode\/hoovel-einhell-tc-pl750\/#primaryimage"},"thumbnailUrl":"https:\/\/espak.ee\/epood\/wp-content\/uploads\/4345310_11016_001_TC_PL_750_RAL3002_Pic.jpg","datePublished":"2020-04-18T01:20:48+00:00","dateModified":"2026-03-06T17:19:30+00:00","description":"Elektriline h\u00f6\u00f6vel TC-PL 750 on v\u00f5imekas k\u00e4sih\u00f6\u00f6vel kuni kahemillimeetrise laastupaksusega h\u00f6\u00f6veldamiseks.","breadcrumb":{"@id":"https:\/\/espak.ee\/epood\/toode\/hoovel-einhell-tc-pl750\/#breadcrumb"},"inLanguage":"et","potentialAction":[{"@type":"ReadAction","target":["https:\/\/espak.ee\/epood\/toode\/hoovel-einhell-tc-pl750\/"]}]},{"@type":"ImageObject","inLanguage":"et","@id":"https:\/\/espak.ee\/epood\/toode\/hoovel-einhell-tc-pl750\/#primaryimage","url":"https:\/\/espak.ee\/epood\/wp-content\/uploads\/4345310_11016_001_TC_PL_750_RAL3002_Pic.jpg","contentUrl":"https:\/\/espak.ee\/epood\/wp-content\/uploads\/4345310_11016_001_TC_PL_750_RAL3002_Pic.jpg","width":1772,"height":1393},{"@type":"BreadcrumbList","@id":"https:\/\/espak.ee\/epood\/toode\/hoovel-einhell-tc-pl750\/#breadcrumb","itemListElement":[{"@type":"ListItem","position":1,"name":"Home","item":"https:\/\/espak.ee\/epood\/"},{"@type":"ListItem","position":2,"name":"Tootevalik","item":"https:\/\/espak.ee\/epood\/tootevalik\/"},{"@type":"ListItem","position":3,"name":"H\u00d6\u00d6VEL EINHELL TC-PL750"}]},{"@type":"WebSite","@id":"https:\/\/espak.ee\/epood\/#website","url":"https:\/\/espak.ee\/epood\/","name":"Espak E-pood","description":"","potentialAction":[{"@type":"SearchAction","target":{"@type":"EntryPoint","urlTemplate":"https:\/\/espak.ee\/epood\/?s={search_term_string}"},"query-input":{"@type":"PropertyValueSpecification","valueRequired":true,"valueName":"search_term_string"}}],"inLanguage":"et"}]}},"_links":{"self":[{"href":"https:\/\/espak.ee\/epood\/wp-json\/wp\/v2\/product\/21614","targetHints":{"allow":["GET"]}}],"collection":[{"href":"https:\/\/espak.ee\/epood\/wp-json\/wp\/v2\/product"}],"about":[{"href":"https:\/\/espak.ee\/epood\/wp-json\/wp\/v2\/types\/product"}],"replies":[{"embeddable":true,"href":"https:\/\/espak.ee\/epood\/wp-json\/wp\/v2\/comments?post=21614"}],"wp:featuredmedia":[{"embeddable":true,"href":"https:\/\/espak.ee\/epood\/wp-json\/wp\/v2\/media\/32522"}],"wp:attachment":[{"href":"https:\/\/espak.ee\/epood\/wp-json\/wp\/v2\/media?parent=21614"}],"wp:term":[{"taxonomy":"product_brand","embeddable":true,"href":"https:\/\/espak.ee\/epood\/wp-json\/wp\/v2\/product_brand?post=21614"},{"taxonomy":"product_cat","embeddable":true,"href":"https:\/\/espak.ee\/epood\/wp-json\/wp\/v2\/product_cat?post=21614"},{"taxonomy":"product_tag","embeddable":true,"href":"https:\/\/espak.ee\/epood\/wp-json\/wp\/v2\/product_tag?post=21614"}],"curies":[{"name":"wp","href":"https:\/\/api.w.org\/{rel}","templated":true}]}}